{"id":1015,"date":"2021-06-07T07:18:56","date_gmt":"2021-06-07T07:18:56","guid":{"rendered":"https:\/\/aecom.com\/fr-ca\/about-us\/our-purpose\/"},"modified":"2025-06-26T13:54:13","modified_gmt":"2025-06-26T13:54:13","slug":"our-purpose","status":"publish","type":"page","link":"https:\/\/aecom.com\/fr-ca\/about-us\/our-purpose\/","title":{"rendered":"Nos valeurs"},"content":{"rendered":"\n<h1 class=\"wp-block-heading\">Notre objectif\u202f: offrir un monde meilleur.\u00a0<\/h1>\n\n\n\n<div class=\"aecom-custom-block block-intro-text\" style=\"margin-top: 0px; margin-bottom: 40px\">\n    <p class=\"editor-emphasized\">\n        Notre vision est un monde o\u00f9 l\u2019infrastructure cr\u00e9e des occasions pour tous. Nous faisons appel aux meilleurs talents, aux meilleures id\u00e9es et aux meilleures expertises techniques pour transformer les ambitions de nos clients en projets tangibles. <br \/>\r\n<br \/>\r\nNos valeurs d\u00e9finissent qui nous sommes, comment nous agissons et ce \u00e0 quoi nous aspirons\u202f:     <\/p>\n<\/div>\n\n\n<h3 class=\"wp-block-heading has-medium-font-size\"><strong><strong>S\u00e9curit\u00e9, \u00e9thique et qualit\u00e9 avant tout<\/strong>\u00a0<\/strong><\/h3>\n\n\n\n<p>Nous agissons de mani\u00e8re \u00e9thique et int\u00e8gre, en nous engageant \u00e0 garantir la s\u00e9curit\u00e9, la s\u00fbret\u00e9 et la qualit\u00e9 dans toutes nos activit\u00e9s.\u00a0<\/p>\n\n\n\n<h3 class=\"wp-block-heading has-medium-font-size\"><strong><strong>Collaborer pour gagner<\/strong>\u00a0<\/strong><\/h3>\n\n\n\n<p>Nous combinons des expertises in\u00e9gal\u00e9es de partout dans le monde afin de pr\u00e9voir et de r\u00e9soudre les probl\u00e8mes les plus pressants de nos clients pour parvenir \u00e0 une r\u00e9ussite commune.\u00a0<\/p>\n\n\n\n<h3 class=\"wp-block-heading has-medium-font-size\"><strong><strong>Innover pour avoir un impact<\/strong>\u00a0<\/strong><\/h3>\n\n\n\n<p>Nous adoptons de nouvelles id\u00e9es et \u00e9laborons des solutions innovantes qui g\u00e9n\u00e8rent une grande valeur pour nos clients, nos collectivit\u00e9s et nos employ\u00e9s.\u00a0<\/p>\n\n\n\n<h3 class=\"wp-block-heading has-medium-font-size\"><strong><strong>Offrir l\u2019excellence<\/strong>\u00a0<\/strong><\/h3>\n\n\n\n<p>Nous d\u00e9veloppons nos activit\u00e9s en mettant constamment l\u2019accent sur nos clients, en faisant preuve d\u2019excellence op\u00e9rationnelle et technique et en proc\u00e9dant \u00e0 une ex\u00e9cution sans faille.\u00a0<\/p>\n\n\n\n<h3 class=\"wp-block-heading has-medium-font-size\"><strong><strong>Pr\u00e9server notre monde<\/strong>\u00a0<\/strong><\/h3>\n\n\n\n<p>Nous prenons des mesures pour avoir un effet b\u00e9n\u00e9fique sur la plan\u00e8te, enrichir les collectivit\u00e9s dans lesquelles nous travaillons et b\u00e2tir un h\u00e9ritage pour les g\u00e9n\u00e9rations \u00e0 venir.\u00a0<\/p>\n\n\n\n<h3 class=\"wp-block-heading has-medium-font-size\"><strong><strong>Prosp\u00e9rer ensemble<\/strong>\u00a0<\/strong><\/h3>\n\n\n\n<p>Nous cr\u00e9ons un lieu de travail accueillant, favorisons l\u2019engagement et le soutien des \u00e9quipes et fournissons des occasions \u00e0 tous nos collaborateurs de parvenir \u00e0 leur plein potentiel.\u00a0<\/p>\n\n\n\n<div style=\"height:24px\" aria-hidden=\"true\" class=\"wp-block-spacer\"><\/div>\n","protected":false},"excerpt":{"rendered":"<p>Notre objectif\u202f: offrir un monde meilleur.\u00a0 S\u00e9curit\u00e9, \u00e9thique et qualit\u00e9 avant tout\u00a0 Nous agissons de mani\u00e8re \u00e9thique et int\u00e8gre, en nous engageant \u00e0 garantir la s\u00e9curit\u00e9, la s\u00fbret\u00e9 et la qualit\u00e9 dans toutes nos activit\u00e9s.\u00a0 Collaborer pour gagner\u00a0 Nous combinons des expertises in\u00e9gal\u00e9es de partout dans le monde afin de pr\u00e9voir et de r\u00e9soudre les&#8230;<\/p>\n","protected":false},"author":420,"featured_media":1147,"parent":878,"menu_order":0,"comment_status":"closed","ping_status":"closed","template":"","meta":{"_acf_changed":false,"footnotes":""},"yst_prominent_words":[],"class_list":["post-1015","page","type-page","status-publish","has-post-thumbnail","hentry"],"acf":[],"_links":{"self":[{"href":"https:\/\/aecom.com\/fr-ca\/wp-json\/wp\/v2\/pages\/1015","targetHints":{"allow":["GET"]}}],"collection":[{"href":"https:\/\/aecom.com\/fr-ca\/wp-json\/wp\/v2\/pages"}],"about":[{"href":"https:\/\/aecom.com\/fr-ca\/wp-json\/wp\/v2\/types\/page"}],"author":[{"embeddable":true,"href":"https:\/\/aecom.com\/fr-ca\/wp-json\/wp\/v2\/users\/420"}],"replies":[{"embeddable":true,"href":"https:\/\/aecom.com\/fr-ca\/wp-json\/wp\/v2\/comments?post=1015"}],"version-history":[{"count":2,"href":"https:\/\/aecom.com\/fr-ca\/wp-json\/wp\/v2\/pages\/1015\/revisions"}],"predecessor-version":[{"id":7438,"href":"https:\/\/aecom.com\/fr-ca\/wp-json\/wp\/v2\/pages\/1015\/revisions\/7438"}],"up":[{"embeddable":true,"href":"https:\/\/aecom.com\/fr-ca\/wp-json\/wp\/v2\/pages\/878"}],"wp:featuredmedia":[{"embeddable":true,"href":"https:\/\/aecom.com\/fr-ca\/wp-json\/wp\/v2\/media\/1147"}],"wp:attachment":[{"href":"https:\/\/aecom.com\/fr-ca\/wp-json\/wp\/v2\/media?parent=1015"}],"wp:term":[{"taxonomy":"yst_prominent_words","embeddable":true,"href":"https:\/\/aecom.com\/fr-ca\/wp-json\/wp\/v2\/yst_prominent_words?post=1015"}],"curies":[{"name":"wp","href":"https:\/\/api.w.org\/{rel}","templated":true}]}}