{"id":1021,"date":"2023-07-06T13:23:33","date_gmt":"2023-07-06T13:23:33","guid":{"rendered":"https:\/\/aecom.com\/fr-ca\/sustainability\/"},"modified":"2024-08-07T15:12:58","modified_gmt":"2024-08-07T15:12:58","slug":"sustainability","status":"publish","type":"page","link":"https:\/\/aecom.com\/fr-ca\/about-us\/sustainability\/","title":{"rendered":"H\u00e9ritage durable"},"content":{"rendered":"\n<div class=\"aecom-custom-block block-intro-text\" style=\"margin-top: 0px; margin-bottom: 40px\">\n    <p class=\"editor-emphasized\">\n        Nous laissons tous un h\u00e9ritage. Quel sera le v\u00f4tre? Avec nos clients et partenaires, nous avons un objectif : g\u00e9n\u00e9rer des retomb\u00e9es positives et durables pour les collectivit\u00e9s et la plan\u00e8te. Nous y parvenons par l\u2019entremise de notre strat\u00e9gie H\u00e9ritage durable, notre strat\u00e9gie d\u2019ESG et nos services.    <\/p>\n<\/div>\n\n\n<h2 class=\"wp-block-heading\"><strong><strong>Il est temps de changer notre fa\u00e7on de faire des affaires<\/strong><\/strong>&nbsp;<\/h2>\n\n\n\n<p>Notre \u00e9quipe est l\u00e0 pour vous aider \u00e0 laisser votre propre h\u00e9ritage durable. D\u00e9couvrez les services et les produits que nous proposons afin de vous \u00e9pauler pour atteindre vos objectifs en mati\u00e8re d\u2019ESG.<\/p>\n\n\n\n<p>Notre \u00e9quipe de services-conseils en ESG aide les dirigeants \u00e0 \u00e9valuer les risques environnementaux et sociaux auxquels leur organisation est confront\u00e9e, puis \u00e9labore des strat\u00e9gies et des actions pour y rem\u00e9dier. Pour les mettre en \u0153uvre, nos services-conseils sont accompagn\u00e9s d\u2019une s\u00e9rie de services techniques.<\/p>\n\n\n\n<p>Ensemble, nous y arriverons!<\/p>\n\n\n\n<h2 class=\"wp-block-heading\"><strong><strong><strong>Comment nous offrons un monde meilleur<\/strong><\/strong><\/strong><\/h2>\n\n\n\n<p>Dans le cadre de notre strat\u00e9gie H\u00e9ritage durable, nous avons pris des engagements solides et concrets en mati\u00e8re d\u2019ESG. Cette feuille de route nous permettra d\u2019atteindre notre objectif d\u2019offrir un monde meilleur.<\/p>\n\n\n\n<h3 class=\"wp-block-heading\"><strong><strong>Notre strat\u00e9gie s\u2019articule autour de quatre piliers&nbsp;:<\/strong><\/strong><\/h3>\n\n\n\n<div class=\"aecom-custom-block block-facts\"\n    style=\"margin-top: 0px; margin-bottom: 40px\">\n\n        <ul class=\"list-style-check\">\n                    <li>\n                                    Int\u00e9grer le d\u00e9veloppement durable et la r\u00e9silience dans l\u2019ensemble de nos activit\u00e9s                            <\/li>\n                    <li>\n                                    Am\u00e9liorer les retomb\u00e9es sociales                            <\/li>\n                    <li>\n                                    Atteindre la carboneutralit\u00e9                            <\/li>\n                    <li>\n                                    Am\u00e9liorer la gouvernance                            <\/li>\n            <\/ul>\n<\/div>\n\n\n<h2 class=\"wp-block-heading\"><strong>Nos services d\u2019ESG<\/strong>&nbsp;<\/h2>\n\n\n\n<p>Il est plus important que jamais que les organisations prennent des engagements environnementaux, sociaux et de gouvernance (ESG) ainsi que des mesures pour offrir un monde meilleur. Nous sommes l\u00e0 pour vous accompagner \u00e0 chaque \u00e9tape, du concept \u00e0 l\u2019ex\u00e9cution en passant par la conception.&nbsp;<\/p>\n\n\n\n<h3 class=\"wp-block-heading\">D\u00e9couvrez comment nous pouvons aider votre organisation \u00e0 r\u00e9aliser des changements importants :<\/h3>\n\n\n\n<div class=\"aecom-custom-block block-facts\"\n    style=\"margin-top: 0px; margin-bottom: 40px\">\n\n        <ul class=\"list-style-check\">\n                    <li>\n                                    R\u00e9silience et adaptation au changement climatique                             <\/li>\n                    <li>\n                                    Services-conseils en ESG                             <\/li>\n                    <li>\n                                    Consultation des Autochtones                             <\/li>\n                    <li>\n                                    Solutions bas\u00e9es sur la nature                             <\/li>\n                    <li>\n                                    Carboneutralit\u00e9 et d\u00e9carbonisation                             <\/li>\n                    <li>\n                                    \u00c9nergies renouvelables et transition \u00e9nerg\u00e9tique                             <\/li>\n                    <li>\n                                    Valeur sociale, \u00e9quit\u00e9 et justice environnementale                             <\/li>\n                    <li>\n                                    Durabilit\u00e9 et \u00e9conomie circulaire                            <\/li>\n            <\/ul>\n<\/div>\n\n\n    <div class=\"aecom-custom-block block-cta-button\" >\n        <a href=\"https:\/\/aecom.com\/fr-ca\/sustainable-legacies-ca\/\" class=\"aecom-default-cta aecom-global-cta-e-green-transparent aecom-global-cta-sml aecom-global-cta-bold aecom-global-cta aecom-global-cta-bold\" target=\"_blank\" >En savoir plus <svg data-name=\"Layer 1\" xmlns=\"http:\/\/www.w3.org\/2000\/svg\" viewBox=\"0 0 31.4 29.8\"><g data-name=\"Group 31\"><g data-name=\"Group 30\"><g data-name=\"Group 29\"><path data-name=\"Path 49\" d=\"M31.4 14.1h-3.1a12.6 12.6 0 0 1-25.2 0H0a15.7 15.7 0 1 0 31.4 0m-15.7 7 7.4-7.4-2.2-2.2-3.6 3.6V0h-3.1v15l-3.6-3.6-2.2 2.2 7.4 7.4Z\" fill=\"currentColor\"\/><\/g><\/g><\/g><\/svg><\/a>\n    <\/div>\n","protected":false},"excerpt":{"rendered":"<p>Il est temps de changer notre fa\u00e7on de faire des affaires&nbsp; Notre \u00e9quipe est l\u00e0 pour vous aider \u00e0 laisser votre propre h\u00e9ritage durable. D\u00e9couvrez les services et les produits que nous proposons afin de vous \u00e9pauler pour atteindre vos objectifs en mati\u00e8re d\u2019ESG. Notre \u00e9quipe de services-conseils en ESG aide les dirigeants \u00e0 \u00e9valuer&#8230;<\/p>\n","protected":false},"author":558,"featured_media":5534,"parent":878,"menu_order":1,"comment_status":"closed","ping_status":"closed","template":"","meta":{"_acf_changed":false,"footnotes":""},"yst_prominent_words":[],"class_list":["post-1021","page","type-page","status-publish","has-post-thumbnail","hentry"],"acf":[],"_links":{"self":[{"href":"https:\/\/aecom.com\/fr-ca\/wp-json\/wp\/v2\/pages\/1021","targetHints":{"allow":["GET"]}}],"collection":[{"href":"https:\/\/aecom.com\/fr-ca\/wp-json\/wp\/v2\/pages"}],"about":[{"href":"https:\/\/aecom.com\/fr-ca\/wp-json\/wp\/v2\/types\/page"}],"author":[{"embeddable":true,"href":"https:\/\/aecom.com\/fr-ca\/wp-json\/wp\/v2\/users\/558"}],"replies":[{"embeddable":true,"href":"https:\/\/aecom.com\/fr-ca\/wp-json\/wp\/v2\/comments?post=1021"}],"version-history":[{"count":3,"href":"https:\/\/aecom.com\/fr-ca\/wp-json\/wp\/v2\/pages\/1021\/revisions"}],"predecessor-version":[{"id":6008,"href":"https:\/\/aecom.com\/fr-ca\/wp-json\/wp\/v2\/pages\/1021\/revisions\/6008"}],"up":[{"embeddable":true,"href":"https:\/\/aecom.com\/fr-ca\/wp-json\/wp\/v2\/pages\/878"}],"wp:featuredmedia":[{"embeddable":true,"href":"https:\/\/aecom.com\/fr-ca\/wp-json\/wp\/v2\/media\/5534"}],"wp:attachment":[{"href":"https:\/\/aecom.com\/fr-ca\/wp-json\/wp\/v2\/media?parent=1021"}],"wp:term":[{"taxonomy":"yst_prominent_words","embeddable":true,"href":"https:\/\/aecom.com\/fr-ca\/wp-json\/wp\/v2\/yst_prominent_words?post=1021"}],"curies":[{"name":"wp","href":"https:\/\/api.w.org\/{rel}","templated":true}]}}