{"id":1046,"date":"2015-08-10T14:55:24","date_gmt":"2015-08-10T14:55:24","guid":{"rendered":"https:\/\/aecom.com\/fr-ca\/about-us\/ethics\/"},"modified":"2025-12-12T21:36:36","modified_gmt":"2025-12-12T21:36:36","slug":"ethics","status":"publish","type":"page","link":"https:\/\/aecom.com\/fr-ca\/about-us\/ethics\/","title":{"rendered":"\u00c9thique et conformit\u00e9"},"content":{"rendered":"\n<div class=\"aecom-custom-block block-intro-text\" style=\"margin-top: 0px; margin-bottom: 40px\">\n    <p class=\"editor-emphasized\">\n        AECOM s&#8217;engage \u00e0 faire preuve d&#8217;int\u00e9grit\u00e9 et \u00e0 respecter les normes les plus \u00e9lev\u00e9es en mati\u00e8re d&#8217;\u00e9thique et de conformit\u00e9 tout en offrant l&#8217;excellence \u00e0 ses clients. Notre approche face au comportement \u00e9thique et \u00e0 la conformit\u00e9 aux lois et aux r\u00e8glements est reconnue par nos clients et par d&#8217;autres personnes partout dans le monde.    <\/p>\n<\/div>\n\n\n<p>Nous nous engageons \u00e0 adopter des pratiques d&#8217;affaires int\u00e8gres et \u00e9thiques tout en continuant de m\u00e9riter la confiance de nos clients en proposant un service \u00e0 la client\u00e8le exceptionnel et en prenant des d\u00e9cisions \u00e9thiques dans toutes les situations. L&#8217;int\u00e9grit\u00e9 est guid\u00e9e par le <a href=\"https:\/\/aecom.com\/wp-content\/uploads\/documents\/policies\/canada\/Aecom_Code_of_Conduct_FRENCH.pdf\" data-type=\"URL\" data-id=\"https:\/\/aecom.com\/wp-content\/uploads\/documents\/policies\/canada\/Aecom_Code_of_Conduct_FRENCH.pdf\" target=\"_blank\" rel=\"noreferrer noopener\">code de conduite<\/a>, qui dicte les directives juridiques de base \u00e0 respecter, ainsi que les principes \u00e9thiques g\u00e9n\u00e9raux qui aideront \u00e0 prendre les bonnes d\u00e9cisions en faisant des affaires partout dans le monde.<\/p>\n\n\n\n<h2 class=\"wp-block-heading\">Notre Programme<\/h2>\n\n\n\n<p>Le programme d&#8217;\u00e9thique et de conformit\u00e9 d&#8217;AECOM est un \u00e9l\u00e9ment essentiel et une partie int\u00e9grante de la culture de l&#8217;entreprise. Il regroupe les \u00e9l\u00e9ments cl\u00e9s des pratiques d\u2019excellence en mati\u00e8re de conformit\u00e9 et d&#8217;\u00e9thique : donner le ton; politiques et proc\u00e9dures; formation; assurance.<\/p>\n\n\n\n<h2 class=\"wp-block-heading\"><strong>Formation<\/strong><\/h2>\n\n\n\n<p>La formation en ligne obligatoire selon le code de conduite d&#8217;AECOM est offerte en 15 langues. De plus, les employ\u00e9s re\u00e7oivent une formation sur les domaines en pleine \u00e9volution de la conformit\u00e9, comme les lois anti-corruption, sur une base r\u00e9guli\u00e8re. Les courtes vid\u00e9os de formation, les webinaires et les s\u00e9ances de formation en personne sont des fa\u00e7ons importantes d&#8217;atteindre le plus grand nombre d&#8217;employ\u00e9s possible. Les pages de l&#8217;intranet sur l&#8217;\u00e9thique et la conformit\u00e9 contiennent des consignes pratiques sous forme de r\u00e9sum\u00e9s simples, de documents avec questions et r\u00e9ponses et de sc\u00e9narios abordant une vaste gamme de sujets.<\/p>\n\n\n\n<h2 class=\"wp-block-heading\"><strong>Ligne d\u2019assistance<\/strong><\/h2>\n\n\n\n<p>AECOM offre une ligne d\u2019assistance en diff\u00e9rentes langues accessible en tout temps \u00e0 tous les employ\u00e9s, entrepreneurs et tiers. Tous les appels et courriels, pouvant \u00eatre effectu\u00e9s de fa\u00e7on anonyme, sont examin\u00e9s attentivement et trait\u00e9s. AECOM ne tol\u00e8re aucun acte de repr\u00e9sailles contre toute personne qui signale de bonne foi une violation possible ou qui participe \u00e0 une enqu\u00eate sur un possible acte r\u00e9pr\u00e9hensible.<\/p>\n\n\n\n<h2 class=\"wp-block-heading\"><strong>Gouvernance<\/strong><\/h2>\n\n\n\n<p>Le programme d&#8217;audit d&#8217;AECOM \u00e0 large port\u00e9e adopte une approche bas\u00e9e sur les risques afin d&#8217;effectuer r\u00e9guli\u00e8rement le contr\u00f4le de la qualit\u00e9 et que les r\u00e9sultats soient transmis \u00e0 la direction. L&#8217;\u00e9quipe de membres de la direction d&#8217;AECOM s&#8217;entretiennent r\u00e9guli\u00e8rement et directement avec tous les employ\u00e9s d&#8217;AECOM dans le monde sur l&#8217;importance de l&#8217;int\u00e9grit\u00e9. De plus, les responsables d&#8217;AECOM discutent r\u00e9guli\u00e8rement de questions d&#8217;\u00e9thique avec leurs employ\u00e9s. Chaque emplacement g\u00e9ographique et secteur d\u2019affaires poss\u00e8de un comit\u00e9 d&#8217;\u00e9thique et de conformit\u00e9 pr\u00e9sid\u00e9 par le chef de cette entreprise qui se rapporte chaque trimestre au comit\u00e9 mondial d&#8217;\u00e9thique et de conformit\u00e9 \u00e0 propos de situations pertinentes.<\/p>\n","protected":false},"excerpt":{"rendered":"<p>Nous nous engageons \u00e0 adopter des pratiques d&#8217;affaires int\u00e8gres et \u00e9thiques tout en continuant de m\u00e9riter la confiance de nos clients en proposant un service \u00e0 la client\u00e8le exceptionnel et en prenant des d\u00e9cisions \u00e9thiques dans toutes les situations. L&#8217;int\u00e9grit\u00e9 est guid\u00e9e par le code de conduite, qui dicte les directives juridiques de base \u00e0&#8230;<\/p>\n","protected":false},"author":10,"featured_media":8214,"parent":878,"menu_order":1,"comment_status":"closed","ping_status":"closed","template":"","meta":{"_acf_changed":false,"footnotes":""},"yst_prominent_words":[],"class_list":["post-1046","page","type-page","status-publish","has-post-thumbnail","hentry"],"acf":[],"_links":{"self":[{"href":"https:\/\/aecom.com\/fr-ca\/wp-json\/wp\/v2\/pages\/1046","targetHints":{"allow":["GET"]}}],"collection":[{"href":"https:\/\/aecom.com\/fr-ca\/wp-json\/wp\/v2\/pages"}],"about":[{"href":"https:\/\/aecom.com\/fr-ca\/wp-json\/wp\/v2\/types\/page"}],"author":[{"embeddable":true,"href":"https:\/\/aecom.com\/fr-ca\/wp-json\/wp\/v2\/users\/10"}],"replies":[{"embeddable":true,"href":"https:\/\/aecom.com\/fr-ca\/wp-json\/wp\/v2\/comments?post=1046"}],"version-history":[{"count":4,"href":"https:\/\/aecom.com\/fr-ca\/wp-json\/wp\/v2\/pages\/1046\/revisions"}],"predecessor-version":[{"id":8215,"href":"https:\/\/aecom.com\/fr-ca\/wp-json\/wp\/v2\/pages\/1046\/revisions\/8215"}],"up":[{"embeddable":true,"href":"https:\/\/aecom.com\/fr-ca\/wp-json\/wp\/v2\/pages\/878"}],"wp:featuredmedia":[{"embeddable":true,"href":"https:\/\/aecom.com\/fr-ca\/wp-json\/wp\/v2\/media\/8214"}],"wp:attachment":[{"href":"https:\/\/aecom.com\/fr-ca\/wp-json\/wp\/v2\/media?parent=1046"}],"wp:term":[{"taxonomy":"yst_prominent_words","embeddable":true,"href":"https:\/\/aecom.com\/fr-ca\/wp-json\/wp\/v2\/yst_prominent_words?post=1046"}],"curies":[{"name":"wp","href":"https:\/\/api.w.org\/{rel}","templated":true}]}}