{"id":1924,"date":"2022-03-22T03:30:37","date_gmt":"2022-03-22T03:30:37","guid":{"rendered":"https:\/\/aecom.com\/fr-ca\/careers\/"},"modified":"2026-03-23T15:27:44","modified_gmt":"2026-03-23T15:27:44","slug":"careers","status":"publish","type":"page","link":"https:\/\/aecom.com\/fr-ca\/careers\/","title":{"rendered":"Carri\u00e8res"},"content":{"rendered":"\n    <div class=\"aecom-custom-block careers-header my-0\" style=\"background-color: #00353e; margin-top: 0px; margin-bottom: 40px;\">\n    <div class=\"careers-header-content\">\n                    <div id=\"careers-video-bg\" style=\"opacity: 70%;\">\n            <div class=\"video-bg-overlay\"><\/div>\n            <script charset=\"ISO-8859-1\" src=\"\/\/fast.wistia.com\/assets\/external\/E-v1.js\" async><\/script>\n            <div class=\"wistia_embed wistia_async_sn3txn1dxs \" videoFoam=\"true\">&nbsp;<\/div>\n            <script>\n                window._wq = window._wq || [];\n                \n                _wq.push({ \n                    id: \"sn3txn1dxs\", onReady: function(video) {\n                        vidContainer = document.getElementById(\"careers-video-bg\");\n\n                        video.height(vidContainer.offsetHeight)\n                        video.play();\n                        video.bind(\"end\", function() {\n                            video.play();\n                        });\n                    },\n                    options: {\n                        controlsVisibleOnLoad: false,\n                        settingsControl: false,\n                        playButton: false,\n                        fitStrategy: 'cover',\n                        playbar: false,\n                        videoFoam: true,\n                        muted: true\n                    }\n                });\n            <\/script>\n        <\/div>\n                    <div class=\"row no-gutters header-container\">\n                <div class=\"col careers-title\">\n                    <div class=\"header-title\">\n                        <p class=\"careers-sub-title\">Carri\u00e8res<\/p>\n                        <h1>Travaillez avec nous. Changez le monde.<\/h1>\n                    <\/div>\n                                            <div class=\"header-content\">\n                            <p>Nous croyons que les infrastructures ont le pouvoir d\u2019aider les gens et les collectivit\u00e9s.<\/p>\n                        <\/div>\n                                        <div class=\"cta-container\">\n\n                        <!-- add condition here -->\n                                                    <div class=\"cta-button-container\">\n                                <a href=\"https:\/\/canada-fr.aecom.jobs\/locations\/quebec\/jobs\/\" class=\"aecom-global-cta aecom-global-cta-sml aecom-global-cta-bold aecom-global-cta-e-green-transparent\">Postuler<\/a>\n                            <\/div>\n                        \n                        <!-- add condition here -->\n                                                    <div class=\"cta-button-container wistia-play\">\n                                <script src=\"https:\/\/fast.wistia.com\/embed\/medias\/88uts6stpb.jsonp\" async><\/script><script src=\"https:\/\/fast.wistia.com\/assets\/external\/E-v1.js\" async><\/script><span class=\"wistia_embed wistia_async_88uts6stpb popover=true popoverContent=link\" style=\"display:inline;position:relative\"><a href=\"#\" class=\"aecom-global-cta aecom-global-cta-sml aecom-global-cta-bold d-none d-lg-block aecom-global-cta-e-green-transparent\">Regarder<\/a><a class=\"cta-button-play-mobile d-block d-sm-block d-md-block d-lg-none\" href=\"#\"><svg xmlns=\"http:\/\/www.w3.org\/2000\/svg\" width=\"29.919\" height=\"28.82\" viewBox=\"0 0 29.919 28.82\"><g id=\"Polygon_1\" data-name=\"Polygon 1\" transform=\"translate(0 11.5) rotate(-30)\" fill=\"none\"><path d=\"M11.5,0,23,20H0Z\" stroke=\"none\"\/><path d=\"M 11.5 4.012261390686035 L 3.457050323486328 18 L 19.54294967651367 18 L 11.5 4.012261390686035 M 11.5 0 L 23 20 L 0 20 L 11.5 0 Z\" stroke=\"none\" fill=\"#008768\"\/><\/g><\/svg><\/a><\/span>\n                            <\/div>\n                        \n\n                    <\/div>\n                    \n                <\/div>\n            <\/div>\n        <\/div>\n    <\/div>\n\n\n<div class=\"aecom-custom-block link-column-block my-0 careers-links-block-container link-block-midnight-teal\" style=\"margin-top: 0px; margin-bottom: 40px\">\n    <div class=\"row no-gutters h-100\">\n        \n                <div class=\"col-sm-12 col-md-12 col-lg-4 careers-link-block\">\n                    <div class=\"link-block-title\">\n                        <h3>Occasions de carri\u00e8re<\/h3>\n                    <\/div>\n                    <div class=\"link-block-content\">\n                        <p>Trouvez votre prochain d\u00e9fi professionnel et apprenez-en plus sur notre processus d&#8217;embauche.<\/p>\n                    <\/div>\n                    <div class=\"link-block-cta\">\n                        <a href=\"https:\/\/canada-fr.aecom.jobs\/locations\/quebec\/jobs\/\" target=\"_blank\" class=\"aecom-global-cta aecom-global-cta-sml aecom-global-cta-bold button-outline\">Rejoindre notre \u00e9quipe<\/a>\n                    <\/div>\n                <\/div>\n\n        \n                <div class=\"col-sm-12 col-md-12 col-lg-4 careers-link-block\">\n                    <div class=\"link-block-title\">\n                        <h3>Joignez-vous au r\u00e9seau de talents<\/h3>\n                    <\/div>\n                    <div class=\"link-block-content\">\n                        <p>Recevez des notifications sur les postes vacants qui correspondent \u00e0 vos champs d\u2019int\u00e9r\u00eat et d\u00e9couvrez les avantages de travailler avec nous.<\/p>\n                    <\/div>\n                    <div class=\"link-block-cta\">\n                        <a href=\"https:\/\/smrtr.io\/mBL3r\" target=\"_blank\" class=\"aecom-global-cta aecom-global-cta-sml aecom-global-cta-bold button-outline\">Inscrivez-vous<\/a>\n                    <\/div>\n                <\/div>\n\n        \n                <div class=\"col-sm-12 col-md-12 col-lg-4 careers-link-block\">\n                    <div class=\"link-block-title\">\n                        <h3>H\u00e9ritage durable<\/h3>\n                    <\/div>\n                    <div class=\"link-block-content\">\n                        <p>Ensemble, nous parviendrons \u00e0 la carboneutralit\u00e9, nous am\u00e9liorerons les retomb\u00e9es sociales pour nos clients et nos communaut\u00e9s, et nous favoriserons une culture d\u2019inclusion et de respect. <\/p>\n                    <\/div>\n                    <div class=\"link-block-cta\">\n                        <a href=\"\/fr-ca\/sustainable-legacies-ca\/\"  class=\"aecom-global-cta aecom-global-cta-sml aecom-global-cta-bold button-outline\">En savoir plus<\/a>\n                    <\/div>\n                <\/div>\n\n            <\/div>\n<\/div>\n\n        <div class=\"full-width-media theme-white layout-one-half my-0 media-stacked\"\n            style=\"margin-top: 0px; margin-bottom: 40px\">\n                <div\n            class=\"row no-gutters flex-sm-wrap \">\n            <div\n                class=\"col-lg-6 col-sm-12 col-md-12 media-text-content\">\n                <div class=\"media-text-content-wrapper\">\n                    <div class=\"media-text-title\">\n                                                                                                    <h2>Commencez ici. Progressez ici.<\/h2>\n                                                                    <\/div>\n                    <div class=\"media-text-text\">\n                        <p><p>Des modalit\u00e9s de travail flexibles qui vous aident \u00e0 concilier les exigences du travail et de la vie personnelle, aux programmes d\u2019apprentissage et de croissance qui favorisent l\u2019avancement de votre carri\u00e8re, en passant par la possibilit\u00e9 de participer \u00e0 des projets \u00e0 travers le monde, les possibilit\u00e9s qui s\u2019offrent \u00e0 vous sont quasi illimit\u00e9es. En travaillant au sein d\u2019une communaut\u00e9 internationale d\u2019experts techniques et de professionnels, vous pourrez forger des relations qui favoriseront votre \u00e9panouissement et un cheminement professionnel qui correspond \u00e0 vos objectifs.<\/p>\n<\/p>\n                    <\/div>\n                                    <\/div>\n            <\/div>\n                            <div class=\"col-lg-6 col-md-12 col-sm-12 media-image-container\"\n                    style=\"background-color: #000;\">\n                    <div class=\"media-image\"\n                        style=\"background-image: url('https:\/\/aecom.com\/fr-ca\/wp-content\/uploads\/2023\/08\/AdobeStock_482859640.jpg');opacity: 100%;\">\n                    <\/div>\n                <\/div>\n                                <\/div>\n    <\/div>\n\n\n\n\n\n<div class=\"aecom-custom-block block-full-width-banner my-0 full-width-banner-container\" style=\"background-color: #00353e;margin-top: 0px; margin-bottom: 40px;\">\n  <div class=\"full-width-banner\" style=\"background-image: url('https:\/\/aecom.com\/fr-ca\/wp-content\/uploads\/2023\/09\/Rectangle-370.jpg'); opacity: 30%;\">\n\n  <\/div>\n  <section class=\"banner-content\">\n    <div class=\"text-content\">\n            <h3>Donnez vie \u00e0 vos id\u00e9es audacieuses et \u00e0 vos grands r\u00eaves.<\/h3>\n      <p>Mettez \u00e0 profit votre expertise, vos comp\u00e9tences et votre perspective unique pour nous aider \u00e0 relever les plus grands d\u00e9fis de nos clients. Vous ferez partie d\u2019une \u00e9quipe internationale comptant pr\u00e8s de 50 000 planificateurs, concepteurs, ing\u00e9nieurs, scientifiques, gestionnaires de programmes et de construction exp\u00e9riment\u00e9s, ainsi que d\u2019autres professionnels travaillant sur des projets dans les secteurs du transport, des b\u00e2timents, de l\u2019eau, des nouvelles \u00e9nergies et de l\u2019environnement. (Vid\u00e9o de contenu mondial, en anglais seulement)<\/p>\n    <\/div>\n    <div class=\"cta-container\">\n      <div class=\"cta-button-container\">\n        <a href=\"\/fr-ca\/projects\/\"  class=\"aecom-global-cta aecom-global-cta-sml aecom-global-cta-bold aecom-global-cta-white-transparent\">Voir nos r\u00e9alisations<\/a>\n      <\/div>\n              <div class=\"cta-button-container wistia-play\">\n          <script src=\"https:\/\/fast.wistia.com\/embed\/medias\/0x0j3qg63m.jsonp\" async><\/script>\n          <script src=\"https:\/\/fast.wistia.com\/assets\/external\/E-v1.js\" async><\/script><span class=\"wistia_embed wistia_async_0x0j3qg63m popover=true popoverContent=link\" style=\"display:inline;position:relative\"><a href=\"#\" class=\"aecom-global-cta aecom-global-cta-sml aecom-global-cta-bold d-none d-lg-block aecom-global-cta-white-transparent\">Regarder<\/a><a class=\"cta-button-play-mobile d-block d-sm-block d-md-block d-lg-none\" href=\"#\"><svg xmlns=\"http:\/\/www.w3.org\/2000\/svg\" width=\"29.919\" height=\"28.82\" viewBox=\"0 0 29.919 28.82\"><g id=\"Polygon_1\" data-name=\"Polygon 1\" transform=\"translate(0 11.5) rotate(-30)\" fill=\"none\"><path d=\"M11.5,0,23,20H0Z\" stroke=\"none\"\/><path d=\"M 11.5 4.012261390686035 L 3.457050323486328 18 L 19.54294967651367 18 L 11.5 4.012261390686035 M 11.5 0 L 23 20 L 0 20 L 11.5 0 Z\" stroke=\"none\" fill=\"#008768\"\/><\/g><\/svg><\/a><\/span>\n        <\/div>\n          <\/div>\n      <\/section>\n<\/div>\n\n\n<div class=\"article-column-block-container my-0 article-block-horizontal  \" style=\"margin-top: 0px; margin-bottom: 40px\">\n    \n\n    <div class=\"row no-gutters\">\n                            <div class=\"col-lg-4 col-md-12 col-sm-12 article-column-block\">\n                                                <div class=\"article-content-wrapper\">\n                            <div class=\"article-column-title\">\n                                <h5>Notre culture<\/h5>\n                                <h3> Cr\u00e9er un bureau accueillant<\/h3>\n                            <\/div>\n                            <div class=\"article-column-content\">\n                                <p>Nous nous engageons \u00e0 offrir le meilleur lieu de travail dans notre secteur en favorisant un environnement s\u00fbr et respectueux qui offre \u00e0 chaque employ\u00e9 la possibilit\u00e9 de mettre \u00e0 contribution ses talents, son parcours et son expertise pour r\u00e9soudre les probl\u00e8mes les plus complexes au monde. Lorsque vous prosp\u00e9rez, nous prosp\u00e9rons. <\/p>\n                            <\/div>\n                            <div class=\"article-column-cta\">\n                                <a href=\"\/fr-ca\/careers\/welcoming-workplace\/\"  aria-label=\"read more\" class=\"aecom-global-cta  aecom-global-cta-xs aecom-global-cta-green-transparent\">En savoir plus<\/a>\n                            <\/div>\n                        <\/div>\n                    <\/div>\n                                            <div class=\"col-lg-4 col-md-12 col-sm-12 article-column-block\">\n                                                <div class=\"article-content-wrapper\">\n                            <div class=\"article-column-title\">\n                                <h5>Notre personnel<\/h5>\n                                <h3>Repousser les limites du possible<\/h3>\n                            <\/div>\n                            <div class=\"article-column-content\">\n                                <p>Nous sommes un milieu qui favorise la curiosit\u00e9 intellectuelle\u202f\u2013\u202fpour ceux ayant un esprit d\u2019entreprise et une volont\u00e9 d\u2019accomplissement. Nous sommes d\u2019\u00e9ternels \u00e9tudiants, qui ne cessent d\u2019acqu\u00e9rir des connaissances et des comp\u00e9tences. Nous dirigeons en gardant la collaboration au c\u0153ur de nos activit\u00e9s, joignant les secteurs et les fuseaux horaires partout dans le monde. En privil\u00e9giant l\u2019excellence technique, la qualit\u00e9 et l\u2019innovation dans tous nos projets, nous offrons un monde meilleur.<\/p>\n                            <\/div>\n                            <div class=\"article-column-cta\">\n                                <a href=\"\/fr-ca\/people-spotlights-ca\/\"  aria-label=\"read more\" class=\"aecom-global-cta  aecom-global-cta-xs aecom-global-cta-green-transparent\">En savoir plus<\/a>\n                            <\/div>\n                        <\/div>\n                    <\/div>\n                                            <div class=\"col-lg-4 col-md-12 col-sm-12 article-column-block\">\n                                                <div class=\"article-content-wrapper\">\n                            <div class=\"article-column-title\">\n                                <h5>Votre occasion<\/h5>\n                                <h3>Croissance et r\u00e9ussite partag\u00e9es<\/h3>\n                            <\/div>\n                            <div class=\"article-column-content\">\n                                <p>Alors que les investissements dans l\u2019infrastructure s\u2019acc\u00e9l\u00e8rent partout dans le monde, nos services sont tr\u00e8s sollicit\u00e9s; le moment ne pourrait \u00eatre mieux choisi pour faire partie de l\u2019\u00e9quipe d\u2019AECOM! Joignez-vous \u00e0 nous pour faire partie d\u2019une soci\u00e9t\u00e9 mondiale inscrite en bourse, avec tous ses avantages (dont la flexibilit\u00e9 au travail), et avoir acc\u00e8s aux meilleures technologies et approches de l\u2019industrie, en plus de r\u00e9aliser des projets r\u00e9volutionnaires qui laissent leur marque; vous b\u00e9n\u00e9ficierez \u00e9galement d\u2019une vaste gamme de programmes de r\u00e9mun\u00e9ration et d\u2019avantages sociaux.<\/p>\n                            <\/div>\n                            <div class=\"article-column-cta\">\n                                <a href=\"https:\/\/canada-fr.aecom.jobs\/locations\/quebec\/jobs\/\"  aria-label=\"read more\" class=\"aecom-global-cta  aecom-global-cta-xs aecom-global-cta-green-transparent\">En savoir plus<\/a>\n                            <\/div>\n                        <\/div>\n                    <\/div>\n                            <\/div>\n\n\n\n<\/div>\n\n\n<div class=\"aecom-custom-block link-column-block my-0 careers-links-block-container link-block-midnight-teal\" style=\"margin-top: 0px; margin-bottom: 40px\">\n    <div class=\"row no-gutters h-100\">\n        \n                <div class=\"col-sm-12 col-md-12 col-lg-4 careers-link-block\">\n                    <div class=\"link-block-title\">\n                        <h3>Occasions de carri\u00e8re<\/h3>\n                    <\/div>\n                    <div class=\"link-block-content\">\n                        <p>Trouvez votre prochain d\u00e9fi professionnel et apprenez-en plus sur notre processus d&#8217;embauche.<\/p>\n                    <\/div>\n                    <div class=\"link-block-cta\">\n                        <a href=\"https:\/\/canada-fr.aecom.jobs\/locations\/quebec\/jobs\/\"  class=\"aecom-global-cta aecom-global-cta-sml aecom-global-cta-bold button-outline\">Rejoindre notre \u00e9quipe<\/a>\n                    <\/div>\n                <\/div>\n\n        \n                <div class=\"col-sm-12 col-md-12 col-lg-4 careers-link-block\">\n                    <div class=\"link-block-title\">\n                        <h3>Consultation des Autochtones<\/h3>\n                    <\/div>\n                    <div class=\"link-block-content\">\n                        <p>AECOM s\u2019engage \u00e0 soutenir les communaut\u00e9s autochtones \u00e0 travers son travail et son r\u00f4le en tant que chef de file mondial en mati\u00e8re d\u2019infrastructure.<\/p>\n                    <\/div>\n                    <div class=\"link-block-cta\">\n                        <a href=\"\/fr-ca\/about-us\/indigenous-engagement\/\"  class=\"aecom-global-cta aecom-global-cta-sml aecom-global-cta-bold button-outline\">En savoir plus<\/a>\n                    <\/div>\n                <\/div>\n\n        \n                <div class=\"col-sm-12 col-md-12 col-lg-4 careers-link-block\">\n                    <div class=\"link-block-title\">\n                        <h3>Accessibilit\u00e9 et \u00e9galit\u00e9<\/h3>\n                    <\/div>\n                    <div class=\"link-block-content\">\n                        <p>Nous tenons \u00e0 ce que le plus grand nombre possible de personnes puissent utiliser ce site Web. Voir les mesures prises.<\/p>\n                    <\/div>\n                    <div class=\"link-block-cta\">\n                        <a href=\"https:\/\/aecom.com\/fr-ca\/accessibilityreasonable-accommodation\/\"  class=\"aecom-global-cta aecom-global-cta-sml aecom-global-cta-bold button-outline\">Voir nos politiques<\/a>\n                    <\/div>\n                <\/div>\n\n            <\/div>\n<\/div>\n\n\n<div style=\"height:50px\" aria-hidden=\"true\" class=\"wp-block-spacer\"><\/div>\n\n\n\n<div class=\"wp-block-columns careers-badges is-layout-flex wp-container-core-columns-is-layout-9d6595d7 wp-block-columns-is-layout-flex\">\n<div class=\"wp-block-column is-vertically-aligned-center careers-badges is-layout-flow wp-block-column-is-layout-flow\" style=\"flex-basis:100%\">\n<div class=\"wp-block-columns are-vertically-aligned-center is-layout-flex wp-container-core-columns-is-layout-9d6595d7 wp-block-columns-is-layout-flex\">\n<div class=\"wp-block-column is-layout-flow wp-block-column-is-layout-flow\" style=\"flex-basis:5%\"><\/div>\n\n\n\n<div class=\"wp-block-column is-vertically-aligned-center is-layout-flow wp-block-column-is-layout-flow\">\n<div class=\"wp-block-columns are-vertically-aligned-center is-layout-flex wp-container-core-columns-is-layout-9d6595d7 wp-block-columns-is-layout-flex\">\n<div class=\"wp-block-column is-vertically-aligned-center is-layout-flow wp-block-column-is-layout-flow\">\n<figure class=\"wp-block-image aligncenter size-large is-style-default\"><img decoding=\"async\" src=\"https:\/\/aecom.com\/en-ca\/wp-content\/uploads\/2024\/08\/EN-SCEAU-300-COMPANIES-2024-1024x1024.jpg\" alt=\"\" class=\"wp-image-4797\"\/><\/figure>\n<\/div>\n\n\n\n<div class=\"wp-block-column is-vertically-aligned-center is-layout-flow wp-block-column-is-layout-flow\">\n<figure class=\"wp-block-image aligncenter size-large is-resized is-style-default\"><img decoding=\"async\" src=\"https:\/\/aecom.com\/en-ca\/wp-content\/uploads\/2025\/01\/Fortune-WMAC-2025-1-598x1024.png\" alt=\"\" class=\"wp-image-6068\"\/><\/figure>\n<\/div>\n\n\n\n<div class=\"wp-block-column is-vertically-aligned-center is-layout-flow wp-block-column-is-layout-flow\">\n<figure class=\"wp-block-image aligncenter size-full is-style-default\"><img loading=\"lazy\" decoding=\"async\" width=\"712\" height=\"476\" src=\"https:\/\/aecom.com\/fr-ca\/wp-content\/uploads\/2026\/03\/2689290_2026CustomWMECLogos_10x_121125-1-e1774278903238.png\" alt=\"\" class=\"wp-image-8760\" srcset=\"https:\/\/aecom.com\/fr-ca\/wp-content\/uploads\/2026\/03\/2689290_2026CustomWMECLogos_10x_121125-1-e1774278903238.png 712w, https:\/\/aecom.com\/fr-ca\/wp-content\/uploads\/2026\/03\/2689290_2026CustomWMECLogos_10x_121125-1-e1774278903238-300x201.png 300w, https:\/\/aecom.com\/fr-ca\/wp-content\/uploads\/2026\/03\/2689290_2026CustomWMECLogos_10x_121125-1-e1774278903238-272x182.png 272w\" sizes=\"auto, (max-width: 712px) 100vw, 712px\" \/><\/figure>\n<\/div>\n\n\n\n<div class=\"wp-block-column is-vertically-aligned-center is-layout-flow wp-block-column-is-layout-flow\">\n<figure class=\"wp-block-image aligncenter size-large is-resized is-style-default\"><img decoding=\"async\" src=\"https:\/\/aecom.com\/en-ca\/wp-content\/uploads\/2026\/01\/Time-Best-Companies-2025-1-757x1024.png\" alt=\"\" class=\"wp-image-7432\"\/><\/figure>\n<\/div>\n<\/div>\n<\/div>\n\n\n\n<div class=\"wp-block-column is-vertically-aligned-center is-layout-flow wp-block-column-is-layout-flow\">\n<div class=\"wp-block-columns are-vertically-aligned-center is-layout-flex wp-container-core-columns-is-layout-9d6595d7 wp-block-columns-is-layout-flex\">\n<div class=\"wp-block-column is-vertically-aligned-center is-layout-flow wp-block-column-is-layout-flow\">\n<figure class=\"wp-block-image size-large is-style-default\"><img loading=\"lazy\" decoding=\"async\" width=\"1024\" height=\"682\" src=\"https:\/\/aecom.com\/fr-ca\/wp-content\/uploads\/2026\/02\/EQ100_2026_color-073125-1-1024x682.png\" alt=\"\" class=\"wp-image-8612\" srcset=\"https:\/\/aecom.com\/fr-ca\/wp-content\/uploads\/2026\/02\/EQ100_2026_color-073125-1-1024x682.png 1024w, https:\/\/aecom.com\/fr-ca\/wp-content\/uploads\/2026\/02\/EQ100_2026_color-073125-1-300x200.png 300w\" sizes=\"auto, (max-width: 1024px) 100vw, 1024px\" \/><\/figure>\n<\/div>\n\n\n\n<div class=\"wp-block-column is-vertically-aligned-center is-layout-flow wp-block-column-is-layout-flow\" style=\"flex-basis:18%\">\n<figure class=\"wp-block-image aligncenter size-full is-style-default\"><img decoding=\"async\" src=\"https:\/\/aecom.com\/en-ca\/wp-content\/uploads\/2026\/01\/2026_TOP100_Platinum_EN.png\" alt=\"\" class=\"wp-image-7422\"\/><\/figure>\n<\/div>\n\n\n\n<div class=\"wp-block-column is-vertically-aligned-center is-layout-flow wp-block-column-is-layout-flow\" style=\"flex-basis:28%\">\n<figure class=\"wp-block-image size-full is-style-default\"><img loading=\"lazy\" decoding=\"async\" width=\"2560\" height=\"580\" src=\"https:\/\/aecom.com\/fr-ca\/wp-content\/uploads\/2025\/09\/APRA-FR-BRONZE-Logo-Colour-scaled.png\" alt=\"\" class=\"wp-image-7712\" srcset=\"https:\/\/aecom.com\/fr-ca\/wp-content\/uploads\/2025\/09\/APRA-FR-BRONZE-Logo-Colour-scaled.png 2560w, https:\/\/aecom.com\/fr-ca\/wp-content\/uploads\/2025\/09\/APRA-FR-BRONZE-Logo-Colour-300x68.png 300w, https:\/\/aecom.com\/fr-ca\/wp-content\/uploads\/2025\/09\/APRA-FR-BRONZE-Logo-Colour-1024x232.png 1024w\" sizes=\"auto, (max-width: 2560px) 100vw, 2560px\" \/><\/figure>\n<\/div>\n\n\n\n<div class=\"wp-block-column is-vertically-aligned-center is-layout-flow wp-block-column-is-layout-flow\">\n<figure class=\"wp-block-image size-full is-style-default\"><img loading=\"lazy\" decoding=\"async\" width=\"600\" height=\"450\" src=\"https:\/\/aecom.com\/fr-ca\/wp-content\/uploads\/2022\/11\/enr-web-2022.png\" alt=\"\" class=\"wp-image-1932\" srcset=\"https:\/\/aecom.com\/fr-ca\/wp-content\/uploads\/2022\/11\/enr-web-2022.png 600w, https:\/\/aecom.com\/fr-ca\/wp-content\/uploads\/2022\/11\/enr-web-2022-300x225.png 300w\" sizes=\"auto, (max-width: 600px) 100vw, 600px\" \/><\/figure>\n<\/div>\n<\/div>\n<\/div>\n\n\n\n<div class=\"wp-block-column is-layout-flow wp-block-column-is-layout-flow\" style=\"flex-basis:5%\"><\/div>\n<\/div>\n<\/div>\n<\/div>\n","protected":false},"excerpt":{"rendered":"","protected":false},"author":420,"featured_media":1934,"parent":0,"menu_order":0,"comment_status":"closed","ping_status":"closed","template":"views\/page-careers-content.blade.php","meta":{"_acf_changed":false,"footnotes":""},"yst_prominent_words":[],"class_list":["post-1924","page","type-page","status-publish","has-post-thumbnail","hentry"],"acf":[],"_links":{"self":[{"href":"https:\/\/aecom.com\/fr-ca\/wp-json\/wp\/v2\/pages\/1924","targetHints":{"allow":["GET"]}}],"collection":[{"href":"https:\/\/aecom.com\/fr-ca\/wp-json\/wp\/v2\/pages"}],"about":[{"href":"https:\/\/aecom.com\/fr-ca\/wp-json\/wp\/v2\/types\/page"}],"author":[{"embeddable":true,"href":"https:\/\/aecom.com\/fr-ca\/wp-json\/wp\/v2\/users\/420"}],"replies":[{"embeddable":true,"href":"https:\/\/aecom.com\/fr-ca\/wp-json\/wp\/v2\/comments?post=1924"}],"version-history":[{"count":17,"href":"https:\/\/aecom.com\/fr-ca\/wp-json\/wp\/v2\/pages\/1924\/revisions"}],"predecessor-version":[{"id":8776,"href":"https:\/\/aecom.com\/fr-ca\/wp-json\/wp\/v2\/pages\/1924\/revisions\/8776"}],"wp:featuredmedia":[{"embeddable":true,"href":"https:\/\/aecom.com\/fr-ca\/wp-json\/wp\/v2\/media\/1934"}],"wp:attachment":[{"href":"https:\/\/aecom.com\/fr-ca\/wp-json\/wp\/v2\/media?parent=1924"}],"wp:term":[{"taxonomy":"yst_prominent_words","embeddable":true,"href":"https:\/\/aecom.com\/fr-ca\/wp-json\/wp\/v2\/yst_prominent_words?post=1924"}],"curies":[{"name":"wp","href":"https:\/\/api.w.org\/{rel}","templated":true}]}}