{"id":2172,"date":"2020-02-11T21:00:03","date_gmt":"2020-02-11T21:00:03","guid":{"rendered":"https:\/\/aecom.com\/fr-ca\/about-us\/innovation-digital\/"},"modified":"2024-01-19T14:14:33","modified_gmt":"2024-01-19T14:14:33","slug":"innovation-digital","status":"publish","type":"page","link":"https:\/\/aecom.com\/fr-ca\/about-us\/innovation-digital\/","title":{"rendered":"Innovation et num\u00e9rique"},"content":{"rendered":"\n<div class=\"aecom-custom-block block-intro-text\" style=\"margin-top: 0px; margin-bottom: 40px\">\n    <p class=\"editor-emphasized\">\n        En exploitant la puissance de la technologie num\u00e9rique et la capacit\u00e9 d\u2019innovation de nos experts techniques dans le monde entier, nous fournissons des solutions sur mesure et des r\u00e9sultats transformateurs pour nos clients et les collectivit\u00e9s pour lesquels ils travaillent.    <\/p>\n<\/div>\n\n\n<h2 class=\"wp-block-heading\"><strong><strong>Transformer l\u2019ex\u00e9cution des projets et des programmes<\/strong><\/strong><\/h2>\n\n\n\n<p>En combinant nos propres plateformes de logiciel en tant que service (Saas) avec les outils logiciels les plus r\u00e9cents de nos partenaires, nous nous effor\u00e7ons d\u2019offrir un monde meilleur en recourant aux technologies num\u00e9riques les plus r\u00e9centes. Nous avons constitu\u00e9 des biblioth\u00e8ques num\u00e9riques mondiales de composants REVIT pr\u00eats pour la DfMA, con\u00e7us par nos architectes et nos ing\u00e9nieurs, qui contribuent \u00e0 acc\u00e9l\u00e9rer l\u2019ex\u00e9cution des projets. Nous mettons \u00e0 profit la science des donn\u00e9es pour optimiser les projets et les programmes sur le plan de la durabilit\u00e9, de l\u2019\u00e9quit\u00e9, de la flexibilit\u00e9, de la qualit\u00e9 et de la s\u00e9curit\u00e9. De plus, nous r\u00e9fl\u00e9chissons <a rel=\"noreferrer noopener\" href=\"https:\/\/aecom.com\/without-limits\/\" target=\"_blank\">sans limites<\/a> (Contenu mondial, en anglais seulement) \u00e0 la mani\u00e8re de transformer l\u2019ex\u00e9cution des projets et des programmes.<\/p>\n\n\n\n<h2 class=\"wp-block-heading\"><strong><strong>Transmettre un h\u00e9ritage durable<\/strong><\/strong><\/h2>\n\n\n\n<p>Nous sommes \u00e0 la pointe de l\u2019industrie en mati\u00e8re de r\u00e9solution des d\u00e9fis li\u00e9s \u00e0 l\u2019eau et \u00e0 l\u2019environnement, pour l\u00e9guer un h\u00e9ritage durable aux g\u00e9n\u00e9rations futures. Notre solution brevet\u00e9e de traitement de l\u2019eau, <a href=\"https:\/\/publications.aecom.com\/pfas\/\">De-Fluoro<sup>MC<\/sup><\/a> (Contenu mondial, en anglais seulement), d\u00e9truit un contaminant omnipr\u00e9sent dans le monde, les SPFA. Notre processus bas\u00e9 sur la technologie d\u2019infiltration et de captage optimise les mises \u00e0 niveau des infrastructures. Enfin, notre proc\u00e9d\u00e9 de boue granulaire a\u00e9robie consomme moins d\u2019\u00e9nergie et de terrain que d\u2019autres solutions. Nous red\u00e9finissons le processus traditionnel d\u2019\u00e9valuation environnementale et d\u2019engagement communautaire gr\u00e2ce \u00e0 notre plateforme <a href=\"http:\/\/www.planengage.com\/\" target=\"_blank\" rel=\"noreferrer noopener\">PlanEngage<\/a> (Contenu mondial, en anglais seulement), d\u00e9sormais utilis\u00e9e par des \u00e9quipes de projet de partout dans le monde. Notre <a href=\"https:\/\/publications.aecom.com\/sustainable-legacies\/projects\/rewilding-with-the-natural-capital-laboratory\" target=\"_blank\" rel=\"noreferrer noopener\">Laboratoire Capital naturel<\/a> (Contenu mondial, en anglais seulement), qui fait figure de pionnier en \u00c9cosse, nous permet \u00e9galement de modifier la mani\u00e8re dont les donn\u00e9es relatives \u00e0 la biodiversit\u00e9 et aux \u00e9missions sont collect\u00e9es et g\u00e9r\u00e9es.<\/p>\n\n\n\n<h2 class=\"wp-block-heading\"><strong><strong>Visualiser l\u2019avenir<\/strong><\/strong><\/h2>\n\n\n\n<p>Nous brouillons les fronti\u00e8res entre les mondes physique et num\u00e9rique gr\u00e2ce \u00e0 la r\u00e9alit\u00e9 virtuelle et \u00e0 la r\u00e9alit\u00e9 augment\u00e9e. En donnant vie aux mod\u00e8les num\u00e9riques, nos clients peuvent interagir avec leurs projets tout au long du processus de conception et visualiser l\u2019avenir comme jamais auparavant. Voyez notre travail de visualisation en action <a href=\"https:\/\/aecom.com\/uk\/services\/asset-advisory\/visualisation-and-virtual-reality\/\">ici<\/a> (Contenu mondial, en anglais seulement).<\/p>\n\n\n\n<h2 class=\"wp-block-heading\"><strong><strong>Acc\u00e9l\u00e9rer les id\u00e9es et l\u2019innovation<\/strong><\/strong><\/h2>\n\n\n\n<p>En encourageant une culture qui accueille les id\u00e9es originales, nous renfor\u00e7ons nos r\u00e9sultats. Notre d\u00e9fi Global Challenge permet \u00e0 n\u2019importe quel employ\u00e9, quel que soit son secteur d\u2019affaires, de proposer des solutions novatrices. Les laur\u00e9ats re\u00e7oivent les ressources n\u00e9cessaires pour acc\u00e9l\u00e9rer la commercialisation de leurs id\u00e9es. Nos concours Mindblazer consistent en des d\u00e9fis r\u00e9gionaux de formation d\u2019id\u00e9es qui permettent de g\u00e9n\u00e9rer des id\u00e9es rapidement applicables afin d\u2019am\u00e9liorer les r\u00e9sultats \u00e0 l\u2019\u00e9chelle d\u2019une \u00e9quipe ou d\u2019un projet.<\/p>\n\n\n\n<h2 class=\"wp-block-heading\"><strong><strong>Cr\u00e9er des partenariats pour plus d\u2019impact<\/strong><\/strong><\/h2>\n\n\n\n<p>Nous collaborons avec des experts et des innovateurs pour lancer de nouvelles solutions. Gr\u00e2ce \u00e0 notre travail avec des partenaires tels que Google Cloud, Microsoft et Autodesk, nous appliquons la science des donn\u00e9es de mani\u00e8re unique, en construisant des outils de conception automatis\u00e9s de premier plan et en cr\u00e9ant des plateformes num\u00e9riques collaboratives qui transforment le secteur des infrastructures.<\/p>\n\n\n\n    <div class=\"aecom-custom-block block-cta-button\" style=\"margin-top: 40px;\">\n        <a href=\"https:\/\/digital.aecom.com\/\" class=\"aecom-default-cta aecom-global-cta-e-green-transparent aecom-global-cta-sml aecom-global-cta-bold aecom-global-cta aecom-global-cta-bold\" target=\"_blank\" >D\u00e9couvrez nos capacit\u00e9s en mati\u00e8re d\u2019innovation et de num\u00e9rique <svg data-name=\"Layer 1\" xmlns=\"http:\/\/www.w3.org\/2000\/svg\" viewBox=\"0 0 31.4 29.8\"><g data-name=\"Group 31\"><g data-name=\"Group 30\"><g data-name=\"Group 29\"><path data-name=\"Path 49\" d=\"M31.4 14.1h-3.1a12.6 12.6 0 0 1-25.2 0H0a15.7 15.7 0 1 0 31.4 0m-15.7 7 7.4-7.4-2.2-2.2-3.6 3.6V0h-3.1v15l-3.6-3.6-2.2 2.2 7.4 7.4Z\" fill=\"currentColor\"\/><\/g><\/g><\/g><\/svg><\/a>\n    <\/div>\n\n\n\n<p>(Contenu mondial, en anglais seulement)<\/p>\n\n\n\n<div style=\"height:36px\" aria-hidden=\"true\" class=\"wp-block-spacer\"><\/div>\n\n\n\n<div class=\"aecom-custom-block projects-grid\" style=\"margin-top: 0px; margin-bottom: 40px\">\n\n    <h2><strong>Projets<\/strong><\/h2>\n<div class=\"grid-container container-fluid\">\n    <div class=\"grid-items row g-1\">\n                <div class=\"col-container col-lg-6 col-sm-12 col-md-6\">\n            <div class=\"grid-item fcolumns2 \">\n                <a href=\"\/fr-ca\/enbridge-gas-strengthens-community-engagement-and-reduces-setup-time-with-the-help-of-planengage\/\" >\n                    <div class=\"bg-image\" style=\"background-image: url(https:\/\/aecom.com\/fr-ca\/wp-content\/uploads\/2024\/01\/0891-digitalaecom_planengage_web.jpg);\">\n                    <\/div>\n                                            <div class=\"item-tag\">\u00c9tude de cas<\/div>\n                                        <div class=\"item-title\">\n                        <div class=\"item-title-container\">\n                            <p>Enbridge Gas renforce la mobilisation communautaire avec l\u2019aide de PlanEngage<sup>MD<\/sup><\/p>\n                            <?xml version=\"1.0\" encoding=\"utf-8\"?>\n<!-- Generator: Adobe Illustrator 25.4.1, SVG Export Plug-In . SVG Version: 6.00 Build 0)  -->\n<svg version=\"1.1\" id=\"Layer_1\" xmlns=\"http:\/\/www.w3.org\/2000\/svg\" xmlns:xlink=\"http:\/\/www.w3.org\/1999\/xlink\" x=\"0px\" y=\"0px\"\n\t viewBox=\"0 0 336.9 336.9\" style=\"enable-background:new 0 0 336.9 336.9;\" xml:space=\"preserve\">\n<style type=\"text\/css\">\n\t.st0{clip-path:url(#SVGID_00000134235381480389088490000010625546606467057833_);}\n\t.st1{clip-path:url(#SVGID_00000165937572223005774680000007590003555639553664_);}\n\t.st2{fill:#FFFFFF;}\n<\/style>\n<g id=\"CTA_Ident\">\n\t<g>\n\t\t<defs>\n\t\t\t<rect id=\"SVGID_1_\" x=\"0\" width=\"336.9\" height=\"336.9\"\/>\n\t\t<\/defs>\n\t\t<clipPath id=\"SVGID_00000144335761437312993680000004914649718840893089_\">\n\t\t\t<use xlink:href=\"#SVGID_1_\"  style=\"overflow:visible;\"\/>\n\t\t<\/clipPath>\n\t\t<g style=\"clip-path:url(#SVGID_00000144335761437312993680000004914649718840893089_);\">\n\t\t\t<g>\n\t\t\t\t<defs>\n\t\t\t\t\t<rect id=\"SVGID_00000023274066593057752240000018003365255890684821_\" x=\"0\" y=\"0\" width=\"336.9\" height=\"336.9\"\/>\n\t\t\t\t<\/defs>\n\t\t\t\t<clipPath id=\"SVGID_00000108989569264886567570000017975173817752618894_\">\n\t\t\t\t\t<use xlink:href=\"#SVGID_00000023274066593057752240000018003365255890684821_\"  style=\"overflow:visible;\"\/>\n\t\t\t\t<\/clipPath>\n\t\t\t\t<g style=\"clip-path:url(#SVGID_00000108989569264886567570000017975173817752618894_);\">\n\t\t\t\t\t<path class=\"st2\" d=\"M168.5,0C75.6,0,0,75.6,0,168.5s75.6,168.5,168.5,168.5v-33.7c-68.6,0-125.3-51.6-133.6-117.9h160.3\n\t\t\t\t\t\tl-48.4,48.4l23.8,23.8l89-89L170,78.8l-23.8,23.9l49,49H34.9c8.3-66.4,65-118,133.6-118c74.3,0,134.8,60.5,134.8,134.8h33.7\n\t\t\t\t\t\tC336.9,75.6,261.4,0,168.5,0\"\/>\n\t\t\t\t<\/g>\n\t\t\t<\/g>\n\t\t<\/g>\n\t<\/g>\n<\/g>\n<\/svg>\n                        <\/div>\n                    <\/div>\n                <\/a>\n            <\/div>\n        <\/div>\n            <\/div>\n<\/div>\n<\/div>","protected":false},"excerpt":{"rendered":"<p>Transformer l\u2019ex\u00e9cution des projets et des programmes En combinant nos propres plateformes de logiciel en tant que service (Saas) avec les outils logiciels les plus r\u00e9cents de nos partenaires, nous nous effor\u00e7ons d\u2019offrir un monde meilleur en recourant aux technologies num\u00e9riques les plus r\u00e9centes. Nous avons constitu\u00e9 des biblioth\u00e8ques num\u00e9riques mondiales de composants REVIT pr\u00eats&#8230;<\/p>\n","protected":false},"author":420,"featured_media":2174,"parent":878,"menu_order":1,"comment_status":"closed","ping_status":"closed","template":"","meta":{"_acf_changed":false,"footnotes":""},"yst_prominent_words":[],"class_list":["post-2172","page","type-page","status-publish","has-post-thumbnail","hentry"],"acf":[],"_links":{"self":[{"href":"https:\/\/aecom.com\/fr-ca\/wp-json\/wp\/v2\/pages\/2172","targetHints":{"allow":["GET"]}}],"collection":[{"href":"https:\/\/aecom.com\/fr-ca\/wp-json\/wp\/v2\/pages"}],"about":[{"href":"https:\/\/aecom.com\/fr-ca\/wp-json\/wp\/v2\/types\/page"}],"author":[{"embeddable":true,"href":"https:\/\/aecom.com\/fr-ca\/wp-json\/wp\/v2\/users\/420"}],"replies":[{"embeddable":true,"href":"https:\/\/aecom.com\/fr-ca\/wp-json\/wp\/v2\/comments?post=2172"}],"version-history":[{"count":3,"href":"https:\/\/aecom.com\/fr-ca\/wp-json\/wp\/v2\/pages\/2172\/revisions"}],"predecessor-version":[{"id":4497,"href":"https:\/\/aecom.com\/fr-ca\/wp-json\/wp\/v2\/pages\/2172\/revisions\/4497"}],"up":[{"embeddable":true,"href":"https:\/\/aecom.com\/fr-ca\/wp-json\/wp\/v2\/pages\/878"}],"wp:featuredmedia":[{"embeddable":true,"href":"https:\/\/aecom.com\/fr-ca\/wp-json\/wp\/v2\/media\/2174"}],"wp:attachment":[{"href":"https:\/\/aecom.com\/fr-ca\/wp-json\/wp\/v2\/media?parent=2172"}],"wp:term":[{"taxonomy":"yst_prominent_words","embeddable":true,"href":"https:\/\/aecom.com\/fr-ca\/wp-json\/wp\/v2\/yst_prominent_words?post=2172"}],"curies":[{"name":"wp","href":"https:\/\/api.w.org\/{rel}","templated":true}]}}