{"id":2268,"date":"2022-03-22T04:03:28","date_gmt":"2022-03-22T04:03:28","guid":{"rendered":"https:\/\/aecom.com\/fr-ca\/careers\/equity-diversity-and-inclusion\/"},"modified":"2026-03-23T15:26:13","modified_gmt":"2026-03-23T15:26:13","slug":"welcoming-workplace","status":"publish","type":"page","link":"https:\/\/aecom.com\/fr-ca\/careers\/welcoming-workplace\/","title":{"rendered":"Bureau accueillant"},"content":{"rendered":"\n    <div class=\"aecom-custom-block careers-header my-0\" style=\"background-color: #00353e; margin-top: 0px; margin-bottom: 40px;\">\n    <div class=\"careers-header-content\">\n                    <div class=\"careers-header-bg\" style=\"background-image: url('https:\/\/aecom.com\/fr-ca\/wp-content\/uploads\/2025\/03\/header-edi-2024-v1-1.png');opacity: 50%;\"><\/div>\n                    <div class=\"row no-gutters header-container\">\n                <div class=\"col careers-title\">\n                    <div class=\"header-title\">\n                        <p class=\"careers-sub-title\">Bureau accueillant<\/p>\n                        <h1>Lorsque nous nous sentons libres d\u2019\u00eatre nous-m\u00eames, nous prosp\u00e9rons. <\/h1>\n                    <\/div>\n                                        <div class=\"cta-container\">\n\n                        <!-- add condition here -->\n                                                    <div class=\"cta-button-container\">\n                                <a href=\"https:\/\/canada-fr.aecom.jobs\/locations\/quebec\/jobs\/\" class=\"aecom-global-cta aecom-global-cta-sml aecom-global-cta-bold aecom-global-cta-e-green-solid\">Postuler<\/a>\n                            <\/div>\n                        \n                        <!-- add condition here -->\n                        \n\n                    <\/div>\n                    \n                <\/div>\n            <\/div>\n        <\/div>\n    <\/div>\n\n\n<div class=\"aecom-custom-block link-column-block careers-links-block-container link-block-earth-green\" style=\"margin-top: 0px; margin-bottom: 60px\">\n    <div class=\"row no-gutters h-100\">\n        \n                <div class=\"col-sm-12 col-md-12 col-lg-3 careers-link-block\">\n                    <div class=\"link-block-title\">\n                        <h3>Occasions de carri\u00e8re<\/h3>\n                    <\/div>\n                    <div class=\"link-block-content\">\n                        <p>Trouvez votre prochain d\u00e9fi professionnel et apprenez-en plus sur notre processus d\u2019embauche.<\/p>\n                    <\/div>\n                    <div class=\"link-block-cta\">\n                        <a href=\"https:\/\/canada-fr.aecom.jobs\/locations\/quebec\/jobs\/\" target=\"_blank\" class=\"aecom-global-cta aecom-global-cta-sml aecom-global-cta-bold button-outline\">Rejoindre notre \u00e9quipe<\/a>\n                    <\/div>\n                <\/div>\n\n        \n                <div class=\"col-sm-12 col-md-12 col-lg-3 careers-link-block\">\n                    <div class=\"link-block-title\">\n                        <h3>Joignez-vous au r\u00e9seau de talents<\/h3>\n                    <\/div>\n                    <div class=\"link-block-content\">\n                        <p>Recevez des notifications sur les postes vacants qui correspondent \u00e0 vos champs d\u2019int\u00e9r\u00eat et d\u00e9couvrez les avantages de travailler avec nous.<\/p>\n                    <\/div>\n                    <div class=\"link-block-cta\">\n                        <a href=\"https:\/\/smrtr.io\/mBL3r\" target=\"_blank\" class=\"aecom-global-cta aecom-global-cta-sml aecom-global-cta-bold button-outline\">Inscrivez-vous<\/a>\n                    <\/div>\n                <\/div>\n\n        \n                <div class=\"col-sm-12 col-md-12 col-lg-3 careers-link-block\">\n                    <div class=\"link-block-title\">\n                        <h3>H\u00e9ritage durable<\/h3>\n                    <\/div>\n                    <div class=\"link-block-content\">\n                        <p>Ensemble, nous parviendrons \u00e0 la carboneutralit\u00e9, nous am\u00e9liorerons les retomb\u00e9es sociales pour nos clients et nos communaut\u00e9s.<\/p>\n                    <\/div>\n                    <div class=\"link-block-cta\">\n                        <a href=\"https:\/\/aecom.com\/fr-ca\/sustainable-legacies-ca\/\"  class=\"aecom-global-cta aecom-global-cta-sml aecom-global-cta-bold button-outline\">En savoir plus<\/a>\n                    <\/div>\n                <\/div>\n\n        \n                <div class=\"col-sm-12 col-md-12 col-lg-3 careers-link-block\">\n                    <div class=\"link-block-title\">\n                        <h3>Consultation des Autochtones<\/h3>\n                    <\/div>\n                    <div class=\"link-block-content\">\n                        <p>AECOM s\u2019engage \u00e0 soutenir les communaut\u00e9s autochtones.<\/p>\n                    <\/div>\n                    <div class=\"link-block-cta\">\n                        <a href=\"https:\/\/aecom.com\/fr-ca\/about-us\/indigenous-engagement\/\"  class=\"aecom-global-cta aecom-global-cta-sml aecom-global-cta-bold button-outline\">En savoir plus<\/a>\n                    <\/div>\n                <\/div>\n\n            <\/div>\n<\/div>\n\n\n<div class=\"wp-block-columns aecom-centered-column is-layout-flex wp-container-core-columns-is-layout-9d6595d7 wp-block-columns-is-layout-flex\">\n<div class=\"wp-block-column is-layout-flow wp-block-column-is-layout-flow\">\n<div class=\"wp-block-columns is-layout-flex wp-container-core-columns-is-layout-9d6595d7 wp-block-columns-is-layout-flex\">\n<div class=\"wp-block-column is-layout-flow wp-block-column-is-layout-flow\" style=\"flex-basis:20px\"><\/div>\n\n\n\n<div class=\"wp-block-column is-layout-flow wp-block-column-is-layout-flow\">\n<p class=\"has-text-align-center\" style=\"font-size:26px\">Nous nous engageons \u00e0 offrir le meilleur lieu de travail de l\u2019industrie, en favorisant le respect, le lien de communaut\u00e9 et l\u2019innovation, afin que nos employ\u00e9s puissent prosp\u00e9rer, offrir de meilleurs r\u00e9sultats \u00e0 nos clients et atteindre notre objectif d\u2019offrir un monde meilleur.<\/p>\n<\/div>\n\n\n\n<div class=\"wp-block-column is-layout-flow wp-block-column-is-layout-flow\" style=\"flex-basis:30px\"><\/div>\n<\/div>\n\n\n\n<div style=\"height:40px\" aria-hidden=\"true\" class=\"wp-block-spacer\"><\/div>\n\n\n\n<div class=\"wp-block-columns icons-column is-layout-flex wp-container-core-columns-is-layout-9d6595d7 wp-block-columns-is-layout-flex\">\n<div class=\"wp-block-column is-layout-flow wp-block-column-is-layout-flow\">\n<figure class=\"wp-block-image aligncenter size-full is-resized\"><img decoding=\"async\" src=\"https:\/\/aecom.com\/content\/wp-content\/uploads\/2024\/06\/EDI-ICONS_building-diverse-talent-sq.png\" alt=\"\" class=\"wp-image-123630\"\/><\/figure>\n\n\n\n<p class=\"has-text-align-center has-medium-font-size\"><strong><strong>Miser sur les meilleurs talents<\/strong><\/strong><\/p>\n\n\n\n<p class=\"has-text-align-center\">Nous recrutons les meilleurs talents de l\u2019industrie dans les collectivit\u00e9s que nous servons, en partenariat avec des organismes \u00e0 but non lucratif et des universit\u00e9s, afin de constituer un solide bassin de talents qui renforce nos \u00e9quipes d\u2019aujourd\u2019hui et nous pr\u00e9pare pour l\u2019avenir.&nbsp;<\/p>\n<\/div>\n\n\n\n<div class=\"wp-block-column is-layout-flow wp-block-column-is-layout-flow\">\n<figure class=\"wp-block-image aligncenter size-full is-resized\"><img decoding=\"async\" src=\"https:\/\/aecom.com\/content\/wp-content\/uploads\/2024\/06\/EDI-ICONS_thinking-without-limits-sq.png\" alt=\"\" class=\"wp-image-123631\"\/><\/figure>\n\n\n\n<p class=\"has-text-align-center has-medium-font-size\"><strong><strong>Repousser les limites<\/strong><\/strong><\/p>\n\n\n\n<p class=\"has-text-align-center\">L\u2019am\u00e9lioration des retomb\u00e9es sociales fait partie int\u00e9grante de notre strat\u00e9gie H\u00e9ritage durable. Nous accordons la priorit\u00e9 \u00e0 la cr\u00e9ation de valeur sociale gr\u00e2ce aux solutions que nous offrons, en travaillant avec nos clients, nos partenaires et nos fournisseurs pour maximiser l\u2019incidence positive sur les employ\u00e9s, les collectivit\u00e9s et la soci\u00e9t\u00e9.&nbsp;<\/p>\n<\/div>\n\n\n\n<div class=\"wp-block-column is-layout-flow wp-block-column-is-layout-flow\">\n<figure class=\"wp-block-image aligncenter size-full is-resized\"><img decoding=\"async\" src=\"https:\/\/aecom.com\/content\/wp-content\/uploads\/2024\/06\/EDI-ICONS_enriching-communities-sq.png\" alt=\"\" class=\"wp-image-123632\"\/><\/figure>\n\n\n\n<p class=\"has-text-align-center has-medium-font-size\"><strong><strong>Enrichir les collectivit\u00e9s<\/strong><\/strong><\/p>\n\n\n\n<p class=\"has-text-align-center\">Nous soutenons les collectivit\u00e9s gr\u00e2ce \u00e0 du travail pro bono, des activit\u00e9s de b\u00e9n\u00e9volat, de la philanthropie et des partenariats strat\u00e9giques. Nous nous rallions pour aider les personnes dans le besoin en participant \u00e0 des activit\u00e9s locales d\u2019aide et de secours, et avec des campagnes mondiales de jumelage des dons des employ\u00e9s.&nbsp;<\/p>\n<\/div>\n\n\n\n<div class=\"wp-block-column is-layout-flow wp-block-column-is-layout-flow\">\n<figure class=\"wp-block-image aligncenter size-full is-resized\"><img decoding=\"async\" src=\"https:\/\/aecom.com\/content\/wp-content\/uploads\/2024\/06\/EDI-ICONS_expand-understanding-sq.png\" alt=\"\" class=\"wp-image-123634\"\/><\/figure>\n\n\n\n<p class=\"has-text-align-center has-medium-font-size\"><strong><strong>Favoriser la compr\u00e9hension<\/strong><\/strong><\/p>\n\n\n\n<p class=\"has-text-align-center\">Nous encourageons le respect, l\u2019\u00e9quit\u00e9 et l\u2019apprentissage continu au moyen de programmes pour les employ\u00e9s et de politiques sur les avantages sociaux adapt\u00e9es aux familles. Nos groupes-ressources pour employ\u00e9s b\u00e2tissent une communaut\u00e9 et offrent \u00e0 nos employ\u00e9s un forum leur permettant de s\u2019engager davantage.<\/p>\n<\/div>\n<\/div>\n\n\n\n<div style=\"height:48px\" aria-hidden=\"true\" class=\"wp-block-spacer\"><\/div>\n<\/div>\n<\/div>\n\n\n\n<div class=\"wp-block-columns is-layout-flex wp-container-core-columns-is-layout-9d6595d7 wp-block-columns-is-layout-flex\">\n<div class=\"wp-block-column erg-container has-background is-layout-flow wp-block-column-is-layout-flow\" style=\"background-color:#f6f5f1\">\n<div style=\"height:48px\" aria-hidden=\"true\" class=\"wp-block-spacer\"><\/div>\n\n\n\n<h2 class=\"wp-block-heading has-text-align-center has-large-font-size\"><strong>Groupes-ressources pour employ\u00e9s<\/strong><\/h2>\n\n\n\n<p class=\"has-text-align-center\">Ces groupes permettent \u00e0 nos employ\u00e9s dans l\u2019ensemble de notre organisation de cr\u00e9er des liens, de faire progresser leur carri\u00e8re et de participer \u00e0 la sensibilisation de la communaut\u00e9.<\/p>\n\n\n\n<div style=\"height:48px\" aria-hidden=\"true\" class=\"wp-block-spacer\"><\/div>\n\n\n\n<div class=\"wp-block-columns aecom-centered-column aecom-logo-column is-layout-flex wp-container-core-columns-is-layout-9d6595d7 wp-block-columns-is-layout-flex\">\n<div class=\"wp-block-column is-layout-flow wp-block-column-is-layout-flow\">\n<div class=\"wp-block-columns is-layout-flex wp-container-core-columns-is-layout-9d6595d7 wp-block-columns-is-layout-flex\">\n<div class=\"wp-block-column is-layout-flow wp-block-column-is-layout-flow\">\n<figure class=\"wp-block-image size-large is-style-default\"><img decoding=\"async\" src=\"https:\/\/aecom.com\/content\/wp-content\/uploads\/2022\/06\/BeBold_logo-1024x1024.png\" alt=\"\" class=\"wp-image-97564\"\/><figcaption class=\"wp-element-caption\"><strong>BeBold: Am\u00e9riques<br><\/strong>La communaut\u00e9 noire<\/figcaption><\/figure>\n\n\n\n<figure class=\"wp-block-image aligncenter size-large\"><img decoding=\"async\" src=\"https:\/\/aecom.com\/content\/wp-content\/uploads\/2023\/02\/connect.png\" alt=\"\" class=\"wp-image-102899\"\/><figcaption class=\"wp-element-caption\"><strong><strong>Connecter: Am\u00e9riques, Asie, Australie et Nouvelle-Z\u00e9lande<\/strong><\/strong><br>Professionnels en d\u00e9but de carri\u00e8re<\/figcaption><\/figure>\n\n\n\n<figure class=\"wp-block-image size-full is-style-default\"><img loading=\"lazy\" decoding=\"async\" width=\"1024\" height=\"1024\" src=\"https:\/\/aecom.com\/fr-ca\/wp-content\/uploads\/2025\/03\/Juntos_Hispanic_ERG_logo-1024x1024-1.png\" alt=\"\" class=\"wp-image-7240\" srcset=\"https:\/\/aecom.com\/fr-ca\/wp-content\/uploads\/2025\/03\/Juntos_Hispanic_ERG_logo-1024x1024-1.png 1024w, https:\/\/aecom.com\/fr-ca\/wp-content\/uploads\/2025\/03\/Juntos_Hispanic_ERG_logo-1024x1024-1-300x300.png 300w, https:\/\/aecom.com\/fr-ca\/wp-content\/uploads\/2025\/03\/Juntos_Hispanic_ERG_logo-1024x1024-1-150x150.png 150w\" sizes=\"auto, (max-width: 1024px) 100vw, 1024px\" \/><figcaption class=\"wp-element-caption\"><strong><strong><strong>JUNTOS: Am\u00e9riques<\/strong><\/strong><br><\/strong>La communaut\u00e9 hispanique\/latine<\/figcaption><\/figure>\n<\/div>\n<\/div>\n<\/div>\n<\/div>\n\n\n\n<div class=\"wp-block-columns aecom-centered-column aecom-logo-column is-layout-flex wp-container-core-columns-is-layout-9d6595d7 wp-block-columns-is-layout-flex\">\n<div class=\"wp-block-column is-layout-flow wp-block-column-is-layout-flow\">\n<div class=\"wp-block-columns is-layout-flex wp-container-core-columns-is-layout-9d6595d7 wp-block-columns-is-layout-flex\">\n<div class=\"wp-block-column is-layout-flow wp-block-column-is-layout-flow\">\n<figure class=\"wp-block-image size-large is-style-default\"><img decoding=\"async\" src=\"https:\/\/aecom.com\/content\/wp-content\/uploads\/2022\/06\/Pride_logo-1024x1024.png\" alt=\"\" class=\"wp-image-97569\"\/><figcaption class=\"wp-element-caption\"><strong>Pride<\/strong>: <strong>Americas, Europe, Australia and New Zealand<\/strong><br>LGBTQ+ Community<\/figcaption><\/figure>\n\n\n\n<figure class=\"wp-block-image size-full is-style-default\"><img loading=\"lazy\" decoding=\"async\" width=\"1024\" height=\"1024\" src=\"https:\/\/aecom.com\/fr-ca\/wp-content\/uploads\/2025\/03\/Mosaic_logo-1024x1024-1.png\" alt=\"\" class=\"wp-image-7241\" srcset=\"https:\/\/aecom.com\/fr-ca\/wp-content\/uploads\/2025\/03\/Mosaic_logo-1024x1024-1.png 1024w, https:\/\/aecom.com\/fr-ca\/wp-content\/uploads\/2025\/03\/Mosaic_logo-1024x1024-1-300x300.png 300w, https:\/\/aecom.com\/fr-ca\/wp-content\/uploads\/2025\/03\/Mosaic_logo-1024x1024-1-150x150.png 150w\" sizes=\"auto, (max-width: 1024px) 100vw, 1024px\" \/><figcaption class=\"wp-element-caption\"><strong><strong>MOSAIC<\/strong>: Am\u00e9riques<\/strong><br>La communaut\u00e9 des \u00eeles asiatiques du Pacifique<\/figcaption><\/figure>\n\n\n\n<figure class=\"wp-block-image size-large is-style-default\"><img decoding=\"async\" src=\"https:\/\/aecom.com\/content\/wp-content\/uploads\/2022\/06\/WLA_logo-1024x1024.png\" alt=\"\" class=\"wp-image-97570\"\/><figcaption class=\"wp-element-caption\"><strong>Women\u2019s Leadership Alliance: Americas<\/strong><br>Community for Gender Equality<\/figcaption><\/figure>\n\n\n\n<p><\/p>\n<\/div>\n<\/div>\n\n\n\n<p><\/p>\n<\/div>\n<\/div>\n<\/div>\n<\/div>\n\n\n\n<div style=\"height:24px\" aria-hidden=\"true\" class=\"wp-block-spacer\"><\/div>\n\n\n\n<h2 class=\"wp-block-heading has-text-align-center has-large-font-size\">Reconnaisances<\/h2>\n\n\n\n<div style=\"height:24px\" aria-hidden=\"true\" class=\"wp-block-spacer\"><\/div>\n\n\n\n<div class=\"wp-block-columns careers-badges is-layout-flex wp-container-core-columns-is-layout-9d6595d7 wp-block-columns-is-layout-flex\">\n<div class=\"wp-block-column is-vertically-aligned-center careers-badges is-layout-flow wp-block-column-is-layout-flow\" style=\"flex-basis:100%\">\n<div class=\"wp-block-columns are-vertically-aligned-center is-layout-flex wp-container-core-columns-is-layout-9d6595d7 wp-block-columns-is-layout-flex\">\n<div class=\"wp-block-column is-layout-flow wp-block-column-is-layout-flow\" style=\"flex-basis:5%\"><\/div>\n\n\n\n<div class=\"wp-block-column is-vertically-aligned-center is-layout-flow wp-block-column-is-layout-flow\">\n<div class=\"wp-block-columns are-vertically-aligned-center is-layout-flex wp-container-core-columns-is-layout-9d6595d7 wp-block-columns-is-layout-flex\">\n<div class=\"wp-block-column is-vertically-aligned-center is-layout-flow wp-block-column-is-layout-flow\">\n<figure class=\"wp-block-image aligncenter size-large is-style-default\"><img decoding=\"async\" src=\"https:\/\/aecom.com\/en-ca\/wp-content\/uploads\/2024\/08\/EN-SCEAU-300-COMPANIES-2024-1024x1024.jpg\" alt=\"\" class=\"wp-image-4797\"\/><\/figure>\n<\/div>\n\n\n\n<div class=\"wp-block-column is-vertically-aligned-center is-layout-flow wp-block-column-is-layout-flow\">\n<figure class=\"wp-block-image aligncenter size-large is-resized is-style-default\"><img decoding=\"async\" src=\"https:\/\/aecom.com\/en-ca\/wp-content\/uploads\/2025\/01\/Fortune-WMAC-2025-1-598x1024.png\" alt=\"\" class=\"wp-image-6068\"\/><\/figure>\n<\/div>\n\n\n\n<div class=\"wp-block-column is-vertically-aligned-center is-layout-flow wp-block-column-is-layout-flow\">\n<figure class=\"wp-block-image aligncenter size-full is-style-default\"><img loading=\"lazy\" decoding=\"async\" width=\"712\" height=\"476\" src=\"https:\/\/aecom.com\/fr-ca\/wp-content\/uploads\/2026\/03\/2689290_2026CustomWMECLogos_10x_121125-1-e1774278903238.png\" alt=\"\" class=\"wp-image-8760\" srcset=\"https:\/\/aecom.com\/fr-ca\/wp-content\/uploads\/2026\/03\/2689290_2026CustomWMECLogos_10x_121125-1-e1774278903238.png 712w, https:\/\/aecom.com\/fr-ca\/wp-content\/uploads\/2026\/03\/2689290_2026CustomWMECLogos_10x_121125-1-e1774278903238-300x201.png 300w, https:\/\/aecom.com\/fr-ca\/wp-content\/uploads\/2026\/03\/2689290_2026CustomWMECLogos_10x_121125-1-e1774278903238-272x182.png 272w\" sizes=\"auto, (max-width: 712px) 100vw, 712px\" \/><\/figure>\n<\/div>\n\n\n\n<div class=\"wp-block-column is-vertically-aligned-center is-layout-flow wp-block-column-is-layout-flow\">\n<figure class=\"wp-block-image aligncenter size-large is-resized is-style-default\"><img decoding=\"async\" src=\"https:\/\/aecom.com\/en-ca\/wp-content\/uploads\/2026\/01\/Time-Best-Companies-2025-1-757x1024.png\" alt=\"\" class=\"wp-image-7432\"\/><\/figure>\n<\/div>\n<\/div>\n<\/div>\n\n\n\n<div class=\"wp-block-column is-vertically-aligned-center is-layout-flow wp-block-column-is-layout-flow\">\n<div class=\"wp-block-columns are-vertically-aligned-center is-layout-flex wp-container-core-columns-is-layout-9d6595d7 wp-block-columns-is-layout-flex\">\n<div class=\"wp-block-column is-vertically-aligned-center is-layout-flow wp-block-column-is-layout-flow\">\n<figure class=\"wp-block-image size-large is-style-default\"><img loading=\"lazy\" decoding=\"async\" width=\"1024\" height=\"682\" src=\"https:\/\/aecom.com\/fr-ca\/wp-content\/uploads\/2026\/02\/EQ100_2026_color-073125-1-1024x682.png\" alt=\"\" class=\"wp-image-8612\" srcset=\"https:\/\/aecom.com\/fr-ca\/wp-content\/uploads\/2026\/02\/EQ100_2026_color-073125-1-1024x682.png 1024w, https:\/\/aecom.com\/fr-ca\/wp-content\/uploads\/2026\/02\/EQ100_2026_color-073125-1-300x200.png 300w\" sizes=\"auto, (max-width: 1024px) 100vw, 1024px\" \/><\/figure>\n<\/div>\n\n\n\n<div class=\"wp-block-column is-vertically-aligned-center is-layout-flow wp-block-column-is-layout-flow\" style=\"flex-basis:18%\">\n<figure class=\"wp-block-image aligncenter size-full is-style-default\"><img decoding=\"async\" src=\"https:\/\/aecom.com\/en-ca\/wp-content\/uploads\/2026\/01\/2026_TOP100_Platinum_EN.png\" alt=\"\" class=\"wp-image-7422\"\/><\/figure>\n<\/div>\n\n\n\n<div class=\"wp-block-column is-vertically-aligned-center is-layout-flow wp-block-column-is-layout-flow\" style=\"flex-basis:28%\">\n<figure class=\"wp-block-image size-full is-style-default\"><img loading=\"lazy\" decoding=\"async\" width=\"2560\" height=\"580\" src=\"https:\/\/aecom.com\/fr-ca\/wp-content\/uploads\/2025\/09\/APRA-FR-BRONZE-Logo-Colour-scaled.png\" alt=\"\" class=\"wp-image-7712\" srcset=\"https:\/\/aecom.com\/fr-ca\/wp-content\/uploads\/2025\/09\/APRA-FR-BRONZE-Logo-Colour-scaled.png 2560w, https:\/\/aecom.com\/fr-ca\/wp-content\/uploads\/2025\/09\/APRA-FR-BRONZE-Logo-Colour-300x68.png 300w, https:\/\/aecom.com\/fr-ca\/wp-content\/uploads\/2025\/09\/APRA-FR-BRONZE-Logo-Colour-1024x232.png 1024w\" sizes=\"auto, (max-width: 2560px) 100vw, 2560px\" \/><\/figure>\n<\/div>\n\n\n\n<div class=\"wp-block-column is-vertically-aligned-center is-layout-flow wp-block-column-is-layout-flow\">\n<figure class=\"wp-block-image size-full is-style-default\"><img loading=\"lazy\" decoding=\"async\" width=\"600\" height=\"450\" src=\"https:\/\/aecom.com\/fr-ca\/wp-content\/uploads\/2022\/11\/enr-web-2022.png\" alt=\"\" class=\"wp-image-1932\" srcset=\"https:\/\/aecom.com\/fr-ca\/wp-content\/uploads\/2022\/11\/enr-web-2022.png 600w, https:\/\/aecom.com\/fr-ca\/wp-content\/uploads\/2022\/11\/enr-web-2022-300x225.png 300w\" sizes=\"auto, (max-width: 600px) 100vw, 600px\" \/><\/figure>\n<\/div>\n<\/div>\n<\/div>\n\n\n\n<div class=\"wp-block-column is-layout-flow wp-block-column-is-layout-flow\" style=\"flex-basis:5%\"><\/div>\n<\/div>\n<\/div>\n<\/div>\n\n\n\n<p><\/p>\n","protected":false},"excerpt":{"rendered":"<p>Nous nous engageons \u00e0 offrir le meilleur lieu de travail de l\u2019industrie, en favorisant le respect, le lien de communaut\u00e9 et l\u2019innovation, afin que nos employ\u00e9s puissent prosp\u00e9rer, offrir de meilleurs r\u00e9sultats \u00e0 nos clients et atteindre notre objectif d\u2019offrir un monde meilleur. Miser sur les meilleurs talents Nous recrutons les meilleurs talents de l\u2019industrie&#8230;<\/p>\n","protected":false},"author":420,"featured_media":2273,"parent":1924,"menu_order":2,"comment_status":"closed","ping_status":"closed","template":"views\/page-careers-content.blade.php","meta":{"_acf_changed":false,"footnotes":""},"yst_prominent_words":[],"class_list":["post-2268","page","type-page","status-publish","has-post-thumbnail","hentry"],"acf":[],"_links":{"self":[{"href":"https:\/\/aecom.com\/fr-ca\/wp-json\/wp\/v2\/pages\/2268","targetHints":{"allow":["GET"]}}],"collection":[{"href":"https:\/\/aecom.com\/fr-ca\/wp-json\/wp\/v2\/pages"}],"about":[{"href":"https:\/\/aecom.com\/fr-ca\/wp-json\/wp\/v2\/types\/page"}],"author":[{"embeddable":true,"href":"https:\/\/aecom.com\/fr-ca\/wp-json\/wp\/v2\/users\/420"}],"replies":[{"embeddable":true,"href":"https:\/\/aecom.com\/fr-ca\/wp-json\/wp\/v2\/comments?post=2268"}],"version-history":[{"count":11,"href":"https:\/\/aecom.com\/fr-ca\/wp-json\/wp\/v2\/pages\/2268\/revisions"}],"predecessor-version":[{"id":8770,"href":"https:\/\/aecom.com\/fr-ca\/wp-json\/wp\/v2\/pages\/2268\/revisions\/8770"}],"up":[{"embeddable":true,"href":"https:\/\/aecom.com\/fr-ca\/wp-json\/wp\/v2\/pages\/1924"}],"wp:featuredmedia":[{"embeddable":true,"href":"https:\/\/aecom.com\/fr-ca\/wp-json\/wp\/v2\/media\/2273"}],"wp:attachment":[{"href":"https:\/\/aecom.com\/fr-ca\/wp-json\/wp\/v2\/media?parent=2268"}],"wp:term":[{"taxonomy":"yst_prominent_words","embeddable":true,"href":"https:\/\/aecom.com\/fr-ca\/wp-json\/wp\/v2\/yst_prominent_words?post=2268"}],"curies":[{"name":"wp","href":"https:\/\/api.w.org\/{rel}","templated":true}]}}