{"id":2274,"date":"2022-03-22T03:46:14","date_gmt":"2022-03-22T03:46:14","guid":{"rendered":"https:\/\/aecom.com\/fr-ca\/careers\/graduates-and-early-careers\/"},"modified":"2026-03-23T15:25:45","modified_gmt":"2026-03-23T15:25:45","slug":"graduates-and-early-careers","status":"publish","type":"page","link":"https:\/\/aecom.com\/fr-ca\/careers\/graduates-and-early-careers\/","title":{"rendered":"Dipl\u00f4m\u00e9s et d\u00e9but de carri\u00e8re"},"content":{"rendered":"\n    <div class=\"aecom-custom-block careers-header my-0\" style=\"background-color: #00353e; margin-top: 0px; margin-bottom: 40px;\">\n    <div class=\"careers-header-content\">\n                    <div class=\"careers-header-bg\" style=\"background-image: url('https:\/\/aecom.com\/fr-ca\/wp-content\/uploads\/2023\/08\/Great-Western-Highway_04-1-1.jpg');opacity: 70%;\"><\/div>\n                    <div class=\"row no-gutters header-container\">\n                <div class=\"col careers-title\">\n                    <div class=\"header-title\">\n                        <p class=\"careers-sub-title\">Dipl\u00f4m\u00e9s et d\u00e9but de carri\u00e8re<\/p>\n                        <h1>Libre d\u2019\u00e9voluer dans un monde de possibilit\u00e9s. <\/h1>\n                    <\/div>\n                                            <div class=\"header-content\">\n                            <p><span class=\"TextRun SCXW66486780 BCX0\" lang=\"FR-CA\" xml:lang=\"FR-CA\" data-contrast=\"auto\"><span class=\"NormalTextRun SCXW66486780 BCX0\">Votre premier choix de carri\u00e8re devrait vous offrir les deux. C\u2019est ce que nous faisons.<\/span><\/span><span class=\"EOP SCXW66486780 BCX0\" data-ccp-props=\"{&quot;201341983&quot;:0,&quot;335559739&quot;:160,&quot;335559740&quot;:259}\">\u00a0<\/span><\/p>\n                        <\/div>\n                                        <div class=\"cta-container\">\n\n                        <!-- add condition here -->\n                                                    <div class=\"cta-button-container\">\n                                <a href=\"https:\/\/canada-fr.aecom.jobs\/locations\/quebec\/jobs\/\" class=\"aecom-global-cta aecom-global-cta-sml aecom-global-cta-bold aecom-global-cta-e-green-solid\">Postuler<\/a>\n                            <\/div>\n                        \n                        <!-- add condition here -->\n                        \n\n                    <\/div>\n                    \n                <\/div>\n            <\/div>\n        <\/div>\n    <\/div>\n\n\n<div style=\"height:50px\" aria-hidden=\"true\" class=\"wp-block-spacer\"><\/div>\n\n\n\n<div class=\"wp-block-columns aecom-centered-column is-layout-flex wp-container-core-columns-is-layout-9d6595d7 wp-block-columns-is-layout-flex\">\n<div class=\"wp-block-column is-layout-flow wp-block-column-is-layout-flow\" style=\"flex-basis:70%\">\n<div class=\"aecom-custom-block block-intro-text my-0\" style=\"margin-top: 0px; margin-bottom: 40px\">\n    <p class=\"editor-emphasized\">\n        Partout dans le monde, notre client\u00e8le compte sur nous pour r\u00e9fl\u00e9chir au-del\u00e0 des limites et trouver des solutions \u00e0 leurs plus importants d\u00e9fis, cr\u00e9ant ainsi un h\u00e9ritage pour les g\u00e9n\u00e9rations futures.     <\/p>\n<\/div>\n\n\n<div class=\"aecom-custom-block block-facts\"\n    style=\"margin-top: 0px; margin-bottom: 40px\">\n\n        <ul class=\"list-style-bullets\">\n                    <li>\n                                    Am\u00e9liorer l\u2019acc\u00e8s \u00e0 l\u2019eau potable et \u00e0 l\u2019\u00e9nergie propre                              <\/li>\n                    <li>\n                                    Concevoir des b\u00e2timents et des espaces durables                              <\/li>\n                    <li>\n                                    Planifier des villes durables et r\u00e9silientes                              <\/li>\n                    <li>\n                                    Restaurer et revitaliser les environnements                              <\/li>\n                    <li>\n                                    Rapprocher les gens et les \u00e9conomies gr\u00e2ce \u00e0 des routes, des ponts et des r\u00e9seaux de transport en commun                             <\/li>\n            <\/ul>\n<\/div>\n\n\n<h2 class=\"wp-block-heading\"><strong>Construisez votre r\u00e9seau et votre carri\u00e8re ici.<\/strong>&nbsp;<\/h2>\n\n\n\n<p>Une fois que vous ferez partie de notre r\u00e9seau d\u2019experts mondiaux, vous travaillerez avec les meilleurs et les plus brillants de l\u2019industrie dans un milieu qui favorise l\u2019apprentissage, le perfectionnement et l\u2019excellence technique.&nbsp;<\/p>\n\n\n\n<h2 class=\"wp-block-heading\"><strong>Soyez vous-m\u00eame et \u00e9panouissez-vous.<\/strong>&nbsp;<\/h2>\n\n\n\n<p>Nous encourageons la cr\u00e9ativit\u00e9, soutenons la flexibilit\u00e9, valorisons la diversit\u00e9 et appr\u00e9cions la nouveaut\u00e9 et l\u2019innovation.&nbsp;&nbsp;&nbsp;<\/p>\n\n\n\n<h2 class=\"wp-block-heading\"><strong>Vous \u00eates libre de cro\u00eetre.<\/strong>&nbsp;&nbsp;<\/h2>\n\n\n\n<p>Que vous ayez termin\u00e9 votre cursus universitaire ou que vous soyez encore aux \u00e9tudes, nous disposons d\u2019une grande vari\u00e9t\u00e9 de postes pour dipl\u00f4m\u00e9s, de stages et d\u2019emplois en alternance qui r\u00e9pondent \u00e0 vos besoins, afin que vous puissiez concilier vos aspirations personnelles et professionnelles.&nbsp;&nbsp;<\/p>\n\n\n\n<p>C\u2019est ici que vous transformez votre formation et vos connaissances en un potentiel de carri\u00e8re infini. Cherchez des postes vacants ou renseignez-vous sur un programme pr\u00e8s de chez vous.&nbsp;<\/p>\n<\/div>\n\n\n\n<div class=\"wp-block-column is-layout-flow wp-block-column-is-layout-flow\" style=\"flex-basis:30%\">\n<div class=\"aecom-custom-block aecom-sidebar-block my-0\">\n  <ul class=\"sidebar-cta-links\">\n                <li class=\"sidebar-cta-link\">\n        <a href=\"https:\/\/aecom.com\/americas-graduate-careers\/\" target=\"_blank\" class=\"cta-title-text\">\n          <h4>Carri\u00e8res pour les dipl\u00f4m\u00e9s des Am\u00e9riques (en anglais seulment)<\/h4>\n          <p><\/p>\n        <\/a>\n        <a href=\"https:\/\/aecom.com\/americas-graduate-careers\/\" target=\"_blank\" class=\"cta-circle-button\">\n          En savoir plus        <\/a>\n      <\/li>\n                <li class=\"sidebar-cta-link\">\n        <a href=\"https:\/\/aecom.com\/wp-content\/uploads\/documents\/brochures\/Indigenous_Blooming_New_Graduate_FR_2024.pdf\" target=\"_blank\" class=\"cta-title-text\">\n          <h4>Programme d\u2019\u00e9panouissement pour les nouveaux dipl\u00f4m\u00e9s autochtones<\/h4>\n          <p><\/p>\n        <\/a>\n        <a href=\"https:\/\/aecom.com\/wp-content\/uploads\/documents\/brochures\/Indigenous_Blooming_New_Graduate_FR_2024.pdf\" target=\"_blank\" class=\"cta-circle-button\">\n          En savoir plus        <\/a>\n      <\/li>\n    \n  <\/ul>\n<\/div><\/div>\n<\/div>\n\n\n\n<div style=\"height:50px\" aria-hidden=\"true\" class=\"wp-block-spacer\"><\/div>\n\n\n\n<div class=\"aecom-custom-block link-column-block my-0 careers-links-block-container link-block-midnight-teal\" style=\"margin-top: 0px; margin-bottom: 40px\">\n    <div class=\"row no-gutters h-100\">\n        \n                <div class=\"col-sm-12 col-md-12 col-lg-4 careers-link-block\">\n                    <div class=\"link-block-title\">\n                        <h3>Occasions de carri\u00e8re<\/h3>\n                    <\/div>\n                    <div class=\"link-block-content\">\n                        <p>Trouvez votre prochain d\u00e9fi professionnel et apprenez-en plus sur notre processus d&#8217;embauche.<\/p>\n                    <\/div>\n                    <div class=\"link-block-cta\">\n                        <a href=\"https:\/\/canada-fr.aecom.jobs\/locations\/quebec\/jobs\/\" target=\"_blank\" class=\"aecom-global-cta aecom-global-cta-sml aecom-global-cta-bold button-outline\">Rejoindre notre \u00e9quipe<\/a>\n                    <\/div>\n                <\/div>\n\n        \n                <div class=\"col-sm-12 col-md-12 col-lg-4 careers-link-block\">\n                    <div class=\"link-block-title\">\n                        <h3>Joignez-vous au r\u00e9seau de talents<\/h3>\n                    <\/div>\n                    <div class=\"link-block-content\">\n                        <p>Recevez des notifications sur les postes vacants qui correspondent \u00e0 vos champs d\u2019int\u00e9r\u00eat et d\u00e9couvrez les avantages de travailler avec nous.<\/p>\n                    <\/div>\n                    <div class=\"link-block-cta\">\n                        <a href=\"https:\/\/smrtr.io\/mBL3r\" target=\"_blank\" class=\"aecom-global-cta aecom-global-cta-sml aecom-global-cta-bold button-outline\">Inscrivez-vous<\/a>\n                    <\/div>\n                <\/div>\n\n        \n                <div class=\"col-sm-12 col-md-12 col-lg-4 careers-link-block\">\n                    <div class=\"link-block-title\">\n                        <h3>Accessibilit\u00e9 et \u00e9galit\u00e9<\/h3>\n                    <\/div>\n                    <div class=\"link-block-content\">\n                        <p>Nous tenons \u00e0 ce que le plus grand nombre possible de personnes puissent utiliser ce site Web. Voir les mesures prises.<\/p>\n                    <\/div>\n                    <div class=\"link-block-cta\">\n                        <a href=\"https:\/\/aecom.com\/fr-ca\/accessibilityreasonable-accommodation\/\"  class=\"aecom-global-cta aecom-global-cta-sml aecom-global-cta-bold button-outline\">Voir nos politiques<\/a>\n                    <\/div>\n                <\/div>\n\n            <\/div>\n<\/div>\n\n\n<div style=\"height:50px\" aria-hidden=\"true\" class=\"wp-block-spacer\"><\/div>\n\n\n\n<div class=\"wp-block-columns careers-badges is-layout-flex wp-container-core-columns-is-layout-9d6595d7 wp-block-columns-is-layout-flex\">\n<div class=\"wp-block-column is-vertically-aligned-center careers-badges is-layout-flow wp-block-column-is-layout-flow\" style=\"flex-basis:100%\">\n<div class=\"wp-block-columns are-vertically-aligned-center is-layout-flex wp-container-core-columns-is-layout-9d6595d7 wp-block-columns-is-layout-flex\">\n<div class=\"wp-block-column is-layout-flow wp-block-column-is-layout-flow\" style=\"flex-basis:5%\"><\/div>\n\n\n\n<div class=\"wp-block-column is-vertically-aligned-center is-layout-flow wp-block-column-is-layout-flow\">\n<div class=\"wp-block-columns are-vertically-aligned-center is-layout-flex wp-container-core-columns-is-layout-9d6595d7 wp-block-columns-is-layout-flex\">\n<div class=\"wp-block-column is-vertically-aligned-center is-layout-flow wp-block-column-is-layout-flow\">\n<figure class=\"wp-block-image aligncenter size-large is-style-default\"><img decoding=\"async\" src=\"https:\/\/aecom.com\/en-ca\/wp-content\/uploads\/2024\/08\/EN-SCEAU-300-COMPANIES-2024-1024x1024.jpg\" alt=\"\" class=\"wp-image-4797\"\/><\/figure>\n<\/div>\n\n\n\n<div class=\"wp-block-column is-vertically-aligned-center is-layout-flow wp-block-column-is-layout-flow\">\n<figure class=\"wp-block-image aligncenter size-large is-resized is-style-default\"><img decoding=\"async\" src=\"https:\/\/aecom.com\/en-ca\/wp-content\/uploads\/2025\/01\/Fortune-WMAC-2025-1-598x1024.png\" alt=\"\" class=\"wp-image-6068\"\/><\/figure>\n<\/div>\n\n\n\n<div class=\"wp-block-column is-vertically-aligned-center is-layout-flow wp-block-column-is-layout-flow\">\n<figure class=\"wp-block-image aligncenter size-full is-style-default\"><img loading=\"lazy\" decoding=\"async\" width=\"712\" height=\"476\" src=\"https:\/\/aecom.com\/fr-ca\/wp-content\/uploads\/2026\/03\/2689290_2026CustomWMECLogos_10x_121125-1-e1774278903238.png\" alt=\"\" class=\"wp-image-8760\" srcset=\"https:\/\/aecom.com\/fr-ca\/wp-content\/uploads\/2026\/03\/2689290_2026CustomWMECLogos_10x_121125-1-e1774278903238.png 712w, https:\/\/aecom.com\/fr-ca\/wp-content\/uploads\/2026\/03\/2689290_2026CustomWMECLogos_10x_121125-1-e1774278903238-300x201.png 300w, https:\/\/aecom.com\/fr-ca\/wp-content\/uploads\/2026\/03\/2689290_2026CustomWMECLogos_10x_121125-1-e1774278903238-272x182.png 272w\" sizes=\"auto, (max-width: 712px) 100vw, 712px\" \/><\/figure>\n<\/div>\n\n\n\n<div class=\"wp-block-column is-vertically-aligned-center is-layout-flow wp-block-column-is-layout-flow\">\n<figure class=\"wp-block-image aligncenter size-large is-resized is-style-default\"><img decoding=\"async\" src=\"https:\/\/aecom.com\/en-ca\/wp-content\/uploads\/2026\/01\/Time-Best-Companies-2025-1-757x1024.png\" alt=\"\" class=\"wp-image-7432\"\/><\/figure>\n<\/div>\n<\/div>\n<\/div>\n\n\n\n<div class=\"wp-block-column is-vertically-aligned-center is-layout-flow wp-block-column-is-layout-flow\">\n<div class=\"wp-block-columns are-vertically-aligned-center is-layout-flex wp-container-core-columns-is-layout-9d6595d7 wp-block-columns-is-layout-flex\">\n<div class=\"wp-block-column is-vertically-aligned-center is-layout-flow wp-block-column-is-layout-flow\">\n<figure class=\"wp-block-image size-large is-style-default\"><img loading=\"lazy\" decoding=\"async\" width=\"1024\" height=\"682\" src=\"https:\/\/aecom.com\/fr-ca\/wp-content\/uploads\/2026\/02\/EQ100_2026_color-073125-1-1024x682.png\" alt=\"\" class=\"wp-image-8612\" srcset=\"https:\/\/aecom.com\/fr-ca\/wp-content\/uploads\/2026\/02\/EQ100_2026_color-073125-1-1024x682.png 1024w, https:\/\/aecom.com\/fr-ca\/wp-content\/uploads\/2026\/02\/EQ100_2026_color-073125-1-300x200.png 300w\" sizes=\"auto, (max-width: 1024px) 100vw, 1024px\" \/><\/figure>\n<\/div>\n\n\n\n<div class=\"wp-block-column is-vertically-aligned-center is-layout-flow wp-block-column-is-layout-flow\" style=\"flex-basis:18%\">\n<figure class=\"wp-block-image aligncenter size-full is-style-default\"><img decoding=\"async\" src=\"https:\/\/aecom.com\/en-ca\/wp-content\/uploads\/2026\/01\/2026_TOP100_Platinum_EN.png\" alt=\"\" class=\"wp-image-7422\"\/><\/figure>\n<\/div>\n\n\n\n<div class=\"wp-block-column is-vertically-aligned-center is-layout-flow wp-block-column-is-layout-flow\" style=\"flex-basis:28%\">\n<figure class=\"wp-block-image size-full is-style-default\"><img loading=\"lazy\" decoding=\"async\" width=\"2560\" height=\"580\" src=\"https:\/\/aecom.com\/fr-ca\/wp-content\/uploads\/2025\/09\/APRA-FR-BRONZE-Logo-Colour-scaled.png\" alt=\"\" class=\"wp-image-7712\" srcset=\"https:\/\/aecom.com\/fr-ca\/wp-content\/uploads\/2025\/09\/APRA-FR-BRONZE-Logo-Colour-scaled.png 2560w, https:\/\/aecom.com\/fr-ca\/wp-content\/uploads\/2025\/09\/APRA-FR-BRONZE-Logo-Colour-300x68.png 300w, https:\/\/aecom.com\/fr-ca\/wp-content\/uploads\/2025\/09\/APRA-FR-BRONZE-Logo-Colour-1024x232.png 1024w\" sizes=\"auto, (max-width: 2560px) 100vw, 2560px\" \/><\/figure>\n<\/div>\n\n\n\n<div class=\"wp-block-column is-vertically-aligned-center is-layout-flow wp-block-column-is-layout-flow\">\n<figure class=\"wp-block-image size-full is-style-default\"><img loading=\"lazy\" decoding=\"async\" width=\"600\" height=\"450\" src=\"https:\/\/aecom.com\/fr-ca\/wp-content\/uploads\/2022\/11\/enr-web-2022.png\" alt=\"\" class=\"wp-image-1932\" srcset=\"https:\/\/aecom.com\/fr-ca\/wp-content\/uploads\/2022\/11\/enr-web-2022.png 600w, https:\/\/aecom.com\/fr-ca\/wp-content\/uploads\/2022\/11\/enr-web-2022-300x225.png 300w\" sizes=\"auto, (max-width: 600px) 100vw, 600px\" \/><\/figure>\n<\/div>\n<\/div>\n<\/div>\n\n\n\n<div class=\"wp-block-column is-layout-flow wp-block-column-is-layout-flow\" style=\"flex-basis:5%\"><\/div>\n<\/div>\n<\/div>\n<\/div>\n","protected":false},"excerpt":{"rendered":"<p>Construisez votre r\u00e9seau et votre carri\u00e8re ici.&nbsp; Une fois que vous ferez partie de notre r\u00e9seau d\u2019experts mondiaux, vous travaillerez avec les meilleurs et les plus brillants de l\u2019industrie dans un milieu qui favorise l\u2019apprentissage, le perfectionnement et l\u2019excellence technique.&nbsp; Soyez vous-m\u00eame et \u00e9panouissez-vous.&nbsp; Nous encourageons la cr\u00e9ativit\u00e9, soutenons la flexibilit\u00e9, valorisons la diversit\u00e9 et&#8230;<\/p>\n","protected":false},"author":420,"featured_media":1933,"parent":1924,"menu_order":3,"comment_status":"closed","ping_status":"closed","template":"views\/page-careers-content.blade.php","meta":{"_acf_changed":false,"footnotes":""},"yst_prominent_words":[],"class_list":["post-2274","page","type-page","status-publish","has-post-thumbnail","hentry"],"acf":[],"_links":{"self":[{"href":"https:\/\/aecom.com\/fr-ca\/wp-json\/wp\/v2\/pages\/2274","targetHints":{"allow":["GET"]}}],"collection":[{"href":"https:\/\/aecom.com\/fr-ca\/wp-json\/wp\/v2\/pages"}],"about":[{"href":"https:\/\/aecom.com\/fr-ca\/wp-json\/wp\/v2\/types\/page"}],"author":[{"embeddable":true,"href":"https:\/\/aecom.com\/fr-ca\/wp-json\/wp\/v2\/users\/420"}],"replies":[{"embeddable":true,"href":"https:\/\/aecom.com\/fr-ca\/wp-json\/wp\/v2\/comments?post=2274"}],"version-history":[{"count":11,"href":"https:\/\/aecom.com\/fr-ca\/wp-json\/wp\/v2\/pages\/2274\/revisions"}],"predecessor-version":[{"id":8768,"href":"https:\/\/aecom.com\/fr-ca\/wp-json\/wp\/v2\/pages\/2274\/revisions\/8768"}],"up":[{"embeddable":true,"href":"https:\/\/aecom.com\/fr-ca\/wp-json\/wp\/v2\/pages\/1924"}],"wp:featuredmedia":[{"embeddable":true,"href":"https:\/\/aecom.com\/fr-ca\/wp-json\/wp\/v2\/media\/1933"}],"wp:attachment":[{"href":"https:\/\/aecom.com\/fr-ca\/wp-json\/wp\/v2\/media?parent=2274"}],"wp:term":[{"taxonomy":"yst_prominent_words","embeddable":true,"href":"https:\/\/aecom.com\/fr-ca\/wp-json\/wp\/v2\/yst_prominent_words?post=2274"}],"curies":[{"name":"wp","href":"https:\/\/api.w.org\/{rel}","templated":true}]}}