{"id":2481,"date":"2022-07-07T12:22:42","date_gmt":"2022-07-07T12:22:42","guid":{"rendered":"https:\/\/aecom.com\/fr-ca\/careers\/career-paths\/"},"modified":"2026-03-23T15:27:16","modified_gmt":"2026-03-23T15:27:16","slug":"career-paths","status":"publish","type":"page","link":"https:\/\/aecom.com\/fr-ca\/careers\/career-paths\/","title":{"rendered":"Cheminements professionnels"},"content":{"rendered":"\n<div class=\"wp-block-columns career-path-header is-layout-flex wp-container-core-columns-is-layout-9d6595d7 wp-block-columns-is-layout-flex\">\n<div class=\"wp-block-column working-with-us-header is-layout-flow wp-block-column-is-layout-flow\" id=\"my-0\">\n    <div class=\"aecom-custom-block careers-header\" style=\"background-color: #000; margin-top: 0px; margin-bottom: 0;\">\n    <div class=\"careers-header-content\">\n                    <div class=\"careers-header-bg\" style=\"background-image: url('https:\/\/aecom.com\/fr-ca\/wp-content\/uploads\/2023\/08\/career-paths-banner-new.jpg');opacity: 80%;\"><\/div>\n                    <div class=\"row no-gutters header-container\">\n                <div class=\"col careers-title\">\n                    <div class=\"header-title\">\n                        <p class=\"careers-sub-title\"><\/p>\n                        <h1><\/h1>\n                    <\/div>\n                                            <div class=\"header-content\">\n                            <p><img loading=\"lazy\" decoding=\"async\" class=\"alignnone wp-image-2304 size-large\" src=\"https:\/\/aecom.com\/fr-ca\/wp-content\/uploads\/2023\/08\/cheminementsprofessionnels-nobg-02-e1692298037785-1024x170.png\" alt=\"\" width=\"1024\" height=\"170\" srcset=\"https:\/\/aecom.com\/fr-ca\/wp-content\/uploads\/2023\/08\/cheminementsprofessionnels-nobg-02-e1692298037785-1024x170.png 1024w, https:\/\/aecom.com\/fr-ca\/wp-content\/uploads\/2023\/08\/cheminementsprofessionnels-nobg-02-e1692298037785-300x50.png 300w, https:\/\/aecom.com\/fr-ca\/wp-content\/uploads\/2023\/08\/cheminementsprofessionnels-nobg-02-e1692298037785-768x127.png 768w, https:\/\/aecom.com\/fr-ca\/wp-content\/uploads\/2023\/08\/cheminementsprofessionnels-nobg-02-e1692298037785-1536x255.png 1536w, https:\/\/aecom.com\/fr-ca\/wp-content\/uploads\/2023\/08\/cheminementsprofessionnels-nobg-02-e1692298037785.png 1961w\" sizes=\"auto, (max-width: 1024px) 100vw, 1024px\" \/><\/p>\n<h1><span class=\"TextRun SCXW256323692 BCX0\" lang=\"FR-CA\" xml:lang=\"FR-CA\" data-contrast=\"auto\"><span class=\"NormalTextRun SCXW256323692 BCX0\">D\u00e9couvrez un monde de possibilit\u00e9s<\/span><\/span><span class=\"EOP SCXW256323692 BCX0\" data-ccp-props=\"{&quot;201341983&quot;:0,&quot;335559739&quot;:160,&quot;335559740&quot;:259}\">\u00a0<\/span><\/h1>\n                        <\/div>\n                                        <div class=\"cta-container\">\n\n                        <!-- add condition here -->\n                                                    <div class=\"cta-button-container\">\n                                <a href=\"https:\/\/canada-fr.aecom.jobs\/locations\/quebec\/jobs\/\" class=\"aecom-global-cta aecom-global-cta-sml aecom-global-cta-bold aecom-global-cta-white-transparent\">Postuler<\/a>\n                            <\/div>\n                        \n                        <!-- add condition here -->\n                        \n\n                    <\/div>\n                    \n                <\/div>\n            <\/div>\n        <\/div>\n    <\/div><\/div>\n<\/div>\n\n\n\n<div class=\"aecom-custom-block link-column-block my-0 careers-links-block-container link-block-midnight-teal\" style=\"margin-top: 0px; margin-bottom: 40px\">\n    <div class=\"row no-gutters h-100\">\n        \n                <div class=\"col-sm-12 col-md-12 col-lg-4 careers-link-block\">\n                    <div class=\"link-block-title\">\n                        <h3>Occasions de carri\u00e8re<\/h3>\n                    <\/div>\n                    <div class=\"link-block-content\">\n                        <p>Trouvez votre prochain d\u00e9fi professionnel et apprenez-en plus sur notre processus d&#8217;embauche.<\/p>\n                    <\/div>\n                    <div class=\"link-block-cta\">\n                        <a href=\"https:\/\/canada-fr.aecom.jobs\/locations\/quebec\/jobs\/\" target=\"_blank\" class=\"aecom-global-cta aecom-global-cta-sml aecom-global-cta-bold button-outline\">Rejoindre notre \u00e9quipe<\/a>\n                    <\/div>\n                <\/div>\n\n        \n                <div class=\"col-sm-12 col-md-12 col-lg-4 careers-link-block\">\n                    <div class=\"link-block-title\">\n                        <h3>Joignez-vous au r\u00e9seau de talents <\/h3>\n                    <\/div>\n                    <div class=\"link-block-content\">\n                        <p>Recevez des notifications sur les postes vacants qui correspondent \u00e0 vos champs d\u2019int\u00e9r\u00eat et d\u00e9couvrez les avantages de travailler avec nous. <\/p>\n                    <\/div>\n                    <div class=\"link-block-cta\">\n                        <a href=\"https:\/\/smrtr.io\/mBL3r\" target=\"_blank\" class=\"aecom-global-cta aecom-global-cta-sml aecom-global-cta-bold button-outline\">Inscrivez-vous <\/a>\n                    <\/div>\n                <\/div>\n\n        \n                <div class=\"col-sm-12 col-md-12 col-lg-4 careers-link-block\">\n                    <div class=\"link-block-title\">\n                        <h3>H\u00e9ritage durable<\/h3>\n                    <\/div>\n                    <div class=\"link-block-content\">\n                        <p>Ensemble, nous parviendrons \u00e0 la carboneutralit\u00e9, nous am\u00e9liorerons les retomb\u00e9es sociales pour nos clients et nos communaut\u00e9s, et nous favoriserons une culture d\u2019inclusion et de respect. <\/p>\n                    <\/div>\n                    <div class=\"link-block-cta\">\n                        <a href=\"\/fr-ca\/sustainable-legacies-ca\/\"  class=\"aecom-global-cta aecom-global-cta-sml aecom-global-cta-bold button-outline\">Comment nous proc\u00e9dons<\/a>\n                    <\/div>\n                <\/div>\n\n            <\/div>\n<\/div>\n\n\n<div class=\"wp-block-columns column-video-block wp-columns-no-margin is-layout-flex wp-container-core-columns-is-layout-9d6595d7 wp-block-columns-is-layout-flex\">\n<div class=\"wp-block-column is-layout-flow wp-block-column-is-layout-flow\">\n<div class=\"column-video-text-content-wrap\">\n    <div class=\"column-video-text-content\">\n    <h2 style=\"font-size: 46px; line-height: 48px;\">Nous soutenons la poursuite de vos objectifs de carri\u00e8re<\/h2>\n    <p class=\"editor-emphasized\">Mettez vos talents, votre exp\u00e9rience et votre expertise \u00e0 contribution, et vous aurez la chance de saisir et de poursuivre des perspectives de carri\u00e8re enrichissantes dans les domaines de l\u2019excellence technique, la gestion de la croissance et de la client\u00e8le, la gestion de projets et de programmes, et du leadership dans les diff\u00e9rents champs d\u2019activit\u00e9.<\/p>\n    <span class=\"wistia_embed wistia_async_7ks1g3lwh1 popover=true popoverContent=link\" style=\"display:inline;position:relative\"><a href=\"#\" class=\"aecom-global-cta aecom-global-cta-sml aecom-global-cta-bold adivecom-global-cta-e-green-transparent\">Regarder le vid\u00e9o sur les cheminements de carri\u00e8re<\/a><\/span>\n    <\/div>\n    <\/div>\n<\/div>\n\n\n\n<div class=\"wp-block-column is-layout-flow wp-block-column-is-layout-flow\">\n<script src=\"https:\/\/fast.wistia.com\/embed\/medias\/7ks1g3lwh1.jsonp\" async=\"\"><\/script><script src=\"https:\/\/fast.wistia.com\/assets\/external\/E-v1.js\" async=\"\"><\/script><span class=\"wistia_embed wistia_async_7ks1g3lwh1 popover=true popoverContent=link\" style=\"display:inline;position:relative\"><a href=\"#\"><img decoding=\"async\" src=\"https:\/\/aecom.com\/content\/wp-content\/uploads\/2022\/08\/career-paths-video-thumb-new.jpg\"><\/a><\/span>\n<\/div>\n<\/div>\n\n\n\n<div class=\"wp-block-columns wp-columns-no-margin is-layout-flex wp-container-core-columns-is-layout-9d6595d7 wp-block-columns-is-layout-flex\">\n<div class=\"wp-block-column full-width-media-reverse full-width-media-no-sub is-layout-flow wp-block-column-is-layout-flow\">        <div class=\"full-width-media theme-white layout-one-half full-width-media-reverse my-0 media-stacked\"\n            style=\"margin-top: 0px; margin-bottom: 40px\">\n                <div\n            class=\"row no-gutters flex-sm-wrap \">\n            <div\n                class=\"col-lg-6 col-sm-12 col-md-12 media-text-content\">\n                <div class=\"media-text-content-wrapper\">\n                    <div class=\"media-text-title\">\n                                                                                                    <h2>Notre philosophie du d\u00e9veloppement professionnel<\/h2>\n                                                                    <\/div>\n                    <div class=\"media-text-text\">\n                        <p><p><span class=\"TextRun SCXW255407305 BCX0\" lang=\"FR-CA\" xml:lang=\"FR-CA\" data-contrast=\"auto\"><span class=\"NormalTextRun SCXW255407305 BCX0\">Le d\u00e9veloppement personnel et professionnel est un projet de vie. Nous sommes un milieu qui favorise la curiosit\u00e9 intellectuelle<\/span><span class=\"NormalTextRun SCXW255407305 BCX0\"> \u2013<\/span><span class=\"NormalTextRun SCXW255407305 BCX0\">\u202fpour ceux ayant une mentalit\u00e9 innovatrice, un esprit d\u2019entreprise et une volont\u00e9 d\u2019accomplissement. Nous croyons que l\u2019enrichissement des connaissances, l\u2019\u00e9change d\u2019id\u00e9es et l\u2019enseignement sont essentiels \u00e0 l\u2019avancement professionnel.<\/span><\/span><\/p>\n<\/p>\n                    <\/div>\n                                    <\/div>\n            <\/div>\n                            <div class=\"col-lg-6 col-md-12 col-sm-12 media-image-container\"\n                    style=\"background-color: #000;\">\n                    <div class=\"media-image\"\n                        style=\"background-image: url('https:\/\/aecom.com\/fr-ca\/wp-content\/uploads\/2023\/09\/career-development-image.jpg');opacity: 100%;\">\n                    <\/div>\n                <\/div>\n                                <\/div>\n    <\/div><\/div>\n<\/div>\n\n\n\n<div class=\"wp-block-columns is-layout-flex wp-container-core-columns-is-layout-9d6595d7 wp-block-columns-is-layout-flex\">\n<div class=\"wp-block-column is-layout-flow wp-block-column-is-layout-flow\">        <div class=\"full-width-media theme-white layout-one-half full-width-media-no-sub my-0 media-stacked\"\n            style=\"margin-top: 0px; margin-bottom: 40px\">\n                <div\n            class=\"row no-gutters flex-sm-wrap \">\n            <div\n                class=\"col-lg-6 col-sm-12 col-md-12 media-text-content\">\n                <div class=\"media-text-content-wrapper\">\n                    <div class=\"media-text-title\">\n                                                                                                    <h2>Le leadership s\u2019exerce \u00e0 tous les \u00e9chelons<\/h2>\n                                                                    <\/div>\n                    <div class=\"media-text-text\">\n                        <p><p><span class=\"TextRun SCXW20009607 BCX0\" lang=\"FR-CA\" xml:lang=\"FR-CA\" data-contrast=\"auto\"><span class=\"NormalTextRun SCXW20009607 BCX0\">Nous formons des penseurs innovants, des gestionnaires attentifs et des dirigeants influents. Notre gamme compl\u00e8te de programmes de perfectionnement professionnel vous aide \u00e0 d\u00e9velopper vos comp\u00e9tences en mati\u00e8re de leadership, o\u00f9 que vous en soyez dans votre carri\u00e8re.<\/span><\/span><span class=\"EOP SCXW20009607 BCX0\" data-ccp-props=\"{&quot;201341983&quot;:0,&quot;335559739&quot;:160,&quot;335559740&quot;:259}\">\u00a0<\/span><\/p>\n<\/p>\n                    <\/div>\n                                    <\/div>\n            <\/div>\n                            <div class=\"col-lg-6 col-md-12 col-sm-12 media-image-container\"\n                    style=\"background-color: #000;\">\n                    <div class=\"media-image\"\n                        style=\"background-image: url('https:\/\/aecom.com\/fr-ca\/wp-content\/uploads\/2023\/09\/2L1A0233-web.jpg');opacity: 100%;\">\n                    <\/div>\n                <\/div>\n                                <\/div>\n    <\/div><\/div>\n<\/div>\n\n\n\n<div class=\"wp-block-columns wp-columns-no-margin no-margin-mobile is-layout-flex wp-container-core-columns-is-layout-9d6595d7 wp-block-columns-is-layout-flex\">\n<div class=\"wp-block-column full-width-media-reverse full-width-media-no-sub is-layout-flow wp-block-column-is-layout-flow\">        <div class=\"full-width-media theme-white layout-one-half full-width-media-reverse my-0 media-stacked\"\n            style=\"margin-top: 0px; margin-bottom: 40px\">\n                <div\n            class=\"row no-gutters flex-sm-wrap \">\n            <div\n                class=\"col-lg-6 col-sm-12 col-md-12 media-text-content\">\n                <div class=\"media-text-content-wrapper\">\n                    <div class=\"media-text-title\">\n                                                                                                    <h2>Laissez-vous inspirer par notre \u00e9quipe<\/h2>\n                                                                    <\/div>\n                    <div class=\"media-text-text\">\n                        <p><p><span class=\"TextRun SCXW199032340 BCX0\" lang=\"FR-CA\" xml:lang=\"FR-CA\" data-contrast=\"auto\"><span class=\"NormalTextRun SCXW199032340 BCX0\">Rencontrez quelques-uns de nos coll\u00e8gues et jetez un coup d\u2019\u0153il \u00e0 leurs exp\u00e9riences et \u00e0 leur cheminement de carri\u00e8re.<\/span><\/span><\/p>\n<\/p>\n                    <\/div>\n                                    <\/div>\n            <\/div>\n                            <div class=\"col-lg-6 col-md-12 col-sm-12 media-image-container\"\n                    style=\"background-color: #000;\">\n                    <div class=\"media-image\"\n                        style=\"background-image: url('https:\/\/aecom.com\/fr-ca\/wp-content\/uploads\/2023\/09\/DSC_3320_Asif-Shafi.jpg');opacity: 100%;\">\n                    <\/div>\n                <\/div>\n                                <\/div>\n    <\/div><\/div>\n<\/div>\n\n\n\n<div class=\"aecom-custom-block link-column-block my-0 careers-links-block-container link-block-midnight-teal\" style=\"margin-top: 0px; margin-bottom: 40px\">\n    <div class=\"row no-gutters h-100\">\n        \n                <div class=\"col-sm-12 col-md-12 col-lg-4 careers-link-block\">\n                    <div class=\"link-block-title\">\n                        <h3>Occasions de carri\u00e8re<\/h3>\n                    <\/div>\n                    <div class=\"link-block-content\">\n                        <p>Trouvez votre prochain d\u00e9fi professionnel et apprenez-en plus sur notre processus d&#8217;embauche.<\/p>\n                    <\/div>\n                    <div class=\"link-block-cta\">\n                        <a href=\"https:\/\/canada-fr.aecom.jobs\/locations\/quebec\/jobs\/\"  class=\"aecom-global-cta aecom-global-cta-sml aecom-global-cta-bold button-outline\">Rejoindre notre \u00e9quipe<\/a>\n                    <\/div>\n                <\/div>\n\n        \n                <div class=\"col-sm-12 col-md-12 col-lg-4 careers-link-block\">\n                    <div class=\"link-block-title\">\n                        <h3>Consultation des Autochtones<\/h3>\n                    <\/div>\n                    <div class=\"link-block-content\">\n                        <p>AECOM s\u2019engage \u00e0 soutenir les communaut\u00e9s autochtones \u00e0 travers son travail et son r\u00f4le en tant que chef de file mondial en mati\u00e8re d\u2019infrastructure.<\/p>\n                    <\/div>\n                    <div class=\"link-block-cta\">\n                        <a href=\"\/fr-ca\/about-us\/indigenous-engagement\/\"  class=\"aecom-global-cta aecom-global-cta-sml aecom-global-cta-bold button-outline\">En savoir plus<\/a>\n                    <\/div>\n                <\/div>\n\n        \n                <div class=\"col-sm-12 col-md-12 col-lg-4 careers-link-block\">\n                    <div class=\"link-block-title\">\n                        <h3>Accessibilit\u00e9 et \u00e9galit\u00e9<\/h3>\n                    <\/div>\n                    <div class=\"link-block-content\">\n                        <p>Nous tenons \u00e0 ce que le plus grand nombre possible de personnes puissent utiliser ce site Web. Voir les mesures prises.<\/p>\n                    <\/div>\n                    <div class=\"link-block-cta\">\n                        <a href=\"https:\/\/aecom.com\/fr-ca\/accessibilityreasonable-accommodation\/\"  class=\"aecom-global-cta aecom-global-cta-sml aecom-global-cta-bold button-outline\">Voir nos politiques<\/a>\n                    <\/div>\n                <\/div>\n\n            <\/div>\n<\/div>\n\n\n<div style=\"height:60px\" aria-hidden=\"true\" class=\"wp-block-spacer\"><\/div>\n\n\n\n<div class=\"wp-block-columns careers-badges is-layout-flex wp-container-core-columns-is-layout-9d6595d7 wp-block-columns-is-layout-flex\">\n<div class=\"wp-block-column is-vertically-aligned-center careers-badges is-layout-flow wp-block-column-is-layout-flow\" style=\"flex-basis:100%\">\n<div class=\"wp-block-columns are-vertically-aligned-center is-layout-flex wp-container-core-columns-is-layout-9d6595d7 wp-block-columns-is-layout-flex\">\n<div class=\"wp-block-column is-layout-flow wp-block-column-is-layout-flow\" style=\"flex-basis:5%\"><\/div>\n\n\n\n<div class=\"wp-block-column is-vertically-aligned-center is-layout-flow wp-block-column-is-layout-flow\">\n<div class=\"wp-block-columns are-vertically-aligned-center is-layout-flex wp-container-core-columns-is-layout-9d6595d7 wp-block-columns-is-layout-flex\">\n<div class=\"wp-block-column is-vertically-aligned-center is-layout-flow wp-block-column-is-layout-flow\">\n<figure class=\"wp-block-image aligncenter size-large is-style-default\"><img decoding=\"async\" src=\"https:\/\/aecom.com\/en-ca\/wp-content\/uploads\/2024\/08\/EN-SCEAU-300-COMPANIES-2024-1024x1024.jpg\" alt=\"\" class=\"wp-image-4797\"\/><\/figure>\n<\/div>\n\n\n\n<div class=\"wp-block-column is-vertically-aligned-center is-layout-flow wp-block-column-is-layout-flow\">\n<figure class=\"wp-block-image aligncenter size-large is-resized is-style-default\"><img decoding=\"async\" src=\"https:\/\/aecom.com\/en-ca\/wp-content\/uploads\/2025\/01\/Fortune-WMAC-2025-1-598x1024.png\" alt=\"\" class=\"wp-image-6068\"\/><\/figure>\n<\/div>\n\n\n\n<div class=\"wp-block-column is-vertically-aligned-center is-layout-flow wp-block-column-is-layout-flow\">\n<figure class=\"wp-block-image aligncenter size-full is-style-default\"><img loading=\"lazy\" decoding=\"async\" width=\"712\" height=\"476\" src=\"https:\/\/aecom.com\/fr-ca\/wp-content\/uploads\/2026\/03\/2689290_2026CustomWMECLogos_10x_121125-1-e1774278903238.png\" alt=\"\" class=\"wp-image-8760\" srcset=\"https:\/\/aecom.com\/fr-ca\/wp-content\/uploads\/2026\/03\/2689290_2026CustomWMECLogos_10x_121125-1-e1774278903238.png 712w, https:\/\/aecom.com\/fr-ca\/wp-content\/uploads\/2026\/03\/2689290_2026CustomWMECLogos_10x_121125-1-e1774278903238-300x201.png 300w, https:\/\/aecom.com\/fr-ca\/wp-content\/uploads\/2026\/03\/2689290_2026CustomWMECLogos_10x_121125-1-e1774278903238-272x182.png 272w\" sizes=\"auto, (max-width: 712px) 100vw, 712px\" \/><\/figure>\n<\/div>\n\n\n\n<div class=\"wp-block-column is-vertically-aligned-center is-layout-flow wp-block-column-is-layout-flow\">\n<figure class=\"wp-block-image aligncenter size-large is-resized is-style-default\"><img decoding=\"async\" src=\"https:\/\/aecom.com\/en-ca\/wp-content\/uploads\/2026\/01\/Time-Best-Companies-2025-1-757x1024.png\" alt=\"\" class=\"wp-image-7432\"\/><\/figure>\n<\/div>\n<\/div>\n<\/div>\n\n\n\n<div class=\"wp-block-column is-vertically-aligned-center is-layout-flow wp-block-column-is-layout-flow\">\n<div class=\"wp-block-columns are-vertically-aligned-center is-layout-flex wp-container-core-columns-is-layout-9d6595d7 wp-block-columns-is-layout-flex\">\n<div class=\"wp-block-column is-vertically-aligned-center is-layout-flow wp-block-column-is-layout-flow\">\n<figure class=\"wp-block-image size-large is-style-default\"><img loading=\"lazy\" decoding=\"async\" width=\"1024\" height=\"682\" src=\"https:\/\/aecom.com\/fr-ca\/wp-content\/uploads\/2026\/02\/EQ100_2026_color-073125-1-1024x682.png\" alt=\"\" class=\"wp-image-8612\" srcset=\"https:\/\/aecom.com\/fr-ca\/wp-content\/uploads\/2026\/02\/EQ100_2026_color-073125-1-1024x682.png 1024w, https:\/\/aecom.com\/fr-ca\/wp-content\/uploads\/2026\/02\/EQ100_2026_color-073125-1-300x200.png 300w\" sizes=\"auto, (max-width: 1024px) 100vw, 1024px\" \/><\/figure>\n<\/div>\n\n\n\n<div class=\"wp-block-column is-vertically-aligned-center is-layout-flow wp-block-column-is-layout-flow\" style=\"flex-basis:18%\">\n<figure class=\"wp-block-image aligncenter size-full is-style-default\"><img decoding=\"async\" src=\"https:\/\/aecom.com\/en-ca\/wp-content\/uploads\/2026\/01\/2026_TOP100_Platinum_EN.png\" alt=\"\" class=\"wp-image-7422\"\/><\/figure>\n<\/div>\n\n\n\n<div class=\"wp-block-column is-vertically-aligned-center is-layout-flow wp-block-column-is-layout-flow\" style=\"flex-basis:28%\">\n<figure class=\"wp-block-image size-full is-style-default\"><img loading=\"lazy\" decoding=\"async\" width=\"2560\" height=\"580\" src=\"https:\/\/aecom.com\/fr-ca\/wp-content\/uploads\/2025\/09\/APRA-FR-BRONZE-Logo-Colour-scaled.png\" alt=\"\" class=\"wp-image-7712\" srcset=\"https:\/\/aecom.com\/fr-ca\/wp-content\/uploads\/2025\/09\/APRA-FR-BRONZE-Logo-Colour-scaled.png 2560w, https:\/\/aecom.com\/fr-ca\/wp-content\/uploads\/2025\/09\/APRA-FR-BRONZE-Logo-Colour-300x68.png 300w, https:\/\/aecom.com\/fr-ca\/wp-content\/uploads\/2025\/09\/APRA-FR-BRONZE-Logo-Colour-1024x232.png 1024w\" sizes=\"auto, (max-width: 2560px) 100vw, 2560px\" \/><\/figure>\n<\/div>\n\n\n\n<div class=\"wp-block-column is-vertically-aligned-center is-layout-flow wp-block-column-is-layout-flow\">\n<figure class=\"wp-block-image size-full is-style-default\"><img loading=\"lazy\" decoding=\"async\" width=\"600\" height=\"450\" src=\"https:\/\/aecom.com\/fr-ca\/wp-content\/uploads\/2022\/11\/enr-web-2022.png\" alt=\"\" class=\"wp-image-1932\" srcset=\"https:\/\/aecom.com\/fr-ca\/wp-content\/uploads\/2022\/11\/enr-web-2022.png 600w, https:\/\/aecom.com\/fr-ca\/wp-content\/uploads\/2022\/11\/enr-web-2022-300x225.png 300w\" sizes=\"auto, (max-width: 600px) 100vw, 600px\" \/><\/figure>\n<\/div>\n<\/div>\n<\/div>\n\n\n\n<div class=\"wp-block-column is-layout-flow wp-block-column-is-layout-flow\" style=\"flex-basis:5%\"><\/div>\n<\/div>\n<\/div>\n<\/div>\n\n\n\n<div style=\"height:48px\" aria-hidden=\"true\" class=\"wp-block-spacer\"><\/div>\n","protected":false},"excerpt":{"rendered":"<p>Nous soutenons la poursuite de vos objectifs de carri\u00e8re Mettez vos talents, votre exp\u00e9rience et votre expertise \u00e0 contribution, et vous aurez la chance de saisir et de poursuivre des perspectives de carri\u00e8re enrichissantes dans les domaines de l\u2019excellence technique, la gestion de la croissance et de la client\u00e8le, la gestion de projets et de&#8230;<\/p>\n","protected":false},"author":558,"featured_media":2281,"parent":1924,"menu_order":-1,"comment_status":"closed","ping_status":"closed","template":"views\/page-careers-content.blade.php","meta":{"_acf_changed":false,"footnotes":""},"yst_prominent_words":[],"class_list":["post-2481","page","type-page","status-publish","has-post-thumbnail","hentry"],"acf":[],"_links":{"self":[{"href":"https:\/\/aecom.com\/fr-ca\/wp-json\/wp\/v2\/pages\/2481","targetHints":{"allow":["GET"]}}],"collection":[{"href":"https:\/\/aecom.com\/fr-ca\/wp-json\/wp\/v2\/pages"}],"about":[{"href":"https:\/\/aecom.com\/fr-ca\/wp-json\/wp\/v2\/types\/page"}],"author":[{"embeddable":true,"href":"https:\/\/aecom.com\/fr-ca\/wp-json\/wp\/v2\/users\/558"}],"replies":[{"embeddable":true,"href":"https:\/\/aecom.com\/fr-ca\/wp-json\/wp\/v2\/comments?post=2481"}],"version-history":[{"count":11,"href":"https:\/\/aecom.com\/fr-ca\/wp-json\/wp\/v2\/pages\/2481\/revisions"}],"predecessor-version":[{"id":8774,"href":"https:\/\/aecom.com\/fr-ca\/wp-json\/wp\/v2\/pages\/2481\/revisions\/8774"}],"up":[{"embeddable":true,"href":"https:\/\/aecom.com\/fr-ca\/wp-json\/wp\/v2\/pages\/1924"}],"wp:featuredmedia":[{"embeddable":true,"href":"https:\/\/aecom.com\/fr-ca\/wp-json\/wp\/v2\/media\/2281"}],"wp:attachment":[{"href":"https:\/\/aecom.com\/fr-ca\/wp-json\/wp\/v2\/media?parent=2481"}],"wp:term":[{"taxonomy":"yst_prominent_words","embeddable":true,"href":"https:\/\/aecom.com\/fr-ca\/wp-json\/wp\/v2\/yst_prominent_words?post=2481"}],"curies":[{"name":"wp","href":"https:\/\/api.w.org\/{rel}","templated":true}]}}