{"id":2680,"date":"2023-10-03T14:10:17","date_gmt":"2023-10-03T14:10:17","guid":{"rendered":"https:\/\/aecom.com\/fr-ca\/?page_id=2680"},"modified":"2023-10-03T14:10:19","modified_gmt":"2023-10-03T14:10:19","slug":"small-businesssupplier-diversity","status":"publish","type":"page","link":"https:\/\/aecom.com\/fr-ca\/small-businesssupplier-diversity\/","title":{"rendered":"Diversit\u00e9 des petites entreprises et des fournisseurs"},"content":{"rendered":"\n<div class=\"aecom-custom-block block-intro-text\" style=\"margin-top: 0px; margin-bottom: 40px\">\n    <p class=\"editor-emphasized\">\n        AECOM reconna\u00eet le r\u00f4le important que jouent les petites entreprises dans notre \u00e9conomie et estime qu\u2019il s\u2019agit de son devoir de contribuer aux collectivit\u00e9s dans lesquelles elle m\u00e8ne ses activit\u00e9s.     <\/p>\n<\/div>\n\n\n<p>Nous pensons que les petites entreprises et les entreprises diversifi\u00e9es sont source d\u2019innovation et d\u2019expertise et peuvent aider AECOM \u00e0 soutenir ses clients et leurs missions. Pour en savoir plus sur le travail que nous effectuons et sur ce que nous attendons de nos fournisseurs, veuillez consulter la section Services int\u00e9gr\u00e9s de notre site Web.&nbsp;<\/p>\n\n\n\n<p>AECOM cherche continuellement \u00e0 rep\u00e9rer de nouvelles petites entreprises diversifi\u00e9es pour l\u2019appuyer dans son travail sur l\u2019ensemble de ses march\u00e9s. Pour favoriser le recours \u00e0 de nouveaux petits fournisseurs et fournisseurs diversifi\u00e9s, AECOM met en \u0153uvre un ambitieux programme de relations pour rep\u00e9rer les entreprises qualifi\u00e9es et \u00e9thiques. En plus d\u2019organiser des \u00e9v\u00e9nements de sensibilisation, nous participons \u00e0 des \u00e9v\u00e9nements destin\u00e9s aux clients et aux acteurs de l\u2019industrie qui permettent aux petites entreprises et aux entreprises diversifi\u00e9es de faire du r\u00e9seautage et de nous pr\u00e9senter leurs produits et services. Pour obtenir un aper\u00e7u de nos \u00e9v\u00e9nements de sensibilisation pour cette ann\u00e9e et en savoir plus sur les activit\u00e9s auxquelles nous participerons, veuillez consulter notre calendrier de sensibilisation ou communiquer avec l\u2019un des membres de notre personnel affect\u00e9 \u00e0 la diversit\u00e9 des fournisseurs.&nbsp;<\/p>\n\n\n\n<p>Notre participation aux programmes mentor-prot\u00e9g\u00e9 et les prix et \u00e9loges qu\u2019AECOM re\u00e7oit de la part des organismes gouvernementaux et des conseils r\u00e9gionaux des minorit\u00e9s t\u00e9moignent de notre r\u00e9putation de chef de file de l\u2019industrie en mati\u00e8re de soutien aux petites entreprises et aux entreprises diversifi\u00e9es. AECOM encadre depuis longtemps des petites entreprises et des entreprises diversifi\u00e9es et a re\u00e7u de nombreuses r\u00e9compenses pour ses efforts dans le domaine du mentorat. Pour en savoir davantage sur notre approche du mentorat et sur ce que nous recherchons chez nos prot\u00e9g\u00e9s potentiels, veuillez consulter notre page sur le mentorat.<\/p>\n","protected":false},"excerpt":{"rendered":"<p>Nous pensons que les petites entreprises et les entreprises diversifi\u00e9es sont source d\u2019innovation et d\u2019expertise et peuvent aider AECOM \u00e0 soutenir ses clients et leurs missions. Pour en savoir plus sur le travail que nous effectuons et sur ce que nous attendons de nos fournisseurs, veuillez consulter la section Services int\u00e9gr\u00e9s de notre site Web.&nbsp;&#8230;<\/p>\n","protected":false},"author":701,"featured_media":2681,"parent":0,"menu_order":0,"comment_status":"closed","ping_status":"closed","template":"","meta":{"_acf_changed":false,"footnotes":""},"yst_prominent_words":[],"class_list":["post-2680","page","type-page","status-publish","has-post-thumbnail","hentry"],"acf":[],"_links":{"self":[{"href":"https:\/\/aecom.com\/fr-ca\/wp-json\/wp\/v2\/pages\/2680","targetHints":{"allow":["GET"]}}],"collection":[{"href":"https:\/\/aecom.com\/fr-ca\/wp-json\/wp\/v2\/pages"}],"about":[{"href":"https:\/\/aecom.com\/fr-ca\/wp-json\/wp\/v2\/types\/page"}],"author":[{"embeddable":true,"href":"https:\/\/aecom.com\/fr-ca\/wp-json\/wp\/v2\/users\/701"}],"replies":[{"embeddable":true,"href":"https:\/\/aecom.com\/fr-ca\/wp-json\/wp\/v2\/comments?post=2680"}],"version-history":[{"count":2,"href":"https:\/\/aecom.com\/fr-ca\/wp-json\/wp\/v2\/pages\/2680\/revisions"}],"predecessor-version":[{"id":2683,"href":"https:\/\/aecom.com\/fr-ca\/wp-json\/wp\/v2\/pages\/2680\/revisions\/2683"}],"wp:featuredmedia":[{"embeddable":true,"href":"https:\/\/aecom.com\/fr-ca\/wp-json\/wp\/v2\/media\/2681"}],"wp:attachment":[{"href":"https:\/\/aecom.com\/fr-ca\/wp-json\/wp\/v2\/media?parent=2680"}],"wp:term":[{"taxonomy":"yst_prominent_words","embeddable":true,"href":"https:\/\/aecom.com\/fr-ca\/wp-json\/wp\/v2\/yst_prominent_words?post=2680"}],"curies":[{"name":"wp","href":"https:\/\/api.w.org\/{rel}","templated":true}]}}