{"id":2691,"date":"2023-10-03T17:58:12","date_gmt":"2023-10-03T17:58:12","guid":{"rendered":"https:\/\/aecom.com\/fr-ca\/?page_id=2691"},"modified":"2023-10-03T17:59:02","modified_gmt":"2023-10-03T17:59:02","slug":"troy-rudd","status":"publish","type":"page","link":"https:\/\/aecom.com\/fr-ca\/about-us\/our-leadership\/troy-rudd\/","title":{"rendered":"Troy Rudd, Chef de la direction"},"content":{"rendered":"\n<div class=\"wp-block-columns is-layout-flex wp-container-core-columns-is-layout-9d6595d7 wp-block-columns-is-layout-flex\">\n<div class=\"wp-block-column is-layout-flow wp-block-column-is-layout-flow\" style=\"flex-basis:66.66%\">\n<div class=\"wp-block-columns is-layout-flex wp-container-core-columns-is-layout-9d6595d7 wp-block-columns-is-layout-flex\">\n<div class=\"wp-block-column is-layout-flow wp-block-column-is-layout-flow\" style=\"flex-basis:33%\">\n<figure class=\"wp-block-image size-large\"><img decoding=\"async\" src=\"https:\/\/aecom.com\/en-ca\/wp-content\/uploads\/2023\/10\/troy-rudd-profile-web-1.jpg\" alt=\"\" class=\"wp-image-1369\"\/><\/figure>\n<\/div>\n\n\n\n<div class=\"wp-block-column is-layout-flow wp-block-column-is-layout-flow\">\n<h3 class=\"wp-block-heading\">Troy Rudd<\/h3>\n\n\n\n<p>Chef de la direction<\/p>\n<\/div>\n<\/div>\n\n\n\n<div class=\"aecom-custom-block block-intro-text\" style=\"margin-top: 0px; margin-bottom: 40px\">\n    <p class=\"editor-emphasized\">\n        M.\u202fRudd a \u00e9t\u00e9 nomm\u00e9 chef de la direction et administrateur en ao\u00fbt\u202f2020 et dirige la transformation de l\u2019entreprise en organisation de services professionnels depuis ao\u00fbt\u202f2018.     <\/p>\n<\/div>\n\n\n<p>Depuis qu\u2019il s\u2019est joint \u00e0 AECOM en\u202f2009, M.\u202fRudd a occup\u00e9 plusieurs postes de direction op\u00e9rationnelle et financi\u00e8re, dont le plus r\u00e9cent en tant que chef des affaires financi\u00e8res, o\u00f9 il a dirig\u00e9 les op\u00e9rations financi\u00e8res mondiales de l\u2019entreprise, y compris la planification et l\u2019analyse financi\u00e8res, les rapports financiers, les services partag\u00e9s mondiaux, l\u2019audit interne, la fiscalit\u00e9, la tr\u00e9sorerie et les activit\u00e9s de F et A de l\u2019entreprise. Auparavant, il \u00e9tait responsable des services de conception et d\u2019experts-conseils (DCS) d\u2019AECOM pour les Am\u00e9riques, ainsi que de la tr\u00e9sorerie, des rapports financiers, des risques et des contr\u00f4les, de la fiscalit\u00e9 et des fonctions de services partag\u00e9s, en plus d\u2019avoir \u00e9t\u00e9 contr\u00f4leur g\u00e9n\u00e9ral. Il a \u00e9galement dirig\u00e9 les efforts de mobilisation de capitaux pour financer la transaction AECOM\/URS et a dirig\u00e9 la plus grande int\u00e9gration concernant le groupe DCS Am\u00e9riques.&nbsp;<\/p>\n\n\n\n<p>Avant de se joindre \u00e0 AECOM, M.\u202fRudd a \u00e9t\u00e9 associ\u00e9 pendant 10\u202fans chez KPMG.&nbsp;<\/p>\n\n\n\n<p>Soci\u00e9t\u00e9 de services-conseils en infrastructure de renomm\u00e9e mondiale, AECOM offre des services professionnels tout au long du cycle de vie des projets, de la consultation \u00e0 la gestion de la construction en passant par la planification, la conception, l\u2019ing\u00e9nierie et la gestion de programmes. Que ce soit dans des secteurs aussi vari\u00e9s que le transport, les b\u00e2timents, l\u2019eau, les nouvelles \u00e9nergies et l\u2019environnement, nos clients des secteurs public et priv\u00e9 nous font confiance pour r\u00e9soudre leurs probl\u00e8mes les plus complexes. Gr\u00e2ce \u00e0 notre expertise technique et num\u00e9rique in\u00e9gal\u00e9e, \u00e0 une culture d\u2019\u00e9quit\u00e9, de diversit\u00e9 et d\u2019inclusion et \u00e0 un engagement en faveur de priorit\u00e9s environnementales, sociales et de gouvernance, nos \u00e9quipes visent un m\u00eame but\u202f: offrir un monde meilleur. Les services professionnels d\u2019AECOM, une entreprise du Fortune\u202f500, ont enregistr\u00e9 des revenus de pr\u00e8s de 13,1\u202fmilliards de dollars au cours de l\u2019exercice financier\u202f2022. D\u00e9couvrez de quelle mani\u00e8re nous transmettons un h\u00e9ritage durable aux g\u00e9n\u00e9rations \u00e0 venir sur aecom.com et @AECOM.&nbsp;<\/p>\n\n\n\n    <div class=\"aecom-custom-block block-cta-button\" style=\"margin-top: 40px;\">\n        <a href=\"https:\/\/aecom.com\/fr-ca\/about-us\/our-leadership\/\" class=\"aecom-default-cta aecom-global-cta-e-green-transparent aecom-global-cta-sml aecom-global-cta-bold aecom-global-cta aecom-global-cta-bold\"  >Retour \u00e0 la direction d&#8217;AECOM <svg data-name=\"Layer 1\" xmlns=\"http:\/\/www.w3.org\/2000\/svg\" viewBox=\"0 0 31.4 29.8\"><g data-name=\"Group 31\"><g data-name=\"Group 30\"><g data-name=\"Group 29\"><path data-name=\"Path 49\" d=\"M31.4 14.1h-3.1a12.6 12.6 0 0 1-25.2 0H0a15.7 15.7 0 1 0 31.4 0m-15.7 7 7.4-7.4-2.2-2.2-3.6 3.6V0h-3.1v15l-3.6-3.6-2.2 2.2 7.4 7.4Z\" fill=\"currentColor\"\/><\/g><\/g><\/g><\/svg><\/a>\n    <\/div>\n<\/div>\n\n\n\n<div class=\"wp-block-column is-layout-flow wp-block-column-is-layout-flow\" style=\"flex-basis:33.33%\">\n<h3 class=\"has-text-color wp-block-heading\" style=\"color:#008768\">\u00c9tudes<\/h3>\n\n\n\n<p>Ma\u00eetrise \u00e8s sciences, fiscalit\u00e9, Golden Gate University&nbsp;<\/p>\n\n\n\n<p>Baccalaur\u00e9at \u00e8s sciences, Universit\u00e9 de la Colombie-Britannique&nbsp;<\/p>\n\n\n\n<h3 class=\"has-text-color wp-block-heading\" style=\"color:#008768\"><strong>Affiliations<\/strong><\/h3>\n\n\n\n<p>Conseil d\u2019administration de la SMU Lyle School of Engineering&nbsp;<\/p>\n\n\n\n<p>Conseil de l\u2019Initiative pour des march\u00e9s durables&nbsp;<\/p>\n<\/div>\n<\/div>\n\n\n\n<p><\/p>\n","protected":false},"excerpt":{"rendered":"<p>Troy Rudd Chef de la direction Depuis qu\u2019il s\u2019est joint \u00e0 AECOM en\u202f2009, M.\u202fRudd a occup\u00e9 plusieurs postes de direction op\u00e9rationnelle et financi\u00e8re, dont le plus r\u00e9cent en tant que chef des affaires financi\u00e8res, o\u00f9 il a dirig\u00e9 les op\u00e9rations financi\u00e8res mondiales de l\u2019entreprise, y compris la planification et l\u2019analyse financi\u00e8res, les rapports financiers, les&#8230;<\/p>\n","protected":false},"author":701,"featured_media":0,"parent":908,"menu_order":1,"comment_status":"closed","ping_status":"closed","template":"","meta":{"_acf_changed":false,"footnotes":""},"yst_prominent_words":[],"class_list":["post-2691","page","type-page","status-publish","hentry"],"acf":[],"_links":{"self":[{"href":"https:\/\/aecom.com\/fr-ca\/wp-json\/wp\/v2\/pages\/2691","targetHints":{"allow":["GET"]}}],"collection":[{"href":"https:\/\/aecom.com\/fr-ca\/wp-json\/wp\/v2\/pages"}],"about":[{"href":"https:\/\/aecom.com\/fr-ca\/wp-json\/wp\/v2\/types\/page"}],"author":[{"embeddable":true,"href":"https:\/\/aecom.com\/fr-ca\/wp-json\/wp\/v2\/users\/701"}],"replies":[{"embeddable":true,"href":"https:\/\/aecom.com\/fr-ca\/wp-json\/wp\/v2\/comments?post=2691"}],"version-history":[{"count":4,"href":"https:\/\/aecom.com\/fr-ca\/wp-json\/wp\/v2\/pages\/2691\/revisions"}],"predecessor-version":[{"id":6632,"href":"https:\/\/aecom.com\/fr-ca\/wp-json\/wp\/v2\/pages\/2691\/revisions\/6632"}],"up":[{"embeddable":true,"href":"https:\/\/aecom.com\/fr-ca\/wp-json\/wp\/v2\/pages\/908"}],"wp:attachment":[{"href":"https:\/\/aecom.com\/fr-ca\/wp-json\/wp\/v2\/media?parent=2691"}],"wp:term":[{"taxonomy":"yst_prominent_words","embeddable":true,"href":"https:\/\/aecom.com\/fr-ca\/wp-json\/wp\/v2\/yst_prominent_words?post=2691"}],"curies":[{"name":"wp","href":"https:\/\/api.w.org\/{rel}","templated":true}]}}