{"id":2697,"date":"2023-10-03T18:02:50","date_gmt":"2023-10-03T18:02:50","guid":{"rendered":"https:\/\/aecom.com\/fr-ca\/?page_id=2697"},"modified":"2023-10-03T18:02:53","modified_gmt":"2023-10-03T18:02:53","slug":"lara-poloni","status":"publish","type":"page","link":"https:\/\/aecom.com\/fr-ca\/about-us\/our-leadership\/lara-poloni\/","title":{"rendered":"Lara Poloni, Pr\u00e9sidente"},"content":{"rendered":"\n<div class=\"wp-block-columns is-layout-flex wp-container-core-columns-is-layout-9d6595d7 wp-block-columns-is-layout-flex\">\n<div class=\"wp-block-column is-layout-flow wp-block-column-is-layout-flow\" style=\"flex-basis:66.66%\">\n<div class=\"wp-block-columns is-layout-flex wp-container-core-columns-is-layout-9d6595d7 wp-block-columns-is-layout-flex\">\n<div class=\"wp-block-column is-layout-flow wp-block-column-is-layout-flow\" style=\"flex-basis:33%\">\n<figure class=\"wp-block-image size-large\"><img loading=\"lazy\" decoding=\"async\" width=\"200\" height=\"200\" src=\"https:\/\/aecom.com\/fr-ca\/wp-content\/uploads\/2023\/10\/Lara-Poloni-AECOM-2021-1.jpg\" alt=\"\" class=\"wp-image-2700\" srcset=\"https:\/\/aecom.com\/fr-ca\/wp-content\/uploads\/2023\/10\/Lara-Poloni-AECOM-2021-1.jpg 200w, https:\/\/aecom.com\/fr-ca\/wp-content\/uploads\/2023\/10\/Lara-Poloni-AECOM-2021-1-150x150.jpg 150w\" sizes=\"auto, (max-width: 200px) 100vw, 200px\" \/><\/figure>\n<\/div>\n\n\n\n<div class=\"wp-block-column is-layout-flow wp-block-column-is-layout-flow\">\n<h3 class=\"wp-block-heading\">Lara Poloni<\/h3>\n\n\n\n<p>Pr\u00e9sidente<\/p>\n<\/div>\n<\/div>\n\n\n\n<div class=\"aecom-custom-block block-intro-text\" style=\"margin-top: 0px; margin-bottom: 40px\">\n    <p class=\"editor-emphasized\">\n        Lara\u202fPoloni est pr\u00e9sidente d\u2019AECOM (NYSE:ACM), une soci\u00e9t\u00e9 de services-conseils en infrastructure de renomm\u00e9e mondiale qui offre des services professionnels tout au long du cycle de vie des projets, de la planification \u00e0 la gestion de la construction en passant par la conception, l\u2019ing\u00e9nierie et la gestion de programmes.     <\/p>\n<\/div>\n\n\n<p>Membre de longue date de l\u2019\u00e9quipe AECOM, Mme\u202fPoloni a occup\u00e9 plusieurs postes cl\u00e9s, notamment ceux de chef de la direction des activit\u00e9s d\u2019AECOM en Europe, Moyen-Orient et Afrique (EMOA) de\u202f2017 \u00e0\u202f2020 et de chef de la direction des activit\u00e9s en Australie et en Nouvelle-Z\u00e9lande de\u202f2014 \u00e0\u202f2017.&nbsp;<\/p>\n\n\n\n<p>Au cours de sa carri\u00e8re de plus de 25\u202fans, Mme\u202fPoloni a principalement travaill\u00e9 \u00e0 la planification, \u00e0 l\u2019\u00e9valuation et au d\u00e9veloppement de vastes projets d\u2019infrastructure pour des clients des secteurs public et priv\u00e9, dans les grands domaines du transport et de l\u2019immobilier. Elle est membre du Global Future Council on Infrastructure du Forum \u00e9conomique mondial et a \u00e9t\u00e9 membre du conseil d\u2019administration d\u2019Infrastructure Partnerships Australia.&nbsp;<\/p>\n\n\n\n<p>Soci\u00e9t\u00e9 de services-conseils en infrastructure de renomm\u00e9e mondiale, AECOM offre des services professionnels tout au long du cycle de vie des projets, de la consultation \u00e0 la gestion de la construction en passant par la planification, la conception, l\u2019ing\u00e9nierie et la gestion de programmes. Que ce soit dans des secteurs aussi vari\u00e9s que le transport, les b\u00e2timents, l\u2019eau, les nouvelles \u00e9nergies et l\u2019environnement, nos clients des secteurs public et priv\u00e9 nous font confiance pour r\u00e9soudre leurs probl\u00e8mes les plus complexes. Gr\u00e2ce \u00e0 notre expertise technique et num\u00e9rique in\u00e9gal\u00e9e, \u00e0 une culture d\u2019\u00e9quit\u00e9, de diversit\u00e9 et d\u2019inclusion et \u00e0 un engagement en faveur de priorit\u00e9s environnementales, sociales et de gouvernance, nos \u00e9quipes visent un m\u00eame but\u202f: offrir un monde meilleur. Les services professionnels d\u2019AECOM, une entreprise du Fortune\u202f500, ont enregistr\u00e9 des revenus de pr\u00e8s de 13,1\u202fmilliards de dollars au cours de l\u2019exercice financier\u202f2022. D\u00e9couvrez de quelle mani\u00e8re nous transmettons un h\u00e9ritage durable aux g\u00e9n\u00e9rations \u00e0 venir sur aecom.com et @AECOM.&nbsp;<\/p>\n\n\n\n    <div class=\"aecom-custom-block block-cta-button\" style=\"margin-top: 40px;\">\n        <a href=\"https:\/\/aecom.com\/fr-ca\/about-us\/our-leadership\/\" class=\"aecom-default-cta aecom-global-cta-e-green-transparent aecom-global-cta-sml aecom-global-cta-bold aecom-global-cta aecom-global-cta-bold\"  >Retour \u00e0 la direction d&#8217;AECOM <svg data-name=\"Layer 1\" xmlns=\"http:\/\/www.w3.org\/2000\/svg\" viewBox=\"0 0 31.4 29.8\"><g data-name=\"Group 31\"><g data-name=\"Group 30\"><g data-name=\"Group 29\"><path data-name=\"Path 49\" d=\"M31.4 14.1h-3.1a12.6 12.6 0 0 1-25.2 0H0a15.7 15.7 0 1 0 31.4 0m-15.7 7 7.4-7.4-2.2-2.2-3.6 3.6V0h-3.1v15l-3.6-3.6-2.2 2.2 7.4 7.4Z\" fill=\"currentColor\"\/><\/g><\/g><\/g><\/svg><\/a>\n    <\/div>\n<\/div>\n\n\n\n<div class=\"wp-block-column is-layout-flow wp-block-column-is-layout-flow\" style=\"flex-basis:33.33%\">\n<h3 class=\"has-text-color wp-block-heading\" style=\"color:#008768\">\u00c9tudes<\/h3>\n\n\n\n<p>Baccalaur\u00e9at (sp\u00e9cialis\u00e9), g\u00e9ographie urbaine, Monash University&nbsp;<\/p>\n\n\n\n<p>Dipl\u00f4me de planification de la politique urbaine, Royal Melbourne Institute of Technology&nbsp;<\/p>\n\n\n\n<p>Dipl\u00f4m\u00e9e de l\u2019Australian Institute of Company Directors&nbsp;<\/p>\n\n\n\n<h3 class=\"has-text-color wp-block-heading\" style=\"color:#008768\"><strong>Affiliations<\/strong><\/h3>\n\n\n\n<p>Membre, Industry Council of Advisors de la Monash University&nbsp;<\/p>\n\n\n\n<p>Membre, Chief Executive Women, Australie&nbsp;<\/p>\n\n\n\n<p>Membre, Global Future Council on Infrastructure du Forum \u00e9conomique mondial&nbsp;<\/p>\n<\/div>\n<\/div>\n\n\n\n<p><\/p>\n","protected":false},"excerpt":{"rendered":"<p>Lara Poloni Pr\u00e9sidente Membre de longue date de l\u2019\u00e9quipe AECOM, Mme\u202fPoloni a occup\u00e9 plusieurs postes cl\u00e9s, notamment ceux de chef de la direction des activit\u00e9s d\u2019AECOM en Europe, Moyen-Orient et Afrique (EMOA) de\u202f2017 \u00e0\u202f2020 et de chef de la direction des activit\u00e9s en Australie et en Nouvelle-Z\u00e9lande de\u202f2014 \u00e0\u202f2017.&nbsp; Au cours de sa carri\u00e8re de&#8230;<\/p>\n","protected":false},"author":701,"featured_media":0,"parent":908,"menu_order":2,"comment_status":"closed","ping_status":"closed","template":"","meta":{"_acf_changed":false,"footnotes":""},"yst_prominent_words":[],"class_list":["post-2697","page","type-page","status-publish","hentry"],"acf":[],"_links":{"self":[{"href":"https:\/\/aecom.com\/fr-ca\/wp-json\/wp\/v2\/pages\/2697","targetHints":{"allow":["GET"]}}],"collection":[{"href":"https:\/\/aecom.com\/fr-ca\/wp-json\/wp\/v2\/pages"}],"about":[{"href":"https:\/\/aecom.com\/fr-ca\/wp-json\/wp\/v2\/types\/page"}],"author":[{"embeddable":true,"href":"https:\/\/aecom.com\/fr-ca\/wp-json\/wp\/v2\/users\/701"}],"replies":[{"embeddable":true,"href":"https:\/\/aecom.com\/fr-ca\/wp-json\/wp\/v2\/comments?post=2697"}],"version-history":[{"count":2,"href":"https:\/\/aecom.com\/fr-ca\/wp-json\/wp\/v2\/pages\/2697\/revisions"}],"predecessor-version":[{"id":2704,"href":"https:\/\/aecom.com\/fr-ca\/wp-json\/wp\/v2\/pages\/2697\/revisions\/2704"}],"up":[{"embeddable":true,"href":"https:\/\/aecom.com\/fr-ca\/wp-json\/wp\/v2\/pages\/908"}],"wp:attachment":[{"href":"https:\/\/aecom.com\/fr-ca\/wp-json\/wp\/v2\/media?parent=2697"}],"wp:term":[{"taxonomy":"yst_prominent_words","embeddable":true,"href":"https:\/\/aecom.com\/fr-ca\/wp-json\/wp\/v2\/yst_prominent_words?post=2697"}],"curies":[{"name":"wp","href":"https:\/\/api.w.org\/{rel}","templated":true}]}}