{"id":2707,"date":"2023-10-03T18:05:41","date_gmt":"2023-10-03T18:05:41","guid":{"rendered":"https:\/\/aecom.com\/fr-ca\/?page_id=2707"},"modified":"2023-10-03T18:06:13","modified_gmt":"2023-10-03T18:06:13","slug":"shirley-adams","status":"publish","type":"page","link":"https:\/\/aecom.com\/fr-ca\/about-us\/our-leadership\/shirley-adams\/","title":{"rendered":"Shirley Adams"},"content":{"rendered":"\n<div class=\"wp-block-columns is-layout-flex wp-container-core-columns-is-layout-9d6595d7 wp-block-columns-is-layout-flex\">\n<div class=\"wp-block-column is-layout-flow wp-block-column-is-layout-flow\" style=\"flex-basis:66.66%\">\n<div class=\"wp-block-columns is-layout-flex wp-container-core-columns-is-layout-9d6595d7 wp-block-columns-is-layout-flex\">\n<div class=\"wp-block-column is-layout-flow wp-block-column-is-layout-flow\" style=\"flex-basis:33%\">\n<figure class=\"wp-block-image size-large\"><img loading=\"lazy\" decoding=\"async\" width=\"200\" height=\"200\" src=\"https:\/\/aecom.com\/fr-ca\/wp-content\/uploads\/2023\/10\/shirley-adams-1.jpg\" alt=\"\" class=\"wp-image-2701\" srcset=\"https:\/\/aecom.com\/fr-ca\/wp-content\/uploads\/2023\/10\/shirley-adams-1.jpg 200w, https:\/\/aecom.com\/fr-ca\/wp-content\/uploads\/2023\/10\/shirley-adams-1-150x150.jpg 150w\" sizes=\"auto, (max-width: 200px) 100vw, 200px\" \/><\/figure>\n<\/div>\n\n\n\n<div class=\"wp-block-column is-layout-flow wp-block-column-is-layout-flow\">\n<h3 class=\"wp-block-heading\">Shirley Adams<\/h3>\n\n\n\n<p>Chef des ressources humaines\u00a0<\/p>\n<\/div>\n<\/div>\n\n\n\n<div class=\"aecom-custom-block block-intro-text\" style=\"margin-top: 0px; margin-bottom: 40px\">\n    <p class=\"editor-emphasized\">\n        Shirley\u202fAdams est chef des ressources humaines chez AECOM (NYSE:ACM), une soci\u00e9t\u00e9 de services-conseils en infrastructure de renomm\u00e9e mondiale qui offre des services professionnels tout au long du cycle de vie des projets, de la planification \u00e0 la gestion de la construction en passant par la conception, l\u2019ing\u00e9nierie et la gestion de programmes.     <\/p>\n<\/div>\n\n\n<p>\u00c0 ce poste, Mme\u202fAdams est responsable de tous les services de ressources humaines \u00e0 l\u2019\u00e9chelle mondiale. Ses domaines de responsabilit\u00e9 comprennent l\u2019acquisition de talents, le perfectionnement des cadres et des dirigeants, les relations avec les employ\u00e9s et la formation, la gestion de la performance, la diversit\u00e9, la planification et l\u2019efficacit\u00e9 de l\u2019organisation ainsi que les processus d\u2019\u00e9valuation du rendement de l\u2019entreprise. Elle est \u00e9galement membre de l\u2019\u00e9quipe de haute direction qui pilote le programme de transformation des ressources humaines pour l\u2019entreprise mondiale.&nbsp;<\/p>\n\n\n\n<p>Mme\u202fAdams \u00e9tait auparavant vice-pr\u00e9sidente principale des ressources humaines d\u2019AECOM pour l\u2019Europe, le Moyen-Orient et l\u2019Afrique. Avant de se joindre \u00e0 AECOM en\u202f2016, elle a occup\u00e9 plusieurs postes au sein d\u2019Accenture, notamment celui de chef des op\u00e9rations de ressources humaines mondiales, de directrice g\u00e9n\u00e9rale des ressources humaines pour les activit\u00e9s mondiales de services-conseils en gestion d\u2019Accenture et de partenaire d\u2019affaires en RH \u00e0 l\u2019\u00e9chelle mondiale.&nbsp;<\/p>\n\n\n\n<p>Mme\u202fAdams est titulaire d\u2019un baccalaur\u00e9at sp\u00e9cialis\u00e9 bidisciplinaire en fran\u00e7ais et en allemand de l\u2019Universit\u00e9 de Durham et d\u2019un dipl\u00f4me d\u2019\u00e9tudes sup\u00e9rieures en affaires (fran\u00e7ais et allemand). Lors de son passage chez Accenture, elle a particip\u00e9 aux programmes de d\u00e9veloppement du leadership de l\u2019entreprise et a \u00e9t\u00e9 membre du corps enseignant. Elle a v\u00e9cu et travaill\u00e9 \u00e0 l\u2019\u00e9tranger et vit actuellement \u00e0 Londres.&nbsp;<\/p>\n\n\n\n<p>Soci\u00e9t\u00e9 de services-conseils en infrastructure de renomm\u00e9e mondiale, AECOM offre des services professionnels tout au long du cycle de vie des projets, de la consultation \u00e0 la gestion de la construction en passant par la planification, la conception, l\u2019ing\u00e9nierie et la gestion de programmes. Que ce soit dans des secteurs aussi vari\u00e9s que le transport, les b\u00e2timents, l\u2019eau, les nouvelles \u00e9nergies et l\u2019environnement, nos clients des secteurs public et priv\u00e9 nous font confiance pour r\u00e9soudre leurs probl\u00e8mes les plus complexes. Gr\u00e2ce \u00e0 notre expertise technique et num\u00e9rique in\u00e9gal\u00e9e, \u00e0 une culture d\u2019\u00e9quit\u00e9, de diversit\u00e9 et d\u2019inclusion et \u00e0 un engagement en faveur de priorit\u00e9s environnementales, sociales et de gouvernance, nos \u00e9quipes visent un m\u00eame but\u202f: offrir un monde meilleur. Les services professionnels d\u2019AECOM, une entreprise du Fortune\u202f500, ont enregistr\u00e9 des revenus de pr\u00e8s de 13,1\u202fmilliards de dollars au cours de l\u2019exercice financier\u202f2022. D\u00e9couvrez de quelle mani\u00e8re nous transmettons un h\u00e9ritage durable aux g\u00e9n\u00e9rations \u00e0 venir sur aecom.com et @AECOM.&nbsp;<\/p>\n\n\n\n    <div class=\"aecom-custom-block block-cta-button\" style=\"margin-top: 40px;\">\n        <a href=\"https:\/\/aecom.com\/fr-ca\/about-us\/our-leadership\/\" class=\"aecom-default-cta aecom-global-cta-e-green-transparent aecom-global-cta-sml aecom-global-cta-bold aecom-global-cta aecom-global-cta-bold\"  >Retour \u00e0 la direction d&#8217;AECOM <svg data-name=\"Layer 1\" xmlns=\"http:\/\/www.w3.org\/2000\/svg\" viewBox=\"0 0 31.4 29.8\"><g data-name=\"Group 31\"><g data-name=\"Group 30\"><g data-name=\"Group 29\"><path data-name=\"Path 49\" d=\"M31.4 14.1h-3.1a12.6 12.6 0 0 1-25.2 0H0a15.7 15.7 0 1 0 31.4 0m-15.7 7 7.4-7.4-2.2-2.2-3.6 3.6V0h-3.1v15l-3.6-3.6-2.2 2.2 7.4 7.4Z\" fill=\"currentColor\"\/><\/g><\/g><\/g><\/svg><\/a>\n    <\/div>\n<\/div>\n\n\n\n<div class=\"wp-block-column is-layout-flow wp-block-column-is-layout-flow\" style=\"flex-basis:33.33%\">\n<h3 class=\"has-text-color wp-block-heading\" style=\"color:#008768\">\u00c9tudes<\/h3>\n\n\n\n<p>Dipl\u00f4me d\u2019\u00e9tudes sup\u00e9rieures en affaires (fran\u00e7ais et allemand)&nbsp;<\/p>\n\n\n\n<p>Baccalaur\u00e9at sp\u00e9cialis\u00e9 bidisciplinaire en fran\u00e7ais et en allemand&nbsp;<br>&nbsp;<br>Universit\u00e9 Durham&nbsp;<\/p>\n\n\n\n<h3 class=\"has-text-color wp-block-heading\" style=\"color:#008768\"><strong>Affiliations<\/strong><\/h3>\n\n\n\n<p>Membre du CIPD \u2013 Future of the Profession Network&nbsp;<\/p>\n\n\n\n<h3 class=\"has-text-color wp-block-heading\" style=\"color:#008768\"><strong>Distinctions<\/strong><\/h3>\n\n\n\n<p>Accenture Learning \u2013 participante et enseignante\u00a0<\/p>\n<\/div>\n<\/div>\n\n\n\n<p><\/p>\n","protected":false},"excerpt":{"rendered":"<p>Shirley Adams Chef des ressources humaines\u00a0 \u00c0 ce poste, Mme\u202fAdams est responsable de tous les services de ressources humaines \u00e0 l\u2019\u00e9chelle mondiale. Ses domaines de responsabilit\u00e9 comprennent l\u2019acquisition de talents, le perfectionnement des cadres et des dirigeants, les relations avec les employ\u00e9s et la formation, la gestion de la performance, la diversit\u00e9, la planification et&#8230;<\/p>\n","protected":false},"author":701,"featured_media":0,"parent":908,"menu_order":3,"comment_status":"closed","ping_status":"closed","template":"","meta":{"_acf_changed":false,"footnotes":""},"yst_prominent_words":[],"class_list":["post-2707","page","type-page","status-publish","hentry"],"acf":[],"_links":{"self":[{"href":"https:\/\/aecom.com\/fr-ca\/wp-json\/wp\/v2\/pages\/2707","targetHints":{"allow":["GET"]}}],"collection":[{"href":"https:\/\/aecom.com\/fr-ca\/wp-json\/wp\/v2\/pages"}],"about":[{"href":"https:\/\/aecom.com\/fr-ca\/wp-json\/wp\/v2\/types\/page"}],"author":[{"embeddable":true,"href":"https:\/\/aecom.com\/fr-ca\/wp-json\/wp\/v2\/users\/701"}],"replies":[{"embeddable":true,"href":"https:\/\/aecom.com\/fr-ca\/wp-json\/wp\/v2\/comments?post=2707"}],"version-history":[{"count":3,"href":"https:\/\/aecom.com\/fr-ca\/wp-json\/wp\/v2\/pages\/2707\/revisions"}],"predecessor-version":[{"id":2710,"href":"https:\/\/aecom.com\/fr-ca\/wp-json\/wp\/v2\/pages\/2707\/revisions\/2710"}],"up":[{"embeddable":true,"href":"https:\/\/aecom.com\/fr-ca\/wp-json\/wp\/v2\/pages\/908"}],"wp:attachment":[{"href":"https:\/\/aecom.com\/fr-ca\/wp-json\/wp\/v2\/media?parent=2707"}],"wp:term":[{"taxonomy":"yst_prominent_words","embeddable":true,"href":"https:\/\/aecom.com\/fr-ca\/wp-json\/wp\/v2\/yst_prominent_words?post=2707"}],"curies":[{"name":"wp","href":"https:\/\/api.w.org\/{rel}","templated":true}]}}