{"id":2711,"date":"2023-10-03T18:08:38","date_gmt":"2023-10-03T18:08:38","guid":{"rendered":"https:\/\/aecom.com\/fr-ca\/?page_id=2711"},"modified":"2023-10-03T18:08:40","modified_gmt":"2023-10-03T18:08:40","slug":"todd-battley","status":"publish","type":"page","link":"https:\/\/aecom.com\/fr-ca\/about-us\/our-leadership\/todd-battley\/","title":{"rendered":"Todd Battley"},"content":{"rendered":"\n<div class=\"wp-block-columns is-layout-flex wp-container-core-columns-is-layout-9d6595d7 wp-block-columns-is-layout-flex\">\n<div class=\"wp-block-column is-layout-flow wp-block-column-is-layout-flow\" style=\"flex-basis:66.66%\">\n<div class=\"wp-block-columns is-layout-flex wp-container-core-columns-is-layout-9d6595d7 wp-block-columns-is-layout-flex\">\n<div class=\"wp-block-column is-layout-flow wp-block-column-is-layout-flow\" style=\"flex-basis:33%\">\n<figure class=\"wp-block-image size-large\"><img loading=\"lazy\" decoding=\"async\" width=\"200\" height=\"200\" src=\"https:\/\/aecom.com\/fr-ca\/wp-content\/uploads\/2023\/10\/todd-battley-1.jpg\" alt=\"\" class=\"wp-image-2702\" srcset=\"https:\/\/aecom.com\/fr-ca\/wp-content\/uploads\/2023\/10\/todd-battley-1.jpg 200w, https:\/\/aecom.com\/fr-ca\/wp-content\/uploads\/2023\/10\/todd-battley-1-150x150.jpg 150w\" sizes=\"auto, (max-width: 200px) 100vw, 200px\" \/><\/figure>\n<\/div>\n\n\n\n<div class=\"wp-block-column is-layout-flow wp-block-column-is-layout-flow\">\n<h3 class=\"wp-block-heading\">Todd Battley<\/h3>\n\n\n\n<p>Chef de la strat\u00e9gie<\/p>\n<\/div>\n<\/div>\n\n\n\n<div class=\"aecom-custom-block block-intro-text\" style=\"margin-top: 0px; margin-bottom: 40px\">\n    <p class=\"editor-emphasized\">\n        Todd\u202fBattley est chef de la strat\u00e9gie chez AECOM (NYSE:ACM), une soci\u00e9t\u00e9 de services-conseils en infrastructure de renomm\u00e9e mondiale qui offre des services professionnels tout au long du cycle de vie des projets, de la planification \u00e0 la gestion de la construction en passant par la conception, l\u2019ing\u00e9nierie et la gestion de programmes.     <\/p>\n<\/div>\n\n\n<p>\u00c0 ce poste, M.\u202fBattley dirige la strat\u00e9gie de croissance d\u2019AECOM en mettant \u00e0 la disposition des principaux clients les meilleures capacit\u00e9s de l\u2019entreprise. Il est notamment responsable d\u2019assurer la transformation num\u00e9rique et de veiller \u00e0 ce que nos collaborateurs aient acc\u00e8s aux outils et aux syst\u00e8mes num\u00e9riques qui soutiendront l\u2019innovation et assureront l\u2019excellence du service \u00e0 la client\u00e8le.&nbsp;<\/p>\n\n\n\n<p>Auparavant, M.\u202fBattley \u00e9tait chef de la direction d\u2019AECOM en Australie et Nouvelle-Z\u00e9lande, o\u00f9 il a supervis\u00e9 une p\u00e9riode soutenue de croissance du chiffre d\u2019affaires et des marges tout en adoptant les principes de flexibilit\u00e9 du lieu de travail et les plus r\u00e9centes pratiques d\u2019ing\u00e9nierie num\u00e9rique.&nbsp;<\/p>\n\n\n\n<p>M.\u202fBattley s\u2019est joint \u00e0 AECOM en\u202f1996 apr\u00e8s avoir obtenu son dipl\u00f4me en ing\u00e9nierie civile \u00e0 l\u2019Universit\u00e9 James Cook, dans le Queensland, en Australie.&nbsp;<\/p>\n\n\n\n<p>M.\u202fBattley a ouvert la voie \u00e0 l\u2019am\u00e9lioration de la diversit\u00e9 des genres dans le secteur des infrastructures en participant au programme \u00ab\u202fMale Champions of Change\u202f\u00bb de Consult Australia, en donnant suite \u00e0 l\u2019engagement d\u2019AECOM de combler l\u2019\u00e9cart de r\u00e9mun\u00e9ration entre les hommes et les femmes et en agissant comme ambassadeur de la Workplace Gender Equality Agency d\u2019Australie.&nbsp;<\/p>\n\n\n\n<p>Soci\u00e9t\u00e9 de services-conseils en infrastructure de renomm\u00e9e mondiale, AECOM offre des services professionnels tout au long du cycle de vie des projets, de la consultation \u00e0 la gestion de la construction en passant par la planification, la conception, l\u2019ing\u00e9nierie et la gestion de programmes. Que ce soit dans des secteurs aussi vari\u00e9s que le transport, les b\u00e2timents, l\u2019eau, les nouvelles \u00e9nergies et l\u2019environnement, nos clients des secteurs public et priv\u00e9 nous font confiance pour r\u00e9soudre leurs probl\u00e8mes les plus complexes. Gr\u00e2ce \u00e0 notre expertise technique et num\u00e9rique in\u00e9gal\u00e9e, \u00e0 une culture d\u2019\u00e9quit\u00e9, de diversit\u00e9 et d\u2019inclusion et \u00e0 un engagement en faveur de priorit\u00e9s environnementales, sociales et de gouvernance, nos \u00e9quipes visent un m\u00eame but\u202f: offrir un monde meilleur. Les services professionnels d\u2019AECOM, une entreprise du Fortune\u202f500, ont enregistr\u00e9 des revenus de pr\u00e8s de 13,1\u202fmilliards de dollars au cours de l\u2019exercice financier\u202f2022. D\u00e9couvrez de quelle mani\u00e8re nous transmettons un h\u00e9ritage durable aux g\u00e9n\u00e9rations \u00e0 venir sur aecom.com et @AECOM.&nbsp;<\/p>\n\n\n\n    <div class=\"aecom-custom-block block-cta-button\" style=\"margin-top: 40px;\">\n        <a href=\"https:\/\/aecom.com\/fr-ca\/about-us\/our-leadership\/\" class=\"aecom-default-cta aecom-global-cta-e-green-transparent aecom-global-cta-sml aecom-global-cta-bold aecom-global-cta aecom-global-cta-bold\"  >Retour \u00e0 la direction d&#8217;AECOM <svg data-name=\"Layer 1\" xmlns=\"http:\/\/www.w3.org\/2000\/svg\" viewBox=\"0 0 31.4 29.8\"><g data-name=\"Group 31\"><g data-name=\"Group 30\"><g data-name=\"Group 29\"><path data-name=\"Path 49\" d=\"M31.4 14.1h-3.1a12.6 12.6 0 0 1-25.2 0H0a15.7 15.7 0 1 0 31.4 0m-15.7 7 7.4-7.4-2.2-2.2-3.6 3.6V0h-3.1v15l-3.6-3.6-2.2 2.2 7.4 7.4Z\" fill=\"currentColor\"\/><\/g><\/g><\/g><\/svg><\/a>\n    <\/div>\n<\/div>\n\n\n\n<div class=\"wp-block-column is-layout-flow wp-block-column-is-layout-flow\" style=\"flex-basis:33.33%\">\n<h3 class=\"has-text-color wp-block-heading\" style=\"color:#008768\">\u00c9tudes<\/h3>\n\n\n\n<p>Baccalaur\u00e9at en ing\u00e9nierie (BEng), g\u00e9nie civil, James Cook University&nbsp;<\/p>\n\n\n\n<h3 class=\"has-text-color wp-block-heading\" style=\"color:#008768\"><strong>Affiliations<\/strong><\/h3>\n\n\n\n<p>Titre d\u2019ing\u00e9nieur agr\u00e9\u00e9 (CPEng)&nbsp;<\/p>\n\n\n\n<p>Registre national des ing\u00e9nieurs (NPER3)&nbsp;<\/p>\n\n\n\n<p>Membre de l\u2019Institution of Engineers Australia (FIEAust)&nbsp;<\/p>\n\n\n\n<p>Membre de l\u2019Australian Institute of Company Directors&nbsp;<\/p>\n<\/div>\n<\/div>\n\n\n\n<p><\/p>\n","protected":false},"excerpt":{"rendered":"<p>Todd Battley Chef de la strat\u00e9gie \u00c0 ce poste, M.\u202fBattley dirige la strat\u00e9gie de croissance d\u2019AECOM en mettant \u00e0 la disposition des principaux clients les meilleures capacit\u00e9s de l\u2019entreprise. Il est notamment responsable d\u2019assurer la transformation num\u00e9rique et de veiller \u00e0 ce que nos collaborateurs aient acc\u00e8s aux outils et aux syst\u00e8mes num\u00e9riques qui soutiendront&#8230;<\/p>\n","protected":false},"author":701,"featured_media":0,"parent":908,"menu_order":4,"comment_status":"closed","ping_status":"closed","template":"","meta":{"_acf_changed":false,"footnotes":""},"yst_prominent_words":[],"class_list":["post-2711","page","type-page","status-publish","hentry"],"acf":[],"_links":{"self":[{"href":"https:\/\/aecom.com\/fr-ca\/wp-json\/wp\/v2\/pages\/2711","targetHints":{"allow":["GET"]}}],"collection":[{"href":"https:\/\/aecom.com\/fr-ca\/wp-json\/wp\/v2\/pages"}],"about":[{"href":"https:\/\/aecom.com\/fr-ca\/wp-json\/wp\/v2\/types\/page"}],"author":[{"embeddable":true,"href":"https:\/\/aecom.com\/fr-ca\/wp-json\/wp\/v2\/users\/701"}],"replies":[{"embeddable":true,"href":"https:\/\/aecom.com\/fr-ca\/wp-json\/wp\/v2\/comments?post=2711"}],"version-history":[{"count":2,"href":"https:\/\/aecom.com\/fr-ca\/wp-json\/wp\/v2\/pages\/2711\/revisions"}],"predecessor-version":[{"id":2714,"href":"https:\/\/aecom.com\/fr-ca\/wp-json\/wp\/v2\/pages\/2711\/revisions\/2714"}],"up":[{"embeddable":true,"href":"https:\/\/aecom.com\/fr-ca\/wp-json\/wp\/v2\/pages\/908"}],"wp:attachment":[{"href":"https:\/\/aecom.com\/fr-ca\/wp-json\/wp\/v2\/media?parent=2711"}],"wp:term":[{"taxonomy":"yst_prominent_words","embeddable":true,"href":"https:\/\/aecom.com\/fr-ca\/wp-json\/wp\/v2\/yst_prominent_words?post=2711"}],"curies":[{"name":"wp","href":"https:\/\/api.w.org\/{rel}","templated":true}]}}