{"id":2717,"date":"2023-10-03T18:11:07","date_gmt":"2023-10-03T18:11:07","guid":{"rendered":"https:\/\/aecom.com\/fr-ca\/?page_id=2717"},"modified":"2023-10-03T18:11:09","modified_gmt":"2023-10-03T18:11:09","slug":"david-gan","status":"publish","type":"page","link":"https:\/\/aecom.com\/fr-ca\/about-us\/our-leadership\/david-gan\/","title":{"rendered":"David Gan"},"content":{"rendered":"\n<div class=\"wp-block-columns is-layout-flex wp-container-core-columns-is-layout-9d6595d7 wp-block-columns-is-layout-flex\">\n<div class=\"wp-block-column is-layout-flow wp-block-column-is-layout-flow\" style=\"flex-basis:66.66%\">\n<div class=\"wp-block-columns is-layout-flex wp-container-core-columns-is-layout-9d6595d7 wp-block-columns-is-layout-flex\">\n<div class=\"wp-block-column is-layout-flow wp-block-column-is-layout-flow\" style=\"flex-basis:33%\">\n<figure class=\"wp-block-image size-large\"><img loading=\"lazy\" decoding=\"async\" width=\"200\" height=\"200\" src=\"https:\/\/aecom.com\/fr-ca\/wp-content\/uploads\/2023\/10\/David-Gan-web-profile-1.jpg\" alt=\"\" class=\"wp-image-2698\" srcset=\"https:\/\/aecom.com\/fr-ca\/wp-content\/uploads\/2023\/10\/David-Gan-web-profile-1.jpg 200w, https:\/\/aecom.com\/fr-ca\/wp-content\/uploads\/2023\/10\/David-Gan-web-profile-1-150x150.jpg 150w\" sizes=\"auto, (max-width: 200px) 100vw, 200px\" \/><\/figure>\n<\/div>\n\n\n\n<div class=\"wp-block-column is-layout-flow wp-block-column-is-layout-flow\">\n<h3 class=\"wp-block-heading\">David Gan<\/h3>\n\n\n\n<p>Chef des affaires juridiques\u00a0<\/p>\n<\/div>\n<\/div>\n\n\n\n<div class=\"aecom-custom-block block-intro-text\" style=\"margin-top: 0px; margin-bottom: 40px\">\n    <p class=\"editor-emphasized\">\n        David\u202fGan est directeur juridique chez AECOM (NYSE:ACM), une soci\u00e9t\u00e9 de services-conseils en infrastructure de renomm\u00e9e mondiale qui offre des services professionnels tout au long du cycle de vie des projets, de la planification \u00e0 la gestion de la construction en passant par la conception, l\u2019ing\u00e9nierie et la gestion de programmes.     <\/p>\n<\/div>\n\n\n<p>\u00c0 ce poste, M.\u202fGan supervise tous les aspects du service juridique g\u00e9n\u00e9ral d\u2019AECOM et dirige son \u00e9quipe d\u2019avocats, de juristes et de professionnels de la conformit\u00e9 et du soutien dans l\u2019ensemble de l\u2019entreprise. Ses domaines de responsabilit\u00e9 comprennent la gouvernance d\u2019entreprise, les F et A et autres questions juridiques transactionnelles, les litiges, l\u2019\u00e9thique et la conformit\u00e9, la gestion des risques d\u2019entreprise, les rapports exig\u00e9s par la SEC et tout le soutien juridique de l\u2019exploitation mondiale. Il est \u00e9galement membre de l\u2019\u00e9quipe de haute direction d\u2019AECOM.&nbsp;<\/p>\n\n\n\n<p>Auparavant, M.\u202fGan a occup\u00e9 des fonctions juridiques sup\u00e9rieures chez AECOM, notamment en tant que conseiller juridique g\u00e9n\u00e9ral adjoint d\u2019AECOM et conseiller juridique g\u00e9n\u00e9ral d\u2019AECOM Capital. Avant de se joindre \u00e0 AECOM en\u202f2006, M.\u202fGan \u00e9tait avocat en droit des valeurs mobili\u00e8res et des soci\u00e9t\u00e9s chez Mayer Brown LLP \u00e0 Los\u202fAngeles et chez Wilson Sonsini Goodrich &amp; Rosati, P.C. \u00e0 Palo\u202fAlto.&nbsp;<\/p>\n\n\n\n<p>M.\u202fGan a \u00e9t\u00e9 d\u00e9sign\u00e9 par le California Diversity Council comme l\u2019un des 50\u202fmeilleurs dirigeants de la Californie du Sud. Il est membre du conseil consultatif de la USC Gould School of Law et de l\u2019Institute for Corporate Counsel de la Los Angeles County Bar Association.&nbsp;<\/p>\n\n\n\n<p>Soci\u00e9t\u00e9 de services-conseils en infrastructure de renomm\u00e9e mondiale, AECOM offre des services professionnels tout au long du cycle de vie des projets, de la consultation \u00e0 la gestion de la construction en passant par la planification, la conception, l\u2019ing\u00e9nierie et la gestion de programmes. Que ce soit dans des secteurs aussi vari\u00e9s que le transport, les b\u00e2timents, l\u2019eau, les nouvelles \u00e9nergies et l\u2019environnement, nos clients des secteurs public et priv\u00e9 nous font confiance pour r\u00e9soudre leurs probl\u00e8mes les plus complexes. Gr\u00e2ce \u00e0 notre expertise technique et num\u00e9rique in\u00e9gal\u00e9e, \u00e0 une culture d\u2019\u00e9quit\u00e9, de diversit\u00e9 et d\u2019inclusion et \u00e0 un engagement en faveur de priorit\u00e9s environnementales, sociales et de gouvernance, nos \u00e9quipes visent un m\u00eame but\u202f: offrir un monde meilleur. Les services professionnels d\u2019AECOM, une entreprise du Fortune\u202f500, ont enregistr\u00e9 des revenus de pr\u00e8s de 13,1\u202fmilliards de dollars au cours de l\u2019exercice financier\u202f2022. D\u00e9couvrez de quelle mani\u00e8re nous transmettons un h\u00e9ritage durable aux g\u00e9n\u00e9rations \u00e0 venir sur aecom.com et @AECOM.&nbsp;<\/p>\n\n\n\n    <div class=\"aecom-custom-block block-cta-button\" style=\"margin-top: 40px;\">\n        <a href=\"https:\/\/aecom.com\/fr-ca\/about-us\/our-leadership\/\" class=\"aecom-default-cta aecom-global-cta-e-green-transparent aecom-global-cta-sml aecom-global-cta-bold aecom-global-cta aecom-global-cta-bold\"  >Retour \u00e0 la direction d&#8217;AECOM <svg data-name=\"Layer 1\" xmlns=\"http:\/\/www.w3.org\/2000\/svg\" viewBox=\"0 0 31.4 29.8\"><g data-name=\"Group 31\"><g data-name=\"Group 30\"><g data-name=\"Group 29\"><path data-name=\"Path 49\" d=\"M31.4 14.1h-3.1a12.6 12.6 0 0 1-25.2 0H0a15.7 15.7 0 1 0 31.4 0m-15.7 7 7.4-7.4-2.2-2.2-3.6 3.6V0h-3.1v15l-3.6-3.6-2.2 2.2 7.4 7.4Z\" fill=\"currentColor\"\/><\/g><\/g><\/g><\/svg><\/a>\n    <\/div>\n<\/div>\n\n\n\n<div class=\"wp-block-column is-layout-flow wp-block-column-is-layout-flow\" style=\"flex-basis:33.33%\">\n<h3 class=\"has-text-color wp-block-heading\" style=\"color:#008768\">\u00c9tudes<\/h3>\n\n\n\n<p>Doctorat en droit, Universit\u00e9 de Californie, Hastings&nbsp;<\/p>\n\n\n\n<p>Ma\u00eetrise en administration des affaires, Universit\u00e9 de Californie, Los\u202fAngeles, The Anderson School of Management&nbsp;<\/p>\n\n\n\n<p>Baccalaur\u00e9at \u00e8s sciences, sciences de la gestion, Universit\u00e9 de Californie, San\u202fDiego&nbsp;<\/p>\n\n\n\n<h3 class=\"has-text-color wp-block-heading\" style=\"color:#008768\"><strong>Affiliations<\/strong><\/h3>\n\n\n\n<p>Membre du conseil consultatif de l\u2019Institute for Corporate Counsel&nbsp;<\/p>\n\n\n\n<p>Membre de l\u2019Executive Leadership Institute de l\u2019Association of Corporate Counsel&nbsp;<\/p>\n\n\n\n<h3 class=\"has-text-color wp-block-heading\" style=\"color:#008768\"><strong>Distinctions<\/strong><\/h3>\n\n\n\n<p>Entreprise publique (&gt;\u202f1\u202fG$) Prix de l\u2019avocat d\u2019entreprise,&nbsp;<br>Los Angeles Business Journal&nbsp;<\/p>\n\n\n\n<p>Nomm\u00e9 sur la liste des 50\u202fmeilleurs dirigeants de la Californie du Sud pour la diversit\u00e9, California Diversity Council&nbsp;<\/p>\n<\/div>\n<\/div>\n\n\n\n<p><\/p>\n","protected":false},"excerpt":{"rendered":"<p>David Gan Chef des affaires juridiques\u00a0 \u00c0 ce poste, M.\u202fGan supervise tous les aspects du service juridique g\u00e9n\u00e9ral d\u2019AECOM et dirige son \u00e9quipe d\u2019avocats, de juristes et de professionnels de la conformit\u00e9 et du soutien dans l\u2019ensemble de l\u2019entreprise. Ses domaines de responsabilit\u00e9 comprennent la gouvernance d\u2019entreprise, les F et A et autres questions juridiques&#8230;<\/p>\n","protected":false},"author":701,"featured_media":0,"parent":908,"menu_order":5,"comment_status":"closed","ping_status":"closed","template":"","meta":{"_acf_changed":false,"footnotes":""},"yst_prominent_words":[],"class_list":["post-2717","page","type-page","status-publish","hentry"],"acf":[],"_links":{"self":[{"href":"https:\/\/aecom.com\/fr-ca\/wp-json\/wp\/v2\/pages\/2717","targetHints":{"allow":["GET"]}}],"collection":[{"href":"https:\/\/aecom.com\/fr-ca\/wp-json\/wp\/v2\/pages"}],"about":[{"href":"https:\/\/aecom.com\/fr-ca\/wp-json\/wp\/v2\/types\/page"}],"author":[{"embeddable":true,"href":"https:\/\/aecom.com\/fr-ca\/wp-json\/wp\/v2\/users\/701"}],"replies":[{"embeddable":true,"href":"https:\/\/aecom.com\/fr-ca\/wp-json\/wp\/v2\/comments?post=2717"}],"version-history":[{"count":2,"href":"https:\/\/aecom.com\/fr-ca\/wp-json\/wp\/v2\/pages\/2717\/revisions"}],"predecessor-version":[{"id":2719,"href":"https:\/\/aecom.com\/fr-ca\/wp-json\/wp\/v2\/pages\/2717\/revisions\/2719"}],"up":[{"embeddable":true,"href":"https:\/\/aecom.com\/fr-ca\/wp-json\/wp\/v2\/pages\/908"}],"wp:attachment":[{"href":"https:\/\/aecom.com\/fr-ca\/wp-json\/wp\/v2\/media?parent=2717"}],"wp:term":[{"taxonomy":"yst_prominent_words","embeddable":true,"href":"https:\/\/aecom.com\/fr-ca\/wp-json\/wp\/v2\/yst_prominent_words?post=2717"}],"curies":[{"name":"wp","href":"https:\/\/api.w.org\/{rel}","templated":true}]}}