{"id":2722,"date":"2023-10-03T18:13:14","date_gmt":"2023-10-03T18:13:14","guid":{"rendered":"https:\/\/aecom.com\/fr-ca\/?page_id=2722"},"modified":"2023-10-03T18:13:17","modified_gmt":"2023-10-03T18:13:17","slug":"gaurav-kapoor","status":"publish","type":"page","link":"https:\/\/aecom.com\/fr-ca\/about-us\/our-leadership\/gaurav-kapoor\/","title":{"rendered":"Gaurav Kapoor"},"content":{"rendered":"\n<div class=\"wp-block-columns is-layout-flex wp-container-core-columns-is-layout-9d6595d7 wp-block-columns-is-layout-flex\">\n<div class=\"wp-block-column is-layout-flow wp-block-column-is-layout-flow\" style=\"flex-basis:66.66%\">\n<div class=\"wp-block-columns is-layout-flex wp-container-core-columns-is-layout-9d6595d7 wp-block-columns-is-layout-flex\">\n<div class=\"wp-block-column is-layout-flow wp-block-column-is-layout-flow\" style=\"flex-basis:33%\">\n<figure class=\"wp-block-image size-large\"><img loading=\"lazy\" decoding=\"async\" width=\"750\" height=\"750\" src=\"https:\/\/aecom.com\/fr-ca\/wp-content\/uploads\/2023\/10\/Gaurav-Kapoor-cfo-profile-5-1.jpg\" alt=\"\" class=\"wp-image-2699\" srcset=\"https:\/\/aecom.com\/fr-ca\/wp-content\/uploads\/2023\/10\/Gaurav-Kapoor-cfo-profile-5-1.jpg 750w, https:\/\/aecom.com\/fr-ca\/wp-content\/uploads\/2023\/10\/Gaurav-Kapoor-cfo-profile-5-1-300x300.jpg 300w, https:\/\/aecom.com\/fr-ca\/wp-content\/uploads\/2023\/10\/Gaurav-Kapoor-cfo-profile-5-1-150x150.jpg 150w\" sizes=\"auto, (max-width: 750px) 100vw, 750px\" \/><\/figure>\n<\/div>\n\n\n\n<div class=\"wp-block-column is-layout-flow wp-block-column-is-layout-flow\">\n<h3 class=\"wp-block-heading\">Gaurav Kapoor<\/h3>\n\n\n\n<p>Chef des affaires financi\u00e8res\u00a0\u00a0<\/p>\n<\/div>\n<\/div>\n\n\n\n<div class=\"aecom-custom-block block-intro-text\" style=\"margin-top: 0px; margin-bottom: 40px\">\n    <p class=\"editor-emphasized\">\n        Gaurav\u202fKapoor est chef des affaires financi\u00e8res chez AECOM (NYSE:ACM), une soci\u00e9t\u00e9 de services-conseils en infrastructure de renomm\u00e9e mondiale qui offre des services professionnels tout au long du cycle de vie des projets, de la planification \u00e0 la gestion de la construction en passant par la conception, l\u2019ing\u00e9nierie et la gestion de programmes.     <\/p>\n<\/div>\n\n\n<p>\u00c0 ce poste, M.\u202fKapoor supervise les activit\u00e9s financi\u00e8res mondiales de l\u2019entreprise, notamment la planification et l\u2019analyse financi\u00e8res, les rapports financiers, les services partag\u00e9s mondiaux, l\u2019audit interne, la fiscalit\u00e9, la tr\u00e9sorerie et l\u2019immobilier mondial. Il est \u00e9galement membre de l\u2019\u00e9quipe de haute direction d\u2019AECOM.&nbsp;<\/p>\n\n\n\n<p>M.\u202fKapoor poss\u00e8de une vaste exp\u00e9rience en mati\u00e8re de leadership financier chez AECOM, o\u00f9 il occupe le poste de chef des services comptables et de contr\u00f4leur mondial depuis d\u00e9cembre\u202f2016 et celui de tr\u00e9sorier depuis octobre\u202f2019. Il a pr\u00e9c\u00e9demment occup\u00e9 des postes de direction chez AECOM, notamment ceux de vice-pr\u00e9sident principal de la planification et de l\u2019analyse financi\u00e8res de janvier\u202f2016 \u00e0 d\u00e9cembre\u202f2016 et de vice-pr\u00e9sident principal de l\u2019ex\u00e9cution de projets, services de conception et d\u2019experts-conseils pour les Am\u00e9riques, de mai\u202f2015 \u00e0 janvier\u202f2016.&nbsp;<\/p>\n\n\n\n<p>Avant de se joindre \u00e0 AECOM en mai\u202f2015, M.\u202fKapoor a pass\u00e9 15\u202fans chez Ernst &amp; Young LLP, o\u00f9 il \u00e9tait partenaire d\u2019audit et a occup\u00e9 divers postes de direction.&nbsp;<\/p>\n\n\n\n<p>Soci\u00e9t\u00e9 de services-conseils en infrastructure de renomm\u00e9e mondiale, AECOM offre des services professionnels tout au long du cycle de vie des projets, de la consultation \u00e0 la gestion de la construction en passant par la planification, la conception, l\u2019ing\u00e9nierie et la gestion de programmes. Que ce soit dans des secteurs aussi vari\u00e9s que le transport, les b\u00e2timents, l\u2019eau, les nouvelles \u00e9nergies et l\u2019environnement, nos clients des secteurs public et priv\u00e9 nous font confiance pour r\u00e9soudre leurs probl\u00e8mes les plus complexes. Gr\u00e2ce \u00e0 notre expertise technique et num\u00e9rique in\u00e9gal\u00e9e, \u00e0 une culture d\u2019\u00e9quit\u00e9, de diversit\u00e9 et d\u2019inclusion et \u00e0 un engagement en faveur de priorit\u00e9s environnementales, sociales et de gouvernance, nos \u00e9quipes visent un m\u00eame but\u202f: offrir un monde meilleur. Les services professionnels d\u2019AECOM, une entreprise du Fortune\u202f500, ont enregistr\u00e9 des revenus de pr\u00e8s de 13,1\u202fmilliards de dollars au cours de l\u2019exercice financier\u202f2022. D\u00e9couvrez de quelle mani\u00e8re nous transmettons un h\u00e9ritage durable aux g\u00e9n\u00e9rations \u00e0 venir sur aecom.com et @AECOM.&nbsp;<\/p>\n\n\n\n    <div class=\"aecom-custom-block block-cta-button\" style=\"margin-top: 40px;\">\n        <a href=\"https:\/\/aecom.com\/fr-ca\/about-us\/our-leadership\/\" class=\"aecom-default-cta aecom-global-cta-e-green-transparent aecom-global-cta-sml aecom-global-cta-bold aecom-global-cta aecom-global-cta-bold\"  >Retour \u00e0 la direction d&#8217;AECOM <svg data-name=\"Layer 1\" xmlns=\"http:\/\/www.w3.org\/2000\/svg\" viewBox=\"0 0 31.4 29.8\"><g data-name=\"Group 31\"><g data-name=\"Group 30\"><g data-name=\"Group 29\"><path data-name=\"Path 49\" d=\"M31.4 14.1h-3.1a12.6 12.6 0 0 1-25.2 0H0a15.7 15.7 0 1 0 31.4 0m-15.7 7 7.4-7.4-2.2-2.2-3.6 3.6V0h-3.1v15l-3.6-3.6-2.2 2.2 7.4 7.4Z\" fill=\"currentColor\"\/><\/g><\/g><\/g><\/svg><\/a>\n    <\/div>\n<\/div>\n\n\n\n<div class=\"wp-block-column is-layout-flow wp-block-column-is-layout-flow\" style=\"flex-basis:33.33%\">\n<h3 class=\"has-text-color wp-block-heading\" style=\"color:#008768\">\u00c9tudes<\/h3>\n\n\n\n<p>Baccalaur\u00e9at en administration des affaires, California State University-Fullerton&nbsp;<\/p>\n<\/div>\n<\/div>\n\n\n\n<p><\/p>\n","protected":false},"excerpt":{"rendered":"<p>Gaurav Kapoor Chef des affaires financi\u00e8res\u00a0\u00a0 \u00c0 ce poste, M.\u202fKapoor supervise les activit\u00e9s financi\u00e8res mondiales de l\u2019entreprise, notamment la planification et l\u2019analyse financi\u00e8res, les rapports financiers, les services partag\u00e9s mondiaux, l\u2019audit interne, la fiscalit\u00e9, la tr\u00e9sorerie et l\u2019immobilier mondial. Il est \u00e9galement membre de l\u2019\u00e9quipe de haute direction d\u2019AECOM.&nbsp; M.\u202fKapoor poss\u00e8de une vaste exp\u00e9rience en&#8230;<\/p>\n","protected":false},"author":701,"featured_media":0,"parent":908,"menu_order":6,"comment_status":"closed","ping_status":"closed","template":"","meta":{"_acf_changed":false,"footnotes":""},"yst_prominent_words":[],"class_list":["post-2722","page","type-page","status-publish","hentry"],"acf":[],"_links":{"self":[{"href":"https:\/\/aecom.com\/fr-ca\/wp-json\/wp\/v2\/pages\/2722","targetHints":{"allow":["GET"]}}],"collection":[{"href":"https:\/\/aecom.com\/fr-ca\/wp-json\/wp\/v2\/pages"}],"about":[{"href":"https:\/\/aecom.com\/fr-ca\/wp-json\/wp\/v2\/types\/page"}],"author":[{"embeddable":true,"href":"https:\/\/aecom.com\/fr-ca\/wp-json\/wp\/v2\/users\/701"}],"replies":[{"embeddable":true,"href":"https:\/\/aecom.com\/fr-ca\/wp-json\/wp\/v2\/comments?post=2722"}],"version-history":[{"count":2,"href":"https:\/\/aecom.com\/fr-ca\/wp-json\/wp\/v2\/pages\/2722\/revisions"}],"predecessor-version":[{"id":2724,"href":"https:\/\/aecom.com\/fr-ca\/wp-json\/wp\/v2\/pages\/2722\/revisions\/2724"}],"up":[{"embeddable":true,"href":"https:\/\/aecom.com\/fr-ca\/wp-json\/wp\/v2\/pages\/908"}],"wp:attachment":[{"href":"https:\/\/aecom.com\/fr-ca\/wp-json\/wp\/v2\/media?parent=2722"}],"wp:term":[{"taxonomy":"yst_prominent_words","embeddable":true,"href":"https:\/\/aecom.com\/fr-ca\/wp-json\/wp\/v2\/yst_prominent_words?post=2722"}],"curies":[{"name":"wp","href":"https:\/\/api.w.org\/{rel}","templated":true}]}}