{"id":2925,"date":"2023-10-10T19:19:38","date_gmt":"2023-10-10T19:19:38","guid":{"rendered":"https:\/\/aecom.com\/fr-ca\/?page_id=2925"},"modified":"2023-11-23T23:03:59","modified_gmt":"2023-11-23T23:03:59","slug":"esg-accreditations","status":"publish","type":"page","link":"https:\/\/aecom.com\/fr-ca\/esg-accreditations\/","title":{"rendered":"Accr\u00e9ditations ESG"},"content":{"rendered":"\n<div class=\"aecom-custom-block block-intro-text\" style=\"margin-top: 0px; margin-bottom: 40px\">\n    <p class=\"editor-emphasized\">\n        AECOM d\u00e9tient des accr\u00e9ditations pour v\u00e9rifier les progr\u00e8s des initiatives en mati\u00e8re d\u2019ESG.     <\/p>\n<\/div>\n\n\n<p>Deux accr\u00e9ditations importantes du secteur de l\u2019\u00e9nergie permettent \u00e0 AECOM de v\u00e9rifier les progr\u00e8s des initiatives en mati\u00e8re d\u2019ESG.&nbsp;<\/p>\n\n\n\n<p><strong>AECOM est un organisme de certification pour la norme MiQ<\/strong>, qui offre aux entreprises du secteur p\u00e9trolier et gazier la possibilit\u00e9 de d\u00e9montrer une \u00e9valuation cr\u00e9dible de leur rendement en mati\u00e8re d\u2019\u00e9missions de m\u00e9thane. La norme MiQ permet de diff\u00e9rencier le march\u00e9 du gaz naturel en cr\u00e9ant diff\u00e9rents paliers de tarification et une motivation \u00e9conomique claire pour inciter les entreprises \u00e0 investir dans la r\u00e9duction des \u00e9missions. Le processus de certification MiQ est neutre sur le plan technologique et comprend des audits ind\u00e9pendants de l\u2019intensit\u00e9 des \u00e9missions de m\u00e9thane d\u2019une entreprise, de ses pratiques d\u2019exploitation et de son d\u00e9ploiement des technologies de surveillance par des experts tiers accr\u00e9dit\u00e9s qui fournissent des recommandations pratiques visant \u00e0 am\u00e9liorer le rendement relatif aux \u00e9missions de m\u00e9thane. En tant qu\u2019expert tiers accr\u00e9dit\u00e9, AECOM s\u2019appuie sur son vaste r\u00e9seau de professionnels de calibre mondial pour fournir des conseils et des services \u00e0 ses clients. Cette certification s\u2019ajoute \u00e0 notre exp\u00e9rience \u00e9prouv\u00e9e de la prestation de services environnementaux, sociaux et de gouvernance (ESG) exceptionnels pour les clients du secteur p\u00e9trolier et gazier de partout dans le monde.&nbsp;<\/p>\n\n\n\n<p>Nos auditeurs font appel \u00e0 leur connaissance approfondie des programmes r\u00e9glementaires nationaux et locaux, \u00e0 leur expertise en syst\u00e8mes de gestion et \u00e0 des techniques de v\u00e9rification contemporaines pour r\u00e9aliser des audits de mani\u00e8re efficace et efficiente. Nous sommes pr\u00eats \u00e0 vous faire profiter de notre expertise dans les domaines de l\u2019audit, de l\u2019industrie et des \u00e9missions atmosph\u00e9riques.&nbsp;<\/p>\n\n\n\n<p>AECOM fournit les services suivants:<\/p>\n\n\n\n<ul class=\"wp-block-list\"><li>Aide \u00e0 l\u2019int\u00e9gration des activit\u00e9s de conformit\u00e9 ax\u00e9es sur les normes MiQ aux efforts de planification strat\u00e9gique de l\u2019entreprise.&nbsp;<\/li><li>Traduction des exigences de la norme MiQ en t\u00e2ches ou en activit\u00e9s r\u00e9alisables par l\u2019installation.&nbsp;<\/li><li>Prestation de solutions pratiques et rentables pour r\u00e9pondre aux exigences de la norme MiQ.&nbsp;<\/li><li>Plus important encore, nous fournissons aux cadres sup\u00e9rieurs de nos clients les renseignements dont ils ont besoin pour g\u00e9rer les responsabilit\u00e9s environnementales dans l\u2019ensemble de leur organisation tout en limitant les risques op\u00e9rationnels et les risques li\u00e9s \u00e0 la continuit\u00e9 des op\u00e9rations.&nbsp;<\/li><\/ul>\n\n\n\n<p>MiQ est un partenariat ind\u00e9pendant \u00e0 but non lucratif entre RMI et SYSTEMIQ. <a rel=\"noreferrer noopener\" href=\"https:\/\/miq.org\/about\/\" target=\"_blank\">Apprenez-en davantage sur MiQ<\/a> (Contenu mondial, en anglais seulement).<\/p>\n\n\n\n<p><strong>AECOM est un \u00e9valuateur agr\u00e9\u00e9 de la norme EO100<sup>MC<\/sup> pour le d\u00e9veloppement \u00e9nerg\u00e9tique responsable<\/strong>. \u00c9labor\u00e9e par Equitable Origin, cette certification \u00e9value le rendement en mati\u00e8re d\u2019ESG des projets d\u2019\u00e9nergie et d\u2019infrastructure \u00e9nerg\u00e9tique sur place, au-del\u00e0 des \u00e9missions, et prend en compte la gouvernance d\u2019entreprise, la transparence et l\u2019\u00e9thique; les droits de l\u2019homme; l\u2019impact social et le d\u00e9veloppement communautaire; les droits des peuples autochtones; l\u2019\u00e9quit\u00e9 des conditions de travail; et les changements climatiques, la biodiversit\u00e9 et l\u2019environnement. Apprenez-en plus sur la norme <a rel=\"noreferrer noopener\" href=\"https:\/\/energystandards.org\/responsible-energy-development\/\" target=\"_blank\">EO100<sup>MC<\/sup> pour un d\u00e9veloppement \u00e9nerg\u00e9tique responsable<\/a> (Contenu mondial, en anglais seulement).\u00a0<\/p>\n","protected":false},"excerpt":{"rendered":"<p>Deux accr\u00e9ditations importantes du secteur de l\u2019\u00e9nergie permettent \u00e0 AECOM de v\u00e9rifier les progr\u00e8s des initiatives en mati\u00e8re d\u2019ESG.&nbsp; AECOM est un organisme de certification pour la norme MiQ, qui offre aux entreprises du secteur p\u00e9trolier et gazier la possibilit\u00e9 de d\u00e9montrer une \u00e9valuation cr\u00e9dible de leur rendement en mati\u00e8re d\u2019\u00e9missions de m\u00e9thane. La norme&#8230;<\/p>\n","protected":false},"author":701,"featured_media":2926,"parent":0,"menu_order":0,"comment_status":"closed","ping_status":"closed","template":"","meta":{"_acf_changed":false,"footnotes":""},"yst_prominent_words":[],"class_list":["post-2925","page","type-page","status-publish","has-post-thumbnail","hentry"],"acf":[],"_links":{"self":[{"href":"https:\/\/aecom.com\/fr-ca\/wp-json\/wp\/v2\/pages\/2925","targetHints":{"allow":["GET"]}}],"collection":[{"href":"https:\/\/aecom.com\/fr-ca\/wp-json\/wp\/v2\/pages"}],"about":[{"href":"https:\/\/aecom.com\/fr-ca\/wp-json\/wp\/v2\/types\/page"}],"author":[{"embeddable":true,"href":"https:\/\/aecom.com\/fr-ca\/wp-json\/wp\/v2\/users\/701"}],"replies":[{"embeddable":true,"href":"https:\/\/aecom.com\/fr-ca\/wp-json\/wp\/v2\/comments?post=2925"}],"version-history":[{"count":3,"href":"https:\/\/aecom.com\/fr-ca\/wp-json\/wp\/v2\/pages\/2925\/revisions"}],"predecessor-version":[{"id":3512,"href":"https:\/\/aecom.com\/fr-ca\/wp-json\/wp\/v2\/pages\/2925\/revisions\/3512"}],"wp:featuredmedia":[{"embeddable":true,"href":"https:\/\/aecom.com\/fr-ca\/wp-json\/wp\/v2\/media\/2926"}],"wp:attachment":[{"href":"https:\/\/aecom.com\/fr-ca\/wp-json\/wp\/v2\/media?parent=2925"}],"wp:term":[{"taxonomy":"yst_prominent_words","embeddable":true,"href":"https:\/\/aecom.com\/fr-ca\/wp-json\/wp\/v2\/yst_prominent_words?post=2925"}],"curies":[{"name":"wp","href":"https:\/\/api.w.org\/{rel}","templated":true}]}}