{"id":3514,"date":"2015-08-10T18:23:44","date_gmt":"2015-08-10T18:23:44","guid":{"rendered":"https:\/\/aecom.com\/fr-ca\/accessibilityreasonable-accommodation\/"},"modified":"2023-11-24T00:04:22","modified_gmt":"2023-11-24T00:04:22","slug":"accessibilityreasonable-accommodation","status":"publish","type":"page","link":"https:\/\/aecom.com\/fr-ca\/accessibilityreasonable-accommodation\/","title":{"rendered":"Accessibilit\u00e9 et mesures d\u2019adaptation raisonnables"},"content":{"rendered":"\n<p>Nous tenons \u00e0 ce que le plus grand nombre possible de personnes puissent utiliser ce site Web. Cela signifie, par exemple, que vous devez pouvoir\u202f:&nbsp;&nbsp;<\/p>\n\n\n\n<div class=\"aecom-custom-block block-facts\"\n    style=\"margin-top: 0px; margin-bottom: 40px\">\n\n        <ul class=\"list-style-bullets\">\n                    <li>\n                                    Faire un zoom avant jusqu\u2019\u00e0 300\u202f% sans que le texte ne d\u00e9borde de l\u2019\u00e9cran                            <\/li>\n                    <li>\n                                    Naviguer sur la majeure partie du site Web au moyen du clavier seulement                            <\/li>\n                    <li>\n                                    Naviguer sur la majeure partie du site Web en utilisant un logiciel de reconnaissance vocale                            <\/li>\n                    <li>\n                                    \u00c9couter la majeure partie du site Web \u00e0 l\u2019aide d\u2019un lecteur d\u2019\u00e9cran (incluant les versions les plus r\u00e9centes de JAWS, NVDA et Voiceover)                              <\/li>\n            <\/ul>\n<\/div>\n\n\n<p><a rel=\"noreferrer noopener\" href=\"https:\/\/mcmw.abilitynet.org.uk\/\" target=\"_blank\">AbilityNet<\/a>\u202f(Contenu externe, en anglais seulement) propose des conseils pour faciliter l\u2019utilisation de votre appareil si vous \u00eates en situation de handicap et que vous souhaitez obtenir des consignes.<\/p>\n\n\n\n<p>Si vous \u00eates un candidat pr\u00e9sentant un handicap et que vous avez besoin de mesures d\u2019adaptation raisonnables pour mener \u00e0 bien une partie de la proc\u00e9dure de candidature, ou si votre capacit\u00e9 \u00e0 utiliser le syst\u00e8me de demande en ligne est limit\u00e9e, ou si vous n\u2019\u00eates pas en mesure de l\u2019utiliser, et que vous d\u00e9sirez recourir \u00e0 une autre m\u00e9thode de demande, vous pouvez communiquer avec notre ligne d\u2019aide pour convenir de dispositions au 1-877-653-5079 ou envoyer un courriel \u00e0 l\u2019adresse\u202f: <a href=\"mailto:ReasonableAccommodations@aecom.com\" target=\"_blank\" rel=\"noreferrer noopener\">ReasonableAccommodations@aecom.com<\/a>.<\/p>\n\n\n\n<p>Les renseignements suivants sont n\u00e9cessaires pour traiter votre demande\u202f:&nbsp;<\/p>\n\n\n\n<div class=\"aecom-custom-block block-facts\"\n    style=\"margin-top: 0px; margin-bottom: 40px\">\n\n        <ul class=\"list-style-bullets\">\n                    <li>\n                                    Nom                            <\/li>\n                    <li>\n                                    Le meilleur moyen de communiquer avec vous                             <\/li>\n                    <li>\n                                    Titre du poste                             <\/li>\n                    <li>\n                                    Num\u00e9ro de la demande\/du poste                             <\/li>\n            <\/ul>\n<\/div>\n\n\n<p>D\u00e8s r\u00e9ception de ces donn\u00e9es, nous vous r\u00e9pondrons rapidement afin d\u2019obtenir de plus amples renseignements sur votre demande.&nbsp;<\/p>\n","protected":false},"excerpt":{"rendered":"<p>Nous tenons \u00e0 ce que le plus grand nombre possible de personnes puissent utiliser ce site Web. Cela signifie, par exemple, que vous devez pouvoir\u202f:&nbsp;&nbsp; AbilityNet\u202f(Contenu externe, en anglais seulement) propose des conseils pour faciliter l\u2019utilisation de votre appareil si vous \u00eates en situation de handicap et que vous souhaitez obtenir des consignes. Si vous&#8230;<\/p>\n","protected":false},"author":7,"featured_media":0,"parent":0,"menu_order":122,"comment_status":"closed","ping_status":"closed","template":"","meta":{"_acf_changed":false,"footnotes":""},"yst_prominent_words":[],"class_list":["post-3514","page","type-page","status-publish","hentry"],"acf":[],"_links":{"self":[{"href":"https:\/\/aecom.com\/fr-ca\/wp-json\/wp\/v2\/pages\/3514","targetHints":{"allow":["GET"]}}],"collection":[{"href":"https:\/\/aecom.com\/fr-ca\/wp-json\/wp\/v2\/pages"}],"about":[{"href":"https:\/\/aecom.com\/fr-ca\/wp-json\/wp\/v2\/types\/page"}],"author":[{"embeddable":true,"href":"https:\/\/aecom.com\/fr-ca\/wp-json\/wp\/v2\/users\/7"}],"replies":[{"embeddable":true,"href":"https:\/\/aecom.com\/fr-ca\/wp-json\/wp\/v2\/comments?post=3514"}],"version-history":[{"count":3,"href":"https:\/\/aecom.com\/fr-ca\/wp-json\/wp\/v2\/pages\/3514\/revisions"}],"predecessor-version":[{"id":3517,"href":"https:\/\/aecom.com\/fr-ca\/wp-json\/wp\/v2\/pages\/3514\/revisions\/3517"}],"wp:attachment":[{"href":"https:\/\/aecom.com\/fr-ca\/wp-json\/wp\/v2\/media?parent=3514"}],"wp:term":[{"taxonomy":"yst_prominent_words","embeddable":true,"href":"https:\/\/aecom.com\/fr-ca\/wp-json\/wp\/v2\/yst_prominent_words?post=3514"}],"curies":[{"name":"wp","href":"https:\/\/api.w.org\/{rel}","templated":true}]}}