{"id":4329,"date":"2024-01-16T17:38:28","date_gmt":"2024-01-16T17:38:28","guid":{"rendered":"https:\/\/aecom.com\/fr-ca\/?page_id=4329"},"modified":"2024-01-29T20:15:26","modified_gmt":"2024-01-29T20:15:26","slug":"enbridge-gas-strengthens-community-engagement-and-reduces-setup-time-with-the-help-of-planengage","status":"publish","type":"page","link":"https:\/\/aecom.com\/fr-ca\/enbridge-gas-strengthens-community-engagement-and-reduces-setup-time-with-the-help-of-planengage\/","title":{"rendered":"Enbridge Gas renforce la mobilisation communautaire et r\u00e9duit le temps de configuration avec l\u2019aide de PlanEngage<sup>MC<\/sup>"},"content":{"rendered":"\n<h2 class=\"wp-block-heading\">\u00c9tude de cas<\/h2>\n\n\n\n<h1 class=\"wp-block-heading\">Enbridge Gas renforce la mobilisation communautaire et r\u00e9duit le temps de configuration avec l\u2019aide de PlanEngage<sup>MC<\/sup><\/h1>\n\n\n\n<p>Projet : Renforcement de Dundalk | Ontario, Canada<br>Client :&nbsp;Enbridge Gas<\/p>\n\n\n\n<div style=\"height:36px\" aria-hidden=\"true\" class=\"wp-block-spacer\"><\/div>\n\n\n\n<div class=\"aecom-custom-block block-intro-text\" style=\"margin-top: 0px; margin-bottom: 40px\">\n    <p class=\"editor-emphasized\">\n        Enbridge Gas assure la livraison s\u00fbre et fiable de gaz naturel \u00e0 plus de 3,9 millions de clients r\u00e9sidentiels, commerciaux et industriels \u00e0 travers l\u2019Ontario. Afin de renforcer l\u2019approvisionnement en gaz naturel dans le comt\u00e9 de Dufferin et de r\u00e9pondre \u00e0 la croissance de la r\u00e9gion, Enbridge Gas propose le projet de renforcement de Dundalk dans la ville de Mono.    <\/p>\n<\/div>\n\n\n<p>Ce projet implique la construction d\u2019un gazoduc en acier \u00e0 tr\u00e8s haute pression situ\u00e9 dans une emprise routi\u00e8re. Afin de permettre la continuation du projet, une demande d\u2019autorisation de construire et l\u2019approbation de la commission de l\u2019\u00e9nergie de l\u2019Ontario (CEO) sont requises. La CEO est l\u2019organisme ind\u00e9pendant de r\u00e9glementation des secteurs de l\u2019\u00e9lectricit\u00e9 et du gaz naturel de l\u2019Ontario. Elle prot\u00e8ge les consommateurs et prend des d\u00e9cisions visant \u00e0 servir l\u2019int\u00e9r\u00eat public.<\/p>\n\n\n\n<h2 class=\"has-text-color wp-block-heading\" style=\"color:#00353e\">Processus<\/h2>\n\n\n\n<p>L\u2019une des \u00e9tapes cl\u00e9s de l\u2019\u00e9tude du projet de renforcement de Dundalk est la consultation du public, des communaut\u00e9s autochtones et des parties prenantes afin de comprendre les int\u00e9r\u00eats et les r\u00e9percussions potentielles du projet. Afin d\u2019\u00e9largir la participation du public et d\u2019atteindre plus de membres de la communaut\u00e9, Enbridge Gas a voulu encourager la participation du public en organisant deux s\u00e9ances d\u2019information virtuelles qui sont rest\u00e9es ouvertes pendant 15 jours, avec les objectifs sp\u00e9cifiques suivants :<\/p>\n\n\n\n<div class=\"aecom-custom-block block-facts\"\n    style=\"margin-top: 0px; margin-bottom: 40px\">\n\n        <ul class=\"list-style-check\">\n                    <li>\n                                    informer les propri\u00e9taires, les communaut\u00e9s autochtones, les municipalit\u00e9s, les parties prenantes et les autorit\u00e9s du projet de renforcement de Dundalk et recueillir leurs commentaires sur les options de trac\u00e9s, puis \u00e9ventuellement sur l\u2019itin\u00e9raire privil\u00e9gi\u00e9;                            <\/li>\n                    <li>\n                                    donner \u00e0 tout le monde la chance de faire part de ses commentaires sur le rapport environnemental du projet qui sera inclus dans l\u2019application soumise \u00e0 la CEO;                            <\/li>\n                    <li>\n                                    fournir l\u2019occasion de d\u00e9terminer toute contrainte inconnue du projet et d\u2019examiner les propositions visant \u00e0 att\u00e9nuer les r\u00e9percussions sur la communaut\u00e9 locale et sur l\u2019environnement;                            <\/li>\n                    <li>\n                                    cr\u00e9er un espace o\u00f9 la communaut\u00e9 pourra poser des questions et\/ou fournir des commentaires.                            <\/li>\n            <\/ul>\n<\/div>\n\n\n<h2 class=\"has-text-color wp-block-heading\" style=\"color:#00353e\">D\u00e9fi<\/h2>\n\n\n\n<p>Traditionnellement, ce type de mobilisation en ligne est difficile \u00e0 mettre en place et n\u00e9cessite de cr\u00e9er un site Web personnalis\u00e9, ce qui implique plusieurs \u00e9tapes, notamment l\u2019embauche de d\u00e9veloppeurs Web, la planification initiale et la gestion de boucles de r\u00e9troaction continues. La nature it\u00e9rative de cette approche peut entra\u00eener des retards et une augmentation des co\u00fbts, et limite la possibilit\u00e9 d\u2019effectuer facilement des mises \u00e0 jour ou des modifications apr\u00e8s le lancement.<\/p>\n\n\n\n<h2 class=\"has-text-color wp-block-heading\" style=\"color:#00353e\">Solution<\/h2>\n\n\n\n<p>Afin d\u2019\u00e9liminer toute complexit\u00e9 inutile, Enbridge Gas utilise la plateforme PlanEngage de Digital AECOM afin de rationaliser le partage d\u2019information en ligne et de renforcer la mobilisation. Gr\u00e2ce \u00e0 des outils collaboratifs de cr\u00e9ation et d\u2019\u00e9dition de contenus, l\u2019\u00e9quipe de projet a pu cr\u00e9er un site Web complet et visuellement attrayant pour le projet de renforcement de Dundalk sans n\u00e9cessiter de d\u00e9veloppement Web ni de comp\u00e9tences en HTML. Les capacit\u00e9s intuitives de cartographie de PlanEngage ont permis \u00e0 Enbridge Gas de pr\u00e9senter des options de trac\u00e9 du gazoduc avec des donn\u00e9es SIG dynamiques qui se synchronisent automatiquement avec le texte, ce qui a facilit\u00e9 la prise de d\u00e9cisions inform\u00e9e des membres de la communaut\u00e9 lors de l\u2019\u00e9valuation des options et du choix de l\u2019itin\u00e9raire privil\u00e9gi\u00e9. Enfin, tous les participants publics ont pu r\u00e9pondre \u00e0 un sondage personnalis\u00e9 et saisir des commentaires directement dans la plateforme PlanEngage, ce qui a permis \u00e0 l\u2019\u00e9quipe de projet de r\u00e9pondre facilement aux questions et d\u2019analyser la r\u00e9troaction de la communaut\u00e9.<\/p>\n\n\n\n<div style=\"height:36px\" aria-hidden=\"true\" class=\"wp-block-spacer\"><\/div>\n\n\n\n<div class=\"wp-block-image\"><figure class=\"aligncenter size-large\"><img decoding=\"async\" src=\"https:\/\/www.planengage.com\/static\/4f264147c599c938a9779984c887c311\/1f233\/device_f06535dca8.webp\" alt=\"\"\/><\/figure><\/div>\n\n\n\n<div style=\"height:12px\" aria-hidden=\"true\" class=\"wp-block-spacer\"><\/div>\n\n\n\n<div class=\"aecom-custom-block client-quote-block\" style=\"margin-top: 0px; margin-bottom: 40px\">\n    <p class=\"client-quote-text\" style=\"margin-top: 30px\";>\n        C\u2019\u00e9tait la premi\u00e8re fois que nous utilisions PlanEngage pour notre client, Enbridge Gas, et cela nous a pris environ le tiers du temps de notre derni\u00e8re s\u00e9ance d\u2019information virtuelle sans PlanEngage. La configuration du projet \u00e9tait tr\u00e8s facile et nous avons pu la r\u00e9aliser dans un d\u00e9lai tr\u00e8s court.     <\/p>\n    <p class=\"client-quote-author\">\n        Kristan Washburn    <\/p>\n    <p class=\"client-quote-title\">\n        Gestionnaire de projet chez AECOM    <\/p>\n<\/div>\n\n\n<h2 class=\"has-text-color wp-block-heading\" style=\"color:#00353e\">R\u00e9sultats<\/h2>\n\n\n\n<p>Gr\u00e2ce \u00e0 la configuration rapide et aux outils intuitifs de PlanEngage, Enbridge Gas a pu respecter un d\u00e9lai tr\u00e8s strict, tout en respectant les normes d\u2019engagement environnemental et communautaire, en cr\u00e9ant une plateforme de mobilisation num\u00e9rique en moins de la moiti\u00e9 du temps par rapport \u00e0 la m\u00e9thode traditionnelle de travail avec des d\u00e9veloppeurs Web.<\/p>\n\n\n\n    <div class=\"aecom-custom-block block-cta-button\" style=\"margin-top: 40px;\">\n        <a href=\"\/fr-ca\/about-us\/innovation-digital\/\" class=\"aecom-default-cta aecom-global-cta-e-green-transparent aecom-global-cta-sml aecom-global-cta-bold aecom-global-cta aecom-global-cta-bold\"  >Retourner \u00e0 innovation et num\u00e9rique <svg data-name=\"Layer 1\" xmlns=\"http:\/\/www.w3.org\/2000\/svg\" viewBox=\"0 0 31.4 29.8\"><g data-name=\"Group 31\"><g data-name=\"Group 30\"><g data-name=\"Group 29\"><path data-name=\"Path 49\" d=\"M31.4 14.1h-3.1a12.6 12.6 0 0 1-25.2 0H0a15.7 15.7 0 1 0 31.4 0m-15.7 7 7.4-7.4-2.2-2.2-3.6 3.6V0h-3.1v15l-3.6-3.6-2.2 2.2 7.4 7.4Z\" fill=\"currentColor\"\/><\/g><\/g><\/g><\/svg><\/a>\n    <\/div>\n","protected":false},"excerpt":{"rendered":"<p>\u00c9tude de cas Enbridge Gas renforce la mobilisation communautaire et r\u00e9duit le temps de configuration avec l\u2019aide de PlanEngageMC Projet : Renforcement de Dundalk | Ontario, CanadaClient :&nbsp;Enbridge Gas Ce projet implique la construction d\u2019un gazoduc en acier \u00e0 tr\u00e8s haute pression situ\u00e9 dans une emprise routi\u00e8re. Afin de permettre la continuation du projet, une&#8230;<\/p>\n","protected":false},"author":701,"featured_media":4636,"parent":0,"menu_order":0,"comment_status":"closed","ping_status":"closed","template":"","meta":{"_acf_changed":false,"footnotes":""},"yst_prominent_words":[],"class_list":["post-4329","page","type-page","status-publish","has-post-thumbnail","hentry"],"acf":[],"_links":{"self":[{"href":"https:\/\/aecom.com\/fr-ca\/wp-json\/wp\/v2\/pages\/4329","targetHints":{"allow":["GET"]}}],"collection":[{"href":"https:\/\/aecom.com\/fr-ca\/wp-json\/wp\/v2\/pages"}],"about":[{"href":"https:\/\/aecom.com\/fr-ca\/wp-json\/wp\/v2\/types\/page"}],"author":[{"embeddable":true,"href":"https:\/\/aecom.com\/fr-ca\/wp-json\/wp\/v2\/users\/701"}],"replies":[{"embeddable":true,"href":"https:\/\/aecom.com\/fr-ca\/wp-json\/wp\/v2\/comments?post=4329"}],"version-history":[{"count":2,"href":"https:\/\/aecom.com\/fr-ca\/wp-json\/wp\/v2\/pages\/4329\/revisions"}],"predecessor-version":[{"id":4694,"href":"https:\/\/aecom.com\/fr-ca\/wp-json\/wp\/v2\/pages\/4329\/revisions\/4694"}],"wp:featuredmedia":[{"embeddable":true,"href":"https:\/\/aecom.com\/fr-ca\/wp-json\/wp\/v2\/media\/4636"}],"wp:attachment":[{"href":"https:\/\/aecom.com\/fr-ca\/wp-json\/wp\/v2\/media?parent=4329"}],"wp:term":[{"taxonomy":"yst_prominent_words","embeddable":true,"href":"https:\/\/aecom.com\/fr-ca\/wp-json\/wp\/v2\/yst_prominent_words?post=4329"}],"curies":[{"name":"wp","href":"https:\/\/api.w.org\/{rel}","templated":true}]}}