{"id":5049,"date":"2024-05-06T21:20:31","date_gmt":"2024-05-06T21:20:31","guid":{"rendered":"https:\/\/aecom.com\/fr-ca\/?page_id=5049"},"modified":"2024-05-06T21:28:42","modified_gmt":"2024-05-06T21:28:42","slug":"recruitment-fraud-warning","status":"publish","type":"page","link":"https:\/\/aecom.com\/fr-ca\/recruitment-fraud-warning\/","title":{"rendered":"Avis de fraude en mati\u00e8re de recrutement"},"content":{"rendered":"\n<p>Nous avons appris que diverses personnes et organisations contactaient des gens en pr\u00e9tendant leur offrir des possibilit\u00e9s d\u2019emploi chez AECOM. Il s\u2019agit de man\u0153uvres frauduleuses, destin\u00e9es \u00e0 escroquer des victimes. Nous prenons cette affaire au s\u00e9rieux et avons notifi\u00e9 les autorit\u00e9s judiciaires comp\u00e9tentes afin de mettre un terme \u00e0 de telles man\u0153uvres frauduleuses. En vous mettant au courant de la situation, nous esp\u00e9rons \u00e9viter qu\u2019il y ait d\u2019autres victimes et mettre un terme \u00e0 de telles fraudes. Veuillez ne pas fournir d&#8217;informations personnelles ou financi\u00e8res et ne pas envoyer d&#8217;argent \u00e0 toute personne que vous soup\u00e7onnez de fraude en mati\u00e8re de recrutement.<\/p>\n\n\n\n<p>Si quelqu\u2019un communique avec vous et vous croyez qu\u2019il ne s\u2019agit pas d\u2019un repr\u00e9sentant officiel d\u2019AECOM, veuillez envoyer un courriel \u00e0 :&nbsp;<a href=\"mailto:RecruitmentFraudReporting@aecom.com\">RecruitmentFraudReporting@aecom.com<\/a>. Veuillez faire suivre le courriel d&#8217;origine que vous avez re\u00e7u, en incluant la ligne d&#8217;objet d&#8217;origine et les informations d&#8217;en-t\u00eate compl\u00e8tes.<\/p>\n\n\n\n<p>N&#8217;envoyez pas de CV ou de candidatures \u00e0 cette adresse courriel, car ils ne seront ni examin\u00e9s ni pris en compte. Si vous souhaitez postuler \u00e0 un emploi, veuillez envoyer votre candidature pour un poste vacant au\u00a0<a href=\"https:\/\/canada.aecom.jobs\/quebec\/can\/jobs\/\" target=\"_blank\" rel=\"noreferrer noopener\">h<\/a><a href=\"https:\/\/canada.aecom.jobs\/quebec\/can\/jobs\/\"><a rel=\"noreferrer noopener\" href=\"https:\/\/canada.aecom.jobs\/quebec\/can\/jobs\/\" target=\"_blank\">ttps:\/\/canada.aecom.jobs\/quebec\/can\/jobs\/<\/a><\/a>.<\/p>\n\n\n\n<hr class=\"wp-block-separator\"\/>\n\n\n\n<p><strong><strong>Qu&#8217;est-ce que le recrutement frauduleux?<\/strong><\/strong><\/p>\n\n\n\n<p>Un recrutement frauduleux est un syst\u00e8me sophistiqu\u00e9 offrant des possibilit\u00e9s d&#8217;emplois fictives \u00e0 des particuliers. Pour v\u00e9hiculer ce type de fraude, les malfaiteurs utilisent habituellement des services en ligne tels que des faux sites Web ou l\u2019envoi de courriels non sollicit\u00e9s pr\u00e9tendument sign\u00e9s par AECOM. Ces courriels demandent aux destinataires de divulguer des renseignements personnels, de signer de fausses lettres d\u2019emploi, de se procurer un visa et, finalement, de payer pour soumettre une fausse demande d\u2019emploi.<\/p>\n\n\n\n<p><strong><strong>Comment reconna\u00eetre un recrutement frauduleux<\/strong><\/strong><\/p>\n\n\n\n<ul class=\"wp-block-list\"><li>Le courriel ne provient pas d\u2019une adresse courriel officielle \u00ab aecom.com \u00bb et provient plut\u00f4t d\u2019un service gratuit comme Gmail, Outlook.com, Live.com, Yahoo, AOL ou une combinaison de ces services.<\/li><li>On vous demande de passer une entrevue au moyen d\u2019un logiciel de messagerie instantan\u00e9e<\/li><li>On vous promet un poste de t\u00e9l\u00e9travail.<\/li><li>On vous offre un ch\u00e8que que vous pourrez d\u00e9poser avant l\u2019entrevue. Les fraudeurs demandent souvent aux victimes de remplir de faux documents de recrutement, notamment des formulaires de demande d&#8217;emploi, des documents li\u00e9s aux modalit\u00e9s d&#8217;embauche ou des formulaires de visa de travail. Le nom et le logo d\u2019AECOM, utilis\u00e9s sans autorisation, apparaissent parfois sur la documentation.<\/li><li>Rapidement, on vous demandera de fournir des renseignements personnels, notamment votre adresse, votre date de naissance, votre curriculum vitae (cv), les d\u00e9tails de votre passeport, etc.<\/li><li>Les candidats sont pri\u00e9s de communiquer avec d&#8217;autres soci\u00e9t\u00e9s ou particuliers, notamment des avocats, des responsables de banques, des agences de voyages, des compagnies de messagerie, des agences de traitement des visas de travail ou d&#8217;immigration etc.<\/li><li>Les fraudeurs utilisent souvent des num\u00e9ros de t\u00e9l\u00e9phone mobiles ou fixes commen\u00e7ant par 44(0)70 \u00e0 la place des num\u00e9ros de t\u00e9l\u00e9phone officiels de l&#8217;entreprise.<\/li><li>Les malfaiteurs peuvent m\u00eame offrir au candidat de verser un fort pourcentage des frais exig\u00e9s, en lui demandant de payer le solde.<\/li><li>Dans les messages, on insiste sur l\u2019urgence du processus.<\/li><\/ul>\n\n\n\n<p>Aux termes des politiques et des proc\u00e9dures d\u2019emploi d\u2019AECOM, l\u2019embauche requiert la plupart du temps une entrevue en personne et les candidats qui cherchent \u00e0 obtenir un emploi chez nous ne doivent en aucun cas verser une somme d\u2019argent \u00e0 l\u2019avance. Tout autre comportement viendrait \u00e0 l\u2019encontre de nos directives de conduite des affaires et de nos pratiques de d\u00e9ontologie.<\/p>\n\n\n\n<p><strong><strong>Que dois-je faire ?<\/strong><\/strong><\/p>\n\n\n\n<ul class=\"wp-block-list\"><li>Veuillez rapporter toutes les ARNAQUES potentielles aux autorit\u00e9s locales.<\/li><li>Veuillez rapporter la fraude sur Internet au FBI en vous servant du lien suivant&nbsp;:&nbsp;<a rel=\"noreferrer noopener\" href=\"https:\/\/www.ic3.gov\/complaint\/default.aspx\" target=\"_blank\">https:\/\/www.ic3.gov\/complaint\/default.aspx<\/a><\/li><\/ul>\n\n\n\n<p><strong><strong>Veuillez ne pas<\/strong><\/strong><\/p>\n\n\n\n<ul class=\"wp-block-list\"><li>r\u00e9pondre aux propositions d&#8217;affaires non-sollicit\u00e9es et\/ou aux offres d&#8217;emploi provenant de personnes que vous ne connaissez pas.<\/li><li>de divulguer tout renseignement personnel ou financier \u00e0 des inconnus;<\/li><li>d\u2019envoyer de l\u2019argent. AECOM n\u2019exigera jamais de transfert d\u2019argent ou d\u2019autre forme de paiement d\u2019un candidat pour lui assurer un emploi ou un contrat d&#8217;entrepreneur;<\/li><li>de poursuivre la communication si vous croyez avoir affaire \u00e0 un acte frauduleux.<\/li><\/ul>\n","protected":false},"excerpt":{"rendered":"<p>Nous avons appris que diverses personnes et organisations contactaient des gens en pr\u00e9tendant leur offrir des possibilit\u00e9s d\u2019emploi chez AECOM. Il s\u2019agit de man\u0153uvres frauduleuses, destin\u00e9es \u00e0 escroquer des victimes. Nous prenons cette affaire au s\u00e9rieux et avons notifi\u00e9 les autorit\u00e9s judiciaires comp\u00e9tentes afin de mettre un terme \u00e0 de telles man\u0153uvres frauduleuses. En vous&#8230;<\/p>\n","protected":false},"author":701,"featured_media":0,"parent":0,"menu_order":0,"comment_status":"closed","ping_status":"closed","template":"","meta":{"_acf_changed":false,"footnotes":""},"yst_prominent_words":[],"class_list":["post-5049","page","type-page","status-publish","hentry"],"acf":[],"_links":{"self":[{"href":"https:\/\/aecom.com\/fr-ca\/wp-json\/wp\/v2\/pages\/5049","targetHints":{"allow":["GET"]}}],"collection":[{"href":"https:\/\/aecom.com\/fr-ca\/wp-json\/wp\/v2\/pages"}],"about":[{"href":"https:\/\/aecom.com\/fr-ca\/wp-json\/wp\/v2\/types\/page"}],"author":[{"embeddable":true,"href":"https:\/\/aecom.com\/fr-ca\/wp-json\/wp\/v2\/users\/701"}],"replies":[{"embeddable":true,"href":"https:\/\/aecom.com\/fr-ca\/wp-json\/wp\/v2\/comments?post=5049"}],"version-history":[{"count":3,"href":"https:\/\/aecom.com\/fr-ca\/wp-json\/wp\/v2\/pages\/5049\/revisions"}],"predecessor-version":[{"id":5053,"href":"https:\/\/aecom.com\/fr-ca\/wp-json\/wp\/v2\/pages\/5049\/revisions\/5053"}],"wp:attachment":[{"href":"https:\/\/aecom.com\/fr-ca\/wp-json\/wp\/v2\/media?parent=5049"}],"wp:term":[{"taxonomy":"yst_prominent_words","embeddable":true,"href":"https:\/\/aecom.com\/fr-ca\/wp-json\/wp\/v2\/yst_prominent_words?post=5049"}],"curies":[{"name":"wp","href":"https:\/\/api.w.org\/{rel}","templated":true}]}}