{"id":5405,"date":"2015-08-10T19:15:18","date_gmt":"2015-08-10T19:15:18","guid":{"rendered":"https:\/\/aecom.com\/fr-ca\/about-us\/brands\/"},"modified":"2024-08-30T18:19:17","modified_gmt":"2024-08-30T18:19:17","slug":"techex","status":"publish","type":"page","link":"https:\/\/aecom.com\/fr-ca\/about-us\/techex\/","title":{"rendered":"ExTech"},"content":{"rendered":"\n    <div class=\"aecom-custom-block careers-header my-0\" style=\"background-color: #000000; margin-top: 0px; margin-bottom: 40px;\">\n    <div class=\"careers-header-content\">\n                    <div id=\"careers-video-bg\" style=\"opacity: 0%;\">\n            <div class=\"video-bg-overlay\"><\/div>\n            <script charset=\"ISO-8859-1\" src=\"\/\/fast.wistia.com\/assets\/external\/E-v1.js\" async><\/script>\n            <div class=\"wistia_embed wistia_async_6ky1hhvfdg \" videoFoam=\"true\">&nbsp;<\/div>\n            <script>\n                window._wq = window._wq || [];\n                \n                _wq.push({ \n                    id: \"6ky1hhvfdg\", onReady: function(video) {\n                        vidContainer = document.getElementById(\"careers-video-bg\");\n\n                        video.height(vidContainer.offsetHeight)\n                        video.play();\n                        video.bind(\"end\", function() {\n                            video.play();\n                        });\n                    },\n                    options: {\n                        controlsVisibleOnLoad: false,\n                        settingsControl: false,\n                        playButton: false,\n                        fitStrategy: 'cover',\n                        playbar: false,\n                        videoFoam: true,\n                        muted: true\n                    }\n                });\n            <\/script>\n        <\/div>\n                    <div class=\"row no-gutters header-container\">\n                <div class=\"col careers-title\">\n                    <div class=\"header-title\">\n                        <p class=\"careers-sub-title\">Excellence technique <\/p>\n                        <h1>Expertise branch\u00e9e.<br>Influence exponentielle.<\/h1>\n                    <\/div>\n                                            <div class=\"header-content\">\n                            <div class=\"techex-video-x\">\n<script src=\"https:\/\/fast.wistia.com\/embed\/medias\/ilsd12n5gy.jsonp\" async><\/script><script src=\"https:\/\/fast.wistia.com\/assets\/external\/E-v1.js\" async><\/script><\/p>\n<div class=\"wistia_responsive_padding\" style=\"padding:100.0% 0 0 0;position:relative;\">\n<div class=\"wistia_responsive_wrapper\" style=\"height:100%;left:0;position:absolute;top:0;width:100%;\">\n<div class=\"wistia_embed wistia_async_ilsd12n5gy seo=true videoFoam=true\" style=\"height:100%;position:relative;width:100%\">&nbsp;<\/div>\n<\/div>\n<\/div>\n<\/div>\n                        <\/div>\n                                        <div class=\"cta-container\">\n\n                        <!-- add condition here -->\n                        \n                        <!-- add condition here -->\n                                                    <div class=\"cta-button-container wistia-play\">\n                                <script src=\"https:\/\/fast.wistia.com\/embed\/medias\/8g6kay8n9u.jsonp\" async><\/script><script src=\"https:\/\/fast.wistia.com\/assets\/external\/E-v1.js\" async><\/script><span class=\"wistia_embed wistia_async_8g6kay8n9u popover=true popoverContent=link\" style=\"display:inline;position:relative\"><a href=\"#\" class=\"aecom-global-cta aecom-global-cta-sml aecom-global-cta-bold d-none d-lg-block aecom-global-cta-e-green-transparent\">Regarder la vid\u00e9o<\/a><a class=\"cta-button-play-mobile d-block d-sm-block d-md-block d-lg-none\" href=\"#\"><svg xmlns=\"http:\/\/www.w3.org\/2000\/svg\" width=\"29.919\" height=\"28.82\" viewBox=\"0 0 29.919 28.82\"><g id=\"Polygon_1\" data-name=\"Polygon 1\" transform=\"translate(0 11.5) rotate(-30)\" fill=\"none\"><path d=\"M11.5,0,23,20H0Z\" stroke=\"none\"\/><path d=\"M 11.5 4.012261390686035 L 3.457050323486328 18 L 19.54294967651367 18 L 11.5 4.012261390686035 M 11.5 0 L 23 20 L 0 20 L 11.5 0 Z\" stroke=\"none\" fill=\"#008768\"\/><\/g><\/svg><\/a><\/span>\n                            <\/div>\n                        \n\n                    <\/div>\n                    \n                <\/div>\n            <\/div>\n        <\/div>\n    <\/div>\n\n        <div class=\"full-width-media theme-white layout-one-half media-stacked\"\n            style=\"margin-top: 0px; margin-bottom: 0px\">\n                <div\n            class=\"row no-gutters flex-sm-wrap col-row-reverse\">\n            <div\n                class=\"col-lg-6 col-sm-12 col-md-12 media-text-content\">\n                <div class=\"media-text-content-wrapper\">\n                    <div class=\"media-text-title\">\n                                                                                                    <h2>Chaque discipline, chaque point de vue et chaque g\u00e9ographie travaillant de concert pour cr\u00e9er quelque chose d\u2019encore mieux que l\u2019ensemble de ses parties. <\/h2>\n                                                                    <\/div>\n                    <div class=\"media-text-text\">\n                        <p><p>En mettant en relation des gens intelligents, qui aiment ce qu\u2019ils font, dans une culture collaborative qui c\u00e9l\u00e8bre l\u2019innovation et l\u2019impact, nous am\u00e9liorons de mani\u00e8re exponentielle nos capacit\u00e9s. C\u2019est le facteur TechEx que nous promettons \u00e0 nos clients. Nous apportons notre expertise branch\u00e9e \u00e0 tout ce que nous faisons pour nos clients aujourd\u2019hui, tout en nous effor\u00e7ant constamment d\u2019avoir un impact plus grand demain.<\/p>\n<\/p>\n                    <\/div>\n                                    <\/div>\n            <\/div>\n                            <div class=\"col-lg-6 col-md-12 col-sm-12 media-image-container\"\n                    style=\"background-color: #000;\">\n                    <div class=\"media-image\"\n                        style=\"background-image: url('https:\/\/aecom.com\/fr-ca\/wp-content\/uploads\/2024\/06\/OurTechExFactor_Block-FR.jpg');opacity: 100%;\">\n                    <\/div>\n                <\/div>\n                                <\/div>\n    <\/div>\n\n        <div class=\"full-width-media theme-white layout-one-half media-stacked\"\n            style=\"margin-top: 0px; margin-bottom: 0px\">\n                <div\n            class=\"row no-gutters flex-sm-wrap \">\n            <div\n                class=\"col-lg-6 col-sm-12 col-md-12 media-text-content\">\n                <div class=\"media-text-content-wrapper\">\n                    <div class=\"media-text-title\">\n                                                                                                    <h2>L\u2019excellence technique repr\u00e9sente notre constante, alimentant ce que nous faisons et notre fa\u00e7on de le faire. <\/h2>\n                                                                    <\/div>\n                    <div class=\"media-text-text\">\n                        <p><p>On la retrouve dans la mani\u00e8re dont nous donnons la priorit\u00e9 \u00e0 l\u2019apprentissage continu et au d\u00e9veloppement professionnel de nos employ\u00e9s, gr\u00e2ce \u00e0 l\u2019Universit\u00e9 AECOM et \u00e0 nos acad\u00e9mies techniques mondiales. Et on la retrouve aussi dans la mani\u00e8re dont nous collaborons entre les disciplines et les g\u00e9ographies par l\u2019interm\u00e9diaire de notre r\u00e9seau dynamique d\u2019expertise technique \u2013 le point d\u2019entr\u00e9e vers un monde d\u2019experts techniques, de connaissances et de formation. <\/p>\n<\/p>\n                    <\/div>\n                                    <\/div>\n            <\/div>\n                            <div class=\"col-lg-6 col-md-12 col-sm-12 media-image-container\"\n                    style=\"background-color: #000;\">\n                    <div class=\"media-image\"\n                        style=\"background-image: url('https:\/\/aecom.com\/fr-ca\/wp-content\/uploads\/2024\/06\/LaraPoloni_Quote_Component_FR.jpg');opacity: 100%;\">\n                    <\/div>\n                <\/div>\n                                <\/div>\n    <\/div>\n\n\n<div class=\"wp-block-columns tech-excellence-quality is-layout-flex wp-container-core-columns-is-layout-9d6595d7 wp-block-columns-is-layout-flex\">\n<div class=\"wp-block-column is-layout-flow wp-block-column-is-layout-flow\">\n<div style=\"height:30px\" aria-hidden=\"true\" class=\"wp-block-spacer\"><\/div>\n\n\n\n<div class=\"wp-block-columns aecom-centered-column is-layout-flex wp-container-core-columns-is-layout-9d6595d7 wp-block-columns-is-layout-flex\">\n<div class=\"wp-block-column is-layout-flow wp-block-column-is-layout-flow\">    <div class=\"aecom-custom-block single-promo-block\" style=\"background-color: #000;margin-top: 0px; margin-bottom: 20px;\">\n                    <div class=\"promo-bg\" style=\"background-image: url('https:\/\/aecom.com\/fr-ca\/wp-content\/uploads\/2024\/06\/what-ignite-us.jpg');opacity: 70%\"><\/div>\n                            <div class=\"promo-content\">\n                <h4><\/h4>\n                <h2>Plonger dans les profondeurs avec nos experts techniques <\/h2>\n                <p>Notre s\u00e9rie de blogues explore les m\u00e9thodologies et les pratiques d\u2019excellence qui nous aident \u00e0 r\u00e9soudre sans rel\u00e2che les d\u00e9fis pos\u00e9s par l\u2019infrastructure mondiale. (Contenu mondial, en anglais seulement)<\/p>\n                <div class=\"promo-link\">\n                    <a href=\"https:\/\/aecom.com\/blog\/tags\/deep-dive\/\" target=\"_blank\" class=\"aecom-global-cta aecom-global-cta-bold aecom-global-cta-sml aecom-global-cta-l-green-transparent\">D\u00e9couvrez-en plus sur notre blogue <\/a>\n                <\/div>\n            <\/div>\n            <\/div><\/div>\n\n\n\n<div class=\"wp-block-column is-layout-flow wp-block-column-is-layout-flow\">    <div class=\"aecom-custom-block single-promo-block\" style=\"background-color: #000;margin-top: 0px; margin-bottom: 20px;\">\n                    <div class=\"promo-bg\" style=\"background-image: url('https:\/\/aecom.com\/fr-ca\/wp-content\/uploads\/2024\/06\/navigate-the-energy.jpg');opacity: 70%\"><\/div>\n                            <div class=\"promo-content\">\n                <h4><\/h4>\n                <h2>Traverser la transition \u00e9nerg\u00e9tique <\/h2>\n                <p>Notre rapport, L\u2019avenir des l\u2019infrastructures, nous aide \u00e0 traverser la transition \u00e9nerg\u00e9tique gr\u00e2ce \u00e0 des strat\u00e9gies pratiques, rentables, pr\u00e9visibles et centr\u00e9es sur les gens pour atteindre la carboneutralit\u00e9. (Contenu mondial, en anglais seulement)<\/p>\n                <div class=\"promo-link\">\n                    <a href=\"https:\/\/infrastructure.aecom.com\/\" target=\"_blank\" class=\"aecom-global-cta aecom-global-cta-bold aecom-global-cta-sml aecom-global-cta-l-green-transparent\">Lire le rapport <\/a>\n                <\/div>\n            <\/div>\n            <\/div><\/div>\n\n\n\n<div class=\"wp-block-column is-layout-flow wp-block-column-is-layout-flow\">    <div class=\"aecom-custom-block single-promo-block\" style=\"background-color: #000;margin-top: 0px; margin-bottom: 20px;\">\n                    <div class=\"promo-bg\" style=\"background-image: url('https:\/\/aecom.com\/fr-ca\/wp-content\/uploads\/2024\/06\/academic-testimonials-1.jpg');opacity: 70%\"><\/div>\n                            <div class=\"promo-content\">\n                <h4><\/h4>\n                <h2>Att\u00e9nuer les impacts sociaux et environnementaux<\/h2>\n                <p>D\u00e9couvrez comment Ana Moreno, anthropologue sociale au Mexique, aide ses clients \u00e0 identifier et \u00e0 mettre en \u0153uvre des investissements sociaux et environnementaux au profit des communaut\u00e9s locales. (Contenu mondial, en anglais seulement)<\/p>\n                <div class=\"promo-link\">\n                    <a href=\"https:\/\/aecom.com\/blog\/people-spotlight-meet-ana-moreno\/\" target=\"_blank\" class=\"aecom-global-cta aecom-global-cta-bold aecom-global-cta-sml aecom-global-cta-l-green-transparent\">Faites la connaissance d&#8217;Ana<\/a>\n                <\/div>\n            <\/div>\n            <\/div><\/div>\n<\/div>\n\n\n\n<p><\/p>\n<\/div>\n<\/div>\n\n\n        <div class=\"full-width-media theme-earth-green layout-one-half full-width-media-black-theme media-stacked\"\n            style=\"margin-top: 0px; margin-bottom: 0px\">\n                <div\n            class=\"row no-gutters flex-sm-wrap \">\n            <div\n                class=\"col-lg-6 col-sm-12 col-md-12 media-text-content\">\n                <div class=\"media-text-content-wrapper\">\n                    <div class=\"media-text-title\">\n                                                                                                    <h2><h1 class=\"hiring-heading\">Rejoignez-nous d\u00e8s maintenant et prenez part \u00e0 quelque chose de grand.<\/h1><\/h2>\n                                                                    <\/div>\n                    <div class=\"media-text-text\">\n                        <p><p>Nous accueillons les meilleurs esprits du secteur\u202f: 52\u202f000\u202fprofessionnels techniques et commerciaux qui obtiennent d\u2019incroyables r\u00e9sultats de projets aupr\u00e8s de nos clients et qui ont un impact positif sur les communaut\u00e9s. <\/p>\n<p>Votre expertise permettra de faire face \u00e0 de grands d\u00e9fis d\u2019infrastructure et de travailler sur certains des projets les plus embl\u00e9matiques du monde. Vous aurez l\u2019occasion de travailler et d\u2019apprendre avec les \u00e9quipes techniques les plus fiables du secteur, et de b\u00e2tir votre carri\u00e8re comme vous le souhaitez. <\/p>\n<\/p>\n                    <\/div>\n                                    <\/div>\n            <\/div>\n                            <div class=\"col-lg-6 col-md-12 col-sm-12 media-image-container\"\n                    style=\"background-color: #000;\">\n                    <div class=\"media-image\"\n                        style=\"background-image: url('https:\/\/aecom.com\/fr-ca\/wp-content\/uploads\/2024\/06\/TechEx_X_GlobalTeam-FR.jpg');opacity: 100%;\">\n                    <\/div>\n                <\/div>\n                                <\/div>\n    <\/div>\n\n\n<div class=\"wp-block-columns footer-cta is-layout-flex wp-container-core-columns-is-layout-9d6595d7 wp-block-columns-is-layout-flex\">\n<div class=\"wp-block-column footer-cta-left is-layout-flow wp-block-column-is-layout-flow\">\n<h3 class=\"wp-block-heading\">Occasions de carri\u00e8re<\/h3>\n\n\n\n    <a href=\"https:\/\/canada.aecom.jobs\/quebec\/can\/jobs\/\" class=\"aecom-default-cta aecom-global-cta-l-green-transparent aecom-global-cta-sml aecom-global-cta-normal aecom-global-cta aecom-global-cta-bold\" target=\"_blank\"  >Rejoindre notre \u00e9quipe <svg data-name=\"Layer 1\" xmlns=\"http:\/\/www.w3.org\/2000\/svg\" viewBox=\"0 0 31.4 29.8\"><g data-name=\"Group 31\"><g data-name=\"Group 30\"><g data-name=\"Group 29\"><path data-name=\"Path 49\" d=\"M31.4 14.1h-3.1a12.6 12.6 0 0 1-25.2 0H0a15.7 15.7 0 1 0 31.4 0m-15.7 7 7.4-7.4-2.2-2.2-3.6 3.6V0h-3.1v15l-3.6-3.6-2.2 2.2 7.4 7.4Z\" fill=\"currentColor\"\/><\/g><\/g><\/g><\/svg><\/a>\n<\/div>\n\n\n\n<div class=\"wp-block-column footer-cta-right is-layout-flow wp-block-column-is-layout-flow\">\n<h3 class=\"wp-block-heading\">Joignez-vous au r\u00e9seau de talents<\/h3>\n\n\n\n    <a href=\"https:\/\/smrtr.io\/cmBrR\" class=\"aecom-default-cta aecom-global-cta-l-green-transparent aecom-global-cta-sml aecom-global-cta-normal aecom-global-cta aecom-global-cta-bold\" target=\"_blank\"  >Inscrivez-vous <svg data-name=\"Layer 1\" xmlns=\"http:\/\/www.w3.org\/2000\/svg\" viewBox=\"0 0 31.4 29.8\"><g data-name=\"Group 31\"><g data-name=\"Group 30\"><g data-name=\"Group 29\"><path data-name=\"Path 49\" d=\"M31.4 14.1h-3.1a12.6 12.6 0 0 1-25.2 0H0a15.7 15.7 0 1 0 31.4 0m-15.7 7 7.4-7.4-2.2-2.2-3.6 3.6V0h-3.1v15l-3.6-3.6-2.2 2.2 7.4 7.4Z\" fill=\"currentColor\"\/><\/g><\/g><\/g><\/svg><\/a>\n<\/div>\n<\/div>\n","protected":false},"excerpt":{"rendered":"<p>Occasions de carri\u00e8re Joignez-vous au r\u00e9seau de talents<\/p>\n","protected":false},"author":7,"featured_media":5474,"parent":878,"menu_order":1,"comment_status":"closed","ping_status":"closed","template":"views\/page-careers-content.blade.php","meta":{"_acf_changed":false,"footnotes":""},"yst_prominent_words":[],"class_list":["post-5405","page","type-page","status-publish","has-post-thumbnail","hentry"],"acf":[],"_links":{"self":[{"href":"https:\/\/aecom.com\/fr-ca\/wp-json\/wp\/v2\/pages\/5405","targetHints":{"allow":["GET"]}}],"collection":[{"href":"https:\/\/aecom.com\/fr-ca\/wp-json\/wp\/v2\/pages"}],"about":[{"href":"https:\/\/aecom.com\/fr-ca\/wp-json\/wp\/v2\/types\/page"}],"author":[{"embeddable":true,"href":"https:\/\/aecom.com\/fr-ca\/wp-json\/wp\/v2\/users\/7"}],"replies":[{"embeddable":true,"href":"https:\/\/aecom.com\/fr-ca\/wp-json\/wp\/v2\/comments?post=5405"}],"version-history":[{"count":3,"href":"https:\/\/aecom.com\/fr-ca\/wp-json\/wp\/v2\/pages\/5405\/revisions"}],"predecessor-version":[{"id":6247,"href":"https:\/\/aecom.com\/fr-ca\/wp-json\/wp\/v2\/pages\/5405\/revisions\/6247"}],"up":[{"embeddable":true,"href":"https:\/\/aecom.com\/fr-ca\/wp-json\/wp\/v2\/pages\/878"}],"wp:featuredmedia":[{"embeddable":true,"href":"https:\/\/aecom.com\/fr-ca\/wp-json\/wp\/v2\/media\/5474"}],"wp:attachment":[{"href":"https:\/\/aecom.com\/fr-ca\/wp-json\/wp\/v2\/media?parent=5405"}],"wp:term":[{"taxonomy":"yst_prominent_words","embeddable":true,"href":"https:\/\/aecom.com\/fr-ca\/wp-json\/wp\/v2\/yst_prominent_words?post=5405"}],"curies":[{"name":"wp","href":"https:\/\/api.w.org\/{rel}","templated":true}]}}