{"id":5681,"date":"2024-06-14T18:36:22","date_gmt":"2024-06-14T18:36:22","guid":{"rendered":"https:\/\/aecom.com\/fr-ca\/sustainable-legacies-ca\/our-esg-services\/"},"modified":"2025-06-26T18:52:58","modified_gmt":"2025-06-26T18:52:58","slug":"our-esg-services","status":"publish","type":"page","link":"https:\/\/aecom.com\/fr-ca\/sustainable-legacies-ca\/our-esg-services\/","title":{"rendered":"Nos services d\u2019ESG\u00a0"},"content":{"rendered":"\n    <div class=\"aecom-custom-block careers-header\" style=\"background-color: #00353e; margin-top: 0px; margin-bottom: 0px;\">\n    <div class=\"careers-header-content\">\n                    <div class=\"careers-header-bg\" style=\"background-image: url('https:\/\/aecom.com\/fr-ca\/wp-content\/uploads\/2024\/06\/MAIN_AdobeStock_313730515_1.jpeg');opacity: 30%;\"><\/div>\n                    <div class=\"row no-gutters header-container\">\n                <div class=\"col careers-title\">\n                    <div class=\"header-title\">\n                        <p class=\"careers-sub-title\">Nos services d\u2019ESG <\/p>\n                        <h1>Ensemble, nous pouvons offrir un monde meilleur<\/h1>\n                    <\/div>\n                                            <div class=\"header-content\">\n                            <h2>Il est plus important que jamais que les organisations prennent des engagements environnementaux, sociaux et de gouvernance (ESG) ainsi que des mesures pour offrir un monde meilleur. Nous sommes l\u00e0 pour vous accompagner \u00e0 chaque \u00e9tape, du concept \u00e0 l\u2019ex\u00e9cution en passant par la conception.<\/h2>\n                        <\/div>\n                                        <div class=\"cta-container\">\n\n                        <!-- add condition here -->\n                        \n                        <!-- add condition here -->\n                        \n\n                    <\/div>\n                    \n                <\/div>\n            <\/div>\n        <\/div>\n    <\/div>\n\n\n<div class=\"wp-block-columns sl-flex-centered has-background is-layout-flex wp-container-core-columns-is-layout-9d6595d7 wp-block-columns-is-layout-flex\" style=\"background-color:#00353e\">\n<div class=\"wp-block-column aecom-centered-column is-layout-flow wp-block-column-is-layout-flow\">\n<div style=\"height:48px\" aria-hidden=\"true\" class=\"wp-block-spacer\"><\/div>\n\n\n\n<h1 class=\"wp-block-heading sl-heading has-text-color\" style=\"color:#aecc53;font-size:3em\">D\u00e9couvrez comment nous pouvons aider votre organisation \u00e0 r\u00e9aliser des changements importants :<\/h1>\n\n\n\n<p class=\"has-white-color has-text-color\">En tant que soci\u00e9t\u00e9 d\u2019expertise-conseil en infrastructures de renomm\u00e9e mondiale et chef de file en ESG, nous sommes d\u00e9termin\u00e9s \u00e0 offrir un h\u00e9ritage b\u00e9n\u00e9fique, marquant et durable aux entreprises, \u00e0 la collectivit\u00e9 et \u00e0 la plan\u00e8te, et nous sommes bien plac\u00e9s pour le faire.<\/p>\n\n\n\n<div style=\"height:48px\" aria-hidden=\"true\" class=\"wp-block-spacer\"><\/div>\n\n\n\n<div class=\"wp-block-columns is-layout-flex wp-container-core-columns-is-layout-9d6595d7 wp-block-columns-is-layout-flex\">\n<div class=\"wp-block-column is-layout-flow wp-block-column-is-layout-flow\">\n<div class=\"aecom-custom-block full-width-content-promo\" style=\"margin-top: 0px; margin-bottom: 40px\">\n    <div class=\"grid-container container-fluid\">\n        <div class=\"grid-items no-gutters row g-1\">\n                        <div class=\"col-container\" style=\"width: 100%\">\n                <div class=\"grid-item fcolumns1\" style=\"background-color: #008768; min-height: 470px;\">\n                    <div class=\"bg-image\" style=\"background-image: url(); opacity:0%\"><\/div>\n                    <div class=\"item-title\">\n                        <p>Service<\/p>\n                        <h2>R\u00e9silience et adaptation au changement climatique<\/h2>\n                    <\/div>\n                    <div class=\"item-content\"><p><\/p><\/div>\n                    <div class=\"item-button\"><a href=\"\/fr-ca\/sustainable-legacies-ca\/our-esg-services\/climate-resilience-and-adaptation\/\"  class=\"aecom-global-cta aecom-global-cta-sml aecom-global-cta-bold aecom-global-cta-white-transparent\">En savoir plus<\/a><\/div>\n                <\/div>\n            <\/div>\n                        <div class=\"col-container\" style=\"width: 100%\">\n                <div class=\"grid-item fcolumns1\" style=\"background-color: #00353e; min-height: 470px;\">\n                    <div class=\"bg-image\" style=\"background-image: url(https:\/\/aecom.com\/fr-ca\/wp-content\/uploads\/2024\/06\/indigenous_engagament_header_508d5ebdb6_3c221e5a5b.webp); opacity:40%\"><\/div>\n                    <div class=\"item-title\">\n                        <p>Service<\/p>\n                        <h2>Consultation des Autochtones<\/h2>\n                    <\/div>\n                    <div class=\"item-content\"><p><\/p><\/div>\n                    <div class=\"item-button\"><a href=\"\/fr-ca\/sustainable-legacies-ca\/our-esg-services\/indigenous-engagement\/\"  class=\"aecom-global-cta aecom-global-cta-sml aecom-global-cta-bold aecom-global-cta-e-green-solid\">En savoir plus<\/a><\/div>\n                <\/div>\n            <\/div>\n                        <div class=\"col-container\" style=\"width: 100%\">\n                <div class=\"grid-item fcolumns1\" style=\"background-color: #008768; min-height: 470px;\">\n                    <div class=\"bg-image\" style=\"background-image: url(); opacity:0%\"><\/div>\n                    <div class=\"item-title\">\n                        <p>Service<\/p>\n                        <h2>Carboneutralit\u00e9 et d\u00e9carbonisation<\/h2>\n                    <\/div>\n                    <div class=\"item-content\"><p><\/p><\/div>\n                    <div class=\"item-button\"><a href=\"\/fr-ca\/sustainable-legacies-ca\/our-esg-services\/roadmap-to-net-zero\/\"  class=\"aecom-global-cta aecom-global-cta-sml aecom-global-cta-bold aecom-global-cta-white-transparent\">En savoir plus<\/a><\/div>\n                <\/div>\n            <\/div>\n                        <div class=\"col-container\" style=\"width: 100%\">\n                <div class=\"grid-item fcolumns1\" style=\"background-color: #00353e; min-height: 470px;\">\n                    <div class=\"bg-image\" style=\"background-image: url(https:\/\/aecom.com\/fr-ca\/wp-content\/uploads\/2024\/07\/06_LaMaisonAgro-Horticole-1035x680-3.jpg); opacity:40%\"><\/div>\n                    <div class=\"item-title\">\n                        <p>Service<\/p>\n                        <h2>Durabilit\u00e9 et \u00e9conomie circulaire<\/h2>\n                    <\/div>\n                    <div class=\"item-content\"><p><\/p><\/div>\n                    <div class=\"item-button\"><a href=\"\/fr-ca\/sustainable-legacies-ca\/our-esg-services\/sustainability-support\/\"  class=\"aecom-global-cta aecom-global-cta-sml aecom-global-cta-bold aecom-global-cta-e-green-solid\">En savoir plus<\/a><\/div>\n                <\/div>\n            <\/div>\n                    <\/div>\n    <\/div>\n<\/div><\/div>\n\n\n\n<div class=\"wp-block-column is-layout-flow wp-block-column-is-layout-flow\">\n<div style=\"height:36px\" aria-hidden=\"true\" class=\"wp-block-spacer hide-spacer-mobile\"><\/div>\n\n\n\n<div class=\"aecom-custom-block full-width-content-promo\" style=\"margin-top: 0px; margin-bottom: 40px\">\n    <div class=\"grid-container container-fluid\">\n        <div class=\"grid-items no-gutters row g-1\">\n                        <div class=\"col-container\" style=\"width: 100%\">\n                <div class=\"grid-item fcolumns1\" style=\"background-color: #00353e; min-height: 470px;\">\n                    <div class=\"bg-image\" style=\"background-image: url(https:\/\/aecom.com\/fr-ca\/wp-content\/uploads\/2024\/06\/Adobe_Stock_256673872_Renewables_LR_edc55dc9f9.webp); opacity:40%\"><\/div>\n                    <div class=\"item-title\">\n                        <p>Service<\/p>\n                        <h2>\u00c9nergies renouvelables et transition \u00e9nerg\u00e9tique<\/h2>\n                    <\/div>\n                    <div class=\"item-content\"><p><\/p><\/div>\n                    <div class=\"item-button\"><a href=\"\/fr-ca\/sustainable-legacies-ca\/our-esg-services\/energy-transition\/\"  class=\"aecom-global-cta aecom-global-cta-sml aecom-global-cta-bold aecom-global-cta-e-green-solid\">En savoir plus<\/a><\/div>\n                <\/div>\n            <\/div>\n                        <div class=\"col-container\" style=\"width: 100%\">\n                <div class=\"grid-item fcolumns1\" style=\"background-color: #009a9b; min-height: 470px;\">\n                    <div class=\"bg-image\" style=\"background-image: url(); opacity:0%\"><\/div>\n                    <div class=\"item-title\">\n                        <p>Service<\/p>\n                        <h2>Solutions fond\u00e9es sur la nature <\/h2>\n                    <\/div>\n                    <div class=\"item-content\"><p><\/p><\/div>\n                    <div class=\"item-button\"><a href=\"\/fr-ca\/sustainable-legacies-ca\/our-esg-services\/nature-based-solutions\/\"  class=\"aecom-global-cta aecom-global-cta-sml aecom-global-cta-bold aecom-global-cta-white-transparent\">En savoir plus<\/a><\/div>\n                <\/div>\n            <\/div>\n                        <div class=\"col-container\" style=\"width: 100%\">\n                <div class=\"grid-item fcolumns1\" style=\"background-color: #00353e; min-height: 470px;\">\n                    <div class=\"bg-image\" style=\"background-image: url(https:\/\/aecom.com\/fr-ca\/wp-content\/uploads\/2024\/06\/Adobe_Stock_333033901_Social_value_LR_98d7edcd16.webp); opacity:40%\"><\/div>\n                    <div class=\"item-title\">\n                        <p>Service<\/p>\n                        <h2>Valeur sociale et justice environnementale<\/h2>\n                    <\/div>\n                    <div class=\"item-content\"><p><\/p><\/div>\n                    <div class=\"item-button\"><a href=\"\/fr-ca\/sustainable-legacies-ca\/our-esg-services\/social-equity\/\"  class=\"aecom-global-cta aecom-global-cta-sml aecom-global-cta-bold aecom-global-cta-e-green-solid\">En savoir plus<\/a><\/div>\n                <\/div>\n            <\/div>\n                        <div class=\"col-container\" style=\"width: 100%\">\n                <div class=\"grid-item fcolumns1\" style=\"background-color: #009a9b; min-height: 470px;\">\n                    <div class=\"bg-image\" style=\"background-image: url(); opacity:0%\"><\/div>\n                    <div class=\"item-title\">\n                        <p>Service<\/p>\n                        <h2>Services-conseils en ESG<\/h2>\n                    <\/div>\n                    <div class=\"item-content\"><p><\/p><\/div>\n                    <div class=\"item-button\"><a href=\"\/fr-ca\/sustainable-legacies-ca\/our-esg-services\/esg-advisory\/\"  class=\"aecom-global-cta aecom-global-cta-sml aecom-global-cta-bold aecom-global-cta-white-transparent\">En savoir plus<\/a><\/div>\n                <\/div>\n            <\/div>\n                    <\/div>\n    <\/div>\n<\/div><\/div>\n<\/div>\n<\/div>\n<\/div>\n\n\n\n<div class=\"wp-block-columns contact-column-block sl-flex-centered has-background is-layout-flex wp-container-core-columns-is-layout-9d6595d7 wp-block-columns-is-layout-flex\" style=\"background-color:#044955\">\n<div class=\"wp-block-column sl-centered-column is-layout-flow wp-block-column-is-layout-flow\">\n<div style=\"height:24px\" aria-hidden=\"true\" class=\"wp-block-spacer\"><\/div>\n\n\n\n<h1 class=\"wp-block-heading has-text-color\" style=\"color:#aecc53;font-size:3em;font-style:normal;font-weight:800\">Communiquez avec nous<\/h1>\n\n\n\n<div style=\"height:24px\" aria-hidden=\"true\" class=\"wp-block-spacer\"><\/div>\n\n\n\n<p class=\"has-white-color has-text-color\" style=\"font-size:1.25em;font-style:normal;font-weight:400\">Si vous ne savez pas par o\u00f9 commencer, notre \u00e9quipe de conseillers ESG peut vous aider \u00e0 cr\u00e9er une strat\u00e9gie ESG solide, praticable et align\u00e9e sur vos objectifs. Nous vous aiderons \u00e0 faire le premier pas et vous accompagnerons \u00e0 chaque \u00e9tape.<\/p>\n\n\n\n<p class=\"has-text-color\" style=\"color:#aecc53;font-size:1.175em;font-style:normal;font-weight:700\">Contactez notre \u00e9quipe<\/p>\n\n\n\n    <div class=\"aecom-custom-block block-cta-button\" style=\"margin-top: 40px;\">\n        <a href=\"\/fr-ca\/sustainable-legacies-ca\/our-people\/\" class=\"aecom-default-cta aecom-global-cta-l-green-solid aecom-global-cta-sml aecom-global-cta-bold aecom-global-cta aecom-global-cta-bold\"  >Contactez nous <svg data-name=\"Layer 1\" xmlns=\"http:\/\/www.w3.org\/2000\/svg\" viewBox=\"0 0 31.4 29.8\"><g data-name=\"Group 31\"><g data-name=\"Group 30\"><g data-name=\"Group 29\"><path data-name=\"Path 49\" d=\"M31.4 14.1h-3.1a12.6 12.6 0 0 1-25.2 0H0a15.7 15.7 0 1 0 31.4 0m-15.7 7 7.4-7.4-2.2-2.2-3.6 3.6V0h-3.1v15l-3.6-3.6-2.2 2.2 7.4 7.4Z\" fill=\"currentColor\"\/><\/g><\/g><\/g><\/svg><\/a>\n    <\/div>\n\n\n\n<div style=\"height:24px\" aria-hidden=\"true\" class=\"wp-block-spacer\"><\/div>\n<\/div>\n<\/div>\n","protected":false},"excerpt":{"rendered":"<p>D\u00e9couvrez comment nous pouvons aider votre organisation \u00e0 r\u00e9aliser des changements importants : En tant que soci\u00e9t\u00e9 d\u2019expertise-conseil en infrastructures de renomm\u00e9e mondiale et chef de file en ESG, nous sommes d\u00e9termin\u00e9s \u00e0 offrir un h\u00e9ritage b\u00e9n\u00e9fique, marquant et durable aux entreprises, \u00e0 la collectivit\u00e9 et \u00e0 la plan\u00e8te, et nous sommes bien plac\u00e9s pour&#8230;<\/p>\n","protected":false},"author":46,"featured_media":5689,"parent":5650,"menu_order":0,"comment_status":"closed","ping_status":"closed","template":"views\/page-careers-content.blade.php","meta":{"_acf_changed":false,"footnotes":""},"yst_prominent_words":[],"class_list":["post-5681","page","type-page","status-publish","has-post-thumbnail","hentry"],"acf":[],"_links":{"self":[{"href":"https:\/\/aecom.com\/fr-ca\/wp-json\/wp\/v2\/pages\/5681","targetHints":{"allow":["GET"]}}],"collection":[{"href":"https:\/\/aecom.com\/fr-ca\/wp-json\/wp\/v2\/pages"}],"about":[{"href":"https:\/\/aecom.com\/fr-ca\/wp-json\/wp\/v2\/types\/page"}],"author":[{"embeddable":true,"href":"https:\/\/aecom.com\/fr-ca\/wp-json\/wp\/v2\/users\/46"}],"replies":[{"embeddable":true,"href":"https:\/\/aecom.com\/fr-ca\/wp-json\/wp\/v2\/comments?post=5681"}],"version-history":[{"count":3,"href":"https:\/\/aecom.com\/fr-ca\/wp-json\/wp\/v2\/pages\/5681\/revisions"}],"predecessor-version":[{"id":7462,"href":"https:\/\/aecom.com\/fr-ca\/wp-json\/wp\/v2\/pages\/5681\/revisions\/7462"}],"up":[{"embeddable":true,"href":"https:\/\/aecom.com\/fr-ca\/wp-json\/wp\/v2\/pages\/5650"}],"wp:featuredmedia":[{"embeddable":true,"href":"https:\/\/aecom.com\/fr-ca\/wp-json\/wp\/v2\/media\/5689"}],"wp:attachment":[{"href":"https:\/\/aecom.com\/fr-ca\/wp-json\/wp\/v2\/media?parent=5681"}],"wp:term":[{"taxonomy":"yst_prominent_words","embeddable":true,"href":"https:\/\/aecom.com\/fr-ca\/wp-json\/wp\/v2\/yst_prominent_words?post=5681"}],"curies":[{"name":"wp","href":"https:\/\/api.w.org\/{rel}","templated":true}]}}