{"id":5703,"date":"2024-06-25T12:26:51","date_gmt":"2024-06-25T12:26:51","guid":{"rendered":"https:\/\/aecom.com\/fr-ca\/sustainable-legacies-ca\/our-esg-services\/climate-resilience-and-adaptation\/"},"modified":"2026-03-12T20:46:34","modified_gmt":"2026-03-12T20:46:34","slug":"climate-resilience-and-adaptation","status":"publish","type":"page","link":"https:\/\/aecom.com\/fr-ca\/sustainable-legacies-ca\/our-esg-services\/climate-resilience-and-adaptation\/","title":{"rendered":"R\u00e9silience et adaptation au changement climatique\u00a0"},"content":{"rendered":"\n    <div class=\"aecom-custom-block careers-header esg-mobile-header\" style=\"background-color: #00353e; margin-top: 0px; margin-bottom: 0px;\">\n    <div class=\"careers-header-content\">\n                    <div class=\"careers-header-bg\" style=\"background-image: url('https:\/\/aecom.com\/fr-ca\/wp-content\/uploads\/2024\/06\/Adobe_Stock_591396738_Resilience_LR_7bced5b162.webp');opacity: 30%;\"><\/div>\n                    <div class=\"row no-gutters header-container\">\n                <div class=\"col careers-title\">\n                    <div class=\"header-title\">\n                        <p class=\"careers-sub-title\">NOS SERVICES<\/p>\n                        <h1>R\u00e9silience et adaptation au changement climatique<\/h1>\n                    <\/div>\n                                            <div class=\"header-content\">\n                            <p>Le changement est une constante. Il est essentiel de s\u2019adapter. Cependant, la protection des personnes et des lieux exige d\u2019anticiper les risques environnementaux et d\u2019y r\u00e9pondre promptement. <\/p>\n<p>Nos \u00e9quipes d\u2019adaptation aux changements climatiques offrent une expertise en r\u00e9silience dans une approche collaborative. De pair avec nos clients, nous mettons au point des d\u00e9marches con\u00e7ues pour des circonstances pr\u00e9cises et renfor\u00e7ant les capacit\u00e9s \u00e0 se relever apr\u00e8s des catastrophes naturelles. <\/p>\n                        <\/div>\n                                        <div class=\"cta-container\">\n\n                        <!-- add condition here -->\n                                                    <div class=\"cta-button-container\">\n                                <a href=\"#contact\" class=\"aecom-global-cta aecom-global-cta-sml aecom-global-cta-bold aecom-global-cta-l-green-solid\">Faire une demande<\/a>\n                            <\/div>\n                        \n                        <!-- add condition here -->\n                        \n\n                    <\/div>\n                    \n                <\/div>\n            <\/div>\n        <\/div>\n    <\/div>\n\n\n<div class=\"wp-block-columns esg-service-header is-layout-flex wp-container-core-columns-is-layout-9d6595d7 wp-block-columns-is-layout-flex\">\n<div class=\"wp-block-column esg-header-content has-background is-layout-flow wp-block-column-is-layout-flow\" style=\"background-color:#00353e;flex-basis:50%\">\n<p class=\"esg-service-tag has-text-color\" style=\"color:#aecc53\"><strong>NOS SERVICES<\/strong><\/p>\n\n\n\n<h1 class=\"wp-block-heading has-white-color has-text-color\"><strong>R\u00e9silience et adaptation au changement climatique<\/strong><\/h1>\n\n\n\n<div style=\"height:4em\" aria-hidden=\"true\" class=\"wp-block-spacer\"><\/div>\n\n\n\n<p class=\"has-white-color has-text-color\" style=\"font-size:1.2em\">Le changement est une constante. Il est essentiel de s\u2019adapter. Cependant, la protection des personnes et des lieux exige d\u2019anticiper les risques environnementaux et d\u2019y r\u00e9pondre promptement.<\/p>\n\n\n\n<div style=\"height:1.5em\" aria-hidden=\"true\" class=\"wp-block-spacer\"><\/div>\n\n\n\n<p class=\"has-white-color has-text-color\" style=\"font-size:1.2em\">Nos \u00e9quipes d\u2019adaptation aux changements climatiques offrent une expertise en r\u00e9silience dans une approche collaborative. De pair avec nos clients, nous mettons au point des d\u00e9marches con\u00e7ues pour des circonstances pr\u00e9cises et renfor\u00e7ant les capacit\u00e9s \u00e0 se relever apr\u00e8s des catastrophes naturelles.<\/p>\n\n\n\n<div style=\"height:4em\" aria-hidden=\"true\" class=\"wp-block-spacer\"><\/div>\n\n\n\n    <div class=\"aecom-custom-block block-cta-button\" >\n        <a href=\"#contact\" class=\"aecom-default-cta aecom-global-cta-l-green-solid aecom-global-cta-sml aecom-global-cta-bold aecom-global-cta aecom-global-cta-bold\"  >Faire une demande <svg data-name=\"Layer 1\" xmlns=\"http:\/\/www.w3.org\/2000\/svg\" viewBox=\"0 0 31.4 29.8\"><g data-name=\"Group 31\"><g data-name=\"Group 30\"><g data-name=\"Group 29\"><path data-name=\"Path 49\" d=\"M31.4 14.1h-3.1a12.6 12.6 0 0 1-25.2 0H0a15.7 15.7 0 1 0 31.4 0m-15.7 7 7.4-7.4-2.2-2.2-3.6 3.6V0h-3.1v15l-3.6-3.6-2.2 2.2 7.4 7.4Z\" fill=\"currentColor\"\/><\/g><\/g><\/g><\/svg><\/a>\n    <\/div>\n<\/div>\n\n\n\n<div class=\"wp-block-column service-header-img is-layout-flow wp-block-column-is-layout-flow\" style=\"flex-basis:50%\">\n    <div class=\"aecom-custom-block careers-header\" style=\"background-color: #000; margin-top: 0px; margin-bottom: 0px;\">\n    <div class=\"careers-header-content\">\n                    <div class=\"careers-header-bg\" style=\"background-image: url('https:\/\/aecom.com\/fr-ca\/wp-content\/uploads\/2024\/06\/Adobe_Stock_591396738_Resilience_LR_7bced5b162.webp');opacity: 100%;\"><\/div>\n                    <div class=\"row no-gutters header-container\">\n                <div class=\"col careers-title\">\n                    <div class=\"header-title\">\n                        <p class=\"careers-sub-title\"><\/p>\n                        <h1><\/h1>\n                    <\/div>\n                                        <div class=\"cta-container\">\n\n                        <!-- add condition here -->\n                        \n                        <!-- add condition here -->\n                        \n\n                    <\/div>\n                    \n                <\/div>\n            <\/div>\n        <\/div>\n    <\/div><\/div>\n<\/div>\n\n\n\n<div class=\"wp-block-columns esg-intro-content has-background is-layout-flex wp-container-core-columns-is-layout-9d6595d7 wp-block-columns-is-layout-flex\" style=\"background-color:#00353e\">\n<div class=\"wp-block-column esg-intro-col1 is-layout-flow wp-block-column-is-layout-flow\" style=\"flex-basis:50%\">\n<h2 class=\"wp-block-heading has-white-color has-text-color\"><strong><strong>Une approche globale de la r\u00e9silience<\/strong>&nbsp;<\/strong><\/h2>\n\n\n\n<p class=\"has-white-color has-text-color\">Nous voyons les d\u00e9fis de l\u2019adaptation aux changements climatiques globalement. C\u2019est pourquoi nous r\u00e9unissons nos ing\u00e9nieurs, nos planificateurs et nos scientifiques.<\/p>\n\n\n\n<div style=\"height:0.5em\" aria-hidden=\"true\" class=\"wp-block-spacer\"><\/div>\n\n\n\n<p class=\"has-white-color has-text-color\">En partenariat \u00e9troit avec nos clients, notre \u00e9quipe mondiale amortit les effets des catastrophes naturelles \u00e0 l\u2019aide d\u2019un cadre de r\u00e9silience aux changements climatiques. Efficace, ce dernier r\u00e9pertorie les risques associ\u00e9s et y rem\u00e9die.<\/p>\n<\/div>\n\n\n\n<div class=\"wp-block-column esg-intro-col2 is-layout-flow wp-block-column-is-layout-flow\" style=\"flex-basis:50%\">\n<h1 class=\"wp-block-heading has-text-color\" style=\"color:#aecc53\"><strong>250\u202fmilliards\u202f$<\/strong><\/h1>\n\n\n\n<p class=\"has-white-color has-text-color\" style=\"font-size:0.9em\">de pertes \u00e9conomiques estim\u00e9es caus\u00e9es par les catastrophes naturelles<\/p>\n\n\n\n<p class=\"has-white-color has-text-color\" style=\"font-size:0.9em\">(Source\u202f: Bilan mondial sur la r\u00e9duction des risques de catastrophe 2015)<\/p>\n<\/div>\n<\/div>\n\n\n\n<div class=\"wp-block-columns esg-service-centered-column is-layout-flex wp-container-core-columns-is-layout-9d6595d7 wp-block-columns-is-layout-flex\">\n<div class=\"wp-block-column is-layout-flow wp-block-column-is-layout-flow\">\n<h1 class=\"wp-block-heading esg-h1 has-text-color\" style=\"color:#008768\">Cr\u00e9ation d\u2019environnements \u00e0 la r\u00e9silience accrue<\/h1>\n\n\n\n<p class=\"esg-body-special\">Nos services complets de r\u00e9silience et d\u2019adaptation aux changements climatiques vous \u00e9paulent dans ces aspects\u202f:<\/p>\n\n\n\n<div style=\"height:4em\" aria-hidden=\"true\" class=\"wp-block-spacer\"><\/div>\n\n\n\n<div class=\"wp-block-columns is-layout-flex wp-container-core-columns-is-layout-9d6595d7 wp-block-columns-is-layout-flex\">\n<div class=\"wp-block-column esg-service-col1 is-layout-flow wp-block-column-is-layout-flow\" style=\"flex-basis:33.33%\">\n<svg xmlns=\"http:\/\/www.w3.org\/2000\/svg\" viewBox=\"0 0 300 300\" width=\"75%\"><path d=\"M267.6,287.3V112.3l-42.4,9.7l-0.5-64.9h-55.7l-0.4,103.2l-31.8,8.2l-0.5,45.6l0.6,64.9l-0.5-62.3\n\th-21.9v-7.4V21.8H30.4v257.8l0.1,7.7l-24,0h285 M53.3,287.3v-70.5h20.3 M166.3,160.9l54.7-13.1v131.7 M192,152v-21.2l33.4-8\" stroke=\"#008768\" stroke-width=\"3.5\" fill=\"none\" style=\"stroke-dashoffset: 0; stroke-dasharray: 1527.1px, 330.633px;\"><\/path><path d=\"M87.4,243.2v36.3 M103.7,243.2c-1.4-18.5-16.3-38.2-16.3-38.2s-14.7,18.4-16.3,38.2\n\tc-1.5,18.7,12.2,22.8,17,22.8C92.9,266,105.1,261.9,103.7,243.2z M152.5,187.8l53.1-12.7 M152.8,206.8l53.1-12.7 M201,244.1\n\tc0,12.7-10.3,22.9-22.9,22.9s-22.9-10.3-22.9-22.9c0-12.7,10.3-22.9,22.9-22.9c0,0,0,0,0,0C190.8,221.1,201,231.4,201,244.1z\n\t M178.7,248.3v34.8 M241.9,149.1v30.8 M241.9,199v30.8 M176,84.3h42.3 M51.7,38.9v7 M79.7,38.9v7 M65.7,52.9v7 M93.7,52.9v7\n\t M51.7,66.8v7 M79.7,66.8v7 M65.7,80.8v7 M93.7,80.8v7 M51.7,94.8v7 M79.7,94.8v7 M65.7,108.8v7 M93.7,108.8v7 M51.7,122.8v7\n\t M79.7,122.8v7 M65.7,136.8v7 M93.7,136.8v7 M51.7,150.7v7 M79.7,150.7v7 M65.7,164.7v7 M93.7,164.7v7 M51.7,178.7v7 M79.7,178.7v7\" stroke=\"#008768\" stroke-width=\"3.5\" fill=\"none\" style=\"stroke-dashoffset: 0; stroke-dasharray: 599.64px, 129.889px;\"><\/path><\/svg>\n<\/div>\n\n\n\n<div class=\"wp-block-column esg-service-col2 is-layout-flow wp-block-column-is-layout-flow\" style=\"flex-basis:50%\">\n<h2 class=\"wp-block-heading has-text-color\" style=\"color:#008768;font-size:2.5em\">Renforcement de la r\u00e9silience des r\u00e9gions m\u00e9tropolitaines<\/h2>\n\n\n\n<p class=\"esg-body-special\">Face \u00e0 la croissance des populations urbaines et \u00e0 la pression grandissante sur les infrastructures en place, nous soutenons des installations intelligentes et r\u00e9silientes qui tiennent compte des conditions environnementales \u00e0 venir.<\/p>\n<\/div>\n<\/div>\n\n\n\n<div style=\"height:6em\" aria-hidden=\"true\" class=\"wp-block-spacer\"><\/div>\n\n\n\n<div class=\"wp-block-columns is-layout-flex wp-container-core-columns-is-layout-9d6595d7 wp-block-columns-is-layout-flex\">\n<div class=\"wp-block-column esg-service-col2 is-layout-flow wp-block-column-is-layout-flow\" style=\"flex-basis:50%\">\n<h2 class=\"wp-block-heading has-text-color\" style=\"color:#008768;font-size:2.5em\">Collaboration avec les secteurs public et priv\u00e9<\/h2>\n\n\n\n<p class=\"esg-body-special\">Forts de notre exp\u00e9rience dans les secteurs public et priv\u00e9, nous mettons en pratique l\u2019adaptation aux changements climatiques dans les exploitations, les biens et les cha\u00eenes d\u2019approvisionnement. De pair avec notre compr\u00e9hension de la planification et de l\u2019intervention en cas d\u2019urgence, cette capacit\u00e9 nous donne une vue d\u2019ensemble de l\u2019intersection des composantes et de ce que les parties prenantes ont \u00e0 apporter.<\/p>\n<\/div>\n\n\n\n<div class=\"wp-block-column esg-service-col1 is-layout-flow wp-block-column-is-layout-flow\" style=\"flex-basis:33.33%\">\n<svg xmlns=\"http:\/\/www.w3.org\/2000\/svg\" viewBox=\"0 0 300 300\" width=\"75%\"><path d=\"M141.8,43.5\n\tl23.3-23.3l29.6-29.5c21.8-21.6,57-21.6,78.7,0.1l3.9,3.9c21.6,21.8,21.6,57-0.1,78.7L207.6,143c-21.8,21.6-57,21.6-78.7-0.1\n\tL125,139c-6.1-6.1-10.6-13.4-13.3-21.6 M160,190.5l-23.3,23.3l-29.5,29.5c-21.8,21.6-57,21.6-78.8-0.1l-3.9-3.9\n\tc-21.6-21.8-21.6-57,0.1-78.7L94.1,91c21.8-21.6,57-21.6,78.8,0.1l3.9,3.9c6.1,6.1,10.6,13.4,13.3,21.6\" stroke=\"#008768\" stroke-width=\"3.5\" fill=\"none\" style=\"stroke-dashoffset: 0; stroke-dasharray: none;\"><\/path><\/svg>\n<\/div>\n<\/div>\n\n\n\n<div style=\"height:6em\" aria-hidden=\"true\" class=\"wp-block-spacer\"><\/div>\n\n\n\n<div class=\"wp-block-columns is-layout-flex wp-container-core-columns-is-layout-9d6595d7 wp-block-columns-is-layout-flex\">\n<div class=\"wp-block-column esg-service-col1 is-layout-flow wp-block-column-is-layout-flow\" style=\"flex-basis:33.33%\">\n<svg xmlns=\"http:\/\/www.w3.org\/2000\/svg\" viewBox=\"0 0 300 300\" width=\"75%\"><path d=\"M171.9,270.7h-8.3c-18.6-0.1-33.6-15.3-33.5-33.9c0.1-18.4,15-33.4,33.5-33.5h103.2 M50.5,81.7\n\th-8.3C23.6,81.8,8.6,96.9,8.7,115.5c0.1,18.4,15,33.4,33.5,33.5h224.6\" stroke=\"#008768\" stroke-width=\"3.5\" fill=\"none\" style=\"stroke-dashoffset: 0; stroke-dasharray: none;\"><\/path><path d=\"M144.1,27.2h-7.2c-26.2,0-47.4,21.2-47.4,47.4s21.2,47.4,47.4,47.4h103 M90.3,216.5h-7.6\n\tc-11.2,0-20.3-9.1-20.3-20.3s9.1-20.3,20.3-20.3h211\" stroke=\"#008768\" stroke-width=\"3.5\" fill=\"none\" style=\"stroke-dashoffset: 0; stroke-dasharray: none;\"><\/path><\/svg>\n<\/div>\n\n\n\n<div class=\"wp-block-column esg-service-col2 is-layout-flow wp-block-column-is-layout-flow\" style=\"flex-basis:50%\">\n<h2 class=\"wp-block-heading has-text-color\" style=\"color:#008768;font-size:2.5em\">Cadre de r\u00e9silience aux changements climatiques pour les entreprises<\/h2>\n\n\n\n<p class=\"esg-body-special\">Nous avons cr\u00e9\u00e9 un processus en six\u202f\u00e9tapes dans le but d\u2019aider les organisations \u00e0 renforcer leur r\u00e9silience face aux risques li\u00e9s aux changements climatiques et d\u2019\u00e9valuer leur performance selon des objectifs en mati\u00e8re de durabilit\u00e9.<\/p>\n<\/div>\n<\/div>\n\n\n\n<div style=\"height:6em\" aria-hidden=\"true\" class=\"wp-block-spacer\"><\/div>\n\n\n\n<div class=\"wp-block-columns is-layout-flex wp-container-core-columns-is-layout-9d6595d7 wp-block-columns-is-layout-flex\">\n<div class=\"wp-block-column esg-service-col2 is-layout-flow wp-block-column-is-layout-flow\" style=\"flex-basis:50%\">\n<h2 class=\"wp-block-heading has-text-color\" style=\"color:#008768;font-size:2.5em\">Financement de l\u2019adaptation aux changements climatiques<\/h2>\n\n\n\n<p class=\"esg-body-special\">Nous offrons des recommandations concr\u00e8tes, fond\u00e9es sur des recherches, aidant les chefs de file des secteurs public et priv\u00e9 \u00e0 maximiser les ressources afin de mieux investir en adaptation et en r\u00e9silience.<\/p>\n<\/div>\n\n\n\n<div class=\"wp-block-column esg-service-col1 is-layout-flow wp-block-column-is-layout-flow\" style=\"flex-basis:33.33%\">\n<svg xmlns=\"http:\/\/www.w3.org\/2000\/svg\" viewBox=\"0 0 300 300\" width=\"75%\"><path d=\"M78.1,46v65.6 M110.9,78.8H45.3 M244.8,197.8l-46.4,46.4 M101.2,197.8l-46.4,46.4 M54.8,197.8\n\tl46.4,46.4 M254.4,78.9h-65.6\" stroke=\"#008768\" stroke-width=\"3.5\" fill=\"none\" style=\"stroke-dashoffset: 0; stroke-dasharray: none;\"><\/path><path d=\"M150.3,291.3V34.7l0.1,115.3L34.3,150h258.3l0-2.8V36.4c0-16-13-28.9-28.9-28.9H36.4\n\tc-16,0-28.9,13-28.9,28.9v227.1c0,16,13,28.9,28.9,28.9h227.1c16,0,28.9-13,28.9-28.9V150l-142.1-0.1L150.3,291.3z\" stroke=\"#008768\" stroke-width=\"3.5\" fill=\"none\" style=\"stroke-dashoffset: 0; stroke-dasharray: none;\"><\/path><\/svg>\n<\/div>\n<\/div>\n\n\n\n<div style=\"height:6em\" aria-hidden=\"true\" class=\"wp-block-spacer\"><\/div>\n<\/div>\n<\/div>\n\n\n\n<div class=\"wp-block-columns sl-flex-centered has-background is-layout-flex wp-container-core-columns-is-layout-9d6595d7 wp-block-columns-is-layout-flex\" style=\"background-color:#008768\">\n<div class=\"wp-block-column esg-column-block is-layout-flow wp-block-column-is-layout-flow\">\n<div class=\"wp-block-columns is-layout-flex wp-container-core-columns-is-layout-9d6595d7 wp-block-columns-is-layout-flex\">\n<div class=\"wp-block-column esg-centered-column is-layout-flow wp-block-column-is-layout-flow\" style=\"flex-basis:45%\">\n<h1 class=\"wp-block-heading esg-heading has-white-color has-text-color\" style=\"font-size:3em;font-style:normal;font-weight:800\"><strong><strong>Expertise compl\u00e8te en adaptation aux changements climatiques<\/strong><\/strong><\/h1>\n\n\n\n<div style=\"height:24px\" aria-hidden=\"true\" class=\"wp-block-spacer\"><\/div>\n\n\n\n<p class=\"has-white-color has-text-color\" style=\"font-size:1.25em;font-style:normal;font-weight:400\">Nous travaillons dans les secteurs public et priv\u00e9 sur plusieurs fronts, dont ceux-ci\u202f:<\/p>\n\n\n\n<ul class=\"wp-block-list has-white-color has-text-color\">\n<li>Strat\u00e9gies d\u2019adaptation aux changements climatiques dans les villes et les r\u00e9gions<\/li>\n\n\n\n<li>\u00c9valuation de la vuln\u00e9rabilit\u00e9 et des risques li\u00e9s aux changements climatiques dans les villes et les r\u00e9gions<\/li>\n\n\n\n<li>Risques li\u00e9s aux changements climatiques et planification de l\u2019adaptation climatique<\/li>\n\n\n\n<li>Conception r\u00e9active au climat<\/li>\n\n\n\n<li>Solutions fond\u00e9es sur la nature pour lutter contre la vuln\u00e9rabilit\u00e9 en lien avec les changements climatiques<\/li>\n\n\n\n<li>Att\u00e9nuation des risques et pr\u00e9paration aux catastrophes<\/li>\n\n\n\n<li>Strat\u00e9gies en mati\u00e8re de r\u00e9silience dans les environnements non urbains<\/li>\n\n\n\n<li>Strat\u00e9gies en mati\u00e8re de r\u00e9silience en milieux urbains et riverains<\/li>\n\n\n\n<li>\u00c9valuation de la vuln\u00e9rabilit\u00e9 et des risques<\/li>\n\n\n\n<li>R\u00e9utilisation de l\u2019eau<\/li>\n\n\n\n<li>R\u00e9duction de la chaleur en milieu urbain<\/li>\n\n\n\n<li>Strat\u00e9gies en mati\u00e8re de r\u00e9silience en milieux urbains et riverains<\/li>\n\n\n\n<li>Solutions de rechange pour l\u2019alimentation en eau<\/li>\n\n\n\n<li>Cartographie des plaines inondables<\/li>\n\n\n\n<li>Syst\u00e8mes de drainage durables en milieu urbain<\/li>\n\n\n\n<li>Gestion de la nappe phr\u00e9atique<\/li>\n\n\n\n<li>\u00c9conomie appliqu\u00e9e aux questions climatiques<\/li>\n<\/ul>\n\n\n\n<div style=\"height:24px\" aria-hidden=\"true\" class=\"wp-block-spacer\"><\/div>\n<\/div>\n\n\n\n<div class=\"wp-block-column esg-centered-column is-layout-flow wp-block-column-is-layout-flow\" style=\"flex-basis:45%\">\n<div style=\"height:4em\" aria-hidden=\"true\" class=\"wp-block-spacer\"><\/div>\n\n\n\n<figure class=\"wp-block-image size-large is-resized esg-img\"><img decoding=\"async\" src=\"https:\/\/aecom.com\/content\/wp-content\/uploads\/2024\/06\/climate2_a131049352_53f5f18477-1024x678.webp\" alt=\"\" class=\"wp-image-126687\" style=\"width:711px;height:470px\"\/><\/figure>\n<\/div>\n<\/div>\n<\/div>\n<\/div>\n\n\n\n<div class=\"wp-block-columns sl-flex-centered has-background is-layout-flex wp-container-core-columns-is-layout-9d6595d7 wp-block-columns-is-layout-flex\" style=\"background-color:#00353e\">\n<div class=\"wp-block-column esg-column-block-small is-layout-flow wp-block-column-is-layout-flow\">\n<div style=\"height:6em\" aria-hidden=\"true\" class=\"wp-block-spacer\"><\/div>\n\n\n\n<div class=\"aecom-quote-mark-top_large mx-auto text-AECOM_LimeGreen\" aria-hidden=\"true\" style=\"translate: none; rotate: none; scale: none; transform: translate(0px, 0px); opacity: 1;\"><svg class=\"fill-current\" xmlns=\"http:\/\/www.w3.org\/2000\/svg\" viewBox=\"0 0 205 175\" width=\"5%\"><path d=\"M116.7 171.2H202V92.5h-47c-.7-8.6 1-17.1 4.8-24.8 7-16.2 20.6-27.3 40.7-33.5V3.1a106 106 0 00-61.8 33.8c-14.7 17.2-22 40.9-22 71.2v63.1zM2 171.2h85.3V92.5h-47c-.6-8.7.9-17.4 4.5-25.4 7-15.6 20.6-26.5 41-32.9V3C58.5 8.4 37.7 19.8 23.4 37.2S2 78.2 2 108.1v63.1z\"><\/path><\/svg><\/div>\n\n\n\n<div style=\"height:2em\" aria-hidden=\"true\" class=\"wp-block-spacer\"><\/div>\n\n\n\n<p class=\"has-text-align-center has-white-color has-text-color\" style=\"font-size:2.5em;font-style:normal;font-weight:600\">En partenariat avec de nombreuses organisations, dont la Strat\u00e9gie internationale pour la pr\u00e9vention des catastrophes (SIPC), la Fondation Rockefeller, CDP et C40\u202fCities, nous contributions au renforcement de la r\u00e9silience des collectivit\u00e9s \u00e0 l\u2019\u00e9chelle mondiale.<\/p>\n\n\n\n<div style=\"height:6em\" aria-hidden=\"true\" class=\"wp-block-spacer\"><\/div>\n<\/div>\n<\/div>\n\n\n\n<div class=\"wp-block-columns sl-flex-centered has-background is-layout-flex wp-container-core-columns-is-layout-9d6595d7 wp-block-columns-is-layout-flex\" style=\"background-color:#044955\">\n<div class=\"wp-block-column esg-contact-block is-layout-flow wp-block-column-is-layout-flow\" id=\"contact\">\n<div style=\"height:24px\" aria-hidden=\"true\" class=\"wp-block-spacer\"><\/div>\n\n\n\n<h1 class=\"wp-block-heading has-text-color\" style=\"color:#aecc53;font-size:3em;font-style:normal;font-weight:800\"><strong>Parlez-en \u00e0 notre \u00e9quipe de r\u00e9silience et d\u2019adaptation aux changements climatiques<\/strong><\/h1>\n\n\n\n<div style=\"height:24px\" aria-hidden=\"true\" class=\"wp-block-spacer\"><\/div>\n\n\n\n<p class=\"has-white-color has-text-color\" style=\"font-size:1.25em;font-style:normal;font-weight:400\">Obtenez l\u2019exp\u00e9rience pratique vitale \u00e0 votre transformation.<\/p>\n\n\n\n<p class=\"has-text-color\" style=\"color:#aecc53;font-size:1.175em;font-style:normal;font-weight:700\">Renseignez-vous d\u00e8s aujourd\u2019hui pour savoir comment nous pouvons vous aider.<\/p>\n\n\n\n    <div class=\"aecom-custom-block block-cta-button\" style=\"margin-top: 40px;\">\n        <a href=\"\/fr-ca\/sustainable-legacies-ca\/our-people\/\" class=\"aecom-default-cta aecom-global-cta-l-green-solid aecom-global-cta-sml aecom-global-cta-bold aecom-global-cta aecom-global-cta-bold\"  >Faire une demande <svg data-name=\"Layer 1\" xmlns=\"http:\/\/www.w3.org\/2000\/svg\" viewBox=\"0 0 31.4 29.8\"><g data-name=\"Group 31\"><g data-name=\"Group 30\"><g data-name=\"Group 29\"><path data-name=\"Path 49\" d=\"M31.4 14.1h-3.1a12.6 12.6 0 0 1-25.2 0H0a15.7 15.7 0 1 0 31.4 0m-15.7 7 7.4-7.4-2.2-2.2-3.6 3.6V0h-3.1v15l-3.6-3.6-2.2 2.2 7.4 7.4Z\" fill=\"currentColor\"\/><\/g><\/g><\/g><\/svg><\/a>\n    <\/div>\n\n\n\n<div style=\"height:24px\" aria-hidden=\"true\" class=\"wp-block-spacer\"><\/div>\n<\/div>\n<\/div>\n","protected":false},"excerpt":{"rendered":"<p>NOS SERVICES R\u00e9silience et adaptation au changement climatique Le changement est une constante. Il est essentiel de s\u2019adapter. Cependant, la protection des personnes et des lieux exige d\u2019anticiper les risques environnementaux et d\u2019y r\u00e9pondre promptement. Nos \u00e9quipes d\u2019adaptation aux changements climatiques offrent une expertise en r\u00e9silience dans une approche collaborative. De pair avec nos clients,&#8230;<\/p>\n","protected":false},"author":46,"featured_media":5688,"parent":5681,"menu_order":0,"comment_status":"closed","ping_status":"closed","template":"views\/page-careers-content.blade.php","meta":{"_acf_changed":false,"footnotes":""},"yst_prominent_words":[],"class_list":["post-5703","page","type-page","status-publish","has-post-thumbnail","hentry"],"acf":[],"_links":{"self":[{"href":"https:\/\/aecom.com\/fr-ca\/wp-json\/wp\/v2\/pages\/5703","targetHints":{"allow":["GET"]}}],"collection":[{"href":"https:\/\/aecom.com\/fr-ca\/wp-json\/wp\/v2\/pages"}],"about":[{"href":"https:\/\/aecom.com\/fr-ca\/wp-json\/wp\/v2\/types\/page"}],"author":[{"embeddable":true,"href":"https:\/\/aecom.com\/fr-ca\/wp-json\/wp\/v2\/users\/46"}],"replies":[{"embeddable":true,"href":"https:\/\/aecom.com\/fr-ca\/wp-json\/wp\/v2\/comments?post=5703"}],"version-history":[{"count":5,"href":"https:\/\/aecom.com\/fr-ca\/wp-json\/wp\/v2\/pages\/5703\/revisions"}],"predecessor-version":[{"id":8666,"href":"https:\/\/aecom.com\/fr-ca\/wp-json\/wp\/v2\/pages\/5703\/revisions\/8666"}],"up":[{"embeddable":true,"href":"https:\/\/aecom.com\/fr-ca\/wp-json\/wp\/v2\/pages\/5681"}],"wp:featuredmedia":[{"embeddable":true,"href":"https:\/\/aecom.com\/fr-ca\/wp-json\/wp\/v2\/media\/5688"}],"wp:attachment":[{"href":"https:\/\/aecom.com\/fr-ca\/wp-json\/wp\/v2\/media?parent=5703"}],"wp:term":[{"taxonomy":"yst_prominent_words","embeddable":true,"href":"https:\/\/aecom.com\/fr-ca\/wp-json\/wp\/v2\/yst_prominent_words?post=5703"}],"curies":[{"name":"wp","href":"https:\/\/api.w.org\/{rel}","templated":true}]}}