{"id":5772,"date":"2024-06-26T17:22:11","date_gmt":"2024-06-26T17:22:11","guid":{"rendered":"https:\/\/aecom.com\/fr-ca\/sustainable-legacies-ca\/our-esg-services\/social-equity\/"},"modified":"2025-06-26T18:52:22","modified_gmt":"2025-06-26T18:52:22","slug":"social-equity","status":"publish","type":"page","link":"https:\/\/aecom.com\/fr-ca\/sustainable-legacies-ca\/our-esg-services\/social-equity\/","title":{"rendered":"Valeur sociale et justice environnementale\u00a0"},"content":{"rendered":"\n    <div class=\"aecom-custom-block careers-header esg-mobile-header\" style=\"background-color: #00353e; margin-top: 0px; margin-bottom: 0px;\">\n    <div class=\"careers-header-content\">\n                    <div class=\"careers-header-bg\" style=\"background-image: url('https:\/\/aecom.com\/fr-ca\/wp-content\/uploads\/2024\/06\/Adobe_Stock_333033901_Social_value_LR_98d7edcd16.webp');opacity: 30%;\"><\/div>\n                    <div class=\"row no-gutters header-container\">\n                <div class=\"col careers-title\">\n                    <div class=\"header-title\">\n                        <p class=\"careers-sub-title\">NOS SERVICES<\/p>\n                        <h1>Valeur sociale et justice environnementale <\/h1>\n                    <\/div>\n                                            <div class=\"header-content\">\n                            <p>De plus en plus, la valeur sociale et la justice environnementale sont \u00e0 l\u2019agenda. Afin de maximiser les retomb\u00e9es de votre investissement, il vous faut bien r\u00e9fl\u00e9chir et recourir \u00e0 une expertise approfondie. <\/p>\n<p>Nous fournissons des services techniques qui appliquent une optique de durabilit\u00e9 aux avantages et aux risques \u00e9conomiques, sociaux et environnementaux en lien avec votre projet. <\/p>\n<p>Nous vous aiderons \u00e0 aller au-del\u00e0 des exigences r\u00e9glementaires pour am\u00e9liorer les r\u00e9sultats sociaux pour l\u2019ensemble de votre communaut\u00e9. <\/p>\n                        <\/div>\n                                        <div class=\"cta-container\">\n\n                        <!-- add condition here -->\n                                                    <div class=\"cta-button-container\">\n                                <a href=\"#contact\" class=\"aecom-global-cta aecom-global-cta-sml aecom-global-cta-bold aecom-global-cta-l-green-solid\">Faire une demande<\/a>\n                            <\/div>\n                        \n                        <!-- add condition here -->\n                        \n\n                    <\/div>\n                    \n                <\/div>\n            <\/div>\n        <\/div>\n    <\/div>\n\n\n<div class=\"wp-block-columns esg-service-header is-layout-flex wp-container-core-columns-is-layout-9d6595d7 wp-block-columns-is-layout-flex\">\n<div class=\"wp-block-column esg-header-content has-background is-layout-flow wp-block-column-is-layout-flow\" style=\"background-color:#00353e;flex-basis:50%\">\n<p class=\"esg-service-tag has-text-color\" style=\"color:#aecc53\"><strong>NOS SERVICES<\/strong><\/p>\n\n\n\n<h1 class=\"wp-block-heading has-white-color has-text-color\">Valeur sociale et justice environnementale<\/h1>\n\n\n\n<div style=\"height:4em\" aria-hidden=\"true\" class=\"wp-block-spacer\"><\/div>\n\n\n\n<p class=\"has-white-color has-text-color\" style=\"font-size:1.2em\">De plus en plus, la valeur sociale et la justice environnementale sont \u00e0 l\u2019agenda. Afin de maximiser les retomb\u00e9es de votre investissement, il vous faut bien r\u00e9fl\u00e9chir et recourir \u00e0 une expertise approfondie.\u00a0<\/p>\n\n\n\n<div style=\"height:1.5em\" aria-hidden=\"true\" class=\"wp-block-spacer\"><\/div>\n\n\n\n<p class=\"has-white-color has-text-color\" style=\"font-size:1.2em\">Nous fournissons des services techniques qui appliquent une optique de durabilit\u00e9 aux avantages et aux risques \u00e9conomiques, sociaux et environnementaux en lien avec votre projet.\u00a0<\/p>\n\n\n\n<div style=\"height:1.5em\" aria-hidden=\"true\" class=\"wp-block-spacer\"><\/div>\n\n\n\n<p class=\"has-white-color has-text-color\" style=\"font-size:1.2em\">Nous vous aiderons \u00e0 aller au-del\u00e0 des exigences r\u00e9glementaires pour am\u00e9liorer les r\u00e9sultats sociaux pour l\u2019ensemble de votre communaut\u00e9.\u00a0<\/p>\n\n\n\n<div style=\"height:4em\" aria-hidden=\"true\" class=\"wp-block-spacer\"><\/div>\n\n\n\n    <div class=\"aecom-custom-block block-cta-button\" >\n        <a href=\"#contact\" class=\"aecom-default-cta aecom-global-cta-l-green-solid aecom-global-cta-sml aecom-global-cta-bold aecom-global-cta aecom-global-cta-bold\"  >Faire une demande <svg data-name=\"Layer 1\" xmlns=\"http:\/\/www.w3.org\/2000\/svg\" viewBox=\"0 0 31.4 29.8\"><g data-name=\"Group 31\"><g data-name=\"Group 30\"><g data-name=\"Group 29\"><path data-name=\"Path 49\" d=\"M31.4 14.1h-3.1a12.6 12.6 0 0 1-25.2 0H0a15.7 15.7 0 1 0 31.4 0m-15.7 7 7.4-7.4-2.2-2.2-3.6 3.6V0h-3.1v15l-3.6-3.6-2.2 2.2 7.4 7.4Z\" fill=\"currentColor\"\/><\/g><\/g><\/g><\/svg><\/a>\n    <\/div>\n<\/div>\n\n\n\n<div class=\"wp-block-column service-header-img is-layout-flow wp-block-column-is-layout-flow\" style=\"flex-basis:50%\">\n    <div class=\"aecom-custom-block careers-header\" style=\"background-color: #000; margin-top: 0px; margin-bottom: 0px;\">\n    <div class=\"careers-header-content\">\n                    <div class=\"careers-header-bg\" style=\"background-image: url('https:\/\/aecom.com\/fr-ca\/wp-content\/uploads\/2024\/06\/Adobe_Stock_333033901_Social_value_LR_98d7edcd16.webp');opacity: 100%;\"><\/div>\n                    <div class=\"row no-gutters header-container\">\n                <div class=\"col careers-title\">\n                    <div class=\"header-title\">\n                        <p class=\"careers-sub-title\"><\/p>\n                        <h1><\/h1>\n                    <\/div>\n                                        <div class=\"cta-container\">\n\n                        <!-- add condition here -->\n                        \n                        <!-- add condition here -->\n                        \n\n                    <\/div>\n                    \n                <\/div>\n            <\/div>\n        <\/div>\n    <\/div><\/div>\n<\/div>\n\n\n\n<div class=\"wp-block-columns esg-intro-content has-background is-layout-flex wp-container-core-columns-is-layout-9d6595d7 wp-block-columns-is-layout-flex\" style=\"background-color:#00353e\">\n<div class=\"wp-block-column esg-intro-col1 is-layout-flow wp-block-column-is-layout-flow\" style=\"flex-basis:50%\">\n<h2 class=\"wp-block-heading has-white-color has-text-color\"><strong><strong><strong><strong>Penser et agir strat\u00e9giquement<\/strong><\/strong><\/strong><\/strong><\/h2>\n\n\n\n<p class=\"has-white-color has-text-color\">Nous offrons une gamme compl\u00e8te de services en valeur sociale et en justice environnementale pour rendre vos interventions plus strat\u00e9giques.<\/p>\n\n\n\n<div style=\"height:0.5em\" aria-hidden=\"true\" class=\"wp-block-spacer\"><\/div>\n\n\n\n<p class=\"has-white-color has-text-color\">Gr\u00e2ce \u00e0 une participation accrue du public, de plus de consultation aupr\u00e8s de la collectivit\u00e9 et de promotion de l\u2019emploi et des habilet\u00e9s locales, nous vous aiderons \u00e0 garantir que tous les projets accroissent la valeur sociale et am\u00e9liorent concr\u00e8tement la soci\u00e9t\u00e9 et la plan\u00e8te.\u00a0<\/p>\n<\/div>\n\n\n\n<div class=\"wp-block-column esg-intro-col2 is-layout-flow wp-block-column-is-layout-flow\" style=\"flex-basis:50%\">\n<h1 class=\"wp-block-heading has-text-color\" style=\"color:#aecc53\"><strong><strong><strong><strong>96M$<\/strong><\/strong><\/strong><\/strong> :<\/h1>\n\n\n\n<p class=\"has-white-color has-text-color\" style=\"font-size:0.9em\">Depuis 2019-2020, nous avons g\u00e9n\u00e9r\u00e9 96\u202fmillions de dollars en valeur sociale favorable \u00e0 la collectivit\u00e9 au Royaume-Uni et en Irlande. Cette valeur a \u00e9t\u00e9 mesur\u00e9e ind\u00e9pendamment \u00e0 l\u2019aide du Social Value Portal qui g\u00e8re, mesure et rapporte les r\u00e9percussions de nos activit\u00e9s en mati\u00e8re de valeur sociale dans la r\u00e9gion.<\/p>\n<\/div>\n<\/div>\n\n\n\n<div class=\"wp-block-columns esg-service-centered-column is-layout-flex wp-container-core-columns-is-layout-9d6595d7 wp-block-columns-is-layout-flex\">\n<div class=\"wp-block-column is-layout-flow wp-block-column-is-layout-flow\">\n<div style=\"height:2em\" aria-hidden=\"true\" class=\"wp-block-spacer\"><\/div>\n\n\n\n<div class=\"wp-block-columns is-layout-flex wp-container-core-columns-is-layout-9d6595d7 wp-block-columns-is-layout-flex\">\n<div class=\"wp-block-column esg-service-col1 is-layout-flow wp-block-column-is-layout-flow\" style=\"flex-basis:33.33%\">\n<svg xmlns=\"http:\/\/www.w3.org\/2000\/svg\" viewBox=\"0 0 300 300\" width=\"75%\"><path d=\"M267.6,287.3V112.3l-42.4,9.7l-0.5-64.9h-55.7l-0.4,103.2l-31.8,8.2l-0.5,45.6l0.6,64.9l-0.5-62.3\n\th-21.9v-7.4V21.8H30.4v257.8l0.1,7.7l-24,0h285 M53.3,287.3v-70.5h20.3 M166.3,160.9l54.7-13.1v131.7 M192,152v-21.2l33.4-8\" stroke=\"#008768\" stroke-width=\"3.5\" fill=\"none\" style=\"stroke-dashoffset: 0; stroke-dasharray: none;\"><\/path><path d=\"M87.4,243.2v36.3 M103.7,243.2c-1.4-18.5-16.3-38.2-16.3-38.2s-14.7,18.4-16.3,38.2\n\tc-1.5,18.7,12.2,22.8,17,22.8C92.9,266,105.1,261.9,103.7,243.2z M152.5,187.8l53.1-12.7 M152.8,206.8l53.1-12.7 M201,244.1\n\tc0,12.7-10.3,22.9-22.9,22.9s-22.9-10.3-22.9-22.9c0-12.7,10.3-22.9,22.9-22.9c0,0,0,0,0,0C190.8,221.1,201,231.4,201,244.1z\n\t M178.7,248.3v34.8 M241.9,149.1v30.8 M241.9,199v30.8 M176,84.3h42.3 M51.7,38.9v7 M79.7,38.9v7 M65.7,52.9v7 M93.7,52.9v7\n\t M51.7,66.8v7 M79.7,66.8v7 M65.7,80.8v7 M93.7,80.8v7 M51.7,94.8v7 M79.7,94.8v7 M65.7,108.8v7 M93.7,108.8v7 M51.7,122.8v7\n\t M79.7,122.8v7 M65.7,136.8v7 M93.7,136.8v7 M51.7,150.7v7 M79.7,150.7v7 M65.7,164.7v7 M93.7,164.7v7 M51.7,178.7v7 M79.7,178.7v7\" stroke=\"#008768\" stroke-width=\"3.5\" fill=\"none\" style=\"stroke-dashoffset: 0; stroke-dasharray: none;\"><\/path><\/svg>\n<\/div>\n\n\n\n<div class=\"wp-block-column esg-service-col2 is-layout-flow wp-block-column-is-layout-flow\" style=\"flex-basis:50%\">\n<h2 class=\"wp-block-heading has-text-color\" style=\"color:#008768;font-size:2.5em\">Politiques, programmes et infrastructures\u202f: des solutions objectives<\/h2>\n\n\n\n<p>Nous \u00e9laborons des solutions en mati\u00e8re de politiques et d\u2019infrastructures qui offrent \u00e0 toutes les collectivit\u00e9s des occasions de prosp\u00e9rer.\u00a0<\/p>\n\n\n\n<p>Par le pass\u00e9, nous avons aid\u00e9 les villes \u00e0 guider leur financement, leurs investissements et leurs initiatives articul\u00e9es autour de programmes. Le but \u00e9tait de leur permettre de lutter contre les in\u00e9galit\u00e9s socio\u00e9conomiques dans le march\u00e9 de l\u2019emploi et d\u2019\u00e9valuer leurs ressources \u00e0 cet effet.<\/p>\n<\/div>\n<\/div>\n\n\n\n<div style=\"height:6em\" aria-hidden=\"true\" class=\"wp-block-spacer\"><\/div>\n\n\n\n<div class=\"wp-block-columns is-layout-flex wp-container-core-columns-is-layout-9d6595d7 wp-block-columns-is-layout-flex\">\n<div class=\"wp-block-column esg-service-col2 is-layout-flow wp-block-column-is-layout-flow\" style=\"flex-basis:50%\">\n<h2 class=\"wp-block-heading has-text-color\" style=\"color:#008768;font-size:2.5em\"><strong>Approches collaboratives des projets<\/strong>\u00a0<\/h2>\n\n\n\n<p>Habituellement en collaboration avec des partenaires locaux, nous concevons des strat\u00e9gies culturellement et contextuellement appropri\u00e9es afin de veiller \u00e0 ce que les processus d\u00e9cisionnels et les solutions de projet soient solides.&nbsp;<\/p>\n\n\n\n<p>En mobilisant un large \u00e9ventail de parties prenantes et en affectant des ambassadeurs communautaires \u00e0 des r\u00f4les importants \u00e0 la mise en \u0153uvre des projets, nous avons amplifi\u00e9 les voix des collectivit\u00e9s.&nbsp;<\/p>\n<\/div>\n\n\n\n<div class=\"wp-block-column esg-service-col1 is-layout-flow wp-block-column-is-layout-flow\" style=\"flex-basis:33.33%\">\n<svg xmlns=\"http:\/\/www.w3.org\/2000\/svg\" viewBox=\"0 0 300 300\" width=\"75%\"><path d=\"M96.2,249.8c-17.1,5.8-35.9-2.6-42.7-19.6\n\tc-3.3-8.3-3.3-17.6,0.2-25.9c-9.2-12.4-17.2-25.6-23.8-39.5c-1.7-3.6-6.1-5.2-9.7-3.5c-1.8,0.8-3.1,2.4-3.8,4.2\n\tc-7,20.5-17.1,58,22.5,97.6c39.4,39.4,76.5,29.9,96.8,23.1c3.8-1.3,5.9-5.4,4.6-9.3c-0.6-1.9-2-3.4-3.7-4.2\n\tc-13.6-6.6-26.8-14-38.5-23.6V249c17.5-7,26-27,18.9-44.5c-7-17.5-27-26-44.5-18.9c-4.3,1.7-8.1,4.3-11.4,7.5\n\tc-3.2,3.2-5.7,6.9-7.4,11 M207.1,50.4c17.2-6.2,36.4,2.3,43.3,19.4c3.3,8.3,3.3,17.6-0.2,25.9c9.2,12.3,17.2,25.6,23.8,39.5\n\tc1.7,3.6,6.1,5.2,9.7,3.5c1.8-0.8,3.1-2.3,3.8-4.2c7-20.5,17.1-58-22.5-97.6C225.6-2.6,188.5,7,168.2,13.8c-3.8,1.3-5.8,5.4-4.6,9.3\n\tc0.6,1.9,2,3.4,3.7,4.2c13.8,6.4,26.7,14.4,38.7,23.5l0,0c-17.5,7-26,26.9-19,44.5c7,17.5,26.9,26,44.5,19\n\tc8.5-3.4,15.3-10.1,18.8-18.6 M251.1,204c-7-17.5-27-26-44.5-18.9c-17.5,7-26,27-18.9,44.5c1.7,4.3,4.3,8.1,7.5,11.4\n\tc3.2,3.2,6.9,5.7,11,7.4l0,0c-12.4,9.2-25.6,17.2-39.5,23.8c-3.6,1.7-5.2,6.1-3.5,9.7c0.8,1.8,2.3,3.1,4.2,3.8\n\tc20.5,7,58,17.1,97.6-22.5c39.5-39.4,29.9-76.5,23.1-96.8c-1.3-3.8-5.4-5.9-9.2-4.6c-1.9,0.6-3.4,2-4.2,3.8\n\tC268.2,179.1,260.3,192,251.1,204c7,17.5-1.4,37.4-18.9,44.5c-8,3.2-16.8,3.3-24.8,0.3 M52.4,94.9c-6.3-17.3,2.2-36.5,19.3-43.4\n\tc8.3-3.3,17.6-3.3,25.9,0.2c12.4-9.3,25.6-17.2,39.5-23.9c3.6-1.7,5.2-6.1,3.5-9.7c-0.8-1.8-2.3-3.1-4.2-3.8\n\tc-20.5-7-58-17.1-97.6,22.5c-39.5,39.5-29.9,76.5-23.2,96.9c1.3,3.8,5.4,5.9,9.2,4.6c1.9-0.6,3.4-2,4.2-3.7\n\tc6.6-13.6,14.6-26.5,23.7-38.5l0,0c7,17.5,27,26,44.5,18.9c17.5-7,26-27,18.9-44.5c-1.7-4.3-4.3-8.1-7.5-11.4\n\tc-3.2-3.2-6.9-5.7-11-7.4\" stroke=\"#008768\" stroke-width=\"3.5\" fill=\"none\" style=\"stroke-dashoffset: 0; stroke-dasharray: none;\"><\/path><\/svg>\n<\/div>\n<\/div>\n\n\n\n<div style=\"height:6em\" aria-hidden=\"true\" class=\"wp-block-spacer\"><\/div>\n\n\n\n<div class=\"wp-block-columns is-layout-flex wp-container-core-columns-is-layout-9d6595d7 wp-block-columns-is-layout-flex\">\n<div class=\"wp-block-column esg-service-col1 is-layout-flow wp-block-column-is-layout-flow\" style=\"flex-basis:33.33%\">\n<svg xmlns=\"http:\/\/www.w3.org\/2000\/svg\" viewBox=\"0 0 300 300\" width=\"75%\"><path d=\"M30.6,175.3L117,88.5l68.1,42.4l83.3-80.3 M268.3,91.9V50.5h-41.4 M237.7,181.3L211.5,155l-1.6,1.7\n\tc-6.6,6.1-15.5,9.8-25.2,9.8c-20.6,0-37.3-16.7-37.3-37.3s16.7-37.3,37.3-37.3s37.3,16.7,37.3,37.3c0,9.1-3.3,17.4-8.7,23.9\" stroke=\"#008768\" stroke-width=\"3.5\" fill=\"none\" style=\"stroke-dashoffset: 0; stroke-dasharray: none;\"><\/path><path d=\"M39.7,194.3v76.9H74V167.9v103.3h31.2V137.8v133.3h32.7v-92.3v92.3h31.9V195v76.1h32.6v-66v66H235\n\tv-59.7v59.7h32.4v-59.6v59.6h25.1H7.5V28.8\" stroke=\"#008768\" stroke-width=\"3.5\" fill=\"none\" style=\"stroke-dashoffset: 0; stroke-dasharray: none;\"><\/path><\/svg>\n<\/div>\n\n\n\n<div class=\"wp-block-column esg-service-col2 is-layout-flow wp-block-column-is-layout-flow\" style=\"flex-basis:50%\">\n<h2 class=\"wp-block-heading has-text-color\" style=\"color:#008768;font-size:2.5em\">Outils <strong>pour mesurer la valeur sociale<\/strong><\/h2>\n\n\n\n<p>En tirant parti des donn\u00e9es ouvertes, nous cr\u00e9ons des m\u00e9thodes et des outils adapt\u00e9s pour quantifier et \u00e9valuer les r\u00e9percussions globales des projets et ouvrir la voie \u00e0 des retomb\u00e9es plus favorables.&nbsp;<\/p>\n\n\n\n<p>Les donn\u00e9es d\u00e9mographiques, socio\u00e9conomiques, environnementales et relatives aux changements climatiques que nous avons synth\u00e9tis\u00e9es par notre travail avec les clients publics et priv\u00e9s, dont des entreprises des secteurs technologique et industriel, nous donnent une vue d\u2019ensemble des collectivit\u00e9s de nos clients, celles qu\u2019ils souhaitent voir cro\u00eetre.&nbsp;<\/p>\n<\/div>\n<\/div>\n\n\n\n<div style=\"height:6em\" aria-hidden=\"true\" class=\"wp-block-spacer\"><\/div>\n\n\n\n<div class=\"wp-block-columns is-layout-flex wp-container-core-columns-is-layout-9d6595d7 wp-block-columns-is-layout-flex\">\n<div class=\"wp-block-column esg-service-col2 is-layout-flow wp-block-column-is-layout-flow\" style=\"flex-basis:50%\">\n<h2 class=\"wp-block-heading has-text-color\" style=\"color:#008768;font-size:2.5em\">Optimisation du financement des investissements sociaux<\/h2>\n\n\n\n<p class=\"esg-body-special\">Nous \u00e9paulons les clients dans la recherche de sources de financement et de possibilit\u00e9s leur permettant de se payer des infrastructures procurant des avantages sociaux. De plus, nous adaptons les projets pour les rendre admissibles aux sources de financement f\u00e9d\u00e9ral, comme l\u2019initiative\u202fJustice40. Pour faciliter le processus, nous recourons \u00e0 notre outil maison Fund Navigator. Gr\u00e2ce \u00e0 notre aide, nos clients ont obtenu du financement de la part du gouvernement f\u00e9d\u00e9ral, qu\u2019ils utilisent pour lutter contre les in\u00e9galit\u00e9s et cr\u00e9er des collectivit\u00e9s plus saines.<\/p>\n<\/div>\n\n\n\n<div class=\"wp-block-column esg-service-col1 is-layout-flow wp-block-column-is-layout-flow\" style=\"flex-basis:33.33%\">\n<svg xmlns=\"http:\/\/www.w3.org\/2000\/svg\" viewBox=\"0 0 300 300\" width=\"75%\"><path d=\"M101.3,150.1c0,1.6-1.3,2.9-2.9,2.9s-2.9-1.3-2.9-2.9c0-1.6,1.3-2.9,2.9-2.9\n\tS101.3,148.5,101.3,150.1L101.3,150.1z M196.7,150.1c0,1.6-1.3,2.9-2.9,2.9c-1.6,0-2.9-1.3-2.9-2.9c0-1.6,1.3-2.9,2.9-2.9\n\tC195.4,147.2,196.7,148.5,196.7,150.1L196.7,150.1z M158.4,149.9c0,10.1-5.8,18.2-13.1,18.2c-7.2,0-13-8.2-13-18.2s5.8-18.2,13-18.2\n\tS158.4,139.8,158.4,149.9z M146.1,7.8v54.9 M163.6,25.1L146.1,7.6L128.6,25 M243.7,37.5l-38.8,38.8 M243.8,62.1V37.3h-24.7\n\t M48.6,37.5l38.8,38.8 M73.1,37.3H48.3V62 M146,292.3v-54.9 M128.5,275l17.5,17.5l17.5-17.5 M48.5,262.6l38.8-38.8 M48.3,238.1v24.8\n\tH73 M243.6,262.7l-38.8-38.8 M219,262.8h24.8v-24.7\" stroke=\"#008768\" stroke-width=\"3.5\" fill=\"none\" style=\"stroke-dashoffset: 0; stroke-dasharray: none;\"><\/path><path d=\"M119.7,181.8h52.7h29.3c0-8.4,6.8-15.2,15.2-15.2v-33.1c-8.4,0-15.2-6.8-15.2-15.2c0,0,0,0,0,0h-29.3\n\tH172H89.8c0,8.4-6.8,15.2-15.2,15.2c0,0,0,0,0,0v33.1c8.4,0,15.2,6.8,15.2,15.2H119.7l-0.4,20.5H53.2V97.8h184.4v104.6h-62.9h-1.8\n\th-53.6L119.7,181.8z\" stroke=\"#008768\" stroke-width=\"3.5\" fill=\"none\" style=\"stroke-dashoffset: 0; stroke-dasharray: none;\"><\/path><\/svg>\n<\/div>\n<\/div>\n\n\n\n<div style=\"height:6em\" aria-hidden=\"true\" class=\"wp-block-spacer\"><\/div>\n<\/div>\n<\/div>\n\n\n\n<div class=\"wp-block-columns sl-flex-centered has-background is-layout-flex wp-container-core-columns-is-layout-9d6595d7 wp-block-columns-is-layout-flex\" style=\"background-color:#00353e\">\n<div class=\"wp-block-column esg-column-block is-layout-flow wp-block-column-is-layout-flow\">\n<div class=\"wp-block-columns is-layout-flex wp-container-core-columns-is-layout-9d6595d7 wp-block-columns-is-layout-flex\">\n<div class=\"wp-block-column esg-centered-column is-layout-flow wp-block-column-is-layout-flow\" style=\"flex-basis:45%\">\n<h1 class=\"wp-block-heading esg-heading has-white-color has-text-color\" style=\"font-size:3em;font-style:normal;font-weight:800\"><strong><strong><strong><strong><strong><strong>Cr\u00e9ation de retomb\u00e9es favorables<\/strong>\u00a0<\/strong><\/strong><\/strong><\/strong><\/strong><\/h1>\n\n\n\n<div style=\"height:24px\" aria-hidden=\"true\" class=\"wp-block-spacer\"><\/div>\n\n\n\n<p class=\"has-white-color has-text-color\" style=\"font-size:1.25em;font-style:normal;font-weight:400\">Nos activit\u00e9s autour de la valeur sociale comprennent\u202f:<\/p>\n\n\n\n<ul class=\"wp-block-list has-white-color has-text-color\">\n<li>Cadres de participation communautaire\u00a0<\/li>\n\n\n\n<li>Justice environnementale<\/li>\n\n\n\n<li>\u00c9valuation de la valeur sociale\u00a0<\/li>\n\n\n\n<li>Strat\u00e9gie de valeur sociale\u00a0<\/li>\n\n\n\n<li>Strat\u00e9gie d\u2019engagement des parties prenantes men\u00e9 par la communaut\u00e9<\/li>\n\n\n\n<li>\u00c9valuation des facteurs humains<\/li>\n\n\n\n<li>Avantages socio\u00e9conomiques multiples<\/li>\n\n\n\n<li>Priorisation des collectivit\u00e9s mal servies<\/li>\n\n\n\n<li>Audit sur la s\u00e9curit\u00e9 dans les rues<\/li>\n\n\n\n<li>Rapport sur la valeur sociale\u00a0<\/li>\n\n\n\n<li>Politique sur la valeur sociale\u00a0<\/li>\n<\/ul>\n\n\n\n<div style=\"height:24px\" aria-hidden=\"true\" class=\"wp-block-spacer\"><\/div>\n<\/div>\n\n\n\n<div class=\"wp-block-column esg-centered-column is-layout-flow wp-block-column-is-layout-flow\" style=\"flex-basis:45%\">\n<div style=\"height:4em\" aria-hidden=\"true\" class=\"wp-block-spacer\"><\/div>\n\n\n\n<figure class=\"wp-block-image size-large esg-img\"><img decoding=\"async\" src=\"https:\/\/aecom.com\/content\/wp-content\/uploads\/2024\/06\/Adobe_Stock_579802400_LR_ea07d5392b-1024x683.webp\" alt=\"\" class=\"wp-image-127349\"\/><\/figure>\n<\/div>\n<\/div>\n<\/div>\n<\/div>\n\n\n\n<div style=\"height:4em\" aria-hidden=\"true\" class=\"wp-block-spacer\"><\/div>\n\n\n\n<div class=\"wp-block-columns sl-column has-white-background-color has-background is-layout-flex wp-container-core-columns-is-layout-9d6595d7 wp-block-columns-is-layout-flex\">\n<div class=\"wp-block-column is-layout-flow wp-block-column-is-layout-flow\" style=\"flex-basis:85%\">\n<h1 class=\"wp-block-heading has-text-color\" style=\"color:#008768;font-size:3em\">Derni\u00e8res avanc\u00e9es en valeur sociale et justice environnementale<\/h1>\n<\/div>\n<\/div>\n\n\n    <div class=\"full-width-media theme-white layout-one-half animated-block media-stacked\"\n        animation-style=\"animate__fadeInLeft\"\n        scroll-offset=\"200\"\n        style=\"margin-top: 0px; margin-bottom: 0px\">\n            <div\n            class=\"row no-gutters flex-sm-wrap col-row-reverse\">\n            <div\n                class=\"col-lg-6 col-sm-12 col-md-12 media-text-content\">\n                <div class=\"media-text-content-wrapper\">\n                    <div class=\"media-text-title\">\n                                                                            <h4>R\u00c9FLEXION EN VEDETTE<\/h4>\n                                                                            <h2>Pr\u00eat au d\u00e9collage\u202f: la valeur sociale et l\u2019\u00e9quit\u00e9 dans la collectivit\u00e9<\/h2>\n                                                                    <\/div>\n                    <div class=\"media-text-text\">\n                        <p><p>L\u2019\u00e9quit\u00e9 en infrastructures est en train de devenir la norme. Les a\u00e9roports n\u2019y font pas exception.<\/p>\n<\/p>\n                    <\/div>\n                                            <div class=\"media-text-link\">\n                            <a href=\"\/fr-ca\/ready-for-takeoff-social-value-and-equity-in-your-community\/\"                                 class=\"aecom-global-cta aecom-global-cta-sml aecom-global-cta-bold button-solid\">En savoir plus<\/a>\n\n                        <\/div>\n                                    <\/div>\n            <\/div>\n                            <div class=\"col-lg-6 col-md-12 col-sm-12 media-image-container\"\n                    style=\"background-color: #008768;\">\n                    <div class=\"media-image\"\n                        style=\"background-image: url('https:\/\/aecom.com\/fr-ca\/wp-content\/uploads\/2024\/06\/C311_FA_25_B26_F_4_A06_9_F61_35_FF_0_BE_153_E5_026782f68b.webp');opacity: 85%;\">\n                    <\/div>\n                <\/div>\n                                <\/div>\n    <\/div>\n\n\n<div class=\"wp-block-columns sl-flex-centered has-background is-layout-flex wp-container-core-columns-is-layout-9d6595d7 wp-block-columns-is-layout-flex\" style=\"background-color:#044955\">\n<div class=\"wp-block-column esg-contact-block is-layout-flow wp-block-column-is-layout-flow\" id=\"contact\">\n<div style=\"height:24px\" aria-hidden=\"true\" class=\"wp-block-spacer\"><\/div>\n\n\n\n<h1 class=\"wp-block-heading has-text-color\" style=\"color:#aecc53;font-size:3em;font-style:normal;font-weight:800\"><strong><strong><strong><strong>Parlez-en \u00e0 notre \u00e9quipe de valeur sociale et justice environnementale<\/strong><\/strong><\/strong><\/strong><\/h1>\n\n\n\n<div style=\"height:24px\" aria-hidden=\"true\" class=\"wp-block-spacer\"><\/div>\n\n\n\n<p class=\"has-white-color has-text-color\" style=\"font-size:1.25em;font-style:normal;font-weight:400\">Obtenez l\u2019exp\u00e9rience pratique vitale \u00e0 votre transformation.<\/p>\n\n\n\n<p class=\"has-text-color\" style=\"color:#aecc53;font-size:1.175em;font-style:normal;font-weight:700\">Renseignez-vous d\u00e8s aujourd\u2019hui pour savoir comment nous pouvons vous aider.<\/p>\n\n\n\n    <div class=\"aecom-custom-block block-cta-button\" style=\"margin-top: 40px;\">\n        <a href=\"\/fr-ca\/sustainable-legacies-ca\/our-people\/\" class=\"aecom-default-cta aecom-global-cta-l-green-solid aecom-global-cta-sml aecom-global-cta-bold aecom-global-cta aecom-global-cta-bold\"  >Faire une demande <svg data-name=\"Layer 1\" xmlns=\"http:\/\/www.w3.org\/2000\/svg\" viewBox=\"0 0 31.4 29.8\"><g data-name=\"Group 31\"><g data-name=\"Group 30\"><g data-name=\"Group 29\"><path data-name=\"Path 49\" d=\"M31.4 14.1h-3.1a12.6 12.6 0 0 1-25.2 0H0a15.7 15.7 0 1 0 31.4 0m-15.7 7 7.4-7.4-2.2-2.2-3.6 3.6V0h-3.1v15l-3.6-3.6-2.2 2.2 7.4 7.4Z\" fill=\"currentColor\"\/><\/g><\/g><\/g><\/svg><\/a>\n    <\/div>\n\n\n\n<div style=\"height:24px\" aria-hidden=\"true\" class=\"wp-block-spacer\"><\/div>\n<\/div>\n<\/div>\n","protected":false},"excerpt":{"rendered":"<p>NOS SERVICES Valeur sociale et justice environnementale De plus en plus, la valeur sociale et la justice environnementale sont \u00e0 l\u2019agenda. Afin de maximiser les retomb\u00e9es de votre investissement, il vous faut bien r\u00e9fl\u00e9chir et recourir \u00e0 une expertise approfondie.\u00a0 Nous fournissons des services techniques qui appliquent une optique de durabilit\u00e9 aux avantages et aux&#8230;<\/p>\n","protected":false},"author":46,"featured_media":5685,"parent":5681,"menu_order":0,"comment_status":"closed","ping_status":"closed","template":"views\/page-careers-content.blade.php","meta":{"_acf_changed":false,"footnotes":""},"yst_prominent_words":[],"class_list":["post-5772","page","type-page","status-publish","has-post-thumbnail","hentry"],"acf":[],"_links":{"self":[{"href":"https:\/\/aecom.com\/fr-ca\/wp-json\/wp\/v2\/pages\/5772","targetHints":{"allow":["GET"]}}],"collection":[{"href":"https:\/\/aecom.com\/fr-ca\/wp-json\/wp\/v2\/pages"}],"about":[{"href":"https:\/\/aecom.com\/fr-ca\/wp-json\/wp\/v2\/types\/page"}],"author":[{"embeddable":true,"href":"https:\/\/aecom.com\/fr-ca\/wp-json\/wp\/v2\/users\/46"}],"replies":[{"embeddable":true,"href":"https:\/\/aecom.com\/fr-ca\/wp-json\/wp\/v2\/comments?post=5772"}],"version-history":[{"count":3,"href":"https:\/\/aecom.com\/fr-ca\/wp-json\/wp\/v2\/pages\/5772\/revisions"}],"predecessor-version":[{"id":7460,"href":"https:\/\/aecom.com\/fr-ca\/wp-json\/wp\/v2\/pages\/5772\/revisions\/7460"}],"up":[{"embeddable":true,"href":"https:\/\/aecom.com\/fr-ca\/wp-json\/wp\/v2\/pages\/5681"}],"wp:featuredmedia":[{"embeddable":true,"href":"https:\/\/aecom.com\/fr-ca\/wp-json\/wp\/v2\/media\/5685"}],"wp:attachment":[{"href":"https:\/\/aecom.com\/fr-ca\/wp-json\/wp\/v2\/media?parent=5772"}],"wp:term":[{"taxonomy":"yst_prominent_words","embeddable":true,"href":"https:\/\/aecom.com\/fr-ca\/wp-json\/wp\/v2\/yst_prominent_words?post=5772"}],"curies":[{"name":"wp","href":"https:\/\/api.w.org\/{rel}","templated":true}]}}