{"id":5843,"date":"2024-06-27T13:54:49","date_gmt":"2024-06-27T13:54:49","guid":{"rendered":"https:\/\/aecom.com\/fr-ca\/sustainable-legacies-ca\/projects-insights\/what-challenges-do-organisations-face-as-they-try-to-become-nature-positive\/"},"modified":"2024-11-20T21:59:47","modified_gmt":"2024-11-20T21:59:47","slug":"what-challenges-do-organisations-face-as-they-try-to-become-nature-positive","status":"publish","type":"page","link":"https:\/\/aecom.com\/fr-ca\/sustainable-legacies-ca\/projects-insights\/what-challenges-do-organisations-face-as-they-try-to-become-nature-positive\/","title":{"rendered":"Quels sont les obstacles se dressant devant les organisations prenant un virage \u00e9cologique?\u00a0"},"content":{"rendered":"\n    <div class=\"aecom-custom-block careers-header\" style=\"background-color: #00353e; margin-top: 0px; margin-bottom: 6em;\">\n    <div class=\"careers-header-content\">\n                    <div class=\"careers-header-bg\" style=\"background-image: url('https:\/\/aecom.com\/fr-ca\/wp-content\/uploads\/2024\/06\/In_De_For_Header_3e64b07402.webp');opacity: 40%;\"><\/div>\n                    <div class=\"row no-gutters header-container\">\n                <div class=\"col careers-title\">\n                    <div class=\"header-title\">\n                        <p class=\"careers-sub-title\">R\u00e9flexion en vedette<\/p>\n                        <h1>Quels sont les obstacles se dressant devant les organisations prenant un virage \u00e9cologique? <\/h1>\n                    <\/div>\n                                            <div class=\"header-content\">\n                            <p>Voyez comment nous \u00e9paulons des organisations de pointe \u00e0 optimiser leur relation avec la nature. <\/p>\n                        <\/div>\n                                        <div class=\"cta-container\">\n\n                        <!-- add condition here -->\n                        \n                        <!-- add condition here -->\n                        \n\n                    <\/div>\n                    \n                <\/div>\n            <\/div>\n        <\/div>\n    <\/div>\n\n\n<div class=\"wp-block-columns sl-insights-main is-layout-flex wp-container-core-columns-is-layout-9d6595d7 wp-block-columns-is-layout-flex\">\n<div class=\"wp-block-column is-layout-flow wp-block-column-is-layout-flow\" style=\"flex-basis:67%\">\n<p class=\"sl-insight-intro\">\u00c9tant donn\u00e9 la version\u202f1.0 du cadre du Groupe de travail sur les informations financi\u00e8res li\u00e9es \u00e0 la nature (ou TNFD) lanc\u00e9e en septembre\u202f2023, un int\u00e9r\u00eat grandissant pour l\u2019int\u00e9gration de solutions bas\u00e9es sur la nature dans le d\u00e9veloppement d\u2019infrastructures et l\u2019av\u00e8nement des exigences quant au Gain net sur le plan de la biodiversit\u00e9 (ou BNG) au Royaume-Uni, il est plus que jamais crucial que les organisations comprennent et assainissent leur relation avec la nature et qu\u2019elles en informent le public.&nbsp;&nbsp; <\/p>\n\n\n\n<p>Fin novembre\u202f2023, sous la direction de notre <a href=\"https:\/\/aecom.com\/infrastructure-decarbonisation-forum\/\" target=\"_blank\" rel=\"noreferrer noopener\">Forum sur la d\u00e9carbonisation des infrastructures<\/a> (InDeFor), nous avons organis\u00e9 un atelier afin de mieux comprendre certaines grandes difficult\u00e9s auxquelles les organisations font face en tentant d\u2019aligner leurs comptes rendus au TNFD, d\u2019int\u00e9grer les solutions bas\u00e9es sur la nature \u00e0 la conception de leurs projets et de respecter les exigences du BNG. L\u2019objectif en \u00e9tait \u00e9galement l\u2019\u00e9change de pratiques exemplaires et les r\u00e9ussites dignes de mention.&nbsp;&nbsp;<\/p>\n\n\n\n<p>Plus de 15\u202forganisations irlandaises et britanniques, dont plusieurs agences et services parmi les plus importants du secteur public, ont pris part \u00e0 l\u2019atelier pour \u00e9changer les principales le\u00e7ons apprises ces derni\u00e8res ann\u00e9es.<\/p>\n\n\n\n<p>Parmi les obstacles les plus courants, elles ont signal\u00e9 l\u2019absence d\u2019une d\u00e9finition universelle de la nature et le manque d\u2019uniformit\u00e9 dans la terminologie entre les normes en mati\u00e8re de production de rapports. En particulier, le concept de \u00ab\u202fcapital naturel\u202f\u00bb demeure largement incompris. Cette incompr\u00e9hension pourrait ralentir les progr\u00e8s de l\u2019estimation et de l\u2019appr\u00e9ciation des nombreux b\u00e9n\u00e9fices (financiers et autres) des services li\u00e9s aux biens naturels et aux \u00e9cosyst\u00e8mes.<\/p>\n\n\n\n<p>\u00c0 ce propos, on rencontre des obstacles m\u00e9thodologiques en ce qui a trait \u00e0 l\u2019\u00e9valuation quantitative de certains services li\u00e9s aux \u00e9cosyst\u00e8mes. Ces obstacles figurent parmi les plus notables entravant l\u2019adoption g\u00e9n\u00e9ralis\u00e9e des solutions bas\u00e9es sur la nature. Autre emb\u00fbche, la p\u00e9nurie de main-d\u2019\u0153uvre touche les organisations, qui peinent \u00e0 \u00e9voluer au rythme des exigences de plus en plus nombreuses n\u00e9cessitant des comp\u00e9tences techniques.<\/p>\n\n\n\n<p>Par ailleurs, les participants ont soulev\u00e9 la possibilit\u00e9 que la nature et la biodiversit\u00e9 soient comprises dans le cadre g\u00e9n\u00e9ral de la durabilit\u00e9 et non comme des aspects complexes et multidimensionnels \u00e0 part enti\u00e8re, et qu\u2019on agisse en cons\u00e9quence. En outre, on a observ\u00e9 qu\u2019il est bien plus complexe de comprendre les effets d\u2019un projet d\u2019infrastructure sur la nature dans son ensemble que sur la biodiversit\u00e9 et les habitats environnants.<\/p>\n\n\n\n<p>En revanche, les participants ont cit\u00e9 des cas de pratiques exemplaires \u00e9mergentes. On a entre autres parl\u00e9 de r\u00e9unir des organisations poss\u00e9dant de grandes superficies de terrain dans le but de maximiser les bienfaits li\u00e9s \u00e0 la connectivit\u00e9 des habitats.<\/p>\n\n\n\n<p>Autre option prometteuse\u202f: l\u2019int\u00e9gration des exigences en mati\u00e8re de biodiversit\u00e9 aux contrats d\u2019approvisionnement, de fa\u00e7on semblable aux autres exigences de durabilit\u00e9. De surcro\u00eet, on voit la participation de la collectivit\u00e9 comme essentielle \u00e0 une r\u00e9habilitation r\u00e9ussie de la nature. Le Royaume-Uni en compte d\u2019excellents exemples.<\/p>\n\n\n\n<p>Malgr\u00e9 que les cibles en lien avec la nature tirent de l\u2019arri\u00e8re en comparaison avec le carbone, nous constatons des progr\u00e8s encourageants dans la bonne direction. Les futurs progr\u00e8s reposeront sur les partenariats et l\u2019innovation, comme nous l\u2019avons montr\u00e9 dans notre travail sur le principal <a href=\"https:\/\/aecom.com\/uk\/natural-capital-laboratory\/\" target=\"_blank\" rel=\"noreferrer noopener\">Laboratoire du capital naturel<\/a>. Ce dernier rassemble les propri\u00e9taires fonciers particuliers, du secteur priv\u00e9, d\u2019organismes sans but lucratif et du milieu universitaire pour r\u00e9habiliter la nature \u00e0 grande \u00e9chelle en \u00c9cosse.&nbsp;<\/p>\n\n\n\n<div class=\"aecom-custom-block block-facts\"\n    style=\"margin-top: 0px; margin-bottom: 0px\">\n\n            <h2>Nous continuons de soutenir nos clients dans leur cheminement \u00e9cologique par une s\u00e9rie d\u2019ateliers th\u00e9matiques du d\u00e9but\u202f2024, qui seront ax\u00e9s sur les aspects suivants\u202f: <\/h2>\n        <ul class=\"list-style-check\">\n                    <li>\n                                    Exigences en vertu du Groupe de travail sur les informations financi\u00e8res li\u00e9es \u00e0 la nature                             <\/li>\n                    <li>\n                                    Options d\u2019int\u00e9gration des solutions bas\u00e9es sur la nature \u00e0 la conception de projets et estimation du capital naturel sur place                             <\/li>\n                    <li>\n                                    Exigences quant au Gain net sur le plan de la biodiversit\u00e9 et pratiques exemplaires de leur mise en \u0153uvre.                             <\/li>\n            <\/ul>\n<\/div>\n\n\n    <div class=\"aecom-custom-block block-cta-button\" style=\"margin-top: 40px;\">\n        <a href=\"\/fr-ca\/sustainable-legacies-ca\/our-esg-services\/nature-based-solutions\/\" class=\"aecom-default-cta aecom-global-cta-e-green-transparent aecom-global-cta-sml aecom-global-cta-bold aecom-global-cta aecom-global-cta-bold\"  >Pour en savoir plus sur les solutions bas\u00e9es sur la nature, cliquez ici <svg data-name=\"Layer 1\" xmlns=\"http:\/\/www.w3.org\/2000\/svg\" viewBox=\"0 0 31.4 29.8\"><g data-name=\"Group 31\"><g data-name=\"Group 30\"><g data-name=\"Group 29\"><path data-name=\"Path 49\" d=\"M31.4 14.1h-3.1a12.6 12.6 0 0 1-25.2 0H0a15.7 15.7 0 1 0 31.4 0m-15.7 7 7.4-7.4-2.2-2.2-3.6 3.6V0h-3.1v15l-3.6-3.6-2.2 2.2 7.4 7.4Z\" fill=\"currentColor\"\/><\/g><\/g><\/g><\/svg><\/a>\n    <\/div>\n<\/div>\n\n\n\n<div class=\"wp-block-column is-layout-flow wp-block-column-is-layout-flow\" style=\"flex-basis:33%\">\n<div style=\"height:4em\" aria-hidden=\"true\" class=\"wp-block-spacer\"><\/div>\n\n\n\n<div class=\"aecom-custom-block people-block people-block-vertical\" style=\"margin-top: 0px; margin-bottom: 40px\">\n    <div class=\"profil-image-wrapper\">\n        <div class=\"people-image\" style=\"background-image: url(https:\/\/aecom.com\/fr-ca\/wp-content\/uploads\/2024\/06\/684c7f30_b5ae_43a3_a999_a0a8a451acb8_1c7d09936c.webp);\"><\/div>\n    <\/div>\n    <div class=\"people-info\">\n        <h3 class=\"people-name\">Milica Apostolovic<\/h3>\n        <p class=\"people-job-title\">Conseill\u00e8re principale, carbone et ESG <\/p>\n                        <div class=\"people-socials\">\n                                        <a href=\"https:\/\/www.linkedin.com\/in\/milica-apostolovic-80a025170\/\" target=\"_blank\" class=\"social social-linkedin\"><i class=\"fab fa-linkedin-in\"><\/i><\/a>\n                                                                    <\/div>\n    <\/div>\n<\/div><\/div>\n<\/div>\n\n\n\n<div style=\"height:4em\" aria-hidden=\"true\" class=\"wp-block-spacer\"><\/div>\n\n\n\n<div class=\"wp-block-columns sl-insights-contact sl-flex-centered has-background is-layout-flex wp-container-core-columns-is-layout-9d6595d7 wp-block-columns-is-layout-flex\" style=\"background-color:#044955\">\n<div class=\"wp-block-column insights-contact-block is-layout-flow wp-block-column-is-layout-flow\" id=\"contact\">\n<div style=\"height:24px\" aria-hidden=\"true\" class=\"wp-block-spacer\"><\/div>\n\n\n\n<h1 class=\"wp-block-heading has-text-color\" style=\"color:#aecc53;font-size:2.5em;font-style:normal;font-weight:800\"><strong><strong><strong><strong>Contactez nous<\/strong><\/strong><\/strong><\/strong><\/h1>\n\n\n\n<p class=\"has-white-color has-text-color\" style=\"font-size:1.25em;font-style:normal;font-weight:400\">Si vous souhaitez rejoindre le forum sur la d\u00e9carbonisation des infrastructures ou si vous souhaitez en savoir plus sur la mani\u00e8re dont nous pouvons soutenir votre d\u00e9marche en faveur de la nature.<\/p>\n\n\n\n    <div class=\"aecom-custom-block block-cta-button\" style=\"margin-top: 40px;\">\n        <a href=\"\/fr-ca\/sustainable-legacies-ca\/our-people\/\" class=\"aecom-default-cta aecom-global-cta-l-green-solid aecom-global-cta-sml aecom-global-cta-bold aecom-global-cta aecom-global-cta-bold\"  >Communiquez avec nous  <svg data-name=\"Layer 1\" xmlns=\"http:\/\/www.w3.org\/2000\/svg\" viewBox=\"0 0 31.4 29.8\"><g data-name=\"Group 31\"><g data-name=\"Group 30\"><g data-name=\"Group 29\"><path data-name=\"Path 49\" d=\"M31.4 14.1h-3.1a12.6 12.6 0 0 1-25.2 0H0a15.7 15.7 0 1 0 31.4 0m-15.7 7 7.4-7.4-2.2-2.2-3.6 3.6V0h-3.1v15l-3.6-3.6-2.2 2.2 7.4 7.4Z\" fill=\"currentColor\"\/><\/g><\/g><\/g><\/svg><\/a>\n    <\/div>\n\n\n\n<div style=\"height:24px\" aria-hidden=\"true\" class=\"wp-block-spacer\"><\/div>\n<\/div>\n<\/div>\n","protected":false},"excerpt":{"rendered":"<p>\u00c9tant donn\u00e9 la version\u202f1.0 du cadre du Groupe de travail sur les informations financi\u00e8res li\u00e9es \u00e0 la nature (ou TNFD) lanc\u00e9e en septembre\u202f2023, un int\u00e9r\u00eat grandissant pour l\u2019int\u00e9gration de solutions bas\u00e9es sur la nature dans le d\u00e9veloppement d\u2019infrastructures et l\u2019av\u00e8nement des exigences quant au Gain net sur le plan de la biodiversit\u00e9 (ou BNG) au&#8230;<\/p>\n","protected":false},"author":701,"featured_media":5659,"parent":5813,"menu_order":0,"comment_status":"closed","ping_status":"closed","template":"views\/page-careers-content.blade.php","meta":{"_acf_changed":false,"footnotes":""},"yst_prominent_words":[],"class_list":["post-5843","page","type-page","status-publish","has-post-thumbnail","hentry"],"acf":[],"_links":{"self":[{"href":"https:\/\/aecom.com\/fr-ca\/wp-json\/wp\/v2\/pages\/5843","targetHints":{"allow":["GET"]}}],"collection":[{"href":"https:\/\/aecom.com\/fr-ca\/wp-json\/wp\/v2\/pages"}],"about":[{"href":"https:\/\/aecom.com\/fr-ca\/wp-json\/wp\/v2\/types\/page"}],"author":[{"embeddable":true,"href":"https:\/\/aecom.com\/fr-ca\/wp-json\/wp\/v2\/users\/701"}],"replies":[{"embeddable":true,"href":"https:\/\/aecom.com\/fr-ca\/wp-json\/wp\/v2\/comments?post=5843"}],"version-history":[{"count":3,"href":"https:\/\/aecom.com\/fr-ca\/wp-json\/wp\/v2\/pages\/5843\/revisions"}],"predecessor-version":[{"id":6569,"href":"https:\/\/aecom.com\/fr-ca\/wp-json\/wp\/v2\/pages\/5843\/revisions\/6569"}],"up":[{"embeddable":true,"href":"https:\/\/aecom.com\/fr-ca\/wp-json\/wp\/v2\/pages\/5813"}],"wp:featuredmedia":[{"embeddable":true,"href":"https:\/\/aecom.com\/fr-ca\/wp-json\/wp\/v2\/media\/5659"}],"wp:attachment":[{"href":"https:\/\/aecom.com\/fr-ca\/wp-json\/wp\/v2\/media?parent=5843"}],"wp:term":[{"taxonomy":"yst_prominent_words","embeddable":true,"href":"https:\/\/aecom.com\/fr-ca\/wp-json\/wp\/v2\/yst_prominent_words?post=5843"}],"curies":[{"name":"wp","href":"https:\/\/api.w.org\/{rel}","templated":true}]}}