{"id":5851,"date":"2024-06-27T19:01:08","date_gmt":"2024-06-27T19:01:08","guid":{"rendered":"https:\/\/aecom.com\/fr-ca\/sustainable-legacies-ca\/projects-insights\/social-and-environmental-assessments-for-henvey-inlet-wind-project\/"},"modified":"2024-08-01T15:42:16","modified_gmt":"2024-08-01T15:42:16","slug":"social-and-environmental-assessments-for-henvey-inlet-wind-project","status":"publish","type":"page","link":"https:\/\/aecom.com\/fr-ca\/sustainable-legacies-ca\/projects-insights\/social-and-environmental-assessments-for-henvey-inlet-wind-project\/","title":{"rendered":"Le plus grand projet de partenariat \u00e9olien des Premi\u00e8res Nations au Canada"},"content":{"rendered":"\n    <div class=\"aecom-custom-block careers-header\" style=\"background-color: #00353e; margin-top: 0px; margin-bottom: 4em;\">\n    <div class=\"careers-header-content\">\n                    <div class=\"careers-header-bg\" style=\"background-image: url('https:\/\/aecom.com\/fr-ca\/wp-content\/uploads\/2024\/06\/Henvey-Inlet-Wind3-1.jpg');opacity: 40%;\"><\/div>\n                    <div class=\"row no-gutters header-container\">\n                <div class=\"col careers-title\">\n                    <div class=\"header-title\">\n                        <p class=\"careers-sub-title\">Projet en vedette<\/p>\n                        <h1>Le plus grand projet de partenariat \u00e9olien des Premi\u00e8res Nations au Canada<\/h1>\n                    <\/div>\n                                            <div class=\"header-content\">\n                            <p>Guider le d\u00e9veloppement d\u2019un parc \u00e9olien de 300 m\u00e9gawatts, le plus grand projet de partenariat \u00e9olien des Premi\u00e8res Nations au Canada<\/p>\n                        <\/div>\n                                        <div class=\"cta-container\">\n\n                        <!-- add condition here -->\n                        \n                        <!-- add condition here -->\n                        \n\n                    <\/div>\n                    \n                <\/div>\n            <\/div>\n        <\/div>\n    <\/div>\n\n\n<div class=\"wp-block-columns sl-insights-main is-layout-flex wp-container-core-columns-is-layout-9d6595d7 wp-block-columns-is-layout-flex\">\n<div class=\"wp-block-column is-layout-flow wp-block-column-is-layout-flow\" style=\"flex-basis:67%\">\n<h2 class=\"sl-insights-h2 wp-block-heading\">Un parc \u00e9olien de 300 m\u00e9gawatts respectueux de la nature et des communaut\u00e9s<\/h2>\n\n\n\n<p>Le projet d\u2019\u00e9nergie \u00e9olienne de Henvey Inlet est un parc \u00e9olien de 87 turbines et une ligne de transmission dans le territoire du trait\u00e9 Robinson Huron (r\u00e9gion du lac Huron) au Canada, qui produira chaque ann\u00e9e de l\u2019\u00e9nergie propre pour 100 000 foyers en Ontario. Nous avons termin\u00e9 les \u00e9tudes environnementales concernant les impacts sociaux et environnementaux potentiels et les mesures d\u2019att\u00e9nuation pour le premier projet d\u2019\u00e9nergie renouvelable d\u00e9velopp\u00e9 en vertu de la Loi sur la gestion des terres des Premi\u00e8res Nations. Une fois qu\u2019elles y ont adh\u00e9r\u00e9, les Premi\u00e8res Nations peuvent \u00e9laborer leurs propres lois sur l\u2019utilisation des terres et l\u2019environnement.<\/p>\n\n\n\n<h2 class=\"sl-insights-h2 wp-block-heading\">Des id\u00e9es locales pour prot\u00e9ger les environnements locaux<\/h2>\n\n\n\n<p>Environ 15 % de la main-d\u2019\u0153uvre de notre projet \u00e9tait issue des communaut\u00e9s de la Nation Anishinabek et poss\u00e9dait une expertise sur les terres locales et les esp\u00e8ces en p\u00e9ril. Notre r\u00f4le consistait \u00e0 obtenir les permis environnementaux et les approbations n\u00e9cessaires aupr\u00e8s d\u2019organismes tels qu\u2019Environnement Canada, le minist\u00e8re des Richesses naturelles et des For\u00eats et le commissaire \u00e0 l\u2019environnement.<\/p>\n\n\n\n<p>Nous avons \u00e9galement planifi\u00e9, coordonn\u00e9 et mis en \u0153uvre un syst\u00e8me de gestion environnemental (SGE) et effectu\u00e9 une surveillance environnementale de la construction pour aider \u00e0 r\u00e9duire les dommages caus\u00e9s aux esp\u00e8ces en p\u00e9ril. \u00c9clair\u00e9s par les donn\u00e9es du SGE, nous avons pu d\u00e9gager des tendances, planifier des actions correctives et pr\u00e9voir les difficult\u00e9s futures, ce qui a permis de r\u00e9duire les co\u00fbts et d\u2019acc\u00e9l\u00e9rer les efforts de mise en conformit\u00e9. Un calendrier de conformit\u00e9 automatis\u00e9 nous a \u00e9galement permis de limiter les interruptions.<\/p>\n\n\n\n<h2 class=\"sl-insights-h2 wp-block-heading\">Renforcer le dialogue pour des r\u00e9sultats durables<\/h2>\n\n\n\n<p>Un composant cl\u00e9 du projet est une ligne de transmission de 104 kilom\u00e8tres qui fournit de l\u2019\u00e9nergie au r\u00e9seau \u00e9lectrique de l\u2019Ontario \u00e0 Parry Sound. Celle-ci traverse des terres provinciales et des territoires traditionnels appartenant aux Premi\u00e8res Nations de Shawanaga, Magnetwawan et Henvey Inlet. Notre agente de liaison avec la communaut\u00e9 des Premi\u00e8res Nations a apport\u00e9 son soutien aux communaut\u00e9s et au personnel d\u2019AECOM, att\u00e9nuant ainsi les difficult\u00e9s d\u2019ordre culturel. \u00c0 la fin du projet, de nombreux employ\u00e9s Anishinabek et autochtones sont retourn\u00e9s aux \u00e9tudes ou sont pass\u00e9s \u00e0 des projets analogues.<\/p>\n\n\n\n    <div class=\"aecom-custom-block block-cta-button\" style=\"margin-top: 40px;\">\n        <a href=\"\/fr-ca\/sustainable-legacies-ca\/projects-insights\/\" class=\"aecom-default-cta aecom-global-cta-e-green-transparent aecom-global-cta-sml aecom-global-cta-bold aecom-global-cta aecom-global-cta-bold\"  >Voir nos autres projets et perspectives  <svg data-name=\"Layer 1\" xmlns=\"http:\/\/www.w3.org\/2000\/svg\" viewBox=\"0 0 31.4 29.8\"><g data-name=\"Group 31\"><g data-name=\"Group 30\"><g data-name=\"Group 29\"><path data-name=\"Path 49\" d=\"M31.4 14.1h-3.1a12.6 12.6 0 0 1-25.2 0H0a15.7 15.7 0 1 0 31.4 0m-15.7 7 7.4-7.4-2.2-2.2-3.6 3.6V0h-3.1v15l-3.6-3.6-2.2 2.2 7.4 7.4Z\" fill=\"currentColor\"\/><\/g><\/g><\/g><\/svg><\/a>\n    <\/div>\n<\/div>\n\n\n\n<div class=\"wp-block-column is-layout-flow wp-block-column-is-layout-flow\" style=\"flex-basis:33%\">\n<div style=\"height:2em\" aria-hidden=\"true\" class=\"wp-block-spacer\"><\/div>\n\n\n    <div class=\"aecom-custom-block single-promo-block\" style=\"background-color: #00353e;margin-top: 0px; margin-bottom: 40px;\">\n                    <div class=\"promo-bg\" style=\"background-image: url('https:\/\/aecom.com\/fr-ca\/wp-content\/uploads\/2024\/06\/indigenous_engagament_header_508d5ebdb6_3c221e5a5b-2.webp');opacity: 30%\"><\/div>\n                            <div class=\"promo-content\">\n                <h4>Nos services d&#8217;ESG<\/h4>\n                <h2>Consultation des Autochtones <\/h2>\n                <p>AECOM s\u2019engage \u00e0 soutenir les communaut\u00e9s autochtones \u00e0 travers son travail et son r\u00f4le en tant que chef de file mondial en mati\u00e8re d\u2019infrastructure. <\/p>\n                <div class=\"promo-link\">\n                    <a href=\"\/fr-ca\/sustainable-legacies-ca\/our-esg-services\/indigenous-engagement\/\"  class=\"aecom-global-cta aecom-global-cta-bold aecom-global-cta-sml aecom-global-cta-e-green-solid\">En savoir plus<\/a>\n                <\/div>\n            <\/div>\n            <\/div><\/div>\n<\/div>\n","protected":false},"excerpt":{"rendered":"<p>Un parc \u00e9olien de 300 m\u00e9gawatts respectueux de la nature et des communaut\u00e9s Le projet d\u2019\u00e9nergie \u00e9olienne de Henvey Inlet est un parc \u00e9olien de 87 turbines et une ligne de transmission dans le territoire du trait\u00e9 Robinson Huron (r\u00e9gion du lac Huron) au Canada, qui produira chaque ann\u00e9e de l\u2019\u00e9nergie propre pour 100 000&#8230;<\/p>\n","protected":false},"author":701,"featured_media":5729,"parent":5813,"menu_order":0,"comment_status":"closed","ping_status":"closed","template":"views\/page-careers-content.blade.php","meta":{"_acf_changed":false,"footnotes":""},"yst_prominent_words":[],"class_list":["post-5851","page","type-page","status-publish","has-post-thumbnail","hentry"],"acf":[],"_links":{"self":[{"href":"https:\/\/aecom.com\/fr-ca\/wp-json\/wp\/v2\/pages\/5851","targetHints":{"allow":["GET"]}}],"collection":[{"href":"https:\/\/aecom.com\/fr-ca\/wp-json\/wp\/v2\/pages"}],"about":[{"href":"https:\/\/aecom.com\/fr-ca\/wp-json\/wp\/v2\/types\/page"}],"author":[{"embeddable":true,"href":"https:\/\/aecom.com\/fr-ca\/wp-json\/wp\/v2\/users\/701"}],"replies":[{"embeddable":true,"href":"https:\/\/aecom.com\/fr-ca\/wp-json\/wp\/v2\/comments?post=5851"}],"version-history":[{"count":3,"href":"https:\/\/aecom.com\/fr-ca\/wp-json\/wp\/v2\/pages\/5851\/revisions"}],"predecessor-version":[{"id":5857,"href":"https:\/\/aecom.com\/fr-ca\/wp-json\/wp\/v2\/pages\/5851\/revisions\/5857"}],"up":[{"embeddable":true,"href":"https:\/\/aecom.com\/fr-ca\/wp-json\/wp\/v2\/pages\/5813"}],"wp:featuredmedia":[{"embeddable":true,"href":"https:\/\/aecom.com\/fr-ca\/wp-json\/wp\/v2\/media\/5729"}],"wp:attachment":[{"href":"https:\/\/aecom.com\/fr-ca\/wp-json\/wp\/v2\/media?parent=5851"}],"wp:term":[{"taxonomy":"yst_prominent_words","embeddable":true,"href":"https:\/\/aecom.com\/fr-ca\/wp-json\/wp\/v2\/yst_prominent_words?post=5851"}],"curies":[{"name":"wp","href":"https:\/\/api.w.org\/{rel}","templated":true}]}}