{"id":5868,"date":"2024-06-27T19:30:56","date_gmt":"2024-06-27T19:30:56","guid":{"rendered":"https:\/\/aecom.com\/fr-ca\/sustainable-legacies-ca\/projects-insights\/minimizing-waste-maximizing-value\/"},"modified":"2024-08-01T17:49:58","modified_gmt":"2024-08-01T17:49:58","slug":"minimizing-waste-maximizing-value","status":"publish","type":"page","link":"https:\/\/aecom.com\/fr-ca\/sustainable-legacies-ca\/projects-insights\/minimizing-waste-maximizing-value\/","title":{"rendered":"R\u00e9duction du gaspillage et optimisation de la valeur\u202f: les technologies de traitement de l\u2019eau valoris\u00e9es\u00a0"},"content":{"rendered":"\n    <div class=\"aecom-custom-block careers-header\" style=\"background-color: #00353e; margin-top: 0px; margin-bottom: 6em;\">\n    <div class=\"careers-header-content\">\n                    <div class=\"careers-header-bg\" style=\"background-image: url('https:\/\/aecom.com\/fr-ca\/wp-content\/uploads\/2024\/06\/Lorne_Park_MGF_1_332a6fa8ad.webp');opacity: 40%;\"><\/div>\n                    <div class=\"row no-gutters header-container\">\n                <div class=\"col careers-title\">\n                    <div class=\"header-title\">\n                        <p class=\"careers-sub-title\">Projet en vedette<\/p>\n                        <h1>R\u00e9duction du gaspillage et optimisation de la valeur\u202f: les technologies de traitement de l\u2019eau valoris\u00e9es <\/h1>\n                    <\/div>\n                                            <div class=\"header-content\">\n                            <p>Faire preuve d\u2019ing\u00e9niosit\u00e9 pour prolonger la vie des technologies de traitement de l\u2019eau et am\u00e9liorer par le fait m\u00eame la capacit\u00e9 de traitement par empreinte. <\/p>\n                        <\/div>\n                                        <div class=\"cta-container\">\n\n                        <!-- add condition here -->\n                        \n                        <!-- add condition here -->\n                        \n\n                    <\/div>\n                    \n                <\/div>\n            <\/div>\n        <\/div>\n    <\/div>\n\n\n<div class=\"wp-block-columns sl-insights-main is-layout-flex wp-container-core-columns-is-layout-9d6595d7 wp-block-columns-is-layout-flex\">\n<div class=\"wp-block-column is-layout-flow wp-block-column-is-layout-flow\" style=\"flex-basis:67%\">\n<p class=\"sl-insight-intro\">Depuis longtemps investie dans la durabilit\u00e9, la r\u00e9gion de Peel est au premier rang de l\u2019innovation en mati\u00e8re de pratiques de traitement de l\u2019eau. En 2016, en partenariat avec la r\u00e9gion et Veolia, AECOM a mis en place un processus de traitement de l\u2019eau novateur \u00e0 l\u2019usine de Lorne Park\u202f: la filtration membranaire par gravit\u00e9. <\/p>\n\n\n\n<p>Non seulement ce nouveau processus se sert de l\u2019empreinte actuelle pour augmenter la capacit\u00e9 de traitement, mais il promeut aussi la valorisation d\u2019anciens modules membranaires destin\u00e9s au rebut. Le traitement de l\u2019eau s\u2019en trouve ainsi plus durable et plus \u00e9coresponsable.<\/p>\n\n\n\n<p>Ce type de filtration simplifie radicalement le processus actuel de filtration membranaire sous pression ou immerg\u00e9e en utilisant les membranes doucement, \u00e0 faible d\u00e9bit. Malgr\u00e9 des co\u00fbts d\u2019immobilisation initiaux sup\u00e9rieurs en raison du nombre de membranes, ce processus devient durable \u00e0 long terme, car les membranes peuvent fonctionner par la gravit\u00e9. En cons\u00e9quence, les pompes \u00e0 vide \u00e9nergivores ne sont plus n\u00e9cessaires, la fr\u00e9quence du nettoyage chimique diminue vu les contraintes moindres exerc\u00e9es sur les membranes, ce qui diminue substantiellement le colmatage par m\u00e8tre carr\u00e9 et par le fait m\u00eame, les co\u00fbts op\u00e9rationnels connexes.<\/p>\n\n\n\n<p>Forte de la r\u00e9ussite de l\u2019essai \u00e0 grande \u00e9chelle effectu\u00e9 en 2017, la r\u00e9gion a termin\u00e9 en 2023 une installation permanente pouvant possiblement fournir jusqu\u2019\u00e0 20\u202f% d\u2019eau trait\u00e9e en plus par rapport aux filtres classiques. Non seulement le nouveau syst\u00e8me contribue \u00e0 r\u00e9duire les co\u00fbts d\u2019exploitation et d\u2019entretien, mais il met aussi en relief les possibilit\u00e9s environnementales des membranes r\u00e9utilis\u00e9es dans une solution durable. En donnant une nouvelle vie aux membranes usag\u00e9es, le projet montre un mod\u00e8le d\u2019\u00e9conomie circulaire en traitement de l\u2019eau faisant valoir la durabilit\u00e9 et l\u2019\u00e9conomie de ressources.<\/p>\n\n\n\n    <div class=\"aecom-custom-block block-cta-button\" style=\"margin-top: 40px;\">\n        <a href=\"\/fr-ca\/sustainable-legacies-ca\/projects-insights\/\" class=\"aecom-default-cta aecom-global-cta-e-green-transparent aecom-global-cta-sml aecom-global-cta-bold aecom-global-cta aecom-global-cta-bold\"  >Voir nos autres projets et perspectives   <svg data-name=\"Layer 1\" xmlns=\"http:\/\/www.w3.org\/2000\/svg\" viewBox=\"0 0 31.4 29.8\"><g data-name=\"Group 31\"><g data-name=\"Group 30\"><g data-name=\"Group 29\"><path data-name=\"Path 49\" d=\"M31.4 14.1h-3.1a12.6 12.6 0 0 1-25.2 0H0a15.7 15.7 0 1 0 31.4 0m-15.7 7 7.4-7.4-2.2-2.2-3.6 3.6V0h-3.1v15l-3.6-3.6-2.2 2.2 7.4 7.4Z\" fill=\"currentColor\"\/><\/g><\/g><\/g><\/svg><\/a>\n    <\/div>\n<\/div>\n\n\n\n<div class=\"wp-block-column is-layout-flow wp-block-column-is-layout-flow\" style=\"flex-basis:33%\">\n<div style=\"height:2em\" aria-hidden=\"true\" class=\"wp-block-spacer\"><\/div>\n\n\n    <div class=\"aecom-custom-block single-promo-block\" style=\"background-color: #00353e;margin-top: 0px; margin-bottom: 40px;\">\n                    <div class=\"promo-bg\" style=\"background-image: url('https:\/\/aecom.com\/fr-ca\/wp-content\/uploads\/2024\/06\/06_LaMaisonAgro-Horticole-1035x680-1.jpg');opacity: 30%\"><\/div>\n                            <div class=\"promo-content\">\n                <h4>Nos services d&#8217;ESG<\/h4>\n                <h2>Durabilit\u00e9 et \u00e9conomie circulaire<\/h2>\n                <p>Nous offrons les conseils et les solutions concr\u00e8tes qu\u2019il vous faut pour prot\u00e9ger et valoriser l\u2019environnement.<\/p>\n                <div class=\"promo-link\">\n                    <a href=\"\/fr-ca\/sustainable-legacies-ca\/our-esg-services\/sustainability-support\/\"  class=\"aecom-global-cta aecom-global-cta-bold aecom-global-cta-sml aecom-global-cta-e-green-solid\">En savoir plus<\/a>\n                <\/div>\n            <\/div>\n            <\/div><\/div>\n<\/div>\n","protected":false},"excerpt":{"rendered":"<p>Depuis longtemps investie dans la durabilit\u00e9, la r\u00e9gion de Peel est au premier rang de l\u2019innovation en mati\u00e8re de pratiques de traitement de l\u2019eau. En 2016, en partenariat avec la r\u00e9gion et Veolia, AECOM a mis en place un processus de traitement de l\u2019eau novateur \u00e0 l\u2019usine de Lorne Park\u202f: la filtration membranaire par gravit\u00e9&#8230;.<\/p>\n","protected":false},"author":701,"featured_media":5818,"parent":5813,"menu_order":0,"comment_status":"closed","ping_status":"closed","template":"views\/page-careers-content.blade.php","meta":{"_acf_changed":false,"footnotes":""},"yst_prominent_words":[],"class_list":["post-5868","page","type-page","status-publish","has-post-thumbnail","hentry"],"acf":[],"_links":{"self":[{"href":"https:\/\/aecom.com\/fr-ca\/wp-json\/wp\/v2\/pages\/5868","targetHints":{"allow":["GET"]}}],"collection":[{"href":"https:\/\/aecom.com\/fr-ca\/wp-json\/wp\/v2\/pages"}],"about":[{"href":"https:\/\/aecom.com\/fr-ca\/wp-json\/wp\/v2\/types\/page"}],"author":[{"embeddable":true,"href":"https:\/\/aecom.com\/fr-ca\/wp-json\/wp\/v2\/users\/701"}],"replies":[{"embeddable":true,"href":"https:\/\/aecom.com\/fr-ca\/wp-json\/wp\/v2\/comments?post=5868"}],"version-history":[{"count":2,"href":"https:\/\/aecom.com\/fr-ca\/wp-json\/wp\/v2\/pages\/5868\/revisions"}],"predecessor-version":[{"id":5872,"href":"https:\/\/aecom.com\/fr-ca\/wp-json\/wp\/v2\/pages\/5868\/revisions\/5872"}],"up":[{"embeddable":true,"href":"https:\/\/aecom.com\/fr-ca\/wp-json\/wp\/v2\/pages\/5813"}],"wp:featuredmedia":[{"embeddable":true,"href":"https:\/\/aecom.com\/fr-ca\/wp-json\/wp\/v2\/media\/5818"}],"wp:attachment":[{"href":"https:\/\/aecom.com\/fr-ca\/wp-json\/wp\/v2\/media?parent=5868"}],"wp:term":[{"taxonomy":"yst_prominent_words","embeddable":true,"href":"https:\/\/aecom.com\/fr-ca\/wp-json\/wp\/v2\/yst_prominent_words?post=5868"}],"curies":[{"name":"wp","href":"https:\/\/api.w.org\/{rel}","templated":true}]}}