{"id":5880,"date":"2024-07-02T17:51:30","date_gmt":"2024-07-02T17:51:30","guid":{"rendered":"https:\/\/aecom.com\/fr-ca\/sustainable-legacies-ca\/projects-insights\/faro-mine-remediation\/"},"modified":"2024-08-01T20:35:26","modified_gmt":"2024-08-01T20:35:26","slug":"faro-mine-remediation","status":"publish","type":"page","link":"https:\/\/aecom.com\/fr-ca\/sustainable-legacies-ca\/projects-insights\/faro-mine-remediation\/","title":{"rendered":"Assainissement de la mine Faro"},"content":{"rendered":"\n    <div class=\"aecom-custom-block careers-header\" style=\"background-color: #00353e; margin-top: 0px; margin-bottom: 4em;\">\n    <div class=\"careers-header-content\">\n                    <div class=\"careers-header-bg\" style=\"background-image: url('https:\/\/aecom.com\/fr-ca\/wp-content\/uploads\/2023\/12\/Faro-Pit-crop.jpg');opacity: 40%;\"><\/div>\n                    <div class=\"row no-gutters header-container\">\n                <div class=\"col careers-title\">\n                    <div class=\"header-title\">\n                        <p class=\"careers-sub-title\">Projet en vedette<\/p>\n                        <h1>Assainissement de la mine Faro<\/h1>\n                    <\/div>\n                                            <div class=\"header-content\">\n                            <p>Le site minier de 25\u202fkilom\u00e8tres carr\u00e9s, situ\u00e9 sur le territoire traditionnel des Premi\u00e8res Nations Kaska, dans le centre-sud du Yukon, est abandonn\u00e9 et en \u00e9tat d\u2019entretien et de maintenance depuis 1998. <\/p>\n                        <\/div>\n                                        <div class=\"cta-container\">\n\n                        <!-- add condition here -->\n                        \n                        <!-- add condition here -->\n                        \n\n                    <\/div>\n                    \n                <\/div>\n            <\/div>\n        <\/div>\n    <\/div>\n\n\n<div class=\"wp-block-columns sl-insights-main is-layout-flex wp-container-core-columns-is-layout-9d6595d7 wp-block-columns-is-layout-flex\">\n<div class=\"wp-block-column is-layout-flow wp-block-column-is-layout-flow\" style=\"flex-basis:67%\">\n<p class=\"sl-insight-intro\">Apr\u00e8s avoir \u00e9t\u00e9 la plus grande mine de plomb et de zinc \u00e0 ciel ouvert du monde, la mine Faro est aujourd\u2019hui le site de l\u2019un des projets d\u2019assainissement de mines abandonn\u00e9es les plus complexes du Canada. Le site minier de 25\u202fkilom\u00e8tres carr\u00e9s, situ\u00e9 sur le territoire traditionnel des Premi\u00e8res Nations Kaska, dans le centre-sud du Yukon, est abandonn\u00e9 et en \u00e9tat d\u2019entretien et de maintenance depuis 1998.<\/p>\n\n\n\n<p>Notre \u00e9quipe participe \u00e0 l\u2019assainissement du site depuis 2007. Initialement \u00e0 titre de sous-traitant, nous avons soutenu le processus r\u00e9glementaire au moyen d\u2019\u00e9valuations environnementales, de travaux d\u2019hydrog\u00e9ologie, de programmes aquatiques sur le terrain, d\u2019\u00e9tudes sur les poissons et leur habitat, de conseils strat\u00e9giques sur les p\u00eaches, de surveillance environnementale et d\u2019audits environnementaux. Nous avons \u00e9galement contribu\u00e9 \u00e0 att\u00e9nuer des dommages environnementaux imminents en participant au processus d\u2019obtention de permis pour des travaux urgents.<\/p>\n\n\n\n<p>Notre \u00e9quipe socio\u00e9conomique a compil\u00e9 les renseignements recueillis lors des pr\u00e9c\u00e9dentes consultations et dress\u00e9 un plan de gestion et de suivi socio\u00e9conomique afin d\u2019orienter la mise en place de mesures d\u2019att\u00e9nuation. Ce plan vise \u00e0 maximiser les avantages pour les habitants de la r\u00e9gion tout en faisant progresser la conception du projet.<\/p>\n\n\n\n<p>En 2022, Services publics et Approvisionnement Canada a fait appel \u00e0 nous, au nom de Relations Couronne-Autochtones et Affaires du Nord Canada, pour diriger l\u2019\u00e9quipe charg\u00e9e de concevoir le plan d\u2019assainissement et les services de soutien en assurance qualit\u00e9. Notre mandat comprend notamment le suivi des demandes de renseignements, la r\u00e9ponse \u00e0 ces demandes, la conception d\u00e9taill\u00e9e et l\u2019appel d\u2019offres pour les travaux d\u2019assainissement.<\/p>\n\n\n\n<p>Avec nos partenaires, nous fournissons des services d\u2019ing\u00e9nierie dans le cadre d\u2019une m\u00e9thode d\u2019assainissement globale bas\u00e9e sur la stabilisation, qui comprend la mise hors service, le retrait de l\u2019infrastructure de la mine et la gestion des eaux contamin\u00e9es et trait\u00e9es.<\/p>\n\n\n\n<p>Les principaux objectifs du projet consistent \u00e0 prot\u00e9ger la sant\u00e9 et la s\u00e9curit\u00e9 des personnes; \u00e0 prot\u00e9ger l\u2019environnement, y compris les terres, l\u2019air, l\u2019eau, la vie marine et la faune; \u00e0 maximiser les avantages socio\u00e9conomiques pour la r\u00e9gion et le Yukon; \u00e0 g\u00e9rer les risques \u00e0 long terme du site d\u2019une mani\u00e8re \u00e9conomique; et \u00e0 remettre le site minier dans un \u00e9tat d\u2019utilisation acceptable qui refl\u00e8te l\u2019utilisation des terres avant la mine, dans la mesure du possible. Ce travail est r\u00e9alis\u00e9 avec le soutien du Conseil des D\u00e9n\u00e9s de Ross River, gr\u00e2ce auquel nous pouvons continuer \u00e0 offrir des possibilit\u00e9s et des initiatives autochtones \u00e0 la collectivit\u00e9.<\/p>\n\n\n\n<h2 class=\"sl-insights-h2 wp-block-heading\">Prix et reconnaissance<\/h2>\n\n\n\n<div class=\"aecom-custom-block block-facts\"\n    style=\"margin-top: 0px; margin-bottom: 40px\">\n\n        <ul class=\"list-style-check\">\n                    <li>\n                                    Consulting Engineers of Alberta Showcase Awards, prix du m\u00e9rite, environnement, 2020                            <\/li>\n            <\/ul>\n<\/div>\n\n\n    <div class=\"aecom-custom-block block-cta-button\" style=\"margin-top: 40px;\">\n        <a href=\"\/fr-ca\/sustainable-legacies-ca\/projects-insights\/\" class=\"aecom-default-cta aecom-global-cta-e-green-transparent aecom-global-cta-sml aecom-global-cta-bold aecom-global-cta aecom-global-cta-bold\"  >Voir nos autres projets et perspectives   <svg data-name=\"Layer 1\" xmlns=\"http:\/\/www.w3.org\/2000\/svg\" viewBox=\"0 0 31.4 29.8\"><g data-name=\"Group 31\"><g data-name=\"Group 30\"><g data-name=\"Group 29\"><path data-name=\"Path 49\" d=\"M31.4 14.1h-3.1a12.6 12.6 0 0 1-25.2 0H0a15.7 15.7 0 1 0 31.4 0m-15.7 7 7.4-7.4-2.2-2.2-3.6 3.6V0h-3.1v15l-3.6-3.6-2.2 2.2 7.4 7.4Z\" fill=\"currentColor\"\/><\/g><\/g><\/g><\/svg><\/a>\n    <\/div>\n<\/div>\n\n\n\n<div class=\"wp-block-column is-layout-flow wp-block-column-is-layout-flow\" style=\"flex-basis:33%\">\n<div style=\"height:2em\" aria-hidden=\"true\" class=\"wp-block-spacer\"><\/div>\n\n\n    <div class=\"aecom-custom-block single-promo-block\" style=\"background-color: #00353e;margin-top: 0px; margin-bottom: 40px;\">\n                    <div class=\"promo-bg\" style=\"background-image: url('https:\/\/aecom.com\/fr-ca\/wp-content\/uploads\/2024\/06\/indigenous_engagament_header_508d5ebdb6_3c221e5a5b-2.webp');opacity: 30%\"><\/div>\n                            <div class=\"promo-content\">\n                <h4>Nos services d&#8217;ESG<\/h4>\n                <h2>Consultation des Autochtones<\/h2>\n                <p>AECOM s\u2019engage \u00e0 soutenir les communaut\u00e9s autochtones \u00e0 travers son travail et son r\u00f4le en tant que chef de file mondial en mati\u00e8re d\u2019infrastructure.<\/p>\n                <div class=\"promo-link\">\n                    <a href=\"\/fr-ca\/sustainable-legacies-ca\/our-esg-services\/indigenous-engagement\/\"  class=\"aecom-global-cta aecom-global-cta-bold aecom-global-cta-sml aecom-global-cta-e-green-solid\">En savoir plus<\/a>\n                <\/div>\n            <\/div>\n            <\/div><\/div>\n<\/div>\n","protected":false},"excerpt":{"rendered":"<p>Apr\u00e8s avoir \u00e9t\u00e9 la plus grande mine de plomb et de zinc \u00e0 ciel ouvert du monde, la mine Faro est aujourd\u2019hui le site de l\u2019un des projets d\u2019assainissement de mines abandonn\u00e9es les plus complexes du Canada. Le site minier de 25\u202fkilom\u00e8tres carr\u00e9s, situ\u00e9 sur le territoire traditionnel des Premi\u00e8res Nations Kaska, dans le centre-sud&#8230;<\/p>\n","protected":false},"author":701,"featured_media":3448,"parent":5813,"menu_order":0,"comment_status":"closed","ping_status":"closed","template":"views\/page-careers-content.blade.php","meta":{"_acf_changed":false,"footnotes":""},"yst_prominent_words":[],"class_list":["post-5880","page","type-page","status-publish","has-post-thumbnail","hentry"],"acf":[],"_links":{"self":[{"href":"https:\/\/aecom.com\/fr-ca\/wp-json\/wp\/v2\/pages\/5880","targetHints":{"allow":["GET"]}}],"collection":[{"href":"https:\/\/aecom.com\/fr-ca\/wp-json\/wp\/v2\/pages"}],"about":[{"href":"https:\/\/aecom.com\/fr-ca\/wp-json\/wp\/v2\/types\/page"}],"author":[{"embeddable":true,"href":"https:\/\/aecom.com\/fr-ca\/wp-json\/wp\/v2\/users\/701"}],"replies":[{"embeddable":true,"href":"https:\/\/aecom.com\/fr-ca\/wp-json\/wp\/v2\/comments?post=5880"}],"version-history":[{"count":2,"href":"https:\/\/aecom.com\/fr-ca\/wp-json\/wp\/v2\/pages\/5880\/revisions"}],"predecessor-version":[{"id":5887,"href":"https:\/\/aecom.com\/fr-ca\/wp-json\/wp\/v2\/pages\/5880\/revisions\/5887"}],"up":[{"embeddable":true,"href":"https:\/\/aecom.com\/fr-ca\/wp-json\/wp\/v2\/pages\/5813"}],"wp:featuredmedia":[{"embeddable":true,"href":"https:\/\/aecom.com\/fr-ca\/wp-json\/wp\/v2\/media\/3448"}],"wp:attachment":[{"href":"https:\/\/aecom.com\/fr-ca\/wp-json\/wp\/v2\/media?parent=5880"}],"wp:term":[{"taxonomy":"yst_prominent_words","embeddable":true,"href":"https:\/\/aecom.com\/fr-ca\/wp-json\/wp\/v2\/yst_prominent_words?post=5880"}],"curies":[{"name":"wp","href":"https:\/\/api.w.org\/{rel}","templated":true}]}}