{"id":5890,"date":"2024-06-27T15:49:08","date_gmt":"2024-06-27T15:49:08","guid":{"rendered":"https:\/\/aecom.com\/fr-ca\/sustainable-legacies-ca\/projects-insights\/esg-advisory-in-a-nutshell-climate-change-reporting-requirements\/"},"modified":"2024-11-20T22:02:30","modified_gmt":"2024-11-20T22:02:30","slug":"esg-advisory-in-a-nutshell-climate-change-reporting-requirements","status":"publish","type":"page","link":"https:\/\/aecom.com\/fr-ca\/sustainable-legacies-ca\/projects-insights\/esg-advisory-in-a-nutshell-climate-change-reporting-requirements\/","title":{"rendered":"Les services-conseils en ESG en bref\u202f: exigences li\u00e9es \u00e0 la reddition de comptes relative aux changements climatiques\u00a0"},"content":{"rendered":"\n    <div class=\"aecom-custom-block careers-header\" style=\"background-color: #00353e; margin-top: 0px; margin-bottom: 6em;\">\n    <div class=\"careers-header-content\">\n                    <div class=\"careers-header-bg\" style=\"background-image: url('https:\/\/aecom.com\/fr-ca\/wp-content\/uploads\/2024\/06\/Adobe_Stock_83822971_LR_c8376eb22d_9c29127b96.webp');opacity: 40%;\"><\/div>\n                    <div class=\"row no-gutters header-container\">\n                <div class=\"col careers-title\">\n                    <div class=\"header-title\">\n                        <p class=\"careers-sub-title\">R\u00e9flexion en vedette<\/p>\n                        <h1>Les services-conseils en ESG en bref\u202f: exigences li\u00e9es \u00e0 la reddition de comptes relative aux changements climatiques <\/h1>\n                    <\/div>\n                                            <div class=\"header-content\">\n                            <p>Nous avons demand\u00e9 \u00e0 nos conseillers en ESG \u00e0 l\u2019\u00e9chelle mondiale de nous faire part de leurs r\u00e9flexions sur une question qui leur est souvent pos\u00e9e. <\/p>\n                        <\/div>\n                                        <div class=\"cta-container\">\n\n                        <!-- add condition here -->\n                        \n                        <!-- add condition here -->\n                        \n\n                    <\/div>\n                    \n                <\/div>\n            <\/div>\n        <\/div>\n    <\/div>\n\n\n<div class=\"wp-block-columns sl-insights-main is-layout-flex wp-container-core-columns-is-layout-9d6595d7 wp-block-columns-is-layout-flex\">\n<div class=\"wp-block-column is-layout-flow wp-block-column-is-layout-flow\" style=\"flex-basis:67%\">\n<div class=\"wp-block-columns is-layout-flex wp-container-core-columns-is-layout-9d6595d7 wp-block-columns-is-layout-flex\">\n<div class=\"wp-block-column esg-column-block-small is-layout-flow wp-block-column-is-layout-flow\">\n<div class=\"aecom-quote-mark-top_large mx-auto text-AECOM_LimeGreen\" aria-hidden=\"true\" style=\"translate: none; rotate: none; scale: none; transform: translate(0px, 0px); opacity: 1;\"><svg class=\"fill-current\" xmlns=\"http:\/\/www.w3.org\/2000\/svg\" viewBox=\"0 0 205 175\" width=\"7.5%\"><path d=\"M116.7 171.2H202V92.5h-47c-.7-8.6 1-17.1 4.8-24.8 7-16.2 20.6-27.3 40.7-33.5V3.1a106 106 0 00-61.8 33.8c-14.7 17.2-22 40.9-22 71.2v63.1zM2 171.2h85.3V92.5h-47c-.6-8.7.9-17.4 4.5-25.4 7-15.6 20.6-26.5 41-32.9V3C58.5 8.4 37.7 19.8 23.4 37.2S2 78.2 2 108.1v63.1z\"><\/path><\/svg><\/div>\n\n\n\n<div style=\"height:1em\" aria-hidden=\"true\" class=\"wp-block-spacer\"><\/div>\n\n\n\n<p class=\"has-text-align-center has-text-color\" style=\"color:#00353e;font-size:2em;font-style:normal;font-weight:600\">Quand il est question d\u2019un portefeuille touchant \u00e0 plusieurs pays, qu\u2019est-ce qui est essentiel \u00e0 la gestion des exigences li\u00e9es \u00e0 la reddition de comptes relative aux changements climatiques?<\/p>\n\n\n\n<div style=\"height:4em\" aria-hidden=\"true\" class=\"wp-block-spacer\"><\/div>\n<\/div>\n<\/div>\n\n\n\n<p>\u00ab\u202fEn ce qui a trait \u00e0 cette reddition de comptes, pour une strat\u00e9gie solide en ESG, il faut \u00e9valuer vos donn\u00e9es en toute honn\u00eatet\u00e9. D\u2019autre part, il faut \u00eatre ouvert au soutien des sp\u00e9cialistes durant l\u2019\u00e9valuation de l\u2019importance en lien avec les aspects ESG. De cette fa\u00e7on, on tient compte des principaux moteurs de votre entreprise.<\/p>\n\n\n\n<p>Il faut assigner un d\u00e9fenseur qui dirigera et qui coordonnera les d\u00e9marches de l\u2019entreprise dans l\u2019ensemble des pays. C\u2019est essentiel afin de gagner l\u2019appui et de garder le cap. Pour bien g\u00e9rer la reddition de comptes en mati\u00e8re de changements climatiques dans plusieurs pays, il faut un groupe de travail \u00e0 la direction solide et les ressources appropri\u00e9es. Le groupe doit bien repr\u00e9senter tous les pays.<\/p>\n\n\n\n<p>De plus, il est crucial que le chef et les membres du groupe aient un mandat, des r\u00f4les et responsabilit\u00e9s clairs afin d\u2019y arriver, sans quoi leur travail ne servira \u00e0 rien. Le groupe devrait relever directement du chef de la direction pour garantir la responsabilisation \u00e0 l\u2019\u00e9chelon sup\u00e9rieur. Par ailleurs, il devrait avoir des occasions fr\u00e9quentes de faire des pr\u00e9sentations et de tenir des discussions avec les membres du conseil, car ces communications sont essentielles \u00e0 l\u2019\u00e9laboration, la mise en \u0153uvre et la surveillance des strat\u00e9gies en lien avec le climat.\u202f\u00bb<\/p>\n\n\n\n<div class=\"wp-block-columns is-layout-flex wp-container-core-columns-is-layout-9d6595d7 wp-block-columns-is-layout-flex\">\n<div class=\"wp-block-column esg-column-block-small is-layout-flow wp-block-column-is-layout-flow\">\n<div style=\"height:5em\" aria-hidden=\"true\" class=\"wp-block-spacer\"><\/div>\n\n\n\n<div class=\"aecom-quote-mark-top_large mx-auto text-AECOM_LimeGreen\" aria-hidden=\"true\" style=\"translate: none; rotate: none; scale: none; transform: translate(0px, 0px); opacity: 1;\"><svg class=\"fill-current\" xmlns=\"http:\/\/www.w3.org\/2000\/svg\" viewBox=\"0 0 205 175\" width=\"7.5%\"><path d=\"M116.7 171.2H202V92.5h-47c-.7-8.6 1-17.1 4.8-24.8 7-16.2 20.6-27.3 40.7-33.5V3.1a106 106 0 00-61.8 33.8c-14.7 17.2-22 40.9-22 71.2v63.1zM2 171.2h85.3V92.5h-47c-.6-8.7.9-17.4 4.5-25.4 7-15.6 20.6-26.5 41-32.9V3C58.5 8.4 37.7 19.8 23.4 37.2S2 78.2 2 108.1v63.1z\"><\/path><\/svg><\/div>\n\n\n\n<div style=\"height:1em\" aria-hidden=\"true\" class=\"wp-block-spacer\"><\/div>\n\n\n\n<p class=\"has-text-align-center has-text-color\" style=\"color:#00353e;font-size:2em;font-style:normal;font-weight:600\">\u00c9tant donn\u00e9 toutes les nouvelles r\u00e8gles \u00e0 l\u2019horizon, quelles informations a-t-on besoin de divulguer dans les divers rapports?<\/p>\n\n\n\n<div style=\"height:4em\" aria-hidden=\"true\" class=\"wp-block-spacer\"><\/div>\n<\/div>\n<\/div>\n\n\n\n<p>\u00ab\u202fLes entreprises devraient revoir les 11\u202frecommandations du TCFD en d\u00e9tail afin de se familiariser avec les donn\u00e9es \u00e0 fournir. Les donn\u00e9es et informations exig\u00e9es par le TCFD se divisent en quatre\u202fgroupes\u202f: gouvernance, strat\u00e9gie, gestion des risques, et mesures et cibles. Lisez la liste des publications du TCFD. On y trouve d\u2019excellentes ressources pour comprendre le type de donn\u00e9es \u00e0 recueillir, \u00e0 analyser et \u00e0 divulguer.\u202f\u00bb<\/p>\n\n\n\n<div style=\"height:4em\" aria-hidden=\"true\" class=\"wp-block-spacer\"><\/div>\n<\/div>\n\n\n\n<div class=\"wp-block-column is-layout-flow wp-block-column-is-layout-flow\" style=\"flex-basis:33%\">\n<div style=\"height:4em\" aria-hidden=\"true\" class=\"wp-block-spacer\"><\/div>\n\n\n\n<div class=\"aecom-custom-block people-block people-block-vertical\" style=\"margin-top: 0px; margin-bottom: 40px\">\n    <div class=\"profil-image-wrapper\">\n        <div class=\"people-image\" style=\"background-image: url(https:\/\/aecom.com\/fr-ca\/wp-content\/uploads\/2024\/06\/Will_Kruger_559c6593ab_f53a1d6e2b.webp);\"><\/div>\n    <\/div>\n    <div class=\"people-info\">\n        <h3 class=\"people-name\">Will Kr\u00fcger<\/h3>\n        <p class=\"people-job-title\">Conseiller cadre en ESG au Canada <\/p>\n                        <div class=\"people-socials\">\n                                        <a href=\"https:\/\/www.linkedin.com\/in\/willem-kr%C3%BCger-calgary\/\" target=\"_blank\" class=\"social social-linkedin\"><i class=\"fab fa-linkedin-in\"><\/i><\/a>\n                                                                    <\/div>\n    <\/div>\n<\/div>\n\n\n<div style=\"height:4em\" aria-hidden=\"true\" class=\"wp-block-spacer\"><\/div>\n\n\n\n<div class=\"aecom-custom-block people-block people-block-vertical\" style=\"margin-top: 0px; margin-bottom: 40px\">\n    <div class=\"profil-image-wrapper\">\n        <div class=\"people-image\" style=\"background-image: url(https:\/\/aecom.com\/fr-ca\/wp-content\/uploads\/2024\/06\/Radha_Patel_030a50fe5c_a80cb01b58.webp);\"><\/div>\n    <\/div>\n    <div class=\"people-info\">\n        <h3 class=\"people-name\">Radha Patel<\/h3>\n        <p class=\"people-job-title\">Analyste, strat\u00e9gie d\u2019ESG et climatique au Canada <\/p>\n                        <div class=\"people-socials\">\n                                        <a href=\"https:\/\/www.linkedin.com\/in\/patelradha\/\" target=\"_blank\" class=\"social social-linkedin\"><i class=\"fab fa-linkedin-in\"><\/i><\/a>\n                                                                    <\/div>\n    <\/div>\n<\/div>\n\n\n<div style=\"height:4em\" aria-hidden=\"true\" class=\"wp-block-spacer\"><\/div>\n\n\n\n<div class=\"aecom-custom-block people-block people-block-vertical\" style=\"margin-top: 0px; margin-bottom: 40px\">\n    <div class=\"profil-image-wrapper\">\n        <div class=\"people-image\" style=\"background-image: url(https:\/\/aecom.com\/fr-ca\/wp-content\/uploads\/2024\/06\/Ana_O_297ceca387_67ed32278e.webp);\"><\/div>\n    <\/div>\n    <div class=\"people-info\">\n        <h3 class=\"people-name\">Ana Gabriela Ossers<\/h3>\n        <p class=\"people-job-title\">Conseill\u00e8re d\u2019entreprise en ESG dans les Am\u00e9riques <\/p>\n                        <div class=\"people-socials\">\n                                        <a href=\"https:\/\/www.linkedin.com\/in\/anagabrielaossers\/\" target=\"_blank\" class=\"social social-linkedin\"><i class=\"fab fa-linkedin-in\"><\/i><\/a>\n                                                                    <\/div>\n    <\/div>\n<\/div><\/div>\n<\/div>\n\n\n\n<div class=\"aecom-custom-block block-intro-text lit-center\" style=\"margin-top: 0px; margin-bottom: 0\">\n    <p class=\"editor-emphasized\">\n        Pour plus de r\u00e9flexions \u00e0 jour sur les aspects ESG de la part de Robert\u202f Spencer et de nos conseillers en ESG du monde entier, inscrivez-vous \u00e0 The ESG Advisor. Ainsi, vous les recevrez dans vos courriels chaque mois.     <\/p>\n<\/div>\n\n\n<div style=\"height:1em\" aria-hidden=\"true\" class=\"wp-block-spacer\"><\/div>\n\n\n\n    <div class=\"aecom-custom-block block-cta-button lit-center\" >\n        <a href=\"https:\/\/cloud.comms.aecom.com\/esg-advisor?utm_source=sustainablelegacies&#038;utm_medium=website_&#038;utm_campaign=esg_advisory_campaign&#038;utm_content=button_climate_reporting&#038;utm_term=esg_advisory_in_a_nutshell_climate_change_reporting_requirements\" class=\"aecom-default-cta aecom-global-cta-l-green-solid aecom-global-cta-sml aecom-global-cta-bold aecom-global-cta aecom-global-cta-bold\" target=\"_blank\" >Inscrivez-vous <svg data-name=\"Layer 1\" xmlns=\"http:\/\/www.w3.org\/2000\/svg\" viewBox=\"0 0 31.4 29.8\"><g data-name=\"Group 31\"><g data-name=\"Group 30\"><g data-name=\"Group 29\"><path data-name=\"Path 49\" d=\"M31.4 14.1h-3.1a12.6 12.6 0 0 1-25.2 0H0a15.7 15.7 0 1 0 31.4 0m-15.7 7 7.4-7.4-2.2-2.2-3.6 3.6V0h-3.1v15l-3.6-3.6-2.2 2.2 7.4 7.4Z\" fill=\"currentColor\"\/><\/g><\/g><\/g><\/svg><\/a>\n    <\/div>\n\n\n\n<div style=\"height:4em\" aria-hidden=\"true\" class=\"wp-block-spacer\"><\/div>\n\n\n\n<div class=\"wp-block-columns sl-insights-contact sl-flex-centered has-background is-layout-flex wp-container-core-columns-is-layout-9d6595d7 wp-block-columns-is-layout-flex\" style=\"background-color:#044955\">\n<div class=\"wp-block-column insights-contact-block is-layout-flow wp-block-column-is-layout-flow\" id=\"contact\">\n<div style=\"height:24px\" aria-hidden=\"true\" class=\"wp-block-spacer\"><\/div>\n\n\n\n<h1 class=\"wp-block-heading has-text-color\" style=\"color:#aecc53;font-size:2.5em;font-style:normal;font-weight:800\"><strong><strong><strong><strong>Parlez-en \u00e0 notre \u00e9quipe de valeur sociale, \u00e9quit\u00e9 et justice environnementale<\/strong><\/strong><\/strong><\/strong><\/h1>\n\n\n\n<p class=\"has-white-color has-text-color\" style=\"font-size:1.25em;font-style:normal;font-weight:400\">Obtenez l\u2019exp\u00e9rience pratique vitale \u00e0 votre transformation.<\/p>\n\n\n\n<p class=\"has-text-color\" style=\"color:#aecc53;font-size:1.175em;font-style:normal;font-weight:700\">Renseignez-vous d\u00e8s aujourd\u2019hui pour savoir comment nous pouvons vous aider.<\/p>\n\n\n\n    <div class=\"aecom-custom-block block-cta-button\" style=\"margin-top: 40px;\">\n        <a href=\"\/fr-ca\/sustainable-legacies-ca\/our-people\/\" class=\"aecom-default-cta aecom-global-cta-l-green-solid aecom-global-cta-sml aecom-global-cta-bold aecom-global-cta aecom-global-cta-bold\"  >Faire une demande <svg data-name=\"Layer 1\" xmlns=\"http:\/\/www.w3.org\/2000\/svg\" viewBox=\"0 0 31.4 29.8\"><g data-name=\"Group 31\"><g data-name=\"Group 30\"><g data-name=\"Group 29\"><path data-name=\"Path 49\" d=\"M31.4 14.1h-3.1a12.6 12.6 0 0 1-25.2 0H0a15.7 15.7 0 1 0 31.4 0m-15.7 7 7.4-7.4-2.2-2.2-3.6 3.6V0h-3.1v15l-3.6-3.6-2.2 2.2 7.4 7.4Z\" fill=\"currentColor\"\/><\/g><\/g><\/g><\/svg><\/a>\n    <\/div>\n\n\n\n<div style=\"height:24px\" aria-hidden=\"true\" class=\"wp-block-spacer\"><\/div>\n<\/div>\n<\/div>\n","protected":false},"excerpt":{"rendered":"<p>Quand il est question d\u2019un portefeuille touchant \u00e0 plusieurs pays, qu\u2019est-ce qui est essentiel \u00e0 la gestion des exigences li\u00e9es \u00e0 la reddition de comptes relative aux changements climatiques? \u00ab\u202fEn ce qui a trait \u00e0 cette reddition de comptes, pour une strat\u00e9gie solide en ESG, il faut \u00e9valuer vos donn\u00e9es en toute honn\u00eatet\u00e9. D\u2019autre part,&#8230;<\/p>\n","protected":false},"author":701,"featured_media":5655,"parent":5813,"menu_order":0,"comment_status":"closed","ping_status":"closed","template":"views\/page-careers-content.blade.php","meta":{"_acf_changed":false,"footnotes":""},"yst_prominent_words":[],"class_list":["post-5890","page","type-page","status-publish","has-post-thumbnail","hentry"],"acf":[],"_links":{"self":[{"href":"https:\/\/aecom.com\/fr-ca\/wp-json\/wp\/v2\/pages\/5890","targetHints":{"allow":["GET"]}}],"collection":[{"href":"https:\/\/aecom.com\/fr-ca\/wp-json\/wp\/v2\/pages"}],"about":[{"href":"https:\/\/aecom.com\/fr-ca\/wp-json\/wp\/v2\/types\/page"}],"author":[{"embeddable":true,"href":"https:\/\/aecom.com\/fr-ca\/wp-json\/wp\/v2\/users\/701"}],"replies":[{"embeddable":true,"href":"https:\/\/aecom.com\/fr-ca\/wp-json\/wp\/v2\/comments?post=5890"}],"version-history":[{"count":3,"href":"https:\/\/aecom.com\/fr-ca\/wp-json\/wp\/v2\/pages\/5890\/revisions"}],"predecessor-version":[{"id":6575,"href":"https:\/\/aecom.com\/fr-ca\/wp-json\/wp\/v2\/pages\/5890\/revisions\/6575"}],"up":[{"embeddable":true,"href":"https:\/\/aecom.com\/fr-ca\/wp-json\/wp\/v2\/pages\/5813"}],"wp:featuredmedia":[{"embeddable":true,"href":"https:\/\/aecom.com\/fr-ca\/wp-json\/wp\/v2\/media\/5655"}],"wp:attachment":[{"href":"https:\/\/aecom.com\/fr-ca\/wp-json\/wp\/v2\/media?parent=5890"}],"wp:term":[{"taxonomy":"yst_prominent_words","embeddable":true,"href":"https:\/\/aecom.com\/fr-ca\/wp-json\/wp\/v2\/yst_prominent_words?post=5890"}],"curies":[{"name":"wp","href":"https:\/\/api.w.org\/{rel}","templated":true}]}}