{"id":5934,"date":"2024-06-18T14:50:00","date_gmt":"2024-06-18T14:50:00","guid":{"rendered":"https:\/\/aecom.com\/fr-ca\/sustainable-legacies-ca\/our-people\/"},"modified":"2025-06-26T18:26:24","modified_gmt":"2025-06-26T18:26:24","slug":"our-people","status":"publish","type":"page","link":"https:\/\/aecom.com\/fr-ca\/sustainable-legacies-ca\/our-people\/","title":{"rendered":"Notre \u00e9quipe"},"content":{"rendered":"\n    <div class=\"aecom-custom-block careers-header\" style=\"background-color: #00353e; margin-top: 0px; margin-bottom: 6em;\">\n    <div class=\"careers-header-content\">\n                    <div class=\"careers-header-bg\" style=\"background-image: url('https:\/\/aecom.com\/fr-ca\/wp-content\/uploads\/2024\/06\/AdobeStock_496467627-scaled-e1718722253344.jpg');opacity: 20%;\"><\/div>\n                    <div class=\"row no-gutters header-container\">\n                <div class=\"col careers-title\">\n                    <div class=\"header-title\">\n                        <p class=\"careers-sub-title\"><\/p>\n                        <h1>Communiquez avec nous <\/h1>\n                    <\/div>\n                                            <div class=\"header-content\">\n                            <p>Si vous ne savez pas par o\u00f9 commencer, notre \u00e9quipe de services-conseils en ESG peut vous aider \u00e0 cr\u00e9er une strat\u00e9gie ESG solide, praticable et align\u00e9e sur vos objectifs. Nous vous aiderons \u00e0 faire le premier pas et vous accompagnerons \u00e0 chaque \u00e9tape.<\/p>\n                        <\/div>\n                                        <div class=\"cta-container\">\n\n                        <!-- add condition here -->\n                        \n                        <!-- add condition here -->\n                        \n\n                    <\/div>\n                    \n                <\/div>\n            <\/div>\n        <\/div>\n    <\/div>\n\n\n<div class=\"wp-block-columns aecom-centered-column is-layout-flex wp-container-core-columns-is-layout-9d6595d7 wp-block-columns-is-layout-flex\">\n<div class=\"wp-block-column is-layout-flow wp-block-column-is-layout-flow\" style=\"flex-basis:33.33%\"><\/div>\n\n\n\n<div class=\"wp-block-column is-layout-flow wp-block-column-is-layout-flow\" style=\"flex-basis:33.34%\">\n<figure class=\"wp-block-image aligncenter size-full is-style-rounded\"><img decoding=\"async\" src=\"https:\/\/aecom.com\/content\/wp-content\/uploads\/2024\/06\/elizabeth-logan-bw.png\" alt=\"\" class=\"wp-image-125774\"\/><\/figure>\n\n\n\n<h2 class=\"wp-block-heading has-text-align-center has-text-color\" style=\"color:#00353e\">Elizabeth Logan<\/h2>\n\n\n\n<p class=\"has-text-align-center\"><strong>Chef de la pratique ESG &#8211; R\u00e9gion du Canada<\/strong><\/p>\n\n\n\n<ul class=\"wp-block-social-links aligncenter is-style-default is-layout-flex wp-block-social-links-is-layout-flex\"><li class=\"wp-social-link wp-social-link-linkedin  wp-block-social-link\"><a rel=\"noopener nofollow\" target=\"_blank\" href=\"https:\/\/www.linkedin.com\/in\/elizabethlogan\/\" class=\"wp-block-social-link-anchor\"><svg width=\"24\" height=\"24\" viewBox=\"0 0 24 24\" version=\"1.1\" xmlns=\"http:\/\/www.w3.org\/2000\/svg\" aria-hidden=\"true\" focusable=\"false\"><path d=\"M19.7,3H4.3C3.582,3,3,3.582,3,4.3v15.4C3,20.418,3.582,21,4.3,21h15.4c0.718,0,1.3-0.582,1.3-1.3V4.3 C21,3.582,20.418,3,19.7,3z M8.339,18.338H5.667v-8.59h2.672V18.338z M7.004,8.574c-0.857,0-1.549-0.694-1.549-1.548 c0-0.855,0.691-1.548,1.549-1.548c0.854,0,1.547,0.694,1.547,1.548C8.551,7.881,7.858,8.574,7.004,8.574z M18.339,18.338h-2.669 v-4.177c0-0.996-0.017-2.278-1.387-2.278c-1.389,0-1.601,1.086-1.601,2.206v4.249h-2.667v-8.59h2.559v1.174h0.037 c0.356-0.675,1.227-1.387,2.526-1.387c2.703,0,3.203,1.779,3.203,4.092V18.338z\"><\/path><\/svg><span class=\"wp-block-social-link-label screen-reader-text\">LinkedIn<\/span><\/a><\/li>\n\n<li class=\"wp-social-link wp-social-link-mail  wp-block-social-link\"><a rel=\"noopener nofollow\" target=\"_blank\" href=\"mailto:elizabeth.logan@aecom.com\" class=\"wp-block-social-link-anchor\"><svg width=\"24\" height=\"24\" viewBox=\"0 0 24 24\" version=\"1.1\" xmlns=\"http:\/\/www.w3.org\/2000\/svg\" aria-hidden=\"true\" focusable=\"false\"><path d=\"M19,5H5c-1.1,0-2,.9-2,2v10c0,1.1.9,2,2,2h14c1.1,0,2-.9,2-2V7c0-1.1-.9-2-2-2zm.5,12c0,.3-.2.5-.5.5H5c-.3,0-.5-.2-.5-.5V9.8l7.5,5.6,7.5-5.6V17zm0-9.1L12,13.6,4.5,7.9V7c0-.3.2-.5.5-.5h14c.3,0,.5.2.5.5v.9z\"><\/path><\/svg><span class=\"wp-block-social-link-label screen-reader-text\">Mail<\/span><\/a><\/li><\/ul>\n\n\n\n<div id=\"bio-elizabeth\" class=\"aecom-custom-block block-accordion accordion aecom-accordion\" style=\"margin-top: 10px; margin-bottom: 40px\">\n        \n            <div class=\"card\">\n            <div class=\"card-header\" id=\"bio-elizabeth-title-0\">\n            <h2>\n                <button class=\"btn btn-link btn-block text-left\" type=\"button\" data-toggle=\"collapse\" data-target=\"#bio-elizabeth-content-0\" aria-expanded=\"false\" aria-controls=\"bio-elizabeth-content-0\">\n                    Expertise en ESG <i class=\"fas fa-chevron-down\"><\/i>\n                <\/button>\n            <\/h2>\n            <\/div>\n\n            <div id=\"bio-elizabeth-content-0\" class=\"collapse \" aria-labelledby=\"bio-elizabeth-title-0\" data-parent=\"#bio-elizabeth\">\n            <div class=\"card-body\">\n                <ul>\n<li>Renseignements g\u00e9n\u00e9raux<\/li>\n<li>Services-conseils en ESG<\/li>\n<li>ScopeX<\/li>\n<\/ul>\n            <\/div>\n            <\/div>\n        <\/div>\n    <\/div><\/div>\n<\/div>\n\n\n\n<div style=\"height:40px\" aria-hidden=\"true\" class=\"wp-block-spacer\"><\/div>\n\n\n\n<div class=\"wp-block-columns aecom-centered-column is-layout-flex wp-container-core-columns-is-layout-9d6595d7 wp-block-columns-is-layout-flex\">\n<div class=\"wp-block-column is-layout-flow wp-block-column-is-layout-flow\" style=\"flex-basis:33.33%\">\n<figure class=\"wp-block-image aligncenter size-full is-style-rounded\"><img decoding=\"async\" src=\"https:\/\/aecom.com\/content\/wp-content\/uploads\/2024\/06\/mj-croonen-bw-1.png\" alt=\"\" class=\"wp-image-125811\"\/><\/figure>\n\n\n\n<h2 class=\"wp-block-heading has-text-align-center has-text-color\" style=\"color:#00353e\">Marie-Jose Croonen<\/h2>\n\n\n\n<p class=\"has-text-align-center\"><strong>Vice-pr\u00e9sidente, Responsable de secteur d\u2019activit\u00e9, \u00c9nergie<\/strong><\/p>\n\n\n\n<ul class=\"wp-block-social-links aligncenter is-style-default is-layout-flex wp-block-social-links-is-layout-flex\"><li class=\"wp-social-link wp-social-link-linkedin  wp-block-social-link\"><a rel=\"noopener nofollow\" target=\"_blank\" href=\"https:\/\/www.linkedin.com\/in\/marie-jose-mj-croonen-3941493\/\" class=\"wp-block-social-link-anchor\"><svg width=\"24\" height=\"24\" viewBox=\"0 0 24 24\" version=\"1.1\" xmlns=\"http:\/\/www.w3.org\/2000\/svg\" aria-hidden=\"true\" focusable=\"false\"><path d=\"M19.7,3H4.3C3.582,3,3,3.582,3,4.3v15.4C3,20.418,3.582,21,4.3,21h15.4c0.718,0,1.3-0.582,1.3-1.3V4.3 C21,3.582,20.418,3,19.7,3z M8.339,18.338H5.667v-8.59h2.672V18.338z M7.004,8.574c-0.857,0-1.549-0.694-1.549-1.548 c0-0.855,0.691-1.548,1.549-1.548c0.854,0,1.547,0.694,1.547,1.548C8.551,7.881,7.858,8.574,7.004,8.574z M18.339,18.338h-2.669 v-4.177c0-0.996-0.017-2.278-1.387-2.278c-1.389,0-1.601,1.086-1.601,2.206v4.249h-2.667v-8.59h2.559v1.174h0.037 c0.356-0.675,1.227-1.387,2.526-1.387c2.703,0,3.203,1.779,3.203,4.092V18.338z\"><\/path><\/svg><span class=\"wp-block-social-link-label screen-reader-text\">LinkedIn<\/span><\/a><\/li>\n\n<li class=\"wp-social-link wp-social-link-mail  wp-block-social-link\"><a rel=\"noopener nofollow\" target=\"_blank\" href=\"mailto:marie-jose.croonen@aecom.com\" class=\"wp-block-social-link-anchor\"><svg width=\"24\" height=\"24\" viewBox=\"0 0 24 24\" version=\"1.1\" xmlns=\"http:\/\/www.w3.org\/2000\/svg\" aria-hidden=\"true\" focusable=\"false\"><path d=\"M19,5H5c-1.1,0-2,.9-2,2v10c0,1.1.9,2,2,2h14c1.1,0,2-.9,2-2V7c0-1.1-.9-2-2-2zm.5,12c0,.3-.2.5-.5.5H5c-.3,0-.5-.2-.5-.5V9.8l7.5,5.6,7.5-5.6V17zm0-9.1L12,13.6,4.5,7.9V7c0-.3.2-.5.5-.5h14c.3,0,.5.2.5.5v.9z\"><\/path><\/svg><span class=\"wp-block-social-link-label screen-reader-text\">Mail<\/span><\/a><\/li><\/ul>\n\n\n\n<div id=\"bio-mj\" class=\"aecom-custom-block block-accordion accordion aecom-accordion\" style=\"margin-top: 10px; margin-bottom: 40px\">\n        \n            <div class=\"card\">\n            <div class=\"card-header\" id=\"bio-mj-title-0\">\n            <h2>\n                <button class=\"btn btn-link btn-block text-left\" type=\"button\" data-toggle=\"collapse\" data-target=\"#bio-mj-content-0\" aria-expanded=\"false\" aria-controls=\"bio-mj-content-0\">\n                    Expertise en ESG <i class=\"fas fa-chevron-down\"><\/i>\n                <\/button>\n            <\/h2>\n            <\/div>\n\n            <div id=\"bio-mj-content-0\" class=\"collapse \" aria-labelledby=\"bio-mj-title-0\" data-parent=\"#bio-mj\">\n            <div class=\"card-body\">\n                <ul>\n<li>\u00c9nergies renouvelables et transition \u00e9nerg\u00e9tique<\/li>\n<\/ul>\n            <\/div>\n            <\/div>\n        <\/div>\n    <\/div><\/div>\n\n\n\n<div class=\"wp-block-column is-layout-flow wp-block-column-is-layout-flow\" style=\"flex-basis:33.33%\">\n<figure class=\"wp-block-image aligncenter size-full is-style-rounded\"><img decoding=\"async\" src=\"https:\/\/aecom.com\/content\/wp-content\/uploads\/2024\/06\/jacques-langlois-bw.png\" alt=\"\" class=\"wp-image-125822\"\/><\/figure>\n\n\n\n<h2 class=\"wp-block-heading has-text-align-center has-text-color\" style=\"color:#00353e\">Jacques Langlois<\/h2>\n\n\n\n<p class=\"has-text-align-center\"><strong>Responsable du changement climatique et de l&#8217;environnement physique<\/strong><\/p>\n\n\n\n<ul class=\"wp-block-social-links aligncenter is-style-default is-layout-flex wp-block-social-links-is-layout-flex\"><li class=\"wp-social-link wp-social-link-linkedin  wp-block-social-link\"><a rel=\"noopener nofollow\" target=\"_blank\" href=\"https:\/\/www.linkedin.com\/in\/jacques-langlois-ph-d-env-sp-03907043\/\" class=\"wp-block-social-link-anchor\"><svg width=\"24\" height=\"24\" viewBox=\"0 0 24 24\" version=\"1.1\" xmlns=\"http:\/\/www.w3.org\/2000\/svg\" aria-hidden=\"true\" focusable=\"false\"><path d=\"M19.7,3H4.3C3.582,3,3,3.582,3,4.3v15.4C3,20.418,3.582,21,4.3,21h15.4c0.718,0,1.3-0.582,1.3-1.3V4.3 C21,3.582,20.418,3,19.7,3z M8.339,18.338H5.667v-8.59h2.672V18.338z M7.004,8.574c-0.857,0-1.549-0.694-1.549-1.548 c0-0.855,0.691-1.548,1.549-1.548c0.854,0,1.547,0.694,1.547,1.548C8.551,7.881,7.858,8.574,7.004,8.574z M18.339,18.338h-2.669 v-4.177c0-0.996-0.017-2.278-1.387-2.278c-1.389,0-1.601,1.086-1.601,2.206v4.249h-2.667v-8.59h2.559v1.174h0.037 c0.356-0.675,1.227-1.387,2.526-1.387c2.703,0,3.203,1.779,3.203,4.092V18.338z\"><\/path><\/svg><span class=\"wp-block-social-link-label screen-reader-text\">LinkedIn<\/span><\/a><\/li>\n\n<li class=\"wp-social-link wp-social-link-mail  wp-block-social-link\"><a rel=\"noopener nofollow\" target=\"_blank\" href=\"mailto:jacques.langlois@aecom.com\" class=\"wp-block-social-link-anchor\"><svg width=\"24\" height=\"24\" viewBox=\"0 0 24 24\" version=\"1.1\" xmlns=\"http:\/\/www.w3.org\/2000\/svg\" aria-hidden=\"true\" focusable=\"false\"><path d=\"M19,5H5c-1.1,0-2,.9-2,2v10c0,1.1.9,2,2,2h14c1.1,0,2-.9,2-2V7c0-1.1-.9-2-2-2zm.5,12c0,.3-.2.5-.5.5H5c-.3,0-.5-.2-.5-.5V9.8l7.5,5.6,7.5-5.6V17zm0-9.1L12,13.6,4.5,7.9V7c0-.3.2-.5.5-.5h14c.3,0,.5.2.5.5v.9z\"><\/path><\/svg><span class=\"wp-block-social-link-label screen-reader-text\">Mail<\/span><\/a><\/li><\/ul>\n\n\n\n<div id=\"bio-jacques\" class=\"aecom-custom-block block-accordion accordion aecom-accordion\" style=\"margin-top: 10px; margin-bottom: 40px\">\n        \n            <div class=\"card\">\n            <div class=\"card-header\" id=\"bio-jacques-title-0\">\n            <h2>\n                <button class=\"btn btn-link btn-block text-left\" type=\"button\" data-toggle=\"collapse\" data-target=\"#bio-jacques-content-0\" aria-expanded=\"false\" aria-controls=\"bio-jacques-content-0\">\n                    Expertise en ESG <i class=\"fas fa-chevron-down\"><\/i>\n                <\/button>\n            <\/h2>\n            <\/div>\n\n            <div id=\"bio-jacques-content-0\" class=\"collapse \" aria-labelledby=\"bio-jacques-title-0\" data-parent=\"#bio-jacques\">\n            <div class=\"card-body\">\n                <ul>\n<li>R\u00e9silience et adaptation au changement climatique<\/li>\n<li>Solutions fond\u00e9es sur la nature <\/li>\n<\/ul>\n            <\/div>\n            <\/div>\n        <\/div>\n    <\/div><\/div>\n\n\n\n<div class=\"wp-block-column is-layout-flow wp-block-column-is-layout-flow\" style=\"flex-basis:33.33%\">\n<figure class=\"wp-block-image aligncenter size-full is-style-rounded\"><img decoding=\"async\" src=\"https:\/\/aecom.com\/content\/wp-content\/uploads\/2024\/06\/radha-patel-bw.png\" alt=\"\" class=\"wp-image-125833\"\/><\/figure>\n\n\n\n<h2 class=\"wp-block-heading has-text-align-center has-text-color\" style=\"color:#00353e\">Radha Patel<\/h2>\n\n\n\n<p class=\"has-text-align-center\"><strong>Analyste principale, ScopeX, la durabilit\u00e9 et la valeur sociale<\/strong><\/p>\n\n\n\n<ul class=\"wp-block-social-links aligncenter is-style-default is-layout-flex wp-block-social-links-is-layout-flex\"><li class=\"wp-social-link wp-social-link-linkedin  wp-block-social-link\"><a rel=\"noopener nofollow\" target=\"_blank\" href=\"https:\/\/www.linkedin.com\/in\/patelradha\/\" class=\"wp-block-social-link-anchor\"><svg width=\"24\" height=\"24\" viewBox=\"0 0 24 24\" version=\"1.1\" xmlns=\"http:\/\/www.w3.org\/2000\/svg\" aria-hidden=\"true\" focusable=\"false\"><path d=\"M19.7,3H4.3C3.582,3,3,3.582,3,4.3v15.4C3,20.418,3.582,21,4.3,21h15.4c0.718,0,1.3-0.582,1.3-1.3V4.3 C21,3.582,20.418,3,19.7,3z M8.339,18.338H5.667v-8.59h2.672V18.338z M7.004,8.574c-0.857,0-1.549-0.694-1.549-1.548 c0-0.855,0.691-1.548,1.549-1.548c0.854,0,1.547,0.694,1.547,1.548C8.551,7.881,7.858,8.574,7.004,8.574z M18.339,18.338h-2.669 v-4.177c0-0.996-0.017-2.278-1.387-2.278c-1.389,0-1.601,1.086-1.601,2.206v4.249h-2.667v-8.59h2.559v1.174h0.037 c0.356-0.675,1.227-1.387,2.526-1.387c2.703,0,3.203,1.779,3.203,4.092V18.338z\"><\/path><\/svg><span class=\"wp-block-social-link-label screen-reader-text\">LinkedIn<\/span><\/a><\/li>\n\n<li class=\"wp-social-link wp-social-link-mail  wp-block-social-link\"><a rel=\"noopener nofollow\" target=\"_blank\" href=\"mailto:radha.patel@aecom.com\" class=\"wp-block-social-link-anchor\"><svg width=\"24\" height=\"24\" viewBox=\"0 0 24 24\" version=\"1.1\" xmlns=\"http:\/\/www.w3.org\/2000\/svg\" aria-hidden=\"true\" focusable=\"false\"><path d=\"M19,5H5c-1.1,0-2,.9-2,2v10c0,1.1.9,2,2,2h14c1.1,0,2-.9,2-2V7c0-1.1-.9-2-2-2zm.5,12c0,.3-.2.5-.5.5H5c-.3,0-.5-.2-.5-.5V9.8l7.5,5.6,7.5-5.6V17zm0-9.1L12,13.6,4.5,7.9V7c0-.3.2-.5.5-.5h14c.3,0,.5.2.5.5v.9z\"><\/path><\/svg><span class=\"wp-block-social-link-label screen-reader-text\">Mail<\/span><\/a><\/li><\/ul>\n\n\n\n<div id=\"bio-radha\" class=\"aecom-custom-block block-accordion accordion aecom-accordion\" style=\"margin-top: 10px; margin-bottom: 40px\">\n        \n            <div class=\"card\">\n            <div class=\"card-header\" id=\"bio-radha-title-0\">\n            <h2>\n                <button class=\"btn btn-link btn-block text-left\" type=\"button\" data-toggle=\"collapse\" data-target=\"#bio-radha-content-0\" aria-expanded=\"false\" aria-controls=\"bio-radha-content-0\">\n                    Expertise en ESG <i class=\"fas fa-chevron-down\"><\/i>\n                <\/button>\n            <\/h2>\n            <\/div>\n\n            <div id=\"bio-radha-content-0\" class=\"collapse \" aria-labelledby=\"bio-radha-title-0\" data-parent=\"#bio-radha\">\n            <div class=\"card-body\">\n                <ul>\n<li>Valeur sociale<\/li>\n<li>ScopeX<\/li>\n<\/ul>\n            <\/div>\n            <\/div>\n        <\/div>\n    <\/div><\/div>\n<\/div>\n\n\n\n<div style=\"height:40px\" aria-hidden=\"true\" class=\"wp-block-spacer\"><\/div>\n\n\n\n<div class=\"wp-block-columns aecom-centered-column is-layout-flex wp-container-core-columns-is-layout-9d6595d7 wp-block-columns-is-layout-flex\">\n<div class=\"wp-block-column is-layout-flow wp-block-column-is-layout-flow\" style=\"flex-basis:33.33%\">\n<figure class=\"wp-block-image aligncenter size-full is-style-rounded\"><img decoding=\"async\" src=\"https:\/\/aecom.com\/content\/wp-content\/uploads\/2024\/06\/jen-routhier-bw.png\" alt=\"\" class=\"wp-image-125846\"\/><\/figure>\n\n\n\n<h2 class=\"wp-block-heading has-text-align-center has-text-color\" style=\"color:#00353e\">Jennifer Routhier<\/h2>\n\n\n\n<p class=\"has-text-align-center\"><strong>Ing\u00e9nieur en qualit\u00e9 de l&#8217;air, responsable de la d\u00e9carbonisation<\/strong><\/p>\n\n\n\n<ul class=\"wp-block-social-links aligncenter is-style-default is-layout-flex wp-block-social-links-is-layout-flex\"><li class=\"wp-social-link wp-social-link-linkedin  wp-block-social-link\"><a rel=\"noopener nofollow\" target=\"_blank\" href=\"https:\/\/www.linkedin.com\/in\/routhierjennifer\/\" class=\"wp-block-social-link-anchor\"><svg width=\"24\" height=\"24\" viewBox=\"0 0 24 24\" version=\"1.1\" xmlns=\"http:\/\/www.w3.org\/2000\/svg\" aria-hidden=\"true\" focusable=\"false\"><path d=\"M19.7,3H4.3C3.582,3,3,3.582,3,4.3v15.4C3,20.418,3.582,21,4.3,21h15.4c0.718,0,1.3-0.582,1.3-1.3V4.3 C21,3.582,20.418,3,19.7,3z M8.339,18.338H5.667v-8.59h2.672V18.338z M7.004,8.574c-0.857,0-1.549-0.694-1.549-1.548 c0-0.855,0.691-1.548,1.549-1.548c0.854,0,1.547,0.694,1.547,1.548C8.551,7.881,7.858,8.574,7.004,8.574z M18.339,18.338h-2.669 v-4.177c0-0.996-0.017-2.278-1.387-2.278c-1.389,0-1.601,1.086-1.601,2.206v4.249h-2.667v-8.59h2.559v1.174h0.037 c0.356-0.675,1.227-1.387,2.526-1.387c2.703,0,3.203,1.779,3.203,4.092V18.338z\"><\/path><\/svg><span class=\"wp-block-social-link-label screen-reader-text\">LinkedIn<\/span><\/a><\/li>\n\n<li class=\"wp-social-link wp-social-link-mail  wp-block-social-link\"><a rel=\"noopener nofollow\" target=\"_blank\" href=\"mailto:jennifer.routhier@aecom.com\" class=\"wp-block-social-link-anchor\"><svg width=\"24\" height=\"24\" viewBox=\"0 0 24 24\" version=\"1.1\" xmlns=\"http:\/\/www.w3.org\/2000\/svg\" aria-hidden=\"true\" focusable=\"false\"><path d=\"M19,5H5c-1.1,0-2,.9-2,2v10c0,1.1.9,2,2,2h14c1.1,0,2-.9,2-2V7c0-1.1-.9-2-2-2zm.5,12c0,.3-.2.5-.5.5H5c-.3,0-.5-.2-.5-.5V9.8l7.5,5.6,7.5-5.6V17zm0-9.1L12,13.6,4.5,7.9V7c0-.3.2-.5.5-.5h14c.3,0,.5.2.5.5v.9z\"><\/path><\/svg><span class=\"wp-block-social-link-label screen-reader-text\">Mail<\/span><\/a><\/li><\/ul>\n\n\n\n<div id=\"bio-jen\" class=\"aecom-custom-block block-accordion accordion aecom-accordion\" style=\"margin-top: 10px; margin-bottom: 6em\">\n        \n            <div class=\"card\">\n            <div class=\"card-header\" id=\"bio-jen-title-0\">\n            <h2>\n                <button class=\"btn btn-link btn-block text-left\" type=\"button\" data-toggle=\"collapse\" data-target=\"#bio-jen-content-0\" aria-expanded=\"false\" aria-controls=\"bio-jen-content-0\">\n                    Expertise en ESG <i class=\"fas fa-chevron-down\"><\/i>\n                <\/button>\n            <\/h2>\n            <\/div>\n\n            <div id=\"bio-jen-content-0\" class=\"collapse \" aria-labelledby=\"bio-jen-title-0\" data-parent=\"#bio-jen\">\n            <div class=\"card-body\">\n                <ul>\n<li>Carboneutralit\u00e9 et d\u00e9carbonisation<\/li>\n<\/ul>\n            <\/div>\n            <\/div>\n        <\/div>\n    <\/div><\/div>\n\n\n\n<div class=\"wp-block-column is-layout-flow wp-block-column-is-layout-flow\" style=\"flex-basis:33.33%\">\n<figure class=\"wp-block-image aligncenter size-full is-style-rounded\"><img decoding=\"async\" src=\"https:\/\/aecom.com\/content\/wp-content\/uploads\/2024\/06\/kaid-al-ani-bw.png\" alt=\"\" class=\"wp-image-125855\"\/><\/figure>\n\n\n\n<h2 class=\"wp-block-heading has-text-align-center has-text-color\" style=\"color:#00353e\">Kaid Al-Ani <\/h2>\n\n\n\n<p class=\"has-text-align-center\"><strong>Vice-pr\u00e9sident associ\u00e9, responsable des b\u00e2timents \u00e0 haute performance<\/strong><\/p>\n\n\n\n<ul class=\"wp-block-social-links aligncenter is-style-default is-layout-flex wp-block-social-links-is-layout-flex\"><li class=\"wp-social-link wp-social-link-linkedin  wp-block-social-link\"><a rel=\"noopener nofollow\" target=\"_blank\" href=\"https:\/\/www.linkedin.com\/in\/kaid-al-ani-m-sc-p-eng-2539a91a\/\" class=\"wp-block-social-link-anchor\"><svg width=\"24\" height=\"24\" viewBox=\"0 0 24 24\" version=\"1.1\" xmlns=\"http:\/\/www.w3.org\/2000\/svg\" aria-hidden=\"true\" focusable=\"false\"><path d=\"M19.7,3H4.3C3.582,3,3,3.582,3,4.3v15.4C3,20.418,3.582,21,4.3,21h15.4c0.718,0,1.3-0.582,1.3-1.3V4.3 C21,3.582,20.418,3,19.7,3z M8.339,18.338H5.667v-8.59h2.672V18.338z M7.004,8.574c-0.857,0-1.549-0.694-1.549-1.548 c0-0.855,0.691-1.548,1.549-1.548c0.854,0,1.547,0.694,1.547,1.548C8.551,7.881,7.858,8.574,7.004,8.574z M18.339,18.338h-2.669 v-4.177c0-0.996-0.017-2.278-1.387-2.278c-1.389,0-1.601,1.086-1.601,2.206v4.249h-2.667v-8.59h2.559v1.174h0.037 c0.356-0.675,1.227-1.387,2.526-1.387c2.703,0,3.203,1.779,3.203,4.092V18.338z\"><\/path><\/svg><span class=\"wp-block-social-link-label screen-reader-text\">LinkedIn<\/span><\/a><\/li>\n\n<li class=\"wp-social-link wp-social-link-mail  wp-block-social-link\"><a rel=\"noopener nofollow\" target=\"_blank\" href=\"mailto:kaid.al-ani@aecom.com%20\" class=\"wp-block-social-link-anchor\"><svg width=\"24\" height=\"24\" viewBox=\"0 0 24 24\" version=\"1.1\" xmlns=\"http:\/\/www.w3.org\/2000\/svg\" aria-hidden=\"true\" focusable=\"false\"><path d=\"M19,5H5c-1.1,0-2,.9-2,2v10c0,1.1.9,2,2,2h14c1.1,0,2-.9,2-2V7c0-1.1-.9-2-2-2zm.5,12c0,.3-.2.5-.5.5H5c-.3,0-.5-.2-.5-.5V9.8l7.5,5.6,7.5-5.6V17zm0-9.1L12,13.6,4.5,7.9V7c0-.3.2-.5.5-.5h14c.3,0,.5.2.5.5v.9z\"><\/path><\/svg><span class=\"wp-block-social-link-label screen-reader-text\">Mail<\/span><\/a><\/li><\/ul>\n\n\n\n<div id=\"bio-kaid\" class=\"aecom-custom-block block-accordion accordion aecom-accordion\" style=\"margin-top: 10px; margin-bottom: 6em\">\n        \n            <div class=\"card\">\n            <div class=\"card-header\" id=\"bio-kaid-title-0\">\n            <h2>\n                <button class=\"btn btn-link btn-block text-left\" type=\"button\" data-toggle=\"collapse\" data-target=\"#bio-kaid-content-0\" aria-expanded=\"false\" aria-controls=\"bio-kaid-content-0\">\n                    Expertise en ESG <i class=\"fas fa-chevron-down\"><\/i>\n                <\/button>\n            <\/h2>\n            <\/div>\n\n            <div id=\"bio-kaid-content-0\" class=\"collapse \" aria-labelledby=\"bio-kaid-title-0\" data-parent=\"#bio-kaid\">\n            <div class=\"card-body\">\n                <ul>\n<li>Durabilit\u00e9 et \u00e9conomie circulaire<\/li>\n<\/ul>\n            <\/div>\n            <\/div>\n        <\/div>\n    <\/div><\/div>\n\n\n\n<div class=\"wp-block-column is-layout-flow wp-block-column-is-layout-flow\" style=\"flex-basis:33.33%\">\n<figure class=\"wp-block-image aligncenter size-full is-style-rounded\"><img decoding=\"async\" src=\"https:\/\/aecom.com\/content\/wp-content\/uploads\/2024\/06\/indigenous-engagement-team3.png\" alt=\"\" class=\"wp-image-127952\"\/><\/figure>\n\n\n\n<h2 class=\"wp-block-heading has-text-align-center has-text-color\" style=\"color:#00353e\">\u00c9quipe des relations avec les Autochtones<\/h2>\n\n\n\n<p class=\"has-text-align-center\"><strong>Relations et consultation avec les Autochtones<\/strong><\/p>\n\n\n\n<ul class=\"wp-block-social-links aligncenter is-style-default is-layout-flex wp-block-social-links-is-layout-flex\"><li class=\"wp-social-link wp-social-link-mail  wp-block-social-link\"><a rel=\"noopener nofollow\" target=\"_blank\" href=\"mailto:indigenous@aecom.com\" class=\"wp-block-social-link-anchor\"><svg width=\"24\" height=\"24\" viewBox=\"0 0 24 24\" version=\"1.1\" xmlns=\"http:\/\/www.w3.org\/2000\/svg\" aria-hidden=\"true\" focusable=\"false\"><path d=\"M19,5H5c-1.1,0-2,.9-2,2v10c0,1.1.9,2,2,2h14c1.1,0,2-.9,2-2V7c0-1.1-.9-2-2-2zm.5,12c0,.3-.2.5-.5.5H5c-.3,0-.5-.2-.5-.5V9.8l7.5,5.6,7.5-5.6V17zm0-9.1L12,13.6,4.5,7.9V7c0-.3.2-.5.5-.5h14c.3,0,.5.2.5.5v.9z\"><\/path><\/svg><span class=\"wp-block-social-link-label screen-reader-text\">Mail<\/span><\/a><\/li><\/ul>\n\n\n\n<div id=\"bio-indigenous\" class=\"aecom-custom-block block-accordion accordion aecom-accordion\" style=\"margin-top: 10px; margin-bottom: 6em\">\n        \n            <div class=\"card\">\n            <div class=\"card-header\" id=\"bio-indigenous-title-0\">\n            <h2>\n                <button class=\"btn btn-link btn-block text-left\" type=\"button\" data-toggle=\"collapse\" data-target=\"#bio-indigenous-content-0\" aria-expanded=\"false\" aria-controls=\"bio-indigenous-content-0\">\n                    Expertise en ESG <i class=\"fas fa-chevron-down\"><\/i>\n                <\/button>\n            <\/h2>\n            <\/div>\n\n            <div id=\"bio-indigenous-content-0\" class=\"collapse \" aria-labelledby=\"bio-indigenous-title-0\" data-parent=\"#bio-indigenous\">\n            <div class=\"card-body\">\n                <ul>\n<li>Consultation des Autochtones<\/li>\n<\/ul>\n            <\/div>\n            <\/div>\n        <\/div>\n    <\/div><\/div>\n<\/div>\n","protected":false},"excerpt":{"rendered":"<p>Elizabeth Logan Chef de la pratique ESG &#8211; R\u00e9gion du Canada Marie-Jose Croonen Vice-pr\u00e9sidente, Responsable de secteur d\u2019activit\u00e9, \u00c9nergie Jacques Langlois Responsable du changement climatique et de l&#8217;environnement physique Radha Patel Analyste principale, ScopeX, la durabilit\u00e9 et la valeur sociale Jennifer Routhier Ing\u00e9nieur en qualit\u00e9 de l&#8217;air, responsable de la d\u00e9carbonisation Kaid Al-Ani Vice-pr\u00e9sident associ\u00e9,&#8230;<\/p>\n","protected":false},"author":46,"featured_media":5953,"parent":5650,"menu_order":2,"comment_status":"closed","ping_status":"closed","template":"views\/page-careers-content.blade.php","meta":{"_acf_changed":false,"footnotes":""},"yst_prominent_words":[],"class_list":["post-5934","page","type-page","status-publish","has-post-thumbnail","hentry"],"acf":[],"_links":{"self":[{"href":"https:\/\/aecom.com\/fr-ca\/wp-json\/wp\/v2\/pages\/5934","targetHints":{"allow":["GET"]}}],"collection":[{"href":"https:\/\/aecom.com\/fr-ca\/wp-json\/wp\/v2\/pages"}],"about":[{"href":"https:\/\/aecom.com\/fr-ca\/wp-json\/wp\/v2\/types\/page"}],"author":[{"embeddable":true,"href":"https:\/\/aecom.com\/fr-ca\/wp-json\/wp\/v2\/users\/46"}],"replies":[{"embeddable":true,"href":"https:\/\/aecom.com\/fr-ca\/wp-json\/wp\/v2\/comments?post=5934"}],"version-history":[{"count":3,"href":"https:\/\/aecom.com\/fr-ca\/wp-json\/wp\/v2\/pages\/5934\/revisions"}],"predecessor-version":[{"id":7455,"href":"https:\/\/aecom.com\/fr-ca\/wp-json\/wp\/v2\/pages\/5934\/revisions\/7455"}],"up":[{"embeddable":true,"href":"https:\/\/aecom.com\/fr-ca\/wp-json\/wp\/v2\/pages\/5650"}],"wp:featuredmedia":[{"embeddable":true,"href":"https:\/\/aecom.com\/fr-ca\/wp-json\/wp\/v2\/media\/5953"}],"wp:attachment":[{"href":"https:\/\/aecom.com\/fr-ca\/wp-json\/wp\/v2\/media?parent=5934"}],"wp:term":[{"taxonomy":"yst_prominent_words","embeddable":true,"href":"https:\/\/aecom.com\/fr-ca\/wp-json\/wp\/v2\/yst_prominent_words?post=5934"}],"curies":[{"name":"wp","href":"https:\/\/api.w.org\/{rel}","templated":true}]}}