{"id":6314,"date":"2024-10-07T20:11:04","date_gmt":"2024-10-07T20:11:04","guid":{"rendered":"https:\/\/aecom.com\/fr-ca\/people-spotlight-meet-colton-wooster\/"},"modified":"2024-10-23T19:44:51","modified_gmt":"2024-10-23T19:44:51","slug":"people-spotlight-meet-colton-wooster","status":"publish","type":"page","link":"https:\/\/aecom.com\/fr-ca\/people-spotlight-meet-colton-wooster\/","title":{"rendered":"Pleins feux sur les employ\u00e9s\u202f: Voici Colton\u202fWooster"},"content":{"rendered":"\n    <div class=\"aecom-custom-block careers-header\" style=\"background-color: #00353e; margin-top: 0px; margin-bottom: 40px;\">\n    <div class=\"careers-header-content\">\n                    <div class=\"careers-header-bg\" style=\"background-image: url('https:\/\/aecom.com\/fr-ca\/wp-content\/uploads\/2024\/10\/imgonline-com-ua-CompressToSize-u8tZSRo9doBi-e1727880863760.jpg');opacity: 30%;\"><\/div>\n                    <div class=\"row no-gutters header-container\">\n                <div class=\"col careers-title\">\n                    <div class=\"header-title\">\n                        <p class=\"careers-sub-title\"><\/p>\n                        <h1>Pleins feux sur les employ\u00e9s\u202f: Voici Colton\u202fWooster<\/h1>\n                    <\/div>\n                                            <div class=\"header-content\">\n                            <section class=\"spotlight-header-info\">\n<article class=\"spotlight-header-item-1\"><img loading=\"lazy\" decoding=\"async\" class=\"alignnone size-full wp-image-135040\" src=\"https:\/\/aecom.com\/content\/wp-content\/uploads\/2024\/10\/Colton-Wooster-People-Spotlight-150x150-1.png\" alt=\"\" width=\"150\" height=\"150\" \/><\/article>\n<article class=\"spotlight-header-item-2\">\n<h2 style=\"color: #aecc53;\"><strong>Colton Wooster<\/strong><\/h2>\n<h3><em>Colton Wooster est un ing\u00e9nieur stagiaire de notre secteur d\u2019affaires environnement au Canada.<\/em><\/h3>\n<\/article>\n<\/section>\n                        <\/div>\n                                        <div class=\"cta-container\">\n\n                        <!-- add condition here -->\n                        \n                        <!-- add condition here -->\n                        \n\n                    <\/div>\n                    \n                <\/div>\n            <\/div>\n        <\/div>\n    <\/div>\n\n\n<div class=\"wp-block-columns aecom-centered-column is-layout-flex wp-container-core-columns-is-layout-9d6595d7 wp-block-columns-is-layout-flex\">\n<div class=\"wp-block-column is-layout-flow wp-block-column-is-layout-flow\" style=\"flex-basis:75%\">\n<div class=\"aecom-custom-block block-intro-text\" style=\"margin-top: 0px; margin-bottom: 36px\">\n    <p class=\"editor-emphasized\">\n        Notre <a href=\"https:\/\/aecom.com\/fr-ca\/people-spotlights-ca\/\" target=\"_blank\">s\u00e9rie Pleins feux sur les employ\u00e9s<\/a> vous donne un aper\u00e7u de nos experts techniques \u00e0 travers le monde. Cette semaine, nous vous pr\u00e9sentons un ing\u00e9nieur stagiaire de notre secteur d\u2019affaires environnement au Canada et nous vous donnons un aper\u00e7u de son inspiration et de son travail.     <\/p>\n<\/div>\n\n\n<p>Colton Wooster est un ing\u00e9nieur g\u00e9otechnique stagiaire bas\u00e9 \u00e0 notre bureau de Winnipeg, au Manitoba. Il travaille sur des projets principalement dans le Nord du Canada. Travaillant dans nos secteurs d\u2019affaires transport et eau, il participe \u00e0 des projets li\u00e9s \u00e0 l\u2019administration des contrats, aux enqu\u00eates g\u00e9otechniques et \u00e0 la production de rapports.<\/p>\n\n\n\n<h3 class=\"wp-block-heading\"><strong>Qu\u2019est-ce qui vous a inspir\u00e9 \u00e0 travailler dans ce domaine?\u00a0<\/strong><\/h3>\n\n\n\n<p>En grandissant, ma famille travaillait principalement dans les domaines de la sant\u00e9 et de l\u2019\u00e9ducation. Je ne connaissais donc pas le secteur du g\u00e9nie. J\u2019ai toujours excell\u00e9 en math\u00e9matiques et en r\u00e9solution de probl\u00e8mes, mais j\u2019ai eu des difficult\u00e9s au cours de ma premi\u00e8re ann\u00e9e d\u2019universit\u00e9, car je n\u2019arrivais pas \u00e0 trouver de cheminement de carri\u00e8re qui m\u2019inspirait \u00e0 r\u00e9ussir ou qui me permette d\u2019utiliser mes forces.&nbsp;<\/p>\n\n\n\n<p>J\u2019ai pris une pause de l\u2019\u00e9cole pour travailler dans l\u2019industrie de la construction dans le Nord de l\u2019Alberta et les Territoires du Nord-Ouest. En travaillant en \u00e9troite collaboration avec des gestionnaires de projet et des ing\u00e9nieurs, j\u2019ai acquis une compr\u00e9hension approfondie du r\u00f4le dynamique d\u2019ing\u00e9nieur, ouvrant la voie \u00e0 ma carri\u00e8re dans le domaine.&nbsp;<\/p>\n\n\n\n<p>Compte tenu de mon exp\u00e9rience universitaire ant\u00e9rieure, j\u2019ai d\u00e9cid\u00e9 d\u2019emprunter une voie diff\u00e9rente. J\u2019ai postul\u00e9 et j\u2019ai ensuite obtenu un dipl\u00f4me en technologie du g\u00e9nie civil d\u2019un coll\u00e8ge local. Cette approche m\u2019a permis d\u2019\u00e9valuer mon engagement dans le domaine\u202f: si je r\u00e9ussissais, la porte \u00e9tait ouverte pour poursuivre vers un dipl\u00f4me en g\u00e9nie civil. Je voulais m\u2019assurer que ce cheminement de carri\u00e8re correspondait \u00e0 l\u2019id\u00e9e que j\u2019en avais.&nbsp;<\/p>\n\n\n\n<p>Apr\u00e8s ma premi\u00e8re ann\u00e9e \u00e0 l\u2019universit\u00e9, j\u2019\u00e9tais accro! Je savais que c\u2019\u00e9tait <em>le<\/em> cheminement de carri\u00e8re qui me convenait. Je me suis consacr\u00e9 \u00e0 quatre ann\u00e9es d\u2019\u00e9tudes rigoureuses, en travaillant pendant l\u2019\u00e9t\u00e9 pour les financer. Apr\u00e8s avoir obtenu mon dipl\u00f4me, j\u2019ai fait mes premiers pas dans le secteur au sein d\u2019une entreprise de g\u00e9osynth\u00e9tique. Pendant ce temps, je d\u00e9veloppais un int\u00e9r\u00eat pour le g\u00e9nie g\u00e9otechnique. Cependant, j\u2019ai toujours eu pour objectif de travailler dans le domaine du service-conseil, alors quand j\u2019ai vu l\u2019occasion de me joindre \u00e0 l\u2019\u00e9quipe g\u00e9otechnique d\u2019AECOM, j\u2019ai imm\u00e9diatement postul\u00e9.&nbsp;&nbsp;<\/p>\n\n\n\n<div class=\"aecom-custom-block client-quote-block\" style=\"margin-top: 36px; margin-bottom: 36px\">\n    <p class=\"client-quote-text\" style=\"margin-top: 30px\";>\n        Compte tenu de mon exp\u00e9rience universitaire ant\u00e9rieure, j\u2019ai d\u00e9cid\u00e9 d\u2019emprunter une voie diff\u00e9rente. J\u2019ai postul\u00e9 et j\u2019ai ensuite obtenu un dipl\u00f4me en technologie du g\u00e9nie civil d\u2019un coll\u00e8ge local. Cette approche m\u2019a permis d\u2019\u00e9valuer mon engagement sur le terrain. Apr\u00e8s ma premi\u00e8re ann\u00e9e \u00e0 l\u2019universit\u00e9, j\u2019\u00e9tais accro! Je savais que c\u2019\u00e9tait le cheminement de carri\u00e8re qui me convenait. Apr\u00e8s avoir obtenu mon dipl\u00f4me, j\u2019ai fait mes premiers pas dans le secteur au sein d\u2019une entreprise de g\u00e9osynth\u00e9tique. Pendant ce temps, je d\u00e9veloppais un int\u00e9r\u00eat pour le g\u00e9nie g\u00e9otechnique.    <\/p>\n    <p class=\"client-quote-author\">\n            <\/p>\n    <p class=\"client-quote-title\">\n            <\/p>\n<\/div>\n\n\n<h3 class=\"wp-block-heading\"><strong><strong>What is your favorite AECOM project that you\u2019ve worked on and why?<\/strong><\/strong><\/h3>\n\n\n\n<p>Je me suis r\u00e9cemment joint au programme d\u2019<a href=\"https:\/\/aecom.com\/fr-ca\/wp-content\/uploads\/2024\/04\/Indigenous_Blooming_New_Graduate_FR_2024.pdf\" target=\"_blank\" rel=\"noreferrer noopener\">\u00e9panouissement pour les Autochtones<\/a> d\u2019AECOM. Ce programme met l\u2019accent sur l\u2019importance du mentorat, de l\u2019exp\u00e9rience et de l\u2019inspiration en tant qu\u2019\u00e9l\u00e9ments cl\u00e9s du succ\u00e8s futur d\u2019AECOM, mais aussi de la prochaine g\u00e9n\u00e9ration de professionnels de l\u2019infrastructure. Le programme offre aux dipl\u00f4m\u00e9s d\u2019\u00e9coles secondaires et d\u2019universit\u00e9s d\u2019origine autochtone la chance de d\u00e9couvrir des professions menant \u00e0 des carri\u00e8res enrichissantes dans les domaines des sciences, de la technologie, de l\u2019ing\u00e9nierie, des arts et des math\u00e9matiques, ainsi que des affaires, du d\u00e9veloppement \u00e9conomique, de l\u2019environnement et des services aux gouvernements f\u00e9d\u00e9raux. AECOM souhaite \u00e9tablir des liens avec des \u00e9tudiants passionn\u00e9s dans ces domaines, en offrant potentiellement du mentorat, des stages et un \u00e9ventuel emploi futur.\u00a0<\/p>\n\n\n\n<p>Je suis autochtone et j\u2019ai re\u00e7u le soutien de ma bande pendant mon s\u00e9jour \u00e0 l\u2019universit\u00e9. Je serai toujours reconnaissant de cet appui. Ayant relev\u00e9 seul les d\u00e9fis universitaires, mon objectif est maintenant de soutenir, d\u2019encourager et de guider les futurs ing\u00e9nieurs et de contribuer \u00e0 la r\u00e9ussite de l\u2019organisation.&nbsp;<\/p>\n\n\n\n<div class=\"aecom-custom-block client-quote-block\" style=\"margin-top: 36px; margin-bottom: 36px\">\n    <p class=\"client-quote-text\" style=\"margin-top: 30px\";>\n        Le programme d\u2019\u00e9panouissement pour les Autochtones d\u2019AECOM offre aux dipl\u00f4m\u00e9s d\u2019\u00e9coles secondaires et d\u2019universit\u00e9s d\u2019origine autochtone la chance de d\u00e9couvrir des professions menant \u00e0 des carri\u00e8res enrichissantes dans les domaines des sciences, de la technologie, de l\u2019ing\u00e9nierie, des arts et des math\u00e9matiques, ainsi que des affaires, du d\u00e9veloppement \u00e9conomique, de l\u2019environnement et des services aux gouvernements f\u00e9d\u00e9raux. Ayant relev\u00e9 seul les d\u00e9fis universitaires, mon objectif est maintenant de soutenir, d\u2019encourager et de guider les futurs ing\u00e9nieurs et de contribuer \u00e0 la r\u00e9ussite de l\u2019organisation.    <\/p>\n    <p class=\"client-quote-author\">\n            <\/p>\n    <p class=\"client-quote-title\">\n            <\/p>\n<\/div>\n\n\n<h3 class=\"wp-block-heading\"><strong><strong>Expliquez-nous en quoi votre travail a des retomb\u00e9es positives sur la collectivit\u00e9.\u00a0<\/strong><\/strong><\/h3>\n\n\n\n<p>Depuis que je travaille chez AECOM, j\u2019ai particip\u00e9 \u00e0 des travaux g\u00e9otechniques sur le terrain et \u00e0 des travaux administratifs contractuels pour une nouvelle usine de traitement de l\u2019eau dans une communaut\u00e9 \u00e9loign\u00e9e du Nord du Manitoba. Ce projet est conforme \u00e0 l\u2019objectif du Canada de pouvoir lever les avis concernant la qualit\u00e9 de l\u2019eau potable gr\u00e2ce \u00e0 l\u2019am\u00e9lioration de l\u2019infrastructure et la formation. AECOM est la conseill\u00e8re du projet de construction de l\u2019usine, qui devrait \u00eatre achev\u00e9 d\u2019ici la fin de 2024. Tous les peuples du monde devraient avoir acc\u00e8s \u00e0 de l\u2019eau potable et je suis convaincu que le r\u00e9sultat de ce projet aura un impact positif sur la communaut\u00e9 locale \u00e0 qui il profitera.<\/p>\n\n\n\n<div class=\"aecom-custom-block client-quote-block\" style=\"margin-top: 36px; margin-bottom: 36px\">\n    <p class=\"client-quote-text\" style=\"margin-top: 30px\";>\n        J\u2019ai particip\u00e9 \u00e0 des travaux g\u00e9otechniques sur le terrain et \u00e0 des travaux administratifs contractuels pour une nouvelle usine de traitement de l\u2019eau dans une communaut\u00e9 \u00e9loign\u00e9e du Nord du Manitoba. Ce projet est conforme \u00e0 l\u2019objectif du Canada de pouvoir lever les avis concernant la qualit\u00e9 de l\u2019eau potable gr\u00e2ce \u00e0 l\u2019am\u00e9lioration de l\u2019infrastructure et la formation. Je suis convaincu que le r\u00e9sultat de ce projet aura un impact positif sur la communaut\u00e9 locale.    <\/p>\n    <p class=\"client-quote-author\">\n            <\/p>\n    <p class=\"client-quote-title\">\n            <\/p>\n<\/div>\n\n\n<h3 class=\"wp-block-heading\"><strong><strong>Quel conseil professionnel aimeriez-vous donner \u00e0 vos coll\u00e8gues?\u00a0<\/strong><\/strong><\/h3>\n\n\n\n<p>La vie n\u2019est pas une course. Il vaut mieux prendre le temps de se comprendre soi-m\u00eame, de conna\u00eetre ses objectifs de vie et de carri\u00e8re que de se pr\u00e9cipiter vers quelque chose qui ne nous convient peut-\u00eatre pas. La chose la plus importante dans la vie est d\u2019\u00eatre heureux et de conna\u00eetre sa propre valeur.&nbsp;&nbsp;<\/p>\n\n\n\n<p>\u00c0 l\u2019\u00e8re des m\u00e9dias sociaux, il est facile de se laisser prendre \u00e0 comparer sa vie \u00e0 celle des autres. Essayer de suivre le rythme de ses amis, des anciens coll\u00e8gues et des membres de la famille peut \u00eatre \u00e9puisant et nuire \u00e0 la sant\u00e9 mentale. La vie n\u2019a pas de mode d\u2019emploi, il n\u2019y a pas qu\u2019une seule voie vers le succ\u00e8s. Alors, avancez un jour \u00e0 la fois et tirez le meilleur parti de chaque occasion qui vous est offerte.&nbsp;<\/p>\n\n\n\n<p>N\u2019ayez pas peur d\u2019essayer, m\u00eame si \u00e7a vous semble difficile. Chaque situation inconnue est source d\u2019incertitude, ce qui peut \u00eatre intimidant. C\u2019est normal d\u2019avoir peur, mais ne laissez pas cette peur vous envahir. Ne comptez pas vos efforts et tentez votre chance. Quel est le pire qui puisse arriver? \u00c9chouer et apprendre de ses erreurs.&nbsp;&nbsp;&nbsp;\u00a0<\/p>\n\n\n\n<div style=\"height:36px\" aria-hidden=\"true\" class=\"wp-block-spacer\"><\/div>\n\n\n\n<h3 class=\"wp-block-heading\"><strong>Pleins feux en vedette<\/strong><\/h3>\n\n\n\n<div class=\"wp-block-columns is-layout-flex wp-container-core-columns-is-layout-9d6595d7 wp-block-columns-is-layout-flex\">\n<div class=\"wp-block-column is-layout-flow wp-block-column-is-layout-flow\">    <div class=\"aecom-custom-block single-promo-block\" style=\"background-color: #00353e;margin-top: 0px; margin-bottom: 40px;\">\n                    <div class=\"promo-bg\" style=\"background-image: url('https:\/\/aecom.com\/fr-ca\/wp-content\/uploads\/2024\/10\/header-resized-1-1-scaled-1-scaled.jpg');opacity: 30%\"><\/div>\n                            <div class=\"promo-content\">\n                <h4>Examen approfondi<\/h4>\n                <h2>avec Josh Jones<\/h2>\n                <p>Josh Jones est un gestionnaire de programmes de notre secteur transport au Canada.<\/p>\n                <div class=\"promo-link\">\n                    <a href=\"\/fr-ca\/deep-dive-with-josh-jones\/\"  class=\"aecom-global-cta aecom-global-cta-bold aecom-global-cta-sml aecom-global-cta-e-green-solid\">Lire la suite<\/a>\n                <\/div>\n            <\/div>\n            <\/div><\/div>\n\n\n\n<div class=\"wp-block-column is-layout-flow wp-block-column-is-layout-flow\">    <div class=\"aecom-custom-block single-promo-block\" style=\"background-color: #00353e;margin-top: 0px; margin-bottom: 40px;\">\n                    <div class=\"promo-bg\" style=\"background-image: url('https:\/\/aecom.com\/fr-ca\/wp-content\/uploads\/2024\/10\/1-resized-v2-1-scaled-1-scaled.jpg');opacity: 30%\"><\/div>\n                            <div class=\"promo-content\">\n                <h4>Pleins feux sur les employ\u00e9s :<\/h4>\n                <h2>Voici Gordon Geoffrey<\/h2>\n                <p>Gordon Geoffrey est un responsable technique de notre secteur d\u2019affaires eau au Canada.<\/p>\n                <div class=\"promo-link\">\n                    <a href=\"\/fr-ca\/people-spotlight-meet-gordon-geoffrey\/\"  class=\"aecom-global-cta aecom-global-cta-bold aecom-global-cta-sml aecom-global-cta-e-green-solid\">Lire la suite<\/a>\n                <\/div>\n            <\/div>\n            <\/div><\/div>\n\n\n\n<div class=\"wp-block-column is-layout-flow wp-block-column-is-layout-flow\">    <div class=\"aecom-custom-block single-promo-block\" style=\"background-color: #00353e;margin-top: 0px; margin-bottom: 40px;\">\n                    <div class=\"promo-bg\" style=\"background-image: url('https:\/\/aecom.com\/fr-ca\/wp-content\/uploads\/2024\/10\/header-resized-2.jpg');opacity: 30%\"><\/div>\n                            <div class=\"promo-content\">\n                <h4>Pleins feux sur les employ\u00e9s :<\/h4>\n                <h2>Voici Peter Ellingsen<\/h2>\n                <p>Peter Ellingsen est gestionnaire en conception de notre secteur d\u2019affaires eau au Canada.<\/p>\n                <div class=\"promo-link\">\n                    <a href=\"\/fr-ca\/people-spotlight-meet-peter-ellingsen\/\"  class=\"aecom-global-cta aecom-global-cta-bold aecom-global-cta-sml aecom-global-cta-e-green-solid\">Lire la suite<\/a>\n                <\/div>\n            <\/div>\n            <\/div><\/div>\n<\/div>\n<\/div>\n\n\n\n<div class=\"wp-block-column is-layout-flow wp-block-column-is-layout-flow\" style=\"flex-basis:25%\">\n<h3 class=\"wp-block-heading\"><strong>Suivez nos derni\u00e8res mises \u00e0 jour<\/strong><\/h3>\n\n\n\n<div class=\"wp-block-columns conference-social-sidebar is-layout-flex wp-container-core-columns-is-layout-9d6595d7 wp-block-columns-is-layout-flex\">\n<div class=\"wp-block-column is-vertically-aligned-top is-layout-flow wp-block-column-is-layout-flow\" style=\"flex-basis:17%\">\n<figure class=\"wp-block-image size-full\"><a href=\"https:\/\/www.linkedin.com\/company\/aecom\/mycompany\/\" target=\"_blank\" rel=\"noopener\"><img decoding=\"async\" src=\"https:\/\/aecom.com\/content\/wp-content\/uploads\/2024\/09\/2024-icon-linkedin.png\" alt=\"\" class=\"wp-image-132875\"\/><\/a><\/figure>\n<\/div>\n\n\n\n<div class=\"wp-block-column is-vertically-aligned-top is-layout-flow wp-block-column-is-layout-flow\" style=\"flex-basis:83%\">\n<p>AECOM sur LinkedIn<\/p>\n<\/div>\n<\/div>\n\n\n\n<div class=\"wp-block-columns conference-social-sidebar is-layout-flex wp-container-core-columns-is-layout-9d6595d7 wp-block-columns-is-layout-flex\">\n<div class=\"wp-block-column is-vertically-aligned-top is-layout-flow wp-block-column-is-layout-flow\" style=\"flex-basis:17%\">\n<figure class=\"wp-block-image size-full\"><a href=\"https:\/\/www.linkedin.com\/in\/colton-wooster-eit-b1ba42153\/\" target=\"_blank\" rel=\"noopener\"><img decoding=\"async\" src=\"https:\/\/aecom.com\/content\/wp-content\/uploads\/2024\/09\/2024-icon-linkedin.png\" alt=\"\" class=\"wp-image-132875\"\/><\/a><\/figure>\n<\/div>\n\n\n\n<div class=\"wp-block-column is-vertically-aligned-top is-layout-flow wp-block-column-is-layout-flow\" style=\"flex-basis:83%\">\n<p>Colton Wooster sur LinkedIn<\/p>\n<\/div>\n<\/div>\n\n\n\n<div style=\"height:12px\" aria-hidden=\"true\" class=\"wp-block-spacer\"><\/div>\n\n\n\n<div class=\"aecom-custom-block aecom-careers-sidebar-button\">\n  <ul class=\"sidebar-cta-buttons\">\n          <li class=\"sidebar-cta-btn\">\n        <a href=\"\/fr-ca\/people-spotlights-ca\/\" class=\"cta-btn-label\">\n            <div class=\"label-container\">\n            <h4>Voir nos autres Pleins feux sur les employ\u00e9s <\/h4>\n                            <p>Cliquez ici <i class=\"fas fa-chevron-right\"><\/i><\/p>\n                        <\/div>\n        <\/a>\n      <\/li>\n    \n  <\/ul>\n<\/div><\/div>\n<\/div>\n","protected":false},"excerpt":{"rendered":"<p>Colton Wooster est un ing\u00e9nieur g\u00e9otechnique stagiaire bas\u00e9 \u00e0 notre bureau de Winnipeg, au Manitoba. Il travaille sur des projets principalement dans le Nord du Canada. Travaillant dans nos secteurs d\u2019affaires transport et eau, il participe \u00e0 des projets li\u00e9s \u00e0 l\u2019administration des contrats, aux enqu\u00eates g\u00e9otechniques et \u00e0 la production de rapports. Qu\u2019est-ce qui&#8230;<\/p>\n","protected":false},"author":701,"featured_media":0,"parent":0,"menu_order":0,"comment_status":"closed","ping_status":"closed","template":"views\/page-careers.blade.php","meta":{"_acf_changed":false,"footnotes":""},"yst_prominent_words":[],"class_list":["post-6314","page","type-page","status-publish","hentry"],"acf":[],"_links":{"self":[{"href":"https:\/\/aecom.com\/fr-ca\/wp-json\/wp\/v2\/pages\/6314","targetHints":{"allow":["GET"]}}],"collection":[{"href":"https:\/\/aecom.com\/fr-ca\/wp-json\/wp\/v2\/pages"}],"about":[{"href":"https:\/\/aecom.com\/fr-ca\/wp-json\/wp\/v2\/types\/page"}],"author":[{"embeddable":true,"href":"https:\/\/aecom.com\/fr-ca\/wp-json\/wp\/v2\/users\/701"}],"replies":[{"embeddable":true,"href":"https:\/\/aecom.com\/fr-ca\/wp-json\/wp\/v2\/comments?post=6314"}],"version-history":[{"count":2,"href":"https:\/\/aecom.com\/fr-ca\/wp-json\/wp\/v2\/pages\/6314\/revisions"}],"predecessor-version":[{"id":6454,"href":"https:\/\/aecom.com\/fr-ca\/wp-json\/wp\/v2\/pages\/6314\/revisions\/6454"}],"wp:attachment":[{"href":"https:\/\/aecom.com\/fr-ca\/wp-json\/wp\/v2\/media?parent=6314"}],"wp:term":[{"taxonomy":"yst_prominent_words","embeddable":true,"href":"https:\/\/aecom.com\/fr-ca\/wp-json\/wp\/v2\/yst_prominent_words?post=6314"}],"curies":[{"name":"wp","href":"https:\/\/api.w.org\/{rel}","templated":true}]}}