{"id":6319,"date":"2024-10-22T00:03:00","date_gmt":"2024-10-22T00:03:00","guid":{"rendered":"https:\/\/aecom.com\/fr-ca\/people-spotlight-meet-peter-ellingsen\/"},"modified":"2024-10-23T19:44:57","modified_gmt":"2024-10-23T19:44:57","slug":"people-spotlight-meet-peter-ellingsen","status":"publish","type":"page","link":"https:\/\/aecom.com\/fr-ca\/people-spotlight-meet-peter-ellingsen\/","title":{"rendered":"Pleins feux sur les employ\u00e9s\u202f: Voici Peter Ellingsen"},"content":{"rendered":"\n    <div class=\"aecom-custom-block careers-header\" style=\"background-color: #00353e; margin-top: 0px; margin-bottom: 40px;\">\n    <div class=\"careers-header-content\">\n                    <div class=\"careers-header-bg\" style=\"background-image: url('https:\/\/aecom.com\/fr-ca\/wp-content\/uploads\/2024\/10\/header-resized-2.jpg');opacity: 30%;\"><\/div>\n                    <div class=\"row no-gutters header-container\">\n                <div class=\"col careers-title\">\n                    <div class=\"header-title\">\n                        <p class=\"careers-sub-title\"><\/p>\n                        <h1>Pleins feux sur les employ\u00e9s\u202f: Voici Peter Ellingsen<\/h1>\n                    <\/div>\n                                            <div class=\"header-content\">\n                            <section class=\"spotlight-header-info\">\n<article class=\"spotlight-header-item-1\"><img loading=\"lazy\" decoding=\"async\" class=\"alignnone wp-image-136434 size-full\" src=\"https:\/\/aecom.com\/content\/wp-content\/uploads\/2024\/10\/Peter-Ellingsen-People-Spotlight-150x150-1.png\" alt=\"\" width=\"150\" height=\"150\" \/><\/article>\n<article class=\"spotlight-header-item-2\">\n<h2 style=\"color: #aecc53;\"><strong>Peter Ellingsen<\/strong><\/h2>\n<h3><em>Peter Ellingsen est gestionnaire en conception de notre secteur d\u2019affaires eau au Canada.<\/em><\/h3>\n<\/article>\n<\/section>\n                        <\/div>\n                                        <div class=\"cta-container\">\n\n                        <!-- add condition here -->\n                        \n                        <!-- add condition here -->\n                        \n\n                    <\/div>\n                    \n                <\/div>\n            <\/div>\n        <\/div>\n    <\/div>\n\n\n<div class=\"wp-block-columns aecom-centered-column is-layout-flex wp-container-core-columns-is-layout-9d6595d7 wp-block-columns-is-layout-flex\">\n<div class=\"wp-block-column is-layout-flow wp-block-column-is-layout-flow\" style=\"flex-basis:75%\">\n<div class=\"aecom-custom-block block-intro-text\" style=\"margin-top: 0px; margin-bottom: 36px\">\n    <p class=\"editor-emphasized\">\n        Notre <a href=\"https:\/\/aecom.com\/fr-ca\/people-spotlights-ca\/\" target=\"_blank\">s\u00e9rie Pleins feux sur les employ\u00e9s<\/a> vous donne un aper\u00e7u de nos experts techniques \u00e0 travers le monde. Cette semaine, nous vous pr\u00e9sentons un gestionnaire en conception de notre secteur d\u2019affaires eau au Canada et nous vous donnons un aper\u00e7u de son inspiration et de son travail.     <\/p>\n<\/div>\n\n\n<p>Peter Ellingsen poss\u00e8de une vaste exp\u00e9rience dans les domaines du g\u00e9nie des structures, du g\u00e9nie civil et du g\u00e9nie g\u00e9otechnique. Il a travaill\u00e9 dans les secteurs de l\u2019\u00e9nergie, de l\u2019eau et des transports, et est r\u00e9cemment retourn\u00e9 dans le secteur de l\u2019eau avec l\u2019\u00e9quipe de Calgary. Comptant plus de 10\u202fans d\u2019exp\u00e9rience de l\u2019analyse par \u00e9l\u00e9ments finis, il se sp\u00e9cialise dans la conception de structures complexes, y compris les ouvrages de retenue d\u2019eau, les stations de pompage, les structures souterraines, les d\u00e9fenses contre les inondations, les ponts et les parcs d\u2019\u00e9oliennes.\u00a0\u00a0<\/p>\n\n\n\n<h3 class=\"wp-block-heading\"><strong>Qu\u2019est-ce qui vous a inspir\u00e9 \u00e0 travailler dans ce domaine?\u00a0<\/strong><\/h3>\n\n\n\n<p>J\u2019ai toujours \u00e9t\u00e9 dou\u00e9 en math\u00e9matiques et en physique, donc je savais qu\u2019une carri\u00e8re consacr\u00e9e \u00e0 la r\u00e9solution de probl\u00e8mes me conviendrait. C\u2019est mon professeur de physique qui a fini par me recommander de poursuivre des \u00e9tudes de g\u00e9nie \u00e0 l\u2019universit\u00e9, et je l\u2019ai \u00e9cout\u00e9! Pendant la majeure partie de ma carri\u00e8re, j\u2019ai travaill\u00e9 dans le secteur de l\u2019eau, car j\u2019estime qu\u2019il s\u2019agit du secteur le plus essentiel \u00e0 la protection de la soci\u00e9t\u00e9 et de l\u2019environnement, sans compter qu\u2019il n\u2019y a jamais deux projets identiques.\u00a0<\/p>\n\n\n\n<div class=\"aecom-custom-block client-quote-block\" style=\"margin-top: 36px; margin-bottom: 36px\">\n    <p class=\"client-quote-text\" style=\"margin-top: 30px\";>\n        Pendant la majeure partie de ma carri\u00e8re, j\u2019ai travaill\u00e9 dans le secteur de l\u2019eau, car j\u2019estime qu\u2019il s\u2019agit du secteur le plus essentiel \u00e0 la protection de la soci\u00e9t\u00e9 et de l\u2019environnement, sans compter qu\u2019il n\u2019y a jamais deux projets identiques.    <\/p>\n    <p class=\"client-quote-author\">\n            <\/p>\n    <p class=\"client-quote-title\">\n            <\/p>\n<\/div>\n\n\n<h3 class=\"wp-block-heading\"><strong><strong>Sur quel projet d\u2019AECOM avez-vous le plus aim\u00e9 travailler? Pourquoi?\u00a0<\/strong><\/strong><\/h3>\n\n\n\n<p>L\u2019un des projets que j\u2019ai le plus appr\u00e9ci\u00e9s est la modernisation du r\u00e9servoir Stillorgan \u00e0 Dublin, en Irlande, pour lequel j\u2019ai \u00e9t\u00e9 ing\u00e9nieur en structures. Il s\u2019agissait de l\u2019un des seuls r\u00e9servoirs restants d\u2019eau grise en Europe, qui laissait l\u2019eau trait\u00e9e expos\u00e9e aux \u00e9l\u00e9ments et \u00e0 la pollution atmosph\u00e9rique. Compte tenu de la taille du r\u00e9servoir, j\u2019ai d\u00fb mettre en \u0153uvre plusieurs optimisations lors de la mod\u00e9lisation. Comme il s\u2019agissait d\u2019un projet de conception-construction, j\u2019ai travaill\u00e9 de pr\u00e8s avec l\u2019entrepreneur afin de d\u00e9terminer les s\u00e9quences de coulage du b\u00e9ton et les endroits o\u00f9 nous pouvions maximiser l\u2019utilisation d\u2019\u00e9l\u00e9ments pr\u00e9fabriqu\u00e9s afin d\u2019acc\u00e9l\u00e9rer le rythme de la construction. Ce nouveau r\u00e9servoir d\u2019eau trait\u00e9e de 160\u202fm\u00e9galitres fournit maintenant de l\u2019eau potable \u00e0 200\u202f000\u202fpersonnes dans le Sud de Dublin.\u00a0<\/p>\n\n\n\n<div class=\"aecom-custom-block client-quote-block\" style=\"margin-top: 36px; margin-bottom: 12px\">\n    <p class=\"client-quote-text\" style=\"margin-top: 30px\";>\n        L\u2019un des projets que j\u2019ai le plus appr\u00e9ci\u00e9s est la modernisation du r\u00e9servoir Stillorgan \u00e0 Dublin, en Irlande, pour lequel j\u2019ai \u00e9t\u00e9 ing\u00e9nieur en structures. Ce nouveau r\u00e9servoir d\u2019eau trait\u00e9e de 160\u202fm\u00e9galitres fournit maintenant de l\u2019eau potable \u00e0 200\u202f000\u202fpersonnes dans le Sud de Dublin.    <\/p>\n    <p class=\"client-quote-author\">\n            <\/p>\n    <p class=\"client-quote-title\">\n            <\/p>\n<\/div>\n\n\n<h3 class=\"wp-block-heading\"><strong><strong>Expliquez-nous en quoi votre travail a des retomb\u00e9es positives sur la collectivit\u00e9.<\/strong><\/strong><\/h3>\n\n\n\n<p>Un projet qui me vient en t\u00eate est le Northumberland Line, qui ram\u00e8nera tr\u00e8s bient\u00f4t des services ferroviaires voyageurs aux collectivit\u00e9s au nord de Newcastle, au Royaume-Uni. Ce projet comprend la construction de six nouvelles gares r\u00e9parties sur 29\u202fkilom\u00e8tres de voie ferr\u00e9e et assurera un moyen de transport abordable \u00e0 plus de 350\u202f000\u202fpersonnes par ann\u00e9e. J\u2019\u00e9tais le concepteur de structures principal pour les \u00e9l\u00e9ments relatifs aux gares et je participais \u00e0 tous les aspects de la conception, mais principalement pour les passerelles, les cages d\u2019ascenseur et les travaux de g\u00e9nie civil de grande envergure, comme le nouveau mur \u00e0 pieux contigu \u00e0 la gare de Northumberland Park.\u00a0\u00a0<\/p>\n\n\n\n<div class=\"aecom-custom-block client-quote-block\" style=\"margin-top: 36px; margin-bottom: 36px\">\n    <p class=\"client-quote-text\" style=\"margin-top: 30px\";>\n        Le projet du Northumberland Line, qui ram\u00e8nera tr\u00e8s bient\u00f4t des services ferroviaires voyageurs aux collectivit\u00e9s au nord de Newcastle, au Royaume-Uni, comprend la construction de six nouvelles gares r\u00e9parties sur 29\u202fkilom\u00e8tres de voie ferr\u00e9e et assurera un moyen de transport abordable \u00e0 plus de 350\u202f000\u202fpersonnes par ann\u00e9e.    <\/p>\n    <p class=\"client-quote-author\">\n            <\/p>\n    <p class=\"client-quote-title\">\n            <\/p>\n<\/div>\n\n\n<h3 class=\"wp-block-heading\"><strong><strong>Quel conseil professionnel aimeriez-vous donner \u00e0 vos coll\u00e8gues?<\/strong><\/strong><\/h3>\n\n\n\n<p>Apprenez avec enthousiasme de chaque projet, peu importe l\u2019ampleur de votre contribution. Avec cette attitude, vous obtiendrez toujours des r\u00e9sultats positifs.\u00a0<\/p>\n\n\n\n<div style=\"height:12px\" aria-hidden=\"true\" class=\"wp-block-spacer\"><\/div>\n\n\n\n<div class=\"wp-block-columns is-layout-flex wp-container-core-columns-is-layout-9d6595d7 wp-block-columns-is-layout-flex\">\n<div class=\"wp-block-column is-layout-flow wp-block-column-is-layout-flow\">\n<figure class=\"wp-block-image size-full\"><img decoding=\"async\" src=\"https:\/\/aecom.com\/content\/wp-content\/uploads\/2024\/10\/Newsham-Station-Footbridge-resized-1024x576-1.jpg\" alt=\"\" class=\"wp-image-136452\"\/><\/figure>\n<\/div>\n\n\n\n<div class=\"wp-block-column is-layout-flow wp-block-column-is-layout-flow\">\n<figure class=\"wp-block-image size-full\"><img decoding=\"async\" src=\"https:\/\/aecom.com\/content\/wp-content\/uploads\/2024\/10\/Newsham-Station-Footbridge-2-resized-1024x576-1.jpg\" alt=\"\" class=\"wp-image-136451\"\/><\/figure>\n<\/div>\n<\/div>\n\n\n\n<p class=\"has-text-align-center has-small-font-size\"><em>Le projet Northumberland Line \u00e0 Newcastle, Royaume-Uni<\/em><\/p>\n\n\n\n<div style=\"height:24px\" aria-hidden=\"true\" class=\"wp-block-spacer\"><\/div>\n\n\n\n<div class=\"wp-block-columns ps-centered-column is-layout-flex wp-container-core-columns-is-layout-9d6595d7 wp-block-columns-is-layout-flex\">\n<div class=\"wp-block-column is-vertically-aligned-center ps-centered-column is-layout-flow wp-block-column-is-layout-flow\" style=\"flex-basis:50%\">\n<figure class=\"wp-block-image aligncenter size-full is-resized\"><img decoding=\"async\" src=\"https:\/\/aecom.com\/content\/wp-content\/uploads\/2024\/10\/Stillorgan-Aerial-View-1024x575-1.jpg\" alt=\"\" class=\"wp-image-136453\" style=\"width:800px;height:auto\"\/><\/figure>\n<\/div>\n<\/div>\n\n\n\n<p class=\"has-text-align-center has-small-font-size\"><em>R\u00e9servoir de Stillorgan \u00e0 Dublin, Irlande<\/em><\/p>\n\n\n\n<div style=\"height:36px\" aria-hidden=\"true\" class=\"wp-block-spacer\"><\/div>\n\n\n\n<h3 class=\"wp-block-heading\"><strong>Pleins feux en vedette<\/strong><\/h3>\n\n\n\n<div class=\"wp-block-columns is-layout-flex wp-container-core-columns-is-layout-9d6595d7 wp-block-columns-is-layout-flex\">\n<div class=\"wp-block-column is-layout-flow wp-block-column-is-layout-flow\">    <div class=\"aecom-custom-block single-promo-block\" style=\"background-color: #00353e;margin-top: 0px; margin-bottom: 40px;\">\n                    <div class=\"promo-bg\" style=\"background-image: url('https:\/\/aecom.com\/fr-ca\/wp-content\/uploads\/2024\/10\/header-resized-1-1-scaled-1-scaled.jpg');opacity: 30%\"><\/div>\n                            <div class=\"promo-content\">\n                <h4>Examen approfondi<\/h4>\n                <h2>avec Josh Jones<\/h2>\n                <p>Josh Jones est un gestionnaire de programmes de notre secteur transport au Canada.<\/p>\n                <div class=\"promo-link\">\n                    <a href=\"\/fr-ca\/deep-dive-with-josh-jones\/\"  class=\"aecom-global-cta aecom-global-cta-bold aecom-global-cta-sml aecom-global-cta-e-green-solid\">Lire la suite<\/a>\n                <\/div>\n            <\/div>\n            <\/div><\/div>\n\n\n\n<div class=\"wp-block-column is-layout-flow wp-block-column-is-layout-flow\">    <div class=\"aecom-custom-block single-promo-block\" style=\"background-color: #00353e;margin-top: 0px; margin-bottom: 40px;\">\n                    <div class=\"promo-bg\" style=\"background-image: url('https:\/\/aecom.com\/fr-ca\/wp-content\/uploads\/2024\/10\/1-resized-v2-1-scaled-1-scaled.jpg');opacity: 30%\"><\/div>\n                            <div class=\"promo-content\">\n                <h4>Pleins feux sur les employ\u00e9s :<\/h4>\n                <h2>Voici Gordon Geoffrey<\/h2>\n                <p>Gordon Geoffrey est un responsable technique de notre secteur d\u2019affaires eau au Canada.<\/p>\n                <div class=\"promo-link\">\n                    <a href=\"\/fr-ca\/people-spotlight-meet-gordon-geoffrey\/\"  class=\"aecom-global-cta aecom-global-cta-bold aecom-global-cta-sml aecom-global-cta-e-green-solid\">Lire la suite<\/a>\n                <\/div>\n            <\/div>\n            <\/div><\/div>\n\n\n\n<div class=\"wp-block-column is-layout-flow wp-block-column-is-layout-flow\">    <div class=\"aecom-custom-block single-promo-block\" style=\"background-color: #00353e;margin-top: 0px; margin-bottom: 40px;\">\n                    <div class=\"promo-bg\" style=\"background-image: url('https:\/\/aecom.com\/fr-ca\/wp-content\/uploads\/2024\/10\/imgonline-com-ua-CompressToSize-u8tZSRo9doBi-e1727880863760.jpg');opacity: 30%\"><\/div>\n                            <div class=\"promo-content\">\n                <h4>Pleins feux sur les employ\u00e9s :<\/h4>\n                <h2>Voici Colton Wooster<\/h2>\n                <p>Colton Wooster est  un ing\u00e9nieur g\u00e9otechnique stagiaire bas\u00e9 \u00e0 notre bureau de Winnipeg.<\/p>\n                <div class=\"promo-link\">\n                    <a href=\"\/fr-ca\/people-spotlight-meet-colton-wooster\/\"  class=\"aecom-global-cta aecom-global-cta-bold aecom-global-cta-sml aecom-global-cta-e-green-solid\">Lire la suite<\/a>\n                <\/div>\n            <\/div>\n            <\/div><\/div>\n<\/div>\n<\/div>\n\n\n\n<div class=\"wp-block-column is-layout-flow wp-block-column-is-layout-flow\" style=\"flex-basis:25%\">\n<h3 class=\"wp-block-heading\"><strong>Suivez nos derni\u00e8res mises \u00e0 jour<\/strong><\/h3>\n\n\n\n<div class=\"wp-block-columns conference-social-sidebar is-layout-flex wp-container-core-columns-is-layout-9d6595d7 wp-block-columns-is-layout-flex\">\n<div class=\"wp-block-column is-vertically-aligned-top is-layout-flow wp-block-column-is-layout-flow\" style=\"flex-basis:17%\">\n<figure class=\"wp-block-image size-full\"><a href=\"https:\/\/www.linkedin.com\/company\/aecom\/mycompany\/\" target=\"_blank\" rel=\"noopener\"><img decoding=\"async\" src=\"https:\/\/aecom.com\/content\/wp-content\/uploads\/2024\/09\/2024-icon-linkedin.png\" alt=\"\" class=\"wp-image-132875\"\/><\/a><\/figure>\n<\/div>\n\n\n\n<div class=\"wp-block-column is-vertically-aligned-top is-layout-flow wp-block-column-is-layout-flow\" style=\"flex-basis:83%\">\n<p>AECOM sur LinkedIn<\/p>\n<\/div>\n<\/div>\n\n\n\n<div class=\"wp-block-columns conference-social-sidebar is-layout-flex wp-container-core-columns-is-layout-9d6595d7 wp-block-columns-is-layout-flex\">\n<div class=\"wp-block-column is-vertically-aligned-top is-layout-flow wp-block-column-is-layout-flow\" style=\"flex-basis:17%\">\n<figure class=\"wp-block-image size-full\"><a href=\"https:\/\/www.linkedin.com\/in\/peter-ellingsen-97606989\/\" target=\"_blank\" rel=\"noopener\"><img decoding=\"async\" src=\"https:\/\/aecom.com\/content\/wp-content\/uploads\/2024\/09\/2024-icon-linkedin.png\" alt=\"\" class=\"wp-image-132875\"\/><\/a><\/figure>\n<\/div>\n\n\n\n<div class=\"wp-block-column is-vertically-aligned-top is-layout-flow wp-block-column-is-layout-flow\" style=\"flex-basis:83%\">\n<p>Peter Ellingsen sur LinkedIn<\/p>\n<\/div>\n<\/div>\n\n\n\n<div style=\"height:12px\" aria-hidden=\"true\" class=\"wp-block-spacer\"><\/div>\n\n\n\n<div class=\"aecom-custom-block aecom-careers-sidebar-button\">\n  <ul class=\"sidebar-cta-buttons\">\n          <li class=\"sidebar-cta-btn\">\n        <a href=\"\/fr-ca\/people-spotlights-ca\/\" class=\"cta-btn-label\">\n            <div class=\"label-container\">\n            <h4>Voir nos autres Pleins feux sur les employ\u00e9s <\/h4>\n                            <p>Cliquez ici <i class=\"fas fa-chevron-right\"><\/i><\/p>\n                        <\/div>\n        <\/a>\n      <\/li>\n    \n  <\/ul>\n<\/div><\/div>\n<\/div>\n","protected":false},"excerpt":{"rendered":"<p>Peter Ellingsen poss\u00e8de une vaste exp\u00e9rience dans les domaines du g\u00e9nie des structures, du g\u00e9nie civil et du g\u00e9nie g\u00e9otechnique. Il a travaill\u00e9 dans les secteurs de l\u2019\u00e9nergie, de l\u2019eau et des transports, et est r\u00e9cemment retourn\u00e9 dans le secteur de l\u2019eau avec l\u2019\u00e9quipe de Calgary. Comptant plus de 10\u202fans d\u2019exp\u00e9rience de l\u2019analyse par \u00e9l\u00e9ments&#8230;<\/p>\n","protected":false},"author":701,"featured_media":0,"parent":0,"menu_order":0,"comment_status":"closed","ping_status":"closed","template":"views\/page-careers.blade.php","meta":{"_acf_changed":false,"footnotes":""},"yst_prominent_words":[],"class_list":["post-6319","page","type-page","status-publish","hentry"],"acf":[],"_links":{"self":[{"href":"https:\/\/aecom.com\/fr-ca\/wp-json\/wp\/v2\/pages\/6319","targetHints":{"allow":["GET"]}}],"collection":[{"href":"https:\/\/aecom.com\/fr-ca\/wp-json\/wp\/v2\/pages"}],"about":[{"href":"https:\/\/aecom.com\/fr-ca\/wp-json\/wp\/v2\/types\/page"}],"author":[{"embeddable":true,"href":"https:\/\/aecom.com\/fr-ca\/wp-json\/wp\/v2\/users\/701"}],"replies":[{"embeddable":true,"href":"https:\/\/aecom.com\/fr-ca\/wp-json\/wp\/v2\/comments?post=6319"}],"version-history":[{"count":2,"href":"https:\/\/aecom.com\/fr-ca\/wp-json\/wp\/v2\/pages\/6319\/revisions"}],"predecessor-version":[{"id":6455,"href":"https:\/\/aecom.com\/fr-ca\/wp-json\/wp\/v2\/pages\/6319\/revisions\/6455"}],"wp:attachment":[{"href":"https:\/\/aecom.com\/fr-ca\/wp-json\/wp\/v2\/media?parent=6319"}],"wp:term":[{"taxonomy":"yst_prominent_words","embeddable":true,"href":"https:\/\/aecom.com\/fr-ca\/wp-json\/wp\/v2\/yst_prominent_words?post=6319"}],"curies":[{"name":"wp","href":"https:\/\/api.w.org\/{rel}","templated":true}]}}