{"id":6326,"date":"2024-10-22T00:09:16","date_gmt":"2024-10-22T00:09:16","guid":{"rendered":"https:\/\/aecom.com\/fr-ca\/people-spotlight-meet-gordon-geoffrey\/"},"modified":"2024-10-25T14:46:55","modified_gmt":"2024-10-25T14:46:55","slug":"people-spotlight-meet-gordon-geoffrey","status":"publish","type":"page","link":"https:\/\/aecom.com\/fr-ca\/people-spotlight-meet-gordon-geoffrey\/","title":{"rendered":"Pleins feux sur les employ\u00e9s\u202f: Voici Gordon\u202fGeoffrey\u00a0"},"content":{"rendered":"\n    <div class=\"aecom-custom-block careers-header\" style=\"background-color: #00353e; margin-top: 0px; margin-bottom: 40px;\">\n    <div class=\"careers-header-content\">\n                    <div class=\"careers-header-bg\" style=\"background-image: url('https:\/\/aecom.com\/fr-ca\/wp-content\/uploads\/2024\/10\/1-resized-v2-1-scaled-1-scaled.jpg');opacity: 30%;\"><\/div>\n                    <div class=\"row no-gutters header-container\">\n                <div class=\"col careers-title\">\n                    <div class=\"header-title\">\n                        <p class=\"careers-sub-title\"><\/p>\n                        <h1>Pleins feux sur les employ\u00e9s\u202f: Voici Gordon\u202fGeoffrey <\/h1>\n                    <\/div>\n                                            <div class=\"header-content\">\n                            <section class=\"spotlight-header-info\">\n<article class=\"spotlight-header-item-1\"><img loading=\"lazy\" decoding=\"async\" class=\"alignnone wp-image-136540 size-full\" src=\"https:\/\/aecom.com\/content\/wp-content\/uploads\/2024\/10\/Gordon-Geoffrey-People-Spotlight-150x150-1.png\" alt=\"\" width=\"150\" height=\"150\" \/><\/article>\n<article class=\"spotlight-header-item-2\">\n<h2 style=\"color: #aecc53;\"><strong>Gordon Geoffrey<\/strong><\/h2>\n<h3><em>Gordon Geoffrey est un responsable technique de notre secteur d\u2019affaires eau au Canada.<\/em><\/h3>\n<\/article>\n<\/section>\n                        <\/div>\n                                        <div class=\"cta-container\">\n\n                        <!-- add condition here -->\n                        \n                        <!-- add condition here -->\n                        \n\n                    <\/div>\n                    \n                <\/div>\n            <\/div>\n        <\/div>\n    <\/div>\n\n\n<div class=\"wp-block-columns aecom-centered-column is-layout-flex wp-container-core-columns-is-layout-9d6595d7 wp-block-columns-is-layout-flex\">\n<div class=\"wp-block-column is-layout-flow wp-block-column-is-layout-flow\" style=\"flex-basis:75%\">\n<div class=\"aecom-custom-block block-intro-text\" style=\"margin-top: 0px; margin-bottom: 36px\">\n    <p class=\"editor-emphasized\">\n        Notre <a href=\"https:\/\/aecom.com\/fr-ca\/people-spotlights-ca\/\" target=\"_blank\">s\u00e9rie Pleins feux sur les employ\u00e9s<\/a> vous donne un aper\u00e7u de nos experts techniques \u00e0 travers le monde. Cette semaine, nous vous pr\u00e9sentons un responsable technique de notre secteur d\u2019affaires eau au Canada et vous donnons un aper\u00e7u de son inspiration et de son travail.     <\/p>\n<\/div>\n\n\n<p>Gordon\u202f Geoffrey a fait ses d\u00e9buts dans le secteur en\u202f1979 en tant que technologue apr\u00e8s avoir obtenu un dipl\u00f4me en g\u00e9nie civil. Il concevait alors des projets d\u2019am\u00e9nagement de terrain l\u2019hiver et inspectait les chantiers l\u2019\u00e9t\u00e9. Apr\u00e8s six ans de travail, il est retourn\u00e9 \u00e0 l\u2019universit\u00e9 pour obtenir un dipl\u00f4me en ing\u00e9nierie. Depuis, il travaille au bureau en tant que concepteur et gestionnaire de projet des ressources en eau et en adduction pour des institutions publiques et le secteur priv\u00e9. Au fil des ans, ses t\u00e2ches ont \u00e9volu\u00e9 vers la gestion d\u2019\u00e9quipe, puis vers la gestion de service.\u00a0\u00a0\u00a0\u00a0<\/p>\n\n\n\n<p>Il occupe pr\u00e9sentement le poste de responsable de discipline en g\u00e9nie civil dans le secteur eau de Calgary. Dans le cadre de ses fonctions, il agit \u00e0 titre de gestionnaire de la conception technique pour les services publics et les travaux de g\u00e9nie civil pour une grande vari\u00e9t\u00e9 de projets, y compris des projets de routes et d\u2019autoroutes, de trains l\u00e9gers sur rail, d\u2019eau ainsi que d\u2019usines et de canalisations de traitement des eaux us\u00e9es. Il dirige les \u00e9quipes de conception et interagit directement avec des \u00e9quipes d\u2019autres disciplines afin de veiller \u00e0 ce que chaque projet r\u00e9ponde aux besoins de la client\u00e8le. Il est \u00e9galement responsable du contr\u00f4le g\u00e9n\u00e9ral de la qualit\u00e9 des travaux du secteur eau, agissant comme v\u00e9rificateur principal et membre responsable de l\u2019Association of Professional Engineers and Geoscientists of Alberta (APEGA).&nbsp;&nbsp;<\/p>\n\n\n\n<h3 class=\"wp-block-heading\">Qu\u2019est-ce qui vous a inspir\u00e9 \u00e0 travailler dans ce domaine?&nbsp;<\/h3>\n\n\n\n<p>Enfant, j\u2019avais un grand carr\u00e9 de sable o\u00f9 je construisais des routes complexes avec des ponts et des tunnels. Apr\u00e8s l\u2019\u00e9cole secondaire, j\u2019ai essay\u00e9 diff\u00e9rentes carri\u00e8res sans y prendre plaisir, puis j\u2019ai fini par retourner \u00e0 mes premi\u00e8res amours\u202f: la conception et la construction d\u2019infrastructures civiles.\u202f&nbsp;<\/p>\n\n\n\n<div class=\"aecom-custom-block client-quote-block\" style=\"margin-top: 36px; margin-bottom: 36px\">\n    <p class=\"client-quote-text\" style=\"margin-top: 30px\";>\n        Enfant, j\u2019avais un grand carr\u00e9 de sable o\u00f9 je construisais des routes complexes avec des ponts et des tunnels.    <\/p>\n    <p class=\"client-quote-author\">\n            <\/p>\n    <p class=\"client-quote-title\">\n            <\/p>\n<\/div>\n\n\n<h3 class=\"wp-block-heading\"><strong><strong>Sur quel projet d\u2019AECOM avez-vous le plus aim\u00e9 travailler? Pourquoi?<\/strong><\/strong><\/h3>\n\n\n\n<p>Mon projet favori a \u00e9t\u00e9 l\u2019\u00e9tude sur l\u2019approvisionnement en eau du Nord de Calgary pour la Ville de Calgary, au Canada, o\u00f9 j\u2019\u00e9tais gestionnaire de la conception technique. Nous avons envisag\u00e9 des m\u00e9thodes novatrices pour acheminer un d\u00e9bit \u00e9lev\u00e9 d\u2019eau potable vers le Nord de Calgary afin de r\u00e9duire la d\u00e9pendance envers une conduite de transport d\u2019eau unique, plus ancienne et de grand diam\u00e8tre. Le trac\u00e9 initialement propos\u00e9 pr\u00e9sentait d\u2019importants probl\u00e8mes, notamment des t\u00eates de pompe trop grosses et des co\u00fbts \u00e9nerg\u00e9tiques \u00e9lev\u00e9s, des pressions transitoires tr\u00e8s importantes et de grandes r\u00e9percussions publiques sur plus de 10\u202fkilom\u00e8tres.&nbsp;<\/p>\n\n\n\n<p>Nous avons donc r\u00e9alis\u00e9 un rigoureux processus d\u2019examen du trac\u00e9 et avons d\u00e9cid\u00e9 de creuser des tunnels afin d\u2019\u00e9liminer la n\u00e9cessit\u00e9 de pomper l\u2019eau et d\u2019\u00e9tablir la moiti\u00e9 du trac\u00e9 loin des routes, r\u00e9duisant ainsi les obstacles techniques et op\u00e9rationnels. Gr\u00e2ce \u00e0 une analyse de la valeur actuelle nette, nous avons efficacement prouv\u00e9 que, bien que tr\u00e8s co\u00fbteux, le creusement de tunnels permettrait d\u2019\u00e9conomiser des centaines de millions de dollars sur une p\u00e9riode de 60\u202fans. Ce projet m\u2019a donn\u00e9 la libert\u00e9 de r\u00e9fl\u00e9chir et de travailler hors des sentiers battus, en revoyant des concepts et des id\u00e9es en \u00e9quipe avec notre client avant de proc\u00e9der \u00e0 la conception.&nbsp;<\/p>\n\n\n\n<div class=\"aecom-custom-block client-quote-block\" style=\"margin-top: 36px; margin-bottom: 12px\">\n    <p class=\"client-quote-text\" style=\"margin-top: 30px\";>\n        Pour l\u2019\u00e9tude sur l\u2019approvisionnement en eau du Nord de Calgary pour la Ville de Calgary, nous avons envisag\u00e9 des m\u00e9thodes novatrices pour acheminer un d\u00e9bit \u00e9lev\u00e9 d\u2019eau potable vers le Nord de Calgary afin de r\u00e9duire la d\u00e9pendance envers une conduite de transport d\u2019eau unique, plus ancienne et de grand diam\u00e8tre. Ce projet m\u2019a donn\u00e9 la libert\u00e9 de r\u00e9fl\u00e9chir et de travailler hors des sentiers battus, en revoyant des concepts et des id\u00e9es en \u00e9quipe avec notre client avant de proc\u00e9der \u00e0 la conception.    <\/p>\n    <p class=\"client-quote-author\">\n            <\/p>\n    <p class=\"client-quote-title\">\n            <\/p>\n<\/div>\n\n\n<h3 class=\"wp-block-heading\"><strong><strong> Expliquez-nous en quoi votre travail a des retomb\u00e9es positives sur la collectivit\u00e9.<\/strong><\/strong><\/h3>\n\n\n\n<p>Une grande partie de mon travail d\u2019ing\u00e9nierie consiste \u00e0 donner des conseils pour am\u00e9liorer la qualit\u00e9 de vie des citoyens\u202f\u2013 en am\u00e9liorant la mobilit\u00e9, en r\u00e9duisant les risques et les r\u00e9percussions des inondations, en am\u00e9liorant la r\u00e9silience et la fiabilit\u00e9 des syst\u00e8mes d\u2019eau et d\u2019assainissement de base ainsi qu\u2019en r\u00e9duisant les co\u00fbts d\u2019installation, d\u2019exploitation et d\u2019entretien des infrastructures civiles locales. Voil\u00e0 comment j\u2019am\u00e9liore parfois la vie des collectivit\u00e9s o\u00f9 je travaille.\u202f&nbsp;<\/p>\n\n\n\n<div class=\"aecom-custom-block client-quote-block\" style=\"margin-top: 36px; margin-bottom: 36px\">\n    <p class=\"client-quote-text\" style=\"margin-top: 30px\";>\n        Une grande partie de mon travail d\u2019ing\u00e9nierie consiste \u00e0 donner des conseils pour am\u00e9liorer la qualit\u00e9 de vie des citoyens\u202f\u2013 en am\u00e9liorant la mobilit\u00e9, en r\u00e9duisant les risques et les r\u00e9percussions des inondations, en am\u00e9liorant la r\u00e9silience et la fiabilit\u00e9 des syst\u00e8mes d\u2019eau et d\u2019assainissement de base ainsi qu\u2019en r\u00e9duisant les co\u00fbts d\u2019installation, d\u2019exploitation et d\u2019entretien des infrastructures civiles locales.    <\/p>\n    <p class=\"client-quote-author\">\n            <\/p>\n    <p class=\"client-quote-title\">\n            <\/p>\n<\/div>\n\n\n<h3 class=\"wp-block-heading\"><strong><strong>Quel conseil professionnel aimeriez-vous donner \u00e0 vos coll\u00e8gues?<\/strong><\/strong><\/h3>\n\n\n\n<p>N\u2019arr\u00eatez jamais d\u2019apprendre. Recherchez constamment des occasions d\u2019acqu\u00e9rir de nouvelles connaissances.&nbsp;<\/p>\n\n\n\n<div style=\"height:12px\" aria-hidden=\"true\" class=\"wp-block-spacer\"><\/div>\n\n\n\n<div class=\"wp-block-columns is-layout-flex wp-container-core-columns-is-layout-9d6595d7 wp-block-columns-is-layout-flex\">\n<div class=\"wp-block-column is-vertically-aligned-center is-layout-flow wp-block-column-is-layout-flow\" style=\"flex-basis:50%\">\n<figure class=\"wp-block-image aligncenter size-full is-resized\"><img decoding=\"async\" src=\"https:\/\/aecom.com\/content\/wp-content\/uploads\/2024\/10\/2-2-1024x683-1.jpg\" alt=\"\" class=\"wp-image-136544\" style=\"width:800px;height:auto\"\/><\/figure>\n<\/div>\n<\/div>\n\n\n\n<div style=\"height:36px\" aria-hidden=\"true\" class=\"wp-block-spacer\"><\/div>\n\n\n\n<h3 class=\"wp-block-heading\"><strong>Pleins feux en vedette<\/strong><\/h3>\n\n\n\n<div class=\"wp-block-columns is-layout-flex wp-container-core-columns-is-layout-9d6595d7 wp-block-columns-is-layout-flex\">\n<div class=\"wp-block-column is-layout-flow wp-block-column-is-layout-flow\">    <div class=\"aecom-custom-block single-promo-block\" style=\"background-color: #00353e;margin-top: 0px; margin-bottom: 40px;\">\n                    <div class=\"promo-bg\" style=\"background-image: url('https:\/\/aecom.com\/fr-ca\/wp-content\/uploads\/2024\/10\/header-resized-1-1-scaled-1-scaled.jpg');opacity: 30%\"><\/div>\n                            <div class=\"promo-content\">\n                <h4>Examen approfondi<\/h4>\n                <h2>avec Josh Jones<\/h2>\n                <p>Josh Jones est un gestionnaire de programmes de notre secteur transport au Canada.<\/p>\n                <div class=\"promo-link\">\n                    <a href=\"\/fr-ca\/deep-dive-with-josh-jones\/\"  class=\"aecom-global-cta aecom-global-cta-bold aecom-global-cta-sml aecom-global-cta-e-green-solid\">Lire la suite<\/a>\n                <\/div>\n            <\/div>\n            <\/div><\/div>\n\n\n\n<div class=\"wp-block-column is-layout-flow wp-block-column-is-layout-flow\">    <div class=\"aecom-custom-block single-promo-block\" style=\"background-color: #00353e;margin-top: 0px; margin-bottom: 40px;\">\n                    <div class=\"promo-bg\" style=\"background-image: url('https:\/\/aecom.com\/fr-ca\/wp-content\/uploads\/2024\/10\/header-resized-2.jpg');opacity: 30%\"><\/div>\n                            <div class=\"promo-content\">\n                <h4>Pleins feux sur les employ\u00e9s :<\/h4>\n                <h2>Voici Peter Ellingsen<\/h2>\n                <p>Peter Ellingsen est un gestionnaire en conception de notre secteur d\u2019affaires eau au Canada.<\/p>\n                <div class=\"promo-link\">\n                    <a href=\"\/fr-ca\/people-spotlight-meet-peter-ellingsen\/\"  class=\"aecom-global-cta aecom-global-cta-bold aecom-global-cta-sml aecom-global-cta-e-green-solid\">Lire la suite<\/a>\n                <\/div>\n            <\/div>\n            <\/div><\/div>\n\n\n\n<div class=\"wp-block-column is-layout-flow wp-block-column-is-layout-flow\">    <div class=\"aecom-custom-block single-promo-block\" style=\"background-color: #00353e;margin-top: 0px; margin-bottom: 40px;\">\n                    <div class=\"promo-bg\" style=\"background-image: url('https:\/\/aecom.com\/fr-ca\/wp-content\/uploads\/2024\/10\/imgonline-com-ua-CompressToSize-u8tZSRo9doBi-e1727880863760.jpg');opacity: 30%\"><\/div>\n                            <div class=\"promo-content\">\n                <h4>Pleins feux sur les employ\u00e9s :<\/h4>\n                <h2>Voici Colton Wooster<\/h2>\n                <p>Colton Wooster est  un ing\u00e9nieur g\u00e9otechnique stagiaire bas\u00e9 \u00e0 notre bureau de Winnipeg.<\/p>\n                <div class=\"promo-link\">\n                    <a href=\"\/fr-ca\/people-spotlight-meet-colton-wooster\/\"  class=\"aecom-global-cta aecom-global-cta-bold aecom-global-cta-sml aecom-global-cta-e-green-solid\">Lire la suite<\/a>\n                <\/div>\n            <\/div>\n            <\/div><\/div>\n<\/div>\n<\/div>\n\n\n\n<div class=\"wp-block-column is-layout-flow wp-block-column-is-layout-flow\" style=\"flex-basis:25%\">\n<h3 class=\"wp-block-heading\"><strong>Suivez nos derni\u00e8res mises \u00e0 jour<\/strong><\/h3>\n\n\n\n<div class=\"wp-block-columns conference-social-sidebar is-layout-flex wp-container-core-columns-is-layout-9d6595d7 wp-block-columns-is-layout-flex\">\n<div class=\"wp-block-column is-vertically-aligned-top is-layout-flow wp-block-column-is-layout-flow\" style=\"flex-basis:17%\">\n<figure class=\"wp-block-image size-full\"><a href=\"https:\/\/www.linkedin.com\/company\/aecom\/mycompany\/\" target=\"_blank\" rel=\"noopener\"><img decoding=\"async\" src=\"https:\/\/aecom.com\/content\/wp-content\/uploads\/2024\/09\/2024-icon-linkedin.png\" alt=\"\" class=\"wp-image-132875\"\/><\/a><\/figure>\n<\/div>\n\n\n\n<div class=\"wp-block-column is-vertically-aligned-top is-layout-flow wp-block-column-is-layout-flow\" style=\"flex-basis:83%\">\n<p>AECOM sur LinkedIn<\/p>\n<\/div>\n<\/div>\n\n\n\n<div class=\"wp-block-columns conference-social-sidebar is-layout-flex wp-container-core-columns-is-layout-9d6595d7 wp-block-columns-is-layout-flex\">\n<div class=\"wp-block-column is-vertically-aligned-top is-layout-flow wp-block-column-is-layout-flow\" style=\"flex-basis:17%\">\n<figure class=\"wp-block-image size-full\"><a href=\"https:\/\/www.linkedin.com\/in\/gord-geoffrey\/\" target=\"_blank\" rel=\"noopener\"><img decoding=\"async\" src=\"https:\/\/aecom.com\/content\/wp-content\/uploads\/2024\/09\/2024-icon-linkedin.png\" alt=\"\" class=\"wp-image-132875\"\/><\/a><\/figure>\n<\/div>\n\n\n\n<div class=\"wp-block-column is-vertically-aligned-top is-layout-flow wp-block-column-is-layout-flow\" style=\"flex-basis:83%\">\n<p>Gordon Geoffrey sur LinkedIn<\/p>\n<\/div>\n<\/div>\n\n\n\n<div style=\"height:12px\" aria-hidden=\"true\" class=\"wp-block-spacer\"><\/div>\n\n\n\n<div class=\"aecom-custom-block aecom-careers-sidebar-button\">\n  <ul class=\"sidebar-cta-buttons\">\n          <li class=\"sidebar-cta-btn\">\n        <a href=\"\/fr-ca\/people-spotlights-ca\/\" class=\"cta-btn-label\">\n            <div class=\"label-container\">\n            <h4>Voir nos autres Pleins feux sur les employ\u00e9s <\/h4>\n                            <p>Cliquez ici <i class=\"fas fa-chevron-right\"><\/i><\/p>\n                        <\/div>\n        <\/a>\n      <\/li>\n    \n  <\/ul>\n<\/div><\/div>\n<\/div>\n","protected":false},"excerpt":{"rendered":"<p>Gordon\u202f Geoffrey a fait ses d\u00e9buts dans le secteur en\u202f1979 en tant que technologue apr\u00e8s avoir obtenu un dipl\u00f4me en g\u00e9nie civil. Il concevait alors des projets d\u2019am\u00e9nagement de terrain l\u2019hiver et inspectait les chantiers l\u2019\u00e9t\u00e9. Apr\u00e8s six ans de travail, il est retourn\u00e9 \u00e0 l\u2019universit\u00e9 pour obtenir un dipl\u00f4me en ing\u00e9nierie. Depuis, il travaille&#8230;<\/p>\n","protected":false},"author":701,"featured_media":0,"parent":0,"menu_order":0,"comment_status":"closed","ping_status":"closed","template":"views\/page-careers.blade.php","meta":{"_acf_changed":false,"footnotes":""},"yst_prominent_words":[],"class_list":["post-6326","page","type-page","status-publish","hentry"],"acf":[],"_links":{"self":[{"href":"https:\/\/aecom.com\/fr-ca\/wp-json\/wp\/v2\/pages\/6326","targetHints":{"allow":["GET"]}}],"collection":[{"href":"https:\/\/aecom.com\/fr-ca\/wp-json\/wp\/v2\/pages"}],"about":[{"href":"https:\/\/aecom.com\/fr-ca\/wp-json\/wp\/v2\/types\/page"}],"author":[{"embeddable":true,"href":"https:\/\/aecom.com\/fr-ca\/wp-json\/wp\/v2\/users\/701"}],"replies":[{"embeddable":true,"href":"https:\/\/aecom.com\/fr-ca\/wp-json\/wp\/v2\/comments?post=6326"}],"version-history":[{"count":3,"href":"https:\/\/aecom.com\/fr-ca\/wp-json\/wp\/v2\/pages\/6326\/revisions"}],"predecessor-version":[{"id":6476,"href":"https:\/\/aecom.com\/fr-ca\/wp-json\/wp\/v2\/pages\/6326\/revisions\/6476"}],"wp:attachment":[{"href":"https:\/\/aecom.com\/fr-ca\/wp-json\/wp\/v2\/media?parent=6326"}],"wp:term":[{"taxonomy":"yst_prominent_words","embeddable":true,"href":"https:\/\/aecom.com\/fr-ca\/wp-json\/wp\/v2\/yst_prominent_words?post=6326"}],"curies":[{"name":"wp","href":"https:\/\/api.w.org\/{rel}","templated":true}]}}