{"id":6331,"date":"2024-10-22T00:09:52","date_gmt":"2024-10-22T00:09:52","guid":{"rendered":"https:\/\/aecom.com\/fr-ca\/people-spotlight-meet-zuliana-mawani\/"},"modified":"2024-10-23T18:25:24","modified_gmt":"2024-10-23T18:25:24","slug":"people-spotlight-meet-zuliana-mawani","status":"publish","type":"page","link":"https:\/\/aecom.com\/fr-ca\/people-spotlight-meet-zuliana-mawani\/","title":{"rendered":"Pleins feux sur les employ\u00e9s\u202f: Voici Zuliana Mawani"},"content":{"rendered":"\n    <div class=\"aecom-custom-block careers-header\" style=\"background-color: #00353e; margin-top: 0px; margin-bottom: 40px;\">\n    <div class=\"careers-header-content\">\n                    <div class=\"careers-header-bg\" style=\"background-image: url('https:\/\/aecom.com\/fr-ca\/wp-content\/uploads\/2024\/10\/WP-header-resized-scaled-2-scaled.jpg');opacity: 30%;\"><\/div>\n                    <div class=\"row no-gutters header-container\">\n                <div class=\"col careers-title\">\n                    <div class=\"header-title\">\n                        <p class=\"careers-sub-title\"><\/p>\n                        <h1> Pleins feux sur les employ\u00e9s\u202f: Voici Zuliana Mawani<\/h1>\n                    <\/div>\n                                            <div class=\"header-content\">\n                            <section class=\"spotlight-header-info\">\n<article class=\"spotlight-header-item-1\"><img loading=\"lazy\" decoding=\"async\" class=\"alignnone wp-image-135728 size-full\" src=\"https:\/\/aecom.com\/content\/wp-content\/uploads\/2024\/10\/Zuliana-Mawani-People-Spotlight-150x150-1.png\" alt=\"\" width=\"150\" height=\"150\" \/><\/article>\n<article class=\"spotlight-header-item-2\">\n<h2 style=\"color: #aecc53;\"><strong>Zuliana Mawani<\/strong><\/h2>\n<h3><em>Zuliana est une vice-pr\u00e9sidente et gestionnaire de l\u2019exploitation de notre secteur d\u2019affaires eau au Canada.<\/em><\/h3>\n<\/article>\n<\/section>\n                        <\/div>\n                                        <div class=\"cta-container\">\n\n                        <!-- add condition here -->\n                        \n                        <!-- add condition here -->\n                        \n\n                    <\/div>\n                    \n                <\/div>\n            <\/div>\n        <\/div>\n    <\/div>\n\n\n<div class=\"wp-block-columns aecom-centered-column is-layout-flex wp-container-core-columns-is-layout-9d6595d7 wp-block-columns-is-layout-flex\">\n<div class=\"wp-block-column is-layout-flow wp-block-column-is-layout-flow\" style=\"flex-basis:75%\">\n<div class=\"aecom-custom-block block-intro-text\" style=\"margin-top: 0px; margin-bottom: 36px\">\n    <p class=\"editor-emphasized\">\n        Notre <a href=\"https:\/\/aecom.com\/fr-ca\/people-spotlights-ca\/\" target=\"_blank\">s\u00e9rie Pleins feux sur les employ\u00e9s<\/a> vous donne un aper\u00e7u de nos experts techniques \u00e0 travers le monde. Cette semaine, nous vous pr\u00e9sentons une vice-pr\u00e9sidente et gestionnaire de l\u2019exploitation de notre secteur d\u2019affaires eau au Canada, et nous vous donnons un aper\u00e7u de son inspiration et de son travail.     <\/p>\n<\/div>\n\n\n<p>Zuliana Mawani a plus de 20\u202fans d\u2019exp\u00e9rience en services-conseils dans le secteur de l\u2019eau au Canada. Elle a commenc\u00e9 sa carri\u00e8re chez AECOM en tant qu\u2019ing\u00e9nieure des proc\u00e9d\u00e9s dans le groupe de traitement des eaux us\u00e9es, acqu\u00e9rant une solide base technique et de bonnes connaissances au cours d\u2019une d\u00e9cennie de travail. Elle s\u2019est principalement concentr\u00e9e sur le traitement des eaux us\u00e9es municipales, perfectionnant ses comp\u00e9tences dans l\u2019\u00e9valuation des processus, l\u2019optimisation et la mod\u00e9lisation des usines, ainsi que dans la conception des processus et de la m\u00e9canique. Reconnue pour son approche de gestion collaborative et ses comp\u00e9tences en r\u00e9solution de probl\u00e8mes, elle a toujours su offrir des solutions exceptionnelles \u00e0 ses clients dans le cadre de grands projets li\u00e9s \u00e0 l\u2019eau dans la r\u00e9gion du Grand Toronto (RGT) et en Ontario.&nbsp;<\/p>\n\n\n\n<p>En 2023, Zuliana est retourn\u00e9e chez AECOM pour occuper son poste actuel de vice-pr\u00e9sidente et gestionnaire de l\u2019exploitation pour le secteur de l\u2019eau dans la RGT. Aujourd\u2019hui, elle assure le leadership et l\u2019orientation des activit\u00e9s, notamment la gestion du personnel, le suivi des projets et l\u2019administration des relations avec les clients, afin d\u2019atteindre les objectifs de qualit\u00e9 et de s\u00e9curit\u00e9 tout en respectant les objectifs des clients. La culture du groupe de l\u2019eau lui tient \u00e0 c\u0153ur et elle s\u2019efforce de cr\u00e9er une atmosph\u00e8re o\u00f9 les gens aiment leur travail tout en faisant cro\u00eetre l\u2019entreprise.&nbsp;<\/p>\n\n\n\n<h3 class=\"wp-block-heading\"><strong>Qu\u2019est-ce qui vous a inspir\u00e9e \u00e0 travailler dans ce domaine?\u00a0<\/strong><\/h3>\n\n\n\n<p>J\u2019ai toujours su que je voulais travailler dans une entreprise qui aurait un impact durable sur la communaut\u00e9. J\u2019aime l\u2019aspect \u00ab\u202fr\u00e9solution de probl\u00e8mes\u202f\u00bb de l\u2019ing\u00e9nierie et j\u2019ai une affinit\u00e9 pour les math\u00e9matiques et la physique; c\u2019\u00e9tait donc un choix naturel pour moi. J\u2019ai \u00e9t\u00e9 attir\u00e9e par le secteur de l\u2019eau en raison de ses r\u00e9percussions sur la vie des gens. L\u2019acc\u00e8s \u00e0 l\u2019eau potable et \u00e0 l\u2019assainissement peut \u00eatre un facteur de diff\u00e9renciation dans la r\u00e9ussite d\u2019une communaut\u00e9. L\u2019id\u00e9e de pouvoir r\u00e9soudre des probl\u00e8mes et de contribuer \u00e0 ce service fondamental dont nous avons tous besoin me pla\u00eet.\u00a0<\/p>\n\n\n\n<div class=\"aecom-custom-block client-quote-block\" style=\"margin-top: 36px; margin-bottom: 36px\">\n    <p class=\"client-quote-text\" style=\"margin-top: 30px\";>\n        J\u2019ai toujours su que je voulais travailler dans une entreprise qui aurait un impact durable sur la communaut\u00e9. L\u2019acc\u00e8s \u00e0 l\u2019eau potable et \u00e0 l\u2019assainissement peut \u00eatre un facteur de diff\u00e9renciation dans la r\u00e9ussite d\u2019une communaut\u00e9. L\u2019id\u00e9e de pouvoir r\u00e9soudre des probl\u00e8mes et de contribuer \u00e0 ce service fondamental dont nous avons tous besoin me pla\u00eet.    <\/p>\n    <p class=\"client-quote-author\">\n            <\/p>\n    <p class=\"client-quote-title\">\n            <\/p>\n<\/div>\n\n\n<h3 class=\"wp-block-heading\"><strong><strong>Sur quel projet d\u2019AECOM avez-vous le plus aim\u00e9 travailler? Pourquoi?<\/strong><\/strong><\/h3>\n\n\n\n<p>Au d\u00e9but de ma carri\u00e8re d\u2019ing\u00e9nieure, l\u2019un des premiers projets sur lesquels j\u2019ai travaill\u00e9 a \u00e9t\u00e9 l\u2019agrandissement de la station d\u2019\u00e9puration des eaux us\u00e9es de Clarkson au Canada. C\u2019\u00e9tait mes premiers pas dans le g\u00e9nie municipal et le premier projet o\u00f9 j\u2019ai eu l\u2019occasion de participer activement au processus d\u2019\u00e9laboration de la conception. J\u2019ai eu l\u2019occasion de marquer de mon empreinte cet \u00e9norme projet phare en ing\u00e9nierie des proc\u00e9d\u00e9s de traitement des eaux us\u00e9es en travaillant aux c\u00f4t\u00e9s de nos experts internes. <a href=\"https:\/\/aecom.com\/fr-ca\/press-releases\/aecom-to-provide-design-and-engineering-services-for-the-clarkson-water-resource-recovery-facility-in-ontario\/\" target=\"_blank\" rel=\"noreferrer noopener\">Maintenant que nous avons commenc\u00e9 \u00e0 travailler<\/a> avec l\u2019usine pour son prochain agrandissement, la boucle est boucl\u00e9e. J\u2019ai pu travailler avec l\u2019\u00e9quipe pour d\u00e9crocher le projet et nous sommes maintenant en train de livrer la prochaine phase.\u00a0<\/p>\n\n\n\n<p>C\u2019est un projet tr\u00e8s symbolique; d\u2019abord pour le travail de premi\u00e8re ligne lors de l\u2019ex\u00e9cution, puis au sein de l\u2019\u00e9quipe qui perp\u00e9tue aujourd\u2019hui l\u2019h\u00e9ritage de Clarkson et d\u2019AECOM.&nbsp;<\/p>\n\n\n\n<div class=\"aecom-custom-block client-quote-block\" style=\"margin-top: 36px; margin-bottom: 36px\">\n    <p class=\"client-quote-text\" style=\"margin-top: 30px\";>\n        L\u2019expansion de la station d\u2019\u00e9puration des eaux us\u00e9es de Clarkson au Canada a constitu\u00e9 mes premiers pas dans le g\u00e9nie municipal et le premier projet o\u00f9 j\u2019ai eu l\u2019occasion de participer activement au processus d\u2019\u00e9laboration de la conception. C\u2019est un projet tr\u00e8s symbolique; d\u2019abord pour le travail de premi\u00e8re ligne lors de l\u2019ex\u00e9cution, puis au sein de l\u2019\u00e9quipe qui perp\u00e9tue aujourd\u2019hui l\u2019h\u00e9ritage de Clarkson et d\u2019AECOM.    <\/p>\n    <p class=\"client-quote-author\">\n            <\/p>\n    <p class=\"client-quote-title\">\n            <\/p>\n<\/div>\n\n\n<h3 class=\"wp-block-heading\"><strong><strong>Expliquez-nous en quoi votre travail a des retomb\u00e9es positives sur la collectivit\u00e9.\u00a0<\/strong><\/strong><\/h3>\n\n\n\n<p>Nous avons r\u00e9cemment travaill\u00e9 sur la station d\u2019\u00e9puration de Woodward Avenue, un projet phare pour la ville de Hamilton. Les administrations de la province et de la ville ont lanc\u00e9 ce projet dans le but d\u2019am\u00e9liorer l\u2019\u00e9tat et la sant\u00e9 g\u00e9n\u00e9rale de l\u2019\u00e9cosyst\u00e8me aquatique du port de Hamilton et de transformer la plage en un espace utilisable par la communaut\u00e9. Ce projet est en cours depuis tr\u00e8s longtemps avec plusieurs partenaires du secteur, et il s\u2019est av\u00e9r\u00e9 tr\u00e8s difficile. En effet, il s\u2019agit de la plus grande usine utilisant la technologie de filtre \u00e0 disque et les taux d\u2019\u00e9limination des contaminants exig\u00e9s sont parmi les plus \u00e9lev\u00e9s de toutes les usines de la province. \u202f&nbsp;<\/p>\n\n\n\n<p>AECOM est un acteur de premier plan dans ce projet et, gr\u00e2ce \u00e0 des ann\u00e9es de travail et d\u2019efforts, nous avons mis en place des seuils de traitement plus \u00e9lev\u00e9s qui produiront une eau plus propre que ce qui est normalement requis pour une station d\u2019\u00e9puration, ce qui n\u2019a jamais \u00e9t\u00e9 fait auparavant. Un tel traitement n\u2019a jamais \u00e9t\u00e9 vu \u00e0 cette \u00e9chelle dans la province et probablement dans tout le pays. Nous constatons des retomb\u00e9es positives tangibles sur la sant\u00e9 du port de Hamilton, en rendant l\u2019eau plus saine pour la baignade et l\u2019habitat aquatique.&nbsp;<\/p>\n\n\n\n<p>Le projet a \u00e9galement \u00e9t\u00e9 transform\u00e9 en un lieu d\u2019\u00e9ducation, puisque nous avons incorpor\u00e9 un syst\u00e8me de sentiers derri\u00e8re l\u2019installation. Les sentiers et les passerelles comportent de nombreux composants interactifs et des stations d\u2019apprentissage o\u00f9 la communaut\u00e9 peut venir d\u00e9couvrir la contribution de chaque installation \u00e0 l\u2019usine de traitement de l\u2019eau potable et des eaux us\u00e9es, ainsi que la mani\u00e8re dont elle est utilis\u00e9e et g\u00e9r\u00e9e au sein de la ville. Ce projet sera bient\u00f4t achev\u00e9 et laissera des traces durables dans la ville et chez les habitants de Hamilton.&nbsp;<\/p>\n\n\n\n<div class=\"aecom-custom-block client-quote-block\" style=\"margin-top: 36px; margin-bottom: 36px\">\n    <p class=\"client-quote-text\" style=\"margin-top: 30px\";>\n        Une fois achev\u00e9e, la station d\u2019\u00e9puration de Woodward Avenue, un projet phare pour la ville de Hamilton, am\u00e9liorera l\u2019\u00e9tat et la sant\u00e9 g\u00e9n\u00e9rale de l\u2019\u00e9cosyst\u00e8me aquatique du port de Hamilton et transformera la plage en un espace utilisable par la communaut\u00e9. AECOM est un acteur de premier plan dans ce projet et, gr\u00e2ce \u00e0 des ann\u00e9es de travail et d\u2019efforts, nous avons mis en place des seuils de traitement plus \u00e9lev\u00e9s qui produiront une eau plus propre que ce qui est normalement requis pour une station d\u2019\u00e9puration, ce qui n\u2019a jamais \u00e9t\u00e9 fait auparavant. Nous constatons des retomb\u00e9es positives tangibles sur la sant\u00e9 du port de Hamilton, en rendant l\u2019eau plus saine pour la baignade et l\u2019habitat aquatique.    <\/p>\n    <p class=\"client-quote-author\">\n            <\/p>\n    <p class=\"client-quote-title\">\n            <\/p>\n<\/div>\n\n\n<h3 class=\"wp-block-heading\"><strong><strong>Quel conseil professionnel aimeriez-vous donner \u00e0 vos coll\u00e8gues?\u00a0<\/strong><\/strong><\/h3>\n\n\n\n<p>J\u2019ai toujours \u00e9t\u00e9 ambitieuse et j\u2019ai accept\u00e9 plusieurs occasions qui se sont pr\u00e9sent\u00e9es \u00e0 moi. Des gens m\u2019ont dit\u202f: \u00ab\u202fNon, tu n\u2019es pas pr\u00eate pour \u00e7a\u202f\u00bb, \u00ab\u202fCe n\u2019est pas ton heure\u202f\u00bb, \u00ab\u202fTu n\u2019es pas assez bonne pour \u00e7a\u202f\u00bb et \u00ab\u202fCe n\u2019est pas ta branche\u202f\u00bb, et parfois, ils avaient raison! Mais \u00e7a ne m\u2019a pas arr\u00eat\u00e9e. J\u2019ai pris du recul pour me ressaisir et r\u00e9fl\u00e9chir \u00e0 ce que je devais faire. Puis, je suis all\u00e9e de l\u2019avant.&nbsp;<\/p>\n\n\n\n<p>Mon conseil est de continuer \u00e0 avancer. Ne laissez pas quelqu\u2019un d\u2019autre d\u00e9terminer o\u00f9 les choses doivent s\u2019arr\u00eater pour vous.&nbsp;<\/p>\n\n\n\n<div style=\"height:36px\" aria-hidden=\"true\" class=\"wp-block-spacer\"><\/div>\n\n\n\n<h3 class=\"wp-block-heading\"><strong>Pleins feux en vedette<\/strong><\/h3>\n\n\n\n<div class=\"wp-block-columns is-layout-flex wp-container-core-columns-is-layout-9d6595d7 wp-block-columns-is-layout-flex\">\n<div class=\"wp-block-column is-layout-flow wp-block-column-is-layout-flow\">    <div class=\"aecom-custom-block single-promo-block\" style=\"background-color: #00353e;margin-top: 0px; margin-bottom: 40px;\">\n                    <div class=\"promo-bg\" style=\"background-image: url('https:\/\/aecom.com\/fr-ca\/wp-content\/uploads\/2024\/10\/imgonline-com-ua-CompressToSize-u8tZSRo9doBi-e1727880863760.jpg');opacity: 30%\"><\/div>\n                            <div class=\"promo-content\">\n                <h4> Pleins feux sur les employ\u00e9s\u202f:<\/h4>\n                <h2>Voici Colton Wooster<\/h2>\n                <p>Colton Wooster est un ing\u00e9nieur g\u00e9otechnique stagiaire bas\u00e9 \u00e0 notre bureau de Winnipeg.<\/p>\n                <div class=\"promo-link\">\n                    <a href=\"\/fr-ca\/people-spotlight-meet-colton-wooster\/\"  class=\"aecom-global-cta aecom-global-cta-bold aecom-global-cta-sml aecom-global-cta-e-green-solid\">Lire la suite<\/a>\n                <\/div>\n            <\/div>\n            <\/div><\/div>\n\n\n\n<div class=\"wp-block-column is-layout-flow wp-block-column-is-layout-flow\">    <div class=\"aecom-custom-block single-promo-block\" style=\"background-color: #00353e;margin-top: 0px; margin-bottom: 40px;\">\n                    <div class=\"promo-bg\" style=\"background-image: url('https:\/\/aecom.com\/fr-ca\/wp-content\/uploads\/2024\/10\/LE-header.jpg');opacity: 30%\"><\/div>\n                            <div class=\"promo-content\">\n                <h4> Pleins feux sur les employ\u00e9s\u202f:<\/h4>\n                <h2>Voici Lamiaa Eldakhly<\/h2>\n                <p>Lamiaa is a senior systems interface and integration manager from our Transit and Rail business.<\/p>\n                <div class=\"promo-link\">\n                    <a href=\"\/fr-ca\/people-spotlight-meet-lamiaa-eldakhly\/\"  class=\"aecom-global-cta aecom-global-cta-bold aecom-global-cta-sml aecom-global-cta-e-green-solid\">Lire la suite<\/a>\n                <\/div>\n            <\/div>\n            <\/div><\/div>\n\n\n\n<div class=\"wp-block-column is-layout-flow wp-block-column-is-layout-flow\">    <div class=\"aecom-custom-block single-promo-block\" style=\"background-color: #00353e;margin-top: 0px; margin-bottom: 40px;\">\n                    <div class=\"promo-bg\" style=\"background-image: url('https:\/\/aecom.com\/fr-ca\/wp-content\/uploads\/2024\/10\/Ashbridges-Bay-Treatment-Plant-201909-19-resized-1-1024x682-2.jpg');opacity: 30%\"><\/div>\n                            <div class=\"promo-content\">\n                <h4> Pleins feux sur les employ\u00e9s\u202f:<\/h4>\n                <h2>Voici Cosmin Chiselencu<\/h2>\n                <p>Cosmin Chiselencu est un ing\u00e9nieur r\u00e9sident de notre secteur d&#8217;activit\u00e9 Eau de la r\u00e9gion Canada.<\/p>\n                <div class=\"promo-link\">\n                    <a href=\"\/fr-ca\/people-spotlight-meet-cosmin-chiselencu\/\"  class=\"aecom-global-cta aecom-global-cta-bold aecom-global-cta-sml aecom-global-cta-e-green-solid\">Lire la suite<\/a>\n                <\/div>\n            <\/div>\n            <\/div><\/div>\n<\/div>\n<\/div>\n\n\n\n<div class=\"wp-block-column is-layout-flow wp-block-column-is-layout-flow\" style=\"flex-basis:25%\">\n<h3 class=\"wp-block-heading\"><strong>Suivez nos derni\u00e8res mises \u00e0 jour<\/strong><\/h3>\n\n\n\n<div class=\"wp-block-columns conference-social-sidebar is-layout-flex wp-container-core-columns-is-layout-9d6595d7 wp-block-columns-is-layout-flex\">\n<div class=\"wp-block-column is-vertically-aligned-top is-layout-flow wp-block-column-is-layout-flow\" style=\"flex-basis:17%\">\n<figure class=\"wp-block-image size-full\"><a href=\"https:\/\/www.linkedin.com\/company\/aecom\/mycompany\/\" target=\"_blank\" rel=\"noopener\"><img decoding=\"async\" src=\"https:\/\/aecom.com\/content\/wp-content\/uploads\/2024\/09\/2024-icon-linkedin.png\" alt=\"\" class=\"wp-image-132875\"\/><\/a><\/figure>\n<\/div>\n\n\n\n<div class=\"wp-block-column is-vertically-aligned-top is-layout-flow wp-block-column-is-layout-flow\" style=\"flex-basis:83%\">\n<p>AECOM sur LinkedIn<\/p>\n<\/div>\n<\/div>\n\n\n\n<div class=\"wp-block-columns conference-social-sidebar is-layout-flex wp-container-core-columns-is-layout-9d6595d7 wp-block-columns-is-layout-flex\">\n<div class=\"wp-block-column is-vertically-aligned-top is-layout-flow wp-block-column-is-layout-flow\" style=\"flex-basis:17%\">\n<figure class=\"wp-block-image size-full\"><a href=\"https:\/\/www.linkedin.com\/in\/zuliana-mawani-1431061a9\/?originalSubdomain=ca\" target=\"_blank\" rel=\"noopener\"><img decoding=\"async\" src=\"https:\/\/aecom.com\/content\/wp-content\/uploads\/2024\/09\/2024-icon-linkedin.png\" alt=\"\" class=\"wp-image-132875\"\/><\/a><\/figure>\n<\/div>\n\n\n\n<div class=\"wp-block-column is-vertically-aligned-top is-layout-flow wp-block-column-is-layout-flow\" style=\"flex-basis:83%\">\n<p>Zuliana Mawani sur LinkedIn<\/p>\n<\/div>\n<\/div>\n\n\n\n<div style=\"height:12px\" aria-hidden=\"true\" class=\"wp-block-spacer\"><\/div>\n\n\n\n<div class=\"aecom-custom-block aecom-careers-sidebar-button\">\n  <ul class=\"sidebar-cta-buttons\">\n          <li class=\"sidebar-cta-btn\">\n        <a href=\"\/fr-ca\/people-spotlights-ca\/\" class=\"cta-btn-label\">\n            <div class=\"label-container\">\n            <h4>Voir nos autres Pleins feux sur les employ\u00e9s <\/h4>\n                            <p>Cliquez ici <i class=\"fas fa-chevron-right\"><\/i><\/p>\n                        <\/div>\n        <\/a>\n      <\/li>\n    \n  <\/ul>\n<\/div><\/div>\n<\/div>\n","protected":false},"excerpt":{"rendered":"<p>Zuliana Mawani a plus de 20\u202fans d\u2019exp\u00e9rience en services-conseils dans le secteur de l\u2019eau au Canada. Elle a commenc\u00e9 sa carri\u00e8re chez AECOM en tant qu\u2019ing\u00e9nieure des proc\u00e9d\u00e9s dans le groupe de traitement des eaux us\u00e9es, acqu\u00e9rant une solide base technique et de bonnes connaissances au cours d\u2019une d\u00e9cennie de travail. Elle s\u2019est principalement concentr\u00e9e&#8230;<\/p>\n","protected":false},"author":701,"featured_media":0,"parent":0,"menu_order":0,"comment_status":"closed","ping_status":"closed","template":"views\/page-careers.blade.php","meta":{"_acf_changed":false,"footnotes":""},"yst_prominent_words":[],"class_list":["post-6331","page","type-page","status-publish","hentry"],"acf":[],"_links":{"self":[{"href":"https:\/\/aecom.com\/fr-ca\/wp-json\/wp\/v2\/pages\/6331","targetHints":{"allow":["GET"]}}],"collection":[{"href":"https:\/\/aecom.com\/fr-ca\/wp-json\/wp\/v2\/pages"}],"about":[{"href":"https:\/\/aecom.com\/fr-ca\/wp-json\/wp\/v2\/types\/page"}],"author":[{"embeddable":true,"href":"https:\/\/aecom.com\/fr-ca\/wp-json\/wp\/v2\/users\/701"}],"replies":[{"embeddable":true,"href":"https:\/\/aecom.com\/fr-ca\/wp-json\/wp\/v2\/comments?post=6331"}],"version-history":[{"count":2,"href":"https:\/\/aecom.com\/fr-ca\/wp-json\/wp\/v2\/pages\/6331\/revisions"}],"predecessor-version":[{"id":6440,"href":"https:\/\/aecom.com\/fr-ca\/wp-json\/wp\/v2\/pages\/6331\/revisions\/6440"}],"wp:attachment":[{"href":"https:\/\/aecom.com\/fr-ca\/wp-json\/wp\/v2\/media?parent=6331"}],"wp:term":[{"taxonomy":"yst_prominent_words","embeddable":true,"href":"https:\/\/aecom.com\/fr-ca\/wp-json\/wp\/v2\/yst_prominent_words?post=6331"}],"curies":[{"name":"wp","href":"https:\/\/api.w.org\/{rel}","templated":true}]}}