{"id":6335,"date":"2024-10-22T00:10:56","date_gmt":"2024-10-22T00:10:56","guid":{"rendered":"https:\/\/aecom.com\/fr-ca\/people-spotlight-meet-lamiaa-eldakhly\/"},"modified":"2024-10-23T19:44:37","modified_gmt":"2024-10-23T19:44:37","slug":"people-spotlight-meet-lamiaa-eldakhly","status":"publish","type":"page","link":"https:\/\/aecom.com\/fr-ca\/people-spotlight-meet-lamiaa-eldakhly\/","title":{"rendered":"Pleins feux sur les employ\u00e9s\u202f: Voici Lamiaa Eldakhly"},"content":{"rendered":"\n    <div class=\"aecom-custom-block careers-header\" style=\"background-color: #00353e; margin-top: 0px; margin-bottom: 40px;\">\n    <div class=\"careers-header-content\">\n                    <div class=\"careers-header-bg\" style=\"background-image: url('https:\/\/aecom.com\/fr-ca\/wp-content\/uploads\/2024\/10\/LE-header.jpg');opacity: 30%;\"><\/div>\n                    <div class=\"row no-gutters header-container\">\n                <div class=\"col careers-title\">\n                    <div class=\"header-title\">\n                        <p class=\"careers-sub-title\"><\/p>\n                        <h1>Pleins feux sur les employ\u00e9s\u202f: Voici Lamiaa Eldakhly<\/h1>\n                    <\/div>\n                                            <div class=\"header-content\">\n                            <section class=\"spotlight-header-info\">\n<article class=\"spotlight-header-item-1\"><img loading=\"lazy\" decoding=\"async\" class=\"alignnone wp-image-135764 size-full\" src=\"https:\/\/aecom.com\/content\/wp-content\/uploads\/2024\/10\/Lamiaa-Eldakhly-People-Spotlight-150x150-1.png\" alt=\"\" width=\"150\" height=\"150\" \/><\/article>\n<article class=\"spotlight-header-item-2\">\n<h2 style=\"color: #aecc53;\"><strong>Lamiaa Eldakhly<\/strong><\/h2>\n<h3><em>Lamiaa est une gestionnaire principale d\u2019interface et d\u2019int\u00e9gration de syst\u00e8mes de notre secteur du transport en commun et du chemin de fer dans la r\u00e9gion Canada.<\/em><\/h3>\n<\/article>\n<\/section>\n                        <\/div>\n                                        <div class=\"cta-container\">\n\n                        <!-- add condition here -->\n                        \n                        <!-- add condition here -->\n                        \n\n                    <\/div>\n                    \n                <\/div>\n            <\/div>\n        <\/div>\n    <\/div>\n\n\n<div class=\"wp-block-columns aecom-centered-column is-layout-flex wp-container-core-columns-is-layout-9d6595d7 wp-block-columns-is-layout-flex\">\n<div class=\"wp-block-column is-layout-flow wp-block-column-is-layout-flow\" style=\"flex-basis:75%\">\n<div class=\"aecom-custom-block block-intro-text\" style=\"margin-top: 0px; margin-bottom: 36px\">\n    <p class=\"editor-emphasized\">\n        Notre <a href=\"https:\/\/aecom.com\/fr-ca\/people-spotlights-ca\/\" target=\"_blank\">s\u00e9rie Pleins feux sur les employ\u00e9s<\/a> vous donne un aper\u00e7u de nos experts techniques \u00e0 travers le monde. Cette semaine, nous vous pr\u00e9sentons une gestionnaire principale d\u2019interface et d\u2019int\u00e9gration de syst\u00e8mes de notre secteur du transport en commun et du chemin de fer dans la r\u00e9gion Canada, et nous offrons un aper\u00e7u de ses sources d\u2019inspiration et de son travail.     <\/p>\n<\/div>\n\n\n<p>Lamiaa Eldakhly poss\u00e8de plus de 25\u202fans d\u2019exp\u00e9rience dans le secteur ferroviaire, \u0153uvrant sur des m\u00e9gaprojets de chemin de fer en Afrique et au Moyen-Orient. Tout au long de son parcours, elle s\u2019est sp\u00e9cialis\u00e9e en interface et en int\u00e9gration de syst\u00e8mes, collaborant avec des coll\u00e8gues provenant de diverses disciplines, telles que l\u2019architecture, les communications, les signaux et les t\u00e9l\u00e9communications ainsi que le g\u00e9nie civil, m\u00e9canique, \u00e9lectrique et de plomberie afin de cr\u00e9er des solutions coh\u00e9rentes pour les syst\u00e8mes. Lamiaa travaille \u00e9galement en \u00e9troite collaboration avec des clients et entrepreneurs pour d\u00e9finir, superviser et contr\u00f4ler les processus d\u2019int\u00e9gration des syst\u00e8mes, garantissant des syst\u00e8mes de qualit\u00e9 et pleinement int\u00e9gr\u00e9s.\u00a0<\/p>\n\n\n\n<h3 class=\"wp-block-heading\"><strong>Qu\u2019est-ce qui vous a inspir\u00e9 \u00e0 travailler dans ce domaine?\u00a0<\/strong><\/h3>\n\n\n\n<p>J\u2019ai toujours aim\u00e9 \u00e9tudier les math\u00e9matiques et la pens\u00e9e logique, et c\u2019est pourquoi j\u2019ai voulu \u00e9tudier en g\u00e9nie. Apr\u00e8s avoir obtenu mon baccalaur\u00e9at, j\u2019ai voulu rejoindre le secteur du transport public qui dessert les gens dans leur vie quotidienne \u2013\u202fet am\u00e9liore leur mobilit\u00e9 personnelle ainsi que leur acc\u00e8s \u00e0 des emplois, \u00e0 l\u2019\u00e9ducation ainsi qu\u2019\u00e0 des activit\u00e9s de loisirs..&nbsp;&nbsp;<\/p>\n\n\n\n<p>Apr\u00e8s ma graduation, j\u2019ai eu la chance d\u2019\u00eatre impliqu\u00e9e dans le projet de la ligne\u202f2 du m\u00e9tro du Caire, lors duquel j\u2019ai ador\u00e9 apprendre les d\u00e9tails du syst\u00e8me et des sous-syst\u00e8mes, tels que l\u2019alimentation de traction, la communication et la signalisation ainsi que la fa\u00e7on dont ces derniers sont int\u00e9gr\u00e9s pour former un syst\u00e8me de transport robuste. Pour chaque projet sur lequel je travaille, il y a toujours des d\u00e9fis \u00e0 rencontrer et de nouvelles le\u00e7ons \u00e0 apprendre et \u00e0 appliquer aux futurs projets. C\u2019est pourquoi je crois que ce secteur est exactement l\u2019endroit o\u00f9 je dois \u00eatre.&nbsp;&nbsp;<\/p>\n\n\n\n<div class=\"aecom-custom-block client-quote-block\" style=\"margin-top: 36px; margin-bottom: 36px\">\n    <p class=\"client-quote-text\" style=\"margin-top: 30px\";>\n        Apr\u00e8s avoir obtenu mon baccalaur\u00e9at, j\u2019ai voulu rejoindre le secteur du transport public qui dessert les gens dans leur vie quotidienne \u2013 et am\u00e9liore leur mobilit\u00e9 personnelle ainsi que leur acc\u00e8s \u00e0 des emplois, \u00e0 l\u2019\u00e9ducation ainsi qu\u2019\u00e0 des activit\u00e9s de loisirs.    <\/p>\n    <p class=\"client-quote-author\">\n            <\/p>\n    <p class=\"client-quote-title\">\n            <\/p>\n<\/div>\n\n\n<h3 class=\"wp-block-heading\"><strong><strong>Sur quel projet d\u2019AECOM avez-vous le plus aim\u00e9 travailler? Pourquoi?\u00a0<\/strong><\/strong><\/h3>\n\n\n\n<p>Mon projet favori est celui sur lequel je travaille pr\u00e9sentement, le projet de transport ferroviaire Finch West en Ontario, \u00e0 titre de gestionnaire de projet principale des syst\u00e8mes. En tant que conseill\u00e8re technique pour ce projet, notre \u00e9quipe a travaill\u00e9 avec notre client, Metrolinx, ainsi que l\u2019entrepreneur, afin de mener ce projet \u00e0 bien tout en respectant toutes les exigences en mati\u00e8re de s\u00e9curit\u00e9 ainsi que les plus r\u00e9centes normes technologiques.&nbsp;&nbsp;<\/p>\n\n\n\n<p>Le projet en est maintenant \u00e0 la phase de la mise en service. Si quelques d\u00e9fis se sont pr\u00e9sent\u00e9s \u00e0 l\u2019int\u00e9gration des syst\u00e8mes et des m\u00e9tros l\u00e9gers, nous avons proc\u00e9d\u00e9 \u00e0 des rencontres fr\u00e9quentes avec les parties prenantes pour discuter et r\u00e9soudre les enjeux li\u00e9s \u00e0 l\u2019interface, et nous avons fr\u00e9quemment travaill\u00e9 avec l\u2019op\u00e9rateur pour r\u00e9pondre \u00e0 leurs exigences dans un d\u00e9lai raisonnable. Collaborer avec une \u00e9quipe tr\u00e8s coop\u00e9rative et motiv\u00e9e afin de relever ces d\u00e9fis \u00e9tait la meilleure partie de ce projet. Une fois compl\u00e9t\u00e9, ce nouveau r\u00e9seau offrira un acc\u00e8s plus que bienvenu au transport en commun \u00e0 une communaut\u00e9 mal desservie.&nbsp;<\/p>\n\n\n\n<div class=\"aecom-custom-block client-quote-block\" style=\"margin-top: 36px; margin-bottom: 12px\">\n    <p class=\"client-quote-text\" style=\"margin-top: 30px\";>\n        Si quelques d\u00e9fis se sont pr\u00e9sent\u00e9s \u00e0 l\u2019int\u00e9gration des syst\u00e8mes et des m\u00e9tros l\u00e9gers, nous avons proc\u00e9d\u00e9 \u00e0 des rencontres fr\u00e9quentes avec les parties prenantes pour discuter et r\u00e9soudre les enjeux li\u00e9s \u00e0 l\u2019interface, et nous avons fr\u00e9quemment travaill\u00e9 avec l\u2019op\u00e9rateur pour r\u00e9pondre \u00e0 leurs exigences dans un d\u00e9lai raisonnable. Collaborer avec une \u00e9quipe tr\u00e8s coop\u00e9rative et motiv\u00e9e afin de relever ces d\u00e9fis \u00e9tait la meilleure partie de ce projet. Une fois compl\u00e9t\u00e9, ce nouveau r\u00e9seau offrira un acc\u00e8s plus que bienvenu au transport en commun \u00e0 une communaut\u00e9 mal desservie.    <\/p>\n    <p class=\"client-quote-author\">\n            <\/p>\n    <p class=\"client-quote-title\">\n            <\/p>\n<\/div>\n\n\n<div class=\"wp-block-columns is-layout-flex wp-container-core-columns-is-layout-9d6595d7 wp-block-columns-is-layout-flex\">\n<div class=\"wp-block-column is-layout-flow wp-block-column-is-layout-flow\">\n<figure class=\"wp-block-image size-full\"><img decoding=\"async\" src=\"https:\/\/aecom.com\/content\/wp-content\/uploads\/2024\/10\/artistic_rendering_of_finch_lrt_finch_keele.jpg\" alt=\"\" class=\"wp-image-135777\"\/><\/figure>\n<\/div>\n\n\n\n<div class=\"wp-block-column is-layout-flow wp-block-column-is-layout-flow\">\n<figure class=\"wp-block-image size-full\"><img decoding=\"async\" src=\"https:\/\/aecom.com\/content\/wp-content\/uploads\/2024\/10\/artistic_rendering_of_finch_lrt_humber.jpg\" alt=\"\" class=\"wp-image-135778\"\/><\/figure>\n<\/div>\n<\/div>\n\n\n\n<p class=\"has-text-align-center has-small-font-size\"><em>Rendu artistique du m\u00e9tro l\u00e9ger sur rail Finch West en Ontario, Canada<\/em><\/p>\n\n\n\n<div style=\"height:12px\" aria-hidden=\"true\" class=\"wp-block-spacer\"><\/div>\n\n\n\n<h3 class=\"wp-block-heading\"><strong><strong>Expliquez-nous en quoi votre travail a des retomb\u00e9es positives sur la collectivit\u00e9.\u00a0<\/strong><\/strong><\/h3>\n\n\n\n<p>Le projet de transport ferroviaire Finch West est situ\u00e9 pr\u00e8s de communaut\u00e9s identifi\u00e9es par la ville de Toronto comme \u00e9tant des zones d\u2019am\u00e9lioration des quartiers, n\u00e9cessitant davantage de soutien social et \u00e9conomique. Le corridor Finch West abrite plus de 3\u202f500\u202fentreprises industrielles et commerciales prosp\u00e8res, mais ses r\u00e9sidents subissent des taux \u00e9lev\u00e9s de ch\u00f4mage et de faibles revenus. De plus, ils ne se situent pas \u00e0 distance de marche des lieux de rencontres communautaires, des espaces verts et des magasins d\u2019aliments sains. Un nouveau syst\u00e8me de transport ferroviaire dans le secteur am\u00e9liorera l\u2019acc\u00e8s aux installations communautaires, aux espaces r\u00e9cr\u00e9atifs et aux occasions d\u2019emploi et d\u2019\u00e9ducation. Le corridor b\u00e9n\u00e9ficiera d\u2019un meilleur acc\u00e8s vers le Humber College de la ville ainsi que vers les voisinages et services \u00e0 proximit\u00e9, notamment les circuits d\u2019autobus de rabattement, les chemins pi\u00e9tonniers vers la Humber River Valley, les parcs, les zones \u00e0 usage mixte et les espaces communautaires.\u00a0\u00a0<\/p>\n\n\n\n<div class=\"aecom-custom-block client-quote-block\" style=\"margin-top: 36px; margin-bottom: 36px\">\n    <p class=\"client-quote-text\" style=\"margin-top: 30px\";>\n        Le corridor Finch West abrite plus de 3 500 entreprises industrielles et commerciales prosp\u00e8res, mais ses r\u00e9sidents subissent des taux \u00e9lev\u00e9s de ch\u00f4mage et de faibles revenus. De plus, ils ne se situent pas \u00e0 distance de marche des lieux de rencontres communautaires, des espaces verts et des magasins d\u2019aliments sains. Un nouveau syst\u00e8me de transport ferroviaire dans le secteur am\u00e9liorera l\u2019acc\u00e8s aux installations communautaires, aux espaces r\u00e9cr\u00e9atifs et aux occasions d\u2019emploi et d\u2019\u00e9ducation.    <\/p>\n    <p class=\"client-quote-author\">\n            <\/p>\n    <p class=\"client-quote-title\">\n            <\/p>\n<\/div>\n\n\n<h3 class=\"wp-block-heading\"><strong><strong>Quel conseil professionnel aimeriez-vous donner \u00e0 vos coll\u00e8gues?<\/strong><\/strong><\/h3>\n\n\n\n<p>Continuez \u00e0 apprendre et \u00e0 vous tenir \u00e0 jour quant aux derni\u00e8res tendances et pratiques d\u2019excellence dans votre domaine d\u2019expertise. Restez toujours passionn\u00e9 de ce que vous faites et soyez ouvert(e) \u00e0 explorer les occasions de faire cro\u00eetre votre carri\u00e8re.\u00a0\u00a0<\/p>\n\n\n\n<div style=\"height:36px\" aria-hidden=\"true\" class=\"wp-block-spacer\"><\/div>\n\n\n\n<h3 class=\"wp-block-heading\"><strong>Pleins feux en vedette<\/strong><\/h3>\n\n\n\n<div class=\"wp-block-columns is-layout-flex wp-container-core-columns-is-layout-9d6595d7 wp-block-columns-is-layout-flex\">\n<div class=\"wp-block-column is-layout-flow wp-block-column-is-layout-flow\">    <div class=\"aecom-custom-block single-promo-block\" style=\"background-color: #00353e;margin-top: 0px; margin-bottom: 40px;\">\n                    <div class=\"promo-bg\" style=\"background-image: url('https:\/\/aecom.com\/fr-ca\/wp-content\/uploads\/2024\/10\/imgonline-com-ua-CompressToSize-u8tZSRo9doBi-e1727880863760.jpg');opacity: 30%\"><\/div>\n                            <div class=\"promo-content\">\n                <h4> Pleins feux sur les employ\u00e9s\u202f:<\/h4>\n                <h2>Voici Colton Wooster<\/h2>\n                <p>Colton Wooster est un ing\u00e9nieur g\u00e9otechnique stagiaire bas\u00e9 \u00e0 notre bureau de Winnipeg.<\/p>\n                <div class=\"promo-link\">\n                    <a href=\"\/fr-ca\/people-spotlight-meet-colton-wooster\/\"  class=\"aecom-global-cta aecom-global-cta-bold aecom-global-cta-sml aecom-global-cta-e-green-solid\">Lire la suite<\/a>\n                <\/div>\n            <\/div>\n            <\/div><\/div>\n\n\n\n<div class=\"wp-block-column is-layout-flow wp-block-column-is-layout-flow\">    <div class=\"aecom-custom-block single-promo-block\" style=\"background-color: #00353e;margin-top: 0px; margin-bottom: 40px;\">\n                    <div class=\"promo-bg\" style=\"background-image: url('https:\/\/aecom.com\/fr-ca\/wp-content\/uploads\/2024\/10\/WP-header-resized-scaled-2-scaled.jpg');opacity: 30%\"><\/div>\n                            <div class=\"promo-content\">\n                <h4> Pleins feux sur les employ\u00e9s\u202f:<\/h4>\n                <h2>Voici Zuliana Mawani<\/h2>\n                <p>Zuliana est une vice-pr\u00e9sidente et gestionnaire de l\u2019exploitation de notre secteur d&#8217;eau au Canada.<\/p>\n                <div class=\"promo-link\">\n                    <a href=\"\/fr-ca\/people-spotlight-meet-zuliana-mawani\/\"  class=\"aecom-global-cta aecom-global-cta-bold aecom-global-cta-sml aecom-global-cta-e-green-solid\">Lire la suite<\/a>\n                <\/div>\n            <\/div>\n            <\/div><\/div>\n\n\n\n<div class=\"wp-block-column is-layout-flow wp-block-column-is-layout-flow\">    <div class=\"aecom-custom-block single-promo-block\" style=\"background-color: #00353e;margin-top: 0px; margin-bottom: 40px;\">\n                    <div class=\"promo-bg\" style=\"background-image: url('https:\/\/aecom.com\/fr-ca\/wp-content\/uploads\/2024\/10\/Ashbridges-Bay-Treatment-Plant-201909-19-resized-1-1024x682-2.jpg');opacity: 30%\"><\/div>\n                            <div class=\"promo-content\">\n                <h4> Pleins feux sur les employ\u00e9s\u202f:<\/h4>\n                <h2>Voici Cosmin Chiselencu<\/h2>\n                <p>Cosmin Chiselencu est un ing\u00e9nieur r\u00e9sident de notre secteur d&#8217;activit\u00e9 Eau de la r\u00e9gion Canada.<\/p>\n                <div class=\"promo-link\">\n                    <a href=\"\/fr-ca\/people-spotlight-meet-cosmin-chiselencu\/\"  class=\"aecom-global-cta aecom-global-cta-bold aecom-global-cta-sml aecom-global-cta-e-green-solid\">Lire la suite<\/a>\n                <\/div>\n            <\/div>\n            <\/div><\/div>\n<\/div>\n<\/div>\n\n\n\n<div class=\"wp-block-column is-layout-flow wp-block-column-is-layout-flow\" style=\"flex-basis:25%\">\n<h3 class=\"wp-block-heading\"><strong>Suivez nos derni\u00e8res mises \u00e0 jour<\/strong><\/h3>\n\n\n\n<div class=\"wp-block-columns conference-social-sidebar is-layout-flex wp-container-core-columns-is-layout-9d6595d7 wp-block-columns-is-layout-flex\">\n<div class=\"wp-block-column is-vertically-aligned-top is-layout-flow wp-block-column-is-layout-flow\" style=\"flex-basis:17%\">\n<figure class=\"wp-block-image size-full\"><a href=\"https:\/\/www.linkedin.com\/company\/aecom\/mycompany\/\" target=\"_blank\" rel=\"noopener\"><img decoding=\"async\" src=\"https:\/\/aecom.com\/content\/wp-content\/uploads\/2024\/09\/2024-icon-linkedin.png\" alt=\"\" class=\"wp-image-132875\"\/><\/a><\/figure>\n<\/div>\n\n\n\n<div class=\"wp-block-column is-vertically-aligned-top is-layout-flow wp-block-column-is-layout-flow\" style=\"flex-basis:83%\">\n<p>AECOM sur LinkedIn<\/p>\n<\/div>\n<\/div>\n\n\n\n<div class=\"wp-block-columns conference-social-sidebar is-layout-flex wp-container-core-columns-is-layout-9d6595d7 wp-block-columns-is-layout-flex\">\n<div class=\"wp-block-column is-vertically-aligned-top is-layout-flow wp-block-column-is-layout-flow\" style=\"flex-basis:17%\">\n<figure class=\"wp-block-image size-full\"><a href=\"https:\/\/www.linkedin.com\/in\/lamiaa-eldakhly-b8514625\/?originalSubdomain=ca\" target=\"_blank\" rel=\"noopener\"><img decoding=\"async\" src=\"https:\/\/aecom.com\/content\/wp-content\/uploads\/2024\/09\/2024-icon-linkedin.png\" alt=\"\" class=\"wp-image-132875\"\/><\/a><\/figure>\n<\/div>\n\n\n\n<div class=\"wp-block-column is-vertically-aligned-top is-layout-flow wp-block-column-is-layout-flow\" style=\"flex-basis:83%\">\n<p>Lamiaa Eldakhly sur LinkedIn<\/p>\n<\/div>\n<\/div>\n\n\n\n<div style=\"height:12px\" aria-hidden=\"true\" class=\"wp-block-spacer\"><\/div>\n\n\n\n<div class=\"aecom-custom-block aecom-careers-sidebar-button\">\n  <ul class=\"sidebar-cta-buttons\">\n          <li class=\"sidebar-cta-btn\">\n        <a href=\"\/fr-ca\/people-spotlights-ca\/\" class=\"cta-btn-label\">\n            <div class=\"label-container\">\n            <h4>Voir nos autres Pleins feux sur les employ\u00e9s <\/h4>\n                            <p>Cliquez ici <i class=\"fas fa-chevron-right\"><\/i><\/p>\n                        <\/div>\n        <\/a>\n      <\/li>\n    \n  <\/ul>\n<\/div><\/div>\n<\/div>\n","protected":false},"excerpt":{"rendered":"<p>Lamiaa Eldakhly poss\u00e8de plus de 25\u202fans d\u2019exp\u00e9rience dans le secteur ferroviaire, \u0153uvrant sur des m\u00e9gaprojets de chemin de fer en Afrique et au Moyen-Orient. Tout au long de son parcours, elle s\u2019est sp\u00e9cialis\u00e9e en interface et en int\u00e9gration de syst\u00e8mes, collaborant avec des coll\u00e8gues provenant de diverses disciplines, telles que l\u2019architecture, les communications, les signaux&#8230;<\/p>\n","protected":false},"author":701,"featured_media":0,"parent":0,"menu_order":0,"comment_status":"closed","ping_status":"closed","template":"views\/page-careers.blade.php","meta":{"_acf_changed":false,"footnotes":""},"yst_prominent_words":[],"class_list":["post-6335","page","type-page","status-publish","hentry"],"acf":[],"_links":{"self":[{"href":"https:\/\/aecom.com\/fr-ca\/wp-json\/wp\/v2\/pages\/6335","targetHints":{"allow":["GET"]}}],"collection":[{"href":"https:\/\/aecom.com\/fr-ca\/wp-json\/wp\/v2\/pages"}],"about":[{"href":"https:\/\/aecom.com\/fr-ca\/wp-json\/wp\/v2\/types\/page"}],"author":[{"embeddable":true,"href":"https:\/\/aecom.com\/fr-ca\/wp-json\/wp\/v2\/users\/701"}],"replies":[{"embeddable":true,"href":"https:\/\/aecom.com\/fr-ca\/wp-json\/wp\/v2\/comments?post=6335"}],"version-history":[{"count":2,"href":"https:\/\/aecom.com\/fr-ca\/wp-json\/wp\/v2\/pages\/6335\/revisions"}],"predecessor-version":[{"id":6453,"href":"https:\/\/aecom.com\/fr-ca\/wp-json\/wp\/v2\/pages\/6335\/revisions\/6453"}],"wp:attachment":[{"href":"https:\/\/aecom.com\/fr-ca\/wp-json\/wp\/v2\/media?parent=6335"}],"wp:term":[{"taxonomy":"yst_prominent_words","embeddable":true,"href":"https:\/\/aecom.com\/fr-ca\/wp-json\/wp\/v2\/yst_prominent_words?post=6335"}],"curies":[{"name":"wp","href":"https:\/\/api.w.org\/{rel}","templated":true}]}}