{"id":6341,"date":"2024-10-22T00:11:44","date_gmt":"2024-10-22T00:11:44","guid":{"rendered":"https:\/\/aecom.com\/fr-ca\/people-spotlight-meet-cosmin-chiselencu\/"},"modified":"2024-10-23T18:38:45","modified_gmt":"2024-10-23T18:38:45","slug":"people-spotlight-meet-cosmin-chiselencu","status":"publish","type":"page","link":"https:\/\/aecom.com\/fr-ca\/people-spotlight-meet-cosmin-chiselencu\/","title":{"rendered":"Pleins feux sur les employ\u00e9s\u202f: Voici Cosmin Chiselencu"},"content":{"rendered":"\n    <div class=\"aecom-custom-block careers-header\" style=\"background-color: #00353e; margin-top: 0px; margin-bottom: 40px;\">\n    <div class=\"careers-header-content\">\n                    <div class=\"careers-header-bg\" style=\"background-image: url('https:\/\/aecom.com\/fr-ca\/wp-content\/uploads\/2024\/10\/Ashbridges-Bay-Treatment-Plant-201909-19-resized-1-1024x682-2.jpg');opacity: 30%;\"><\/div>\n                    <div class=\"row no-gutters header-container\">\n                <div class=\"col careers-title\">\n                    <div class=\"header-title\">\n                        <p class=\"careers-sub-title\"><\/p>\n                        <h1> Pleins feux sur les employ\u00e9s\u202f: Voici Cosmin Chiselencu<\/h1>\n                    <\/div>\n                                            <div class=\"header-content\">\n                            <section class=\"spotlight-header-info\">\n<article class=\"spotlight-header-item-1\"><img loading=\"lazy\" decoding=\"async\" class=\"alignnone wp-image-135791 size-full\" src=\"https:\/\/aecom.com\/content\/wp-content\/uploads\/2024\/10\/Cosmin-People-Spotlight-150x150-1.png\" alt=\"\" width=\"150\" height=\"150\" \/><\/article>\n<article class=\"spotlight-header-item-2\">\n<h2 style=\"color: #aecc53;\"><strong>Cosmin Chiselencu<\/strong><\/h2>\n<h3><em>Cosmin Chiselencu est un ing\u00e9nieur r\u00e9sident de notre secteur d&#8217;activit\u00e9 Eau de la r\u00e9gion Canada.<\/em><\/h3>\n<\/article>\n<\/section>\n                        <\/div>\n                                        <div class=\"cta-container\">\n\n                        <!-- add condition here -->\n                        \n                        <!-- add condition here -->\n                        \n\n                    <\/div>\n                    \n                <\/div>\n            <\/div>\n        <\/div>\n    <\/div>\n\n\n<div class=\"wp-block-columns aecom-centered-column is-layout-flex wp-container-core-columns-is-layout-9d6595d7 wp-block-columns-is-layout-flex\">\n<div class=\"wp-block-column is-layout-flow wp-block-column-is-layout-flow\" style=\"flex-basis:75%\">\n<div class=\"aecom-custom-block block-intro-text\" style=\"margin-top: 0px; margin-bottom: 36px\">\n    <p class=\"editor-emphasized\">\n        Notre <a href=\"https:\/\/aecom.com\/fr-ca\/people-spotlights-ca\/\" target=\"_blank\">s\u00e9rie Pleins feux sur les employ\u00e9s<\/a> vous permet de d\u00e9couvrir nos experts techniques \u00e0 travers le monde. Cette semaine, nous mettons en lumi\u00e8re un ing\u00e9nieur r\u00e9sident de notre secteur d&#8217;activit\u00e9 Eau de la r\u00e9gion Canada et nous vous donnons un aper\u00e7u de ce qui l\u2019inspire et de son travail dans le domaine de la gestion de la construction.     <\/p>\n<\/div>\n\n\n<p>Cosmin Chiselencu est un ing\u00e9nieur r\u00e9sident sp\u00e9cialis\u00e9 dans la conception et la construction de syst\u00e8mes de traitement des eaux us\u00e9es municipales. Avant de se joindre \u00e0 AECOM, Cosmin a travaill\u00e9 comme technicien de terrain et a \u00e9galement \u00e9t\u00e9 ing\u00e9nieur de combat dans les Forces arm\u00e9es canadiennes.\u00a0<\/p>\n\n\n\n<h3 class=\"wp-block-heading\"><strong>Qu\u2019est-ce qui vous a inspir\u00e9 \u00e0 travailler dans ce domaine?\u00a0<\/strong><\/h3>\n\n\n\n<p>Mon penchant pour les math\u00e9matiques et les sciences m&#8217;a incit\u00e9 \u00e0 rejoindre le secteur de l&#8217;ing\u00e9nierie. La nature pratique du g\u00e9nie civil m&#8217;a attir\u00e9 parce qu&#8217;il est facile de voir les r\u00e9sultats tangibles de mon travail, qu&#8217;il s&#8217;agisse d&#8217;assister \u00e0 la construction d&#8217;un projet ou d&#8217;inspecter une structure existante. J&#8217;ai adopt\u00e9 l&#8217;aspect pratique du g\u00e9nie civil en travaillant en laboratoire, o\u00f9 j&#8217;ai \u00e9tudi\u00e9 le b\u00e9ton et les sols dans des cours tels que la m\u00e9canique des sols. Cet apprentissage pratique et appliqu\u00e9 correspondait \u00e0 ma personnalit\u00e9 et a renforc\u00e9 ma passion pour ce domaine.&nbsp;<\/p>\n\n\n\n<p>Apr\u00e8s avoir obtenu mon dipl\u00f4me universitaire, j&#8217;ai travaill\u00e9 comme inspecteur sur le terrain dans une entreprise sp\u00e9cialis\u00e9e dans les essais de b\u00e9ton et l&#8217;inspection des ponts. J&#8217;aimais inspecter les structures, documenter les dommages et effectuer des essais sur le b\u00e9ton. Ma carri\u00e8re a pris un tournant diff\u00e9rent lorsque j&#8217;ai rejoint les Forces arm\u00e9es canadiennes en tant qu&#8217;ing\u00e9nieur de combat, charg\u00e9 de coordonner les ressources pour diverses op\u00e9rations.&nbsp;&nbsp;<\/p>\n\n\n\n<p>J&#8217;ai ensuite rejoint AECOM, o\u00f9 j&#8217;ai r\u00e9cemment f\u00eat\u00e9 mon cinqui\u00e8me anniversaire.&nbsp;&nbsp;&nbsp;\u00a0<\/p>\n\n\n\n<div class=\"aecom-custom-block client-quote-block\" style=\"margin-top: 36px; margin-bottom: 36px\">\n    <p class=\"client-quote-text\" style=\"margin-top: 30px\";>\n        Le g\u00e9nie civil m&#8217;a int\u00e9ress\u00e9 parce qu&#8217;il est facile de voir les r\u00e9sultats tangibles de mon travail, qu&#8217;il s&#8217;agisse d&#8217;assister \u00e0 la construction d&#8217;un projet ou d&#8217;inspecter une structure existante.     <\/p>\n    <p class=\"client-quote-author\">\n            <\/p>\n    <p class=\"client-quote-title\">\n            <\/p>\n<\/div>\n\n\n<h3 class=\"wp-block-heading\"><strong><strong>Sur quel projet d\u2019AECOM avec-vous le plus aim\u00e9 travailler, et pourquoi?<\/strong><\/strong><\/h3>\n\n\n\n<p>Mon projet pr\u00e9f\u00e9r\u00e9 a \u00e9t\u00e9 la modernisation de l&#8217;usine de traitement des eaux us\u00e9es d&#8217;Ashbridges Bay de la ville de Toronto, une entreprise complexe \u00e0 laquelle je me suis consacr\u00e9 depuis que j&#8217;ai rejoint AECOM.&nbsp;&nbsp;&nbsp;<\/p>\n\n\n\n<p>En tant que deuxi\u00e8me plus grande usine de traitement des eaux us\u00e9es au Canada, l\u2019usine de traitement des eaux us\u00e9es d\u2019Ashbridges Bay de la ville de Toronto couvre un large \u00e9ventail de disciplines, notamment le g\u00e9nie \u00e9lectrique, le g\u00e9nie des proc\u00e9d\u00e9s, le g\u00e9nie m\u00e9canique, le g\u00e9nie civil et le g\u00e9nie structurel. L\u2019usine dessert la partie centrale de Toronto et accueillera le premier syst\u00e8me de d\u00e9sinfection par UV de la ville. Le projet comprend trois phases : premi\u00e8rement, la modernisation de la station de pompage d&#8217;eau avec de nouvelles pompes et la modernisation de la sous-station \u00e9lectrique de la ville; deuxi\u00e8mement, la construction d&#8217;un syst\u00e8me de d\u00e9sinfection par UV avec 12 canaux pour d\u00e9sinfecter les bact\u00e9ries \u00e0 l&#8217;aide de la lumi\u00e8re UV; et troisi\u00e8mement, la mise en place d&#8217;un nouveau conduit de d\u00e9rivation pour les gros orages.&nbsp;&nbsp;<\/p>\n\n\n\n<p>Le projet est techniquement complexe et fait appel \u00e0 de multiples disciplines, notamment des travaux lourds de g\u00e9nie civil, m\u00e9canique et \u00e9lectrique. En particulier, le syst\u00e8me de d\u00e9sinfection par UV est une forme de traitement innovante et respectueuse de l&#8217;environnement. Je suis fier de contribuer \u00e0 un projet de traitement de l&#8217;eau durable qui repousse les limites de l&#8217;ing\u00e9nierie. J&#8217;ai eu l&#8217;occasion d&#8217;apprendre \u00e9norm\u00e9ment et le soutien et les conseils de mon \u00e9quipe ont jou\u00e9 un r\u00f4le crucial dans la r\u00e9ussite du projet.&nbsp;\u00a0\u00a0<\/p>\n\n\n\n<div class=\"aecom-custom-block client-quote-block\" style=\"margin-top: 36px; margin-bottom: 12px\">\n    <p class=\"client-quote-text\" style=\"margin-top: 30px\";>\n        En tant que deuxi\u00e8me plus grande usine de traitement des eaux us\u00e9es au Canada, l\u2019usine de traitement des eaux us\u00e9es d\u2019Ashbridges Bay de la ville de Toronto couvre un large \u00e9ventail de disciplines, notamment le g\u00e9nie \u00e9lectrique, le g\u00e9nie des proc\u00e9d\u00e9s, le g\u00e9nie m\u00e9canique, le g\u00e9nie civil et le g\u00e9nie structurel. L\u2019usine dessert la partie centrale de Toronto et accueillera le premier syst\u00e8me de d\u00e9sinfection par UV de la ville. Je suis fier de contribuer \u00e0 un projet de traitement des eaux durable qui repousse les limites de l\u2019ing\u00e9nierie.    <\/p>\n    <p class=\"client-quote-author\">\n            <\/p>\n    <p class=\"client-quote-title\">\n            <\/p>\n<\/div>\n\n\n<h3 class=\"wp-block-heading\"><strong><strong>Expliquez-vous comment votre travail a des retomb\u00e9es positives sur la collectivit\u00e9.\u00a0<\/strong><\/strong><\/h3>\n\n\n\n<p>En contribuant \u00e0 l&#8217;expansion et \u00e0 l&#8217;am\u00e9lioration de la station d&#8217;\u00e9puration d&#8217;Ashbridges Bay, je joue un r\u00f4le dans le soutien de l&#8217;infrastructure vitale pour le bien-\u00eatre d&#8217;environ 1,4 million d&#8217;habitants de Toronto. Cela dit, mon engagement ne se limite pas \u00e0 l&#8217;am\u00e9lioration de l&#8217;infrastructure ; il vise \u00e9galement \u00e0 promouvoir une approche plus respectueuse de l&#8217;environnement pour le traitement des effluents, en permettant la d\u00e9sinfection des eaux us\u00e9es sans avoir recours \u00e0 des produits chimiques. Malgr\u00e9 la nature souvent inaper\u00e7ue du traitement des eaux us\u00e9es, mon travail joue un r\u00f4le crucial dans l&#8217;am\u00e9lioration et la durabilit\u00e9 de la gestion d&#8217;une ressource dont tout le monde d\u00e9pend.\u00a0\u00a0<\/p>\n\n\n\n<div class=\"aecom-custom-block client-quote-block\" style=\"margin-top: 36px; margin-bottom: 36px\">\n    <p class=\"client-quote-text\" style=\"margin-top: 30px\";>\n        En contribuant \u00e0 l&#8217;expansion et \u00e0 l&#8217;am\u00e9lioration de la station d&#8217;\u00e9puration d&#8217;Ashbridges Bay, je joue un r\u00f4le dans le soutien de l&#8217;infrastructure vitale pour le bien-\u00eatre d&#8217;environ 1,4 million de r\u00e9sidents \u00e0 Toronto.    <\/p>\n    <p class=\"client-quote-author\">\n            <\/p>\n    <p class=\"client-quote-title\">\n            <\/p>\n<\/div>\n\n\n<h3 class=\"wp-block-heading\"><strong><strong>Quel conseil professionnel aimeriez-vous donner \u00e0 vos coll\u00e8gues?\u00a0<\/strong><\/strong><\/h3>\n\n\n\n<p>Donnez la priorit\u00e9 au d\u00e9veloppement des comp\u00e9tences non techniques. Si l&#8217;expertise technique est essentielle, une communication efficace et des comp\u00e9tences interpersonnelles sont tout aussi importantes. Sur les chantiers de construction, o\u00f9 les personnalit\u00e9s diverses pr\u00e9dominent, la ma\u00eetrise des comp\u00e9tences sociales devient primordiale. La capacit\u00e9 \u00e0 naviguer et \u00e0 g\u00e9rer les interactions sociales aide \u00e0 r\u00e9soudre les probl\u00e8mes de mani\u00e8re proactive et \u00e0 favoriser un environnement de travail positif. Cultiver une attitude de collaboration et apprendre \u00e0 g\u00e9rer les personnalit\u00e9s difficiles contribue de mani\u00e8re significative \u00e0 la r\u00e9ussite professionnelle. Ces comp\u00e9tences se d\u00e9veloppent avec le temps et l&#8217;exp\u00e9rience, et se r\u00e9v\u00e8lent inestimables tout au long de la carri\u00e8re.&nbsp;<\/p>\n\n\n\n<p>Un autre conseil de carri\u00e8re consiste \u00e0 mettre en place un syst\u00e8me d&#8217;organisation efficace pour la documentation et les courriels.&nbsp; Une organisation m\u00e9ticuleuse est cruciale dans l&#8217;environnement rapide de l&#8217;ing\u00e9nierie, car elle a un impact significatif sur la capacit\u00e9 d&#8217;une personne \u00e0 rester au fait de ses t\u00e2ches et de ses responsabilit\u00e9s. S&#8217;organiser d\u00e8s le d\u00e9but de chaque mission permet d&#8217;am\u00e9liorer consid\u00e9rablement l&#8217;efficacit\u00e9 et la productivit\u00e9 \u00e0 long terme.&nbsp;&nbsp;&nbsp;<\/p>\n\n\n\n<div style=\"height:12px\" aria-hidden=\"true\" class=\"wp-block-spacer\"><\/div>\n\n\n\n<div class=\"wp-block-columns is-layout-flex wp-container-core-columns-is-layout-9d6595d7 wp-block-columns-is-layout-flex\">\n<div class=\"wp-block-column is-layout-flow wp-block-column-is-layout-flow\">\n<figure class=\"wp-block-image size-full\"><img decoding=\"async\" src=\"https:\/\/aecom.com\/content\/wp-content\/uploads\/2024\/10\/Ashbridges-Bay-Treatment-Plant-201909-19-resized-1-1024x682-1.jpg\" alt=\"\" class=\"wp-image-135795\"\/><\/figure>\n<\/div>\n\n\n\n<div class=\"wp-block-column is-layout-flow wp-block-column-is-layout-flow\">\n<figure class=\"wp-block-image size-full\"><img decoding=\"async\" src=\"https:\/\/aecom.com\/content\/wp-content\/uploads\/2024\/10\/AhsbridgesBay-resized-1024x683-1.jpg\" alt=\"\" class=\"wp-image-135796\"\/><\/figure>\n<\/div>\n<\/div>\n\n\n\n<p class=\"has-text-align-center has-small-font-size\"><em>Station d&#8217;\u00e9puration des eaux us\u00e9es de la baie d&#8217;Ashbridges \u00e0 Toronto, Canada<\/em><\/p>\n\n\n\n<div style=\"height:36px\" aria-hidden=\"true\" class=\"wp-block-spacer\"><\/div>\n\n\n\n<h3 class=\"wp-block-heading\"><strong>Pleins feux en vedette<\/strong><\/h3>\n\n\n\n<div class=\"wp-block-columns is-layout-flex wp-container-core-columns-is-layout-9d6595d7 wp-block-columns-is-layout-flex\">\n<div class=\"wp-block-column is-layout-flow wp-block-column-is-layout-flow\">    <div class=\"aecom-custom-block single-promo-block\" style=\"background-color: #00353e;margin-top: 0px; margin-bottom: 40px;\">\n                    <div class=\"promo-bg\" style=\"background-image: url('https:\/\/aecom.com\/fr-ca\/wp-content\/uploads\/2024\/10\/imgonline-com-ua-CompressToSize-u8tZSRo9doBi-e1727880863760.jpg');opacity: 30%\"><\/div>\n                            <div class=\"promo-content\">\n                <h4> Pleins feux sur les employ\u00e9s\u202f:<\/h4>\n                <h2>Voici Colton Wooster<\/h2>\n                <p>Colton Wooster est un ing\u00e9nieur g\u00e9otechnique stagiaire bas\u00e9 \u00e0 notre bureau de Winnipeg.<\/p>\n                <div class=\"promo-link\">\n                    <a href=\"\/fr-ca\/people-spotlight-meet-colton-wooster\/\"  class=\"aecom-global-cta aecom-global-cta-bold aecom-global-cta-sml aecom-global-cta-e-green-solid\">Lire la suite<\/a>\n                <\/div>\n            <\/div>\n            <\/div><\/div>\n\n\n\n<div class=\"wp-block-column is-layout-flow wp-block-column-is-layout-flow\">    <div class=\"aecom-custom-block single-promo-block\" style=\"background-color: #00353e;margin-top: 0px; margin-bottom: 40px;\">\n                    <div class=\"promo-bg\" style=\"background-image: url('https:\/\/aecom.com\/fr-ca\/wp-content\/uploads\/2024\/10\/WP-header-resized-scaled-2-scaled.jpg');opacity: 30%\"><\/div>\n                            <div class=\"promo-content\">\n                <h4> Pleins feux sur les employ\u00e9s\u202f:<\/h4>\n                <h2>Voici Zuliana Mawani<\/h2>\n                <p>Zuliana est une vice-pr\u00e9sidente et gestionnaire de l\u2019exploitation de notre secteur d&#8217;eau au Canada.<\/p>\n                <div class=\"promo-link\">\n                    <a href=\"\/fr-ca\/people-spotlight-meet-zuliana-mawani\/\"  class=\"aecom-global-cta aecom-global-cta-bold aecom-global-cta-sml aecom-global-cta-e-green-solid\">Lire la suite<\/a>\n                <\/div>\n            <\/div>\n            <\/div><\/div>\n\n\n\n<div class=\"wp-block-column is-layout-flow wp-block-column-is-layout-flow\">    <div class=\"aecom-custom-block single-promo-block\" style=\"background-color: #00353e;margin-top: 0px; margin-bottom: 40px;\">\n                    <div class=\"promo-bg\" style=\"background-image: url('https:\/\/aecom.com\/fr-ca\/wp-content\/uploads\/2024\/10\/LE-header.jpg');opacity: 30%\"><\/div>\n                            <div class=\"promo-content\">\n                <h4> Pleins feux sur les employ\u00e9s\u202f:<\/h4>\n                <h2>Voici  Lamiaa Eldakhly<\/h2>\n                <p>Lamiaa est une gestionnaire principale d\u2019interface et d\u2019int\u00e9gration de syst\u00e8mes de notre secteur du transport en commun et du chemin de fer dans la r\u00e9gion Canada.<\/p>\n                <div class=\"promo-link\">\n                    <a href=\"\/fr-ca\/people-spotlight-meet-lamiaa-eldakhly\/\"  class=\"aecom-global-cta aecom-global-cta-bold aecom-global-cta-sml aecom-global-cta-e-green-solid\">Lire la suite<\/a>\n                <\/div>\n            <\/div>\n            <\/div><\/div>\n<\/div>\n<\/div>\n\n\n\n<div class=\"wp-block-column is-layout-flow wp-block-column-is-layout-flow\" style=\"flex-basis:25%\">\n<h3 class=\"wp-block-heading\"><strong>Suivez nos derni\u00e8res mises \u00e0 jour<\/strong><\/h3>\n\n\n\n<div class=\"wp-block-columns conference-social-sidebar is-layout-flex wp-container-core-columns-is-layout-9d6595d7 wp-block-columns-is-layout-flex\">\n<div class=\"wp-block-column is-vertically-aligned-top is-layout-flow wp-block-column-is-layout-flow\" style=\"flex-basis:17%\">\n<figure class=\"wp-block-image size-full\"><a href=\"https:\/\/www.linkedin.com\/company\/aecom\/mycompany\/\" target=\"_blank\" rel=\"noopener\"><img decoding=\"async\" src=\"https:\/\/aecom.com\/content\/wp-content\/uploads\/2024\/09\/2024-icon-linkedin.png\" alt=\"\" class=\"wp-image-132875\"\/><\/a><\/figure>\n<\/div>\n\n\n\n<div class=\"wp-block-column is-vertically-aligned-top is-layout-flow wp-block-column-is-layout-flow\" style=\"flex-basis:83%\">\n<p>AECOM sur LinkedIn<\/p>\n<\/div>\n<\/div>\n\n\n\n<div class=\"wp-block-columns conference-social-sidebar is-layout-flex wp-container-core-columns-is-layout-9d6595d7 wp-block-columns-is-layout-flex\">\n<div class=\"wp-block-column is-vertically-aligned-top is-layout-flow wp-block-column-is-layout-flow\" style=\"flex-basis:17%\">\n<figure class=\"wp-block-image size-full\"><a href=\"https:\/\/www.linkedin.com\/in\/cosminchiselencu\/\" target=\"_blank\" rel=\"noopener\"><img decoding=\"async\" src=\"https:\/\/aecom.com\/content\/wp-content\/uploads\/2024\/09\/2024-icon-linkedin.png\" alt=\"\" class=\"wp-image-132875\"\/><\/a><\/figure>\n<\/div>\n\n\n\n<div class=\"wp-block-column is-vertically-aligned-top is-layout-flow wp-block-column-is-layout-flow\" style=\"flex-basis:83%\">\n<p>Cosmin Chiselencu sur LinkedIn<\/p>\n<\/div>\n<\/div>\n\n\n\n<div style=\"height:12px\" aria-hidden=\"true\" class=\"wp-block-spacer\"><\/div>\n\n\n\n<div class=\"aecom-custom-block aecom-careers-sidebar-button\">\n  <ul class=\"sidebar-cta-buttons\">\n          <li class=\"sidebar-cta-btn\">\n        <a href=\"\/fr-ca\/people-spotlights-ca\/\" class=\"cta-btn-label\">\n            <div class=\"label-container\">\n            <h4>Voir nos autres Pleins feux sur les employ\u00e9s <\/h4>\n                            <p>Cliquez ici <i class=\"fas fa-chevron-right\"><\/i><\/p>\n                        <\/div>\n        <\/a>\n      <\/li>\n    \n  <\/ul>\n<\/div><\/div>\n<\/div>\n","protected":false},"excerpt":{"rendered":"<p>Cosmin Chiselencu est un ing\u00e9nieur r\u00e9sident sp\u00e9cialis\u00e9 dans la conception et la construction de syst\u00e8mes de traitement des eaux us\u00e9es municipales. Avant de se joindre \u00e0 AECOM, Cosmin a travaill\u00e9 comme technicien de terrain et a \u00e9galement \u00e9t\u00e9 ing\u00e9nieur de combat dans les Forces arm\u00e9es canadiennes.\u00a0 Qu\u2019est-ce qui vous a inspir\u00e9 \u00e0 travailler dans ce&#8230;<\/p>\n","protected":false},"author":701,"featured_media":0,"parent":0,"menu_order":0,"comment_status":"closed","ping_status":"closed","template":"views\/page-careers.blade.php","meta":{"_acf_changed":false,"footnotes":""},"yst_prominent_words":[],"class_list":["post-6341","page","type-page","status-publish","hentry"],"acf":[],"_links":{"self":[{"href":"https:\/\/aecom.com\/fr-ca\/wp-json\/wp\/v2\/pages\/6341","targetHints":{"allow":["GET"]}}],"collection":[{"href":"https:\/\/aecom.com\/fr-ca\/wp-json\/wp\/v2\/pages"}],"about":[{"href":"https:\/\/aecom.com\/fr-ca\/wp-json\/wp\/v2\/types\/page"}],"author":[{"embeddable":true,"href":"https:\/\/aecom.com\/fr-ca\/wp-json\/wp\/v2\/users\/701"}],"replies":[{"embeddable":true,"href":"https:\/\/aecom.com\/fr-ca\/wp-json\/wp\/v2\/comments?post=6341"}],"version-history":[{"count":4,"href":"https:\/\/aecom.com\/fr-ca\/wp-json\/wp\/v2\/pages\/6341\/revisions"}],"predecessor-version":[{"id":6600,"href":"https:\/\/aecom.com\/fr-ca\/wp-json\/wp\/v2\/pages\/6341\/revisions\/6600"}],"wp:attachment":[{"href":"https:\/\/aecom.com\/fr-ca\/wp-json\/wp\/v2\/media?parent=6341"}],"wp:term":[{"taxonomy":"yst_prominent_words","embeddable":true,"href":"https:\/\/aecom.com\/fr-ca\/wp-json\/wp\/v2\/yst_prominent_words?post=6341"}],"curies":[{"name":"wp","href":"https:\/\/api.w.org\/{rel}","templated":true}]}}