{"id":6349,"date":"2024-10-23T12:54:44","date_gmt":"2024-10-23T12:54:44","guid":{"rendered":"https:\/\/aecom.com\/fr-ca\/deep-dive-with-josh-jones\/"},"modified":"2024-10-25T15:16:52","modified_gmt":"2024-10-25T15:16:52","slug":"deep-dive-with-josh-jones","status":"publish","type":"page","link":"https:\/\/aecom.com\/fr-ca\/deep-dive-with-josh-jones\/","title":{"rendered":"Examen approfondi avec Josh Jones"},"content":{"rendered":"\n    <div class=\"aecom-custom-block careers-header\" style=\"background-color: #00353e; margin-top: 0px; margin-bottom: 40px;\">\n    <div class=\"careers-header-content\">\n                    <div class=\"careers-header-bg\" style=\"background-image: url('https:\/\/aecom.com\/fr-ca\/wp-content\/uploads\/2024\/10\/header-resized-1-1-scaled-1-scaled.jpg');opacity: 30%;\"><\/div>\n                    <div class=\"row no-gutters header-container\">\n                <div class=\"col careers-title\">\n                    <div class=\"header-title\">\n                        <p class=\"careers-sub-title\"><\/p>\n                        <h1>Examen approfondi avec Josh Jones <\/h1>\n                    <\/div>\n                                            <div class=\"header-content\">\n                            <section class=\"spotlight-header-info\">\n<article class=\"spotlight-header-item-1\"><img loading=\"lazy\" decoding=\"async\" class=\"alignnone wp-image-137176 size-full\" src=\"https:\/\/aecom.com\/content\/wp-content\/uploads\/2024\/10\/Josh-Jones-Deep-Dive-150x150-1.png\" alt=\"\" width=\"150\" height=\"150\" \/><\/article>\n<article class=\"spotlight-header-item-2\">\n<h2 style=\"color: #aecc53;\"><strong>Josh Jones<\/strong><\/h2>\n<h3><i>Josh Jones est un gestionnaire de programmes de notre secteur transport au Canada.<\/i><\/h3>\n<\/article>\n<\/section>\n                        <\/div>\n                                        <div class=\"cta-container\">\n\n                        <!-- add condition here -->\n                        \n                        <!-- add condition here -->\n                        \n\n                    <\/div>\n                    \n                <\/div>\n            <\/div>\n        <\/div>\n    <\/div>\n\n\n<div class=\"wp-block-columns aecom-centered-column is-layout-flex wp-container-core-columns-is-layout-9d6595d7 wp-block-columns-is-layout-flex\">\n<div class=\"wp-block-column is-layout-flow wp-block-column-is-layout-flow\" style=\"flex-basis:75%\">\n<div class=\"aecom-custom-block block-intro-text\" style=\"margin-top: 0px; margin-bottom: 36px\">\n    <p class=\"editor-emphasized\">\n        Notre <a href=\"https:\/\/aecom.com\/fr-ca\/people-spotlights-ca\/\" target=\"_blank\">s\u00e9rie Examen approfondi<\/a> met en lumi\u00e8re l\u2019expertise technique de nos collaborateurs pour r\u00e9soudre des probl\u00e8mes complexes pour nos clients \u00e0 travers le monde.     <\/p>\n<\/div>\n\n\n<p>Cette semaine, nous pr\u00e9sentons un gestionnaire de programmes de notre secteur transport au Canada et nous explorons comment lui et son \u00e9quipe ont mis en place un syst\u00e8me de transport en commun s\u00fbr, durable et innovant dans la ville d\u2019Edmonton. Josh est le gestionnaire de projet pour le train l\u00e9ger sur rail (TLR) Valley Line, actuellement le plus grand mandat d\u2019ing\u00e9nieur du propri\u00e9taire de TLR de l\u2019Ouest canadien. \u00c0 ce titre, il dirige une \u00e9quipe de pr\u00e8s de 20\u202fsous-traitants pluridisciplinaires ainsi qu\u2019une \u00e9quipe sp\u00e9cialis\u00e9e dans la pr\u00e9paration aux risques et aux sinistres tout au long des phases d\u2019ing\u00e9nierie pr\u00e9liminaire, d\u2019approvisionnement, de conception et de construction.&nbsp;<\/p>\n\n\n\n<p>Josh est un gestionnaire de programmes accompli avec plus de 20\u202fann\u00e9es d\u2019exp\u00e9rience dans la construction, l\u2019ex\u00e9cution de projets diversifi\u00e9s et la gestion de projets d\u2019infrastructure \u00e0 grande \u00e9chelle. Il est connu pour ses comp\u00e9tences exceptionnelles en leadership et sa capacit\u00e9 \u00e0 r\u00e9unir efficacement des \u00e9quipes de consultants, des entit\u00e9s publiques et des parties prenantes pour accomplir des projets complexes. Avec plus de 10\u202fans d\u2019exp\u00e9rience dans l\u2019\u00e9laboration et l\u2019ex\u00e9cution de projets complexes de partenariat public-priv\u00e9 (PPP), Josh a une base solide de travail sur le chantier et d\u2019int\u00e9gration, en particulier dans les environnements urbains o\u00f9 il a r\u00e9ussi \u00e0 relever les d\u00e9fis uniques des paysages urbains en croissance rapide.&nbsp;<\/p>\n\n\n\n<h3 class=\"wp-block-heading\"><strong>Parlez-nous d\u2019un projet qui a eu une incidence sur votre carri\u00e8re ou qui en a \u00e9t\u00e9 le point culminant. En quoi permet-il d\u2019offrir un monde meilleur?<\/strong><\/h3>\n\n\n\n<p>L\u2019un des moments les plus marquants de ma carri\u00e8re a \u00e9t\u00e9 celui o\u00f9 j\u2019ai voyag\u00e9 en tant que passager payant sur le nouveau train l\u00e9ger sur rail Valley Line d\u2019Edmonton \u2013 un projet sur lequel je suis incroyablement fier d\u2019avoir travaill\u00e9. Ce TLR n\u2019est pas seulement une nouvelle ligne de transport, il change la donne pour la ville.&nbsp;<\/p>\n\n\n\n<p>En r\u00e9duisant la d\u00e9pendance aux voitures dans la ville d\u2019Edmonton, notre travail sur le TLR Valley Line permet de r\u00e9duire les \u00e9missions de carbone tout en pr\u00e9servant les espaces verts le long de son trac\u00e9. Cette nouvelle ligne am\u00e9liore \u00e9galement la qualit\u00e9 de vie des citoyens en facilitant l\u2019acc\u00e8s aux services essentiels et en cr\u00e9ant des collectivit\u00e9s plus s\u00fbres et mieux connect\u00e9es. En m\u00eame temps, elle a cr\u00e9\u00e9 de nouveaux emplois pour la collectivit\u00e9 et, \u00e0 long terme, elle profitera financi\u00e8rement aux navetteurs tout en stimulant potentiellement la valeur des biens immobiliers et l\u2019activit\u00e9 commerciale locale. Nous avons \u00e9galement r\u00e9ussi \u00e0 satisfaire notre client en livrant le projet dans les d\u00e9lais et dans le respect du budget, gr\u00e2ce au succ\u00e8s du processus PPP. Ce projet contribue \u00e0 construire un avenir meilleur et plus durable pour Edmonton. Ma participation \u00e0 ce projet a \u00e9t\u00e9 le moment culminant de ma carri\u00e8re.&nbsp;<\/p>\n\n\n\n<div class=\"aecom-custom-block client-quote-block\" style=\"margin-top: 36px; margin-bottom: 36px\">\n    <p class=\"client-quote-text\" style=\"margin-top: 30px\";>\n        En r\u00e9duisant la d\u00e9pendance aux voitures dans la ville d\u2019Edmonton, notre travail sur le TLR Valley Line permet de r\u00e9duire les \u00e9missions de carbone tout en pr\u00e9servant les espaces verts le long de son trac\u00e9. Cette nouvelle ligne am\u00e9liore \u00e9galement la qualit\u00e9 de vie des citoyens en facilitant l\u2019acc\u00e8s aux services essentiels et en cr\u00e9ant des collectivit\u00e9s plus s\u00fbres et mieux connect\u00e9es.    <\/p>\n    <p class=\"client-quote-author\">\n            <\/p>\n    <p class=\"client-quote-title\">\n            <\/p>\n<\/div>\n\n\n<h3 class=\"wp-block-heading\"><strong><strong>Quel a \u00e9t\u00e9 le principal d\u00e9fi auquel votre \u00e9quipe ou vous-m\u00eame avez \u00e9t\u00e9 confront\u00e9s en travaillant sur ce projet complexe de TLR? Comment l\u2019avez-vous surmont\u00e9?\u00a0\u00a0<\/strong><\/strong><\/h3>\n\n\n\n<p>L\u2019un des plus grands d\u00e9fis auxquels nous avons \u00e9t\u00e9 confront\u00e9s en travaillant sur le projet du TLR Valley Line \u00e9tait qu\u2019il s\u2019agissait du premier projet PPP de la Ville d\u2019Edmonton. La mise en place de ce nouveau mod\u00e8le de prestation de services a n\u00e9cessit\u00e9 beaucoup de collaboration et d\u2019innovation. Nous nous sommes fortement appuy\u00e9s sur les experts en m\u00e9thodes diversifi\u00e9es d\u2019AECOM pour guider la Ville \u00e0 travers les complexit\u00e9s du processus PPP et donner vie \u00e0 sa vision.&nbsp;<\/p>\n\n\n\n<p>Nous avons adopt\u00e9 une approche \u00ab\u202f\u00e0 \u00e9quipe unique\u202f\u00bb, en mettant en place un bureau de projet commun o\u00f9 le personnel de la Ville et les responsables d\u2019AECOM travaillaient c\u00f4te \u00e0 c\u00f4te. Nous avons m\u00eame cr\u00e9\u00e9 un syst\u00e8me de jumelage pour nouer des liens \u00e9troits, ce qui a \u00e9t\u00e9 la cl\u00e9 de notre succ\u00e8s. Cette approche nous a permis de r\u00e9soudre les probl\u00e8mes en temps r\u00e9el et de faire en sorte que tout le monde s\u2019aligne sur les objectifs du projet.&nbsp;<\/p>\n\n\n\n<p>Pendant la phase de conception et de construction de la phase\u202f1, la Ville a d\u00e9cid\u00e9 d\u2019\u00e9largir le syst\u00e8me de 100\u202f%. Or, doubler d\u2019un syst\u00e8me qui n\u2019\u00e9tait m\u00eame pas encore achev\u00e9 a entra\u00een\u00e9 toute une s\u00e9rie de nouveaux d\u00e9fis, en particulier en ce qui concerne les approvisionnements et les aspects techniques. Le fait de disposer d\u2019un espace partag\u00e9 pour collaborer en temps r\u00e9el a chang\u00e9 la donne. Il nous a permis de trouver un \u00e9quilibre entre les performances et les exigences normatives qui correspondaient aux objectifs de la Ville, tout en tirant parti des avantages d\u2019une approche de conception-construction.&nbsp;<\/p>\n\n\n\n<p>La COVID-19 a \u00e9galement cr\u00e9\u00e9 des d\u00e9fis tr\u00e8s particuliers, notamment en mati\u00e8re d\u2019approvisionnement. Je suis tr\u00e8s fier de la fa\u00e7on dont notre \u00e9quipe a rapidement \u00e9volu\u00e9 vers un environnement virtuel et a continu\u00e9 \u00e0 r\u00e9pondre aux exigences de la Ville en mati\u00e8re de march\u00e9s publics malgr\u00e9 les obstacles cr\u00e9\u00e9s par la pand\u00e9mie.&nbsp;<\/p>\n\n\n\n<p>Il y a eu des moments d\u00e9cisifs\u202f: c.-\u00e0-d. qu\u2019il a \u00e9t\u00e9 incroyablement gratifiant de voir comment nos solutions innovantes et notre travail d\u2019\u00e9quipe ont permis d\u2019avancer en terrain inconnu. Cela a renforc\u00e9 l\u2019importance de la collaboration, de la flexibilit\u00e9 et d\u2019une vision commune pour relever les d\u00e9fis les plus difficiles.&nbsp;<\/p>\n\n\n\n<div class=\"aecom-custom-block client-quote-block\" style=\"margin-top: 36px; margin-bottom: 12px\">\n    <p class=\"client-quote-text\" style=\"margin-top: 30px\";>\n        Nous avons adopt\u00e9 une approche \u201c\u00e0 \u00e9quipe unique\u201d, en mettant en place un bureau de projet commun o\u00f9 le personnel de la Ville et les responsables d\u2019AECOM travaillaient c\u00f4te \u00e0 c\u00f4te. Nous avons m\u00eame cr\u00e9\u00e9 un syst\u00e8me de jumelage pour nouer des liens \u00e9troits, ce qui a \u00e9t\u00e9 la cl\u00e9 de notre succ\u00e8s. Cette approche nous a permis de r\u00e9soudre les probl\u00e8mes en temps r\u00e9el et de faire en sorte que tout le monde s\u2019aligne sur les objectifs du projet.    <\/p>\n    <p class=\"client-quote-author\">\n            <\/p>\n    <p class=\"client-quote-title\">\n            <\/p>\n<\/div>\n\n\n<h3 class=\"wp-block-heading\"><strong><strong>Comment AECOM vous a-t-il permis, \u00e0 vous et \u00e0 vos \u00e9quipes, de cultiver l\u2019expertise n\u00e9cessaire \u00e0 l\u2019accomplissement du TLR Valley Line et des futurs projets similaires?&nbsp;<\/strong><\/strong><\/h3>\n\n\n\n<p>AECOM nous a aid\u00e9s, mon \u00e9quipe et moi, \u00e0 d\u00e9velopper l\u2019expertise dont nous avions besoin pour mener \u00e0 bien le projet TLR Valley Line et pour nous pr\u00e9parer aux travaux futurs. L\u2019un de nos principaux avantages a \u00e9t\u00e9 notre capacit\u00e9 \u00e0 tirer parti de notre r\u00e9seau mondial d\u2019experts. Tr\u00e8s t\u00f4t, nous avons pu faire appel \u00e0 des sp\u00e9cialistes du monde entier, ce qui nous a permis de soutenir nos clients locaux comme tr\u00e8s peu d\u2019autres entreprises peuvent le faire. L\u2019acc\u00e8s \u00e0 l\u2019expertise mondiale d\u2019AECOM est devenu encore plus simplifi\u00e9 au fil du temps et il existe une v\u00e9ritable volont\u00e9 de collaboration et de partage des connaissances au sein de l\u2019organisation.&nbsp;<\/p>\n\n\n\n<p>Qui plus est, ce projet a \u00e9galement \u00e9t\u00e9 l\u2019occasion de d\u00e9velopper des comp\u00e9tences, non seulement pour moi, mais aussi pour toute l\u2019\u00e9quipe. J\u2019ai pu encadrer les membres de l\u2019\u00e9quipe afin d\u2019\u00e9largir leurs comp\u00e9tences et de les pr\u00e9parer \u00e0 relever de nouveaux d\u00e9fis. Ce mentorat a \u00e9t\u00e9 utile tant pour moi que pour eux, car il a renforc\u00e9 notre \u00e9quipe et nous a permis d\u2019offrir de meilleurs r\u00e9sultats \u00e0 notre client\u00e8le.&nbsp;<\/p>\n\n\n\n<p>Le fait de travailler en \u00e9troite collaboration avec le client sur ce projet nous a aussi permis de mieux comprendre l\u2019\u00e9volution de ses besoins et les nouvelles tendances du secteur. Cette exp\u00e9rience pratique a \u00e9t\u00e9 fondamentale pour nous permettre de mieux comprendre et pr\u00e9voir les besoins de nos futurs clients.&nbsp;<\/p>\n\n\n\n<p>Le soutien mondial d\u2019AECOM et notre environnement de travail collaboratif ont renforc\u00e9 notre capacit\u00e9 \u00e0 mener \u00e0 bien ce projet tout en nous pr\u00e9parant \u00e0 assurer un succ\u00e8s continu dans l\u2019industrie.&nbsp;&nbsp;<\/p>\n\n\n\n<div class=\"aecom-custom-block client-quote-block\" style=\"margin-top: 36px; margin-bottom: 36px\">\n    <p class=\"client-quote-text\" style=\"margin-top: 30px\";>\n        L\u2019un de nos principaux avantages a \u00e9t\u00e9 notre capacit\u00e9 \u00e0 tirer parti de notre r\u00e9seau mondial d\u2019experts. Tr\u00e8s t\u00f4t, nous avons pu faire appel \u00e0 des sp\u00e9cialistes du monde entier, ce qui nous a permis de soutenir nos clients locaux comme tr\u00e8s peu d\u2019autres entreprises peuvent le faire.    <\/p>\n    <p class=\"client-quote-author\">\n            <\/p>\n    <p class=\"client-quote-title\">\n            <\/p>\n<\/div>\n\n\n<h3 class=\"wp-block-heading\"><strong><strong>Comment cette exp\u00e9rience a-t-elle influenc\u00e9 votre approche du travail futur et d\u00e9velopp\u00e9 votre carri\u00e8re au sein d\u2019AECOM?&nbsp;&nbsp;<\/strong><\/strong><\/h3>\n\n\n\n<p>Le projet de TLR Valley Line a consid\u00e9rablement fa\u00e7onn\u00e9 mon approche et \u00e9largi ma carri\u00e8re. Les projets de transport en commun sont par nature complexes et vari\u00e9s, ce qui m\u2019a donn\u00e9 l\u2019occasion de collaborer avec un groupe de personnes diverses et de relever des d\u00e9fis sous diff\u00e9rents angles. Cette exp\u00e9rience a renforc\u00e9 l\u2019importance de l\u2019adaptabilit\u00e9, du travail d\u2019\u00e9quipe et de l\u2019innovation en vue d\u2019accomplir des r\u00e9sultats positifs.&nbsp;<\/p>\n\n\n\n<p>L\u2019une des le\u00e7ons essentielles que j\u2019ai apprises est la valeur du partenariat avec les clients et les parties prenantes. Comprendre leurs besoins et travailler \u00e0 leurs c\u00f4t\u00e9s d\u00e8s le d\u00e9but s\u2019est av\u00e9r\u00e9 essentiel pour faire face aux complexit\u00e9s des projets \u00e0 grande \u00e9chelle. C\u2019est ainsi que cette approche m\u2019a pr\u00e9par\u00e9e \u00e0 relever de nouveaux d\u00e9fis en toute confiance, sachant qu\u2019AECOM dispose de l\u2019expertise et des ressources n\u00e9cessaires pour me soutenir.&nbsp;<\/p>\n\n\n\n<p>L\u2019exp\u00e9rience que j\u2019ai acquise dans le cadre du projet Valley Line m\u2019a \u00e9galement donn\u00e9 l\u2019occasion de contribuer \u00e0 des projets semblables dans le monde entier. Il est incroyablement gratifiant de mettre en pratique ce que j\u2019ai appris pour aider \u00e0 fa\u00e7onner l\u2019avenir des transports urbains dans d\u2019autres villes. L\u2019engagement d\u2019AECOM \u00e0 relever les d\u00e9fis de la croissance urbaine tout en atteignant les objectifs ESG correspond parfaitement \u00e0 mes propres valeurs, et je suis fier de continuer \u00e0 soutenir des projets qui ont une incidence significative.&nbsp;<\/p>\n\n\n\n<p>Ce projet n\u2019a pas seulement \u00e9largi ma carri\u00e8re, il a aussi renforc\u00e9 ma confiance dans le travail que nous faisons chez AECOM. J\u2019ai h\u00e2te de mettre \u00e0 profit ces le\u00e7ons pour continuer \u00e0 relever les d\u00e9fis complexes li\u00e9s au d\u00e9veloppement urbain.&nbsp;<\/p>\n\n\n\n<div class=\"aecom-custom-block client-quote-block\" style=\"margin-top: 36px; margin-bottom: 36px\">\n    <p class=\"client-quote-text\" style=\"margin-top: 30px\";>\n        L\u2019une des le\u00e7ons essentielles que j\u2019ai apprises est la valeur du partenariat avec les clients et les parties prenantes. Comprendre leurs besoins et travailler \u00e0 leurs c\u00f4t\u00e9s d\u00e8s le d\u00e9but s\u2019est av\u00e9r\u00e9 essentiel pour faire face aux complexit\u00e9s des projets \u00e0 grande \u00e9chelle. C\u2019est ainsi que cette approche m\u2019a pr\u00e9par\u00e9e \u00e0 relever de nouveaux d\u00e9fis en toute confiance, sachant qu\u2019AECOM dispose de l\u2019expertise et des ressources n\u00e9cessaires pour me soutenir.    <\/p>\n    <p class=\"client-quote-author\">\n            <\/p>\n    <p class=\"client-quote-title\">\n            <\/p>\n<\/div>\n\n\n<p>Apprenez-en plus sur le <a href=\"https:\/\/www.edmonton.ca\/projects_plans\/transit\/valley-line-lrt-mill-woods-to-lewis-farms\" target=\"_blank\" rel=\"noreferrer noopener\">projet de TLR Valley Line<\/a> et sur son impact positif pour la ville d&#8217;Edmonton.<\/p>\n\n\n\n<div style=\"height:12px\" aria-hidden=\"true\" class=\"wp-block-spacer\"><\/div>\n\n\n\n<div style=\"height:12px\" aria-hidden=\"true\" class=\"wp-block-spacer\"><\/div>\n\n\n\n<figure class=\"wp-block-gallery has-nested-images columns-default is-cropped wp-block-gallery-1 is-layout-flex wp-block-gallery-is-layout-flex\">\n<figure class=\"wp-block-image size-large\"><img decoding=\"async\" data-id=\"137186\" src=\"https:\/\/aecom.com\/content\/wp-content\/uploads\/2024\/10\/1-1024x576-1.jpg\" alt=\"\" class=\"wp-image-137186\"\/><\/figure>\n\n\n\n<figure class=\"wp-block-image size-large\"><img decoding=\"async\" data-id=\"137188\" src=\"https:\/\/aecom.com\/content\/wp-content\/uploads\/2024\/10\/3-1024x576-1.jpg\" alt=\"\" class=\"wp-image-137188\"\/><\/figure>\n\n\n\n<figure class=\"wp-block-image size-large\"><img decoding=\"async\" data-id=\"137191\" src=\"https:\/\/aecom.com\/content\/wp-content\/uploads\/2024\/10\/9-1024x683-1.jpg\" alt=\"\" class=\"wp-image-137191\"\/><\/figure>\n\n\n\n<figure class=\"wp-block-image size-large\"><img decoding=\"async\" data-id=\"137189\" src=\"https:\/\/aecom.com\/content\/wp-content\/uploads\/2024\/10\/7-1024x576-1.jpg\" alt=\"\" class=\"wp-image-137189\"\/><\/figure>\n\n\n\n<figure class=\"wp-block-image size-large\"><img decoding=\"async\" data-id=\"137190\" src=\"https:\/\/aecom.com\/content\/wp-content\/uploads\/2024\/10\/8-1024x683-1.jpg\" alt=\"\" class=\"wp-image-137190\"\/><\/figure>\n\n\n\n<figure class=\"wp-block-image size-large\"><img decoding=\"async\" data-id=\"137192\" src=\"https:\/\/aecom.com\/content\/wp-content\/uploads\/2024\/10\/10-1024x683-1.jpg\" alt=\"\" class=\"wp-image-137192\"\/><\/figure>\n<\/figure>\n\n\n\n<div style=\"height:12px\" aria-hidden=\"true\" class=\"wp-block-spacer\"><\/div>\n\n\n\n<figure class=\"wp-block-image size-full\"><img decoding=\"async\" src=\"https:\/\/aecom.com\/content\/wp-content\/uploads\/2024\/10\/4-1024x576-1.jpg\" alt=\"\" class=\"wp-image-137200\"\/><\/figure>\n\n\n\n<div style=\"height:36px\" aria-hidden=\"true\" class=\"wp-block-spacer\"><\/div>\n\n\n\n<h3 class=\"wp-block-heading\"><strong>Pleins feux en vedette<\/strong><\/h3>\n\n\n\n<div class=\"wp-block-columns is-layout-flex wp-container-core-columns-is-layout-9d6595d7 wp-block-columns-is-layout-flex\">\n<div class=\"wp-block-column is-layout-flow wp-block-column-is-layout-flow\">    <div class=\"aecom-custom-block single-promo-block\" style=\"background-color: #00353e;margin-top: 0px; margin-bottom: 40px;\">\n                    <div class=\"promo-bg\" style=\"background-image: url('https:\/\/aecom.com\/fr-ca\/wp-content\/uploads\/2024\/10\/1-resized-v2-1-scaled-1-scaled.jpg');opacity: 30%\"><\/div>\n                            <div class=\"promo-content\">\n                <h4>Pleins feux sur les employ\u00e9s :<\/h4>\n                <h2>Voici Gordon Geoffrey<\/h2>\n                <p>Gordon Geoffrey est un responsable technique de notre secteur d\u2019affaires eau au Canada.<\/p>\n                <div class=\"promo-link\">\n                    <a href=\"\/fr-ca\/people-spotlight-meet-gordon-geoffrey\/\"  class=\"aecom-global-cta aecom-global-cta-bold aecom-global-cta-sml aecom-global-cta-e-green-solid\">Lire la suite<\/a>\n                <\/div>\n            <\/div>\n            <\/div><\/div>\n\n\n\n<div class=\"wp-block-column is-layout-flow wp-block-column-is-layout-flow\">    <div class=\"aecom-custom-block single-promo-block\" style=\"background-color: #00353e;margin-top: 0px; margin-bottom: 40px;\">\n                    <div class=\"promo-bg\" style=\"background-image: url('https:\/\/aecom.com\/fr-ca\/wp-content\/uploads\/2024\/10\/header-resized-2.jpg');opacity: 30%\"><\/div>\n                            <div class=\"promo-content\">\n                <h4>Pleins feux sur les employ\u00e9s :<\/h4>\n                <h2>Voici Peter Ellingsen<\/h2>\n                <p>Peter Ellingsen est un gestionnaire en conception de notre secteur d\u2019affaires eau au Canada.<\/p>\n                <div class=\"promo-link\">\n                    <a href=\"\/fr-ca\/people-spotlight-meet-peter-ellingsen\/\"  class=\"aecom-global-cta aecom-global-cta-bold aecom-global-cta-sml aecom-global-cta-e-green-solid\">Lire la suite<\/a>\n                <\/div>\n            <\/div>\n            <\/div><\/div>\n\n\n\n<div class=\"wp-block-column is-layout-flow wp-block-column-is-layout-flow\">    <div class=\"aecom-custom-block single-promo-block\" style=\"background-color: #00353e;margin-top: 0px; margin-bottom: 40px;\">\n                    <div class=\"promo-bg\" style=\"background-image: url('https:\/\/aecom.com\/fr-ca\/wp-content\/uploads\/2024\/10\/imgonline-com-ua-CompressToSize-u8tZSRo9doBi-e1727880863760.jpg');opacity: 30%\"><\/div>\n                            <div class=\"promo-content\">\n                <h4>Pleins feux sur les employ\u00e9s :<\/h4>\n                <h2>Voici Colton Wooster<\/h2>\n                <p>Colton Wooster est  un ing\u00e9nieur g\u00e9otechnique stagiaire bas\u00e9 \u00e0 notre bureau de Winnipeg.<\/p>\n                <div class=\"promo-link\">\n                    <a href=\"\/fr-ca\/people-spotlight-meet-colton-wooster\/\"  class=\"aecom-global-cta aecom-global-cta-bold aecom-global-cta-sml aecom-global-cta-e-green-solid\">Lire la suite<\/a>\n                <\/div>\n            <\/div>\n            <\/div><\/div>\n<\/div>\n<\/div>\n\n\n\n<div class=\"wp-block-column is-layout-flow wp-block-column-is-layout-flow\" style=\"flex-basis:25%\">\n<h3 class=\"wp-block-heading\"><strong>Suivez nos derni\u00e8res mises \u00e0 jour<\/strong><\/h3>\n\n\n\n<div class=\"wp-block-columns conference-social-sidebar is-layout-flex wp-container-core-columns-is-layout-9d6595d7 wp-block-columns-is-layout-flex\">\n<div class=\"wp-block-column is-vertically-aligned-top is-layout-flow wp-block-column-is-layout-flow\" style=\"flex-basis:17%\">\n<figure class=\"wp-block-image size-full\"><a href=\"https:\/\/www.linkedin.com\/company\/aecom\/mycompany\/\" target=\"_blank\" rel=\"noopener\"><img decoding=\"async\" src=\"https:\/\/aecom.com\/content\/wp-content\/uploads\/2024\/09\/2024-icon-linkedin.png\" alt=\"\" class=\"wp-image-132875\"\/><\/a><\/figure>\n<\/div>\n\n\n\n<div class=\"wp-block-column is-vertically-aligned-top is-layout-flow wp-block-column-is-layout-flow\" style=\"flex-basis:83%\">\n<p>AECOM sur LinkedIn<\/p>\n<\/div>\n<\/div>\n\n\n\n<div class=\"wp-block-columns conference-social-sidebar is-layout-flex wp-container-core-columns-is-layout-9d6595d7 wp-block-columns-is-layout-flex\">\n<div class=\"wp-block-column is-vertically-aligned-top is-layout-flow wp-block-column-is-layout-flow\" style=\"flex-basis:17%\">\n<figure class=\"wp-block-image size-full\"><a href=\"https:\/\/www.linkedin.com\/in\/josh-jones-4103873b\/\" target=\"_blank\" rel=\"noopener\"><img decoding=\"async\" src=\"https:\/\/aecom.com\/content\/wp-content\/uploads\/2024\/09\/2024-icon-linkedin.png\" alt=\"\" class=\"wp-image-132875\"\/><\/a><\/figure>\n<\/div>\n\n\n\n<div class=\"wp-block-column is-vertically-aligned-top is-layout-flow wp-block-column-is-layout-flow\" style=\"flex-basis:83%\">\n<p>Josh Jones sur LinkedIn<\/p>\n<\/div>\n<\/div>\n\n\n\n<div style=\"height:12px\" aria-hidden=\"true\" class=\"wp-block-spacer\"><\/div>\n\n\n\n<div class=\"aecom-custom-block aecom-careers-sidebar-button\">\n  <ul class=\"sidebar-cta-buttons\">\n          <li class=\"sidebar-cta-btn\">\n        <a href=\"\/fr-ca\/people-spotlights-ca\/\" class=\"cta-btn-label\">\n            <div class=\"label-container\">\n            <h4>Voir nos autres Pleins feux sur les employ\u00e9s <\/h4>\n                            <p>Cliquez ici <i class=\"fas fa-chevron-right\"><\/i><\/p>\n                        <\/div>\n        <\/a>\n      <\/li>\n    \n  <\/ul>\n<\/div><\/div>\n<\/div>\n","protected":false},"excerpt":{"rendered":"<p>Cette semaine, nous pr\u00e9sentons un gestionnaire de programmes de notre secteur transport au Canada et nous explorons comment lui et son \u00e9quipe ont mis en place un syst\u00e8me de transport en commun s\u00fbr, durable et innovant dans la ville d\u2019Edmonton. Josh est le gestionnaire de projet pour le train l\u00e9ger sur rail (TLR) Valley Line,&#8230;<\/p>\n","protected":false},"author":701,"featured_media":0,"parent":0,"menu_order":0,"comment_status":"closed","ping_status":"closed","template":"views\/page-careers.blade.php","meta":{"_acf_changed":false,"footnotes":""},"yst_prominent_words":[],"class_list":["post-6349","page","type-page","status-publish","hentry"],"acf":[],"_links":{"self":[{"href":"https:\/\/aecom.com\/fr-ca\/wp-json\/wp\/v2\/pages\/6349","targetHints":{"allow":["GET"]}}],"collection":[{"href":"https:\/\/aecom.com\/fr-ca\/wp-json\/wp\/v2\/pages"}],"about":[{"href":"https:\/\/aecom.com\/fr-ca\/wp-json\/wp\/v2\/types\/page"}],"author":[{"embeddable":true,"href":"https:\/\/aecom.com\/fr-ca\/wp-json\/wp\/v2\/users\/701"}],"replies":[{"embeddable":true,"href":"https:\/\/aecom.com\/fr-ca\/wp-json\/wp\/v2\/comments?post=6349"}],"version-history":[{"count":3,"href":"https:\/\/aecom.com\/fr-ca\/wp-json\/wp\/v2\/pages\/6349\/revisions"}],"predecessor-version":[{"id":6483,"href":"https:\/\/aecom.com\/fr-ca\/wp-json\/wp\/v2\/pages\/6349\/revisions\/6483"}],"wp:attachment":[{"href":"https:\/\/aecom.com\/fr-ca\/wp-json\/wp\/v2\/media?parent=6349"}],"wp:term":[{"taxonomy":"yst_prominent_words","embeddable":true,"href":"https:\/\/aecom.com\/fr-ca\/wp-json\/wp\/v2\/yst_prominent_words?post=6349"}],"curies":[{"name":"wp","href":"https:\/\/api.w.org\/{rel}","templated":true}]}}