{"id":6588,"date":"2024-12-03T02:09:36","date_gmt":"2024-12-03T02:09:36","guid":{"rendered":"https:\/\/aecom.com\/fr-ca\/people-spotlight-meet-anna-cleaver\/"},"modified":"2024-12-03T03:04:28","modified_gmt":"2024-12-03T03:04:28","slug":"people-spotlight-meet-anna-cleaver","status":"publish","type":"page","link":"https:\/\/aecom.com\/fr-ca\/people-spotlight-meet-anna-cleaver\/","title":{"rendered":"Pleins feux sur les employ\u00e9s : Voici Anna Cleaver"},"content":{"rendered":"\n    <div class=\"aecom-custom-block careers-header\" style=\"background-color: #00353e; margin-top: 0px; margin-bottom: 40px;\">\n    <div class=\"careers-header-content\">\n                    <div class=\"careers-header-bg\" style=\"background-image: url('https:\/\/aecom.com\/fr-ca\/wp-content\/uploads\/2024\/12\/AnnaCleaverProject-1.jpg');opacity: 30%;\"><\/div>\n                    <div class=\"row no-gutters header-container\">\n                <div class=\"col careers-title\">\n                    <div class=\"header-title\">\n                        <p class=\"careers-sub-title\"><\/p>\n                        <h1>Pleins feux sur les employ\u00e9s : Voici Anna Cleaver<\/h1>\n                    <\/div>\n                                            <div class=\"header-content\">\n                            <section class=\"spotlight-header-info\">\n<article class=\"spotlight-header-item-1\"><img loading=\"lazy\" decoding=\"async\" src=\"https:\/\/aecom.com\/content\/wp-content\/uploads\/2024\/12\/Anna-Cleaver-People-Spotlight-150x150-1.png\" alt=\"\" width=\"150\" height=\"150\" class=\"alignnone size-full wp-image-135040\" \/><\/article>\n<article class=\"spotlight-header-item-2\">\n<h2 style=\"color: #aecc53\"><strong>Anna Cleaver<\/strong><\/h2>\n<h3><em>Anna est une ing\u00e9nieure en traitement des eaux us\u00e9es et responsable du segment des eaux us\u00e9es pour l\u2019Ontario au Canada<\/em><\/h3>\n<\/article>\n<\/section>\n                        <\/div>\n                                        <div class=\"cta-container\">\n\n                        <!-- add condition here -->\n                        \n                        <!-- add condition here -->\n                        \n\n                    <\/div>\n                    \n                <\/div>\n            <\/div>\n        <\/div>\n    <\/div>\n\n\n<div class=\"wp-block-columns aecom-centered-column is-layout-flex wp-container-core-columns-is-layout-9d6595d7 wp-block-columns-is-layout-flex\">\n<div class=\"wp-block-column is-layout-flow wp-block-column-is-layout-flow\" style=\"flex-basis:75%\">\n<div class=\"aecom-custom-block block-intro-text\" style=\"margin-top: 0px; margin-bottom: 40px\">\n    <p class=\"editor-emphasized\">\n        Notre <a href=\"https:\/\/aecom.com\/fr-ca\/people-spotlights-ca\/\" target=\"_blank\">s\u00e9rie Pleins feux sur les employ\u00e9s<\/a> vous permet de d\u00e9couvrir nos experts techniques \u00e0 travers le monde. Cette semaine, nous mettons en lumi\u00e8re une ing\u00e9nieure en traitement des eaux us\u00e9es de notre secteur d\u2019affaires eau au Canada et nous vous donnons un aper\u00e7u de son inspiration et de son travail.    <\/p>\n<\/div>\n\n\n<p>Anna Cleaver est responsable du segment des eaux us\u00e9es pour l\u2019Ontario, au Canada, et ing\u00e9nieure des proc\u00e9d\u00e9s sp\u00e9cialis\u00e9e en conception et exploitation des usines de traitement biologique des eaux us\u00e9es. Elle est une ancienne \u00e9tudiante de l\u2019Acad\u00e9mie de l\u2019eau d\u2019AECOM, un programme international de formation avanc\u00e9e qui soutient et d\u00e9veloppe les responsables techniques du secteur eau \u00e0 chaque \u00e9tape de leur carri\u00e8re au sein de l\u2019entreprise. Anna a r\u00e9cemment assum\u00e9 les fonctions de codirectrice du programme Traitement des eaux us\u00e9es : filet liquide de l\u2019Acad\u00e9mie de l\u2019eau et esp\u00e8re inspirer les futurs ing\u00e9nieurs des proc\u00e9d\u00e9s sp\u00e9cialis\u00e9s dans le traitement des eaux us\u00e9es partout dans le monde.<\/p>\n\n\n\n<h3 class=\"wp-block-heading\">Qu\u2019est-ce qui vous a inspir\u00e9 \u00e0 travailler dans ce domaine?<\/h3>\n\n\n\n<p>J\u2019ai grandi dans une ferme du Sud-Ouest de l\u2019Ontario, o\u00f9 ma famille a eu la chance d\u2019avoir un bon puits sur sa propri\u00e9t\u00e9, alors que de nombreuses sources d\u2019eau souterraine dans la r\u00e9gion contenaient du sulfure d\u2019hydrog\u00e8ne. J\u2019ai compris tr\u00e8s t\u00f4t \u00e0 quel point la qualit\u00e9 de l\u2019eau pouvait influer consid\u00e9rablement sur la qualit\u00e9 de vie d\u2019une personne. <\/p>\n\n\n\n<p>Apr\u00e8s avoir r\u00e9alis\u00e9 un projet scolaire sur le dichlorodiph\u00e9nyltrichloro\u00e9thane (commun\u00e9ment appel\u00e9 DDT), j\u2019ai eu envie de produire des biopesticides diff\u00e9rents pour r\u00e9duire l\u2019incidence de l\u2019agriculture sur l\u2019environnement. J\u2019ai \u00e9tudi\u00e9 le g\u00e9nie chimique et biochimique \u00e0 l\u2019universit\u00e9, ce qui m\u2019a conduite au domaine de l\u2019hydraulique dans l\u2019industrie p\u00e9troli\u00e8re et gazi\u00e8re \u00e0 Calgary, en Alberta. Cette exp\u00e9rience m\u2019a donn\u00e9 l\u2019occasion de revenir en Ontario et de<br>travailler dans le domaine de la distribution de l\u2019eau. Dans ce nouveau r\u00f4le, j\u2019ai travaill\u00e9 en \u00e9troite collaboration avec un ing\u00e9nieur en traitement des eaux us\u00e9es qui adorait ces \u00ab petites b\u00eates \u00bb et je me suis imm\u00e9diatement int\u00e9ress\u00e9e au traitement biologique des eaux us\u00e9es. J\u2019\u00e9tais ravie! J\u2019avais enfin trouv\u00e9 ma voie pour am\u00e9liorer la qualit\u00e9 de l\u2019eau pour la population et pour prot\u00e9ger l\u2019environnement. Sans aucune \u00e9ducation formelle dans ce secteur, l\u2019Acad\u00e9mie<br>de l\u2019eau d\u2019AECOM m\u2019a fourni les connaissances n\u00e9cessaires pour lancer une carri\u00e8re dans ce domaine. Je suis tr\u00e8s reconnaissante pour cette formation et pour le soutien que j\u2019ai re\u00e7u pour d\u00e9velopper mes comp\u00e9tences et suivre la<br>voie qui me passionne : utiliser la biologie pour r\u00e9duire l\u2019incidence de la population sur l\u2019environnement.<\/p>\n\n\n\n<div class=\"aecom-custom-block client-quote-block\" style=\"margin-top: 36px; margin-bottom: 36px\">\n    <p class=\"client-quote-text\" style=\"margin-top: 30px\";>\n        Apr\u00e8s avoir r\u00e9alis\u00e9 un projet scolaire sur le dichlorodiph\u00e9nyltrichloro\u00e9thane (commun\u00e9ment appel\u00e9 DDT), j\u2019ai eu envie de produire des biopesticides diff\u00e9rents pour r\u00e9duire l\u2019incidence de l\u2019agriculture sur l\u2019environnement. J\u2019ai \u00e9tudi\u00e9 le g\u00e9nie chimique et biochimique \u00e0 l\u2019universit\u00e9, ce qui m\u2019a conduite au domaine de l\u2019hydraulique dans l\u2019industrie p\u00e9troli\u00e8re et gazi\u00e8re \u00e0 Calgary, en Alberta.    <\/p>\n    <p class=\"client-quote-author\">\n            <\/p>\n    <p class=\"client-quote-title\">\n            <\/p>\n<\/div>\n\n\n<h3 class=\"wp-block-heading\"><strong><strong>Sur quel projet d\u2019AECOM avez-vous le plus aim\u00e9 travailler, et pourquoi?<\/strong><\/strong><\/h3>\n\n\n\n<p>Le projet de modernisation, d\u2019agrandissement et d\u2019optimisation de l\u2019usine de traitement des eaux us\u00e9es Greenway situ\u00e9e \u00e0 London, en Ontario, est de loin mon exp\u00e9rience professionnelle la plus marquante. L\u2019usine Greenway se trouve<br>au c\u0153ur de la ville, \u00e0 c\u00f4t\u00e9 du tr\u00e8s populaire sentier de la rivi\u00e8re et du tout aussi populaire parc pour chiens sans laisse. Bien que la zone environnante appartienne \u00e0 la Ville, il \u00e9tait important pour le public de contenir l\u2019usine de traitement \u00e0 l\u2019int\u00e9rieur de ses limites existantes. J\u2019ai \u00e9t\u00e9 emball\u00e9e par ce d\u00e9fi et par le fait de participer \u00e0 l\u2019ensemble du projet : depuis ses d\u00e9buts dans la phase de planification jusqu\u2019\u00e0 la construction finale et l\u2019optimisation. Le projet a permis d\u2019augmenter la capacit\u00e9 de traitement de l\u2019usine \u00e0 l\u2019int\u00e9rieur des limites existantes du site tout en r\u00e9duisant les rejets d\u2019eaux us\u00e9es brutes dans la rivi\u00e8re Thames. Notre \u00e9quipe a remplac\u00e9 les d\u00e9canteurs peu efficaces par des r\u00e9servoirs carr\u00e9s en b\u00e9ton pour un traitement primaire am\u00e9lior\u00e9 chimiquement des d\u00e9bits d\u2019eau de pluie. La capacit\u00e9 accrue de l\u2019usine a permis de retarder le besoin d\u2019une nouvelle usine de traitement des eaux us\u00e9es dans le Sud-Est de la ville. Une fois la construction achev\u00e9e, notre \u00e9quipe a continu\u00e9 \u00e0 travailler avec la Ville pour \u00e9valuer le bassin des eaux us\u00e9es et les usines satellites afin d\u2019optimiser la capacit\u00e9 disponible dans toutes les usines et d\u2019\u00e9viter la n\u00e9cessit\u00e9 de proc\u00e9der \u00e0 d\u2019importantes mises \u00e0 niveau de la capacit\u00e9.<\/p>\n\n\n\n<div class=\"aecom-custom-block client-quote-block\" style=\"margin-top: 36px; margin-bottom: 36px\">\n    <p class=\"client-quote-text\" style=\"margin-top: 30px\";>\n        Notre \u00e9quipe a remplac\u00e9 les d\u00e9canteurs peu efficaces par des r\u00e9servoirs carr\u00e9s en b\u00e9ton pour un traitement primaire am\u00e9lior\u00e9 chimiquement des d\u00e9bits d\u2019eau de pluie. La capacit\u00e9 accrue de l\u2019usine a permis de retarder le besoin d\u2019une nouvelle usine de traitement des eaux us\u00e9es dans le Sud-Est de la ville.    <\/p>\n    <p class=\"client-quote-author\">\n            <\/p>\n    <p class=\"client-quote-title\">\n            <\/p>\n<\/div>\n\n\n<h3 class=\"wp-block-heading\"><strong><strong>Expliquez-nous comment votre travail a des retomb\u00e9es positives sur la collectivit\u00e9<\/strong><\/strong><\/h3>\n\n\n\n<p>Je suis tr\u00e8s consciente qu\u2019au Canada, les infrastructures hydrauliques que con\u00e7oit AECOM sont financ\u00e9es par des fonds publics. Je travaille en \u00e9troite collaboration avec tous les \u00e9chelons d\u2019activit\u00e9s de traitement des eaux us\u00e9es pour veiller \u00e0 ce que les d\u00e9cisions que je prends apportent de la valeur. D\u2019importantes am\u00e9liorations aux immobilisations sont requises pour pr\u00e9server notre infrastructure et je m\u2019efforce de trouver l\u2019\u00e9quilibre entre les d\u00e9penses et<br>l\u2019am\u00e9lioration. Les solutions ayant la meilleure valeur ne sont pas forc\u00e9ment les plus ch\u00e8res. Je cherche \u00e0 fournir une infrastructure que le client utilisera pour am\u00e9liorer la qualit\u00e9 des effluents, limiter les d\u00e9bordements et simplifier les<br>proc\u00e9dures op\u00e9rationnelles.<\/p>\n\n\n\n<div class=\"aecom-custom-block client-quote-block\" style=\"margin-top: 36px; margin-bottom: 36px\">\n    <p class=\"client-quote-text\" style=\"margin-top: 30px\";>\n        D\u2019importantes am\u00e9liorations aux immobilisations sont requises pour pr\u00e9server notre infrastructure et je m\u2019efforce de trouver l\u2019\u00e9quilibre entre les d\u00e9penses et<br \/>\r\nl\u2019am\u00e9lioration. Les solutions ayant la meilleure valeur ne sont pas forc\u00e9ment les plus ch\u00e8res. Je cherche \u00e0 fournir une infrastructure que le client utilisera pour am\u00e9liorer la qualit\u00e9 des effluents, limiter les d\u00e9bordements et simplifier les<br \/>\r\nproc\u00e9dures op\u00e9rationnelles.    <\/p>\n    <p class=\"client-quote-author\">\n            <\/p>\n    <p class=\"client-quote-title\">\n            <\/p>\n<\/div>\n\n\n<div class=\"wp-block-columns is-layout-flex wp-container-core-columns-is-layout-9d6595d7 wp-block-columns-is-layout-flex\">\n<div class=\"wp-block-column is-layout-flow wp-block-column-is-layout-flow\">\n<figure class=\"wp-block-image size-full\"><img decoding=\"async\" src=\"https:\/\/aecom.com\/content\/wp-content\/uploads\/2024\/12\/IMG_3619.jpg\" alt=\"\" class=\"wp-image-147628\"\/><\/figure>\n<\/div>\n\n\n\n<div class=\"wp-block-column is-layout-flow wp-block-column-is-layout-flow\">\n<figure class=\"wp-block-image size-full\"><img decoding=\"async\" src=\"https:\/\/aecom.com\/content\/wp-content\/uploads\/2024\/12\/IMG_3624.jpg\" alt=\"\" class=\"wp-image-147627\"\/><\/figure>\n<\/div>\n<\/div>\n\n\n\n<h3 class=\"wp-block-heading\"><strong><strong>Quel conseil professionnel aimeriez-vous donner \u00e0 vos coll\u00e8gues?<\/strong><\/strong><\/h3>\n\n\n\n<p>Un mentor m\u2019a dit un jour : \u00ab On peut poss\u00e9der 20 ans d\u2019exp\u00e9rience, ou bien deux fois 10 ans \u00bb. Je mets tout en \u0153uvre pour veiller \u00e0 me constituer un cheminement de carri\u00e8re de 20 ans. Les carri\u00e8res se b\u00e2tissent un jour \u00e0 la fois. Dans cette optique, ne vous contentez jamais de votre niveau actuel de connaissances et ne consid\u00e9rez pas votre travail comme une routine. Soyez toujours curieux, posez des questions, faites un suivi aupr\u00e8s des op\u00e9rateurs et trouvez des occasions d\u2019apprentissage dans les t\u00e2ches quotidiennes.<\/p>\n\n\n\n<div style=\"height:36px\" aria-hidden=\"true\" class=\"wp-block-spacer\"><\/div>\n\n\n\n<h3 class=\"wp-block-heading\"><strong>Pleins feux en vedette<\/strong><\/h3>\n\n\n\n<div class=\"wp-block-columns is-layout-flex wp-container-core-columns-is-layout-9d6595d7 wp-block-columns-is-layout-flex\">\n<div class=\"wp-block-column is-layout-flow wp-block-column-is-layout-flow\">    <div class=\"aecom-custom-block single-promo-block\" style=\"background-color: #00353e;margin-top: 0px; margin-bottom: 40px;\">\n                    <div class=\"promo-bg\" style=\"background-image: url('https:\/\/aecom.com\/fr-ca\/wp-content\/uploads\/2024\/10\/header-resized-1-1-scaled-1-scaled.jpg');opacity: 30%\"><\/div>\n                            <div class=\"promo-content\">\n                <h4>Examen approfondi<\/h4>\n                <h2>avec Josh Jones<\/h2>\n                <p>Josh Jones est un gestionnaire de programmes de notre secteur transport au Canada.<\/p>\n                <div class=\"promo-link\">\n                    <a href=\"\/fr-ca\/deep-dive-with-josh-jones\/\"  class=\"aecom-global-cta aecom-global-cta-bold aecom-global-cta-sml aecom-global-cta-e-green-solid\">Lire la suite<\/a>\n                <\/div>\n            <\/div>\n            <\/div><\/div>\n\n\n\n<div class=\"wp-block-column is-layout-flow wp-block-column-is-layout-flow\">    <div class=\"aecom-custom-block single-promo-block\" style=\"background-color: #00353e;margin-top: 0px; margin-bottom: 40px;\">\n                    <div class=\"promo-bg\" style=\"background-image: url('https:\/\/aecom.com\/fr-ca\/wp-content\/uploads\/2024\/10\/1-resized-v2-1-scaled-1-scaled.jpg');opacity: 30%\"><\/div>\n                            <div class=\"promo-content\">\n                <h4>Pleins feux sur les employ\u00e9s :<\/h4>\n                <h2>Voici Gordon Geoffrey<\/h2>\n                <p>Gordon Geoffrey est un responsable technique de notre secteur d\u2019affaires eau au Canada.<\/p>\n                <div class=\"promo-link\">\n                    <a href=\"\/fr-ca\/people-spotlight-meet-gordon-geoffrey\/\"  class=\"aecom-global-cta aecom-global-cta-bold aecom-global-cta-sml aecom-global-cta-e-green-solid\">Lire la suite<\/a>\n                <\/div>\n            <\/div>\n            <\/div><\/div>\n\n\n\n<div class=\"wp-block-column is-layout-flow wp-block-column-is-layout-flow\">    <div class=\"aecom-custom-block single-promo-block\" style=\"background-color: #00353e;margin-top: 0px; margin-bottom: 40px;\">\n                    <div class=\"promo-bg\" style=\"background-image: url('https:\/\/aecom.com\/fr-ca\/wp-content\/uploads\/2024\/10\/header-resized-2.jpg');opacity: 30%\"><\/div>\n                            <div class=\"promo-content\">\n                <h4>Pleins feux sur les employ\u00e9s :<\/h4>\n                <h2>Voici Peter Ellingsen<\/h2>\n                <p>Peter Ellingsen est gestionnaire en conception de notre secteur d\u2019affaires eau au Canada.<\/p>\n                <div class=\"promo-link\">\n                    <a href=\"\/fr-ca\/people-spotlight-meet-peter-ellingsen\/\"  class=\"aecom-global-cta aecom-global-cta-bold aecom-global-cta-sml aecom-global-cta-e-green-solid\">Lire la suite<\/a>\n                <\/div>\n            <\/div>\n            <\/div><\/div>\n<\/div>\n<\/div>\n\n\n\n<div class=\"wp-block-column is-layout-flow wp-block-column-is-layout-flow\" style=\"flex-basis:25%\">\n<h3 class=\"wp-block-heading\"><strong>Suivez nos derni\u00e8res mises \u00e0 jour<\/strong><\/h3>\n\n\n\n<div class=\"wp-block-columns conference-social-sidebar is-layout-flex wp-container-core-columns-is-layout-9d6595d7 wp-block-columns-is-layout-flex\">\n<div class=\"wp-block-column is-vertically-aligned-top is-layout-flow wp-block-column-is-layout-flow\" style=\"flex-basis:17%\">\n<figure class=\"wp-block-image size-full\"><a href=\"https:\/\/www.linkedin.com\/company\/aecom\/mycompany\/\" target=\"_blank\" rel=\"noopener\"><img decoding=\"async\" src=\"https:\/\/aecom.com\/content\/wp-content\/uploads\/2024\/09\/2024-icon-linkedin.png\" alt=\"\" class=\"wp-image-132875\"\/><\/a><\/figure>\n<\/div>\n\n\n\n<div class=\"wp-block-column is-vertically-aligned-top is-layout-flow wp-block-column-is-layout-flow\" style=\"flex-basis:83%\">\n<p>AECOM sur LinkedIn<\/p>\n<\/div>\n<\/div>\n\n\n\n<div class=\"wp-block-columns conference-social-sidebar is-layout-flex wp-container-core-columns-is-layout-9d6595d7 wp-block-columns-is-layout-flex\">\n<div class=\"wp-block-column is-vertically-aligned-top is-layout-flow wp-block-column-is-layout-flow\" style=\"flex-basis:17%\">\n<figure class=\"wp-block-image size-full\"><a href=\"https:\/\/www.linkedin.com\/in\/anna-cleaver-28179914\/\" target=\"_blank\" rel=\"noopener\"><img decoding=\"async\" src=\"https:\/\/aecom.com\/content\/wp-content\/uploads\/2024\/09\/2024-icon-linkedin.png\" alt=\"\" class=\"wp-image-132875\"\/><\/a><\/figure>\n<\/div>\n\n\n\n<div class=\"wp-block-column is-vertically-aligned-top is-layout-flow wp-block-column-is-layout-flow\" style=\"flex-basis:83%\">\n<p>Anna Cleaver sur LinkedIn<\/p>\n<\/div>\n<\/div>\n\n\n\n<div style=\"height:12px\" aria-hidden=\"true\" class=\"wp-block-spacer\"><\/div>\n\n\n\n<div class=\"aecom-custom-block aecom-careers-sidebar-button\">\n  <ul class=\"sidebar-cta-buttons\">\n          <li class=\"sidebar-cta-btn\">\n        <a href=\"\/fr-ca\/people-spotlights-ca\/\" class=\"cta-btn-label\">\n            <div class=\"label-container\">\n            <h4>Voir nos autres Pleins feux sur les employ\u00e9s <\/h4>\n                            <p>Cliquez ici <i class=\"fas fa-chevron-right\"><\/i><\/p>\n                        <\/div>\n        <\/a>\n      <\/li>\n    \n  <\/ul>\n<\/div><\/div>\n<\/div>\n","protected":false},"excerpt":{"rendered":"<p>Anna Cleaver est responsable du segment des eaux us\u00e9es pour l\u2019Ontario, au Canada, et ing\u00e9nieure des proc\u00e9d\u00e9s sp\u00e9cialis\u00e9e en conception et exploitation des usines de traitement biologique des eaux us\u00e9es. Elle est une ancienne \u00e9tudiante de l\u2019Acad\u00e9mie de l\u2019eau d\u2019AECOM, un programme international de formation avanc\u00e9e qui soutient et d\u00e9veloppe les responsables techniques du secteur&#8230;<\/p>\n","protected":false},"author":701,"featured_media":0,"parent":0,"menu_order":0,"comment_status":"closed","ping_status":"closed","template":"views\/page-careers.blade.php","meta":{"_acf_changed":false,"footnotes":""},"yst_prominent_words":[],"class_list":["post-6588","page","type-page","status-publish","hentry"],"acf":[],"_links":{"self":[{"href":"https:\/\/aecom.com\/fr-ca\/wp-json\/wp\/v2\/pages\/6588","targetHints":{"allow":["GET"]}}],"collection":[{"href":"https:\/\/aecom.com\/fr-ca\/wp-json\/wp\/v2\/pages"}],"about":[{"href":"https:\/\/aecom.com\/fr-ca\/wp-json\/wp\/v2\/types\/page"}],"author":[{"embeddable":true,"href":"https:\/\/aecom.com\/fr-ca\/wp-json\/wp\/v2\/users\/701"}],"replies":[{"embeddable":true,"href":"https:\/\/aecom.com\/fr-ca\/wp-json\/wp\/v2\/comments?post=6588"}],"version-history":[{"count":3,"href":"https:\/\/aecom.com\/fr-ca\/wp-json\/wp\/v2\/pages\/6588\/revisions"}],"predecessor-version":[{"id":6620,"href":"https:\/\/aecom.com\/fr-ca\/wp-json\/wp\/v2\/pages\/6588\/revisions\/6620"}],"wp:attachment":[{"href":"https:\/\/aecom.com\/fr-ca\/wp-json\/wp\/v2\/media?parent=6588"}],"wp:term":[{"taxonomy":"yst_prominent_words","embeddable":true,"href":"https:\/\/aecom.com\/fr-ca\/wp-json\/wp\/v2\/yst_prominent_words?post=6588"}],"curies":[{"name":"wp","href":"https:\/\/api.w.org\/{rel}","templated":true}]}}