{"id":6631,"date":"2024-12-10T16:12:56","date_gmt":"2024-12-10T16:12:56","guid":{"rendered":"https:\/\/aecom.com\/fr-ca\/?page_id=6631"},"modified":"2024-12-10T16:12:56","modified_gmt":"2024-12-10T16:12:56","slug":"richard-barrett-2","status":"publish","type":"page","link":"https:\/\/aecom.com\/fr-ca\/about-us\/our-leadership\/richard-barrett-2\/","title":{"rendered":"Richard Barrett\u00a0"},"content":{"rendered":"\n<div class=\"wp-block-columns is-layout-flex wp-container-core-columns-is-layout-9d6595d7 wp-block-columns-is-layout-flex\">\n<div class=\"wp-block-column is-layout-flow wp-block-column-is-layout-flow\" style=\"flex-basis:66.66%\">\n<div class=\"wp-block-columns is-layout-flex wp-container-core-columns-is-layout-9d6595d7 wp-block-columns-is-layout-flex\">\n<div class=\"wp-block-column is-layout-flow wp-block-column-is-layout-flow\" style=\"flex-basis:33%\">\n<figure class=\"wp-block-image size-full\"><img loading=\"lazy\" decoding=\"async\" width=\"364\" height=\"364\" src=\"https:\/\/aecom.com\/fr-ca\/wp-content\/uploads\/2023\/09\/richard-barrett-1.jpg\" alt=\"\" class=\"wp-image-2493\" srcset=\"https:\/\/aecom.com\/fr-ca\/wp-content\/uploads\/2023\/09\/richard-barrett-1.jpg 364w, https:\/\/aecom.com\/fr-ca\/wp-content\/uploads\/2023\/09\/richard-barrett-1-300x300.jpg 300w, https:\/\/aecom.com\/fr-ca\/wp-content\/uploads\/2023\/09\/richard-barrett-1-150x150.jpg 150w\" sizes=\"auto, (max-width: 364px) 100vw, 364px\" \/><\/figure>\n<\/div>\n\n\n\n<div class=\"wp-block-column is-layout-flow wp-block-column-is-layout-flow\">\n<h3 class=\"wp-block-heading\"><strong>Richard Barrett<\/strong>\u00a0<\/h3>\n\n\n\n<p>Vice-pr\u00e9sident directeur, chef de la direction de la r\u00e9gion Canada\u00a0<\/p>\n<\/div>\n<\/div>\n\n\n\n<div class=\"aecom-custom-block block-intro-text\" style=\"margin-top: 0px; margin-bottom: 40px\">\n    <p class=\"editor-emphasized\">\n        Richard Barrett est vice-pr\u00e9sident directeur et chef de direction r\u00e9gionale au sein d\u2019AECOM, la soci\u00e9t\u00e9 de services-conseils en infrastructures de renomm\u00e9e mondiale qui ex\u00e9cute des services professionnels couvrant tout le cycle de vie des projets, de la consultation \u00e0 la planification, en passant par la conception, l\u2019ing\u00e9nierie et la gestion de programmes et de la construction.     <\/p>\n<\/div>\n\n\n<p>M.\u202fBarrett est membre de l\u2019\u00e9quipe mondiale de haute direction d\u2019AECOM et est responsable de l\u2019exploitation de la r\u00e9gion Canada. La r\u00e9gion est constitu\u00e9e d\u2019une \u00e9quipe de plus de 3\u202f000\u202fconcepteurs, ing\u00e9nieurs, planificateurs, scientifiques et gestionnaires de projet.&nbsp;<\/p>\n\n\n\n<p>Travaillant chez AECOM depuis plus de 30\u202fans, M.\u202fBarrett a occup\u00e9 plusieurs postes cl\u00e9s de direction, notamment celui de chef de l\u2019exploitation de la r\u00e9gion Australie\u2013Nouvelle-Z\u00e9lande de 2014 \u00e0 2020, puis de chef de la direction de cette r\u00e9gion de 2020 \u00e0 2023.&nbsp;<\/p>\n\n\n\n<p>En plus de 35\u202fans de carri\u00e8re, M.\u202fBarrett a servi des clients des secteurs priv\u00e9 et public dans la r\u00e9alisation de projets d\u2019infrastructures majeurs ax\u00e9s sur les r\u00e9sultats au moyen de diff\u00e9rentes modalit\u00e9s de contrats. Il s\u2019appuie sur son exp\u00e9rience de travail dans plusieurs secteurs, notamment le transport, les ressources, la d\u00e9fense et la sant\u00e9. Il a \u00e9t\u00e9 champion du changement de Consult Australia et ambassadeur de l\u2019\u00e9quit\u00e9 salariale de l\u2019Agence australienne pour l\u2019\u00e9galit\u00e9 des sexes au travail.&nbsp;&nbsp;<\/p>\n\n\n\n    <div class=\"aecom-custom-block block-cta-button\" style=\"margin-top: 40px;\">\n        <a href=\"https:\/\/aecom.com\/fr-ca\/about-us\/our-leadership\/\" class=\"aecom-default-cta aecom-global-cta-e-green-transparent aecom-global-cta-sml aecom-global-cta-bold aecom-global-cta aecom-global-cta-bold\"  >Retour \u00e0 la direction d&#8217;AECOM <svg data-name=\"Layer 1\" xmlns=\"http:\/\/www.w3.org\/2000\/svg\" viewBox=\"0 0 31.4 29.8\"><g data-name=\"Group 31\"><g data-name=\"Group 30\"><g data-name=\"Group 29\"><path data-name=\"Path 49\" d=\"M31.4 14.1h-3.1a12.6 12.6 0 0 1-25.2 0H0a15.7 15.7 0 1 0 31.4 0m-15.7 7 7.4-7.4-2.2-2.2-3.6 3.6V0h-3.1v15l-3.6-3.6-2.2 2.2 7.4 7.4Z\" fill=\"currentColor\"\/><\/g><\/g><\/g><\/svg><\/a>\n    <\/div>\n<\/div>\n\n\n\n<div class=\"wp-block-column is-layout-flow wp-block-column-is-layout-flow\" style=\"flex-basis:33.33%\">\n<h3 class=\"wp-block-heading has-text-color\" style=\"color:#008768\"><strong>\u00c9tudes<\/strong><\/h3>\n\n\n\n<p>Universit\u00e9 James Cook, baccalaur\u00e9at en g\u00e9nie civil (sp\u00e9cialis\u00e9)\u00a0\u00a0<\/p>\n\n\n\n<h3 class=\"wp-block-heading has-text-color\" style=\"color:#008768\"><strong>Affiliations<\/strong><\/h3>\n\n\n\n<p>Conseil des ing\u00e9nieurs professionnels du Queensland; membre \u00e0 titre d\u2019ing\u00e9nieur professionnel (FIEAust)\u00a0<\/p>\n<\/div>\n<\/div>\n\n\n\n<p><\/p>\n","protected":false},"excerpt":{"rendered":"<p>Richard Barrett\u00a0 Vice-pr\u00e9sident directeur, chef de la direction de la r\u00e9gion Canada\u00a0 M.\u202fBarrett est membre de l\u2019\u00e9quipe mondiale de haute direction d\u2019AECOM et est responsable de l\u2019exploitation de la r\u00e9gion Canada. La r\u00e9gion est constitu\u00e9e d\u2019une \u00e9quipe de plus de 3\u202f000\u202fconcepteurs, ing\u00e9nieurs, planificateurs, scientifiques et gestionnaires de projet.&nbsp; Travaillant chez AECOM depuis plus de 30\u202fans,&#8230;<\/p>\n","protected":false},"author":701,"featured_media":0,"parent":908,"menu_order":10,"comment_status":"closed","ping_status":"closed","template":"","meta":{"_acf_changed":false,"footnotes":""},"yst_prominent_words":[],"class_list":["post-6631","page","type-page","status-publish","hentry"],"acf":[],"_links":{"self":[{"href":"https:\/\/aecom.com\/fr-ca\/wp-json\/wp\/v2\/pages\/6631","targetHints":{"allow":["GET"]}}],"collection":[{"href":"https:\/\/aecom.com\/fr-ca\/wp-json\/wp\/v2\/pages"}],"about":[{"href":"https:\/\/aecom.com\/fr-ca\/wp-json\/wp\/v2\/types\/page"}],"author":[{"embeddable":true,"href":"https:\/\/aecom.com\/fr-ca\/wp-json\/wp\/v2\/users\/701"}],"replies":[{"embeddable":true,"href":"https:\/\/aecom.com\/fr-ca\/wp-json\/wp\/v2\/comments?post=6631"}],"version-history":[{"count":2,"href":"https:\/\/aecom.com\/fr-ca\/wp-json\/wp\/v2\/pages\/6631\/revisions"}],"predecessor-version":[{"id":6634,"href":"https:\/\/aecom.com\/fr-ca\/wp-json\/wp\/v2\/pages\/6631\/revisions\/6634"}],"up":[{"embeddable":true,"href":"https:\/\/aecom.com\/fr-ca\/wp-json\/wp\/v2\/pages\/908"}],"wp:attachment":[{"href":"https:\/\/aecom.com\/fr-ca\/wp-json\/wp\/v2\/media?parent=6631"}],"wp:term":[{"taxonomy":"yst_prominent_words","embeddable":true,"href":"https:\/\/aecom.com\/fr-ca\/wp-json\/wp\/v2\/yst_prominent_words?post=6631"}],"curies":[{"name":"wp","href":"https:\/\/api.w.org\/{rel}","templated":true}]}}