{"id":6639,"date":"2024-12-10T19:04:49","date_gmt":"2024-12-10T19:04:49","guid":{"rendered":"https:\/\/aecom.com\/fr-ca\/?page_id=6639"},"modified":"2024-12-10T19:15:41","modified_gmt":"2024-12-10T19:15:41","slug":"katherine-stephens","status":"publish","type":"page","link":"https:\/\/aecom.com\/fr-ca\/about-us\/our-leadership\/katherine-stephens\/","title":{"rendered":"Katherine \u202fStephens\u00a0"},"content":{"rendered":"\n<div class=\"wp-block-columns is-layout-flex wp-container-core-columns-is-layout-9d6595d7 wp-block-columns-is-layout-flex\">\n<div class=\"wp-block-column is-layout-flow wp-block-column-is-layout-flow\" style=\"flex-basis:66.66%\">\n<div class=\"wp-block-columns is-layout-flex wp-container-core-columns-is-layout-9d6595d7 wp-block-columns-is-layout-flex\">\n<div class=\"wp-block-column is-layout-flow wp-block-column-is-layout-flow\" style=\"flex-basis:33%\">\n<figure class=\"wp-block-image size-full\"><img loading=\"lazy\" decoding=\"async\" width=\"364\" height=\"364\" src=\"https:\/\/aecom.com\/fr-ca\/wp-content\/uploads\/2024\/01\/katherine-stephens-1.jpg\" alt=\"\" class=\"wp-image-4676\" srcset=\"https:\/\/aecom.com\/fr-ca\/wp-content\/uploads\/2024\/01\/katherine-stephens-1.jpg 364w, https:\/\/aecom.com\/fr-ca\/wp-content\/uploads\/2024\/01\/katherine-stephens-1-300x300.jpg 300w, https:\/\/aecom.com\/fr-ca\/wp-content\/uploads\/2024\/01\/katherine-stephens-1-150x150.jpg 150w\" sizes=\"auto, (max-width: 364px) 100vw, 364px\" \/><\/figure>\n<\/div>\n\n\n\n<div class=\"wp-block-column is-layout-flow wp-block-column-is-layout-flow\">\n<h3 class=\"wp-block-heading\">Katherine \u202fStephens\u00a0<\/h3>\n\n\n\n<p>Vice-pr\u00e9sidente principale et cheffe de l\u2019exploitation, Canada\u00a0<\/p>\n<\/div>\n<\/div>\n\n\n\n<div class=\"aecom-custom-block block-intro-text\" style=\"margin-top: 0px; margin-bottom: 40px\">\n    <p class=\"editor-emphasized\">\n        Katherine Stephens est vice-pr\u00e9sidente principale et cheffe de l\u2019exploitation de la r\u00e9gion Canada d\u2019AECOM, la soci\u00e9t\u00e9 de services-conseils en infrastructures de renomm\u00e9e mondiale qui ex\u00e9cute des services professionnels couvrant tout le cycle de vie des projets, de la consultation \u00e0 la planification, en passant par la conception, l\u2019ing\u00e9nierie et la gestion de programmes et de la construction.     <\/p>\n<\/div>\n\n\n<p>\u00c0 ce poste, Mme\u202fStephens fournit une vision strat\u00e9gique et un leadership op\u00e9rationnel pour les activit\u00e9s commerciales au Canada. Elle a fait ses preuves en mati\u00e8re d\u2019am\u00e9lioration de l\u2019efficacit\u00e9 op\u00e9rationnelle et de la satisfaction des clients, ainsi qu\u2019en gestion des changements organisationnels. Elle est passionn\u00e9e par le progr\u00e8s des pratiques environnementales, sociales et de gouvernance (ESG), et par la promotion d\u2019une culture de collaboration et d\u2019innovation. Elle a dirig\u00e9 et contribu\u00e9 \u00e0 de nombreux projets et initiatives qui ont am\u00e9lior\u00e9 la qualit\u00e9, l\u2019efficacit\u00e9 et la durabilit\u00e9 des services et de l\u2019exploitation d\u2019AECOM. Elle s\u2019engage aussi \u00e0 d\u00e9velopper et \u00e0 donner les moyens de r\u00e9ussir \u00e0 son \u00e9quipe hautement performante, tout en soutenant la croissance et le d\u00e9veloppement professionnels de ses membres.&nbsp;<\/p>\n\n\n\n<p>Avant cela, Mme\u202fStephens a occup\u00e9 pendant cinq ans divers postes visant \u00e0 asseoir l\u2019autorit\u00e9 et l\u2019\u00e9tendue de la responsabilit\u00e9 du secteur d\u2019affaires environnement d\u2019AECOM, plus r\u00e9cemment \u00e0 titre de vice-pr\u00e9sidente principale et directrice de l\u2019exploitation pour le secteur environnement de l\u2019Ouest des \u00c9tats-Unis. Elle a \u00e9galement \u00e9t\u00e9 vice-pr\u00e9sidente de la gestion des ressources de DCS Am\u00e9riques, vice-pr\u00e9sidente de l\u2019excellence de l\u2019ex\u00e9cution et directrice des finances.&nbsp;<\/p>\n\n\n\n<p>Avant de se joindre \u00e0 AECOM en 2007, Mme\u202fStephens travaillait chez General Electric dans plusieurs unit\u00e9s d\u2019affaires, notamment GE Energy, GE Water &amp; Process Technologies et GE Capital.&nbsp;<\/p>\n\n\n\n    <div class=\"aecom-custom-block block-cta-button\" style=\"margin-top: 40px;\">\n        <a href=\"https:\/\/aecom.com\/fr-ca\/about-us\/our-leadership\/\" class=\"aecom-default-cta aecom-global-cta-e-green-transparent aecom-global-cta-sml aecom-global-cta-bold aecom-global-cta aecom-global-cta-bold\"  >Retour \u00e0 la direction d&#8217;AECOM <svg data-name=\"Layer 1\" xmlns=\"http:\/\/www.w3.org\/2000\/svg\" viewBox=\"0 0 31.4 29.8\"><g data-name=\"Group 31\"><g data-name=\"Group 30\"><g data-name=\"Group 29\"><path data-name=\"Path 49\" d=\"M31.4 14.1h-3.1a12.6 12.6 0 0 1-25.2 0H0a15.7 15.7 0 1 0 31.4 0m-15.7 7 7.4-7.4-2.2-2.2-3.6 3.6V0h-3.1v15l-3.6-3.6-2.2 2.2 7.4 7.4Z\" fill=\"currentColor\"\/><\/g><\/g><\/g><\/svg><\/a>\n    <\/div>\n<\/div>\n\n\n\n<div class=\"wp-block-column is-layout-flow wp-block-column-is-layout-flow\" style=\"flex-basis:33.33%\">\n<h3 class=\"wp-block-heading has-text-color\" style=\"color:#008768\"><strong>\u00c9tudes<\/strong><\/h3>\n\n\n\n<p>Universit\u00e9 Wilfrid Laurier, baccalaur\u00e9at sp\u00e9cialis\u00e9 en administration des affaires, programme coop\u00e9ratif\u00a0<\/p>\n<\/div>\n<\/div>\n\n\n\n<p><\/p>\n","protected":false},"excerpt":{"rendered":"<p>Katherine \u202fStephens\u00a0 Vice-pr\u00e9sidente principale et cheffe de l\u2019exploitation, Canada\u00a0 \u00c0 ce poste, Mme\u202fStephens fournit une vision strat\u00e9gique et un leadership op\u00e9rationnel pour les activit\u00e9s commerciales au Canada. Elle a fait ses preuves en mati\u00e8re d\u2019am\u00e9lioration de l\u2019efficacit\u00e9 op\u00e9rationnelle et de la satisfaction des clients, ainsi qu\u2019en gestion des changements organisationnels. Elle est passionn\u00e9e par le&#8230;<\/p>\n","protected":false},"author":701,"featured_media":0,"parent":908,"menu_order":11,"comment_status":"closed","ping_status":"closed","template":"","meta":{"_acf_changed":false,"footnotes":""},"yst_prominent_words":[],"class_list":["post-6639","page","type-page","status-publish","hentry"],"acf":[],"_links":{"self":[{"href":"https:\/\/aecom.com\/fr-ca\/wp-json\/wp\/v2\/pages\/6639","targetHints":{"allow":["GET"]}}],"collection":[{"href":"https:\/\/aecom.com\/fr-ca\/wp-json\/wp\/v2\/pages"}],"about":[{"href":"https:\/\/aecom.com\/fr-ca\/wp-json\/wp\/v2\/types\/page"}],"author":[{"embeddable":true,"href":"https:\/\/aecom.com\/fr-ca\/wp-json\/wp\/v2\/users\/701"}],"replies":[{"embeddable":true,"href":"https:\/\/aecom.com\/fr-ca\/wp-json\/wp\/v2\/comments?post=6639"}],"version-history":[{"count":3,"href":"https:\/\/aecom.com\/fr-ca\/wp-json\/wp\/v2\/pages\/6639\/revisions"}],"predecessor-version":[{"id":6653,"href":"https:\/\/aecom.com\/fr-ca\/wp-json\/wp\/v2\/pages\/6639\/revisions\/6653"}],"up":[{"embeddable":true,"href":"https:\/\/aecom.com\/fr-ca\/wp-json\/wp\/v2\/pages\/908"}],"wp:attachment":[{"href":"https:\/\/aecom.com\/fr-ca\/wp-json\/wp\/v2\/media?parent=6639"}],"wp:term":[{"taxonomy":"yst_prominent_words","embeddable":true,"href":"https:\/\/aecom.com\/fr-ca\/wp-json\/wp\/v2\/yst_prominent_words?post=6639"}],"curies":[{"name":"wp","href":"https:\/\/api.w.org\/{rel}","templated":true}]}}