{"id":6646,"date":"2024-12-10T19:15:03","date_gmt":"2024-12-10T19:15:03","guid":{"rendered":"https:\/\/aecom.com\/fr-ca\/?page_id=6646"},"modified":"2024-12-10T19:15:04","modified_gmt":"2024-12-10T19:15:04","slug":"joseph-salim","status":"publish","type":"page","link":"https:\/\/aecom.com\/fr-ca\/about-us\/our-leadership\/joseph-salim\/","title":{"rendered":"Joseph\u202fSalim\u00a0"},"content":{"rendered":"\n<div class=\"wp-block-columns is-layout-flex wp-container-core-columns-is-layout-9d6595d7 wp-block-columns-is-layout-flex\">\n<div class=\"wp-block-column is-layout-flow wp-block-column-is-layout-flow\" style=\"flex-basis:66.66%\">\n<div class=\"wp-block-columns is-layout-flex wp-container-core-columns-is-layout-9d6595d7 wp-block-columns-is-layout-flex\">\n<div class=\"wp-block-column is-layout-flow wp-block-column-is-layout-flow\" style=\"flex-basis:33%\">\n<figure class=\"wp-block-image size-full\"><img loading=\"lazy\" decoding=\"async\" width=\"364\" height=\"364\" src=\"https:\/\/aecom.com\/fr-ca\/wp-content\/uploads\/2024\/12\/joseph-salim.jpg\" alt=\"\" class=\"wp-image-6647\" srcset=\"https:\/\/aecom.com\/fr-ca\/wp-content\/uploads\/2024\/12\/joseph-salim.jpg 364w, https:\/\/aecom.com\/fr-ca\/wp-content\/uploads\/2024\/12\/joseph-salim-300x300.jpg 300w, https:\/\/aecom.com\/fr-ca\/wp-content\/uploads\/2024\/12\/joseph-salim-150x150.jpg 150w\" sizes=\"auto, (max-width: 364px) 100vw, 364px\" \/><\/figure>\n<\/div>\n\n\n\n<div class=\"wp-block-column is-layout-flow wp-block-column-is-layout-flow\">\n<h3 class=\"wp-block-heading\">Joseph\u202fSalim\u00a0<\/h3>\n\n\n\n<p>Vice-pr\u00e9sident principal, Canada Est\u00a0<\/p>\n<\/div>\n<\/div>\n\n\n\n<div class=\"aecom-custom-block block-intro-text\" style=\"margin-top: 0px; margin-bottom: 40px\">\n    <p class=\"editor-emphasized\">\n        Joseph Salim est vice-pr\u00e9sident principal, Canada Est, chez AECOM, la soci\u00e9t\u00e9 de services-conseils en infrastructures de renomm\u00e9e mondiale qui ex\u00e9cute des services professionnels couvrant tout le cycle de vie des projets, de la consultation \u00e0 la planification, en passant par la conception, l\u2019ing\u00e9nierie et la gestion de programmes et de la construction.     <\/p>\n<\/div>\n\n\n<p>\u00c0 ce titre, M.\u202fSalim dirige le groupe eau au Qu\u00e9bec et est responsable des activit\u00e9s d\u2019AECOM dans la province.&nbsp;<\/p>\n\n\n\n<p>Joe est un dirigeant de l\u2019industrie de l\u2019\u00e9nergie et poss\u00e8de plus de 38\u202fans d\u2019exp\u00e9rience technique et de gestion dans le secteur. Son expertise technique porte sur la simulation thermohydraulique des syst\u00e8mes de refroidissement des r\u00e9acteurs nucl\u00e9aires et des g\u00e9n\u00e9rateurs de vapeur des centrales. De concepteur \u00e0 vice-pr\u00e9sident de l\u2019ing\u00e9nierie en centrales \u00e9lectriques et syst\u00e8mes de contr\u00f4le de l\u2019\u00e9nergie, il a ensuite \u00e9volu\u00e9 dans le secteur de la conception de la production, du transport et de la distribution d\u2019\u00e9lectricit\u00e9 en tant que vice-pr\u00e9sident et directeur g\u00e9n\u00e9ral responsable des r\u00e9sultats de plusieurs unit\u00e9s d\u2019affaires.&nbsp;<\/p>\n\n\n\n<p>M.\u202fSalim s\u2019est joint \u00e0 AECOM en 2015. Il est passionn\u00e9 par l\u2019excellence op\u00e9rationnelle et le progr\u00e8s technologique.&nbsp;<\/p>\n\n\n\n    <div class=\"aecom-custom-block block-cta-button\" style=\"margin-top: 40px;\">\n        <a href=\"https:\/\/aecom.com\/fr-ca\/about-us\/our-leadership\/\" class=\"aecom-default-cta aecom-global-cta-e-green-transparent aecom-global-cta-sml aecom-global-cta-bold aecom-global-cta aecom-global-cta-bold\"  >Retour \u00e0 la direction d&#8217;AECOM <svg data-name=\"Layer 1\" xmlns=\"http:\/\/www.w3.org\/2000\/svg\" viewBox=\"0 0 31.4 29.8\"><g data-name=\"Group 31\"><g data-name=\"Group 30\"><g data-name=\"Group 29\"><path data-name=\"Path 49\" d=\"M31.4 14.1h-3.1a12.6 12.6 0 0 1-25.2 0H0a15.7 15.7 0 1 0 31.4 0m-15.7 7 7.4-7.4-2.2-2.2-3.6 3.6V0h-3.1v15l-3.6-3.6-2.2 2.2 7.4 7.4Z\" fill=\"currentColor\"\/><\/g><\/g><\/g><\/svg><\/a>\n    <\/div>\n<\/div>\n\n\n\n<div class=\"wp-block-column is-layout-flow wp-block-column-is-layout-flow\" style=\"flex-basis:33.33%\">\n<h3 class=\"wp-block-heading has-text-color\" style=\"color:#008768\"><strong>\u00c9tudes<\/strong><\/h3>\n\n\n\n<p>Baccalaur\u00e9at en g\u00e9nie m\u00e9canique, Universit\u00e9 Concordia\u00a0<\/p>\n\n\n\n<h3 class=\"wp-block-heading has-text-color\" style=\"color:#008768\"><strong>Affiliations<\/strong><\/h3>\n\n\n\n<p>Conseil des ing\u00e9nieurs professionnels du Queensland; membre \u00e0 titre d\u2019ing\u00e9nieur professionnel (FIEAust)&nbsp;<\/p>\n<\/div>\n<\/div>\n\n\n\n<p><\/p>\n","protected":false},"excerpt":{"rendered":"<p>Joseph\u202fSalim\u00a0 Vice-pr\u00e9sident principal, Canada Est\u00a0 \u00c0 ce titre, M.\u202fSalim dirige le groupe eau au Qu\u00e9bec et est responsable des activit\u00e9s d\u2019AECOM dans la province.&nbsp; Joe est un dirigeant de l\u2019industrie de l\u2019\u00e9nergie et poss\u00e8de plus de 38\u202fans d\u2019exp\u00e9rience technique et de gestion dans le secteur. Son expertise technique porte sur la simulation thermohydraulique des syst\u00e8mes&#8230;<\/p>\n","protected":false},"author":701,"featured_media":0,"parent":908,"menu_order":12,"comment_status":"closed","ping_status":"closed","template":"","meta":{"_acf_changed":false,"footnotes":""},"yst_prominent_words":[],"class_list":["post-6646","page","type-page","status-publish","hentry"],"acf":[],"_links":{"self":[{"href":"https:\/\/aecom.com\/fr-ca\/wp-json\/wp\/v2\/pages\/6646","targetHints":{"allow":["GET"]}}],"collection":[{"href":"https:\/\/aecom.com\/fr-ca\/wp-json\/wp\/v2\/pages"}],"about":[{"href":"https:\/\/aecom.com\/fr-ca\/wp-json\/wp\/v2\/types\/page"}],"author":[{"embeddable":true,"href":"https:\/\/aecom.com\/fr-ca\/wp-json\/wp\/v2\/users\/701"}],"replies":[{"embeddable":true,"href":"https:\/\/aecom.com\/fr-ca\/wp-json\/wp\/v2\/comments?post=6646"}],"version-history":[{"count":2,"href":"https:\/\/aecom.com\/fr-ca\/wp-json\/wp\/v2\/pages\/6646\/revisions"}],"predecessor-version":[{"id":6649,"href":"https:\/\/aecom.com\/fr-ca\/wp-json\/wp\/v2\/pages\/6646\/revisions\/6649"}],"up":[{"embeddable":true,"href":"https:\/\/aecom.com\/fr-ca\/wp-json\/wp\/v2\/pages\/908"}],"wp:attachment":[{"href":"https:\/\/aecom.com\/fr-ca\/wp-json\/wp\/v2\/media?parent=6646"}],"wp:term":[{"taxonomy":"yst_prominent_words","embeddable":true,"href":"https:\/\/aecom.com\/fr-ca\/wp-json\/wp\/v2\/yst_prominent_words?post=6646"}],"curies":[{"name":"wp","href":"https:\/\/api.w.org\/{rel}","templated":true}]}}