{"id":6693,"date":"2024-12-10T19:48:30","date_gmt":"2024-12-10T19:48:30","guid":{"rendered":"https:\/\/aecom.com\/fr-ca\/?page_id=6693"},"modified":"2024-12-10T19:48:30","modified_gmt":"2024-12-10T19:48:30","slug":"carl-daniel-2","status":"publish","type":"page","link":"https:\/\/aecom.com\/fr-ca\/about-us\/our-leadership\/carl-daniel-2\/","title":{"rendered":"Carl Daniel\u00a0"},"content":{"rendered":"\n<div class=\"wp-block-columns is-layout-flex wp-container-core-columns-is-layout-9d6595d7 wp-block-columns-is-layout-flex\">\n<div class=\"wp-block-column is-layout-flow wp-block-column-is-layout-flow\" style=\"flex-basis:66.66%\">\n<div class=\"wp-block-columns is-layout-flex wp-container-core-columns-is-layout-9d6595d7 wp-block-columns-is-layout-flex\">\n<div class=\"wp-block-column is-layout-flow wp-block-column-is-layout-flow\" style=\"flex-basis:33%\">\n<figure class=\"wp-block-image size-full\"><img loading=\"lazy\" decoding=\"async\" width=\"364\" height=\"364\" src=\"https:\/\/aecom.com\/fr-ca\/wp-content\/uploads\/2024\/07\/carl-daniel.jpg\" alt=\"\" class=\"wp-image-5633\" srcset=\"https:\/\/aecom.com\/fr-ca\/wp-content\/uploads\/2024\/07\/carl-daniel.jpg 364w, https:\/\/aecom.com\/fr-ca\/wp-content\/uploads\/2024\/07\/carl-daniel-300x300.jpg 300w, https:\/\/aecom.com\/fr-ca\/wp-content\/uploads\/2024\/07\/carl-daniel-150x150.jpg 150w\" sizes=\"auto, (max-width: 364px) 100vw, 364px\" \/><\/figure>\n<\/div>\n\n\n\n<div class=\"wp-block-column is-layout-flow wp-block-column-is-layout-flow\">\n<h3 class=\"wp-block-heading\">Carl Daniel\u00a0<\/h3>\n\n\n\n<p>Vice-pr\u00e9sident, ing\u00e9nieur nucl\u00e9aire en chef\u00a0<\/p>\n<\/div>\n<\/div>\n\n\n\n<div class=\"aecom-custom-block block-intro-text\" style=\"margin-top: 0px; margin-bottom: 40px\">\n    <p class=\"editor-emphasized\">\n        Carl Daniel est responsable du secteur d\u2019affaires nucl\u00e9aire au Canada chez AECOM, la soci\u00e9t\u00e9 de services-conseils en infrastructures de renomm\u00e9e mondiale qui ex\u00e9cute des services professionnels couvrant tout le cycle de vie des projets, de la consultation \u00e0 la planification, en passant par la conception, l\u2019ing\u00e9nierie et la gestion de programmes et de la construction.     <\/p>\n<\/div>\n\n\n<p>M.\u202fBarrett est membre de l\u2019\u00e9quipe mondiale de haute direction d\u2019AECOM et est responsable de l\u2019exploitation de la r\u00e9gion Canada. La r\u00e9gion est constitu\u00e9e d\u2019une \u00e9quipe de plus de 3\u202f000\u202fconcepteurs, ing\u00e9nieurs, planificateurs, scientifiques et gestionnaires de projet.&nbsp;<\/p>\n\n\n\n<p>Travaillant chez AECOM depuis plus de 30\u202fans, M.\u202fBarrett a occup\u00e9 plusieurs postes cl\u00e9s de direction, notamment celui de chef de l\u2019exploitation de la r\u00e9gion Australie\u2013Nouvelle-Z\u00e9lande de 2014 \u00e0 2020, puis de chef de la direction de cette r\u00e9gion de 2020 \u00e0 2023.&nbsp;<\/p>\n\n\n\n<p>En plus de 35\u202fans de carri\u00e8re, M.\u202fBarrett a servi des clients des secteurs priv\u00e9 et public dans la r\u00e9alisation de projets d\u2019infrastructures majeurs ax\u00e9s sur les r\u00e9sultats au moyen de diff\u00e9rentes modalit\u00e9s de contrats. Il s\u2019appuie sur son exp\u00e9rience de travail dans plusieurs secteurs, notamment le transport, les ressources, la d\u00e9fense et la sant\u00e9. Il a \u00e9t\u00e9 champion du changement de Consult Australia et ambassadeur de l\u2019\u00e9quit\u00e9 salariale de l\u2019Agence australienne pour l\u2019\u00e9galit\u00e9 des sexes au travail.&nbsp;&nbsp;<\/p>\n\n\n\n    <div class=\"aecom-custom-block block-cta-button\" style=\"margin-top: 40px;\">\n        <a href=\"https:\/\/aecom.com\/fr-ca\/about-us\/our-leadership\/\" class=\"aecom-default-cta aecom-global-cta-e-green-transparent aecom-global-cta-sml aecom-global-cta-bold aecom-global-cta aecom-global-cta-bold\"  >Retour \u00e0 la direction d&#8217;AECOM <svg data-name=\"Layer 1\" xmlns=\"http:\/\/www.w3.org\/2000\/svg\" viewBox=\"0 0 31.4 29.8\"><g data-name=\"Group 31\"><g data-name=\"Group 30\"><g data-name=\"Group 29\"><path data-name=\"Path 49\" d=\"M31.4 14.1h-3.1a12.6 12.6 0 0 1-25.2 0H0a15.7 15.7 0 1 0 31.4 0m-15.7 7 7.4-7.4-2.2-2.2-3.6 3.6V0h-3.1v15l-3.6-3.6-2.2 2.2 7.4 7.4Z\" fill=\"currentColor\"\/><\/g><\/g><\/g><\/svg><\/a>\n    <\/div>\n<\/div>\n\n\n\n<div class=\"wp-block-column is-layout-flow wp-block-column-is-layout-flow\" style=\"flex-basis:33.33%\">\n<h3 class=\"wp-block-heading has-text-color\" style=\"color:#008768\"><strong>\u00c9tudes<\/strong><\/h3>\n\n\n\n<p>Ma\u00eetrise en sciences appliqu\u00e9es, Universit\u00e9 de Toronto&nbsp;<\/p>\n\n\n\n<p>Baccalaur\u00e9at \u00e8s sciences, chimie, Universit\u00e9 McMaster&nbsp;<\/p>\n\n\n\n<p>Baccalaur\u00e9at \u00e8s sciences, Universit\u00e9 de Toronto&nbsp;<\/p>\n\n\n\n<h3 class=\"wp-block-heading has-text-color\" style=\"color:#008768\"><strong>Affiliations<\/strong><\/h3>\n\n\n\n<p>Association canadienne de normalisation\u00a0:<\/p>\n\n\n\n<ul class=\"wp-block-list\">\n<li>Comit\u00e9 directeur strat\u00e9gique nucl\u00e9aire\u00a0\u00a0<\/li>\n\n\n\n<li>Groupe\u202fN286-12, <em>Exigences relatives au syst\u00e8me de gestion des installations nucl\u00e9aires<\/em>\u00a0<\/li>\n\n\n\n<li>Pr\u00e9sident du groupe\u202fN290A, <em>Exigences pour les syst\u00e8mes de s\u00fbret\u00e9 des centrales nucl\u00e9aires<\/em>\u00a0<\/li>\n<\/ul>\n<\/div>\n<\/div>\n\n\n\n<p><\/p>\n","protected":false},"excerpt":{"rendered":"<p>Carl Daniel\u00a0 Vice-pr\u00e9sident, ing\u00e9nieur nucl\u00e9aire en chef\u00a0 M.\u202fBarrett est membre de l\u2019\u00e9quipe mondiale de haute direction d\u2019AECOM et est responsable de l\u2019exploitation de la r\u00e9gion Canada. La r\u00e9gion est constitu\u00e9e d\u2019une \u00e9quipe de plus de 3\u202f000\u202fconcepteurs, ing\u00e9nieurs, planificateurs, scientifiques et gestionnaires de projet.&nbsp; Travaillant chez AECOM depuis plus de 30\u202fans, M.\u202fBarrett a occup\u00e9 plusieurs postes&#8230;<\/p>\n","protected":false},"author":701,"featured_media":0,"parent":908,"menu_order":20,"comment_status":"closed","ping_status":"closed","template":"","meta":{"_acf_changed":false,"footnotes":""},"yst_prominent_words":[],"class_list":["post-6693","page","type-page","status-publish","hentry"],"acf":[],"_links":{"self":[{"href":"https:\/\/aecom.com\/fr-ca\/wp-json\/wp\/v2\/pages\/6693","targetHints":{"allow":["GET"]}}],"collection":[{"href":"https:\/\/aecom.com\/fr-ca\/wp-json\/wp\/v2\/pages"}],"about":[{"href":"https:\/\/aecom.com\/fr-ca\/wp-json\/wp\/v2\/types\/page"}],"author":[{"embeddable":true,"href":"https:\/\/aecom.com\/fr-ca\/wp-json\/wp\/v2\/users\/701"}],"replies":[{"embeddable":true,"href":"https:\/\/aecom.com\/fr-ca\/wp-json\/wp\/v2\/comments?post=6693"}],"version-history":[{"count":2,"href":"https:\/\/aecom.com\/fr-ca\/wp-json\/wp\/v2\/pages\/6693\/revisions"}],"predecessor-version":[{"id":6695,"href":"https:\/\/aecom.com\/fr-ca\/wp-json\/wp\/v2\/pages\/6693\/revisions\/6695"}],"up":[{"embeddable":true,"href":"https:\/\/aecom.com\/fr-ca\/wp-json\/wp\/v2\/pages\/908"}],"wp:attachment":[{"href":"https:\/\/aecom.com\/fr-ca\/wp-json\/wp\/v2\/media?parent=6693"}],"wp:term":[{"taxonomy":"yst_prominent_words","embeddable":true,"href":"https:\/\/aecom.com\/fr-ca\/wp-json\/wp\/v2\/yst_prominent_words?post=6693"}],"curies":[{"name":"wp","href":"https:\/\/api.w.org\/{rel}","templated":true}]}}