{"id":7476,"date":"2024-12-16T21:28:17","date_gmt":"2024-12-16T21:28:17","guid":{"rendered":"https:\/\/aecom.com\/fr-ca\/voici-notre-equipe-de-passage-du-poisson\/"},"modified":"2025-07-08T14:27:26","modified_gmt":"2025-07-08T14:27:26","slug":"voici-notre-equipe-de-passage-du-poisson","status":"publish","type":"page","link":"https:\/\/aecom.com\/fr-ca\/voici-notre-equipe-de-passage-du-poisson\/","title":{"rendered":"Voici notre \u00e9quipe de passage du poisson"},"content":{"rendered":"\n    <div class=\"aecom-custom-block careers-header\" style=\"background-color: #00353e; margin-top: 0px; margin-bottom: 40px;\">\n    <div class=\"careers-header-content\">\n                    <div class=\"careers-header-bg\" style=\"background-image: url('https:\/\/aecom.com\/fr-ca\/wp-content\/uploads\/2025\/06\/IMG_0458-scaled.jpg');opacity: 30%;\"><\/div>\n                    <div class=\"row no-gutters header-container\">\n                <div class=\"col careers-title\">\n                    <div class=\"header-title\">\n                        <p class=\"careers-sub-title\"><\/p>\n                        <h1>Pleins feux sur notre \u00e9quipe : Passage du poisson<\/h1>\n                    <\/div>\n                                            <div class=\"header-content\">\n                            <section class=\"spotlight-header-info\">\n<article class=\"spotlight-header-item-1\"><img loading=\"lazy\" decoding=\"async\" class=\"alignnone wp-image-154998 size-full\" src=\"https:\/\/aecom.com\/content\/wp-content\/uploads\/2024\/12\/Passage-Poisson-150x150-1.png\" alt=\"\" width=\"150\" height=\"150\" \/><\/article>\n<article class=\"spotlight-header-item-2\">\n<h2 style=\"color: #aecc53;\"><strong>Passage du poisson<\/strong><\/h2>\n<h3><em>L\u2019\u00e9quipe d\u00e9di\u00e9e au franchissement d\u2019infrastructures anthropiques et naturelles par les poissons comprend une vingtaine de professionnels (biologistes, ing\u00e9nieurs, g\u00e9omorphologues) et techniciens de la faune.<\/em><\/h3>\n<\/article>\n<\/section>\n                        <\/div>\n                                        <div class=\"cta-container\">\n\n                        <!-- add condition here -->\n                        \n                        <!-- add condition here -->\n                        \n\n                    <\/div>\n                    \n                <\/div>\n            <\/div>\n        <\/div>\n    <\/div>\n\n\n<div class=\"wp-block-columns aecom-centered-column is-layout-flex wp-container-core-columns-is-layout-9d6595d7 wp-block-columns-is-layout-flex\">\n<div class=\"wp-block-column is-layout-flow wp-block-column-is-layout-flow\" style=\"flex-basis:75%\">\n<div class=\"aecom-custom-block block-intro-text\" style=\"margin-top: 0px; margin-bottom: 40px\">\n    <p class=\"editor-emphasized\">\n        Mme Val\u00e9rie Tremblay est responsable du groupe environnement aquatique pour AECOM Canada-Est. Elle en est Chef de Services depuis 2016, biologiste chez AECOM depuis 2004 et directrice de projets senior. Pour la r\u00e9alisation des activit\u00e9s, elle mise sur les meilleures relations humaines \u00e0 mettre en place, autant au sein de sa propre \u00e9quipe qu\u2019\u00e0 la rencontre de ses clients.    <\/p>\n<\/div>\n\n\n<p>Elle met l\u2019accent sur les liens synergiques entre les \u00e9quipes multidisciplinaires chez AECOM et ce, sans fronti\u00e8res. Elle appr\u00e9cie le d\u00e9veloppement des affaires, tous azimuts, afin de s\u2019assurer de la croissance des services offerts, en avan\u00e7ant des strat\u00e9gies innovantes pour les march\u00e9s en plein essor et ce, dans un souci ind\u00e9niable de qualit\u00e9.<\/p>\n\n\n\n<p>Depuis son projet de ma\u00eetrise sur l\u2019anguille d\u2019Am\u00e9rique, elle affectionne particuli\u00e8rement les projets li\u00e9s \u00e0 l\u2019expertise permettant le passage des poissons et des esp\u00e8ces migratrices dont celui de l\u2019anguille d\u2019Am\u00e9rique. \u00c0 travers la r\u00e9alisation des nombreux projets \u00e0 caract\u00e8re environnemental, elle int\u00e8gre les principes de l\u2019\u00e9cohydraulique. Son \u00e9quipe est notamment reconnue pour \u00eatre responsable des op\u00e9rations de suivis aux plus grandes passes migratoires install\u00e9es pour l\u2019anguille dans le bassin hydrographique du Saint-Laurent, de m\u00eame que pour ses nombreux projets de conception et mise en place d\u2019infrastructures visant le r\u00e9tablissement de l\u2019aire de distribution de l\u2019anguille par la reconnexion entre les habitats en aval des obstacles et les habitats de croissance pr\u00e9f\u00e9rentiels situ\u00e9s en amont.<\/p>\n\n\n\n<div style=\"height:24px\" aria-hidden=\"true\" class=\"wp-block-spacer\"><\/div>\n\n\n\n<div class=\"aecom-custom-block client-quote-block\" style=\"margin-top: 36px; margin-bottom: 36px\">\n    <p class=\"client-quote-text\" style=\"margin-top: 30px\";>\n         Son \u00e9quipe est notamment reconnue pour \u00eatre responsable des op\u00e9rations de suivis aux plus grandes passes migratoires install\u00e9es pour l\u2019anguille dans le bassin hydrographique du Saint-Laurent     <\/p>\n    <p class=\"client-quote-author\">\n            <\/p>\n    <p class=\"client-quote-title\">\n            <\/p>\n<\/div>\n\n\n<p>L\u2019\u00e9quipe d\u00e9di\u00e9e au franchissement d\u2019infrastructures anthropiques et naturelles par les poissons comprend une vingtaine de professionnels (biologistes, ing\u00e9nieurs, g\u00e9omorphologues) et techniciens de la faune d\u2019une grande valeur, d\u00e9montrant une innovation cr\u00e9ative et aliment\u00e9e par une vision inclusive, diversifi\u00e9e, multidisciplinaire, r\u00e9fl\u00e9chie et efficace.<\/p>\n\n\n\n<p>En somme, ces travaux n\u00e9cessitent une grande connaissance de la biologie et du comportement migratoire des esp\u00e8ces vis\u00e9es, de m\u00eame que la consid\u00e9ration de l\u2019ensemble des conditions hydrologiques sp\u00e9cifiques aux sites d\u2019interventions. Les expertises d\u2019ing\u00e9nieurs hydrauliciens et de g\u00e9omorphologues sont souvent int\u00e9g\u00e9es dans le cadre de ces travaux afin de s\u2019assurer de la p\u00e9rennit\u00e9 des am\u00e9nagements con\u00e7us, de l\u2019excellence en conception et de la performance environnementale.&nbsp;&nbsp;<\/p>\n\n\n\n<div style=\"height:24px\" aria-hidden=\"true\" class=\"wp-block-spacer\"><\/div>\n\n\n\n<figure class=\"wp-block-gallery has-nested-images columns-default is-cropped wp-block-gallery-1 is-layout-flex wp-block-gallery-is-layout-flex\">\n<figure class=\"wp-block-image size-large\"><img decoding=\"async\" data-id=\"171207\" src=\"https:\/\/aecom.com\/content\/wp-content\/uploads\/2025\/06\/IMG_0460-768x1024.jpg\" alt=\"\" class=\"wp-image-171207\"\/><\/figure>\n\n\n\n<figure class=\"wp-block-image size-large\"><img decoding=\"async\" data-id=\"155082\" src=\"https:\/\/aecom.com\/content\/wp-content\/uploads\/2024\/12\/20240809_123702-2-e1734445863581-815x1024.jpg\" alt=\"\" class=\"wp-image-155082\"\/><\/figure>\n<\/figure>\n\n\n\n<div style=\"height:36px\" aria-hidden=\"true\" class=\"wp-block-spacer\"><\/div>\n<\/div>\n\n\n\n<div class=\"wp-block-column is-layout-flow wp-block-column-is-layout-flow\" style=\"flex-basis:25%\">\n<h3 class=\"wp-block-heading\"><strong>Suivez nos derni\u00e8res mises \u00e0 jour<\/strong><\/h3>\n\n\n\n<div class=\"wp-block-columns conference-social-sidebar is-layout-flex wp-container-core-columns-is-layout-9d6595d7 wp-block-columns-is-layout-flex\">\n<div class=\"wp-block-column is-vertically-aligned-top is-layout-flow wp-block-column-is-layout-flow\" style=\"flex-basis:17%\">\n<figure class=\"wp-block-image size-full\"><a href=\"https:\/\/www.linkedin.com\/showcase\/aecom-qu%C3%A9bec\/\" target=\"_blank\" rel=\"noopener\"><img decoding=\"async\" src=\"https:\/\/aecom.com\/content\/wp-content\/uploads\/2024\/09\/2024-icon-linkedin.png\" alt=\"\" class=\"wp-image-132875\"\/><\/a><\/figure>\n<\/div>\n\n\n\n<div class=\"wp-block-column is-vertically-aligned-top is-layout-flow wp-block-column-is-layout-flow\" style=\"flex-basis:83%\">\n<p>AECOM sur LinkedIn<\/p>\n<\/div>\n<\/div>\n\n\n\n<div class=\"wp-block-columns conference-social-sidebar is-layout-flex wp-container-core-columns-is-layout-9d6595d7 wp-block-columns-is-layout-flex\">\n<div class=\"wp-block-column is-vertically-aligned-top is-layout-flow wp-block-column-is-layout-flow\" style=\"flex-basis:17%\">\n<figure class=\"wp-block-image size-full\"><a href=\"https:\/\/www.linkedin.com\/in\/valerie-tremblay-329a2476\/\" target=\"_blank\" rel=\"noopener\"><img decoding=\"async\" src=\"https:\/\/aecom.com\/content\/wp-content\/uploads\/2024\/09\/2024-icon-linkedin.png\" alt=\"\" class=\"wp-image-132875\"\/><\/a><\/figure>\n<\/div>\n\n\n\n<div class=\"wp-block-column is-vertically-aligned-top is-layout-flow wp-block-column-is-layout-flow\" style=\"flex-basis:83%\">\n<p>Val\u00e9rie Tremblay sur LinkedIn<\/p>\n<\/div>\n<\/div>\n\n\n\n<div style=\"height:12px\" aria-hidden=\"true\" class=\"wp-block-spacer\"><\/div>\n\n\n\n<div class=\"aecom-custom-block aecom-careers-sidebar-button\">\n  <ul class=\"sidebar-cta-buttons\">\n          <li class=\"sidebar-cta-btn\">\n        <a href=\"https:\/\/aecom.com\/fr-ca\/services\/passage-poisson\/\" class=\"cta-btn-label\">\n            <div class=\"label-container\">\n            <h4>Notre expertise sur passage du poisson<\/h4>\n                            <p>En savoir plus <i class=\"fas fa-chevron-right\"><\/i><\/p>\n                        <\/div>\n        <\/a>\n      <\/li>\n    \n  <\/ul>\n<\/div><\/div>\n<\/div>\n","protected":false},"excerpt":{"rendered":"<p>Elle met l\u2019accent sur les liens synergiques entre les \u00e9quipes multidisciplinaires chez AECOM et ce, sans fronti\u00e8res. Elle appr\u00e9cie le d\u00e9veloppement des affaires, tous azimuts, afin de s\u2019assurer de la croissance des services offerts, en avan\u00e7ant des strat\u00e9gies innovantes pour les march\u00e9s en plein essor et ce, dans un souci ind\u00e9niable de qualit\u00e9. Depuis son&#8230;<\/p>\n","protected":false},"author":701,"featured_media":0,"parent":0,"menu_order":0,"comment_status":"closed","ping_status":"closed","template":"views\/page-careers.blade.php","meta":{"_acf_changed":false,"footnotes":""},"yst_prominent_words":[],"class_list":["post-7476","page","type-page","status-publish","hentry"],"acf":[],"_links":{"self":[{"href":"https:\/\/aecom.com\/fr-ca\/wp-json\/wp\/v2\/pages\/7476","targetHints":{"allow":["GET"]}}],"collection":[{"href":"https:\/\/aecom.com\/fr-ca\/wp-json\/wp\/v2\/pages"}],"about":[{"href":"https:\/\/aecom.com\/fr-ca\/wp-json\/wp\/v2\/types\/page"}],"author":[{"embeddable":true,"href":"https:\/\/aecom.com\/fr-ca\/wp-json\/wp\/v2\/users\/701"}],"replies":[{"embeddable":true,"href":"https:\/\/aecom.com\/fr-ca\/wp-json\/wp\/v2\/comments?post=7476"}],"version-history":[{"count":3,"href":"https:\/\/aecom.com\/fr-ca\/wp-json\/wp\/v2\/pages\/7476\/revisions"}],"predecessor-version":[{"id":7484,"href":"https:\/\/aecom.com\/fr-ca\/wp-json\/wp\/v2\/pages\/7476\/revisions\/7484"}],"wp:attachment":[{"href":"https:\/\/aecom.com\/fr-ca\/wp-json\/wp\/v2\/media?parent=7476"}],"wp:term":[{"taxonomy":"yst_prominent_words","embeddable":true,"href":"https:\/\/aecom.com\/fr-ca\/wp-json\/wp\/v2\/yst_prominent_words?post=7476"}],"curies":[{"name":"wp","href":"https:\/\/api.w.org\/{rel}","templated":true}]}}