{"id":7571,"date":"2025-08-04T17:38:18","date_gmt":"2025-08-04T17:38:18","guid":{"rendered":"https:\/\/aecom.com\/fr-ca\/what-lies-ahead-for-canadas-green-energy-sector\/"},"modified":"2025-08-04T18:43:14","modified_gmt":"2025-08-04T18:43:14","slug":"what-lies-ahead-for-canadas-green-energy-sector","status":"publish","type":"page","link":"https:\/\/aecom.com\/fr-ca\/sustainable-legacies-ca\/projects-insights\/what-lies-ahead-for-canadas-green-energy-sector\/","title":{"rendered":"Quel avenir pour le secteur de l\u2019\u00e9nergie verte au Canada?\u00a0"},"content":{"rendered":"\n    <div class=\"aecom-custom-block careers-header\" style=\"background-color: #00353e; margin-top: 0px; margin-bottom: 6em;\">\n    <div class=\"careers-header-content\">\n                    <div class=\"careers-header-bg\" style=\"background-image: url('https:\/\/aecom.com\/fr-ca\/wp-content\/uploads\/2025\/08\/Canada-Green-Energy-Sector-header.jpg');opacity: 40%;\"><\/div>\n                    <div class=\"row no-gutters header-container\">\n                <div class=\"col careers-title\">\n                    <div class=\"header-title\">\n                        <p class=\"careers-sub-title\">R\u00e9flexion en vedette<\/p>\n                        <h1>Quel avenir pour le secteur de l\u2019\u00e9nergie verte au Canada? <\/h1>\n                    <\/div>\n                                            <div class=\"header-content\">\n                            <p><span class=\"TextRun SCXW217929892 BCX0\" lang=\"FR-CA\" xml:lang=\"FR-CA\" data-contrast=\"auto\"><span class=\"NormalTextRun SCXW217929892 BCX0\">\u00c0 l\u2019heure o\u00f9 le nouveau gouvernement f\u00e9d\u00e9ral d\u00e9finit ses priorit\u00e9s cl\u00e9s, nous nous interrogeons sur le secteur de l\u2019\u00e9nergie durable.<\/span><\/span><\/p>\n                        <\/div>\n                                        <div class=\"cta-container\">\n\n                        <!-- add condition here -->\n                        \n                        <!-- add condition here -->\n                        \n\n                    <\/div>\n                    \n                <\/div>\n            <\/div>\n        <\/div>\n    <\/div>\n\n\n<div class=\"wp-block-columns sl-insights-main is-layout-flex wp-container-core-columns-is-layout-9d6595d7 wp-block-columns-is-layout-flex\">\n<div class=\"wp-block-column is-layout-flow wp-block-column-is-layout-flow\" style=\"flex-basis:67%\">\n<p class=\"sl-insight-intro\">\u00c0 l\u2019heure o\u00f9 le nouveau gouvernement f\u00e9d\u00e9ral d\u00e9finit ses priorit\u00e9s cl\u00e9s, nous nous interrogeons sur le secteur de l\u2019\u00e9nergie durable. Plus pr\u00e9cis\u00e9ment, nous nous demandons comment il pourrait \u00e9voluer sous une nouvelle administration et comment les organisations peuvent continuer \u00e0 faire progresser leur plan de transition \u00e9nerg\u00e9tique.<\/p>\n\n\n\n<p>Bien que l\u2019int\u00e9r\u00eat national soit d\u00e9sormais ax\u00e9 sur les d\u00e9fis \u00e9conomiques actuels et les incertitudes politiques, on s\u2019attend \u00e0 ce que les entreprises canadiennes et le secteur public continuent de voir \u00e0 l\u2019optimisation de leur consommation d\u2019\u00e9nergie, \u00e0 la r\u00e9duction des d\u00e9chets et \u00e0 l\u2019am\u00e9lioration de leur efficacit\u00e9 op\u00e9rationnelle.&nbsp;<\/p>\n\n\n\n<p>Qu\u2019il s\u2019agisse d\u2019adopter des technologies de gestion de l\u2019\u00e9nergie comme les r\u00e9seaux intelligents ou de mettre en \u0153uvre des syst\u00e8mes innovants de gestion de l\u2019\u00e9nergie et des solutions de stockage, les investissements \u00e9nerg\u00e9tiques importants qui g\u00e9n\u00e8rent des avantages op\u00e9rationnels, \u00e9conomiques et environnementaux continueront de fa\u00e7onner l\u2019avenir \u00e9nerg\u00e9tique du Canada. Toutefois, \u00e0 l\u2019avenir, le d\u00e9fi sera de concilier les engagements environnementaux et les priorit\u00e9s \u00e9conomiques imm\u00e9diates.&nbsp;<\/p>\n\n\n\n<h2 class=\"wp-block-heading sl-insights-h2\"><strong><strong><strong><strong>\u00c9volution du paysage g\u00e9opolitique<\/strong>\u00a0<\/strong><\/strong><\/strong><\/h2>\n\n\n\n<p>Alors que la menace des droits de douane am\u00e9ricains oblige le Canada \u00e0 repenser ses strat\u00e9gies d\u2019exportation en s\u2019int\u00e9ressant davantage aux secteurs \u00e9nerg\u00e9tiques traditionnels tels que le gaz naturel liqu\u00e9fi\u00e9, le premier ministre Mark\u202fCarney pr\u00e9voit mettre en place de nombreuses mesures incitatives financi\u00e8res afin de promouvoir les \u00e9nergies de remplacement durables. C\u2019est une bonne nouvelle pour les organisations qui s\u2019efforcent d\u2019atteindre leurs cibles de carboneutralit\u00e9, mais leur succ\u00e8s d\u00e9pendra en fin de compte de la mise en \u0153uvre efficace de ces mesures ainsi que de la mani\u00e8re dont les organisations font face \u00e0 l\u2019incertitude \u00e9conomique et politique.\u00a0<\/p>\n\n\n\n<div class=\"wp-block-columns is-layout-flex wp-container-core-columns-is-layout-9d6595d7 wp-block-columns-is-layout-flex\">\n<div class=\"wp-block-column esg-column-block-small is-layout-flow wp-block-column-is-layout-flow\">\n<div style=\"height:3em\" aria-hidden=\"true\" class=\"wp-block-spacer\"><\/div>\n\n\n\n<div class=\"aecom-quote-mark-top_large mx-auto text-AECOM_LimeGreen\" aria-hidden=\"true\" style=\"translate: none; rotate: none; scale: none; transform: translate(0px, 0px); opacity: 1;\"><svg class=\"fill-current\" xmlns=\"http:\/\/www.w3.org\/2000\/svg\" viewBox=\"0 0 205 175\" width=\"7.5%\"><path d=\"M116.7 171.2H202V92.5h-47c-.7-8.6 1-17.1 4.8-24.8 7-16.2 20.6-27.3 40.7-33.5V3.1a106 106 0 00-61.8 33.8c-14.7 17.2-22 40.9-22 71.2v63.1zM2 171.2h85.3V92.5h-47c-.6-8.7.9-17.4 4.5-25.4 7-15.6 20.6-26.5 41-32.9V3C58.5 8.4 37.7 19.8 23.4 37.2S2 78.2 2 108.1v63.1z\"><\/path><\/svg><\/div>\n\n\n\n<div style=\"height:1em\" aria-hidden=\"true\" class=\"wp-block-spacer\"><\/div>\n\n\n\n<p class=\"has-text-align-center has-text-color\" style=\"color:#00353e;font-size:1.25em;font-style:normal;font-weight:600\">\u00ab\u202fLa transition vers un syst\u00e8me \u00e0 consommation \u00e9nerg\u00e9tique carboneutre n\u2019a jamais \u00e9t\u00e9 lin\u00e9aire et, aujourd\u2019hui plus que jamais, chaque organisation devra aborder cette transition diff\u00e9remment, en fonction de ses forces uniques et des d\u00e9fis auxquels elle est confront\u00e9e\u202f\u00bb, affirme Marie-Jos\u00e9\u202fCroonen, notre vice-pr\u00e9sidente principale et responsable du secteur d\u2019affaires \u00e9nergie. \u00ab\u202fLes dirigeants doivent d\u2019abord comprendre leurs objectifs en mati\u00e8re d\u2019\u00e9nergie afin de pouvoir \u00e9tablir efficacement leurs priorit\u00e9s et agir de mani\u00e8re proactive. Pour veiller \u00e0 la r\u00e9ussite s\u2019impose une approche syst\u00e9mique qui consiste \u00e0 \u00e9valuer l\u2019ensemble du cycle de vie \u00e9nerg\u00e9tique des infrastructures, dont la production, le transport et la consommation, ainsi qu\u2019\u00e0 \u00e9valuer l\u2019empreinte \u00e9cologique et la capacit\u00e9 d\u2019adaptation future.\u202f\u00bb\u00a0<\/p>\n\n\n\n<div style=\"height:3em\" aria-hidden=\"true\" class=\"wp-block-spacer\"><\/div>\n<\/div>\n<\/div>\n\n\n\n<p>\u00c0 l\u2019\u00e9chelle internationale, des d\u00e9fis semblables existent. Dans son r\u00e9cent article publi\u00e9 sur <em>Utility\u202fDive<\/em>, intitul\u00e9 <a href=\"https:\/\/www.utilitydive.com\/news\/resetting-net-zero-clean-energy-climate-aecom\/747585\/\" target=\"_blank\" rel=\"noreferrer noopener\">Resetting net zero: What next?<\/a> (contenu externe, en anglais seulement), Adrian\u202fDel\u202fMaestro, notre vice-pr\u00e9sident, Conseil mondial en \u00e9nergie, mentionne une baisse du taux de croissance des investissements dans les \u00e9nergies propres en 2024, en particulier dans les technologies \u00e9mergentes comme le captage et le stockage de l\u2019hydrog\u00e8ne et du carbone. Il fait \u00e9galement ressortir l\u2019importance de la modernisation du r\u00e9seau et de l\u2019int\u00e9gration des sources d\u2019\u00e9nergie renouvelable.\u00a0<\/p>\n\n\n\n<div class=\"wp-block-columns is-layout-flex wp-container-core-columns-is-layout-9d6595d7 wp-block-columns-is-layout-flex\">\n<div class=\"wp-block-column esg-column-block-small is-layout-flow wp-block-column-is-layout-flow\">\n<div style=\"height:3em\" aria-hidden=\"true\" class=\"wp-block-spacer\"><\/div>\n\n\n\n<div class=\"aecom-quote-mark-top_large mx-auto text-AECOM_LimeGreen\" aria-hidden=\"true\" style=\"translate: none; rotate: none; scale: none; transform: translate(0px, 0px); opacity: 1;\"><svg class=\"fill-current\" xmlns=\"http:\/\/www.w3.org\/2000\/svg\" viewBox=\"0 0 205 175\" width=\"7.5%\"><path d=\"M116.7 171.2H202V92.5h-47c-.7-8.6 1-17.1 4.8-24.8 7-16.2 20.6-27.3 40.7-33.5V3.1a106 106 0 00-61.8 33.8c-14.7 17.2-22 40.9-22 71.2v63.1zM2 171.2h85.3V92.5h-47c-.6-8.7.9-17.4 4.5-25.4 7-15.6 20.6-26.5 41-32.9V3C58.5 8.4 37.7 19.8 23.4 37.2S2 78.2 2 108.1v63.1z\"><\/path><\/svg><\/div>\n\n\n\n<div style=\"height:1em\" aria-hidden=\"true\" class=\"wp-block-spacer\"><\/div>\n\n\n\n<p class=\"has-text-align-center has-text-color\" style=\"color:#00353e;font-size:1.25em;font-style:normal;font-weight:600\">\u00ab\u202fIl ne sera pas facile de ramener la carboneutralit\u00e9 sur la bonne voie. Mais il n\u2019est pas trop tard pour rectifier le tir. Pour ce faire, il faudra mettre \u00e0 nouveau l\u2019accent sur la r\u00e9silience \u00e9nerg\u00e9tique, en r\u00e9orientant les ressources limit\u00e9es sur les technologies cl\u00e9s tout en \u00e9liminant les obstacles \u00e0 ce qui est d\u00e9j\u00e0 rentable\u202f\u00bb, explique Adrian\u202fDel\u202fMaestro.\u00a0<\/p>\n\n\n\n<div style=\"height:3em\" aria-hidden=\"true\" class=\"wp-block-spacer\"><\/div>\n<\/div>\n<\/div>\n\n\n\n<h2 class=\"wp-block-heading sl-insights-h2\"><strong><strong>Adoption de la technologie et d\u2019une pens\u00e9e innovatrice<\/strong>\u00a0<\/strong><\/h2>\n\n\n\n<p>M\u00eame si le paysage g\u00e9opolitique actuel menace la collaboration et rend la r\u00e9flexion globale plus difficile, nous assistons \u00e0 un \u00e9lan incroyable en mati\u00e8re d\u2019innovation. Les organisations se tournent vers l\u2019intrapreneuriat pour acc\u00e9l\u00e9rer la transformation num\u00e9rique et susciter un d\u00e9sir collectif de cr\u00e9er des r\u00e9sultats positifs pour la soci\u00e9t\u00e9. De plus, les technologies qui facilitent le stockage, le transport et la r\u00e9cup\u00e9ration de l\u2019\u00e9nergie transforment la mani\u00e8re dont nous concevons, construisons et exploitons les infrastructures actuelles et leurs syst\u00e8mes de soutien.&nbsp;<\/p>\n\n\n\n<p>Pour nous adapter \u00e0 ces avanc\u00e9es technologiques rapides, nous avons repens\u00e9 notre fa\u00e7on de travailler et de mener la transition \u00e9nerg\u00e9tique. Notre <a href=\"https:\/\/aecom.com\/fr-ca\/sustainable-legacies-ca\/\" target=\"_blank\" rel=\"noreferrer noopener\">strat\u00e9gie H\u00e9ritage durable<\/a> d\u00e9finit non seulement les mesures concr\u00e8tes \u00e0 adopter au sein de notre organisation, mais elle d\u00e9crit \u00e9galement comment nous mettons \u00e0 profit notre expertise technique approfondie pour mieux servir nos clients.\u00a0<\/p>\n\n\n\n<div class=\"wp-block-columns is-layout-flex wp-container-core-columns-is-layout-9d6595d7 wp-block-columns-is-layout-flex\">\n<div class=\"wp-block-column esg-column-block-small is-layout-flow wp-block-column-is-layout-flow\">\n<div style=\"height:3em\" aria-hidden=\"true\" class=\"wp-block-spacer\"><\/div>\n\n\n\n<div class=\"aecom-quote-mark-top_large mx-auto text-AECOM_LimeGreen\" aria-hidden=\"true\" style=\"translate: none; rotate: none; scale: none; transform: translate(0px, 0px); opacity: 1;\"><svg class=\"fill-current\" xmlns=\"http:\/\/www.w3.org\/2000\/svg\" viewBox=\"0 0 205 175\" width=\"7.5%\"><path d=\"M116.7 171.2H202V92.5h-47c-.7-8.6 1-17.1 4.8-24.8 7-16.2 20.6-27.3 40.7-33.5V3.1a106 106 0 00-61.8 33.8c-14.7 17.2-22 40.9-22 71.2v63.1zM2 171.2h85.3V92.5h-47c-.6-8.7.9-17.4 4.5-25.4 7-15.6 20.6-26.5 41-32.9V3C58.5 8.4 37.7 19.8 23.4 37.2S2 78.2 2 108.1v63.1z\"><\/path><\/svg><\/div>\n\n\n\n<div style=\"height:1em\" aria-hidden=\"true\" class=\"wp-block-spacer\"><\/div>\n\n\n\n<p class=\"has-text-align-center has-text-color\" style=\"color:#00353e;font-size:1.25em;font-style:normal;font-weight:600\">\u00ab\u202fNous r\u00e9volutionnons le secteur des services consultatifs et de la consultation en gestion en pla\u00e7ant l\u2019excellence technique au c\u0153ur de notre approche\u202f\u00bb, affirme Elizabeth\u202fLogan, notre chef de la pratique ESG. \u00ab\u202fNous mettons \u00e0 profit tout notre arsenal d\u2019excellence technique de pointe, nos relations de confiance et notre \u00e9coute attentive pour offrir \u00e0 nos clients des services de conseil de bout en bout qui allient orientation strat\u00e9gique, expertise technique concr\u00e8te et collaboration \u00e9troite. Notre objectif est d\u2019ouvrir la voie \u00e0 de nouvelles possibilit\u00e9s et de garantir le succ\u00e8s \u00e0 long terme de nos clients tout en cr\u00e9ant un impact social positif.\u202f\u00bb\u00a0<\/p>\n\n\n\n<div style=\"height:3em\" aria-hidden=\"true\" class=\"wp-block-spacer\"><\/div>\n<\/div>\n<\/div>\n\n\n\n<p>Dirig\u00e9 par Jill\u202fHudkins, notre secteur mondial de consultation en mati\u00e8re d\u2019eau et d\u2019environnement est un exemple de la mani\u00e8re dont nous r\u00e9unissons des experts en eau num\u00e9rique, en transformation des actifs, en consultation strat\u00e9gique en \u00e9nergie, en planification de la r\u00e9silience, en att\u00e9nuation des changements climatiques et en ESG afin qu\u2019ils r\u00e9solvent les d\u00e9fis les plus urgents de nos clients. Les travaux que m\u00e8nent ces experts permettent de r\u00e9pondre \u00e0 des besoins en forte croissance dans un monde o\u00f9 les ressources se font de plus en plus limit\u00e9es. Gr\u00e2ce \u00e0 notre expertise de renomm\u00e9e mondiale en gestion de programmes, nous avons encore accru la valeur de l\u2019excellence technique afin de r\u00e9pondre \u00e0 la croissance rapide de la taille, de l\u2019\u00e9tendue et de la complexit\u00e9 des infrastructures critiques actuelles.\u00a0<\/p>\n\n\n\n<div class=\"wp-block-columns is-layout-flex wp-container-core-columns-is-layout-9d6595d7 wp-block-columns-is-layout-flex\">\n<div class=\"wp-block-column esg-column-block-small is-layout-flow wp-block-column-is-layout-flow\">\n<div style=\"height:3em\" aria-hidden=\"true\" class=\"wp-block-spacer\"><\/div>\n\n\n\n<div class=\"aecom-quote-mark-top_large mx-auto text-AECOM_LimeGreen\" aria-hidden=\"true\" style=\"translate: none; rotate: none; scale: none; transform: translate(0px, 0px); opacity: 1;\"><svg class=\"fill-current\" xmlns=\"http:\/\/www.w3.org\/2000\/svg\" viewBox=\"0 0 205 175\" width=\"7.5%\"><path d=\"M116.7 171.2H202V92.5h-47c-.7-8.6 1-17.1 4.8-24.8 7-16.2 20.6-27.3 40.7-33.5V3.1a106 106 0 00-61.8 33.8c-14.7 17.2-22 40.9-22 71.2v63.1zM2 171.2h85.3V92.5h-47c-.6-8.7.9-17.4 4.5-25.4 7-15.6 20.6-26.5 41-32.9V3C58.5 8.4 37.7 19.8 23.4 37.2S2 78.2 2 108.1v63.1z\"><\/path><\/svg><\/div>\n\n\n\n<div style=\"height:1em\" aria-hidden=\"true\" class=\"wp-block-spacer\"><\/div>\n\n\n\n<p class=\"has-text-align-center has-text-color\" style=\"color:#00353e;font-size:1.25em;font-style:normal;font-weight:600\">\u00ab\u202fNotre engagement \u00e0 d\u00e9carboner l\u2019ensemble du cycle de vie des infrastructures comprend la r\u00e9duction de nos propres \u00e9missions de carbone de 50\u202f% d\u2019ici\u202f2030. Mais notre r\u00f4le va au-del\u00e0 des mesures que nous prenons \u00e0 l\u2019interne\u202f\u00bb, affirme Jennifer\u202fRouthier, responsable de la d\u00e9carbonisation d\u2019AECOM\u202fCanada. \u00ab\u202fNous nous associons aux gouvernements, aux services publics, aux organismes de r\u00e9glementation et aux investisseurs pour fa\u00e7onner l\u2019ensemble des syst\u00e8mes \u00e9nerg\u00e9tiques, de la strat\u00e9gie initiale au d\u00e9ploiement en passant par l\u2019exploitation.\u202f\u00bb\u00a0<\/p>\n\n\n\n<div style=\"height:3em\" aria-hidden=\"true\" class=\"wp-block-spacer\"><\/div>\n<\/div>\n<\/div>\n\n\n\n<p>Depuis plus de deux d\u00e9cennies, nous contribuons \u00e0 l\u2019\u00e9valuation et au d\u00e9veloppement de syst\u00e8mes d\u2019\u00e9nergie renouvelable (biomasse, solaire, \u00e9olienne, hydro\u00e9lectrique, g\u00e9othermique) et continuons d\u2019\u00e9tendre nos capacit\u00e9s dans des domaines \u00e9mergents tels que l\u2019hydrog\u00e8ne, le nucl\u00e9aire et les carburants de l\u2019avenir. Partout au Canada, nous aidons nos partenaires locaux \u00e0 moderniser les syst\u00e8mes de r\u00e9seaux vieillissants, \u00e0 renforcer la r\u00e9silience aux catastrophes et \u00e0 construire de nouvelles infrastructures afin de relier les sources d\u2019\u00e9nergie renouvelable aux endroits o\u00f9 l\u2019\u00e9lectricit\u00e9 est la plus n\u00e9cessaire.&nbsp;<\/p>\n\n\n\n<p>Nous comprenons \u00e9galement le r\u00f4le important que jouent les communaut\u00e9s autochtones dans les transitions \u00e9nerg\u00e9tiques. C\u2019est pourquoi nous nous engageons \u00e0 mettre en \u0153uvre l\u2019appel \u00e0 l\u2019action n<sup>o<\/sup>\u202f92 de la Commission de v\u00e9rit\u00e9 et de r\u00e9conciliation du Canada. Cet appel \u00e0 l\u2019action comprend la mise en place de relations respectueuses et durables, le soutien en faveur d\u2019un acc\u00e8s \u00e9quitable \u00e0 l\u2019emploi, \u00e0 la formation et \u00e0 l\u2019approvisionnement, ainsi que la promotion de la participation \u00e9conomique des peuples autochtones.&nbsp;<\/p>\n\n\n\n<p>Notre collaboration avec la Premi\u00e8re\u202fNation de Henvey\u202fInlet pour la construction d\u2019un parc \u00e9olien de 300\u202fm\u00e9gawatts sur son territoire traditionnel en est un exemple. Avec environ 15\u202f% du personnel du projet provenant de la Nation Anishinabek, nous avons travaill\u00e9 en \u00e9troite collaboration avec la collectivit\u00e9 sur les \u00e9valuations environnementales et la planification de la main-d\u2019\u0153uvre afin d\u2019assurer le transfert des connaissances sur les \u00e9cosyst\u00e8mes locaux et les esp\u00e8ces en p\u00e9ril. Gr\u00e2ce \u00e0 ce projet, de l\u2019\u00e9lectricit\u00e9 propre est fournie \u00e0 100\u202f000\u202ffoyers chaque ann\u00e9e.&nbsp;<\/p>\n\n\n\n<p>Si l\u2019on regarde vers l\u2019avenir, l\u2019avenir \u00e9nerg\u00e9tique du Canada ne sera pas seulement fa\u00e7onn\u00e9 par la technologie; il sera \u00e9galement influenc\u00e9 par les changements \u00e9conomiques, les priorit\u00e9s sociales et environnementales ainsi que l\u2019\u00e9volution des politiques publiques. En nous engageant d\u00e8s le d\u00e9but aupr\u00e8s de nos clients, et ce, de mani\u00e8re holistique, nous \u00e9valuons les possibilit\u00e9s r\u00e9gionales, att\u00e9nuons les risques organisationnels et \u00e9laborons des feuilles de route personnalis\u00e9es qui favorisent des r\u00e9sultats positifs durables. Nous transformons la fa\u00e7on dont nous offrons nos services en investissant dans l\u2019intelligence artificielle, la gestion des connaissances et les outils num\u00e9riques qui am\u00e9liorent notre fa\u00e7on de travailler et maximisent notre impact.&nbsp;<\/p>\n\n\n\n<p>En fin de compte, le succ\u00e8s des \u00e9nergies renouvelables n\u00e9cessite la participation de tous\u202f: les organismes de r\u00e9glementation, l\u2019industrie, les transporteurs d\u2019\u00e9lectricit\u00e9, les grands consommateurs d\u2019\u00e9nergie et les organismes publics. Il exige \u00e9galement l\u2019adoption d\u2019une approche globale et syst\u00e9mique qui pr\u00f4ne l\u2019innovation, l\u2019\u00e9quit\u00e9 et la collaboration. En combinant des services consultatifs qui s\u2019appuient sur une expertise technique approfondie \u00e0 notre engagement \u00e0 l\u2019\u00e9gard de notre <a href=\"https:\/\/aecom.com\/fr-ca\/sustainable-legacies-ca\/\" target=\"_blank\" rel=\"noreferrer noopener\">strat\u00e9gie H\u00e9ritage durable<\/a>, nous aidons les collectivit\u00e9s de partout au Canada et du monde entier \u00e0 b\u00e2tir un avenir \u00e9nerg\u00e9tique propre, r\u00e9silient et inclusif.\u00a0<\/p>\n\n\n\n    <div class=\"aecom-custom-block block-cta-button\" style=\"margin-top: 40px;\">\n        <a href=\"\/fr-ca\/sustainable-legacies-ca\/our-esg-services\/energy-transition\/\" class=\"aecom-default-cta aecom-global-cta-e-green-transparent aecom-global-cta-sml aecom-global-cta-bold aecom-global-cta aecom-global-cta-bold\"  >Pour en savoir plus sur la transition \u00e9nerg\u00e9tique, cliquez ici <svg data-name=\"Layer 1\" xmlns=\"http:\/\/www.w3.org\/2000\/svg\" viewBox=\"0 0 31.4 29.8\"><g data-name=\"Group 31\"><g data-name=\"Group 30\"><g data-name=\"Group 29\"><path data-name=\"Path 49\" d=\"M31.4 14.1h-3.1a12.6 12.6 0 0 1-25.2 0H0a15.7 15.7 0 1 0 31.4 0m-15.7 7 7.4-7.4-2.2-2.2-3.6 3.6V0h-3.1v15l-3.6-3.6-2.2 2.2 7.4 7.4Z\" fill=\"currentColor\"\/><\/g><\/g><\/g><\/svg><\/a>\n    <\/div>\n<\/div>\n\n\n\n<div class=\"wp-block-column is-layout-flow wp-block-column-is-layout-flow\" style=\"flex-basis:33%\">\n<div style=\"height:4em\" aria-hidden=\"true\" class=\"wp-block-spacer\"><\/div>\n\n\n\n<div class=\"aecom-custom-block people-block people-block-vertical\" style=\"margin-top: 0px; margin-bottom: 40px\">\n    <div class=\"profil-image-wrapper\">\n        <div class=\"people-image\" style=\"background-image: url(https:\/\/aecom.com\/fr-ca\/wp-content\/uploads\/2025\/08\/MicrosoftTeams-image-6-150x150-1.jpg);\"><\/div>\n    <\/div>\n    <div class=\"people-info\">\n        <h3 class=\"people-name\">\u00c9quipe de r\u00e9daction d\u2019AECOM <\/h3>\n        <p class=\"people-job-title\">Fa\u00e7onner l\u2019avenir du Canada<\/p>\n                        <div class=\"people-socials\">\n                                        <a href=\"https:\/\/www.linkedin.com\/showcase\/aecom-qu%C3%A9bec\/\" target=\"_blank\" class=\"social social-linkedin\"><i class=\"fab fa-linkedin-in\"><\/i><\/a>\n                                                                    <\/div>\n    <\/div>\n<\/div><\/div>\n<\/div>\n\n\n\n<div style=\"height:4em\" aria-hidden=\"true\" class=\"wp-block-spacer\"><\/div>\n\n\n\n<div class=\"wp-block-columns sl-insights-contact sl-flex-centered has-background is-layout-flex wp-container-core-columns-is-layout-9d6595d7 wp-block-columns-is-layout-flex\" style=\"background-color:#044955\">\n<div class=\"wp-block-column insights-contact-block is-layout-flow wp-block-column-is-layout-flow\" id=\"contact\">\n<div style=\"height:24px\" aria-hidden=\"true\" class=\"wp-block-spacer\"><\/div>\n\n\n\n<h1 class=\"wp-block-heading has-text-color\" style=\"color:#aecc53;font-size:2.5em;font-style:normal;font-weight:800\"><strong><strong><strong><strong><strong>Parlez-en \u00e0 notre \u00e9quipe d<\/strong><\/strong><\/strong><\/strong><\/strong>&#8216;\u00e9nergies renouvelables et transition \u00e9nerg\u00e9tique<\/h1>\n\n\n\n<p class=\"has-white-color has-text-color\" style=\"font-size:1.25em;font-style:normal;font-weight:400\">Obtenez l\u2019exp\u00e9rience pratique vitale \u00e0 votre transformation.<\/p>\n\n\n\n<p class=\"has-text-color\" style=\"color:#aecc53;font-size:1.175em;font-style:normal;font-weight:700\"><strong>Renseignez-vous d\u00e8s aujourd\u2019hui pour savoir comment nous pouvons vous aider.<\/strong><\/p>\n\n\n\n    <div class=\"aecom-custom-block block-cta-button\" style=\"margin-top: 40px;\">\n        <a href=\"\/fr-ca\/sustainable-legacies-ca\/our-people\/\" class=\"aecom-default-cta aecom-global-cta-l-green-solid aecom-global-cta-sml aecom-global-cta-bold aecom-global-cta aecom-global-cta-bold\"  >Faire une demande <svg data-name=\"Layer 1\" xmlns=\"http:\/\/www.w3.org\/2000\/svg\" viewBox=\"0 0 31.4 29.8\"><g data-name=\"Group 31\"><g data-name=\"Group 30\"><g data-name=\"Group 29\"><path data-name=\"Path 49\" d=\"M31.4 14.1h-3.1a12.6 12.6 0 0 1-25.2 0H0a15.7 15.7 0 1 0 31.4 0m-15.7 7 7.4-7.4-2.2-2.2-3.6 3.6V0h-3.1v15l-3.6-3.6-2.2 2.2 7.4 7.4Z\" fill=\"currentColor\"\/><\/g><\/g><\/g><\/svg><\/a>\n    <\/div>\n\n\n\n<div style=\"height:24px\" aria-hidden=\"true\" class=\"wp-block-spacer\"><\/div>\n<\/div>\n<\/div>\n","protected":false},"excerpt":{"rendered":"<p>\u00c0 l\u2019heure o\u00f9 le nouveau gouvernement f\u00e9d\u00e9ral d\u00e9finit ses priorit\u00e9s cl\u00e9s, nous nous interrogeons sur le secteur de l\u2019\u00e9nergie durable. Plus pr\u00e9cis\u00e9ment, nous nous demandons comment il pourrait \u00e9voluer sous une nouvelle administration et comment les organisations peuvent continuer \u00e0 faire progresser leur plan de transition \u00e9nerg\u00e9tique. Bien que l\u2019int\u00e9r\u00eat national soit d\u00e9sormais ax\u00e9 sur&#8230;<\/p>\n","protected":false},"author":701,"featured_media":0,"parent":5813,"menu_order":0,"comment_status":"closed","ping_status":"closed","template":"views\/page-careers.blade.php","meta":{"_acf_changed":false,"footnotes":""},"yst_prominent_words":[],"class_list":["post-7571","page","type-page","status-publish","hentry"],"acf":[],"_links":{"self":[{"href":"https:\/\/aecom.com\/fr-ca\/wp-json\/wp\/v2\/pages\/7571","targetHints":{"allow":["GET"]}}],"collection":[{"href":"https:\/\/aecom.com\/fr-ca\/wp-json\/wp\/v2\/pages"}],"about":[{"href":"https:\/\/aecom.com\/fr-ca\/wp-json\/wp\/v2\/types\/page"}],"author":[{"embeddable":true,"href":"https:\/\/aecom.com\/fr-ca\/wp-json\/wp\/v2\/users\/701"}],"replies":[{"embeddable":true,"href":"https:\/\/aecom.com\/fr-ca\/wp-json\/wp\/v2\/comments?post=7571"}],"version-history":[{"count":3,"href":"https:\/\/aecom.com\/fr-ca\/wp-json\/wp\/v2\/pages\/7571\/revisions"}],"predecessor-version":[{"id":7594,"href":"https:\/\/aecom.com\/fr-ca\/wp-json\/wp\/v2\/pages\/7571\/revisions\/7594"}],"up":[{"embeddable":true,"href":"https:\/\/aecom.com\/fr-ca\/wp-json\/wp\/v2\/pages\/5813"}],"wp:attachment":[{"href":"https:\/\/aecom.com\/fr-ca\/wp-json\/wp\/v2\/media?parent=7571"}],"wp:term":[{"taxonomy":"yst_prominent_words","embeddable":true,"href":"https:\/\/aecom.com\/fr-ca\/wp-json\/wp\/v2\/yst_prominent_words?post=7571"}],"curies":[{"name":"wp","href":"https:\/\/api.w.org\/{rel}","templated":true}]}}