{"id":7595,"date":"2025-08-04T18:57:50","date_gmt":"2025-08-04T18:57:50","guid":{"rendered":"https:\/\/aecom.com\/fr-ca\/romaine-hydroelectric-complex\/"},"modified":"2025-08-04T19:08:32","modified_gmt":"2025-08-04T19:08:32","slug":"romaine-hydroelectric-complex","status":"publish","type":"page","link":"https:\/\/aecom.com\/fr-ca\/sustainable-legacies-ca\/projects-insights\/romaine-hydroelectric-complex\/","title":{"rendered":"Complexe hydro\u00e9lectrique de la Romaine"},"content":{"rendered":"\n    <div class=\"aecom-custom-block careers-header\" style=\"background-color: #00353e; margin-top: 0px; margin-bottom: 4em;\">\n    <div class=\"careers-header-content\">\n                    <div class=\"careers-header-bg\" style=\"background-image: url('https:\/\/aecom.com\/fr-ca\/wp-content\/uploads\/2024\/03\/20181015_0053_ROM1-1.jpg');opacity: 40%;\"><\/div>\n                    <div class=\"row no-gutters header-container\">\n                <div class=\"col careers-title\">\n                    <div class=\"header-title\">\n                        <p class=\"careers-sub-title\">Projet en vedette<\/p>\n                        <h1>Complexe hydro\u00e9lectrique de la Romaine<\/h1>\n                    <\/div>\n                                            <div class=\"header-content\">\n                            <p>Le complexe de la Romaine, construit au co\u00fbt de 7,4\u202fmilliards de dollars, peut produire 8\u202ft\u00e9rawattheures d\u2019\u00e9lectricit\u00e9 par an, de quoi alimenter pr\u00e8s de 470\u202f000 \u202ffoyers.<\/p>\n                        <\/div>\n                                        <div class=\"cta-container\">\n\n                        <!-- add condition here -->\n                        \n                        <!-- add condition here -->\n                        \n\n                    <\/div>\n                    \n                <\/div>\n            <\/div>\n        <\/div>\n    <\/div>\n\n\n<div class=\"wp-block-columns sl-insights-main is-layout-flex wp-container-core-columns-is-layout-9d6595d7 wp-block-columns-is-layout-flex\">\n<div class=\"wp-block-column is-layout-flow wp-block-column-is-layout-flow\" style=\"flex-basis:67%\">\n<h2 class=\"wp-block-heading sl-insights-h2\">Dans son plan strat\u00e9gique de 2004 \u00e0 2008, Hydro-Qu\u00e9bec visait \u00e0 augmenter la production d\u2019\u00e9lectricit\u00e9 au Qu\u00e9bec.<\/h2>\n\n\n\n<p>Pierre angulaire de cette strat\u00e9gie, le complexe hydro\u00e9lectrique de la Romaine est le plus grand complexe hydro\u00e9lectrique construit dans la province depuis l\u2019am\u00e9nagement Robert Bourassa (LG-2) dans la r\u00e9gion de la Baie-James, dont la centrale a \u00e9t\u00e9 mise en service en 1979. AECOM a particip\u00e9 \u00e0 ce gigantesque complexe, compos\u00e9 de plusieurs ouvrages dont quatre centrales distinctes sur la rivi\u00e8re Romaine. AECOM a agi en tant qu\u2019ing\u00e9nieur responsable pour les am\u00e9nagements Romaine\u202f1 et Romaine\u202f3, pour la centrale de Romaine\u202f4, et en tant que responsable du consortium avec SNC-Lavalin pour l\u2019am\u00e9nagement Romaine\u202f2.<\/p>\n\n\n\n<p>Le complexe de la Romaine, construit au co\u00fbt de 7,4\u202fmilliards de dollars, peut produire 8\u202ft\u00e9rawattheures d\u2019\u00e9lectricit\u00e9 par an, de quoi alimenter pr\u00e8s de 470\u202f000\u202f foyers. Il tire cette \u00e9nergie de la rivi\u00e8re Romaine, situ\u00e9e au nord de Havre-St-Pierre (Qu\u00e9bec), pr\u00e8s de la fronti\u00e8re du Labrador.\u00a0<\/p>\n\n\n\n<p>AECOM a dirig\u00e9 la conception et pris part au suivi de la construction. Notre participation aux quatre am\u00e9nagements, construits de 2009 \u00e0 2023, a couvert un large \u00e9ventail de services, y compris la gestion de projet, la pr\u00e9paration des programmes d\u2019\u00e9tudes g\u00e9ologiques et g\u00e9otechniques, l\u2019analyse des r\u00e9sultats de ces \u00e9tudes, l\u2019ing\u00e9nierie de d\u00e9tail et l\u2019ing\u00e9nierie de performance des \u00e9quipements \u00e9lectrom\u00e9caniques, les revues de performance de ces \u00e9quipements ainsi que le soutien \u00e0 la construction. Nos \u00e9quipes d\u2019ing\u00e9nieurs ont veill\u00e9 \u00e0 l\u2019int\u00e9gration efficace des divers aspects du projet. Elles ont notamment fait appel \u00e0 des m\u00e9thodes non conventionnelles, uniques et innovantes pour la conception des centrales, y compris la mod\u00e9lisation tridimensionnelle \u00e0 l\u2019aide du logiciel CATIA, afin d\u2019am\u00e9liorer la coordination, la constructibilit\u00e9 et les calendriers de construction.&nbsp;<\/p>\n\n\n\n<h2 class=\"wp-block-heading sl-insights-h2\">Le travail d\u2019AECOM en mati\u00e8re de conception a \u00e9t\u00e9 reconnu par diverses associations et r\u00e9compens\u00e9 par les prix suivants\u202f:<\/h2>\n\n\n\n<div class=\"aecom-custom-block block-facts\"\n    style=\"margin-top: 0px; margin-bottom: 24px\">\n\n        <ul class=\"list-style-check\">\n                    <li>\n                                    Prix Armatura, projet de d\u00e9rivation provisoire de la Romaine\u202f3, 2014                            <\/li>\n                    <li>\n                                    Association canadienne des tunneliers, Projet d\u2019infrastructure canadien de l\u2019ann\u00e9e, canal d\u2019amen\u00e9e de Romaine\u202f3, 2016                            <\/li>\n                    <li>\n                                    Institut canadien de la construction en acier, Prix d\u2019excellence de la construction en acier, centrale la Romaine\u202f2, 2016                            <\/li>\n            <\/ul>\n<\/div>\n\n\n<p>Chaque centrale poss\u00e8de sa propre infrastructure, qui comprend notamment des barrages, des digues, des d\u00e9versoirs, des ouvrages de prise d\u2019eau, des conduites forc\u00e9es, un puits d\u2019\u00e9quilibre, une centrale \u00e9lectrique, des galeries et un canal de fuite, tous con\u00e7us pour exploiter le potentiel \u00e9nerg\u00e9tique de la rivi\u00e8re. Ces ouvrages, dont les dimensions, les capacit\u00e9s et la date de mise en service varient, forment un r\u00e9seau hydro\u00e9lectrique complet.&nbsp;&nbsp;<\/p>\n\n\n\n    <div class=\"aecom-custom-block block-cta-button\" style=\"margin-top: 40px;\">\n        <a href=\"\/fr-ca\/sustainable-legacies-ca\/projects-insights\/\" class=\"aecom-default-cta aecom-global-cta-e-green-transparent aecom-global-cta-sml aecom-global-cta-bold aecom-global-cta aecom-global-cta-bold\"  >Voir nos autres projets et perspectives <svg data-name=\"Layer 1\" xmlns=\"http:\/\/www.w3.org\/2000\/svg\" viewBox=\"0 0 31.4 29.8\"><g data-name=\"Group 31\"><g data-name=\"Group 30\"><g data-name=\"Group 29\"><path data-name=\"Path 49\" d=\"M31.4 14.1h-3.1a12.6 12.6 0 0 1-25.2 0H0a15.7 15.7 0 1 0 31.4 0m-15.7 7 7.4-7.4-2.2-2.2-3.6 3.6V0h-3.1v15l-3.6-3.6-2.2 2.2 7.4 7.4Z\" fill=\"currentColor\"\/><\/g><\/g><\/g><\/svg><\/a>\n    <\/div>\n<\/div>\n\n\n\n<div class=\"wp-block-column is-layout-flow wp-block-column-is-layout-flow\" style=\"flex-basis:33%\">\n<div style=\"height:2em\" aria-hidden=\"true\" class=\"wp-block-spacer\"><\/div>\n\n\n    <div class=\"aecom-custom-block single-promo-block\" style=\"background-color: #00353e;margin-top: 0px; margin-bottom: 40px;\">\n                    <div class=\"promo-bg\" style=\"background-image: url('https:\/\/aecom.com\/fr-ca\/wp-content\/uploads\/2024\/06\/Adobe_Stock_256673872_Renewables_LR_edc55dc9f9.webp');opacity: 30%\"><\/div>\n                            <div class=\"promo-content\">\n                <h4>Nos services d&#8217;ESG<\/h4>\n                <h2>\u00c9nergies renouvelables et transition \u00e9nerg\u00e9tique<\/h2>\n                <p>Quelle est la prochaine \u00e9tape de votre transition \u00e9nerg\u00e9tique? Quelles \u00e9nergies renouvelables vous permettront d\u2019atteindre vos objectifs? Nous sommes l\u00e0 pour vous guider dans cette transition.<\/p>\n                <div class=\"promo-link\">\n                    <a href=\"\/fr-ca\/sustainable-legacies-ca\/our-esg-services\/energy-transition\/\"  class=\"aecom-global-cta aecom-global-cta-bold aecom-global-cta-sml aecom-global-cta-e-green-solid\">En savoir plus<\/a>\n                <\/div>\n            <\/div>\n            <\/div><\/div>\n<\/div>\n","protected":false},"excerpt":{"rendered":"<p>Dans son plan strat\u00e9gique de 2004 \u00e0 2008, Hydro-Qu\u00e9bec visait \u00e0 augmenter la production d\u2019\u00e9lectricit\u00e9 au Qu\u00e9bec. Pierre angulaire de cette strat\u00e9gie, le complexe hydro\u00e9lectrique de la Romaine est le plus grand complexe hydro\u00e9lectrique construit dans la province depuis l\u2019am\u00e9nagement Robert Bourassa (LG-2) dans la r\u00e9gion de la Baie-James, dont la centrale a \u00e9t\u00e9 mise&#8230;<\/p>\n","protected":false},"author":701,"featured_media":7597,"parent":5813,"menu_order":0,"comment_status":"closed","ping_status":"closed","template":"views\/page-careers.blade.php","meta":{"_acf_changed":false,"footnotes":""},"yst_prominent_words":[],"class_list":["post-7595","page","type-page","status-publish","has-post-thumbnail","hentry"],"acf":[],"_links":{"self":[{"href":"https:\/\/aecom.com\/fr-ca\/wp-json\/wp\/v2\/pages\/7595","targetHints":{"allow":["GET"]}}],"collection":[{"href":"https:\/\/aecom.com\/fr-ca\/wp-json\/wp\/v2\/pages"}],"about":[{"href":"https:\/\/aecom.com\/fr-ca\/wp-json\/wp\/v2\/types\/page"}],"author":[{"embeddable":true,"href":"https:\/\/aecom.com\/fr-ca\/wp-json\/wp\/v2\/users\/701"}],"replies":[{"embeddable":true,"href":"https:\/\/aecom.com\/fr-ca\/wp-json\/wp\/v2\/comments?post=7595"}],"version-history":[{"count":3,"href":"https:\/\/aecom.com\/fr-ca\/wp-json\/wp\/v2\/pages\/7595\/revisions"}],"predecessor-version":[{"id":7602,"href":"https:\/\/aecom.com\/fr-ca\/wp-json\/wp\/v2\/pages\/7595\/revisions\/7602"}],"up":[{"embeddable":true,"href":"https:\/\/aecom.com\/fr-ca\/wp-json\/wp\/v2\/pages\/5813"}],"wp:featuredmedia":[{"embeddable":true,"href":"https:\/\/aecom.com\/fr-ca\/wp-json\/wp\/v2\/media\/7597"}],"wp:attachment":[{"href":"https:\/\/aecom.com\/fr-ca\/wp-json\/wp\/v2\/media?parent=7595"}],"wp:term":[{"taxonomy":"yst_prominent_words","embeddable":true,"href":"https:\/\/aecom.com\/fr-ca\/wp-json\/wp\/v2\/yst_prominent_words?post=7595"}],"curies":[{"name":"wp","href":"https:\/\/api.w.org\/{rel}","templated":true}]}}