{"id":7622,"date":"2025-08-14T14:41:40","date_gmt":"2025-08-14T14:41:40","guid":{"rendered":"https:\/\/aecom.com\/fr-ca\/people-spotlight-meet-daniel-charbonneau\/"},"modified":"2025-08-18T17:49:41","modified_gmt":"2025-08-18T17:49:41","slug":"people-spotlight-meet-daniel-charbonneau","status":"publish","type":"page","link":"https:\/\/aecom.com\/fr-ca\/people-spotlight-meet-daniel-charbonneau\/","title":{"rendered":"Pleins feux sur les employ\u00e9s : Voici Daniel Charbonneau"},"content":{"rendered":"\n    <div class=\"aecom-custom-block careers-header\" style=\"background-color: #00353e; margin-top: 0px; margin-bottom: 40px;\">\n    <div class=\"careers-header-content\">\n                    <div class=\"careers-header-bg\" style=\"background-image: url('https:\/\/aecom.com\/fr-ca\/wp-content\/uploads\/2025\/08\/Ind-Pic.jpg');opacity: 30%;\"><\/div>\n                    <div class=\"row no-gutters header-container\">\n                <div class=\"col careers-title\">\n                    <div class=\"header-title\">\n                        <p class=\"careers-sub-title\"><\/p>\n                        <h1>Pleins feux sur les employ\u00e9s : Voici Daniel Charbonneau<\/h1>\n                    <\/div>\n                                            <div class=\"header-content\">\n                            <section class=\"spotlight-header-info\">\n<article class=\"spotlight-header-item-1\"><img loading=\"lazy\" decoding=\"async\" class=\"alignnone wp-image-177235 size-full\" src=\"https:\/\/aecom.com\/content\/wp-content\/uploads\/2025\/08\/Daniel-Charbonneau-People-Spotlight-150x150-1.png\" alt=\"\" width=\"150\" height=\"150\" \/><\/article>\n<article class=\"spotlight-header-item-2\">\n<h2 style=\"color: #aecc53;\"><strong>Daniel Charbonneau<\/strong><\/h2>\n<h3><em>Daniel \u00a0est un fier Algonquin (Anichinab\u00e9) et un gestionnaire de projet de r\u00e9conciliation de la r\u00e9gion Canada.<\/em><\/h3>\n<\/article>\n<\/section>\n                        <\/div>\n                                        <div class=\"cta-container\">\n\n                        <!-- add condition here -->\n                        \n                        <!-- add condition here -->\n                        \n\n                    <\/div>\n                    \n                <\/div>\n            <\/div>\n        <\/div>\n    <\/div>\n\n\n<div class=\"wp-block-columns aecom-centered-column is-layout-flex wp-container-core-columns-is-layout-9d6595d7 wp-block-columns-is-layout-flex\">\n<div class=\"wp-block-column is-layout-flow wp-block-column-is-layout-flow\" style=\"flex-basis:75%\">\n<div class=\"aecom-custom-block block-intro-text\" style=\"margin-top: 0px; margin-bottom: 40px\">\n    <p class=\"editor-emphasized\">\n        Notre <a href=\"https:\/\/aecom.com\/fr-ca\/people-spotlights-ca\/\" target=\"_blank\">s\u00e9rie Pleins feux sur les employ\u00e9s<\/a> vous permet de d\u00e9couvrir nos experts techniques \u00e0 travers le monde. Cette semaine, nous vous pr\u00e9sentons un gestionnaire de projet de r\u00e9conciliation de la r\u00e9gion Canada et un aper\u00e7u de son inspiration et de son travail.     <\/p>\n<\/div>\n\n\n<p>Daniel Charbonneau est un fier Algonquin (Anichinab\u00e9) comptant plus de 30\u202fans d\u2019exp\u00e9rience en relations autochtones. Tout au long de sa carri\u00e8re, il s\u2019est concentr\u00e9 sur les partenariats commerciaux autochtones, la consultation sur les grands projets et la n\u00e9gociation de trait\u00e9s modernes. Il poss\u00e8de une vaste expertise en planification strat\u00e9gique, en \u00e9laboration de politiques fond\u00e9es sur des donn\u00e9es probantes et en gestion de programmes.\u00a0<\/p>\n\n\n\n<h3 class=\"wp-block-heading\"><strong>Qu\u2019est-ce qui vous a inspir\u00e9 \u00e0 travailler dans ce domaine?<\/strong>\u00a0<\/h3>\n\n\n\n<p>Ce qui m\u2019a inspir\u00e9 \u00e0 me joindre au secteur, c\u2019est son immense potentiel en termes d\u2019impact significatif et de collaboration. Le secteur des infrastructures est \u00e0 un moment charni\u00e8re et met de plus en plus l\u2019accent sur les pratiques inclusives qui assurent la pleine participation des Autochtones aux grands projets. Pour moi, le g\u00e9nie-conseil ne se limite pas \u00e0 la construction de structures; il consiste \u00e0 forger des partenariats qui favorisent le succ\u00e8s commun. L\u2019engagement \u00e0 int\u00e9grer les perspectives autochtones, comme les connaissances traditionnelles autochtones, la g\u00e9rance de l\u2019environnement, le d\u00e9veloppement des affaires et la cr\u00e9ation d\u2019emplois, dans tous les aspects de la planification et de l\u2019ex\u00e9cution des projets est non seulement important, mais essentiel pour stimuler l\u2019innovation et obtenir des r\u00e9sultats durables. C\u2019est la possibilit\u00e9 de contribuer \u00e0 des initiatives qui am\u00e9liorent \u00e0 la fois le progr\u00e8s du secteur et la prosp\u00e9rit\u00e9 autochtone qui me motive vraiment.\u00a0<\/p>\n\n\n\n<div class=\"aecom-custom-block client-quote-block\" style=\"margin-top: 36px; margin-bottom: 36px\">\n    <p class=\"client-quote-text\" style=\"margin-top: 30px\";>\n        Le secteur des infrastructures est \u00e0 un moment charni\u00e8re et met de plus en plus l\u2019accent sur les pratiques inclusives qui assurent la pleine participation des Autochtones aux grands projets. Pour moi, le g\u00e9nie-conseil ne se limite pas \u00e0 la construction de structures; il consiste \u00e0 forger des partenariats qui favorisent le succ\u00e8s commun.    <\/p>\n    <p class=\"client-quote-author\">\n            <\/p>\n    <p class=\"client-quote-title\">\n            <\/p>\n<\/div>\n\n\n<h3 class=\"wp-block-heading\"><strong><strong><strong>Sur quel projet d\u2019AECOM avez-vous le plus aim\u00e9 travailler? Pourquoi?<\/strong>\u00a0<\/strong><\/strong><\/h3>\n\n\n\n<p>\u00c0 titre de gestionnaire de projet de r\u00e9conciliation, je dirige la participation d\u2019AECOM Canada au programme d\u2019<a href=\"https:\/\/www.ccab.com\/fr\/pair\/\" target=\"_blank\" rel=\"noreferrer noopener\">Accr\u00e9ditation de partenariat en relations autochtones<\/a> (PAIR) du <a href=\"https:\/\/www.ccab.com\/fr\/\" target=\"_blank\" rel=\"noreferrer noopener\">Conseil canadien pour l&#8217;entreprise autochtone<\/a> (CCCA). Le programme PAIR du CCCA permet aux organisations d\u2019\u00e9tablir et d\u2019atteindre des objectifs de performance progressifs en mati\u00e8re d\u2019emploi, d\u2019approvisionnement, de partenariats commerciaux et d\u2019investissements communautaires autochtones. Je suis tr\u00e8s heureux de nos progr\u00e8s, notamment la mise \u00e0 jour d\u2019une politique en mati\u00e8re de relations avec les Autochtones, l\u2019\u00e9laboration d\u2019une politique d\u2019approvisionnement autochtone et la cr\u00e9ation d\u2019un fonds d\u2019investissement autochtone, qui soutiennent tous l\u2019\u00e9tablissement de relations avec les communaut\u00e9s autochtones. Je dirige aussi nos efforts pour atteindre le niveau de certification Bronze, en veillant \u00e0 ce qu\u2019AECOM respecte les normes de collaboration les plus \u00e9lev\u00e9es dans son engagement aupr\u00e8s des communaut\u00e9s autochtones. J\u2019ai h\u00e2te de continuer \u00e0 mener des initiatives qui favorisent la mobilisation et la confiance mutuelle et font progresser l\u2019engagement de l\u2019entreprise envers la r\u00e9conciliation.&nbsp;<\/p>\n\n\n\n<div class=\"aecom-custom-block client-quote-block\" style=\"margin-top: 36px; margin-bottom: 36px\">\n    <p class=\"client-quote-text\" style=\"margin-top: 30px\";>\n        Je suis tr\u00e8s heureux de nos progr\u00e8s, notamment la mise \u00e0 jour d\u2019une politique en mati\u00e8re de relations avec les Autochtones, l\u2019\u00e9laboration d\u2019une politique d\u2019approvisionnement autochtone et la cr\u00e9ation d\u2019un fonds d\u2019investissement autochtone, qui soutiennent tous l\u2019\u00e9tablissement de relations avec les communaut\u00e9s autochtones.    <\/p>\n    <p class=\"client-quote-author\">\n            <\/p>\n    <p class=\"client-quote-title\">\n            <\/p>\n<\/div>\n\n\n<h3 class=\"wp-block-heading\"><strong><strong><strong>Expliquez-nous en quoi votre travail a des retomb\u00e9es positives sur la collectivit\u00e9.<\/strong><\/strong><\/strong><\/h3>\n\n\n\n<p>Je travaille actuellement sur un grand projet de transport ferroviaire de passagers appel\u00e9 Alto, qui fournira un service plus fr\u00e9quent, plus rapide et plus fiable aux navetteurs dans le corridor Qu\u00e9bec-Toronto. Ma contribution au projet soutient une participation \u00e9conomique significative et des retomb\u00e9es socio-\u00e9conomiques maximales pour les peuples autochtones. En favorisant des partenariats solides et en veillant \u00e0 ce que les voix autochtones fassent partie int\u00e9grante du processus de planification et de mise en \u0153uvre, j\u2019ai contribu\u00e9 \u00e0 cr\u00e9er des possibilit\u00e9s qui vont au-del\u00e0 du projet lui-m\u00eame, comme la cr\u00e9ation d\u2019une s\u00e9rie de rapports de recherche socio-\u00e9conomiques au service des communaut\u00e9s autochtones dans le cadre d\u2019autres projets. Ce travail a permis d\u2019accro\u00eetre les possibilit\u00e9s de renforcement des capacit\u00e9s, d\u2019emploi et de formation, ce qui contribue \u00e0 pr\u00e9server les avantages \u00e0 long terme au sein des collectivit\u00e9s, comme la protection de l\u2019environnement et la cr\u00e9ation d\u2019entreprises et d\u2019emplois. Je vise \u00e0 m\u2019assurer que le projet respecte non seulement les droits et les traditions autochtones, mais laisse aussi un h\u00e9ritage durable et positif aux g\u00e9n\u00e9rations futures.<\/p>\n\n\n\n<div class=\"aecom-custom-block client-quote-block\" style=\"margin-top: 36px; margin-bottom: 36px\">\n    <p class=\"client-quote-text\" style=\"margin-top: 30px\";>\n        En favorisant des partenariats solides et en veillant \u00e0 ce que les voix autochtones fassent partie int\u00e9grante du processus de planification et de mise en \u0153uvre, j\u2019ai contribu\u00e9 \u00e0 cr\u00e9er des possibilit\u00e9s qui vont au-del\u00e0 du projet lui-m\u00eame, comme la cr\u00e9ation d\u2019une s\u00e9rie de rapports de recherche socio-\u00e9conomiques au service des communaut\u00e9s autochtones dans le cadre d\u2019autres projets.\u202f    <\/p>\n    <p class=\"client-quote-author\">\n            <\/p>\n    <p class=\"client-quote-title\">\n            <\/p>\n<\/div>\n\n\n<h3 class=\"wp-block-heading\"><strong><strong><strong>Quel conseil professionnel aimeriez-vous donner \u00e0 vos coll\u00e8gues?<\/strong>\u00a0<\/strong><\/strong><\/h3>\n\n\n\n<p>Restez toujours curieux. D\u00e9couvrez les besoins et les aspirations des collectivit\u00e9s touch\u00e9es par vos projets. Privil\u00e9giez l\u2019apprentissage et soyez pr\u00eat \u00e0 appliquer les pratiques d\u2019excellence les plus r\u00e9centes de l\u2019industrie dans votre domaine. Adaptez-vous aux nouveaux d\u00e9fis au fur et \u00e0 mesure qu\u2019ils se pr\u00e9sentent et continuez \u00e0 proposer des id\u00e9es novatrices, sachant que seulement une sur dix se concr\u00e9tise. Continuez de collaborer avec vos coll\u00e8gues et de soutenir les efforts d\u2019\u00e9quipe dans les domaines importants pour les peuples autochtones, comme la gu\u00e9rison, l\u2019\u00e9ducation, les avantages socio-\u00e9conomiques, la protection culturelle et la g\u00e9rance de l\u2019environnement. L\u2019objectif est de cr\u00e9er de la valeur sociale gr\u00e2ce \u00e0 une conception intentionnelle, de favoriser la croissance durable de la collectivit\u00e9 et de travailler avec authenticit\u00e9. Agir de fa\u00e7on \u00e9thique, c\u2019est aller au-del\u00e0 des simples actions performatives pour avoir un v\u00e9ritable impact.\u00a0<\/p>\n\n\n\n<div class=\"wp-block-columns is-layout-flex wp-container-core-columns-is-layout-9d6595d7 wp-block-columns-is-layout-flex\">\n<div class=\"wp-block-column is-layout-flow wp-block-column-is-layout-flow\">\n<figure class=\"wp-block-image size-full\"><img decoding=\"async\" src=\"https:\/\/aecom.com\/content\/wp-content\/uploads\/2025\/08\/image001.jpg\" alt=\"\" class=\"wp-image-177236\"\/><\/figure>\n<\/div>\n<\/div>\n\n\n\n<div style=\"height:36px\" aria-hidden=\"true\" class=\"wp-block-spacer\"><\/div>\n\n\n\n<h3 class=\"wp-block-heading\"><strong><strong><strong>Pleins feux en vedette<\/strong><\/strong><\/strong><\/h3>\n\n\n\n<div class=\"wp-block-columns is-layout-flex wp-container-core-columns-is-layout-9d6595d7 wp-block-columns-is-layout-flex\">\n<div class=\"wp-block-column is-layout-flow wp-block-column-is-layout-flow\">    <div class=\"aecom-custom-block single-promo-block\" style=\"background-color: #00353e;margin-top: 0px; margin-bottom: 40px;\">\n                    <div class=\"promo-bg\" style=\"background-image: url('https:\/\/aecom.com\/fr-ca\/wp-content\/uploads\/2025\/08\/gh3-Warehouse_Park-02-1.jpg');opacity: 30%\"><\/div>\n                            <div class=\"promo-content\">\n                <h4>Pleins feux sur les employ\u00e9s :<\/h4>\n                <h2>Voici Jeff Chan<\/h2>\n                <p>Jeff est un ing\u00e9nieur en structures de notre secteur d\u2019affaires b\u00e2timents + am\u00e9nagements de la r\u00e9gion Canada.<\/p>\n                <div class=\"promo-link\">\n                    <a href=\"\/fr-ca\/people-spotlight-meet-jeff-chan\/\"  class=\"aecom-global-cta aecom-global-cta-bold aecom-global-cta-sml aecom-global-cta-e-green-solid\">Lire la suite<\/a>\n                <\/div>\n            <\/div>\n            <\/div><\/div>\n\n\n\n<div class=\"wp-block-column is-layout-flow wp-block-column-is-layout-flow\">    <div class=\"aecom-custom-block single-promo-block\" style=\"background-color: #00353e;margin-top: 0px; margin-bottom: 40px;\">\n                    <div class=\"promo-bg\" style=\"background-image: url('https:\/\/aecom.com\/fr-ca\/wp-content\/uploads\/2024\/12\/AnnaCleaverProject-1.jpg');opacity: 30%\"><\/div>\n                            <div class=\"promo-content\">\n                <h4>Pleins feux sur les employ\u00e9s :<\/h4>\n                <h2>Voici Anna Cleaver<\/h2>\n                <p>Anna est une ing\u00e9nieure en traitement des eaux us\u00e9es et responsable du segment des eaux us\u00e9es au Canada.<\/p>\n                <div class=\"promo-link\">\n                    <a href=\"\/fr-ca\/people-spotlight-meet-anna-cleaver\/\"  class=\"aecom-global-cta aecom-global-cta-bold aecom-global-cta-sml aecom-global-cta-e-green-solid\">Lire la suite<\/a>\n                <\/div>\n            <\/div>\n            <\/div><\/div>\n\n\n\n<div class=\"wp-block-column is-layout-flow wp-block-column-is-layout-flow\">    <div class=\"aecom-custom-block single-promo-block\" style=\"background-color: #00353e;margin-top: 0px; margin-bottom: 40px;\">\n                    <div class=\"promo-bg\" style=\"background-image: url('https:\/\/aecom.com\/fr-ca\/wp-content\/uploads\/2024\/10\/1-resized-v2-1-scaled-1-scaled.jpg');opacity: 30%\"><\/div>\n                            <div class=\"promo-content\">\n                <h4>Pleins feux sur les employ\u00e9s :<\/h4>\n                <h2>Voici Gordon Geoffrey<\/h2>\n                <p>Gordon Geoffrey est un responsable technique de notre secteur d\u2019affaires eau au Canada.<\/p>\n                <div class=\"promo-link\">\n                    <a href=\"\/fr-ca\/people-spotlight-meet-gordon-geoffrey\/\"  class=\"aecom-global-cta aecom-global-cta-bold aecom-global-cta-sml aecom-global-cta-e-green-solid\">Lire la suite<\/a>\n                <\/div>\n            <\/div>\n            <\/div><\/div>\n<\/div>\n<\/div>\n\n\n\n<div class=\"wp-block-column is-layout-flow wp-block-column-is-layout-flow\" style=\"flex-basis:25%\">\n<h3 class=\"wp-block-heading\"><strong><strong>Suivez nos derni\u00e8res mises \u00e0 jour<\/strong><\/strong><\/h3>\n\n\n\n<div class=\"wp-block-columns conference-social-sidebar is-layout-flex wp-container-core-columns-is-layout-9d6595d7 wp-block-columns-is-layout-flex\">\n<div class=\"wp-block-column is-vertically-aligned-top is-layout-flow wp-block-column-is-layout-flow\" style=\"flex-basis:17%\">\n<figure class=\"wp-block-image size-full\"><a href=\"https:\/\/www.linkedin.com\/company\/aecom\/mycompany\/\" target=\"_blank\" rel=\"noopener\"><img decoding=\"async\" src=\"https:\/\/aecom.com\/content\/wp-content\/uploads\/2024\/09\/2024-icon-linkedin.png\" alt=\"\" class=\"wp-image-132875\"\/><\/a><\/figure>\n<\/div>\n\n\n\n<div class=\"wp-block-column is-vertically-aligned-top is-layout-flow wp-block-column-is-layout-flow\" style=\"flex-basis:83%\">\n<p>AECOM sur LinkedIn<\/p>\n<\/div>\n<\/div>\n\n\n\n<div class=\"wp-block-columns conference-social-sidebar is-layout-flex wp-container-core-columns-is-layout-9d6595d7 wp-block-columns-is-layout-flex\">\n<div class=\"wp-block-column is-vertically-aligned-top is-layout-flow wp-block-column-is-layout-flow\" style=\"flex-basis:17%\">\n<figure class=\"wp-block-image size-full\"><a href=\"https:\/\/www.linkedin.com\/in\/resultbased\/\" target=\"_blank\" rel=\"noopener\"><img decoding=\"async\" src=\"https:\/\/aecom.com\/content\/wp-content\/uploads\/2024\/09\/2024-icon-linkedin.png\" alt=\"\" class=\"wp-image-132875\"\/><\/a><\/figure>\n<\/div>\n\n\n\n<div class=\"wp-block-column is-vertically-aligned-top is-layout-flow wp-block-column-is-layout-flow\" style=\"flex-basis:83%\">\n<p>Daniel Charbonneau sur LinkedIn<\/p>\n<\/div>\n<\/div>\n\n\n\n<div style=\"height:12px\" aria-hidden=\"true\" class=\"wp-block-spacer\"><\/div>\n\n\n\n<div class=\"aecom-custom-block aecom-careers-sidebar-button\">\n  <ul class=\"sidebar-cta-buttons\">\n          <li class=\"sidebar-cta-btn\">\n        <a href=\"\/fr-ca\/people-spotlights-ca\/\" class=\"cta-btn-label\">\n            <div class=\"label-container\">\n            <h4>Voir nos autres Pleins feux sur les employ\u00e9s <\/h4>\n                            <p>Cliquez ici <i class=\"fas fa-chevron-right\"><\/i><\/p>\n                        <\/div>\n        <\/a>\n      <\/li>\n    \n  <\/ul>\n<\/div><\/div>\n<\/div>\n","protected":false},"excerpt":{"rendered":"<p>Daniel Charbonneau est un fier Algonquin (Anichinab\u00e9) comptant plus de 30\u202fans d\u2019exp\u00e9rience en relations autochtones. Tout au long de sa carri\u00e8re, il s\u2019est concentr\u00e9 sur les partenariats commerciaux autochtones, la consultation sur les grands projets et la n\u00e9gociation de trait\u00e9s modernes. Il poss\u00e8de une vaste expertise en planification strat\u00e9gique, en \u00e9laboration de politiques fond\u00e9es sur&#8230;<\/p>\n","protected":false},"author":701,"featured_media":7624,"parent":0,"menu_order":0,"comment_status":"closed","ping_status":"closed","template":"views\/page-careers.blade.php","meta":{"_acf_changed":false,"footnotes":""},"yst_prominent_words":[],"class_list":["post-7622","page","type-page","status-publish","has-post-thumbnail","hentry"],"acf":[],"_links":{"self":[{"href":"https:\/\/aecom.com\/fr-ca\/wp-json\/wp\/v2\/pages\/7622","targetHints":{"allow":["GET"]}}],"collection":[{"href":"https:\/\/aecom.com\/fr-ca\/wp-json\/wp\/v2\/pages"}],"about":[{"href":"https:\/\/aecom.com\/fr-ca\/wp-json\/wp\/v2\/types\/page"}],"author":[{"embeddable":true,"href":"https:\/\/aecom.com\/fr-ca\/wp-json\/wp\/v2\/users\/701"}],"replies":[{"embeddable":true,"href":"https:\/\/aecom.com\/fr-ca\/wp-json\/wp\/v2\/comments?post=7622"}],"version-history":[{"count":3,"href":"https:\/\/aecom.com\/fr-ca\/wp-json\/wp\/v2\/pages\/7622\/revisions"}],"predecessor-version":[{"id":7647,"href":"https:\/\/aecom.com\/fr-ca\/wp-json\/wp\/v2\/pages\/7622\/revisions\/7647"}],"wp:featuredmedia":[{"embeddable":true,"href":"https:\/\/aecom.com\/fr-ca\/wp-json\/wp\/v2\/media\/7624"}],"wp:attachment":[{"href":"https:\/\/aecom.com\/fr-ca\/wp-json\/wp\/v2\/media?parent=7622"}],"wp:term":[{"taxonomy":"yst_prominent_words","embeddable":true,"href":"https:\/\/aecom.com\/fr-ca\/wp-json\/wp\/v2\/yst_prominent_words?post=7622"}],"curies":[{"name":"wp","href":"https:\/\/api.w.org\/{rel}","templated":true}]}}