{"id":8223,"date":"2025-12-17T21:32:21","date_gmt":"2025-12-17T21:32:21","guid":{"rendered":"https:\/\/aecom.com\/fr-ca\/people-spotlight-meet-ryan-king\/"},"modified":"2026-02-11T18:15:46","modified_gmt":"2026-02-11T18:15:46","slug":"people-spotlight-meet-ryan-king","status":"publish","type":"page","link":"https:\/\/aecom.com\/fr-ca\/people-spotlight-meet-ryan-king\/","title":{"rendered":"People Spotlight: Meet Ryan King"},"content":{"rendered":"\n    <div class=\"aecom-custom-block careers-header\" style=\"background-color: #00353e; margin-top: 0px; margin-bottom: 40px;\">\n    <div class=\"careers-header-content\">\n                    <div class=\"careers-header-bg\" style=\"background-image: url('https:\/\/aecom.com\/fr-ca\/wp-content\/uploads\/2025\/12\/Prince_Albert_WTP_201707-4-scaled.jpg');opacity: 30%;\"><\/div>\n                    <div class=\"row no-gutters header-container\">\n                <div class=\"col careers-title\">\n                    <div class=\"header-title\">\n                        <p class=\"careers-sub-title\"><\/p>\n                        <h1>Pleins feux sur les employ\u00e9s\u202f: Voici Ryan\u202fKing <\/h1>\n                    <\/div>\n                                            <div class=\"header-content\">\n                            <section class=\"spotlight-header-info\">\n<article class=\"spotlight-header-item-1\"><img loading=\"lazy\" decoding=\"async\" class=\"alignnone wp-image-177235 size-full\" src=\"https:\/\/aecom.com\/content\/wp-content\/uploads\/2025\/12\/Ryan-King-People-Spotlight-150x150-2.png\" alt=\"\" width=\"150\" height=\"150\" \/><\/article>\n<article class=\"spotlight-header-item-2\">\n<h2 style=\"color: #aecc53;\"><strong>Ryan King<\/strong><\/h2>\n<h3><em>Ryan est le responsable du segment de march\u00e9 pour les communaut\u00e9s nordiques et autochtones du secteur d\u2019affaires eau pour la r\u00e9gion Canada.<\/em><\/h3>\n<\/article>\n<\/section>\n                        <\/div>\n                                        <div class=\"cta-container\">\n\n                        <!-- add condition here -->\n                        \n                        <!-- add condition here -->\n                        \n\n                    <\/div>\n                    \n                <\/div>\n            <\/div>\n        <\/div>\n    <\/div>\n\n\n<div class=\"wp-block-columns aecom-centered-column is-layout-flex wp-container-core-columns-is-layout-9d6595d7 wp-block-columns-is-layout-flex\">\n<div class=\"wp-block-column is-layout-flow wp-block-column-is-layout-flow\" style=\"flex-basis:75%\">\n<div class=\"aecom-custom-block block-intro-text\" style=\"margin-top: 0px; margin-bottom: 40px\">\n    <p class=\"editor-emphasized\">\n        Notre <a href=\"https:\/\/aecom.com\/fr-ca\/people-spotlights-ca\/\" target=\"_blank\">s\u00e9rie Pleins feux sur les employ\u00e9s<\/a> vous donne un aper\u00e7u de nos experts techniques \u00e0 travers le pays. Cette semaine, nous vous pr\u00e9sentons le responsable du segment de march\u00e9 pour les communaut\u00e9s nordiques et autochtones du secteur d\u2019affaires eau pour la r\u00e9gion Canada, et nous vous donnons un aper\u00e7u de son inspiration et de son travail.    <\/p>\n<\/div>\n\n\n<p>Ryan King, qui a grandi sur une ferme du Sud-Ouest de la Saskatchewan, a \u00e9tudi\u00e9 le g\u00e9nie civil au Lethbridge&nbsp;College&nbsp;avant de revenir dans sa province natale pour \u00eatre pr\u00e8s de sa famille. Apr\u00e8s avoir exerc\u00e9 des fonctions int\u00e9rimaires \u00e0 la municipalit\u00e9 de Saskatoon, il a finalement int\u00e9gr\u00e9 l\u2019entreprise UMA Engineering, une soci\u00e9t\u00e9 d\u2019origine d\u2019AECOM, o\u00f9 il travaille depuis maintenant 25\u202fans.&nbsp;<\/p>\n\n\n\n<p>Ryan poss\u00e8de une vaste exp\u00e9rience de la conception pr\u00e9liminaire, de la conception d\u00e9taill\u00e9e et des services de construction pour les installations d\u2019approvisionnement en eau et de traitement des eaux us\u00e9es, le nivellement de sites, la gestion des eaux pluviales, les services d\u2019entretien des installations d\u2019eau et d\u2019\u00e9gouts sanitaires et les travaux routiers. Il \u00e9tait auparavant responsable du segment de l\u2019adduction chez AECOM au Canada et occupe depuis peu le poste de responsable du segment des communaut\u00e9s nordiques et autochtones. Dans le cadre de cette fonction, il se concentrera \u00e0 fournir des solutions pratiques et \u00e0 obtenir des r\u00e9sultats concrets dans les communaut\u00e9s du Nord. Il a su tisser des liens profonds et durables, notamment avec la Nation crie Peter&nbsp;Ballantyne, la bande indienne Lac La Ronge et la Ville de Yellowknife.&nbsp;<\/p>\n\n\n\n<hr class=\"wp-block-separator has-text-color has-alpha-channel-opacity has-background is-style-dots\" style=\"background-color:#008768;color:#008768\"\/>\n\n\n\n<h3 class=\"wp-block-heading\"><strong>Qu\u2019est-ce qui vous a inspir\u00e9 \u00e0 travailler dans ce domaine?<\/strong>&nbsp;<\/h3>\n\n\n\n<p>D\u00e8s la fin de mes \u00e9tudes secondaires, j\u2019ai travaill\u00e9 pour plusieurs entreprises de construction sur de grands projets commerciaux et institutionnels. J\u2019observais l\u2019ing\u00e9nieur ou l\u2019architecte venir sur place pour v\u00e9rifier leur conception et le travail que nous faisions. La possibilit\u00e9 d\u2019avoir la responsabilit\u00e9 et la libert\u00e9 de mener un projet du concept \u00e0 la r\u00e9alisation m\u2019a beaucoup int\u00e9ress\u00e9 et m\u2019a pouss\u00e9 \u00e0 me diriger vers le g\u00e9nie-conseil.&nbsp;<\/p>\n\n\n\n<div class=\"aecom-custom-block client-quote-block\" style=\"margin-top: 36px; margin-bottom: 36px\">\n    <p class=\"client-quote-text\" style=\"margin-top: 30px\";>\n        La possibilit\u00e9 d\u2019avoir la responsabilit\u00e9 et la libert\u00e9 de mener un projet du concept \u00e0 la r\u00e9alisation m\u2019a beaucoup int\u00e9ress\u00e9 et m\u2019a pouss\u00e9 \u00e0 me diriger vers le g\u00e9nie-conseil.    <\/p>\n    <p class=\"client-quote-author\">\n            <\/p>\n    <p class=\"client-quote-title\">\n            <\/p>\n<\/div>\n\n\n<h3 class=\"wp-block-heading\"><strong><strong><strong>Sur quel projet d\u2019AECOM avez-vous le plus aim\u00e9 travailler? Pourquoi?&nbsp;<\/strong><\/strong><\/strong><\/h3>\n\n\n\n<p>Je tiens \u00e0 dire que la plupart de mes projets ont une signification particuli\u00e8re. Toutefois, mon projet pr\u00e9f\u00e9r\u00e9 est probablement le projet r\u00e9gional d\u2019approvisionnement en eau de Saskatchewan Landing, pour lequel j\u2019ai occup\u00e9 les fonctions de gestionnaire et d\u2019ing\u00e9nieur de projet. Ce projet a permis de mettre en place un syst\u00e8me d\u2019approvisionnement en eau potable fiable et durable dans une vaste r\u00e9gion du Centre-Ouest de la Saskatchewan.&nbsp;&nbsp;<\/p>\n\n\n\n<p>Le projet a \u00e9t\u00e9 r\u00e9alis\u00e9 avec l\u2019un de nos plus anciens clients dans la ville de&nbsp;Rosetown, un partenariat qui nous a vraiment motiv\u00e9s \u00e0 mener \u00e0 bien ce travail. Je me souviens encore de ma premi\u00e8re rencontre avec le service des eaux, alors qu\u2019il venait tout juste de voir le jour. C\u2019\u00e9tait avant m\u00eame qu\u2019il n\u2019ait publi\u00e9 une demande de proposition technique. J\u2019ai ensuite particip\u00e9 \u00e0 toutes les \u00e9tapes du projet, jusqu\u2019\u00e0 la c\u00e9l\u00e9bration du 10<sup>e\u202f<\/sup>anniversaire de l\u2019ach\u00e8vement du projet.&nbsp;<\/p>\n\n\n\n<p>En sept ans, nous avons fourni une solution transformatrice\u202f: deux usines de traitement des eaux, cinq stations de surpression et r\u00e9servoirs, ainsi que 700\u202fkilom\u00e8tres de canalisations de transport et de distribution. Les retomb\u00e9es ont \u00e9t\u00e9 profondes et durables pour la communaut\u00e9. Nous sommes extr\u00eamement fiers d\u2019avoir aid\u00e9 la SLRWPU \u00e0 r\u00e9aliser sa vision et \u00e0 mener \u00e0 bien un projet qui continue d\u2019avoir une incidence tangible sur la vie des gens.&nbsp;<\/p>\n\n\n\n<div class=\"aecom-custom-block client-quote-block\" style=\"margin-top: 36px; margin-bottom: 36px\">\n    <p class=\"client-quote-text\" style=\"margin-top: 30px\";>\n        \u202fEn sept ans, nous avons fourni une solution transformatrice\u202f: deux usines de traitement des eaux, cinq stations de surpression et r\u00e9servoirs, ainsi que 700\u202fkilom\u00e8tres de canalisations de transport et de distribution. Nous sommes extr\u00eamement fiers d\u2019avoir aid\u00e9 la SLRWPU \u00e0 r\u00e9aliser sa vision et \u00e0 mener \u00e0 bien un projet qui continue d\u2019avoir une incidence tangible sur la vie des gens.    <\/p>\n    <p class=\"client-quote-author\">\n            <\/p>\n    <p class=\"client-quote-title\">\n            <\/p>\n<\/div>\n\n\n<h3 class=\"wp-block-heading\"><strong><strong><strong>Expliquez-nous en quoi votre travail a des retomb\u00e9es positives sur la collectivit\u00e9.<\/strong><\/strong><\/strong><\/h3>\n\n\n\n<p>Notre travail vise toujours \u00e0 changer les choses dans les communaut\u00e9s, mais un partenariat se d\u00e9marque particuli\u00e8rement. Au cours des 25\u202fderni\u00e8res ann\u00e9es, mes projets avec la Nation crie Peter&nbsp;Ballantyne&nbsp;(PBCN) me semblent avoir eu le plus d\u2019impact. Les infrastructures que nous avons mises en place dans plusieurs communaut\u00e9s de la PBCN apportent des avantages r\u00e9els et durables aux r\u00e9gions nordiques isol\u00e9es, qu\u2019il s\u2019agisse de fournir de l\u2019eau potable ou de cr\u00e9er de nouveaux lotissements ou logements. Ces am\u00e9liorations ont profond\u00e9ment influenc\u00e9 la qualit\u00e9 de vie des r\u00e9sidents, et la possibilit\u00e9 de contribuer \u00e0 cette transformation reste pour moi une source de grande satisfaction personnelle.&nbsp;<\/p>\n\n\n\n<div class=\"aecom-custom-block client-quote-block\" style=\"margin-top: 36px; margin-bottom: 36px\">\n    <p class=\"client-quote-text\" style=\"margin-top: 30px\";>\n        Au cours des 25\u202fderni\u00e8res ann\u00e9es, mes projets avec la Nation crie Peter Ballantyne (PBCN) me semblent avoir eu le plus d\u2019impact. Les infrastructures que nous avons mises en place dans plusieurs communaut\u00e9s de la PBCN apportent des avantages r\u00e9els et durables aux r\u00e9gions nordiques isol\u00e9es, qu\u2019il s\u2019agisse de fournir de l\u2019eau potable ou de cr\u00e9er de nouveaux lotissements ou logements.    <\/p>\n    <p class=\"client-quote-author\">\n            <\/p>\n    <p class=\"client-quote-title\">\n            <\/p>\n<\/div>\n\n\n<h3 class=\"wp-block-heading\"><strong><strong><strong>Quel conseil professionnel aimeriez-vous donner \u00e0 vos coll\u00e8gues?&nbsp;<\/strong><\/strong><\/strong><\/h3>\n\n\n\n<p>Mon conseil est de profiter de votre parcours professionnel. Je n\u2019ai jamais cherch\u00e9 \u00e0 obtenir diff\u00e9rents postes ou responsabilit\u00e9s au sein de notre entreprise. J\u2019ai fait tous les efforts possibles pour \u00eatre un ing\u00e9nieur-conseil irr\u00e9prochable, en fournissant des conseils avis\u00e9s et un service exceptionnel \u00e0 mes clients, en les \u00e9coutant attentivement et en r\u00e9pondant \u00e0 leurs besoins, en particulier ceux de nos clients de longue date.&nbsp;&nbsp;<\/p>\n\n\n\n<div class=\"wp-block-columns is-layout-flex wp-container-core-columns-is-layout-9d6595d7 wp-block-columns-is-layout-flex\">\n<div class=\"wp-block-column is-layout-flow wp-block-column-is-layout-flow\">\n<figure class=\"wp-block-gallery has-nested-images columns-2 is-cropped wp-block-gallery-1 is-layout-flex wp-block-gallery-is-layout-flex\">\n<figure class=\"wp-block-image size-large\"><img decoding=\"async\" data-id=\"187440\" src=\"https:\/\/aecom.com\/content\/wp-content\/uploads\/2025\/12\/20190920_145907-1-1024x768.jpg\" alt=\"\" class=\"wp-image-187440\"\/><\/figure>\n\n\n\n<figure class=\"wp-block-image size-large\"><img decoding=\"async\" data-id=\"187441\" src=\"https:\/\/aecom.com\/content\/wp-content\/uploads\/2025\/12\/Elrose_North_Water_Plant_201707-3-1-1024x683.jpg\" alt=\"\" class=\"wp-image-187441\"\/><\/figure>\n\n\n\n<figure class=\"wp-block-image size-large\"><img decoding=\"async\" data-id=\"187442\" src=\"https:\/\/aecom.com\/content\/wp-content\/uploads\/2025\/12\/Kyle_South_Water_Plant_201707-2-1024x683.jpg\" alt=\"\" class=\"wp-image-187442\"\/><\/figure>\n\n\n\n<figure class=\"wp-block-image size-large\"><img decoding=\"async\" data-id=\"187443\" src=\"https:\/\/aecom.com\/content\/wp-content\/uploads\/2025\/12\/MAX_4815-1-1024x683.jpg\" alt=\"\" class=\"wp-image-187443\"\/><\/figure>\n\n\n\n<figure class=\"wp-block-image size-large\"><img decoding=\"async\" data-id=\"187444\" src=\"https:\/\/aecom.com\/content\/wp-content\/uploads\/2025\/12\/PA-2-1024x768.jpg\" alt=\"\" class=\"wp-image-187444\"\/><\/figure>\n\n\n\n<figure class=\"wp-block-image size-large\"><img decoding=\"async\" data-id=\"187445\" src=\"https:\/\/aecom.com\/content\/wp-content\/uploads\/2025\/12\/53-70hp-Raw-Water-Pumps-and-Process-Piping-1024x768.jpg\" alt=\"\" class=\"wp-image-187445\"\/><\/figure>\n<\/figure>\n<\/div>\n<\/div>\n\n\n\n<div style=\"height:36px\" aria-hidden=\"true\" class=\"wp-block-spacer\"><\/div>\n\n\n\n<h3 class=\"wp-block-heading\"><strong><strong><strong><strong>Pleins feux en vedette<\/strong><\/strong><\/strong><\/strong><\/h3>\n\n\n\n<div class=\"wp-block-columns is-layout-flex wp-container-core-columns-is-layout-9d6595d7 wp-block-columns-is-layout-flex\">\n<div class=\"wp-block-column is-layout-flow wp-block-column-is-layout-flow\">    <div class=\"aecom-custom-block single-promo-block\" style=\"background-color: #00353e;margin-top: 0px; margin-bottom: 40px;\">\n                    <div class=\"promo-bg\" style=\"background-image: url('https:\/\/aecom.com\/fr-ca\/wp-content\/uploads\/2025\/08\/Ind-Pic-2-e1755541925305.jpg');opacity: 30%\"><\/div>\n                            <div class=\"promo-content\">\n                <h4>Pleins feux sur les employ\u00e9s :<\/h4>\n                <h2>Voici Daniel Charbonneau<\/h2>\n                <p>Daniel  est un fier Algonquin (Anichinab\u00e9) et un gestionnaire de projet de r\u00e9conciliation de la r\u00e9gion Canada.<\/p>\n                <div class=\"promo-link\">\n                    <a href=\"\/fr-ca\/people-spotlight-meet-ryan-king\/\"  class=\"aecom-global-cta aecom-global-cta-bold aecom-global-cta-sml aecom-global-cta-e-green-solid\">Lire la suite<\/a>\n                <\/div>\n            <\/div>\n            <\/div><\/div>\n\n\n\n<div class=\"wp-block-column is-layout-flow wp-block-column-is-layout-flow\">    <div class=\"aecom-custom-block single-promo-block\" style=\"background-color: #00353e;margin-top: 0px; margin-bottom: 40px;\">\n                    <div class=\"promo-bg\" style=\"background-image: url('https:\/\/aecom.com\/fr-ca\/wp-content\/uploads\/2025\/08\/gh3-Warehouse_Park-02-1.jpg');opacity: 30%\"><\/div>\n                            <div class=\"promo-content\">\n                <h4>Pleins feux sur les employ\u00e9s :<\/h4>\n                <h2>Voici Jeff Chan<\/h2>\n                <p>Jeff est un ing\u00e9nieur en structures de notre secteur d\u2019affaires b\u00e2timents + am\u00e9nagements de la r\u00e9gion Canada.<\/p>\n                <div class=\"promo-link\">\n                    <a href=\"\/fr-ca\/people-spotlight-meet-jeff-chan\/\"  class=\"aecom-global-cta aecom-global-cta-bold aecom-global-cta-sml aecom-global-cta-e-green-solid\">Lire la suite<\/a>\n                <\/div>\n            <\/div>\n            <\/div><\/div>\n\n\n\n<div class=\"wp-block-column is-layout-flow wp-block-column-is-layout-flow\">    <div class=\"aecom-custom-block single-promo-block\" style=\"background-color: #00353e;margin-top: 0px; margin-bottom: 40px;\">\n                    <div class=\"promo-bg\" style=\"background-image: url('https:\/\/aecom.com\/fr-ca\/wp-content\/uploads\/2024\/12\/AnnaCleaverProject-1.jpg');opacity: 30%\"><\/div>\n                            <div class=\"promo-content\">\n                <h4>Pleins feux sur les employ\u00e9s :<\/h4>\n                <h2>Voici Anna Cleaver<\/h2>\n                <p>Anna est une ing\u00e9nieure en traitement des eaux us\u00e9es et responsable du segment des eaux us\u00e9es au Canada.<\/p>\n                <div class=\"promo-link\">\n                    <a href=\"\/fr-ca\/people-spotlight-meet-anna-cleaver\/\"  class=\"aecom-global-cta aecom-global-cta-bold aecom-global-cta-sml aecom-global-cta-e-green-solid\">Lire la suite<\/a>\n                <\/div>\n            <\/div>\n            <\/div><\/div>\n<\/div>\n<\/div>\n\n\n\n<div class=\"wp-block-column is-layout-flow wp-block-column-is-layout-flow\" style=\"flex-basis:25%\">\n<h3 class=\"wp-block-heading\"><strong><strong>Suivez nos derni\u00e8res mises \u00e0 jour<\/strong><\/strong><\/h3>\n\n\n\n<div class=\"wp-block-columns conference-social-sidebar is-layout-flex wp-container-core-columns-is-layout-9d6595d7 wp-block-columns-is-layout-flex\">\n<div class=\"wp-block-column is-vertically-aligned-top is-layout-flow wp-block-column-is-layout-flow\" style=\"flex-basis:17%\">\n<figure class=\"wp-block-image size-full\"><a href=\"https:\/\/www.linkedin.com\/company\/aecom\/mycompany\/\" target=\"_blank\" rel=\"noopener\"><img decoding=\"async\" src=\"https:\/\/aecom.com\/content\/wp-content\/uploads\/2024\/09\/2024-icon-linkedin.png\" alt=\"\" class=\"wp-image-132875\"\/><\/a><\/figure>\n<\/div>\n\n\n\n<div class=\"wp-block-column is-vertically-aligned-top is-layout-flow wp-block-column-is-layout-flow\" style=\"flex-basis:83%\">\n<p>AECOM sur LinkedIn<\/p>\n<\/div>\n<\/div>\n\n\n\n<div class=\"wp-block-columns conference-social-sidebar is-layout-flex wp-container-core-columns-is-layout-9d6595d7 wp-block-columns-is-layout-flex\">\n<div class=\"wp-block-column is-vertically-aligned-top is-layout-flow wp-block-column-is-layout-flow\" style=\"flex-basis:17%\">\n<figure class=\"wp-block-image size-full\"><a href=\"https:\/\/www.linkedin.com\/in\/ryan-king-b5059686\/ \" target=\"_blank\" rel=\"noopener\"><img decoding=\"async\" src=\"https:\/\/aecom.com\/content\/wp-content\/uploads\/2024\/09\/2024-icon-linkedin.png\" alt=\"\" class=\"wp-image-132875\"\/><\/a><\/figure>\n<\/div>\n\n\n\n<div class=\"wp-block-column is-vertically-aligned-top is-layout-flow wp-block-column-is-layout-flow\" style=\"flex-basis:83%\">\n<p>Ryan King sur LinkedIn<\/p>\n<\/div>\n<\/div>\n\n\n\n<div style=\"height:12px\" aria-hidden=\"true\" class=\"wp-block-spacer\"><\/div>\n\n\n\n<div class=\"aecom-custom-block aecom-careers-sidebar-button\">\n  <ul class=\"sidebar-cta-buttons\">\n          <li class=\"sidebar-cta-btn\">\n        <a href=\"\/fr-ca\/people-spotlights-ca\/\" class=\"cta-btn-label\">\n            <div class=\"label-container\">\n            <h4>Voir nos autres Pleins feux sur les employ\u00e9s <\/h4>\n                            <p>Cliquez ici <i class=\"fas fa-chevron-right\"><\/i><\/p>\n                        <\/div>\n        <\/a>\n      <\/li>\n    \n  <\/ul>\n<\/div><\/div>\n<\/div>\n","protected":false},"excerpt":{"rendered":"<p>Ryan King, qui a grandi sur une ferme du Sud-Ouest de la Saskatchewan, a \u00e9tudi\u00e9 le g\u00e9nie civil au Lethbridge&nbsp;College&nbsp;avant de revenir dans sa province natale pour \u00eatre pr\u00e8s de sa famille. Apr\u00e8s avoir exerc\u00e9 des fonctions int\u00e9rimaires \u00e0 la municipalit\u00e9 de Saskatoon, il a finalement int\u00e9gr\u00e9 l\u2019entreprise UMA Engineering, une soci\u00e9t\u00e9 d\u2019origine d\u2019AECOM, o\u00f9&#8230;<\/p>\n","protected":false},"author":701,"featured_media":8231,"parent":0,"menu_order":0,"comment_status":"closed","ping_status":"closed","template":"views\/page-careers.blade.php","meta":{"_acf_changed":false,"footnotes":""},"yst_prominent_words":[],"class_list":["post-8223","page","type-page","status-publish","has-post-thumbnail","hentry"],"acf":[],"_links":{"self":[{"href":"https:\/\/aecom.com\/fr-ca\/wp-json\/wp\/v2\/pages\/8223","targetHints":{"allow":["GET"]}}],"collection":[{"href":"https:\/\/aecom.com\/fr-ca\/wp-json\/wp\/v2\/pages"}],"about":[{"href":"https:\/\/aecom.com\/fr-ca\/wp-json\/wp\/v2\/types\/page"}],"author":[{"embeddable":true,"href":"https:\/\/aecom.com\/fr-ca\/wp-json\/wp\/v2\/users\/701"}],"replies":[{"embeddable":true,"href":"https:\/\/aecom.com\/fr-ca\/wp-json\/wp\/v2\/comments?post=8223"}],"version-history":[{"count":12,"href":"https:\/\/aecom.com\/fr-ca\/wp-json\/wp\/v2\/pages\/8223\/revisions"}],"predecessor-version":[{"id":8796,"href":"https:\/\/aecom.com\/fr-ca\/wp-json\/wp\/v2\/pages\/8223\/revisions\/8796"}],"wp:featuredmedia":[{"embeddable":true,"href":"https:\/\/aecom.com\/fr-ca\/wp-json\/wp\/v2\/media\/8231"}],"wp:attachment":[{"href":"https:\/\/aecom.com\/fr-ca\/wp-json\/wp\/v2\/media?parent=8223"}],"wp:term":[{"taxonomy":"yst_prominent_words","embeddable":true,"href":"https:\/\/aecom.com\/fr-ca\/wp-json\/wp\/v2\/yst_prominent_words?post=8223"}],"curies":[{"name":"wp","href":"https:\/\/api.w.org\/{rel}","templated":true}]}}