{"id":8245,"date":"2025-12-18T18:34:13","date_gmt":"2025-12-18T18:34:13","guid":{"rendered":"https:\/\/aecom.com\/fr-ca\/justin-trevan-2\/"},"modified":"2025-12-18T21:40:03","modified_gmt":"2025-12-18T21:40:03","slug":"justin-trevan","status":"publish","type":"page","link":"https:\/\/aecom.com\/fr-ca\/about-us\/our-leadership\/justin-trevan\/","title":{"rendered":"Justin Trevan"},"content":{"rendered":"\n<div class=\"wp-block-columns is-layout-flex wp-container-core-columns-is-layout-9d6595d7 wp-block-columns-is-layout-flex\">\n<div class=\"wp-block-column is-layout-flow wp-block-column-is-layout-flow\" style=\"flex-basis:66.66%\">\n<div class=\"wp-block-columns is-layout-flex wp-container-core-columns-is-layout-9d6595d7 wp-block-columns-is-layout-flex\">\n<div class=\"wp-block-column is-layout-flow wp-block-column-is-layout-flow\" style=\"flex-basis:33%\">\n<figure class=\"wp-block-image size-full\"><img decoding=\"async\" src=\"https:\/\/aecom.com\/content\/wp-content\/uploads\/2025\/12\/justin-trevan.com_.jpg\" alt=\"\" class=\"wp-image-187517\"\/><\/figure>\n<\/div>\n\n\n\n<div class=\"wp-block-column is-layout-flow wp-block-column-is-layout-flow\">\n<h3 class=\"wp-block-heading\">Justin Trevan<\/h3>\n\n\n\n<p>Vice-pr\u00e9sident principal, Strat\u00e9gie, croissance et innovation | Responsable du secteur d\u2019affaires services-conseils\u00a0<\/p>\n<\/div>\n<\/div>\n\n\n\n<div class=\"aecom-custom-block block-intro-text\" style=\"margin-top: 0px; margin-bottom: 40px\">\n    <p class=\"editor-emphasized\">\n        Justin\u202fTrevan est vice-pr\u00e9sident principal, Strat\u00e9gie, croissance et innovation, et responsable du secteur d\u2019affaires des services-conseils d\u2019AECOM, la soci\u00e9t\u00e9 de services-conseils en infrastructures de renomm\u00e9e mondiale qui fournit des services professionnels tout au long du cycle de vie des projets, de la consultation \u00e0 la planification, en passant par la conception, l\u2019ing\u00e9nierie et la gestion des programmes et de la construction.     <\/p>\n<\/div>\n\n\n<p>\u00c0 ce poste, M.\u202fTrevan&nbsp;m\u00e8ne la strat\u00e9gie et stimule la croissance de l\u2019entreprise dans tous les services et toutes les expertises. Il cherche constamment \u00e0 \u00e9laborer et \u00e0 mettre en \u0153uvre de nouveaux services novateurs, en tirant parti de son leadership d\u2019opinion et de ses comp\u00e9tences en gestion des relations strat\u00e9giques, pour instaurer une culture de croissance et offrir l\u2019excellence \u00e0 nos clients. Il supervise \u00e9galement le plus important compte client d\u2019AECOM et d\u2019importants programmes d\u2019occasions d\u2019affaires en plus de g\u00e9rer le secteur de services-conseils d\u2019AECOM au Canada, le nouveau secteur d\u2019affaires d\u2019AECOM de services-conseils en mati\u00e8re d\u2019infrastructures.&nbsp;<\/p>\n\n\n\n<p>En tant que chef de file de l\u2019industrie dans le secteur des services-conseils num\u00e9riques, M.\u202fTrevan&nbsp;a pass\u00e9 plus de 20\u202fans \u00e0 int\u00e9grer la technologie \u00e0 l\u2019environnement b\u00e2ti. Son exp\u00e9rience couvre l\u2019ensemble du spectre technologique \u2013 il a lanc\u00e9 une entreprise en d\u00e9marrage, a particip\u00e9 \u00e0 l\u2019acc\u00e9l\u00e9rateur technologique&nbsp;Newchip&nbsp;aux \u00c9tats-Unis, a conseill\u00e9 plusieurs organisations et a si\u00e9g\u00e9 \u00e0 divers conseils d\u2019administration qui stimulent la transformation num\u00e9rique et la restructuration op\u00e9rationnelle. Cette vaste exp\u00e9rience lui permet de bien comprendre les strat\u00e9gies d\u2019innovation propres \u00e0 divers march\u00e9s et \u00e0 divers profils de clients, en plus d\u2019\u00eatre en mesure de diriger les initiatives de transformation avec succ\u00e8s.&nbsp;<\/p>\n\n\n\n<p>Il a publi\u00e9 plusieurs articles de leadership d\u2019opinion aupr\u00e8s d\u2019organisations de premier plan de l\u2019industrie, comme l\u2019Institution of Civil&nbsp;Engineers, et pr\u00e9sid\u00e9 le comit\u00e9 d\u2019innovation de la Chambre de commerce de la r\u00e9gion de Toronto, au sein duquel il a dirig\u00e9 les initiatives num\u00e9riques de la&nbsp;Ville.<\/p>\n\n\n\n    <div class=\"aecom-custom-block block-cta-button\" style=\"margin-top: 40px;\">\n        <a href=\"https:\/\/aecom.com\/fr-ca\/about-us\/our-leadership\/\" class=\"aecom-default-cta aecom-global-cta-e-green-transparent aecom-global-cta-sml aecom-global-cta-bold aecom-global-cta aecom-global-cta-bold\"  >Retour \u00e0 la direction d\u2019AECOM  <svg data-name=\"Layer 1\" xmlns=\"http:\/\/www.w3.org\/2000\/svg\" viewBox=\"0 0 31.4 29.8\"><g data-name=\"Group 31\"><g data-name=\"Group 30\"><g data-name=\"Group 29\"><path data-name=\"Path 49\" d=\"M31.4 14.1h-3.1a12.6 12.6 0 0 1-25.2 0H0a15.7 15.7 0 1 0 31.4 0m-15.7 7 7.4-7.4-2.2-2.2-3.6 3.6V0h-3.1v15l-3.6-3.6-2.2 2.2 7.4 7.4Z\" fill=\"currentColor\"\/><\/g><\/g><\/g><\/svg><\/a>\n    <\/div>\n<\/div>\n\n\n\n<div class=\"wp-block-column is-layout-flow wp-block-column-is-layout-flow\" style=\"flex-basis:33.33%\">\n<h3 class=\"wp-block-heading has-text-color\" style=\"color:#008768\"><strong>\u00c9ducation<\/strong><\/h3>\n\n\n\n<p>Universit\u00e9 de Surrey, ma\u00eetrise en ing\u00e9nierie\u00a0<\/p>\n\n\n\n<h3 class=\"wp-block-heading has-text-color\" style=\"color:#008768\"><strong>Affiliations<\/strong><\/h3>\n\n\n\n<p>Ing\u00e9nieur brevet\u00e9, Institut d\u2019ing\u00e9nierie et de technologie du Royaume-Uni\u00a0<\/p>\n\n\n\n<p>Professionnel sp\u00e9cialis\u00e9 dans les cha\u00eenes de\u00a0blocs accr\u00e9dit\u00e9\u00a0par CIO\u00a0<\/p>\n\n\n\n<p>Associ\u00e9 en conception accr\u00e9dit\u00e9 par Cisco\u00a0<\/p>\n<\/div>\n<\/div>\n\n\n\n<p><\/p>\n","protected":false},"excerpt":{"rendered":"<p>Justin Trevan Vice-pr\u00e9sident principal, Strat\u00e9gie, croissance et innovation | Responsable du secteur d\u2019affaires services-conseils\u00a0 \u00c0 ce poste, M.\u202fTrevan&nbsp;m\u00e8ne la strat\u00e9gie et stimule la croissance de l\u2019entreprise dans tous les services et toutes les expertises. Il cherche constamment \u00e0 \u00e9laborer et \u00e0 mettre en \u0153uvre de nouveaux services novateurs, en tirant parti de son leadership d\u2019opinion&#8230;<\/p>\n","protected":false},"author":701,"featured_media":8247,"parent":908,"menu_order":0,"comment_status":"closed","ping_status":"closed","template":"","meta":{"_acf_changed":false,"footnotes":""},"yst_prominent_words":[],"class_list":["post-8245","page","type-page","status-publish","has-post-thumbnail","hentry"],"acf":[],"_links":{"self":[{"href":"https:\/\/aecom.com\/fr-ca\/wp-json\/wp\/v2\/pages\/8245","targetHints":{"allow":["GET"]}}],"collection":[{"href":"https:\/\/aecom.com\/fr-ca\/wp-json\/wp\/v2\/pages"}],"about":[{"href":"https:\/\/aecom.com\/fr-ca\/wp-json\/wp\/v2\/types\/page"}],"author":[{"embeddable":true,"href":"https:\/\/aecom.com\/fr-ca\/wp-json\/wp\/v2\/users\/701"}],"replies":[{"embeddable":true,"href":"https:\/\/aecom.com\/fr-ca\/wp-json\/wp\/v2\/comments?post=8245"}],"version-history":[{"count":14,"href":"https:\/\/aecom.com\/fr-ca\/wp-json\/wp\/v2\/pages\/8245\/revisions"}],"predecessor-version":[{"id":8272,"href":"https:\/\/aecom.com\/fr-ca\/wp-json\/wp\/v2\/pages\/8245\/revisions\/8272"}],"up":[{"embeddable":true,"href":"https:\/\/aecom.com\/fr-ca\/wp-json\/wp\/v2\/pages\/908"}],"wp:featuredmedia":[{"embeddable":true,"href":"https:\/\/aecom.com\/fr-ca\/wp-json\/wp\/v2\/media\/8247"}],"wp:attachment":[{"href":"https:\/\/aecom.com\/fr-ca\/wp-json\/wp\/v2\/media?parent=8245"}],"wp:term":[{"taxonomy":"yst_prominent_words","embeddable":true,"href":"https:\/\/aecom.com\/fr-ca\/wp-json\/wp\/v2\/yst_prominent_words?post=8245"}],"curies":[{"name":"wp","href":"https:\/\/api.w.org\/{rel}","templated":true}]}}