{"id":8275,"date":"2026-01-13T20:12:30","date_gmt":"2026-01-13T20:12:30","guid":{"rendered":"https:\/\/aecom.com\/fr-ca\/joanne-mccall\/"},"modified":"2026-01-13T21:03:40","modified_gmt":"2026-01-13T21:03:40","slug":"joanne-mccall","status":"publish","type":"page","link":"https:\/\/aecom.com\/fr-ca\/about-us\/our-leadership\/joanne-mccall\/","title":{"rendered":"Joanne McCall"},"content":{"rendered":"\n<div class=\"wp-block-columns is-layout-flex wp-container-core-columns-is-layout-9d6595d7 wp-block-columns-is-layout-flex\">\n<div class=\"wp-block-column is-layout-flow wp-block-column-is-layout-flow\" style=\"flex-basis:66.66%\">\n<div class=\"wp-block-columns is-layout-flex wp-container-core-columns-is-layout-9d6595d7 wp-block-columns-is-layout-flex\">\n<div class=\"wp-block-column is-layout-flow wp-block-column-is-layout-flow\" style=\"flex-basis:33%\">\n<figure class=\"wp-block-image size-full\"><img decoding=\"async\" src=\"https:\/\/aecom.com\/content\/wp-content\/uploads\/2026\/01\/joanne-mccall.jpg\" alt=\"\" class=\"wp-image-188115\"\/><\/figure>\n<\/div>\n\n\n\n<div class=\"wp-block-column is-layout-flow wp-block-column-is-layout-flow\">\n<h3 class=\"wp-block-heading\">Joanne McCall<\/h3>\n\n\n\n<p>Vice-pr\u00e9sidente principale, responsable du secteur d\u2019affaires transport\u00a0<\/p>\n<\/div>\n<\/div>\n\n\n\n<div class=\"aecom-custom-block block-intro-text\" style=\"margin-top: 0px; margin-bottom: 40px\">\n    <p class=\"editor-emphasized\">\n        Joanne\u202fMcCall est vice-pr\u00e9sidente principale et responsable du secteur d\u2019affaires transport d\u2019AECOM, la soci\u00e9t\u00e9 de services-conseils en infrastructures de renomm\u00e9e mondiale qui fournit des services professionnels tout au long du cycle de vie des projets, de la consultation \u00e0 la planification, en passant par la conception, l\u2019ing\u00e9nierie et la gestion des programmes et de la construction.     <\/p>\n<\/div>\n\n\n<p>\u00c0 ce poste,&nbsp;elle favorise la croissance du secteur et les priorit\u00e9s strat\u00e9giques partout dans la r\u00e9gion, tout en veillant \u00e0 ce qu\u2019AECOM continue de r\u00e9pondre \u00e0 l\u2019\u00e9volution des besoins des clients. Le style de leadership pratique de Joanne contribue grandement \u00e0 instaurer une culture de collaboration, \u00e0 favoriser l\u2019innovation et \u00e0 assurer une croissance durable \u00e0 long terme au sein de l\u2019entreprise.&nbsp;<\/p>\n\n\n\n<p>Mme\u202fMcCall compte plus de 30\u202fans d\u2019exp\u00e9rience dans le secteur des transports et des infrastructures au Canada, aux \u00c9tats-Unis et dans le monde. Elle a occup\u00e9 le r\u00f4le de directrice chez&nbsp;Mott\u202fMacDonald et Parsons, o\u00f9 elle a travaill\u00e9 sur l\u2019obtention et la mise en \u0153uvre de projets d\u2019envergure. Elle a stimul\u00e9 une croissance exceptionnelle sur le march\u00e9 canadien en cultivant des r\u00e9seaux industriels et en obtenant des r\u00f4les cl\u00e9s dans des projets d\u2019envergure, notamment celui du pont international Gordie Howe et de l\u2019expansion du m\u00e9tro de Scarborough.&nbsp;<\/p>\n\n\n\n<p>Outre ses r\u00e9alisations professionnelles, Mme\u202fMcCall d\u00e9fend ardemment l\u2019encadrement et le mentorat des jeunes professionnels et soutient sa communaut\u00e9, notamment en s\u2019engageant aupr\u00e8s de plusieurs organismes de charit\u00e9. Elle est \u00e9galement membre du conseil consultatif strat\u00e9gique d\u2019Engineers&nbsp;in Action.&nbsp;<\/p>\n\n\n\n    <div class=\"aecom-custom-block block-cta-button\" style=\"margin-top: 40px;\">\n        <a href=\"https:\/\/aecom.com\/fr-ca\/about-us\/our-leadership\/\" class=\"aecom-default-cta aecom-global-cta-e-green-transparent aecom-global-cta-sml aecom-global-cta-bold aecom-global-cta aecom-global-cta-bold\"  >Retour \u00e0 la direction d\u2019AECOM  <svg data-name=\"Layer 1\" xmlns=\"http:\/\/www.w3.org\/2000\/svg\" viewBox=\"0 0 31.4 29.8\"><g data-name=\"Group 31\"><g data-name=\"Group 30\"><g data-name=\"Group 29\"><path data-name=\"Path 49\" d=\"M31.4 14.1h-3.1a12.6 12.6 0 0 1-25.2 0H0a15.7 15.7 0 1 0 31.4 0m-15.7 7 7.4-7.4-2.2-2.2-3.6 3.6V0h-3.1v15l-3.6-3.6-2.2 2.2 7.4 7.4Z\" fill=\"currentColor\"\/><\/g><\/g><\/g><\/svg><\/a>\n    <\/div>\n<\/div>\n\n\n\n<div class=\"wp-block-column is-layout-flow wp-block-column-is-layout-flow\" style=\"flex-basis:33.33%\">\n<h3 class=\"wp-block-heading has-text-color\" style=\"color:#008768\"><strong>\u00c9ducation<\/strong><\/h3>\n\n\n\n<p>Universit\u00e9 de Toronto, \u00c9cole de gestion&nbsp;Rotman, ma\u00eetrise en administration des affaires&nbsp;<\/p>\n\n\n\n<p>Universit\u00e9 McGill, baccalaur\u00e9at en g\u00e9nie civil&nbsp;<\/p>\n\n\n\n<h3 class=\"wp-block-heading has-text-color\" style=\"color:#008768\"><\/h3>\n<\/div>\n<\/div>\n\n\n\n<p><\/p>\n","protected":false},"excerpt":{"rendered":"<p>Joanne McCall Vice-pr\u00e9sidente principale, responsable du secteur d\u2019affaires transport\u00a0 \u00c0 ce poste,&nbsp;elle favorise la croissance du secteur et les priorit\u00e9s strat\u00e9giques partout dans la r\u00e9gion, tout en veillant \u00e0 ce qu\u2019AECOM continue de r\u00e9pondre \u00e0 l\u2019\u00e9volution des besoins des clients. Le style de leadership pratique de Joanne contribue grandement \u00e0 instaurer une culture de collaboration,&#8230;<\/p>\n","protected":false},"author":701,"featured_media":0,"parent":908,"menu_order":0,"comment_status":"closed","ping_status":"closed","template":"","meta":{"_acf_changed":false,"footnotes":""},"yst_prominent_words":[],"class_list":["post-8275","page","type-page","status-publish","hentry"],"acf":[],"_links":{"self":[{"href":"https:\/\/aecom.com\/fr-ca\/wp-json\/wp\/v2\/pages\/8275","targetHints":{"allow":["GET"]}}],"collection":[{"href":"https:\/\/aecom.com\/fr-ca\/wp-json\/wp\/v2\/pages"}],"about":[{"href":"https:\/\/aecom.com\/fr-ca\/wp-json\/wp\/v2\/types\/page"}],"author":[{"embeddable":true,"href":"https:\/\/aecom.com\/fr-ca\/wp-json\/wp\/v2\/users\/701"}],"replies":[{"embeddable":true,"href":"https:\/\/aecom.com\/fr-ca\/wp-json\/wp\/v2\/comments?post=8275"}],"version-history":[{"count":10,"href":"https:\/\/aecom.com\/fr-ca\/wp-json\/wp\/v2\/pages\/8275\/revisions"}],"predecessor-version":[{"id":8308,"href":"https:\/\/aecom.com\/fr-ca\/wp-json\/wp\/v2\/pages\/8275\/revisions\/8308"}],"up":[{"embeddable":true,"href":"https:\/\/aecom.com\/fr-ca\/wp-json\/wp\/v2\/pages\/908"}],"wp:attachment":[{"href":"https:\/\/aecom.com\/fr-ca\/wp-json\/wp\/v2\/media?parent=8275"}],"wp:term":[{"taxonomy":"yst_prominent_words","embeddable":true,"href":"https:\/\/aecom.com\/fr-ca\/wp-json\/wp\/v2\/yst_prominent_words?post=8275"}],"curies":[{"name":"wp","href":"https:\/\/api.w.org\/{rel}","templated":true}]}}