{"id":8294,"date":"2026-01-13T20:45:32","date_gmt":"2026-01-13T20:45:32","guid":{"rendered":"https:\/\/aecom.com\/fr-ca\/jonathon-preston\/"},"modified":"2026-01-13T21:03:16","modified_gmt":"2026-01-13T21:03:16","slug":"jonathon-preston","status":"publish","type":"page","link":"https:\/\/aecom.com\/fr-ca\/about-us\/our-leadership\/jonathon-preston\/","title":{"rendered":"Jonathon Preston\u00a0"},"content":{"rendered":"\n<div class=\"wp-block-columns is-layout-flex wp-container-core-columns-is-layout-9d6595d7 wp-block-columns-is-layout-flex\">\n<div class=\"wp-block-column is-layout-flow wp-block-column-is-layout-flow\" style=\"flex-basis:66.66%\">\n<div class=\"wp-block-columns is-layout-flex wp-container-core-columns-is-layout-9d6595d7 wp-block-columns-is-layout-flex\">\n<div class=\"wp-block-column is-layout-flow wp-block-column-is-layout-flow\" style=\"flex-basis:33%\">\n<figure class=\"wp-block-image size-full\"><img decoding=\"async\" src=\"https:\/\/aecom.com\/content\/wp-content\/uploads\/2026\/01\/preston-jonathan-web.png\" alt=\"\" class=\"wp-image-188123\"\/><\/figure>\n<\/div>\n\n\n\n<div class=\"wp-block-column is-layout-flow wp-block-column-is-layout-flow\">\n<h3 class=\"wp-block-heading\"><strong>Jonathon Preston<\/strong>&nbsp;<\/h3>\n\n\n\n<p>Vice-pr\u00e9sident, services gouvernementaux f\u00e9d\u00e9raux, Canada\u00a0<\/p>\n<\/div>\n<\/div>\n\n\n\n<div class=\"aecom-custom-block block-intro-text\" style=\"margin-top: 0px; margin-bottom: 40px\">\n    <p class=\"editor-emphasized\">\n        Jonathon\u202fPreston est vice-pr\u00e9sident, services gouvernementaux f\u00e9d\u00e9raux au Canada pour AECOM, la soci\u00e9t\u00e9 de services-conseils en infrastructures de renomm\u00e9e mondiale qui fournit des services professionnels tout au long du cycle de vie des projets, de la consultation \u00e0 la planification, en passant par la conception, l\u2019ing\u00e9nierie et la gestion des programmes et de la construction.     <\/p>\n<\/div>\n\n\n<p>\u00c0 ce poste, M.\u202fPreston assume la direction des comptes, des programmes et des projets du compte du gouvernement f\u00e9d\u00e9ral canadien chez AECOM. Il coordonne la prestation des services g\u00e9n\u00e9raux d\u2019AECOM aupr\u00e8s des march\u00e9s industriels, f\u00e9d\u00e9raux et d\u2019autres gouvernements canadiens.&nbsp;<\/p>\n\n\n\n<p>M.\u202fPreston s\u2019est joint \u00e0 AECOM en\u202f2024 \u00e0 titre de gestionnaire du compte client de la d\u00e9fense. Il poss\u00e8de une vaste exp\u00e9rience professionnelle aupr\u00e8s des organismes de d\u00e9fense au Canada, puisqu\u2019il a auparavant travaill\u00e9 chez Construction de D\u00e9fense Canada ainsi qu\u2019au minist\u00e8re de la D\u00e9fense nationale. Il a \u00e9galement collabor\u00e9 avec d\u2019autres minist\u00e8res dans le cadre du poste qu\u2019il a occup\u00e9 aupr\u00e8s de P\u00eaches et Oc\u00e9ans Canada. C\u2019est un sp\u00e9cialiste des infrastructures et de l\u2019environnement poss\u00e9dant 27\u202fans d\u2019exp\u00e9rience en leadership dans les secteurs public et priv\u00e9 et est un officier militaire \u00e0 la retraite.&nbsp;<\/p>\n\n\n\n    <div class=\"aecom-custom-block block-cta-button\" style=\"margin-top: 40px;\">\n        <a href=\"https:\/\/aecom.com\/fr-ca\/about-us\/our-leadership\/\" class=\"aecom-default-cta aecom-global-cta-e-green-transparent aecom-global-cta-sml aecom-global-cta-bold aecom-global-cta aecom-global-cta-bold\"  >Retour \u00e0 la direction d\u2019AECOM  <svg data-name=\"Layer 1\" xmlns=\"http:\/\/www.w3.org\/2000\/svg\" viewBox=\"0 0 31.4 29.8\"><g data-name=\"Group 31\"><g data-name=\"Group 30\"><g data-name=\"Group 29\"><path data-name=\"Path 49\" d=\"M31.4 14.1h-3.1a12.6 12.6 0 0 1-25.2 0H0a15.7 15.7 0 1 0 31.4 0m-15.7 7 7.4-7.4-2.2-2.2-3.6 3.6V0h-3.1v15l-3.6-3.6-2.2 2.2 7.4 7.4Z\" fill=\"currentColor\"\/><\/g><\/g><\/g><\/svg><\/a>\n    <\/div>\n<\/div>\n\n\n\n<div class=\"wp-block-column is-layout-flow wp-block-column-is-layout-flow\" style=\"flex-basis:33.33%\">\n<h3 class=\"wp-block-heading has-text-color\" style=\"color:#008768\"><strong>\u00c9ducation<\/strong><\/h3>\n\n\n\n<p>Coll\u00e8ge militaire royal du Canada, baccalaur\u00e9at en g\u00e9nie chimique et en mat\u00e9riaux\u00a0<\/p>\n\n\n\n<h3 class=\"wp-block-heading has-text-color\" style=\"color:#008768\"><\/h3>\n<\/div>\n<\/div>\n\n\n\n<p><\/p>\n","protected":false},"excerpt":{"rendered":"<p>Jonathon Preston&nbsp; Vice-pr\u00e9sident, services gouvernementaux f\u00e9d\u00e9raux, Canada\u00a0 \u00c0 ce poste, M.\u202fPreston assume la direction des comptes, des programmes et des projets du compte du gouvernement f\u00e9d\u00e9ral canadien chez AECOM. Il coordonne la prestation des services g\u00e9n\u00e9raux d\u2019AECOM aupr\u00e8s des march\u00e9s industriels, f\u00e9d\u00e9raux et d\u2019autres gouvernements canadiens.&nbsp; M.\u202fPreston s\u2019est joint \u00e0 AECOM en\u202f2024 \u00e0 titre de&#8230;<\/p>\n","protected":false},"author":701,"featured_media":8296,"parent":908,"menu_order":0,"comment_status":"closed","ping_status":"closed","template":"","meta":{"_acf_changed":false,"footnotes":""},"yst_prominent_words":[],"class_list":["post-8294","page","type-page","status-publish","has-post-thumbnail","hentry"],"acf":[],"_links":{"self":[{"href":"https:\/\/aecom.com\/fr-ca\/wp-json\/wp\/v2\/pages\/8294","targetHints":{"allow":["GET"]}}],"collection":[{"href":"https:\/\/aecom.com\/fr-ca\/wp-json\/wp\/v2\/pages"}],"about":[{"href":"https:\/\/aecom.com\/fr-ca\/wp-json\/wp\/v2\/types\/page"}],"author":[{"embeddable":true,"href":"https:\/\/aecom.com\/fr-ca\/wp-json\/wp\/v2\/users\/701"}],"replies":[{"embeddable":true,"href":"https:\/\/aecom.com\/fr-ca\/wp-json\/wp\/v2\/comments?post=8294"}],"version-history":[{"count":4,"href":"https:\/\/aecom.com\/fr-ca\/wp-json\/wp\/v2\/pages\/8294\/revisions"}],"predecessor-version":[{"id":8307,"href":"https:\/\/aecom.com\/fr-ca\/wp-json\/wp\/v2\/pages\/8294\/revisions\/8307"}],"up":[{"embeddable":true,"href":"https:\/\/aecom.com\/fr-ca\/wp-json\/wp\/v2\/pages\/908"}],"wp:featuredmedia":[{"embeddable":true,"href":"https:\/\/aecom.com\/fr-ca\/wp-json\/wp\/v2\/media\/8296"}],"wp:attachment":[{"href":"https:\/\/aecom.com\/fr-ca\/wp-json\/wp\/v2\/media?parent=8294"}],"wp:term":[{"taxonomy":"yst_prominent_words","embeddable":true,"href":"https:\/\/aecom.com\/fr-ca\/wp-json\/wp\/v2\/yst_prominent_words?post=8294"}],"curies":[{"name":"wp","href":"https:\/\/api.w.org\/{rel}","templated":true}]}}