{"id":8301,"date":"2026-01-13T20:58:59","date_gmt":"2026-01-13T20:58:59","guid":{"rendered":"https:\/\/aecom.com\/fr-ca\/nikos-chalaris-2\/"},"modified":"2026-01-13T21:02:41","modified_gmt":"2026-01-13T21:02:41","slug":"nikos-chalaris","status":"publish","type":"page","link":"https:\/\/aecom.com\/fr-ca\/about-us\/our-leadership\/nikos-chalaris\/","title":{"rendered":"Nikos\u00a0Chalaris\u00a0"},"content":{"rendered":"\n<div class=\"wp-block-columns is-layout-flex wp-container-core-columns-is-layout-9d6595d7 wp-block-columns-is-layout-flex\">\n<div class=\"wp-block-column is-layout-flow wp-block-column-is-layout-flow\" style=\"flex-basis:66.66%\">\n<div class=\"wp-block-columns is-layout-flex wp-container-core-columns-is-layout-9d6595d7 wp-block-columns-is-layout-flex\">\n<div class=\"wp-block-column is-layout-flow wp-block-column-is-layout-flow\" style=\"flex-basis:33%\">\n<figure class=\"wp-block-image size-full\"><img decoding=\"async\" src=\"https:\/\/aecom.com\/content\/wp-content\/uploads\/2026\/01\/nikos-chalaris-web.jpg\" alt=\"\" class=\"wp-image-188124\"\/><\/figure>\n<\/div>\n\n\n\n<div class=\"wp-block-column is-layout-flow wp-block-column-is-layout-flow\">\n<h3 class=\"wp-block-heading\">Nikos&nbsp;Chalaris&nbsp;<\/h3>\n\n\n\n<p>Vice-pr\u00e9sident principal, responsable r\u00e9gional du secteur d\u2019affaires gestion de programmes, Canada\u00a0<\/p>\n<\/div>\n<\/div>\n\n\n\n<div class=\"aecom-custom-block block-intro-text\" style=\"margin-top: 0px; margin-bottom: 40px\">\n    <p class=\"editor-emphasized\">\n        Nikos\u202fChalaris est vice-pr\u00e9sident principal et responsable r\u00e9gional du secteur d\u2019affaires gestion de programmes au Canada chez AECOM, la soci\u00e9t\u00e9 de services-conseils en infrastructures de renomm\u00e9e mondiale qui fournit des services professionnels tout au long du cycle de vie des projets, de la consultation \u00e0 la planification, en passant par la conception, l\u2019ing\u00e9nierie et la gestion des programmes et de la construction.     <\/p>\n<\/div>\n\n\n<p>\u00c0 ce poste,&nbsp;M.\u202fChalaris&nbsp;fait progresser l\u2019expertise en gestion de programmes d\u2019AECOM \u00e0 l\u2019\u00e9chelle du Canada en supervisant les programmes d\u2019envergure et les occasions d\u2019affaires strat\u00e9giques qui s\u2019\u00e9tendent \u00e0 plusieurs secteurs d\u2019affaires. Il stimule l\u2019excellence op\u00e9rationnelle, encourage de solides relations avec les clients et fait la promotion de strat\u00e9gies d\u2019ex\u00e9cution novatrices qui permettent la mise en \u0153uvre de solutions d\u2019infrastructures transformatrices pour les collectivit\u00e9s partout dans le monde.&nbsp;<\/p>\n\n\n\n<p>Poss\u00e9dant plus de 27\u202fans d\u2019exp\u00e9rience dans le secteur des infrastructures, M.\u202fChalaris&nbsp;m\u00e8ne une carri\u00e8re remarquable en g\u00e9rant des programmes d\u2019importance complexes dans les secteurs transport et g\u00e9nie civil. Il travaillait auparavant comme responsable du secteur d\u2019affaires m\u00e9thodes diversifi\u00e9es pour le centre et l\u2019est du Canada chez AECOM, o\u00f9 il a dirig\u00e9 plusieurs projets de conception-construction et de partenariats publics-priv\u00e9s (P3), d\u00e9montrant un ferme engagement \u00e0 d\u00e9velopper des mod\u00e8les de prestation de services diversifi\u00e9s qui am\u00e9liorent l\u2019efficacit\u00e9 et la valeur.&nbsp;<\/p>\n\n\n\n<p>M.\u202fChalaris&nbsp;est reconnu pour ses comp\u00e9tences de gestion de programmes de grande envergure et parvient \u00e0 obtenir des r\u00e9sultats qui tiennent compte des objectifs des clients et des besoins des collectivit\u00e9s. Son approche fond\u00e9e sur le leadership repose sur la collaboration, l\u2019innovation et la r\u00e9silience \u2013 des valeurs qui continuent de fa\u00e7onner le paysage infrastructurel du Canada.&nbsp;<\/p>\n\n\n\n    <div class=\"aecom-custom-block block-cta-button\" style=\"margin-top: 40px;\">\n        <a href=\"https:\/\/aecom.com\/fr-ca\/about-us\/our-leadership\/\" class=\"aecom-default-cta aecom-global-cta-e-green-transparent aecom-global-cta-sml aecom-global-cta-bold aecom-global-cta aecom-global-cta-bold\"  >Retour \u00e0 la direction d\u2019AECOM  <svg data-name=\"Layer 1\" xmlns=\"http:\/\/www.w3.org\/2000\/svg\" viewBox=\"0 0 31.4 29.8\"><g data-name=\"Group 31\"><g data-name=\"Group 30\"><g data-name=\"Group 29\"><path data-name=\"Path 49\" d=\"M31.4 14.1h-3.1a12.6 12.6 0 0 1-25.2 0H0a15.7 15.7 0 1 0 31.4 0m-15.7 7 7.4-7.4-2.2-2.2-3.6 3.6V0h-3.1v15l-3.6-3.6-2.2 2.2 7.4 7.4Z\" fill=\"currentColor\"\/><\/g><\/g><\/g><\/svg><\/a>\n    <\/div>\n<\/div>\n\n\n\n<div class=\"wp-block-column is-layout-flow wp-block-column-is-layout-flow\" style=\"flex-basis:33.33%\">\n<h3 class=\"wp-block-heading has-text-color\" style=\"color:#008768\"><strong>\u00c9ducation<\/strong><\/h3>\n\n\n\n<p>Universit\u00e9 de Toronto, baccalaur\u00e9at en sciences appliqu\u00e9es, g\u00e9nie civil\u00a0<\/p>\n\n\n\n<h3 class=\"wp-block-heading has-text-color\" style=\"color:#008768\"><strong>Affiliations<\/strong><\/h3>\n\n\n\n<p>Conseil d\u2019administration de l\u2019Association des firmes d\u2019ing\u00e9nieurs-conseils, Ontario (ACEC-Ontario)&nbsp;<\/p>\n\n\n\n<p>Professionnel du d\u00e9veloppement durable&nbsp;Envision&nbsp;<\/p>\n\n\n\n<p>Professionnel en gestion de projet, Project Management Institute&nbsp;&nbsp;<\/p>\n\n\n\n<p>Ordre des ing\u00e9nieurs de l\u2019Ontario&nbsp;<\/p>\n<\/div>\n<\/div>\n\n\n\n<p><\/p>\n","protected":false},"excerpt":{"rendered":"<p>Nikos&nbsp;Chalaris&nbsp; Vice-pr\u00e9sident principal, responsable r\u00e9gional du secteur d\u2019affaires gestion de programmes, Canada\u00a0 \u00c0 ce poste,&nbsp;M.\u202fChalaris&nbsp;fait progresser l\u2019expertise en gestion de programmes d\u2019AECOM \u00e0 l\u2019\u00e9chelle du Canada en supervisant les programmes d\u2019envergure et les occasions d\u2019affaires strat\u00e9giques qui s\u2019\u00e9tendent \u00e0 plusieurs secteurs d\u2019affaires. Il stimule l\u2019excellence op\u00e9rationnelle, encourage de solides relations avec les clients et fait&#8230;<\/p>\n","protected":false},"author":701,"featured_media":0,"parent":908,"menu_order":0,"comment_status":"closed","ping_status":"closed","template":"","meta":{"_acf_changed":false,"footnotes":""},"yst_prominent_words":[],"class_list":["post-8301","page","type-page","status-publish","hentry"],"acf":[],"_links":{"self":[{"href":"https:\/\/aecom.com\/fr-ca\/wp-json\/wp\/v2\/pages\/8301","targetHints":{"allow":["GET"]}}],"collection":[{"href":"https:\/\/aecom.com\/fr-ca\/wp-json\/wp\/v2\/pages"}],"about":[{"href":"https:\/\/aecom.com\/fr-ca\/wp-json\/wp\/v2\/types\/page"}],"author":[{"embeddable":true,"href":"https:\/\/aecom.com\/fr-ca\/wp-json\/wp\/v2\/users\/701"}],"replies":[{"embeddable":true,"href":"https:\/\/aecom.com\/fr-ca\/wp-json\/wp\/v2\/comments?post=8301"}],"version-history":[{"count":3,"href":"https:\/\/aecom.com\/fr-ca\/wp-json\/wp\/v2\/pages\/8301\/revisions"}],"predecessor-version":[{"id":8306,"href":"https:\/\/aecom.com\/fr-ca\/wp-json\/wp\/v2\/pages\/8301\/revisions\/8306"}],"up":[{"embeddable":true,"href":"https:\/\/aecom.com\/fr-ca\/wp-json\/wp\/v2\/pages\/908"}],"wp:attachment":[{"href":"https:\/\/aecom.com\/fr-ca\/wp-json\/wp\/v2\/media?parent=8301"}],"wp:term":[{"taxonomy":"yst_prominent_words","embeddable":true,"href":"https:\/\/aecom.com\/fr-ca\/wp-json\/wp\/v2\/yst_prominent_words?post=8301"}],"curies":[{"name":"wp","href":"https:\/\/api.w.org\/{rel}","templated":true}]}}